{"id":22596,"date":"2025-06-11T22:39:16","date_gmt":"2025-06-11T22:39:16","guid":{"rendered":"https:\/\/vitablanca.ma\/product\/vichy-normaderm-serum-anti-imperfections-probio-bha-30ml\/"},"modified":"2026-01-31T15:58:31","modified_gmt":"2026-01-31T15:58:31","slug":"vichy-normaderm-serum-anti-imperfections-probio-bha-30ml","status":"publish","type":"product","link":"https:\/\/vitablanca.ma\/ar\/product-2\/vichy-normaderm-serum-anti-imperfections-probio-bha-30ml\/","title":{"rendered":"\u0633\u064a\u0631\u0648\u0645 \u0641\u064a\u0634\u064a \u0646\u0648\u0631\u0645\u0627\u062f\u064a\u0631\u0645 \u0628\u0631\u0648\u0628\u064a\u0648-\u0628\u0647\u0627 \u0627\u0644\u0645\u0636\u0627\u062f \u0644\u0644\u0639\u064a\u0648\u0628 30 \u0645\u0644"},"content":{"rendered":"<h2>\u0645\u0635\u0644 \u0641\u064a\u0634\u064a \u0646\u0648\u0631\u0645\u0627\u062f\u064a\u0631\u0645 \u0628\u0631\u0648\u0628\u064a\u0648-\u0628\u0627 \u0627\u0644\u0645\u0636\u0627\u062f \u0644\u0644\u0639\u064a\u0648\u0628\u00a0<span data-mce-fragment=\"1\">\u064a\u0646\u0642\u064a \u0648\u064a\u0635\u062d\u062d \u0645\u0648\u0636\u0639\u064a\u064b\u0627 \u0648\u064a\u0631\u0637\u0628 \u0648\u064a\u062c\u062f\u062f \u0627\u0644\u0628\u0634\u0631\u0629<\/span><\/h2>\n<ul>\n<li>\u0645\u0646 \u0627\u0644\u0645\u0631\u0627\u0647\u0642\u0629 \u0625\u0644\u0649 \u0627\u0644\u0628\u0644\u0648\u063a\u060c \u064a\u064f\u0641\u0627\u0642\u0645 \u0627\u0644\u062a\u0648\u062a\u0631 \u0648\u0627\u0644\u062a\u0642\u0644\u0628\u0627\u062a \u0627\u0644\u0647\u0631\u0645\u0648\u0646\u064a\u0629 \u0639\u064a\u0648\u0628 \u0627\u0644\u0628\u0634\u0631\u0629 \u0648\u064a\u064f\u063a\u064a\u0631\u0627\u0646 \u0645\u0646 \u062c\u0648\u062f\u062a\u0647\u0627. \u064a\u0635\u0628\u062d \u0645\u0644\u0645\u0633 \u0627\u0644\u0628\u0634\u0631\u0629 \u063a\u064a\u0631 \u0645\u062a\u062c\u0627\u0646\u0633\u060c \u0648\u062a\u0632\u062f\u0627\u062f \u0627\u0644\u0631\u0624\u0648\u0633 \u0627\u0644\u0633\u0648\u062f\u0627\u0621 \u0648\u0627\u0644\u0628\u0642\u0639 \u0627\u0644\u062d\u0645\u0631\u0627\u0621 \u0648\u0636\u0648\u062d\u064b\u0627.<\/li>\n<li>\u0644\u0645\u0643\u0627\u0641\u062d\u0629 \u0639\u064a\u0648\u0628 \u0627\u0644\u0628\u0634\u0631\u0629 \u0648\u062a\u062d\u0633\u064a\u0646 \u062d\u0627\u0644\u062a\u0647\u0627\u060c \u0637\u0648\u0631\u062a \u0645\u062e\u062a\u0628\u0631\u0627\u062a \u0641\u064a\u0634\u064a \u0633\u064a\u0631\u0648\u0645 NORMADERM Probio-BHA. \u0628\u0627\u0644\u0627\u0639\u062a\u0645\u0627\u062f \u0639\u0644\u0649 \u062e\u0628\u0631\u0629 Exposome \u0627\u0644\u0639\u0644\u0645\u064a\u0629\u060c \u064a\u062a\u0645\u064a\u0632 \u0647\u0630\u0627 \u0627\u0644\u0633\u064a\u0631\u0648\u0645 \u0627\u0644\u0645\u0636\u0627\u062f \u0644\u0644\u0634\u0648\u0627\u0626\u0628 \u0628\u062a\u0631\u0643\u064a\u0632 \u0639\u0627\u0644\u064d \u0645\u0646 \u0627\u0644\u0645\u0643\u0648\u0646\u0627\u062a \u0627\u0644\u0646\u0634\u0637\u0629 \u0627\u0644\u062c\u0644\u062f\u064a\u0629 \u0644\u062a\u0635\u062d\u064a\u062d \u0627\u0644\u0628\u0642\u0639 \u0627\u0644\u062d\u0645\u0631\u0627\u0621 \u0648\u0627\u0644\u0631\u0624\u0648\u0633 \u0627\u0644\u0633\u0648\u062f\u0627\u0621 \u0627\u0644\u0646\u0627\u062a\u062c\u0629 \u0639\u0646 \u062d\u0628 \u0627\u0644\u0634\u0628\u0627\u0628 \u0627\u0644\u0647\u0631\u0645\u0648\u0646\u064a. \u064a\u062d\u062a\u0648\u064a \u0639\u0644\u0649 \u062d\u0645\u0636 \u0627\u0644\u0633\u0627\u0644\u064a\u0633\u064a\u0644\u064a\u0643 \u0648\u062d\u0645\u0636 \u0627\u0644\u062c\u0644\u064a\u0643\u0648\u0644\u064a\u0643\u060c \u0648\u0647\u0645\u0627 \u0645\u0643\u0648\u0646\u0627\u0646 \u0645\u0642\u0634\u0631\u0627\u0646 \u0644\u0637\u064a\u0641\u0627\u0646 \u0639\u0644\u0649 \u0627\u0644\u0628\u0634\u0631\u0629\u060c \u0628\u0627\u0644\u0625\u0636\u0627\u0641\u0629 \u0625\u0644\u0649 \u0645\u0643\u0648\u0646\u0627\u062a \u0628\u0631\u0648\u0628\u064a\u0648\u062a\u064a\u0643 \u0645\u0632\u0631\u0648\u0639\u0629 \u0641\u064a \u0645\u064a\u0627\u0647 \u0641\u064a\u0634\u064a \u0627\u0644\u0628\u0631\u0643\u0627\u0646\u064a\u0629 \u0644\u062a\u0639\u0632\u064a\u0632 \u062a\u062c\u062f\u064a\u062f \u0627\u0644\u062e\u0644\u0627\u064a\u0627 \u0648\u062a\u0642\u0648\u064a\u0629 \u062d\u0627\u062c\u0632 \u0627\u0644\u0628\u0634\u0631\u0629.<\/li>\n<li>Au fur et \u00e0 mesure des applications, l\u2019exc\u00e8s de s\u00e9bum est mieux r\u00e9gul\u00e9, la peau devient plus lisse, le grain de peau plus r\u00e9gulier et les marques rouges et les imperfections s\u2019att\u00e9nuent. Son action anti-r\u00e9cidive cliniquement prouv\u00e9e permet de garder une peau saine et nette pendant deux semaines apr\u00e8s l\u2019arr\u00eat du s\u00e9rum. La formule de ce\u00a0soin anti-imperfections\u00a0convient parfaitement aux peaux sensibles \u00e0 tendance acn\u00e9ique.<\/li>\n<\/ul>\n<div class=\"tick-list\">\n<div class=\"ctn_top-accordion\">\n<div class=\"accordion-item itemForm no-overflow\">\n<h3 class=\"accordion-item-title\">\u0637\u0644\u0628<\/h3>\n<div class=\"accordion-content\">\n<ul>\n<li>Appliquez le s\u00e9rum anti-imperfections NORMADERM matin ou soir sur peau parfaitement nettoy\u00e9e et s\u00e8che. Pour bien prot\u00e9ger votre peau durant la journ\u00e9e, finissez votre routine beaut\u00e9 anti-imperfections par une\u00a0protection solaire visage\u00a0SPF 20 minimum, \u00e0 appliquer chaque matin.<\/li>\n<li>\u062a\u062c\u0646\u0628\u064a \u0645\u0646\u0637\u0642\u0629 \u0627\u0644\u0639\u064a\u0646\u064a\u0646 \u0648\u0627\u0644\u062a\u0639\u0631\u0636 \u0644\u0623\u0634\u0639\u0629 \u0627\u0644\u0634\u0645\u0633. \u0641\u064a \u062d\u0627\u0644 \u062d\u062f\u0648\u062b \u062a\u0647\u064a\u062c\u060c \u0628\u0627\u0639\u062f\u064a \u0628\u064a\u0646 \u0645\u0631\u0627\u062a \u0627\u0644\u0627\u0633\u062a\u062e\u062f\u0627\u0645.<\/li>\n<li>Compl\u00e9tez votre routine de soins anti-imperfections avec notre gel nettoyant purifiant visage Phytosolution NORMADERM.<\/li>\n<li>\u064a\u0645\u0643\u0646\u0643 \u0623\u064a\u0636\u064b\u0627 \u0627\u0633\u062a\u062e\u062f\u0627\u0645 \u0645\u0635\u0644 NORMADERM Probio-BHA \u0627\u0644\u0645\u0636\u0627\u062f \u0644\u0644\u0628\u0642\u0639 \u0642\u0628\u0644 \u0643\u0631\u064a\u0645 \u0627\u0644\u0646\u0647\u0627\u0631 \u0648\/\u0623\u0648 \u0643\u0631\u064a\u0645 \u0627\u0644\u0644\u064a\u0644 \u0627\u0644\u0645\u0639\u062a\u0627\u062f \u0644\u062f\u064a\u0643.<\/li>\n<\/ul>\n<p><span style=\"font-size: 1.4em;\">\u062d\u0645\u0627\u064a\u0629<\/span><\/p>\n<\/div>\n<\/div>\n<div class=\"accordion-item itemForm no-overflow\">\n<div class=\"accordion-content\">\n<p>\u0645\u0636\u0627\u062f \u0644\u0644\u062d\u0633\u0627\u0633\u064a\u0629<br \/>\n\u063a\u064a\u0631 \u0643\u0648\u0645\u064a\u062f\u0648\u063a\u064a\u0646\u064a\u0643<br \/>\n\u0645\u0646\u0627\u0633\u0628 \u0644\u0644\u0628\u0634\u0631\u0629 \u0627\u0644\u062d\u0633\u0627\u0633\u0629<br \/>\n\u062a\u0645 \u0627\u062e\u062a\u0628\u0627\u0631\u0647 \u0645\u0646 \u0642\u0628\u0644 \u0623\u0637\u0628\u0627\u0621 \u0627\u0644\u062c\u0644\u062f\u064a\u0629<\/p>\n<\/div>\n<\/div>\n<\/div>\n<div class=\"ctn_bottom-accordion\">\n<div class=\"accordion-item composition\">\n<h3 class=\"accordion-item-title\">\u062a\u0639\u0628\u064a\u0631<\/h3>\n<div id=\"listIngredient_41050\" class=\"accordion-content obj_ingredients\">\n<div id=\"ingredients-list\">\n<p><em>\u0645\u0627\u0621 - \u062c\u0644\u0633\u0631\u064a\u0646 - \u062d\u0645\u0636 \u0627\u0644\u0633\u0627\u0644\u064a\u0633\u064a\u0644\u064a\u0643 - \u0625\u064a\u0632\u0648\u0646\u0648\u0646\u064a\u0644 \u0625\u064a\u0632\u0648\u0646\u0648\u0646\u0627\u0646\u0648\u0627\u062a - \u0628\u0648\u062a\u064a\u0644\u064a\u0646 \u062c\u0644\u064a\u0643\u0648\u0644 - \u0643\u0627\u0648\u0644\u064a\u0646 - \u0643\u0628\u0631\u064a\u062a\u0627\u062a \u0627\u0644\u0632\u0646\u0643 - \u0645\u062d\u0644\u0644 \u062a\u062e\u0645\u064a\u0631 \u0627\u0644\u0628\u064a\u0641\u064a\u062f\u0627 - \u0647\u064a\u062f\u0631\u0648\u0643\u0633\u064a\u062f \u0627\u0644\u0635\u0648\u062f\u064a\u0648\u0645 - \u0628\u0648\u0644\u064a \u0623\u0643\u0631\u064a\u0644\u0627\u062a \u0627\u0644\u0635\u0648\u062f\u064a\u0648\u0645 - \u0647\u064a\u0627\u0644\u0648\u0631\u0648\u0646\u0627\u062a \u0627\u0644\u0635\u0648\u062f\u064a\u0648\u0645 - \u0628\u0646\u0632\u0648\u0627\u062a \u0627\u0644\u0635\u0648\u062f\u064a\u0648\u0645 - \u0641\u064a\u0646\u0648\u0643\u0633\u064a \u0625\u064a\u062b\u0627\u0646\u0648\u0644 - \u0623\u0633\u0643\u0648\u0631\u0628\u064a\u0644 \u062c\u0644\u0648\u0643\u0648\u0633\u064a\u062f - \u0643\u0627\u0628\u0631\u064a\u0644\u064a\u0644 \u062c\u0644\u064a\u0643\u0648\u0644 - \u0623\u0644\u062c\u064a\u0646 \u0645\u064f\u062d\u0644\u0644 - \u062b\u0646\u0627\u0626\u064a \u0633\u0643\u0633\u064a\u0646\u0627\u062a \u0625\u064a\u062b\u064a\u0644\u064a\u0646 \u062f\u064a\u0627\u0645\u064a\u0646 \u062b\u0644\u0627\u062b\u064a \u0627\u0644\u0635\u0648\u062f\u064a\u0648\u0645 - \u0635\u0645\u063a \u0627\u0644\u0633\u0643\u0627\u0631\u064a\u062f \u0627\u0644\u062d\u064a\u0648\u064a - \u0623\u0643\u0631\u064a\u0644\u0627\u062a\/C10-30 \u0623\u0644\u0643\u064a\u0644 \u0623\u0643\u0631\u064a\u0644\u0627\u062a \u0643\u0631\u0648\u0633\u0628\u0648\u0644\u064a\u0645\u0631 - \u0639\u0637\u0631<\/em><\/p>\n<\/div>\n<\/div>\n<\/div>\n<\/div>\n<\/div>","protected":false},"excerpt":{"rendered":"<p>Vichy Normaderm S\u00e9rum Anti-imperfections Probio-bha\u00a0Purifie et corrige localement Hydrate et r\u00e9g\u00e9n\u00e8re la peau De l&rsquo;adolescence \u00e0 l&rsquo;\u00e2ge adulte, le stress et les variations hormonales intensifient les imperfections et alt\u00e8rent la qualit\u00e9 de la peau. Le grain de peau est irr\u00e9gulier, les points noirs et les boutons rouges sont plus fr\u00e9quents et plus visibles. Pour lutter [&hellip;]<\/p>\n","protected":false},"featured_media":22595,"template":"","meta":{"om_disable_all_campaigns":false},"product_brand":[3358],"product_cat":[18],"product_tag":[3359,3360,3361],"class_list":{"0":"post-22596","1":"product","2":"type-product","3":"status-publish","4":"has-post-thumbnail","6":"product_brand-vichy-maroc-prix-vitablanca","7":"product_cat-beaute-sante","8":"product_tag-vichy","9":"product_tag-vichy-maroc","10":"product_tag-vichy-morocco","12":"first","13":"instock","14":"sale","15":"taxable","16":"shipping-taxable","17":"purchasable","18":"product-type-simple"},"yoast_head":"<!-- This site is optimized with the Yoast SEO plugin v27.3 - https:\/\/yoast.com\/product\/yoast-seo-wordpress\/ -->\n<title>Vichy Normaderm S\u00e9rum Anti-imperfections Probio-bha 30ml - Maroc Prix<\/title>\n<meta name=\"description\" content=\"Vichy Normaderm S\u00e9rum Anti-imperfections Probio-bha 30ml\" \/>\n<meta name=\"robots\" content=\"index, follow, max-snippet:-1, max-image-preview:large, max-video-preview:-1\" \/>\n<link rel=\"canonical\" href=\"https:\/\/vitablanca.ma\/ar\/product-2\/vichy-normaderm-serum-anti-imperfections-probio-bha-30ml\/\" \/>\n<meta property=\"og:locale\" content=\"ar_AR\" \/>\n<meta property=\"og:type\" content=\"article\" \/>\n<meta property=\"og:title\" content=\"Vichy Normaderm S\u00e9rum Anti-imperfections Probio-bha 30ml - Maroc Prix\" \/>\n<meta property=\"og:description\" content=\"Vichy Normaderm S\u00e9rum Anti-imperfections Probio-bha 30ml\" \/>\n<meta property=\"og:url\" content=\"https:\/\/vitablanca.ma\/ar\/product-2\/vichy-normaderm-serum-anti-imperfections-probio-bha-30ml\/\" \/>\n<meta property=\"og:site_name\" content=\"Vitablanca.ma &ndash; Sant&eacute;, vitalit&eacute; et bien-&ecirc;tre pour tous les Marocains\" \/>\n<meta property=\"article:publisher\" content=\"https:\/\/www.facebook.com\/profile.php?id=61576678196717\" \/>\n<meta property=\"article:modified_time\" content=\"2026-01-31T15:58:31+00:00\" \/>\n<meta property=\"og:image\" content=\"https:\/\/vitablanca.ma\/wp-content\/uploads\/2025\/06\/Vichy-Normaderm-Serum-Anti-imperfections-Probio-bha-50ml-Nova-parapharmacie-maroc.jpg\" \/>\n\t<meta property=\"og:image:width\" content=\"1000\" \/>\n\t<meta property=\"og:image:height\" content=\"1000\" \/>\n\t<meta property=\"og:image:type\" content=\"image\/jpeg\" \/>\n<meta name=\"twitter:card\" content=\"summary_large_image\" \/>\n<meta name=\"twitter:label1\" content=\"\u0648\u0642\u062a \u0627\u0644\u0642\u0631\u0627\u0621\u0629 \u0627\u0644\u0645\u064f\u0642\u062f\u0651\u0631\" \/>\n\t<meta name=\"twitter:data1\" content=\"\u062f\u0642\u064a\u0642\u062a\u0627\u0646\" \/>\n<script type=\"application\/ld+json\" class=\"yoast-schema-graph\">{\"@context\":\"https:\\\/\\\/schema.org\",\"@graph\":[{\"@type\":[\"WebPage\",\"ItemPage\"],\"@id\":\"https:\\\/\\\/vitablanca.ma\\\/produit\\\/vichy-normaderm-serum-anti-imperfections-probio-bha-30ml\\\/\",\"url\":\"https:\\\/\\\/vitablanca.ma\\\/produit\\\/vichy-normaderm-serum-anti-imperfections-probio-bha-30ml\\\/\",\"name\":\"Vichy Normaderm S\u00e9rum Anti-imperfections Probio-bha 30ml - Maroc Prix\",\"isPartOf\":{\"@id\":\"https:\\\/\\\/vitablanca.ma\\\/#website\"},\"primaryImageOfPage\":{\"@id\":\"https:\\\/\\\/vitablanca.ma\\\/produit\\\/vichy-normaderm-serum-anti-imperfections-probio-bha-30ml\\\/#primaryimage\"},\"image\":{\"@id\":\"https:\\\/\\\/vitablanca.ma\\\/produit\\\/vichy-normaderm-serum-anti-imperfections-probio-bha-30ml\\\/#primaryimage\"},\"thumbnailUrl\":\"https:\\\/\\\/vitablanca.ma\\\/wp-content\\\/uploads\\\/2025\\\/06\\\/Vichy-Normaderm-Serum-Anti-imperfections-Probio-bha-50ml-Nova-parapharmacie-maroc.jpg\",\"datePublished\":\"2025-06-11T22:39:16+00:00\",\"dateModified\":\"2026-01-31T15:58:31+00:00\",\"description\":\"Vichy Normaderm S\u00e9rum Anti-imperfections Probio-bha 30ml\",\"breadcrumb\":{\"@id\":\"https:\\\/\\\/vitablanca.ma\\\/produit\\\/vichy-normaderm-serum-anti-imperfections-probio-bha-30ml\\\/#breadcrumb\"},\"inLanguage\":\"ar\",\"potentialAction\":[{\"@type\":\"ReadAction\",\"target\":[\"https:\\\/\\\/vitablanca.ma\\\/produit\\\/vichy-normaderm-serum-anti-imperfections-probio-bha-30ml\\\/\"]}]},{\"@type\":\"ImageObject\",\"inLanguage\":\"ar\",\"@id\":\"https:\\\/\\\/vitablanca.ma\\\/produit\\\/vichy-normaderm-serum-anti-imperfections-probio-bha-30ml\\\/#primaryimage\",\"url\":\"https:\\\/\\\/vitablanca.ma\\\/wp-content\\\/uploads\\\/2025\\\/06\\\/Vichy-Normaderm-Serum-Anti-imperfections-Probio-bha-50ml-Nova-parapharmacie-maroc.jpg\",\"contentUrl\":\"https:\\\/\\\/vitablanca.ma\\\/wp-content\\\/uploads\\\/2025\\\/06\\\/Vichy-Normaderm-Serum-Anti-imperfections-Probio-bha-50ml-Nova-parapharmacie-maroc.jpg\",\"width\":1000,\"height\":1000},{\"@type\":\"BreadcrumbList\",\"@id\":\"https:\\\/\\\/vitablanca.ma\\\/produit\\\/vichy-normaderm-serum-anti-imperfections-probio-bha-30ml\\\/#breadcrumb\",\"itemListElement\":[{\"@type\":\"ListItem\",\"position\":1,\"name\":\"Home\",\"item\":\"https:\\\/\\\/vitablanca.ma\\\/\"},{\"@type\":\"ListItem\",\"position\":2,\"name\":\"Tous Les Produits\",\"item\":\"https:\\\/\\\/vitablanca.ma\\\/tous-les-produits\\\/\"},{\"@type\":\"ListItem\",\"position\":3,\"name\":\"Vichy Normaderm S\u00e9rum Anti-imperfections Probio-bha 30ml\"}]},{\"@type\":\"WebSite\",\"@id\":\"https:\\\/\\\/vitablanca.ma\\\/#website\",\"url\":\"https:\\\/\\\/vitablanca.ma\\\/\",\"name\":\"VitaBlanca.ma | Compl\u00e9ments alimentaires, sant\u00e9 & beaut\u00e9 au Maroc\",\"description\":\"vendre vitamines et compl\u00e9ments premium des USA &amp; Canada, Nouvelle Z\u00e9lande,Maroc (NOW Foods, Solgar, Manuka). Livraison rapide partout au Maroc.\",\"publisher\":{\"@id\":\"https:\\\/\\\/vitablanca.ma\\\/#organization\"},\"alternateName\":\"VitaBlanca.ma\",\"potentialAction\":[{\"@type\":\"SearchAction\",\"target\":{\"@type\":\"EntryPoint\",\"urlTemplate\":\"https:\\\/\\\/vitablanca.ma\\\/?s={search_term_string}\"},\"query-input\":{\"@type\":\"PropertyValueSpecification\",\"valueRequired\":true,\"valueName\":\"search_term_string\"}}],\"inLanguage\":\"ar\"},{\"@type\":\"Organization\",\"@id\":\"https:\\\/\\\/vitablanca.ma\\\/#organization\",\"name\":\"VitaBlanca\",\"url\":\"https:\\\/\\\/vitablanca.ma\\\/\",\"logo\":{\"@type\":\"ImageObject\",\"inLanguage\":\"ar\",\"@id\":\"https:\\\/\\\/vitablanca.ma\\\/#\\\/schema\\\/logo\\\/image\\\/\",\"url\":\"https:\\\/\\\/vitablanca.ma\\\/wp-content\\\/uploads\\\/2025\\\/05\\\/cropped-vitablanca.png\",\"contentUrl\":\"https:\\\/\\\/vitablanca.ma\\\/wp-content\\\/uploads\\\/2025\\\/05\\\/cropped-vitablanca.png\",\"width\":360,\"height\":67,\"caption\":\"VitaBlanca\"},\"image\":{\"@id\":\"https:\\\/\\\/vitablanca.ma\\\/#\\\/schema\\\/logo\\\/image\\\/\"},\"sameAs\":[\"https:\\\/\\\/www.facebook.com\\\/profile.php?id=61576678196717\",\"https:\\\/\\\/www.tiktok.com\\\/@vitablanca.ma\",\"https:\\\/\\\/www.instagram.com\\\/vitablanca.ma\\\/\"]}]}<\/script>\n<!-- \/ Yoast SEO plugin. -->","yoast_head_json":{"title":"\u0633\u064a\u0631\u0648\u0645 \u0641\u064a\u0634\u064a \u0646\u0648\u0631\u0645\u0627\u062f\u064a\u0631\u0645 \u0628\u0631\u0648\u0628\u064a\u0648-\u0628\u0647\u0627 \u0627\u0644\u0645\u0636\u0627\u062f \u0644\u0644\u0639\u064a\u0648\u0628 30 \u0645\u0644 - \u0633\u0639\u0631 \u0627\u0644\u0645\u063a\u0631\u0628","description":"\u0633\u064a\u0631\u0648\u0645 \u0641\u064a\u0634\u064a \u0646\u0648\u0631\u0645\u0627\u062f\u064a\u0631\u0645 \u0628\u0631\u0648\u0628\u064a\u0648-\u0628\u0647\u0627 \u0627\u0644\u0645\u0636\u0627\u062f \u0644\u0644\u0639\u064a\u0648\u0628 30 \u0645\u0644","robots":{"index":"index","follow":"follow","max-snippet":"max-snippet:-1","max-image-preview":"max-image-preview:large","max-video-preview":"max-video-preview:-1"},"canonical":"https:\/\/vitablanca.ma\/ar\/product-2\/vichy-normaderm-serum-anti-imperfections-probio-bha-30ml\/","og_locale":"ar_AR","og_type":"article","og_title":"Vichy Normaderm S\u00e9rum Anti-imperfections Probio-bha 30ml - Maroc Prix","og_description":"Vichy Normaderm S\u00e9rum Anti-imperfections Probio-bha 30ml","og_url":"https:\/\/vitablanca.ma\/ar\/product-2\/vichy-normaderm-serum-anti-imperfections-probio-bha-30ml\/","og_site_name":"Vitablanca.ma &ndash; Sant&eacute;, vitalit&eacute; et bien-&ecirc;tre pour tous les Marocains","article_publisher":"https:\/\/www.facebook.com\/profile.php?id=61576678196717","article_modified_time":"2026-01-31T15:58:31+00:00","og_image":[{"width":1000,"height":1000,"url":"https:\/\/vitablanca.ma\/wp-content\/uploads\/2025\/06\/Vichy-Normaderm-Serum-Anti-imperfections-Probio-bha-50ml-Nova-parapharmacie-maroc.jpg","type":"image\/jpeg"}],"twitter_card":"summary_large_image","twitter_misc":{"\u0648\u0642\u062a \u0627\u0644\u0642\u0631\u0627\u0621\u0629 \u0627\u0644\u0645\u064f\u0642\u062f\u0651\u0631":"\u062f\u0642\u064a\u0642\u062a\u0627\u0646"},"schema":{"@context":"https:\/\/schema.org","@graph":[{"@type":["WebPage","ItemPage"],"@id":"https:\/\/vitablanca.ma\/produit\/vichy-normaderm-serum-anti-imperfections-probio-bha-30ml\/","url":"https:\/\/vitablanca.ma\/produit\/vichy-normaderm-serum-anti-imperfections-probio-bha-30ml\/","name":"\u0633\u064a\u0631\u0648\u0645 \u0641\u064a\u0634\u064a \u0646\u0648\u0631\u0645\u0627\u062f\u064a\u0631\u0645 \u0628\u0631\u0648\u0628\u064a\u0648-\u0628\u0647\u0627 \u0627\u0644\u0645\u0636\u0627\u062f \u0644\u0644\u0639\u064a\u0648\u0628 30 \u0645\u0644 - \u0633\u0639\u0631 \u0627\u0644\u0645\u063a\u0631\u0628","isPartOf":{"@id":"https:\/\/vitablanca.ma\/#website"},"primaryImageOfPage":{"@id":"https:\/\/vitablanca.ma\/produit\/vichy-normaderm-serum-anti-imperfections-probio-bha-30ml\/#primaryimage"},"image":{"@id":"https:\/\/vitablanca.ma\/produit\/vichy-normaderm-serum-anti-imperfections-probio-bha-30ml\/#primaryimage"},"thumbnailUrl":"https:\/\/vitablanca.ma\/wp-content\/uploads\/2025\/06\/Vichy-Normaderm-Serum-Anti-imperfections-Probio-bha-50ml-Nova-parapharmacie-maroc.jpg","datePublished":"2025-06-11T22:39:16+00:00","dateModified":"2026-01-31T15:58:31+00:00","description":"\u0633\u064a\u0631\u0648\u0645 \u0641\u064a\u0634\u064a \u0646\u0648\u0631\u0645\u0627\u062f\u064a\u0631\u0645 \u0628\u0631\u0648\u0628\u064a\u0648-\u0628\u0647\u0627 \u0627\u0644\u0645\u0636\u0627\u062f \u0644\u0644\u0639\u064a\u0648\u0628 30 \u0645\u0644","breadcrumb":{"@id":"https:\/\/vitablanca.ma\/produit\/vichy-normaderm-serum-anti-imperfections-probio-bha-30ml\/#breadcrumb"},"inLanguage":"ar","potentialAction":[{"@type":"ReadAction","target":["https:\/\/vitablanca.ma\/produit\/vichy-normaderm-serum-anti-imperfections-probio-bha-30ml\/"]}]},{"@type":"ImageObject","inLanguage":"ar","@id":"https:\/\/vitablanca.ma\/produit\/vichy-normaderm-serum-anti-imperfections-probio-bha-30ml\/#primaryimage","url":"https:\/\/vitablanca.ma\/wp-content\/uploads\/2025\/06\/Vichy-Normaderm-Serum-Anti-imperfections-Probio-bha-50ml-Nova-parapharmacie-maroc.jpg","contentUrl":"https:\/\/vitablanca.ma\/wp-content\/uploads\/2025\/06\/Vichy-Normaderm-Serum-Anti-imperfections-Probio-bha-50ml-Nova-parapharmacie-maroc.jpg","width":1000,"height":1000},{"@type":"BreadcrumbList","@id":"https:\/\/vitablanca.ma\/produit\/vichy-normaderm-serum-anti-imperfections-probio-bha-30ml\/#breadcrumb","itemListElement":[{"@type":"ListItem","position":1,"name":"Home","item":"https:\/\/vitablanca.ma\/"},{"@type":"ListItem","position":2,"name":"Tous Les Produits","item":"https:\/\/vitablanca.ma\/tous-les-produits\/"},{"@type":"ListItem","position":3,"name":"Vichy Normaderm S\u00e9rum Anti-imperfections Probio-bha 30ml"}]},{"@type":"WebSite","@id":"https:\/\/vitablanca.ma\/#website","url":"https:\/\/vitablanca.ma\/","name":"VitaBlanca.ma | \u0627\u0644\u0645\u0643\u0645\u0644\u0627\u062a \u0627\u0644\u063a\u0630\u0627\u0626\u064a\u0629\u060c \u0627\u0644\u0635\u062d\u0629 \u0648\u0627\u0644\u062c\u0645\u0627\u0644 \u0641\u064a \u0627\u0644\u0645\u063a\u0631\u0628","description":"\u0646\u0628\u064a\u0639 \u0641\u064a\u062a\u0627\u0645\u064a\u0646\u0627\u062a \u0648\u0645\u0643\u0645\u0644\u0627\u062a \u063a\u0630\u0627\u0626\u064a\u0629 \u0641\u0627\u062e\u0631\u0629 \u0645\u0646 \u0627\u0644\u0648\u0644\u0627\u064a\u0627\u062a \u0627\u0644\u0645\u062a\u062d\u062f\u0629 \u0627\u0644\u0623\u0645\u0631\u064a\u0643\u064a\u0629 \u0648\u0643\u0646\u062f\u0627 \u0648\u0646\u064a\u0648\u0632\u064a\u0644\u0646\u062f\u0627 \u0648\u0627\u0644\u0645\u063a\u0631\u0628 (\u0646\u0627\u0648 \u0641\u0648\u062f\u0632\u060c \u0633\u0648\u0644\u062c\u0627\u0631\u060c \u0645\u0627\u0646\u0648\u0643\u0627). \u062a\u0648\u0635\u064a\u0644 \u0633\u0631\u064a\u0639 \u0625\u0644\u0649 \u062c\u0645\u064a\u0639 \u0623\u0646\u062d\u0627\u0621 \u0627\u0644\u0645\u063a\u0631\u0628.","publisher":{"@id":"https:\/\/vitablanca.ma\/#organization"},"alternateName":"VitaBlanca.ma","potentialAction":[{"@type":"SearchAction","target":{"@type":"EntryPoint","urlTemplate":"https:\/\/vitablanca.ma\/?s={search_term_string}"},"query-input":{"@type":"PropertyValueSpecification","valueRequired":true,"valueName":"search_term_string"}}],"inLanguage":"ar"},{"@type":"Organization","@id":"https:\/\/vitablanca.ma\/#organization","name":"\u0641\u064a\u062a\u0627\u0628\u0644\u0627\u0646\u0643\u0627","url":"https:\/\/vitablanca.ma\/","logo":{"@type":"ImageObject","inLanguage":"ar","@id":"https:\/\/vitablanca.ma\/#\/schema\/logo\/image\/","url":"https:\/\/vitablanca.ma\/wp-content\/uploads\/2025\/05\/cropped-vitablanca.png","contentUrl":"https:\/\/vitablanca.ma\/wp-content\/uploads\/2025\/05\/cropped-vitablanca.png","width":360,"height":67,"caption":"VitaBlanca"},"image":{"@id":"https:\/\/vitablanca.ma\/#\/schema\/logo\/image\/"},"sameAs":["https:\/\/www.facebook.com\/profile.php?id=61576678196717","https:\/\/www.tiktok.com\/@vitablanca.ma","https:\/\/www.instagram.com\/vitablanca.ma\/"]}]}},"jetpack_sharing_enabled":true,"_links":{"self":[{"href":"https:\/\/vitablanca.ma\/ar\/wp-json\/wp\/v2\/product\/22596","targetHints":{"allow":["GET"]}}],"collection":[{"href":"https:\/\/vitablanca.ma\/ar\/wp-json\/wp\/v2\/product"}],"about":[{"href":"https:\/\/vitablanca.ma\/ar\/wp-json\/wp\/v2\/types\/product"}],"wp:featuredmedia":[{"embeddable":true,"href":"https:\/\/vitablanca.ma\/ar\/wp-json\/wp\/v2\/media\/22595"}],"wp:attachment":[{"href":"https:\/\/vitablanca.ma\/ar\/wp-json\/wp\/v2\/media?parent=22596"}],"wp:term":[{"taxonomy":"product_brand","embeddable":true,"href":"https:\/\/vitablanca.ma\/ar\/wp-json\/wp\/v2\/product_brand?post=22596"},{"taxonomy":"product_cat","embeddable":true,"href":"https:\/\/vitablanca.ma\/ar\/wp-json\/wp\/v2\/product_cat?post=22596"},{"taxonomy":"product_tag","embeddable":true,"href":"https:\/\/vitablanca.ma\/ar\/wp-json\/wp\/v2\/product_tag?post=22596"}],"curies":[{"name":"wp","href":"https:\/\/api.w.org\/{rel}","templated":true}]}}