{"id":22557,"date":"2025-06-11T22:37:19","date_gmt":"2025-06-11T22:37:19","guid":{"rendered":"https:\/\/vitablanca.ma\/product\/vichy-homme-deodorant-bille-anti-transpirant-72h-50ml\/"},"modified":"2026-02-03T15:05:33","modified_gmt":"2026-02-03T15:05:33","slug":"vichy-homme-deodorant-bille-anti-transpirant-72h-50ml","status":"publish","type":"product","link":"https:\/\/vitablanca.ma\/ar\/product-2\/vichy-homme-deodorant-bille-anti-transpirant-72h-50ml\/","title":{"rendered":"\u0645\u0632\u064a\u0644 \u0627\u0644\u0639\u0631\u0642 \u0627\u0644\u062f\u0648\u0627\u0631 \u0627\u0644\u0645\u0636\u0627\u062f \u0644\u0644\u062a\u0639\u0631\u0642 \u0644\u0645\u062f\u0629 72 \u0633\u0627\u0639\u0629 \u0645\u0646 \u0641\u064a\u0634\u064a \u0623\u0648\u0645\u060c 50 \u0645\u0644"},"content":{"rendered":"<h2 data-mce-fragment=\"1\">\u0645\u0632\u064a\u0644 \u0627\u0644\u0639\u0631\u0642 \u0627\u0644\u062f\u0648\u0627\u0631 \u0627\u0644\u0645\u0636\u0627\u062f \u0644\u0644\u062a\u0639\u0631\u0642 \u0644\u0645\u062f\u0629 72 \u0633\u0627\u0639\u0629 \u0645\u0646 \u0641\u064a\u0634\u064a \u0623\u0648\u0645\u00a0<strong data-mce-fragment=\"1\">\u0645\u0632\u064a\u0644 \u0639\u0631\u0642 \u0631\u0648\u0644 \u0637\u0648\u064a\u0644 \u0627\u0644\u0623\u0645\u062f \u0644\u0644\u0631\u062c\u0627\u0644 \u064a\u0646\u0638\u0645 \u0627\u0644\u062a\u0639\u0631\u0642.<\/strong><\/h2>\n<p data-mce-fragment=\"1\">\u0647\u0630\u0627 \u0645\u0632\u064a\u0644 \u0627\u0644\u0639\u0631\u0642 \u063a\u0646\u064a \u0628\u0640<span data-mce-fragment=\"1\">\u00a0<\/span><strong data-mce-fragment=\"1\">\u0627\u0644\u0645\u0643\u0648\u0646\u0627\u062a \u0627\u0644\u0646\u0634\u0637\u0629 \u0627\u0644\u0645\u0636\u0627\u062f\u0629 \u0644\u0644\u062a\u0639\u0631\u0642<span data-mce-fragment=\"1\">\u00a0<\/span><\/strong>\u0648\u0641\u064a<span data-mce-fragment=\"1\">\u00a0<\/span><strong data-mce-fragment=\"1\">\u0645\u0639\u0627\u062f\u0646 \u0641\u0627\u0626\u0642\u0629 \u0627\u0644\u0627\u0645\u062a\u0635\u0627\u0635<\/strong><span data-mce-fragment=\"1\">\u00a0<\/span>\u0644\u062a\u0646\u0638\u064a\u0645<span data-mce-fragment=\"1\">\u00a0<\/span><strong data-mce-fragment=\"1\">\u0627\u0644\u062a\u0639\u0631\u0642<span data-mce-fragment=\"1\">\u00a0<\/span><\/strong>\u0648 \u0627\u0644<strong data-mce-fragment=\"1\">\u0631\u0637\u0648\u0628\u0629 \u062a\u062d\u062a \u0627\u0644\u0625\u0628\u0637<\/strong><span data-mce-fragment=\"1\">\u00a0<\/span>\u0644\u0645\u062f\u0629 72 \u0633\u0627\u0639\u0629.<\/p>\n<p data-mce-fragment=\"1\">\u0646\u0633\u064a\u062c\u0647\u0627 \u0641\u064a<span data-mce-fragment=\"1\">\u00a0<\/span><strong data-mce-fragment=\"1\">\u0633\u0631\u064a\u0639 \u0627\u0644\u062c\u0641\u0627\u0641<\/strong><span data-mce-fragment=\"1\">\u00a0<\/span>\u0648\u064f\u0644\u0650\u062f\u0651<span data-mce-fragment=\"1\">\u00a0<\/span><strong data-mce-fragment=\"1\">\u0644\u0627 \u064a\u0644\u062a\u0635\u0642<\/strong><span data-mce-fragment=\"1\">\u00a0<\/span>\u0648\u064a\u062a\u0631\u0643 \u0634\u0639\u0648\u0631\u0627<span data-mce-fragment=\"1\">\u00a0<\/span><strong data-mce-fragment=\"1\">\u0646\u0636\u0627\u0631\u0629<span data-mce-fragment=\"1\">\u00a0<\/span><\/strong>\u0637\u0648\u0627\u0644 \u0627\u0644\u064a\u0648\u0645.<\/p>\n<p data-mce-fragment=\"1\"><strong data-mce-fragment=\"1\">\u062e\u0627\u0644\u064a \u0645\u0646 \u0627\u0644\u0643\u062d\u0648\u0644<span data-mce-fragment=\"1\">\u00a0<\/span><\/strong>\u0648<span data-mce-fragment=\"1\">\u00a0<\/span><strong data-mce-fragment=\"1\">\u062e\u0627\u0644\u064a \u0645\u0646 \u0627\u0644\u0628\u0627\u0631\u0627\u0628\u064a\u0646<\/strong><span data-mce-fragment=\"1\">\u00a0<\/span>\u0644\u062a\u062d\u0642\u064a\u0642 \u0627\u0644\u062a\u0633\u0627\u0645\u062d \u0627\u0644\u0623\u0645\u062b\u0644.<\/p>\n<p data-mce-fragment=\"1\">\u0631\u0648\u0644 \u0623\u0648\u0646 50 \u0645\u0644<\/p>\n<h3 data-mce-fragment=\"1\">\u0637\u0631\u064a\u0642\u0629 \u0627\u0644\u0627\u0633\u062a\u062e\u062f\u0627\u0645<\/h3>\n<p data-mce-fragment=\"1\">\u064a\u062a\u0645 \u062a\u0637\u0628\u064a\u0642\u0647 \u0635\u0628\u0627\u062d\u064b\u0627 \u0648\/\u0623\u0648 \u0645\u0633\u0627\u0621\u064b \u062a\u062d\u062a \u0627\u0644\u0625\u0628\u0637\u064a\u0646 \u0627\u0644\u0646\u0638\u064a\u0641\u064a\u0646 \u0648\u0627\u0644\u062c\u0627\u0641\u064a\u0646.<\/p>\n<p data-mce-fragment=\"1\">\u0627\u0644\u0639\u0631\u0648\u0636 \u0627\u0644\u0645\u0642\u062f\u0645\u0629 \u0645\u0646 \u0635\u064a\u062f\u0644\u064a\u062a\u0643 \u0639\u0644\u0649 \u0627\u0644\u0625\u0646\u062a\u0631\u0646\u062a: \u0645\u0632\u064a\u0644 \u0627\u0644\u0639\u0631\u0642 Vichy Homme Anti-Perspirant Deodorant 72H 50ml<\/p>\n<h3 data-mce-fragment=\"1\"><strong data-mce-fragment=\"1\">\u062a\u0639\u0628\u064a\u0631<\/strong><\/h3>\n<p data-mce-fragment=\"1\">\u0645\u0627\u0621\u060c \u0633\u064a\u0633\u0643\u0648\u064a\u0643\u0644\u0648\u0631\u0648\u0647\u064a\u062f\u0631\u0627\u062a \u0627\u0644\u0623\u0644\u0648\u0645\u0646\u064a\u0648\u0645\u060c \u0625\u064a\u062b\u0631 \u0633\u062a\u064a\u0627\u0631\u064a\u0644\u064a PPG-15\u060c \u0643\u062d\u0648\u0644 \u0633\u064a\u062a\u064a\u0631\u064a\u0644\u060c \u0633\u064a\u062a\u0631\u064a\u062b-33\u060c \u0639\u0637\u0631\u060c \u0644\u0627\u0643\u062a\u0627\u062a \u0623\u0644\u0643\u064a\u0644 C12-13\u060c \u062f\u0627\u064a\u0645\u064a\u062b\u064a\u0643\u0648\u0646\u060c \u0623\u064a\u0648\u062f\u0648\u0628\u0631\u0648\u0628\u064a\u0646\u064a\u0644 \u0628\u0648\u062a\u064a\u0644 \u0643\u0627\u0631\u0628\u0627\u0645\u0627\u062a.<\/p>","protected":false},"excerpt":{"rendered":"<p>Vichy Homme D\u00e9odorant Bille Anti-Transpirant 72H\u00a0en bille longue dur\u00e9e pour homme qui r\u00e9gule la transpiration. Ce d\u00e9odorant est riche en\u00a0actifs anti-transpirants\u00a0et en\u00a0min\u00e9raux ultra-absorbants\u00a0pour r\u00e9guler la\u00a0transpiration\u00a0et l&rsquo;humidit\u00e9 des aisselles\u00a0pendant 72 heures. Sa texture \u00e0\u00a0s\u00e9chage rapide\u00a0ne\u00a0colle pas\u00a0et laisse une sensation de\u00a0fra\u00eecheur\u00a0toute la journ\u00e9e. Sans alcool\u00a0et\u00a0sans paraben\u00a0pour une to\u00e9rance optimale. Roll-on 50ml Conseil d&rsquo;utilisation Appliquez matin et\/ou soir [&hellip;]<\/p>\n","protected":false},"featured_media":22556,"template":"","meta":{"om_disable_all_campaigns":false},"product_brand":[3358],"product_cat":[18],"product_tag":[7252,7239,7254,6399,7253,3359,7221,7251,3360,3361],"class_list":{"0":"post-22557","1":"product","2":"type-product","3":"status-publish","4":"has-post-thumbnail","6":"product_brand-vichy-maroc-prix-vitablanca","7":"product_cat-beaute-sante","8":"product_tag-deodorant-anti-transpirant-72h","9":"product_tag-deodorant-homme-vichy","10":"product_tag-deodorant-peaux-sensibles-homme","11":"product_tag-protection-longue-duree","12":"product_tag-roll-on-homme-vichy","13":"product_tag-vichy","14":"product_tag-vichy-deodorant-maroc","15":"product_tag-vichy-homme-deodorant-bille-72h","16":"product_tag-vichy-maroc","17":"product_tag-vichy-morocco","19":"first","20":"instock","21":"sale","22":"taxable","23":"shipping-taxable","24":"purchasable","25":"product-type-simple"},"yoast_head":"<!-- This site is optimized with the Yoast SEO plugin v27.3 - https:\/\/yoast.com\/product\/yoast-seo-wordpress\/ -->\n<title>Vichy Homme D\u00e9odorant Bille Anti- 50 ml - Maroc Prix<\/title>\n<meta name=\"description\" content=\"Vichy Homme D\u00e9odorant Bille Anti-Transpirant 72H 50 ml offre une protection efficace contre la transpiration et les odeurs pendant 72 heures.\" \/>\n<meta name=\"robots\" content=\"index, follow, max-snippet:-1, max-image-preview:large, max-video-preview:-1\" \/>\n<link rel=\"canonical\" href=\"https:\/\/vitablanca.ma\/ar\/product-2\/vichy-homme-deodorant-bille-anti-transpirant-72h-50ml\/\" \/>\n<meta property=\"og:locale\" content=\"ar_AR\" \/>\n<meta property=\"og:type\" content=\"article\" \/>\n<meta property=\"og:title\" content=\"Vichy Homme D\u00e9odorant Bille Anti- 50 ml - Maroc Prix\" \/>\n<meta property=\"og:description\" content=\"Vichy Homme D\u00e9odorant Bille Anti-Transpirant 72H 50 ml offre une protection efficace contre la transpiration et les odeurs pendant 72 heures.\" \/>\n<meta property=\"og:url\" content=\"https:\/\/vitablanca.ma\/ar\/product-2\/vichy-homme-deodorant-bille-anti-transpirant-72h-50ml\/\" \/>\n<meta property=\"og:site_name\" content=\"Vitablanca.ma &ndash; Sant&eacute;, vitalit&eacute; et bien-&ecirc;tre pour tous les Marocains\" \/>\n<meta property=\"article:publisher\" content=\"https:\/\/www.facebook.com\/profile.php?id=61576678196717\" \/>\n<meta property=\"article:modified_time\" content=\"2026-02-03T15:05:33+00:00\" \/>\n<meta property=\"og:image\" content=\"https:\/\/vitablanca.ma\/wp-content\/uploads\/2025\/06\/Vichy-Homme-Deodorant-Bille-Anti-Transpirant-72H-nova-paraphamacie-maroc.png\" \/>\n\t<meta property=\"og:image:width\" content=\"1000\" \/>\n\t<meta property=\"og:image:height\" content=\"1000\" \/>\n\t<meta property=\"og:image:type\" content=\"image\/png\" \/>\n<meta name=\"twitter:card\" content=\"summary_large_image\" \/>\n<meta name=\"twitter:label1\" content=\"\u0648\u0642\u062a \u0627\u0644\u0642\u0631\u0627\u0621\u0629 \u0627\u0644\u0645\u064f\u0642\u062f\u0651\u0631\" \/>\n\t<meta name=\"twitter:data1\" content=\"\u062f\u0642\u064a\u0642\u0629 \u0648\u0627\u062d\u062f\u0629\" \/>\n<script type=\"application\/ld+json\" class=\"yoast-schema-graph\">{\"@context\":\"https:\\\/\\\/schema.org\",\"@graph\":[{\"@type\":[\"WebPage\",\"ItemPage\"],\"@id\":\"https:\\\/\\\/vitablanca.ma\\\/produit\\\/vichy-homme-deodorant-bille-anti-transpirant-72h-50ml\\\/\",\"url\":\"https:\\\/\\\/vitablanca.ma\\\/produit\\\/vichy-homme-deodorant-bille-anti-transpirant-72h-50ml\\\/\",\"name\":\"Vichy Homme D\u00e9odorant Bille Anti- 50 ml - Maroc Prix\",\"isPartOf\":{\"@id\":\"https:\\\/\\\/vitablanca.ma\\\/#website\"},\"primaryImageOfPage\":{\"@id\":\"https:\\\/\\\/vitablanca.ma\\\/produit\\\/vichy-homme-deodorant-bille-anti-transpirant-72h-50ml\\\/#primaryimage\"},\"image\":{\"@id\":\"https:\\\/\\\/vitablanca.ma\\\/produit\\\/vichy-homme-deodorant-bille-anti-transpirant-72h-50ml\\\/#primaryimage\"},\"thumbnailUrl\":\"https:\\\/\\\/vitablanca.ma\\\/wp-content\\\/uploads\\\/2025\\\/06\\\/Vichy-Homme-Deodorant-Bille-Anti-Transpirant-72H-nova-paraphamacie-maroc.png\",\"datePublished\":\"2025-06-11T22:37:19+00:00\",\"dateModified\":\"2026-02-03T15:05:33+00:00\",\"description\":\"Vichy Homme D\u00e9odorant Bille Anti-Transpirant 72H 50 ml offre une protection efficace contre la transpiration et les odeurs pendant 72 heures.\",\"breadcrumb\":{\"@id\":\"https:\\\/\\\/vitablanca.ma\\\/produit\\\/vichy-homme-deodorant-bille-anti-transpirant-72h-50ml\\\/#breadcrumb\"},\"inLanguage\":\"ar\",\"potentialAction\":[{\"@type\":\"ReadAction\",\"target\":[\"https:\\\/\\\/vitablanca.ma\\\/produit\\\/vichy-homme-deodorant-bille-anti-transpirant-72h-50ml\\\/\"]}]},{\"@type\":\"ImageObject\",\"inLanguage\":\"ar\",\"@id\":\"https:\\\/\\\/vitablanca.ma\\\/produit\\\/vichy-homme-deodorant-bille-anti-transpirant-72h-50ml\\\/#primaryimage\",\"url\":\"https:\\\/\\\/vitablanca.ma\\\/wp-content\\\/uploads\\\/2025\\\/06\\\/Vichy-Homme-Deodorant-Bille-Anti-Transpirant-72H-nova-paraphamacie-maroc.png\",\"contentUrl\":\"https:\\\/\\\/vitablanca.ma\\\/wp-content\\\/uploads\\\/2025\\\/06\\\/Vichy-Homme-Deodorant-Bille-Anti-Transpirant-72H-nova-paraphamacie-maroc.png\",\"width\":1000,\"height\":1000},{\"@type\":\"BreadcrumbList\",\"@id\":\"https:\\\/\\\/vitablanca.ma\\\/produit\\\/vichy-homme-deodorant-bille-anti-transpirant-72h-50ml\\\/#breadcrumb\",\"itemListElement\":[{\"@type\":\"ListItem\",\"position\":1,\"name\":\"Home\",\"item\":\"https:\\\/\\\/vitablanca.ma\\\/\"},{\"@type\":\"ListItem\",\"position\":2,\"name\":\"Tous Les Produits\",\"item\":\"https:\\\/\\\/vitablanca.ma\\\/tous-les-produits\\\/\"},{\"@type\":\"ListItem\",\"position\":3,\"name\":\"Vichy Homme D\u00e9odorant Bille Anti-Transpirant 72H 50ml\"}]},{\"@type\":\"WebSite\",\"@id\":\"https:\\\/\\\/vitablanca.ma\\\/#website\",\"url\":\"https:\\\/\\\/vitablanca.ma\\\/\",\"name\":\"VitaBlanca.ma | Compl\u00e9ments alimentaires, sant\u00e9 & beaut\u00e9 au Maroc\",\"description\":\"vendre vitamines et compl\u00e9ments premium des USA &amp; Canada, Nouvelle Z\u00e9lande,Maroc (NOW Foods, Solgar, Manuka). Livraison rapide partout au Maroc.\",\"publisher\":{\"@id\":\"https:\\\/\\\/vitablanca.ma\\\/#organization\"},\"alternateName\":\"VitaBlanca.ma\",\"potentialAction\":[{\"@type\":\"SearchAction\",\"target\":{\"@type\":\"EntryPoint\",\"urlTemplate\":\"https:\\\/\\\/vitablanca.ma\\\/?s={search_term_string}\"},\"query-input\":{\"@type\":\"PropertyValueSpecification\",\"valueRequired\":true,\"valueName\":\"search_term_string\"}}],\"inLanguage\":\"ar\"},{\"@type\":\"Organization\",\"@id\":\"https:\\\/\\\/vitablanca.ma\\\/#organization\",\"name\":\"VitaBlanca\",\"url\":\"https:\\\/\\\/vitablanca.ma\\\/\",\"logo\":{\"@type\":\"ImageObject\",\"inLanguage\":\"ar\",\"@id\":\"https:\\\/\\\/vitablanca.ma\\\/#\\\/schema\\\/logo\\\/image\\\/\",\"url\":\"https:\\\/\\\/vitablanca.ma\\\/wp-content\\\/uploads\\\/2025\\\/05\\\/cropped-vitablanca.png\",\"contentUrl\":\"https:\\\/\\\/vitablanca.ma\\\/wp-content\\\/uploads\\\/2025\\\/05\\\/cropped-vitablanca.png\",\"width\":360,\"height\":67,\"caption\":\"VitaBlanca\"},\"image\":{\"@id\":\"https:\\\/\\\/vitablanca.ma\\\/#\\\/schema\\\/logo\\\/image\\\/\"},\"sameAs\":[\"https:\\\/\\\/www.facebook.com\\\/profile.php?id=61576678196717\",\"https:\\\/\\\/www.tiktok.com\\\/@vitablanca.ma\",\"https:\\\/\\\/www.instagram.com\\\/vitablanca.ma\\\/\"]}]}<\/script>\n<!-- \/ Yoast SEO plugin. -->","yoast_head_json":{"title":"Vichy Homme D\u00e9odorant Bille Anti- 50 ml - Maroc Prix","description":"Vichy Homme D\u00e9odorant Bille Anti-Transpirant 72H 50 ml offre une protection efficace contre la transpiration et les odeurs pendant 72 heures.","robots":{"index":"index","follow":"follow","max-snippet":"max-snippet:-1","max-image-preview":"max-image-preview:large","max-video-preview":"max-video-preview:-1"},"canonical":"https:\/\/vitablanca.ma\/ar\/product-2\/vichy-homme-deodorant-bille-anti-transpirant-72h-50ml\/","og_locale":"ar_AR","og_type":"article","og_title":"Vichy Homme D\u00e9odorant Bille Anti- 50 ml - Maroc Prix","og_description":"Vichy Homme D\u00e9odorant Bille Anti-Transpirant 72H 50 ml offre une protection efficace contre la transpiration et les odeurs pendant 72 heures.","og_url":"https:\/\/vitablanca.ma\/ar\/product-2\/vichy-homme-deodorant-bille-anti-transpirant-72h-50ml\/","og_site_name":"Vitablanca.ma &ndash; Sant&eacute;, vitalit&eacute; et bien-&ecirc;tre pour tous les Marocains","article_publisher":"https:\/\/www.facebook.com\/profile.php?id=61576678196717","article_modified_time":"2026-02-03T15:05:33+00:00","og_image":[{"width":1000,"height":1000,"url":"https:\/\/vitablanca.ma\/wp-content\/uploads\/2025\/06\/Vichy-Homme-Deodorant-Bille-Anti-Transpirant-72H-nova-paraphamacie-maroc.png","type":"image\/png"}],"twitter_card":"summary_large_image","twitter_misc":{"\u0648\u0642\u062a \u0627\u0644\u0642\u0631\u0627\u0621\u0629 \u0627\u0644\u0645\u064f\u0642\u062f\u0651\u0631":"\u062f\u0642\u064a\u0642\u0629 \u0648\u0627\u062d\u062f\u0629"},"schema":{"@context":"https:\/\/schema.org","@graph":[{"@type":["WebPage","ItemPage"],"@id":"https:\/\/vitablanca.ma\/produit\/vichy-homme-deodorant-bille-anti-transpirant-72h-50ml\/","url":"https:\/\/vitablanca.ma\/produit\/vichy-homme-deodorant-bille-anti-transpirant-72h-50ml\/","name":"Vichy Homme D\u00e9odorant Bille Anti- 50 ml - Maroc Prix","isPartOf":{"@id":"https:\/\/vitablanca.ma\/#website"},"primaryImageOfPage":{"@id":"https:\/\/vitablanca.ma\/produit\/vichy-homme-deodorant-bille-anti-transpirant-72h-50ml\/#primaryimage"},"image":{"@id":"https:\/\/vitablanca.ma\/produit\/vichy-homme-deodorant-bille-anti-transpirant-72h-50ml\/#primaryimage"},"thumbnailUrl":"https:\/\/vitablanca.ma\/wp-content\/uploads\/2025\/06\/Vichy-Homme-Deodorant-Bille-Anti-Transpirant-72H-nova-paraphamacie-maroc.png","datePublished":"2025-06-11T22:37:19+00:00","dateModified":"2026-02-03T15:05:33+00:00","description":"Vichy Homme D\u00e9odorant Bille Anti-Transpirant 72H 50 ml offre une protection efficace contre la transpiration et les odeurs pendant 72 heures.","breadcrumb":{"@id":"https:\/\/vitablanca.ma\/produit\/vichy-homme-deodorant-bille-anti-transpirant-72h-50ml\/#breadcrumb"},"inLanguage":"ar","potentialAction":[{"@type":"ReadAction","target":["https:\/\/vitablanca.ma\/produit\/vichy-homme-deodorant-bille-anti-transpirant-72h-50ml\/"]}]},{"@type":"ImageObject","inLanguage":"ar","@id":"https:\/\/vitablanca.ma\/produit\/vichy-homme-deodorant-bille-anti-transpirant-72h-50ml\/#primaryimage","url":"https:\/\/vitablanca.ma\/wp-content\/uploads\/2025\/06\/Vichy-Homme-Deodorant-Bille-Anti-Transpirant-72H-nova-paraphamacie-maroc.png","contentUrl":"https:\/\/vitablanca.ma\/wp-content\/uploads\/2025\/06\/Vichy-Homme-Deodorant-Bille-Anti-Transpirant-72H-nova-paraphamacie-maroc.png","width":1000,"height":1000},{"@type":"BreadcrumbList","@id":"https:\/\/vitablanca.ma\/produit\/vichy-homme-deodorant-bille-anti-transpirant-72h-50ml\/#breadcrumb","itemListElement":[{"@type":"ListItem","position":1,"name":"Home","item":"https:\/\/vitablanca.ma\/"},{"@type":"ListItem","position":2,"name":"Tous Les Produits","item":"https:\/\/vitablanca.ma\/tous-les-produits\/"},{"@type":"ListItem","position":3,"name":"Vichy Homme D\u00e9odorant Bille Anti-Transpirant 72H 50ml"}]},{"@type":"WebSite","@id":"https:\/\/vitablanca.ma\/#website","url":"https:\/\/vitablanca.ma\/","name":"VitaBlanca.ma | \u0627\u0644\u0645\u0643\u0645\u0644\u0627\u062a \u0627\u0644\u063a\u0630\u0627\u0626\u064a\u0629\u060c \u0627\u0644\u0635\u062d\u0629 \u0648\u0627\u0644\u062c\u0645\u0627\u0644 \u0641\u064a \u0627\u0644\u0645\u063a\u0631\u0628","description":"\u0646\u0628\u064a\u0639 \u0641\u064a\u062a\u0627\u0645\u064a\u0646\u0627\u062a \u0648\u0645\u0643\u0645\u0644\u0627\u062a \u063a\u0630\u0627\u0626\u064a\u0629 \u0641\u0627\u062e\u0631\u0629 \u0645\u0646 \u0627\u0644\u0648\u0644\u0627\u064a\u0627\u062a \u0627\u0644\u0645\u062a\u062d\u062f\u0629 \u0627\u0644\u0623\u0645\u0631\u064a\u0643\u064a\u0629 \u0648\u0643\u0646\u062f\u0627 \u0648\u0646\u064a\u0648\u0632\u064a\u0644\u0646\u062f\u0627 \u0648\u0627\u0644\u0645\u063a\u0631\u0628 (\u0646\u0627\u0648 \u0641\u0648\u062f\u0632\u060c \u0633\u0648\u0644\u062c\u0627\u0631\u060c \u0645\u0627\u0646\u0648\u0643\u0627). \u062a\u0648\u0635\u064a\u0644 \u0633\u0631\u064a\u0639 \u0625\u0644\u0649 \u062c\u0645\u064a\u0639 \u0623\u0646\u062d\u0627\u0621 \u0627\u0644\u0645\u063a\u0631\u0628.","publisher":{"@id":"https:\/\/vitablanca.ma\/#organization"},"alternateName":"VitaBlanca.ma","potentialAction":[{"@type":"SearchAction","target":{"@type":"EntryPoint","urlTemplate":"https:\/\/vitablanca.ma\/?s={search_term_string}"},"query-input":{"@type":"PropertyValueSpecification","valueRequired":true,"valueName":"search_term_string"}}],"inLanguage":"ar"},{"@type":"Organization","@id":"https:\/\/vitablanca.ma\/#organization","name":"\u0641\u064a\u062a\u0627\u0628\u0644\u0627\u0646\u0643\u0627","url":"https:\/\/vitablanca.ma\/","logo":{"@type":"ImageObject","inLanguage":"ar","@id":"https:\/\/vitablanca.ma\/#\/schema\/logo\/image\/","url":"https:\/\/vitablanca.ma\/wp-content\/uploads\/2025\/05\/cropped-vitablanca.png","contentUrl":"https:\/\/vitablanca.ma\/wp-content\/uploads\/2025\/05\/cropped-vitablanca.png","width":360,"height":67,"caption":"VitaBlanca"},"image":{"@id":"https:\/\/vitablanca.ma\/#\/schema\/logo\/image\/"},"sameAs":["https:\/\/www.facebook.com\/profile.php?id=61576678196717","https:\/\/www.tiktok.com\/@vitablanca.ma","https:\/\/www.instagram.com\/vitablanca.ma\/"]}]}},"jetpack_sharing_enabled":true,"_links":{"self":[{"href":"https:\/\/vitablanca.ma\/ar\/wp-json\/wp\/v2\/product\/22557","targetHints":{"allow":["GET"]}}],"collection":[{"href":"https:\/\/vitablanca.ma\/ar\/wp-json\/wp\/v2\/product"}],"about":[{"href":"https:\/\/vitablanca.ma\/ar\/wp-json\/wp\/v2\/types\/product"}],"wp:featuredmedia":[{"embeddable":true,"href":"https:\/\/vitablanca.ma\/ar\/wp-json\/wp\/v2\/media\/22556"}],"wp:attachment":[{"href":"https:\/\/vitablanca.ma\/ar\/wp-json\/wp\/v2\/media?parent=22557"}],"wp:term":[{"taxonomy":"product_brand","embeddable":true,"href":"https:\/\/vitablanca.ma\/ar\/wp-json\/wp\/v2\/product_brand?post=22557"},{"taxonomy":"product_cat","embeddable":true,"href":"https:\/\/vitablanca.ma\/ar\/wp-json\/wp\/v2\/product_cat?post=22557"},{"taxonomy":"product_tag","embeddable":true,"href":"https:\/\/vitablanca.ma\/ar\/wp-json\/wp\/v2\/product_tag?post=22557"}],"curies":[{"name":"wp","href":"https:\/\/api.w.org\/{rel}","templated":true}]}}