{"id":22555,"date":"2025-06-11T22:37:11","date_gmt":"2025-06-11T22:37:11","guid":{"rendered":"https:\/\/vitablanca.ma\/product\/vichy-homme-mousse-a-raser-anti-irritations-200ml\/"},"modified":"2026-02-03T15:08:23","modified_gmt":"2026-02-03T15:08:23","slug":"vichy-homme-mousse-a-raser-anti-irritations-200ml","status":"publish","type":"product","link":"https:\/\/vitablanca.ma\/ar\/product-2\/vichy-homme-mousse-a-raser-anti-irritations-200ml\/","title":{"rendered":"\u0631\u063a\u0648\u0629 \u062d\u0644\u0627\u0642\u0629 \u0641\u064a\u0634\u064a \u0647\u0648\u0645 \u0627\u0644\u0645\u0636\u0627\u062f\u0629 \u0644\u0644\u062a\u0647\u064a\u062c 200 \u0645\u0644"},"content":{"rendered":"<h2><span data-mce-fragment=\"1\">\u0631\u063a\u0648\u0629 \u0627\u0644\u062d\u0644\u0627\u0642\u0629 Vichy Homme \u0627\u0644\u0645\u0636\u0627\u062f\u0629 \u0644\u0644\u062a\u0647\u064a\u062c \u0644\u0644\u062d\u0644\u0627\u0642\u0629 \u0648\u0645\u0627 \u0628\u0639\u062f \u0627\u0644\u062d\u0644\u0627\u0642\u0629<\/span><\/h2>\n<p><span data-mce-fragment=\"1\">\u0631\u063a\u0648\u0629 \u0627\u0644\u062d\u0644\u0627\u0642\u0629 \u0627\u0644\u0645\u0636\u0627\u062f\u0629 \u0644\u0644\u062a\u0647\u064a\u062c.<\/span><br data-mce-fragment=\"1\" \/><span data-mce-fragment=\"1\">\u0644\u0644\u0631\u062c\u0627\u0644 \u0630\u0648\u064a \u0627\u0644\u0628\u0634\u0631\u0629 \u0627\u0644\u062d\u0633\u0627\u0633\u0629 \u0623\u0648 \u0627\u0644\u062a\u064a \u062a\u0639\u0627\u0646\u064a \u0645\u0646 \u0645\u0634\u0627\u0643\u0644 (\u0627\u0644\u0634\u0639\u0631 \u0627\u0644\u0646\u0627\u0634\u0626 \u062a\u062d\u062a \u0627\u0644\u062c\u0644\u062f\u060c \u0646\u062a\u0648\u0621\u0627\u062a \u0627\u0644\u062d\u0644\u0627\u0642\u0629\u060c \u0648\u0645\u0627 \u0625\u0644\u0649 \u0630\u0644\u0643)\u060c \u0623\u0648 \u0627\u0644\u0627\u062d\u0645\u0631\u0627\u0631 \u0623\u0648 \u0627\u0644\u062a\u0647\u064a\u062c \u0628\u0639\u062f \u0627\u0644\u062d\u0644\u0627\u0642\u0629.<\/span><\/p>\n<div class=\"ctn_top-accordion\">\n<div class=\"accordion-item itemForm\">\n<h3 class=\"accordion-item-title\">\u0643\u0641\u0627\u0621\u0629<\/h3>\n<div class=\"accordion-content\">\n<p>L\u2019association du Calcium, de la Vitamine C glucosyl\u00e9e et de l\u2019Acide salicylique pr\u00e9vient votre peau des \u00e9chauffements qui peuvent subvenir au cours du rasage. Elle pr\u00e9serve le film hydrolipidique cutan\u00e9 \u00e9vitant sensations de frottement et irritations. Votre peau est prot\u00e9g\u00e9e, hydrat\u00e9e en profondeur.<\/p>\n<p>\u064a\u062a\u0631\u0643 \u0627\u0644\u0628\u0634\u0631\u0629 \u0645\u0631\u062a\u0627\u062d\u0629: 87%*.<br \/>\n\u064a\u0645\u0646\u0639 \u0627\u0644\u0627\u062d\u062a\u0643\u0627\u0643: 73%* \u0648\u064a\u062d\u0645\u064a \u0645\u0646 \u0627\u0644\u0627\u062d\u062a\u0643\u0627\u0643: 80%*.<br \/>\n\u0628\u0634\u0631\u0629 \u0631\u0637\u0628\u0629: 73%*<br \/>\n\u0648\u0645\u0639\u0642\u0645\u0629: 80%*.<br \/>\n*\u0627\u0644\u062a\u0642\u064a\u064a\u0645 \u0627\u0644\u0630\u0627\u062a\u064a \u0639\u0644\u0649 15 \u0631\u062c\u0644\u0627\u064b.<\/p>\n<\/div>\n<\/div>\n<div class=\"accordion-item itemForm no-overflow\">\n<h3 class=\"accordion-item-title\">\u0637\u0644\u0628<\/h3>\n<div class=\"accordion-content\">\n<p>\u064a\u062a\u0645 \u062a\u0637\u0628\u064a\u0642\u0647 \u0639\u0644\u0649 \u0627\u0644\u0648\u062c\u0647 \u0627\u0644\u0631\u0637\u0628 \u0648\u0627\u0644\u0645\u0646\u0638\u0641.<\/p>\n<\/div>\n<\/div>\n<div class=\"accordion-item itemForm no-overflow\">\n<h3 class=\"accordion-item-title\">\u0627\u062d\u062a\u064a\u0627\u0637\u0627\u062a \u0627\u0644\u0627\u0633\u062a\u062e\u062f\u0627\u0645<\/h3>\n<div class=\"accordion-content\">\n<p>\u062a\u0631\u0643\u064a\u0628\u0629 \u063a\u064a\u0631 \u0645\u062c\u0641\u0641\u0629 \u062a\u062d\u0645\u064a \u0648\u062a\u0646\u0638\u0641 \u0628\u0634\u0631\u062a\u0643.<\/p>\n<\/div>\n<\/div>\n<\/div>\n<div class=\"ctn_bottom-accordion\">\n<div class=\"accordion-item composition\">\n<h3 class=\"accordion-item-title\">\u062a\u0639\u0628\u064a\u0631<\/h3>\n<p>\u062d\u0645\u0636 \u0627\u0644\u0628\u0627\u0644\u0645\u062a\u064a\u0643 \u0627\u0644\u0645\u0627\u0626\u064a\u060c \u062b\u0644\u0627\u062b\u064a \u0625\u064a\u062b\u0627\u0646\u0648\u0644 \u0623\u0645\u064a\u0646\u060c \u0625\u064a\u0632\u0648\u0628\u0646\u062a\u0627\u0646\u060c \u0643\u0648\u0643\u0627\u0645\u064a\u062f \u0625\u0645 \u0625\u064a \u0625\u064a\u0647\u060c \u062c\u0644\u0633\u0631\u064a\u0646\u060c \u062d\u0645\u0636 \u0627\u0644\u0633\u062a\u064a\u0627\u0631\u064a\u0643\u060c \u062b\u0646\u0627\u0626\u064a \u0628\u0631\u0648\u0628\u064a\u0644\u064a\u0646 \u062c\u0644\u064a\u0643\u0648\u0644\u060c \u0625\u064a\u0632\u0648\u0628\u064a\u0648\u062a\u0627\u0646\u060c \u0633\u062a\u064a\u0631\u064a\u0644 \u0647\u064a\u0628\u062a\u0627\u0646\u0648\u0627\u062a\u060c \u0633\u062a\u0627\u064a\u0631\u064a\u0646\/\u0623\u0643\u0631\u064a\u0644\u0627\u062a\u060c \u0643\u0648\u0628\u0648\u0644\u064a\u0645\u0631\u060c \u0633\u062a\u064a\u0631\u064a\u0644 \u0643\u0627\u0628\u0631\u064a\u0644\u0627\u062a\u060c \u0647\u064a\u062f\u0631\u0648\u0643\u0633\u064a \u0625\u064a\u062b\u064a\u0644 \u0633\u0644\u064a\u0644\u0648\u0632\u060c CI 77891\u060c \u062d\u0645\u0636 \u0627\u0644\u0633\u0627\u0644\u064a\u0633\u064a\u0644\u064a\u0643\u060c \u0628\u064a \u0625\u062a\u0634 \u062a\u064a\u060c \u0647\u064a\u062f\u0631\u0648\u0643\u0633\u064a \u0628\u0631\u0648\u0628\u064a\u0644 \u0633\u0644\u064a\u0644\u0648\u0632\u060c \u0628\u064a \u0625\u064a \u062c\u064a-90 \u0625\u0645\u060c \u0639\u0637\u0631 \u0623\u0633\u0643\u0648\u0631\u0628\u064a\u0644 \u062c\u0644\u0648\u0643\u0648\u0632\u064a\u062f<\/p>\n<\/div>\n<\/div>","protected":false},"excerpt":{"rendered":"<p>Vichy Homme Mousse \u00c0 Raser Anti-Irritations\u00a0pour rasage et apr\u00e8s rasage La Mousse \u00e0 raser anti-irritations.Pour les hommes, \u00e0 la peau sensible ou \u00e0 probl\u00e8mes (poils incarn\u00e9s, boutons li\u00e9s au rasage\u2026), pr\u00e9sentant rougeurs ou irritations post-rasage. Efficacit\u00e9 L\u2019association du Calcium, de la Vitamine C glucosyl\u00e9e et de l\u2019Acide salicylique pr\u00e9vient votre peau des \u00e9chauffements qui peuvent [&hellip;]<\/p>\n","protected":false},"featured_media":22554,"template":"","meta":{"om_disable_all_campaigns":false},"product_brand":[3358],"product_cat":[18],"product_tag":[7261,7256,7258,7259,7257,7262,3359,7255,7260,3360,3361],"class_list":{"0":"post-22555","1":"product","2":"type-product","3":"status-publish","4":"has-post-thumbnail","6":"product_brand-vichy-maroc-prix-vitablanca","7":"product_cat-beaute-sante","8":"product_tag-mousse-a-raser-200-ml","9":"product_tag-mousse-a-raser-homme-vichy","10":"product_tag-mousse-rasage-hydratante","11":"product_tag-rasage-confortable-homme","12":"product_tag-rasage-peau-sensible","13":"product_tag-soin-anti-irritations","14":"product_tag-vichy","15":"product_tag-vichy-homme-mousse-a-raser-anti-irritations","16":"product_tag-vichy-homme-rasage","17":"product_tag-vichy-maroc","18":"product_tag-vichy-morocco","20":"first","21":"instock","22":"sale","23":"taxable","24":"shipping-taxable","25":"purchasable","26":"product-type-simple"},"yoast_head":"<!-- This site is optimized with the Yoast SEO plugin v27.5 - https:\/\/yoast.com\/product\/yoast-seo-wordpress\/ -->\n<title>Vichy Homme Mousse \u00e0 Raser Anti-Irritations 200 ml - Maroc Prix<\/title>\n<meta name=\"description\" content=\"Vichy Homme Mousse \u00e0 Raser Anti-Irritations 200 ml prot\u00e8ge et hydrate les peaux sensibles, r\u00e9duit les rougeurs et assure un rasage confortable et pr\u00e9cis.\" \/>\n<meta name=\"robots\" content=\"index, follow, max-snippet:-1, max-image-preview:large, max-video-preview:-1\" \/>\n<link rel=\"canonical\" href=\"https:\/\/vitablanca.ma\/ar\/product-2\/vichy-homme-mousse-a-raser-anti-irritations-200ml\/\" \/>\n<meta property=\"og:locale\" content=\"ar_AR\" \/>\n<meta property=\"og:type\" content=\"article\" \/>\n<meta property=\"og:title\" content=\"Vichy Homme Mousse \u00e0 Raser Anti-Irritations 200 ml - Maroc Prix\" \/>\n<meta property=\"og:description\" content=\"Vichy Homme Mousse \u00e0 Raser Anti-Irritations 200 ml prot\u00e8ge et hydrate les peaux sensibles, r\u00e9duit les rougeurs et assure un rasage confortable et pr\u00e9cis.\" \/>\n<meta property=\"og:url\" content=\"https:\/\/vitablanca.ma\/ar\/product-2\/vichy-homme-mousse-a-raser-anti-irritations-200ml\/\" \/>\n<meta property=\"og:site_name\" content=\"Vitablanca.ma &ndash; Sant&eacute;, vitalit&eacute; et bien-&ecirc;tre pour tous les Marocains\" \/>\n<meta property=\"article:publisher\" content=\"https:\/\/www.facebook.com\/profile.php?id=61576678196717\" \/>\n<meta property=\"article:modified_time\" content=\"2026-02-03T15:08:23+00:00\" \/>\n<meta property=\"og:image\" content=\"https:\/\/vitablanca.ma\/wp-content\/uploads\/2025\/06\/Vichy-Homme-Mousse-A-Raser-Anti-Irritations-200ml-nova-parapharmacie-maroc.png\" \/>\n\t<meta property=\"og:image:width\" content=\"1000\" \/>\n\t<meta property=\"og:image:height\" content=\"1000\" \/>\n\t<meta property=\"og:image:type\" content=\"image\/png\" \/>\n<meta name=\"twitter:card\" content=\"summary_large_image\" \/>\n<meta name=\"twitter:label1\" content=\"\u0648\u0642\u062a \u0627\u0644\u0642\u0631\u0627\u0621\u0629 \u0627\u0644\u0645\u064f\u0642\u062f\u0651\u0631\" \/>\n\t<meta name=\"twitter:data1\" content=\"\u062f\u0642\u064a\u0642\u0629 \u0648\u0627\u062d\u062f\u0629\" \/>\n<script type=\"application\/ld+json\" class=\"yoast-schema-graph\">{\"@context\":\"https:\\\/\\\/schema.org\",\"@graph\":[{\"@type\":[\"WebPage\",\"ItemPage\"],\"@id\":\"https:\\\/\\\/vitablanca.ma\\\/produit\\\/vichy-homme-mousse-a-raser-anti-irritations-200ml\\\/\",\"url\":\"https:\\\/\\\/vitablanca.ma\\\/produit\\\/vichy-homme-mousse-a-raser-anti-irritations-200ml\\\/\",\"name\":\"Vichy Homme Mousse \u00e0 Raser Anti-Irritations 200 ml - Maroc Prix\",\"isPartOf\":{\"@id\":\"https:\\\/\\\/vitablanca.ma\\\/#website\"},\"primaryImageOfPage\":{\"@id\":\"https:\\\/\\\/vitablanca.ma\\\/produit\\\/vichy-homme-mousse-a-raser-anti-irritations-200ml\\\/#primaryimage\"},\"image\":{\"@id\":\"https:\\\/\\\/vitablanca.ma\\\/produit\\\/vichy-homme-mousse-a-raser-anti-irritations-200ml\\\/#primaryimage\"},\"thumbnailUrl\":\"https:\\\/\\\/vitablanca.ma\\\/wp-content\\\/uploads\\\/2025\\\/06\\\/Vichy-Homme-Mousse-A-Raser-Anti-Irritations-200ml-nova-parapharmacie-maroc.png\",\"datePublished\":\"2025-06-11T22:37:11+00:00\",\"dateModified\":\"2026-02-03T15:08:23+00:00\",\"description\":\"Vichy Homme Mousse \u00e0 Raser Anti-Irritations 200 ml prot\u00e8ge et hydrate les peaux sensibles, r\u00e9duit les rougeurs et assure un rasage confortable et pr\u00e9cis.\",\"breadcrumb\":{\"@id\":\"https:\\\/\\\/vitablanca.ma\\\/produit\\\/vichy-homme-mousse-a-raser-anti-irritations-200ml\\\/#breadcrumb\"},\"inLanguage\":\"ar\",\"potentialAction\":[{\"@type\":\"ReadAction\",\"target\":[\"https:\\\/\\\/vitablanca.ma\\\/produit\\\/vichy-homme-mousse-a-raser-anti-irritations-200ml\\\/\"]}]},{\"@type\":\"ImageObject\",\"inLanguage\":\"ar\",\"@id\":\"https:\\\/\\\/vitablanca.ma\\\/produit\\\/vichy-homme-mousse-a-raser-anti-irritations-200ml\\\/#primaryimage\",\"url\":\"https:\\\/\\\/vitablanca.ma\\\/wp-content\\\/uploads\\\/2025\\\/06\\\/Vichy-Homme-Mousse-A-Raser-Anti-Irritations-200ml-nova-parapharmacie-maroc.png\",\"contentUrl\":\"https:\\\/\\\/vitablanca.ma\\\/wp-content\\\/uploads\\\/2025\\\/06\\\/Vichy-Homme-Mousse-A-Raser-Anti-Irritations-200ml-nova-parapharmacie-maroc.png\",\"width\":1000,\"height\":1000},{\"@type\":\"BreadcrumbList\",\"@id\":\"https:\\\/\\\/vitablanca.ma\\\/produit\\\/vichy-homme-mousse-a-raser-anti-irritations-200ml\\\/#breadcrumb\",\"itemListElement\":[{\"@type\":\"ListItem\",\"position\":1,\"name\":\"Home\",\"item\":\"https:\\\/\\\/vitablanca.ma\\\/\"},{\"@type\":\"ListItem\",\"position\":2,\"name\":\"Tous Les Produits\",\"item\":\"https:\\\/\\\/vitablanca.ma\\\/tous-les-produits\\\/\"},{\"@type\":\"ListItem\",\"position\":3,\"name\":\"Vichy Homme Mousse \u00c0 Raser Anti-Irritations 200ml\"}]},{\"@type\":\"WebSite\",\"@id\":\"https:\\\/\\\/vitablanca.ma\\\/#website\",\"url\":\"https:\\\/\\\/vitablanca.ma\\\/\",\"name\":\"VitaBlanca.ma | Compl\u00e9ments alimentaires, sant\u00e9 & beaut\u00e9 au Maroc\",\"description\":\"vendre vitamines et compl\u00e9ments premium des USA &amp; Canada, Nouvelle Z\u00e9lande,Maroc (NOW Foods, Solgar, Manuka). Livraison rapide partout au Maroc.\",\"publisher\":{\"@id\":\"https:\\\/\\\/vitablanca.ma\\\/#organization\"},\"alternateName\":\"VitaBlanca.ma\",\"potentialAction\":[{\"@type\":\"SearchAction\",\"target\":{\"@type\":\"EntryPoint\",\"urlTemplate\":\"https:\\\/\\\/vitablanca.ma\\\/?s={search_term_string}\"},\"query-input\":{\"@type\":\"PropertyValueSpecification\",\"valueRequired\":true,\"valueName\":\"search_term_string\"}}],\"inLanguage\":\"ar\"},{\"@type\":\"Organization\",\"@id\":\"https:\\\/\\\/vitablanca.ma\\\/#organization\",\"name\":\"VitaBlanca\",\"url\":\"https:\\\/\\\/vitablanca.ma\\\/\",\"logo\":{\"@type\":\"ImageObject\",\"inLanguage\":\"ar\",\"@id\":\"https:\\\/\\\/vitablanca.ma\\\/#\\\/schema\\\/logo\\\/image\\\/\",\"url\":\"https:\\\/\\\/vitablanca.ma\\\/wp-content\\\/uploads\\\/2025\\\/05\\\/cropped-vitablanca.png\",\"contentUrl\":\"https:\\\/\\\/vitablanca.ma\\\/wp-content\\\/uploads\\\/2025\\\/05\\\/cropped-vitablanca.png\",\"width\":360,\"height\":67,\"caption\":\"VitaBlanca\"},\"image\":{\"@id\":\"https:\\\/\\\/vitablanca.ma\\\/#\\\/schema\\\/logo\\\/image\\\/\"},\"sameAs\":[\"https:\\\/\\\/www.facebook.com\\\/profile.php?id=61576678196717\",\"https:\\\/\\\/www.tiktok.com\\\/@vitablanca.ma\",\"https:\\\/\\\/www.instagram.com\\\/vitablanca.ma\\\/\"]}]}<\/script>\n<!-- \/ Yoast SEO plugin. -->","yoast_head_json":{"title":"Vichy Homme Mousse \u00e0 Raser Anti-Irritations 200 ml - Maroc Prix","description":"Vichy Homme Mousse \u00e0 Raser Anti-Irritations 200 ml prot\u00e8ge et hydrate les peaux sensibles, r\u00e9duit les rougeurs et assure un rasage confortable et pr\u00e9cis.","robots":{"index":"index","follow":"follow","max-snippet":"max-snippet:-1","max-image-preview":"max-image-preview:large","max-video-preview":"max-video-preview:-1"},"canonical":"https:\/\/vitablanca.ma\/ar\/product-2\/vichy-homme-mousse-a-raser-anti-irritations-200ml\/","og_locale":"ar_AR","og_type":"article","og_title":"Vichy Homme Mousse \u00e0 Raser Anti-Irritations 200 ml - Maroc Prix","og_description":"Vichy Homme Mousse \u00e0 Raser Anti-Irritations 200 ml prot\u00e8ge et hydrate les peaux sensibles, r\u00e9duit les rougeurs et assure un rasage confortable et pr\u00e9cis.","og_url":"https:\/\/vitablanca.ma\/ar\/product-2\/vichy-homme-mousse-a-raser-anti-irritations-200ml\/","og_site_name":"Vitablanca.ma &ndash; Sant&eacute;, vitalit&eacute; et bien-&ecirc;tre pour tous les Marocains","article_publisher":"https:\/\/www.facebook.com\/profile.php?id=61576678196717","article_modified_time":"2026-02-03T15:08:23+00:00","og_image":[{"width":1000,"height":1000,"url":"https:\/\/vitablanca.ma\/wp-content\/uploads\/2025\/06\/Vichy-Homme-Mousse-A-Raser-Anti-Irritations-200ml-nova-parapharmacie-maroc.png","type":"image\/png"}],"twitter_card":"summary_large_image","twitter_misc":{"\u0648\u0642\u062a \u0627\u0644\u0642\u0631\u0627\u0621\u0629 \u0627\u0644\u0645\u064f\u0642\u062f\u0651\u0631":"\u062f\u0642\u064a\u0642\u0629 \u0648\u0627\u062d\u062f\u0629"},"schema":{"@context":"https:\/\/schema.org","@graph":[{"@type":["WebPage","ItemPage"],"@id":"https:\/\/vitablanca.ma\/produit\/vichy-homme-mousse-a-raser-anti-irritations-200ml\/","url":"https:\/\/vitablanca.ma\/produit\/vichy-homme-mousse-a-raser-anti-irritations-200ml\/","name":"Vichy Homme Mousse \u00e0 Raser Anti-Irritations 200 ml - Maroc Prix","isPartOf":{"@id":"https:\/\/vitablanca.ma\/#website"},"primaryImageOfPage":{"@id":"https:\/\/vitablanca.ma\/produit\/vichy-homme-mousse-a-raser-anti-irritations-200ml\/#primaryimage"},"image":{"@id":"https:\/\/vitablanca.ma\/produit\/vichy-homme-mousse-a-raser-anti-irritations-200ml\/#primaryimage"},"thumbnailUrl":"https:\/\/vitablanca.ma\/wp-content\/uploads\/2025\/06\/Vichy-Homme-Mousse-A-Raser-Anti-Irritations-200ml-nova-parapharmacie-maroc.png","datePublished":"2025-06-11T22:37:11+00:00","dateModified":"2026-02-03T15:08:23+00:00","description":"Vichy Homme Mousse \u00e0 Raser Anti-Irritations 200 ml prot\u00e8ge et hydrate les peaux sensibles, r\u00e9duit les rougeurs et assure un rasage confortable et pr\u00e9cis.","breadcrumb":{"@id":"https:\/\/vitablanca.ma\/produit\/vichy-homme-mousse-a-raser-anti-irritations-200ml\/#breadcrumb"},"inLanguage":"ar","potentialAction":[{"@type":"ReadAction","target":["https:\/\/vitablanca.ma\/produit\/vichy-homme-mousse-a-raser-anti-irritations-200ml\/"]}]},{"@type":"ImageObject","inLanguage":"ar","@id":"https:\/\/vitablanca.ma\/produit\/vichy-homme-mousse-a-raser-anti-irritations-200ml\/#primaryimage","url":"https:\/\/vitablanca.ma\/wp-content\/uploads\/2025\/06\/Vichy-Homme-Mousse-A-Raser-Anti-Irritations-200ml-nova-parapharmacie-maroc.png","contentUrl":"https:\/\/vitablanca.ma\/wp-content\/uploads\/2025\/06\/Vichy-Homme-Mousse-A-Raser-Anti-Irritations-200ml-nova-parapharmacie-maroc.png","width":1000,"height":1000},{"@type":"BreadcrumbList","@id":"https:\/\/vitablanca.ma\/produit\/vichy-homme-mousse-a-raser-anti-irritations-200ml\/#breadcrumb","itemListElement":[{"@type":"ListItem","position":1,"name":"Home","item":"https:\/\/vitablanca.ma\/"},{"@type":"ListItem","position":2,"name":"Tous Les Produits","item":"https:\/\/vitablanca.ma\/tous-les-produits\/"},{"@type":"ListItem","position":3,"name":"Vichy Homme Mousse \u00c0 Raser Anti-Irritations 200ml"}]},{"@type":"WebSite","@id":"https:\/\/vitablanca.ma\/#website","url":"https:\/\/vitablanca.ma\/","name":"VitaBlanca.ma | \u0627\u0644\u0645\u0643\u0645\u0644\u0627\u062a \u0627\u0644\u063a\u0630\u0627\u0626\u064a\u0629\u060c \u0627\u0644\u0635\u062d\u0629 \u0648\u0627\u0644\u062c\u0645\u0627\u0644 \u0641\u064a \u0627\u0644\u0645\u063a\u0631\u0628","description":"\u0646\u0628\u064a\u0639 \u0641\u064a\u062a\u0627\u0645\u064a\u0646\u0627\u062a \u0648\u0645\u0643\u0645\u0644\u0627\u062a \u063a\u0630\u0627\u0626\u064a\u0629 \u0641\u0627\u062e\u0631\u0629 \u0645\u0646 \u0627\u0644\u0648\u0644\u0627\u064a\u0627\u062a \u0627\u0644\u0645\u062a\u062d\u062f\u0629 \u0627\u0644\u0623\u0645\u0631\u064a\u0643\u064a\u0629 \u0648\u0643\u0646\u062f\u0627 \u0648\u0646\u064a\u0648\u0632\u064a\u0644\u0646\u062f\u0627 \u0648\u0627\u0644\u0645\u063a\u0631\u0628 (\u0646\u0627\u0648 \u0641\u0648\u062f\u0632\u060c \u0633\u0648\u0644\u062c\u0627\u0631\u060c \u0645\u0627\u0646\u0648\u0643\u0627). \u062a\u0648\u0635\u064a\u0644 \u0633\u0631\u064a\u0639 \u0625\u0644\u0649 \u062c\u0645\u064a\u0639 \u0623\u0646\u062d\u0627\u0621 \u0627\u0644\u0645\u063a\u0631\u0628.","publisher":{"@id":"https:\/\/vitablanca.ma\/#organization"},"alternateName":"VitaBlanca.ma","potentialAction":[{"@type":"SearchAction","target":{"@type":"EntryPoint","urlTemplate":"https:\/\/vitablanca.ma\/?s={search_term_string}"},"query-input":{"@type":"PropertyValueSpecification","valueRequired":true,"valueName":"search_term_string"}}],"inLanguage":"ar"},{"@type":"Organization","@id":"https:\/\/vitablanca.ma\/#organization","name":"\u0641\u064a\u062a\u0627\u0628\u0644\u0627\u0646\u0643\u0627","url":"https:\/\/vitablanca.ma\/","logo":{"@type":"ImageObject","inLanguage":"ar","@id":"https:\/\/vitablanca.ma\/#\/schema\/logo\/image\/","url":"https:\/\/vitablanca.ma\/wp-content\/uploads\/2025\/05\/cropped-vitablanca.png","contentUrl":"https:\/\/vitablanca.ma\/wp-content\/uploads\/2025\/05\/cropped-vitablanca.png","width":360,"height":67,"caption":"VitaBlanca"},"image":{"@id":"https:\/\/vitablanca.ma\/#\/schema\/logo\/image\/"},"sameAs":["https:\/\/www.facebook.com\/profile.php?id=61576678196717","https:\/\/www.tiktok.com\/@vitablanca.ma","https:\/\/www.instagram.com\/vitablanca.ma\/"]}]}},"jetpack_sharing_enabled":true,"_links":{"self":[{"href":"https:\/\/vitablanca.ma\/ar\/wp-json\/wp\/v2\/product\/22555","targetHints":{"allow":["GET"]}}],"collection":[{"href":"https:\/\/vitablanca.ma\/ar\/wp-json\/wp\/v2\/product"}],"about":[{"href":"https:\/\/vitablanca.ma\/ar\/wp-json\/wp\/v2\/types\/product"}],"wp:featuredmedia":[{"embeddable":true,"href":"https:\/\/vitablanca.ma\/ar\/wp-json\/wp\/v2\/media\/22554"}],"wp:attachment":[{"href":"https:\/\/vitablanca.ma\/ar\/wp-json\/wp\/v2\/media?parent=22555"}],"wp:term":[{"taxonomy":"product_brand","embeddable":true,"href":"https:\/\/vitablanca.ma\/ar\/wp-json\/wp\/v2\/product_brand?post=22555"},{"taxonomy":"product_cat","embeddable":true,"href":"https:\/\/vitablanca.ma\/ar\/wp-json\/wp\/v2\/product_cat?post=22555"},{"taxonomy":"product_tag","embeddable":true,"href":"https:\/\/vitablanca.ma\/ar\/wp-json\/wp\/v2\/product_tag?post=22555"}],"curies":[{"name":"wp","href":"https:\/\/api.w.org\/{rel}","templated":true}]}}