{"id":22553,"date":"2025-06-11T22:37:06","date_gmt":"2025-06-11T22:37:06","guid":{"rendered":"https:\/\/vitablanca.ma\/product\/vichy-homme-sensi-baume-apres-rasage-75ml\/"},"modified":"2026-02-03T15:18:45","modified_gmt":"2026-02-03T15:18:45","slug":"vichy-homme-sensi-baume-apres-rasage-75ml","status":"publish","type":"product","link":"https:\/\/vitablanca.ma\/ar\/product-2\/vichy-homme-sensi-baume-apres-rasage-75ml\/","title":{"rendered":"\u0628\u0644\u0633\u0645 \u0645\u0627 \u0628\u0639\u062f \u0627\u0644\u062d\u0644\u0627\u0642\u0629 \u0641\u064a\u0634\u064a \u0647\u0648\u0645 \u0633\u064a\u0646\u0633\u064a 75 \u0645\u0644"},"content":{"rendered":"<h2 data-mce-fragment=\"1\"><span class=\"sub-title\" data-mce-fragment=\"1\"><span data-mce-fragment=\"1\">\u0628\u0644\u0633\u0645 \u0645\u0627 \u0628\u0639\u062f \u0627\u0644\u062d\u0644\u0627\u0642\u0629 \u0641\u064a\u0634\u064a \u0647\u0648\u0645 \u0633\u064a\u0646\u0633\u064a\u00a0<\/span><\/span><span class=\"sub-title\">\u0628\u0644\u0633\u0645 \u0645\u0631\u064a\u062d \u0645\u0636\u0627\u062f \u0644\u0644\u062a\u0641\u0627\u0639\u0644\u0627\u062a\u00a0<\/span><span class=\"sub-title\" data-mce-fragment=\"1\">\u0627\u0644\u0628\u0634\u0631\u0629 \u0627\u0644\u062d\u0633\u0627\u0633\u0629<\/span><\/h2>\n<p><span class=\"sub-title\" data-mce-fragment=\"1\">\u0628\u0644\u0633\u0645 \u0645\u0627 \u0628\u0639\u062f \u0627\u0644\u062d\u0644\u0627\u0642\u0629 \u0627\u0644\u0645\u0642\u0648\u064a \u0644\u0644\u0628\u0634\u0631\u0629 \u0627\u0644\u062d\u0633\u0627\u0633\u0629.<br \/>\n\u0644\u0644\u0631\u062c\u0627\u0644 \u0630\u0648\u064a \u0627\u0644\u0628\u0634\u0631\u0629 \u0627\u0644\u062d\u0633\u0627\u0633\u0629 \u0627\u0644\u0630\u064a\u0646 \u064a\u0631\u063a\u0628\u0648\u0646 \u0641\u064a \u0627\u0644\u062a\u062e\u0644\u0635 \u0645\u0646 \u062d\u0631\u0642\u0629 \u0627\u0644\u062d\u0644\u0627\u0642\u0629 \u0648\u062a\u0647\u064a\u062c\u0647\u0627. \u064a\u064f\u0646\u0635\u062d \u0628\u0647 \u0644\u0644\u0628\u0634\u0631\u0629 \u0627\u0644\u062d\u0633\u0627\u0633\u0629 \u062c\u062f\u064b\u0627.<\/span><\/p>\n<div class=\"ctn_top-accordion\">\n<div class=\"accordion-item itemForm\">\n<h3 class=\"accordion-item-title\">\u0643\u0641\u0627\u0621\u0629<\/h3>\n<div class=\"accordion-content\">\n<p>Ce soin apr\u00e8s-rasage r\u00e9unit la puissance de l\u2019Eau Thermale fortifiante riche en min\u00e9raux et l\u2019apaisement du Calcium dermo-r\u00e9parateur qui offre \u00e0 votre peau une double action peau sensible :<br \/>\n1. \u0627\u0644\u0625\u063a\u0627\u062b\u0629 \u0627\u0644\u0641\u0648\u0631\u064a\u0629 SOS.<br \/>\n2. \u062a\u0642\u0648\u064a\u0629 \u0627\u0644\u062d\u0644\u0627\u0642\u0629 \u0628\u0639\u062f \u0627\u0644\u062d\u0644\u0627\u0642\u0629.<br \/>\n\u062a\u0635\u0628\u062d \u0628\u0634\u0631\u062a\u0643 \u0623\u0642\u0648\u0649 \u0648\u0623\u0642\u0644 \u0639\u0631\u0636\u0629 \u0644\u0644\u0636\u0631\u0631 \u0627\u0644\u0646\u0627\u062a\u062c \u0639\u0646 \u0627\u0633\u062a\u062e\u062f\u0627\u0645 \u0627\u0644\u0634\u0641\u0631\u0629.<\/p>\n<p>\u0641\u064a \u0627\u0644\u062d\u0627\u0644* :<br \/>\n\u2013 60% : d\u2019irritations,<br \/>\n\u2013 62% : de rougeurs,<br \/>\n\u2013 79% : d\u2019\u00e9chauffements.<br \/>\n\u0641\u064a 15 \u064a\u0648\u0645\u064b\u0627**:<br \/>\n\u0628\u0634\u0631\u0629 \u0645\u062d\u0635\u0646\u0629 \u0648\u0623\u0642\u0644 \u062a\u0641\u0627\u0639\u0644\u064a\u0629.<br \/>\n*\u0627\u062e\u062a\u0628\u0627\u0631 \u0622\u0644\u064a \u0639\u0644\u0649 12 \u0631\u062c\u0644\u0627\u064b.<br \/>\n**\u0627\u0644\u062a\u0642\u064a\u064a\u0645 \u0627\u0644\u0630\u0627\u062a\u064a \u0639\u0644\u0649 42 \u0631\u062c\u0644\u0627\u064b.<\/p>\n<\/div>\n<\/div>\n<div class=\"accordion-item itemForm no-overflow\">\n<h3 class=\"accordion-item-title\">\u0637\u0644\u0628<\/h3>\n<div class=\"accordion-content\">\n<p>\u064a\u062a\u0645 \u0648\u0636\u0639\u0647 \u0639\u0644\u0649 \u0627\u0644\u0648\u062c\u0647 \u0648\u0627\u0644\u0631\u0642\u0628\u0629 \u0628\u0639\u062f \u0627\u0644\u062d\u0644\u0627\u0642\u0629.<\/p>\n<\/div>\n<\/div>\n<div class=\"accordion-item itemForm no-overflow\">\n<h3 class=\"accordion-item-title\">\u0627\u062d\u062a\u064a\u0627\u0637\u0627\u062a \u0627\u0644\u0627\u0633\u062a\u062e\u062f\u0627\u0645<\/h3>\n<div class=\"accordion-content\">\n<p>\u0645\u064f\u0639\u0632\u0632 \u0628\u0645\u064a\u0627\u0647 \u0641\u064a\u0634\u064a \u0627\u0644\u062d\u0631\u0627\u0631\u064a\u0629\u060c \u062a\u0631\u0643\u064a\u0628\u062a\u0647 \u062e\u0627\u0644\u064a\u0629 \u0645\u0646 \u0627\u0644\u0643\u062d\u0648\u0644 \u0648\u0627\u0644\u0639\u0637\u0648\u0631 \u0644\u062a\u0648\u0641\u064a\u0631 \u0623\u0642\u0635\u0649 \u0642\u062f\u0631 \u0645\u0646 \u0627\u0644\u0627\u062d\u062a\u0631\u0627\u0645 \u0644\u0628\u0634\u0631\u062a\u0643 \u0627\u0644\u062d\u0633\u0627\u0633\u0629.<\/p>\n<\/div>\n<\/div>\n<\/div>\n<div class=\"ctn_bottom-accordion\">\n<div class=\"accordion-item composition\">\n<h3 class=\"accordion-item-title\">\u062a\u0639\u0628\u064a\u0631<\/h3>\n<p>\u0645\u0627\u0621\u060c \u062f\u0627\u064a\u0645\u064a\u062b\u064a\u0643\u0648\u0646\u060c \u062c\u0644\u0633\u0631\u064a\u0646\u060c \u0646\u0634\u0627 \u0632\u064a\u0627 \u0645\u064a\u0633\u060c \u0625\u064a\u0632\u0648\u0647\u064a\u0643\u0633\u0627\u062f\u064a\u0643\u0627\u0646\u060c \u0633\u0648\u0631\u0628\u064a\u062a\u0627\u0646\u060c \u0633\u062a\u064a\u0631\u0627\u062a\u060c \u0633\u064a 13-14\u060c \u0625\u064a\u0632\u0648\u0628\u0627\u0631\u0627\u0641\u064a\u0646\u060c 2\u060c6-\u062b\u0646\u0627\u0626\u064a \u0645\u064a\u062b\u064a\u0644-7-\u0623\u0648\u0643\u062a\u064a\u0646-2-\u0623\u0648\u0644\u060c \u0643\u062d\u0648\u0644 \u0633\u062a\u064a\u0627\u0631\u064a\u0644\u064a\u060c \u0643\u0627\u0644\u0633\u064a\u0648\u0645\u060c \u0628\u0627\u0646\u062a\u064a\u062b\u064a\u0646\u060c \u0633\u0644\u0641\u0648\u0646\u0627\u062a\u060c \u0628\u0648\u0644\u064a \u0623\u0643\u0631\u064a\u0644 \u062f\u064a\u0645\u064a\u062b\u064a\u0644 \u0623\u0644\u062a\u0648\u0631\u0627\u0645\u064a\u062f \u0627\u0644\u0623\u0645\u0648\u0646\u064a\u0648\u0645\u060c \u0628\u0648\u0644\u0648\u0643\u0633\u0627\u0645\u0631 338\u060c \u062b\u0646\u0627\u0626\u064a \u0635\u0648\u062f\u064a\u0648\u0645 \u0625\u064a\u062f\u064a\u062a\u0627\u060c \u0633\u0643\u0631\u0648\u0632\u060c \u0643\u0648\u0643\u0648\u0627\u062a\u060c \u0643\u0627\u0628\u0631\u064a\u0644\u064a\u0644 \u062c\u0644\u064a\u0643\u0648\u0644\u060c \u0644\u0648\u0631\u064a\u062b-7\u060c \u0645\u0633\u062a\u062e\u0644\u0635 \u0644\u062d\u0627\u0621 \u0634\u062c\u0631 \u0627\u0644\u0625\u0628\u064a\u0631\u0648\u0627 \u0641\u0627\u0644\u0643\u0627\u062a\u0627\u060c \u062f\u064a\u0643\u0633\u062a\u0631\u064a\u0646\u060c \u062d\u0645\u0636 \u0627\u0644\u0644\u0627\u0643\u062a\u064a\u0643\u060c \u0628\u0648\u0644\u064a \u0623\u0643\u0631\u064a\u0644\u0627\u0645\u064a\u062f<\/p>\n<\/div>\n<\/div>","protected":false},"excerpt":{"rendered":"<p>Vichy Homme Sensi Baume Apr\u00e8s-Rasage\u00a0Baume confort anti-r\u00e9actions\u00a0Peaux sensibles Le Baume apr\u00e8s-rasage fortifiant peau sensible. Pour les hommes, \u00e0 la peau sensible, qui veulent en finir avec le feu du rasage et les irritations. Recommand\u00e9 pour les peaux tr\u00e8s sensibles. Efficacit\u00e9 Ce soin apr\u00e8s-rasage r\u00e9unit la puissance de l\u2019Eau Thermale fortifiante riche en min\u00e9raux et l\u2019apaisement [&hellip;]<\/p>\n","protected":false},"featured_media":22552,"template":"","meta":{"om_disable_all_campaigns":false},"product_brand":[3358],"product_cat":[18],"product_tag":[7266,7269,7264,7267,7265,7270,3359,7263,7268,3360,3361],"class_list":{"0":"post-22553","1":"product","2":"type-product","3":"status-publish","4":"has-post-thumbnail","6":"product_brand-vichy-maroc-prix-vitablanca","7":"product_cat-beaute-sante","8":"product_tag-apres-rasage-anti-irritations","9":"product_tag-baume-apaisant-rasage-75-ml","10":"product_tag-baume-apres-rasage-vichy-homme","11":"product_tag-hydratation-visage-homme","12":"product_tag-soin-apaisant-peau-sensible","13":"product_tag-soin-peau-homme-maroc","14":"product_tag-vichy","15":"product_tag-vichy-homme-sensi-baume-apres-rasage","16":"product_tag-vichy-homme-soin-apres-rasage","17":"product_tag-vichy-maroc","18":"product_tag-vichy-morocco","20":"first","21":"instock","22":"sale","23":"taxable","24":"shipping-taxable","25":"purchasable","26":"product-type-simple"},"yoast_head":"<!-- This site is optimized with the Yoast SEO plugin v27.5 - https:\/\/yoast.com\/product\/yoast-seo-wordpress\/ -->\n<title>Vichy Homme Sensi Baume Apr\u00e8s-Rasage Maroc Prix<\/title>\n<meta name=\"description\" content=\"Vichy Homme Sensi Baume Apr\u00e8s-Rasage 75 ml , hydrate et prot\u00e8ge la peau sensible apr\u00e8s le rasage. R\u00e9duit rougeurs et irritations pour un confort durable.\" \/>\n<meta name=\"robots\" content=\"index, follow, max-snippet:-1, max-image-preview:large, max-video-preview:-1\" \/>\n<link rel=\"canonical\" href=\"https:\/\/vitablanca.ma\/ar\/product-2\/vichy-homme-sensi-baume-apres-rasage-75ml\/\" \/>\n<meta property=\"og:locale\" content=\"ar_AR\" \/>\n<meta property=\"og:type\" content=\"article\" \/>\n<meta property=\"og:title\" content=\"Vichy Homme Sensi Baume Apr\u00e8s-Rasage Maroc Prix\" \/>\n<meta property=\"og:description\" content=\"Vichy Homme Sensi Baume Apr\u00e8s-Rasage 75 ml , hydrate et prot\u00e8ge la peau sensible apr\u00e8s le rasage. R\u00e9duit rougeurs et irritations pour un confort durable.\" \/>\n<meta property=\"og:url\" content=\"https:\/\/vitablanca.ma\/ar\/product-2\/vichy-homme-sensi-baume-apres-rasage-75ml\/\" \/>\n<meta property=\"og:site_name\" content=\"Vitablanca.ma &ndash; Sant&eacute;, vitalit&eacute; et bien-&ecirc;tre pour tous les Marocains\" \/>\n<meta property=\"article:publisher\" content=\"https:\/\/www.facebook.com\/profile.php?id=61576678196717\" \/>\n<meta property=\"article:modified_time\" content=\"2026-02-03T15:18:45+00:00\" \/>\n<meta property=\"og:image\" content=\"https:\/\/vitablanca.ma\/wp-content\/uploads\/2025\/06\/Vichy-Homme-Sensi-Baume-Apres-Rasage-75ml-nova-parapharmacie-maroc.png\" \/>\n\t<meta property=\"og:image:width\" content=\"1000\" \/>\n\t<meta property=\"og:image:height\" content=\"1000\" \/>\n\t<meta property=\"og:image:type\" content=\"image\/png\" \/>\n<meta name=\"twitter:card\" content=\"summary_large_image\" \/>\n<meta name=\"twitter:label1\" content=\"\u0648\u0642\u062a \u0627\u0644\u0642\u0631\u0627\u0621\u0629 \u0627\u0644\u0645\u064f\u0642\u062f\u0651\u0631\" \/>\n\t<meta name=\"twitter:data1\" content=\"\u062f\u0642\u064a\u0642\u062a\u0627\u0646\" \/>\n<script type=\"application\/ld+json\" class=\"yoast-schema-graph\">{\"@context\":\"https:\\\/\\\/schema.org\",\"@graph\":[{\"@type\":[\"WebPage\",\"ItemPage\"],\"@id\":\"https:\\\/\\\/vitablanca.ma\\\/produit\\\/vichy-homme-sensi-baume-apres-rasage-75ml\\\/\",\"url\":\"https:\\\/\\\/vitablanca.ma\\\/produit\\\/vichy-homme-sensi-baume-apres-rasage-75ml\\\/\",\"name\":\"Vichy Homme Sensi Baume Apr\u00e8s-Rasage Maroc Prix\",\"isPartOf\":{\"@id\":\"https:\\\/\\\/vitablanca.ma\\\/#website\"},\"primaryImageOfPage\":{\"@id\":\"https:\\\/\\\/vitablanca.ma\\\/produit\\\/vichy-homme-sensi-baume-apres-rasage-75ml\\\/#primaryimage\"},\"image\":{\"@id\":\"https:\\\/\\\/vitablanca.ma\\\/produit\\\/vichy-homme-sensi-baume-apres-rasage-75ml\\\/#primaryimage\"},\"thumbnailUrl\":\"https:\\\/\\\/vitablanca.ma\\\/wp-content\\\/uploads\\\/2025\\\/06\\\/Vichy-Homme-Sensi-Baume-Apres-Rasage-75ml-nova-parapharmacie-maroc.png\",\"datePublished\":\"2025-06-11T22:37:06+00:00\",\"dateModified\":\"2026-02-03T15:18:45+00:00\",\"description\":\"Vichy Homme Sensi Baume Apr\u00e8s-Rasage 75 ml , hydrate et prot\u00e8ge la peau sensible apr\u00e8s le rasage. R\u00e9duit rougeurs et irritations pour un confort durable.\",\"breadcrumb\":{\"@id\":\"https:\\\/\\\/vitablanca.ma\\\/produit\\\/vichy-homme-sensi-baume-apres-rasage-75ml\\\/#breadcrumb\"},\"inLanguage\":\"ar\",\"potentialAction\":[{\"@type\":\"ReadAction\",\"target\":[\"https:\\\/\\\/vitablanca.ma\\\/produit\\\/vichy-homme-sensi-baume-apres-rasage-75ml\\\/\"]}]},{\"@type\":\"ImageObject\",\"inLanguage\":\"ar\",\"@id\":\"https:\\\/\\\/vitablanca.ma\\\/produit\\\/vichy-homme-sensi-baume-apres-rasage-75ml\\\/#primaryimage\",\"url\":\"https:\\\/\\\/vitablanca.ma\\\/wp-content\\\/uploads\\\/2025\\\/06\\\/Vichy-Homme-Sensi-Baume-Apres-Rasage-75ml-nova-parapharmacie-maroc.png\",\"contentUrl\":\"https:\\\/\\\/vitablanca.ma\\\/wp-content\\\/uploads\\\/2025\\\/06\\\/Vichy-Homme-Sensi-Baume-Apres-Rasage-75ml-nova-parapharmacie-maroc.png\",\"width\":1000,\"height\":1000},{\"@type\":\"BreadcrumbList\",\"@id\":\"https:\\\/\\\/vitablanca.ma\\\/produit\\\/vichy-homme-sensi-baume-apres-rasage-75ml\\\/#breadcrumb\",\"itemListElement\":[{\"@type\":\"ListItem\",\"position\":1,\"name\":\"Home\",\"item\":\"https:\\\/\\\/vitablanca.ma\\\/\"},{\"@type\":\"ListItem\",\"position\":2,\"name\":\"Tous Les Produits\",\"item\":\"https:\\\/\\\/vitablanca.ma\\\/tous-les-produits\\\/\"},{\"@type\":\"ListItem\",\"position\":3,\"name\":\"Vichy Homme Sensi Baume Apr\u00e8s-Rasage 75ml\"}]},{\"@type\":\"WebSite\",\"@id\":\"https:\\\/\\\/vitablanca.ma\\\/#website\",\"url\":\"https:\\\/\\\/vitablanca.ma\\\/\",\"name\":\"VitaBlanca.ma | Compl\u00e9ments alimentaires, sant\u00e9 & beaut\u00e9 au Maroc\",\"description\":\"vendre vitamines et compl\u00e9ments premium des USA &amp; Canada, Nouvelle Z\u00e9lande,Maroc (NOW Foods, Solgar, Manuka). Livraison rapide partout au Maroc.\",\"publisher\":{\"@id\":\"https:\\\/\\\/vitablanca.ma\\\/#organization\"},\"alternateName\":\"VitaBlanca.ma\",\"potentialAction\":[{\"@type\":\"SearchAction\",\"target\":{\"@type\":\"EntryPoint\",\"urlTemplate\":\"https:\\\/\\\/vitablanca.ma\\\/?s={search_term_string}\"},\"query-input\":{\"@type\":\"PropertyValueSpecification\",\"valueRequired\":true,\"valueName\":\"search_term_string\"}}],\"inLanguage\":\"ar\"},{\"@type\":\"Organization\",\"@id\":\"https:\\\/\\\/vitablanca.ma\\\/#organization\",\"name\":\"VitaBlanca\",\"url\":\"https:\\\/\\\/vitablanca.ma\\\/\",\"logo\":{\"@type\":\"ImageObject\",\"inLanguage\":\"ar\",\"@id\":\"https:\\\/\\\/vitablanca.ma\\\/#\\\/schema\\\/logo\\\/image\\\/\",\"url\":\"https:\\\/\\\/vitablanca.ma\\\/wp-content\\\/uploads\\\/2025\\\/05\\\/cropped-vitablanca.png\",\"contentUrl\":\"https:\\\/\\\/vitablanca.ma\\\/wp-content\\\/uploads\\\/2025\\\/05\\\/cropped-vitablanca.png\",\"width\":360,\"height\":67,\"caption\":\"VitaBlanca\"},\"image\":{\"@id\":\"https:\\\/\\\/vitablanca.ma\\\/#\\\/schema\\\/logo\\\/image\\\/\"},\"sameAs\":[\"https:\\\/\\\/www.facebook.com\\\/profile.php?id=61576678196717\",\"https:\\\/\\\/www.tiktok.com\\\/@vitablanca.ma\",\"https:\\\/\\\/www.instagram.com\\\/vitablanca.ma\\\/\"]}]}<\/script>\n<!-- \/ Yoast SEO plugin. -->","yoast_head_json":{"title":"Vichy Homme Sensi Baume Apr\u00e8s-Rasage Maroc Prix","description":"Vichy Homme Sensi Baume Apr\u00e8s-Rasage 75 ml , hydrate et prot\u00e8ge la peau sensible apr\u00e8s le rasage. R\u00e9duit rougeurs et irritations pour un confort durable.","robots":{"index":"index","follow":"follow","max-snippet":"max-snippet:-1","max-image-preview":"max-image-preview:large","max-video-preview":"max-video-preview:-1"},"canonical":"https:\/\/vitablanca.ma\/ar\/product-2\/vichy-homme-sensi-baume-apres-rasage-75ml\/","og_locale":"ar_AR","og_type":"article","og_title":"Vichy Homme Sensi Baume Apr\u00e8s-Rasage Maroc Prix","og_description":"Vichy Homme Sensi Baume Apr\u00e8s-Rasage 75 ml , hydrate et prot\u00e8ge la peau sensible apr\u00e8s le rasage. R\u00e9duit rougeurs et irritations pour un confort durable.","og_url":"https:\/\/vitablanca.ma\/ar\/product-2\/vichy-homme-sensi-baume-apres-rasage-75ml\/","og_site_name":"Vitablanca.ma &ndash; Sant&eacute;, vitalit&eacute; et bien-&ecirc;tre pour tous les Marocains","article_publisher":"https:\/\/www.facebook.com\/profile.php?id=61576678196717","article_modified_time":"2026-02-03T15:18:45+00:00","og_image":[{"width":1000,"height":1000,"url":"https:\/\/vitablanca.ma\/wp-content\/uploads\/2025\/06\/Vichy-Homme-Sensi-Baume-Apres-Rasage-75ml-nova-parapharmacie-maroc.png","type":"image\/png"}],"twitter_card":"summary_large_image","twitter_misc":{"\u0648\u0642\u062a \u0627\u0644\u0642\u0631\u0627\u0621\u0629 \u0627\u0644\u0645\u064f\u0642\u062f\u0651\u0631":"\u062f\u0642\u064a\u0642\u062a\u0627\u0646"},"schema":{"@context":"https:\/\/schema.org","@graph":[{"@type":["WebPage","ItemPage"],"@id":"https:\/\/vitablanca.ma\/produit\/vichy-homme-sensi-baume-apres-rasage-75ml\/","url":"https:\/\/vitablanca.ma\/produit\/vichy-homme-sensi-baume-apres-rasage-75ml\/","name":"Vichy Homme Sensi Baume Apr\u00e8s-Rasage Maroc Prix","isPartOf":{"@id":"https:\/\/vitablanca.ma\/#website"},"primaryImageOfPage":{"@id":"https:\/\/vitablanca.ma\/produit\/vichy-homme-sensi-baume-apres-rasage-75ml\/#primaryimage"},"image":{"@id":"https:\/\/vitablanca.ma\/produit\/vichy-homme-sensi-baume-apres-rasage-75ml\/#primaryimage"},"thumbnailUrl":"https:\/\/vitablanca.ma\/wp-content\/uploads\/2025\/06\/Vichy-Homme-Sensi-Baume-Apres-Rasage-75ml-nova-parapharmacie-maroc.png","datePublished":"2025-06-11T22:37:06+00:00","dateModified":"2026-02-03T15:18:45+00:00","description":"Vichy Homme Sensi Baume Apr\u00e8s-Rasage 75 ml , hydrate et prot\u00e8ge la peau sensible apr\u00e8s le rasage. R\u00e9duit rougeurs et irritations pour un confort durable.","breadcrumb":{"@id":"https:\/\/vitablanca.ma\/produit\/vichy-homme-sensi-baume-apres-rasage-75ml\/#breadcrumb"},"inLanguage":"ar","potentialAction":[{"@type":"ReadAction","target":["https:\/\/vitablanca.ma\/produit\/vichy-homme-sensi-baume-apres-rasage-75ml\/"]}]},{"@type":"ImageObject","inLanguage":"ar","@id":"https:\/\/vitablanca.ma\/produit\/vichy-homme-sensi-baume-apres-rasage-75ml\/#primaryimage","url":"https:\/\/vitablanca.ma\/wp-content\/uploads\/2025\/06\/Vichy-Homme-Sensi-Baume-Apres-Rasage-75ml-nova-parapharmacie-maroc.png","contentUrl":"https:\/\/vitablanca.ma\/wp-content\/uploads\/2025\/06\/Vichy-Homme-Sensi-Baume-Apres-Rasage-75ml-nova-parapharmacie-maroc.png","width":1000,"height":1000},{"@type":"BreadcrumbList","@id":"https:\/\/vitablanca.ma\/produit\/vichy-homme-sensi-baume-apres-rasage-75ml\/#breadcrumb","itemListElement":[{"@type":"ListItem","position":1,"name":"Home","item":"https:\/\/vitablanca.ma\/"},{"@type":"ListItem","position":2,"name":"Tous Les Produits","item":"https:\/\/vitablanca.ma\/tous-les-produits\/"},{"@type":"ListItem","position":3,"name":"Vichy Homme Sensi Baume Apr\u00e8s-Rasage 75ml"}]},{"@type":"WebSite","@id":"https:\/\/vitablanca.ma\/#website","url":"https:\/\/vitablanca.ma\/","name":"VitaBlanca.ma | \u0627\u0644\u0645\u0643\u0645\u0644\u0627\u062a \u0627\u0644\u063a\u0630\u0627\u0626\u064a\u0629\u060c \u0627\u0644\u0635\u062d\u0629 \u0648\u0627\u0644\u062c\u0645\u0627\u0644 \u0641\u064a \u0627\u0644\u0645\u063a\u0631\u0628","description":"\u0646\u0628\u064a\u0639 \u0641\u064a\u062a\u0627\u0645\u064a\u0646\u0627\u062a \u0648\u0645\u0643\u0645\u0644\u0627\u062a \u063a\u0630\u0627\u0626\u064a\u0629 \u0641\u0627\u062e\u0631\u0629 \u0645\u0646 \u0627\u0644\u0648\u0644\u0627\u064a\u0627\u062a \u0627\u0644\u0645\u062a\u062d\u062f\u0629 \u0627\u0644\u0623\u0645\u0631\u064a\u0643\u064a\u0629 \u0648\u0643\u0646\u062f\u0627 \u0648\u0646\u064a\u0648\u0632\u064a\u0644\u0646\u062f\u0627 \u0648\u0627\u0644\u0645\u063a\u0631\u0628 (\u0646\u0627\u0648 \u0641\u0648\u062f\u0632\u060c \u0633\u0648\u0644\u062c\u0627\u0631\u060c \u0645\u0627\u0646\u0648\u0643\u0627). \u062a\u0648\u0635\u064a\u0644 \u0633\u0631\u064a\u0639 \u0625\u0644\u0649 \u062c\u0645\u064a\u0639 \u0623\u0646\u062d\u0627\u0621 \u0627\u0644\u0645\u063a\u0631\u0628.","publisher":{"@id":"https:\/\/vitablanca.ma\/#organization"},"alternateName":"VitaBlanca.ma","potentialAction":[{"@type":"SearchAction","target":{"@type":"EntryPoint","urlTemplate":"https:\/\/vitablanca.ma\/?s={search_term_string}"},"query-input":{"@type":"PropertyValueSpecification","valueRequired":true,"valueName":"search_term_string"}}],"inLanguage":"ar"},{"@type":"Organization","@id":"https:\/\/vitablanca.ma\/#organization","name":"\u0641\u064a\u062a\u0627\u0628\u0644\u0627\u0646\u0643\u0627","url":"https:\/\/vitablanca.ma\/","logo":{"@type":"ImageObject","inLanguage":"ar","@id":"https:\/\/vitablanca.ma\/#\/schema\/logo\/image\/","url":"https:\/\/vitablanca.ma\/wp-content\/uploads\/2025\/05\/cropped-vitablanca.png","contentUrl":"https:\/\/vitablanca.ma\/wp-content\/uploads\/2025\/05\/cropped-vitablanca.png","width":360,"height":67,"caption":"VitaBlanca"},"image":{"@id":"https:\/\/vitablanca.ma\/#\/schema\/logo\/image\/"},"sameAs":["https:\/\/www.facebook.com\/profile.php?id=61576678196717","https:\/\/www.tiktok.com\/@vitablanca.ma","https:\/\/www.instagram.com\/vitablanca.ma\/"]}]}},"jetpack_sharing_enabled":true,"_links":{"self":[{"href":"https:\/\/vitablanca.ma\/ar\/wp-json\/wp\/v2\/product\/22553","targetHints":{"allow":["GET"]}}],"collection":[{"href":"https:\/\/vitablanca.ma\/ar\/wp-json\/wp\/v2\/product"}],"about":[{"href":"https:\/\/vitablanca.ma\/ar\/wp-json\/wp\/v2\/types\/product"}],"wp:featuredmedia":[{"embeddable":true,"href":"https:\/\/vitablanca.ma\/ar\/wp-json\/wp\/v2\/media\/22552"}],"wp:attachment":[{"href":"https:\/\/vitablanca.ma\/ar\/wp-json\/wp\/v2\/media?parent=22553"}],"wp:term":[{"taxonomy":"product_brand","embeddable":true,"href":"https:\/\/vitablanca.ma\/ar\/wp-json\/wp\/v2\/product_brand?post=22553"},{"taxonomy":"product_cat","embeddable":true,"href":"https:\/\/vitablanca.ma\/ar\/wp-json\/wp\/v2\/product_cat?post=22553"},{"taxonomy":"product_tag","embeddable":true,"href":"https:\/\/vitablanca.ma\/ar\/wp-json\/wp\/v2\/product_tag?post=22553"}],"curies":[{"name":"wp","href":"https:\/\/api.w.org\/{rel}","templated":true}]}}