{"id":22551,"date":"2025-06-11T22:36:58","date_gmt":"2025-06-11T22:36:58","guid":{"rendered":"https:\/\/vitablanca.ma\/product\/vichy-masque-bidose-double-eclat\/"},"modified":"2026-02-03T15:54:09","modified_gmt":"2026-02-03T15:54:09","slug":"vichy-masque-bidose-double-eclat","status":"publish","type":"product","link":"https:\/\/vitablanca.ma\/ar\/product-2\/vichy-masque-bidose-double-eclat\/","title":{"rendered":"\u0642\u0646\u0627\u0639 \u0641\u064a\u0634\u064a \u062f\u0628\u0644 \u0631\u0627\u062f\u064a\u0627\u0646\u0633 \u062b\u0646\u0627\u0626\u064a \u0627\u0644\u062c\u0631\u0639\u0629"},"content":{"rendered":"<h2>Vichy MASQUE MINERAL Masque Bidose Double \u00e9clat<\/h2>\n<p><span data-mce-fragment=\"1\">Le premier masque Vichy aux roches d\u2019origine volcanique et \u00e0 l\u2019AHA pour exfolier la peau en douceur, pour une peau plus fine, un teint frais et lumineux.<br \/>\nGr\u00e2ce \u00e0 une formule compos\u00e9e d\u2019Eau Thermale Min\u00e9ralisante de Vichy et de pierres volcaniques, le teint est plus homog\u00e8ne et \u00e9clatant, le tout dans un format id\u00e9al pour vos d\u00e9placements et vos voyages.<br \/>\nSa texture gel frais est l\u00e9g\u00e8rement parfum\u00e9e au cassis, \u00e0 la pomme et au musk blanc.<\/span><\/p>\n<div class=\"ctn_top-accordion\">\n<div class=\"accordion-item itemForm no-overflow\">\n<h3 class=\"accordion-item-title\">\u0643\u0641\u0627\u0621\u0629<\/h3>\n<div class=\"accordion-content\">\n<p>Roches d\u2019origine volcanique<br \/>\nAHA (acides alpha-hydroxyl\u00e9s)<br \/>\nVitamine Cg<br \/>\nMannose<br \/>\nEau thermale min\u00e9ralisante de Vichy<\/p>\n<p><strong><u>Imm\u00e9diatement*:<\/u><\/strong><br \/>\nExfoliation de la peau en douceur 91%<br \/>\nCellules mortes \u00e9limin\u00e9es 76%<br \/>\nTeint plus frais 87%<\/p>\n<p><strong><u>Au bout d\u2019un mois*:<\/u><\/strong><br \/>\nPeau \u00e9clatante et lumineuse 81%,<br \/>\nTeint uniforme 89%<br \/>\nPeau plus lisse 93%, plus souple 91%<br \/>\nTexture plus fine 85%<br \/>\nTest\u00e9 sur peau sensible sous contr\u00f4le dermatologique. Hypoallerg\u00e9nique.<br \/>\n* Test consommateur r\u00e9alis\u00e9 sur 54 femmes de type caucasien, 100% peau sensible, pendant 4 semaines \u00e0 raison de 2 applications par semaine.<\/p>\n<\/div>\n<\/div>\n<div class=\"accordion-item itemForm no-overflow\">\n<h3 class=\"accordion-item-title\">\u0637\u0644\u0628<\/h3>\n<div class=\"accordion-content\">\n<p>Appliquer une fine couche et laisser agir 5 minutes, puis rincez \u00e0 l\u2019eau. Utiliser 1 \u00e0 2 fois par semaine. Eviter le contour des yeux et des l\u00e8vres. En cas de contact avec les yeux, rincer imm\u00e9diatement et abondamment.<\/p>\n<\/div>\n<\/div>\n<\/div>\n<div class=\"ctn_bottom-accordion\">\n<div class=\"accordion-item composition\">\n<h3 class=\"accordion-item-title\">\u062a\u0639\u0628\u064a\u0631<\/h3>\n<div id=\"listIngredient_23958\" class=\"accordion-content obj_ingredients\">\n<div id=\"ingredients-list\">\n<p><em>AQUA \/ WATER \u2013 ALCOHOL DENAT. \u2013 GLYCERIN \u2013 DIMETHICONE \u2013 HYDROXYETHYLPIPERAZINE ETHANE SULFONIC ACID \u2013 CI 14700 \/ RED 4 \u2013 CI 19140 \/ YELLOW 5 \u2013 CARBOMER \u2013 VACCINIUM MYRTILLUS FRUIT EXTRACT \u2013 SACCHARUM OFFICINARUM EXTRACT \/ SUGAR CANE EXTRACT \u2013 PUMICE \u2013 SODIUM HYDROXIDE \u2013 PHENOXYETHANOL \u2013 MANNOSE \u2013 ASCORBYL GLUCOSIDE \u2013 DISODIUM EDTA \u2013 CAPRYLYL GLYCOL \u2013 CITRUS AURANTIUM DULCIS FRUIT WATER \/ ORANGE FRUIT WATER \u2013 CITRUS LIMON FRUIT EXTRACT \/ LEMON FRUIT EXTRACT \u2013 ACER SACCHARUM EXTRACT \/ SUGAR MAPLE EXTRACT \u2013 XANTHAN GUM \u2013 PARFUM \/ FRAGRANCE<\/em><\/p>\n<\/div>\n<\/div>\n<\/div>\n<\/div>","protected":false},"excerpt":{"rendered":"<p>Vichy MASQUE MINERAL Masque Bidose Double \u00e9clat Le premier masque Vichy aux roches d\u2019origine volcanique et \u00e0 l\u2019AHA pour exfolier la peau en douceur, pour une peau plus fine, un teint frais et lumineux. Gr\u00e2ce \u00e0 une formule compos\u00e9e d\u2019Eau Thermale Min\u00e9ralisante de Vichy et de pierres volcaniques, le teint est plus homog\u00e8ne et \u00e9clatant, [&hellip;]<\/p>\n","protected":false},"featured_media":22549,"template":"","meta":{"om_disable_all_campaigns":false},"product_brand":[3358],"product_cat":[18],"product_tag":[7276,7273,7279,7275,7272,7274,7277,3359,3360,7271,7278,3361],"class_list":{"0":"post-22551","1":"product","2":"type-product","3":"status-publish","4":"has-post-thumbnail","6":"product_brand-vichy-maroc-prix-vitablanca","7":"product_cat-beaute-sante","8":"product_tag-masque-bidose-vichy","9":"product_tag-masque-eclat-peau","10":"product_tag-masque-eclat-rapide","11":"product_tag-masque-hydratant-et-illuminateur","12":"product_tag-masque-visage-vichy","13":"product_tag-soin-booster-eclat","14":"product_tag-soin-visage-peaux-ternes","15":"product_tag-vichy","16":"product_tag-vichy-maroc","17":"product_tag-vichy-masque-bidose-double-eclat","18":"product_tag-vichy-masque-visage","19":"product_tag-vichy-morocco","21":"first","22":"instock","23":"sale","24":"taxable","25":"shipping-taxable","26":"purchasable","27":"product-type-simple"},"yoast_head":"<!-- This site is optimized with the Yoast SEO plugin v27.5 - https:\/\/yoast.com\/product\/yoast-seo-wordpress\/ -->\n<title>Vichy Masque Bidose Double \u00c9clat - Maroc Prix<\/title>\n<meta name=\"description\" content=\"Le Vichy Masque Bidose Double \u00c9clat hydrate intens\u00e9ment, illumine et revitalise la peau. Masque visage en bidoses pour une application pratique et efficace.\" \/>\n<meta name=\"robots\" content=\"index, follow, max-snippet:-1, max-image-preview:large, max-video-preview:-1\" \/>\n<link rel=\"canonical\" href=\"https:\/\/vitablanca.ma\/ar\/product-2\/vichy-masque-bidose-double-eclat\/\" \/>\n<meta property=\"og:locale\" content=\"ar_AR\" \/>\n<meta property=\"og:type\" content=\"article\" \/>\n<meta property=\"og:title\" content=\"Vichy Masque Bidose Double \u00c9clat - Maroc Prix\" \/>\n<meta property=\"og:description\" content=\"Le Vichy Masque Bidose Double \u00c9clat hydrate intens\u00e9ment, illumine et revitalise la peau. Masque visage en bidoses pour une application pratique et efficace.\" \/>\n<meta property=\"og:url\" content=\"https:\/\/vitablanca.ma\/ar\/product-2\/vichy-masque-bidose-double-eclat\/\" \/>\n<meta property=\"og:site_name\" content=\"Vitablanca.ma &ndash; Sant&eacute;, vitalit&eacute; et bien-&ecirc;tre pour tous les Marocains\" \/>\n<meta property=\"article:publisher\" content=\"https:\/\/www.facebook.com\/profile.php?id=61576678196717\" \/>\n<meta property=\"article:modified_time\" content=\"2026-02-03T15:54:09+00:00\" \/>\n<meta property=\"og:image\" content=\"https:\/\/vitablanca.ma\/wp-content\/uploads\/2025\/06\/Vichy-Masque-Bidose-Double-eclat-nova-parapharmacie-casablanca2-Raccourci.jpg\" \/>\n\t<meta property=\"og:image:width\" content=\"1000\" \/>\n\t<meta property=\"og:image:height\" content=\"1000\" \/>\n\t<meta property=\"og:image:type\" content=\"image\/jpeg\" \/>\n<meta name=\"twitter:card\" content=\"summary_large_image\" \/>\n<meta name=\"twitter:label1\" content=\"\u0648\u0642\u062a \u0627\u0644\u0642\u0631\u0627\u0621\u0629 \u0627\u0644\u0645\u064f\u0642\u062f\u0651\u0631\" \/>\n\t<meta name=\"twitter:data1\" content=\"\u062f\u0642\u064a\u0642\u062a\u0627\u0646\" \/>\n<script type=\"application\/ld+json\" class=\"yoast-schema-graph\">{\"@context\":\"https:\\\/\\\/schema.org\",\"@graph\":[{\"@type\":[\"WebPage\",\"ItemPage\"],\"@id\":\"https:\\\/\\\/vitablanca.ma\\\/produit\\\/vichy-masque-bidose-double-eclat\\\/\",\"url\":\"https:\\\/\\\/vitablanca.ma\\\/produit\\\/vichy-masque-bidose-double-eclat\\\/\",\"name\":\"Vichy Masque Bidose Double \u00c9clat - Maroc Prix\",\"isPartOf\":{\"@id\":\"https:\\\/\\\/vitablanca.ma\\\/#website\"},\"primaryImageOfPage\":{\"@id\":\"https:\\\/\\\/vitablanca.ma\\\/produit\\\/vichy-masque-bidose-double-eclat\\\/#primaryimage\"},\"image\":{\"@id\":\"https:\\\/\\\/vitablanca.ma\\\/produit\\\/vichy-masque-bidose-double-eclat\\\/#primaryimage\"},\"thumbnailUrl\":\"https:\\\/\\\/vitablanca.ma\\\/wp-content\\\/uploads\\\/2025\\\/06\\\/Vichy-Masque-Bidose-Double-eclat-nova-parapharmacie-casablanca2-Raccourci.jpg\",\"datePublished\":\"2025-06-11T22:36:58+00:00\",\"dateModified\":\"2026-02-03T15:54:09+00:00\",\"description\":\"Le Vichy Masque Bidose Double \u00c9clat hydrate intens\u00e9ment, illumine et revitalise la peau. Masque visage en bidoses pour une application pratique et efficace.\",\"breadcrumb\":{\"@id\":\"https:\\\/\\\/vitablanca.ma\\\/produit\\\/vichy-masque-bidose-double-eclat\\\/#breadcrumb\"},\"inLanguage\":\"ar\",\"potentialAction\":[{\"@type\":\"ReadAction\",\"target\":[\"https:\\\/\\\/vitablanca.ma\\\/produit\\\/vichy-masque-bidose-double-eclat\\\/\"]}]},{\"@type\":\"ImageObject\",\"inLanguage\":\"ar\",\"@id\":\"https:\\\/\\\/vitablanca.ma\\\/produit\\\/vichy-masque-bidose-double-eclat\\\/#primaryimage\",\"url\":\"https:\\\/\\\/vitablanca.ma\\\/wp-content\\\/uploads\\\/2025\\\/06\\\/Vichy-Masque-Bidose-Double-eclat-nova-parapharmacie-casablanca2-Raccourci.jpg\",\"contentUrl\":\"https:\\\/\\\/vitablanca.ma\\\/wp-content\\\/uploads\\\/2025\\\/06\\\/Vichy-Masque-Bidose-Double-eclat-nova-parapharmacie-casablanca2-Raccourci.jpg\",\"width\":1000,\"height\":1000},{\"@type\":\"BreadcrumbList\",\"@id\":\"https:\\\/\\\/vitablanca.ma\\\/produit\\\/vichy-masque-bidose-double-eclat\\\/#breadcrumb\",\"itemListElement\":[{\"@type\":\"ListItem\",\"position\":1,\"name\":\"Home\",\"item\":\"https:\\\/\\\/vitablanca.ma\\\/\"},{\"@type\":\"ListItem\",\"position\":2,\"name\":\"Tous Les Produits\",\"item\":\"https:\\\/\\\/vitablanca.ma\\\/tous-les-produits\\\/\"},{\"@type\":\"ListItem\",\"position\":3,\"name\":\"Vichy Masque Bidose Double \u00e9clat\"}]},{\"@type\":\"WebSite\",\"@id\":\"https:\\\/\\\/vitablanca.ma\\\/#website\",\"url\":\"https:\\\/\\\/vitablanca.ma\\\/\",\"name\":\"VitaBlanca.ma | Compl\u00e9ments alimentaires, sant\u00e9 & beaut\u00e9 au Maroc\",\"description\":\"vendre vitamines et compl\u00e9ments premium des USA &amp; Canada, Nouvelle Z\u00e9lande,Maroc (NOW Foods, Solgar, Manuka). Livraison rapide partout au Maroc.\",\"publisher\":{\"@id\":\"https:\\\/\\\/vitablanca.ma\\\/#organization\"},\"alternateName\":\"VitaBlanca.ma\",\"potentialAction\":[{\"@type\":\"SearchAction\",\"target\":{\"@type\":\"EntryPoint\",\"urlTemplate\":\"https:\\\/\\\/vitablanca.ma\\\/?s={search_term_string}\"},\"query-input\":{\"@type\":\"PropertyValueSpecification\",\"valueRequired\":true,\"valueName\":\"search_term_string\"}}],\"inLanguage\":\"ar\"},{\"@type\":\"Organization\",\"@id\":\"https:\\\/\\\/vitablanca.ma\\\/#organization\",\"name\":\"VitaBlanca\",\"url\":\"https:\\\/\\\/vitablanca.ma\\\/\",\"logo\":{\"@type\":\"ImageObject\",\"inLanguage\":\"ar\",\"@id\":\"https:\\\/\\\/vitablanca.ma\\\/#\\\/schema\\\/logo\\\/image\\\/\",\"url\":\"https:\\\/\\\/vitablanca.ma\\\/wp-content\\\/uploads\\\/2025\\\/05\\\/cropped-vitablanca.png\",\"contentUrl\":\"https:\\\/\\\/vitablanca.ma\\\/wp-content\\\/uploads\\\/2025\\\/05\\\/cropped-vitablanca.png\",\"width\":360,\"height\":67,\"caption\":\"VitaBlanca\"},\"image\":{\"@id\":\"https:\\\/\\\/vitablanca.ma\\\/#\\\/schema\\\/logo\\\/image\\\/\"},\"sameAs\":[\"https:\\\/\\\/www.facebook.com\\\/profile.php?id=61576678196717\",\"https:\\\/\\\/www.tiktok.com\\\/@vitablanca.ma\",\"https:\\\/\\\/www.instagram.com\\\/vitablanca.ma\\\/\"]}]}<\/script>\n<!-- \/ Yoast SEO plugin. -->","yoast_head_json":{"title":"Vichy Masque Bidose Double \u00c9clat - Maroc Prix","description":"Le Vichy Masque Bidose Double \u00c9clat hydrate intens\u00e9ment, illumine et revitalise la peau. Masque visage en bidoses pour une application pratique et efficace.","robots":{"index":"index","follow":"follow","max-snippet":"max-snippet:-1","max-image-preview":"max-image-preview:large","max-video-preview":"max-video-preview:-1"},"canonical":"https:\/\/vitablanca.ma\/ar\/product-2\/vichy-masque-bidose-double-eclat\/","og_locale":"ar_AR","og_type":"article","og_title":"Vichy Masque Bidose Double \u00c9clat - Maroc Prix","og_description":"Le Vichy Masque Bidose Double \u00c9clat hydrate intens\u00e9ment, illumine et revitalise la peau. Masque visage en bidoses pour une application pratique et efficace.","og_url":"https:\/\/vitablanca.ma\/ar\/product-2\/vichy-masque-bidose-double-eclat\/","og_site_name":"Vitablanca.ma &ndash; Sant&eacute;, vitalit&eacute; et bien-&ecirc;tre pour tous les Marocains","article_publisher":"https:\/\/www.facebook.com\/profile.php?id=61576678196717","article_modified_time":"2026-02-03T15:54:09+00:00","og_image":[{"width":1000,"height":1000,"url":"https:\/\/vitablanca.ma\/wp-content\/uploads\/2025\/06\/Vichy-Masque-Bidose-Double-eclat-nova-parapharmacie-casablanca2-Raccourci.jpg","type":"image\/jpeg"}],"twitter_card":"summary_large_image","twitter_misc":{"\u0648\u0642\u062a \u0627\u0644\u0642\u0631\u0627\u0621\u0629 \u0627\u0644\u0645\u064f\u0642\u062f\u0651\u0631":"\u062f\u0642\u064a\u0642\u062a\u0627\u0646"},"schema":{"@context":"https:\/\/schema.org","@graph":[{"@type":["WebPage","ItemPage"],"@id":"https:\/\/vitablanca.ma\/produit\/vichy-masque-bidose-double-eclat\/","url":"https:\/\/vitablanca.ma\/produit\/vichy-masque-bidose-double-eclat\/","name":"Vichy Masque Bidose Double \u00c9clat - Maroc Prix","isPartOf":{"@id":"https:\/\/vitablanca.ma\/#website"},"primaryImageOfPage":{"@id":"https:\/\/vitablanca.ma\/produit\/vichy-masque-bidose-double-eclat\/#primaryimage"},"image":{"@id":"https:\/\/vitablanca.ma\/produit\/vichy-masque-bidose-double-eclat\/#primaryimage"},"thumbnailUrl":"https:\/\/vitablanca.ma\/wp-content\/uploads\/2025\/06\/Vichy-Masque-Bidose-Double-eclat-nova-parapharmacie-casablanca2-Raccourci.jpg","datePublished":"2025-06-11T22:36:58+00:00","dateModified":"2026-02-03T15:54:09+00:00","description":"Le Vichy Masque Bidose Double \u00c9clat hydrate intens\u00e9ment, illumine et revitalise la peau. Masque visage en bidoses pour une application pratique et efficace.","breadcrumb":{"@id":"https:\/\/vitablanca.ma\/produit\/vichy-masque-bidose-double-eclat\/#breadcrumb"},"inLanguage":"ar","potentialAction":[{"@type":"ReadAction","target":["https:\/\/vitablanca.ma\/produit\/vichy-masque-bidose-double-eclat\/"]}]},{"@type":"ImageObject","inLanguage":"ar","@id":"https:\/\/vitablanca.ma\/produit\/vichy-masque-bidose-double-eclat\/#primaryimage","url":"https:\/\/vitablanca.ma\/wp-content\/uploads\/2025\/06\/Vichy-Masque-Bidose-Double-eclat-nova-parapharmacie-casablanca2-Raccourci.jpg","contentUrl":"https:\/\/vitablanca.ma\/wp-content\/uploads\/2025\/06\/Vichy-Masque-Bidose-Double-eclat-nova-parapharmacie-casablanca2-Raccourci.jpg","width":1000,"height":1000},{"@type":"BreadcrumbList","@id":"https:\/\/vitablanca.ma\/produit\/vichy-masque-bidose-double-eclat\/#breadcrumb","itemListElement":[{"@type":"ListItem","position":1,"name":"Home","item":"https:\/\/vitablanca.ma\/"},{"@type":"ListItem","position":2,"name":"Tous Les Produits","item":"https:\/\/vitablanca.ma\/tous-les-produits\/"},{"@type":"ListItem","position":3,"name":"Vichy Masque Bidose Double \u00e9clat"}]},{"@type":"WebSite","@id":"https:\/\/vitablanca.ma\/#website","url":"https:\/\/vitablanca.ma\/","name":"VitaBlanca.ma | \u0627\u0644\u0645\u0643\u0645\u0644\u0627\u062a \u0627\u0644\u063a\u0630\u0627\u0626\u064a\u0629\u060c \u0627\u0644\u0635\u062d\u0629 \u0648\u0627\u0644\u062c\u0645\u0627\u0644 \u0641\u064a \u0627\u0644\u0645\u063a\u0631\u0628","description":"\u0646\u0628\u064a\u0639 \u0641\u064a\u062a\u0627\u0645\u064a\u0646\u0627\u062a \u0648\u0645\u0643\u0645\u0644\u0627\u062a \u063a\u0630\u0627\u0626\u064a\u0629 \u0641\u0627\u062e\u0631\u0629 \u0645\u0646 \u0627\u0644\u0648\u0644\u0627\u064a\u0627\u062a \u0627\u0644\u0645\u062a\u062d\u062f\u0629 \u0627\u0644\u0623\u0645\u0631\u064a\u0643\u064a\u0629 \u0648\u0643\u0646\u062f\u0627 \u0648\u0646\u064a\u0648\u0632\u064a\u0644\u0646\u062f\u0627 \u0648\u0627\u0644\u0645\u063a\u0631\u0628 (\u0646\u0627\u0648 \u0641\u0648\u062f\u0632\u060c \u0633\u0648\u0644\u062c\u0627\u0631\u060c \u0645\u0627\u0646\u0648\u0643\u0627). \u062a\u0648\u0635\u064a\u0644 \u0633\u0631\u064a\u0639 \u0625\u0644\u0649 \u062c\u0645\u064a\u0639 \u0623\u0646\u062d\u0627\u0621 \u0627\u0644\u0645\u063a\u0631\u0628.","publisher":{"@id":"https:\/\/vitablanca.ma\/#organization"},"alternateName":"VitaBlanca.ma","potentialAction":[{"@type":"SearchAction","target":{"@type":"EntryPoint","urlTemplate":"https:\/\/vitablanca.ma\/?s={search_term_string}"},"query-input":{"@type":"PropertyValueSpecification","valueRequired":true,"valueName":"search_term_string"}}],"inLanguage":"ar"},{"@type":"Organization","@id":"https:\/\/vitablanca.ma\/#organization","name":"\u0641\u064a\u062a\u0627\u0628\u0644\u0627\u0646\u0643\u0627","url":"https:\/\/vitablanca.ma\/","logo":{"@type":"ImageObject","inLanguage":"ar","@id":"https:\/\/vitablanca.ma\/#\/schema\/logo\/image\/","url":"https:\/\/vitablanca.ma\/wp-content\/uploads\/2025\/05\/cropped-vitablanca.png","contentUrl":"https:\/\/vitablanca.ma\/wp-content\/uploads\/2025\/05\/cropped-vitablanca.png","width":360,"height":67,"caption":"VitaBlanca"},"image":{"@id":"https:\/\/vitablanca.ma\/#\/schema\/logo\/image\/"},"sameAs":["https:\/\/www.facebook.com\/profile.php?id=61576678196717","https:\/\/www.tiktok.com\/@vitablanca.ma","https:\/\/www.instagram.com\/vitablanca.ma\/"]}]}},"jetpack_sharing_enabled":true,"_links":{"self":[{"href":"https:\/\/vitablanca.ma\/ar\/wp-json\/wp\/v2\/product\/22551","targetHints":{"allow":["GET"]}}],"collection":[{"href":"https:\/\/vitablanca.ma\/ar\/wp-json\/wp\/v2\/product"}],"about":[{"href":"https:\/\/vitablanca.ma\/ar\/wp-json\/wp\/v2\/types\/product"}],"wp:featuredmedia":[{"embeddable":true,"href":"https:\/\/vitablanca.ma\/ar\/wp-json\/wp\/v2\/media\/22549"}],"wp:attachment":[{"href":"https:\/\/vitablanca.ma\/ar\/wp-json\/wp\/v2\/media?parent=22551"}],"wp:term":[{"taxonomy":"product_brand","embeddable":true,"href":"https:\/\/vitablanca.ma\/ar\/wp-json\/wp\/v2\/product_brand?post=22551"},{"taxonomy":"product_cat","embeddable":true,"href":"https:\/\/vitablanca.ma\/ar\/wp-json\/wp\/v2\/product_cat?post=22551"},{"taxonomy":"product_tag","embeddable":true,"href":"https:\/\/vitablanca.ma\/ar\/wp-json\/wp\/v2\/product_tag?post=22551"}],"curies":[{"name":"wp","href":"https:\/\/api.w.org\/{rel}","templated":true}]}}