{"id":22532,"date":"2025-06-11T22:35:55","date_gmt":"2025-06-11T22:35:55","guid":{"rendered":"https:\/\/vitablanca.ma\/product\/vichy-purete-thermale-demaquillant-integral-peaux-sensibles-3en1\/"},"modified":"2026-02-04T00:48:08","modified_gmt":"2026-02-04T00:48:08","slug":"vichy-purete-thermale-demaquillant-integral-peaux-sensibles-3en1","status":"publish","type":"product","link":"https:\/\/vitablanca.ma\/ar\/product-2\/vichy-purete-thermale-demaquillant-integral-peaux-sensibles-3en1\/","title":{"rendered":"\u0645\u0632\u064a\u0644 \u0645\u0643\u064a\u0627\u062c \u0643\u0627\u0645\u0644 3 \u0641\u064a 1 \u0645\u0646 \u0641\u064a\u0634\u064a \u0628\u064a\u0648\u0631\u064a\u0647 \u062b\u064a\u0631\u0645\u0627\u0644 \u0644\u0644\u0628\u0634\u0631\u0629 \u0627\u0644\u062d\u0633\u0627\u0633\u0629"},"content":{"rendered":"<h2 data-mce-fragment=\"1\">Vichy Purete Thermale D\u00e9maquillant int\u00e9gral peaux sensibles 3en1\u00a0Eau micellaire et Lotion Visage Nettoyant &amp; D\u00e9maquillant<\/h2>\n<p data-mce-fragment=\"1\">En un seul produit, les b\u00e9n\u00e9fices de 3 gestes : 1.Lait\u00a0 2.Lotion\u00a0 3.D\u00e9maquillant Yeux<br data-mce-fragment=\"1\" \/>Le d\u00e9maquillant int\u00e9gral 3en1 nettoie la peau de toutes ses impuret\u00e9s et des particules de pollution.\u00a0Sa formule hypoallerg\u00e9nique et test\u00e9e sous contr\u00f4le dermatologique permet un d\u00e9maquillage tout en douceur adapt\u00e9 aux peaux et aux yeux les plus sensibles.\u00a0<br data-mce-fragment=\"1\" \/>Apr\u00e8s l&rsquo;application, la peau est nette, douce, fraiche et confortable.<\/p>\n<div class=\"tick-list\" data-mce-fragment=\"1\">\n<ul data-mce-fragment=\"1\">\n<li data-mce-fragment=\"1\">D\u00c9MAQUILLE EN DOUCEUR<\/li>\n<li data-mce-fragment=\"1\">ELIMINE LES PARTICULES DE POLLUTION<\/li>\n<li data-mce-fragment=\"1\">ADAPT\u00c9 AUX PEAUX ET YEUX SENSIBLES<\/li>\n<li data-mce-fragment=\"1\">LAISSE LA PEAU DOUCE ET CONFORTABLE<\/li>\n<\/ul>\n<div class=\"ctn_top-accordion\">\n<div class=\"accordion-item itemForm no-overflow\">\n<h3 class=\"accordion-item-title\">\u0643\u0641\u0627\u0621\u0629<\/h3>\n<div class=\"accordion-content\">\n<p>Enrichi en Captelae, un extrait naturel de karit\u00e9 anti-pollution, il nettoie la peau de toutes les impuret\u00e9s et des particules de pollution m\u00eame les PM 2.5.<\/p>\n<p>La peau est nette, douce, fra\u00eeche et confortable .<\/p>\n<\/div>\n<\/div>\n<div class=\"accordion-item itemForm no-overflow\">\n<h3 class=\"accordion-item-title\">\u0637\u0644\u0628<\/h3>\n<div class=\"accordion-content\">\n<p>Appliquer \u00e0 l&rsquo;aide d&rsquo;un coton sur le visage et les yeux.<br \/>\n\u0644\u0627 \u062d\u0627\u062c\u0629 \u0644\u0644\u0634\u0637\u0641.<\/p>\n<\/div>\n<\/div>\n<div class=\"accordion-item itemForm no-overflow\">\n<h3 class=\"accordion-item-title\">\u0627\u062d\u062a\u064a\u0627\u0637\u0627\u062a \u0627\u0644\u0627\u0633\u062a\u062e\u062f\u0627\u0645<\/h3>\n<div class=\"accordion-content\">\n<p>Peau et yeux sensibles, y compris les porteurs de lentilles.<br \/>\n\u0645\u0636\u0627\u062f \u0644\u0644\u062d\u0633\u0627\u0633\u064a\u0629.<br \/>\n\u062a\u0645 \u0627\u062e\u062a\u0628\u0627\u0631\u0647 \u0645\u0646 \u0642\u0628\u0644 \u0623\u0637\u0628\u0627\u0621 \u0627\u0644\u062c\u0644\u062f\u064a\u0629.<br \/>\nAvec de l&rsquo;Eau Volcanique de Vichy.<\/p>\n<\/div>\n<\/div>\n<\/div>\n<div class=\"ctn_bottom-accordion\">\n<div class=\"accordion-item composition\">\n<h3 class=\"accordion-item-title\">\u062a\u0639\u0628\u064a\u0631<\/h3>\n<p>AQUA PARAFFINUM LIQUIDUM ISOPROPYL MYRISTATE POTASSIUM PHOSPHATE CARBOMER SODIUM HYDROXIDE DIPOTASSIUM PHOSPHATE PHOSPHATE DIPOTASSIQUE DISODIUM EDTA DISODIUM COCOAMPHODIACETATE MYRTRIMONIUM BROMIDE BUTYLENE GLYCOL BUTYROSPERMUM PARKII SEEDCAKE EXTRACT PARFUM<\/p>\n<\/div>\n<\/div>\n<\/div>","protected":false},"excerpt":{"rendered":"<p>Vichy Purete Thermale D\u00e9maquillant int\u00e9gral peaux sensibles 3en1\u00a0Eau micellaire et Lotion Visage Nettoyant &amp; D\u00e9maquillant En un seul produit, les b\u00e9n\u00e9fices de 3 gestes : 1.Lait\u00a0 2.Lotion\u00a0 3.D\u00e9maquillant YeuxLe d\u00e9maquillant int\u00e9gral 3en1 nettoie la peau de toutes ses impuret\u00e9s et des particules de pollution.\u00a0Sa formule hypoallerg\u00e9nique et test\u00e9e sous contr\u00f4le dermatologique permet un d\u00e9maquillage tout [&hellip;]<\/p>\n","protected":false},"featured_media":22530,"template":"","meta":{"om_disable_all_campaigns":false},"product_brand":[3358],"product_cat":[18],"product_tag":[6279,7358,7338,7044,6276,6178,6550,6302,6229,7337,7360,7359,6230,3359,3360,3361],"class_list":{"0":"post-22532","1":"product","2":"type-product","3":"status-publish","4":"has-post-thumbnail","6":"product_brand-vichy-maroc-prix-vitablanca","7":"product_cat-beaute-sante","8":"product_tag-confort","9":"product_tag-demaquillant-3-en-1","10":"product_tag-demaquillant-yeux","11":"product_tag-eau-thermale","12":"product_tag-hydratation","13":"product_tag-nettoyage-doux","14":"product_tag-nettoyant-visage","15":"product_tag-peau-douce","16":"product_tag-peaux-sensibles","17":"product_tag-purete-thermale","18":"product_tag-routine-visage","19":"product_tag-soin-apaisant","20":"product_tag-soin-quotidien","21":"product_tag-vichy","22":"product_tag-vichy-maroc","23":"product_tag-vichy-morocco","25":"first","26":"instock","27":"sale","28":"taxable","29":"shipping-taxable","30":"purchasable","31":"product-type-variable"},"yoast_head":"<!-- This site is optimized with the Yoast SEO plugin v27.4 - https:\/\/yoast.com\/product\/yoast-seo-wordpress\/ -->\n<title>Vichy Puret\u00e9 Thermale D\u00e9maquillant Int\u00e9gral 3-en-1 - Maroc Prix<\/title>\n<meta name=\"description\" content=\"Le Vichy Puret\u00e9 Thermale D\u00e9maquillant Int\u00e9gral 3-en-1 nettoie, d\u00e9maquille et apaise les peaux sensibles en un seul geste, pour une peau propre,\" \/>\n<meta name=\"robots\" content=\"index, follow, max-snippet:-1, max-image-preview:large, max-video-preview:-1\" \/>\n<link rel=\"canonical\" href=\"https:\/\/vitablanca.ma\/ar\/product-2\/vichy-purete-thermale-demaquillant-integral-peaux-sensibles-3en1\/\" \/>\n<meta property=\"og:locale\" content=\"ar_AR\" \/>\n<meta property=\"og:type\" content=\"article\" \/>\n<meta property=\"og:title\" content=\"Vichy Puret\u00e9 Thermale D\u00e9maquillant Int\u00e9gral 3-en-1 - Maroc Prix\" \/>\n<meta property=\"og:description\" content=\"Le Vichy Puret\u00e9 Thermale D\u00e9maquillant Int\u00e9gral 3-en-1 nettoie, d\u00e9maquille et apaise les peaux sensibles en un seul geste, pour une peau propre,\" \/>\n<meta property=\"og:url\" content=\"https:\/\/vitablanca.ma\/ar\/product-2\/vichy-purete-thermale-demaquillant-integral-peaux-sensibles-3en1\/\" \/>\n<meta property=\"og:site_name\" content=\"Vitablanca.ma &ndash; Sant&eacute;, vitalit&eacute; et bien-&ecirc;tre pour tous les Marocains\" \/>\n<meta property=\"article:publisher\" content=\"https:\/\/www.facebook.com\/profile.php?id=61576678196717\" \/>\n<meta property=\"article:modified_time\" content=\"2026-02-04T00:48:08+00:00\" \/>\n<meta property=\"og:image\" content=\"https:\/\/vitablanca.ma\/wp-content\/uploads\/2025\/06\/Vichy-Purete-Thermale-Demaquillant-integral-peaux-sensibles-3en1-200ml-nova-parapharmacie-maroc.png\" \/>\n\t<meta property=\"og:image:width\" content=\"1000\" \/>\n\t<meta property=\"og:image:height\" content=\"1000\" \/>\n\t<meta property=\"og:image:type\" content=\"image\/png\" \/>\n<meta name=\"twitter:card\" content=\"summary_large_image\" \/>\n<meta name=\"twitter:label1\" content=\"\u0648\u0642\u062a \u0627\u0644\u0642\u0631\u0627\u0621\u0629 \u0627\u0644\u0645\u064f\u0642\u062f\u0651\u0631\" \/>\n\t<meta name=\"twitter:data1\" content=\"\u062f\u0642\u064a\u0642\u062a\u0627\u0646\" \/>\n<script type=\"application\/ld+json\" class=\"yoast-schema-graph\">{\"@context\":\"https:\\\/\\\/schema.org\",\"@graph\":[{\"@type\":[\"WebPage\",\"ItemPage\"],\"@id\":\"https:\\\/\\\/vitablanca.ma\\\/produit\\\/vichy-purete-thermale-demaquillant-integral-peaux-sensibles-3en1\\\/\",\"url\":\"https:\\\/\\\/vitablanca.ma\\\/produit\\\/vichy-purete-thermale-demaquillant-integral-peaux-sensibles-3en1\\\/\",\"name\":\"Vichy Puret\u00e9 Thermale D\u00e9maquillant Int\u00e9gral 3-en-1 - Maroc Prix\",\"isPartOf\":{\"@id\":\"https:\\\/\\\/vitablanca.ma\\\/#website\"},\"primaryImageOfPage\":{\"@id\":\"https:\\\/\\\/vitablanca.ma\\\/produit\\\/vichy-purete-thermale-demaquillant-integral-peaux-sensibles-3en1\\\/#primaryimage\"},\"image\":{\"@id\":\"https:\\\/\\\/vitablanca.ma\\\/produit\\\/vichy-purete-thermale-demaquillant-integral-peaux-sensibles-3en1\\\/#primaryimage\"},\"thumbnailUrl\":\"https:\\\/\\\/vitablanca.ma\\\/wp-content\\\/uploads\\\/2025\\\/06\\\/Vichy-Purete-Thermale-Demaquillant-integral-peaux-sensibles-3en1-200ml-nova-parapharmacie-maroc.png\",\"datePublished\":\"2025-06-11T22:35:55+00:00\",\"dateModified\":\"2026-02-04T00:48:08+00:00\",\"description\":\"Le Vichy Puret\u00e9 Thermale D\u00e9maquillant Int\u00e9gral 3-en-1 nettoie, d\u00e9maquille et apaise les peaux sensibles en un seul geste, pour une peau propre,\",\"breadcrumb\":{\"@id\":\"https:\\\/\\\/vitablanca.ma\\\/produit\\\/vichy-purete-thermale-demaquillant-integral-peaux-sensibles-3en1\\\/#breadcrumb\"},\"inLanguage\":\"ar\",\"potentialAction\":[{\"@type\":\"ReadAction\",\"target\":[\"https:\\\/\\\/vitablanca.ma\\\/produit\\\/vichy-purete-thermale-demaquillant-integral-peaux-sensibles-3en1\\\/\"]}]},{\"@type\":\"ImageObject\",\"inLanguage\":\"ar\",\"@id\":\"https:\\\/\\\/vitablanca.ma\\\/produit\\\/vichy-purete-thermale-demaquillant-integral-peaux-sensibles-3en1\\\/#primaryimage\",\"url\":\"https:\\\/\\\/vitablanca.ma\\\/wp-content\\\/uploads\\\/2025\\\/06\\\/Vichy-Purete-Thermale-Demaquillant-integral-peaux-sensibles-3en1-200ml-nova-parapharmacie-maroc.png\",\"contentUrl\":\"https:\\\/\\\/vitablanca.ma\\\/wp-content\\\/uploads\\\/2025\\\/06\\\/Vichy-Purete-Thermale-Demaquillant-integral-peaux-sensibles-3en1-200ml-nova-parapharmacie-maroc.png\",\"width\":1000,\"height\":1000},{\"@type\":\"BreadcrumbList\",\"@id\":\"https:\\\/\\\/vitablanca.ma\\\/produit\\\/vichy-purete-thermale-demaquillant-integral-peaux-sensibles-3en1\\\/#breadcrumb\",\"itemListElement\":[{\"@type\":\"ListItem\",\"position\":1,\"name\":\"Home\",\"item\":\"https:\\\/\\\/vitablanca.ma\\\/\"},{\"@type\":\"ListItem\",\"position\":2,\"name\":\"Tous Les Produits\",\"item\":\"https:\\\/\\\/vitablanca.ma\\\/tous-les-produits\\\/\"},{\"@type\":\"ListItem\",\"position\":3,\"name\":\"Vichy Purete Thermale D\u00e9maquillant int\u00e9gral peaux sensibles 3en1\"}]},{\"@type\":\"WebSite\",\"@id\":\"https:\\\/\\\/vitablanca.ma\\\/#website\",\"url\":\"https:\\\/\\\/vitablanca.ma\\\/\",\"name\":\"VitaBlanca.ma | Compl\u00e9ments alimentaires, sant\u00e9 & beaut\u00e9 au Maroc\",\"description\":\"vendre vitamines et compl\u00e9ments premium des USA &amp; Canada, Nouvelle Z\u00e9lande,Maroc (NOW Foods, Solgar, Manuka). Livraison rapide partout au Maroc.\",\"publisher\":{\"@id\":\"https:\\\/\\\/vitablanca.ma\\\/#organization\"},\"alternateName\":\"VitaBlanca.ma\",\"potentialAction\":[{\"@type\":\"SearchAction\",\"target\":{\"@type\":\"EntryPoint\",\"urlTemplate\":\"https:\\\/\\\/vitablanca.ma\\\/?s={search_term_string}\"},\"query-input\":{\"@type\":\"PropertyValueSpecification\",\"valueRequired\":true,\"valueName\":\"search_term_string\"}}],\"inLanguage\":\"ar\"},{\"@type\":\"Organization\",\"@id\":\"https:\\\/\\\/vitablanca.ma\\\/#organization\",\"name\":\"VitaBlanca\",\"url\":\"https:\\\/\\\/vitablanca.ma\\\/\",\"logo\":{\"@type\":\"ImageObject\",\"inLanguage\":\"ar\",\"@id\":\"https:\\\/\\\/vitablanca.ma\\\/#\\\/schema\\\/logo\\\/image\\\/\",\"url\":\"https:\\\/\\\/vitablanca.ma\\\/wp-content\\\/uploads\\\/2025\\\/05\\\/cropped-vitablanca.png\",\"contentUrl\":\"https:\\\/\\\/vitablanca.ma\\\/wp-content\\\/uploads\\\/2025\\\/05\\\/cropped-vitablanca.png\",\"width\":360,\"height\":67,\"caption\":\"VitaBlanca\"},\"image\":{\"@id\":\"https:\\\/\\\/vitablanca.ma\\\/#\\\/schema\\\/logo\\\/image\\\/\"},\"sameAs\":[\"https:\\\/\\\/www.facebook.com\\\/profile.php?id=61576678196717\",\"https:\\\/\\\/www.tiktok.com\\\/@vitablanca.ma\",\"https:\\\/\\\/www.instagram.com\\\/vitablanca.ma\\\/\"]}]}<\/script>\n<!-- \/ Yoast SEO plugin. -->","yoast_head_json":{"title":"Vichy Puret\u00e9 Thermale D\u00e9maquillant Int\u00e9gral 3-en-1 - Maroc Prix","description":"Le Vichy Puret\u00e9 Thermale D\u00e9maquillant Int\u00e9gral 3-en-1 nettoie, d\u00e9maquille et apaise les peaux sensibles en un seul geste, pour une peau propre,","robots":{"index":"index","follow":"follow","max-snippet":"max-snippet:-1","max-image-preview":"max-image-preview:large","max-video-preview":"max-video-preview:-1"},"canonical":"https:\/\/vitablanca.ma\/ar\/product-2\/vichy-purete-thermale-demaquillant-integral-peaux-sensibles-3en1\/","og_locale":"ar_AR","og_type":"article","og_title":"Vichy Puret\u00e9 Thermale D\u00e9maquillant Int\u00e9gral 3-en-1 - Maroc Prix","og_description":"Le Vichy Puret\u00e9 Thermale D\u00e9maquillant Int\u00e9gral 3-en-1 nettoie, d\u00e9maquille et apaise les peaux sensibles en un seul geste, pour une peau propre,","og_url":"https:\/\/vitablanca.ma\/ar\/product-2\/vichy-purete-thermale-demaquillant-integral-peaux-sensibles-3en1\/","og_site_name":"Vitablanca.ma &ndash; Sant&eacute;, vitalit&eacute; et bien-&ecirc;tre pour tous les Marocains","article_publisher":"https:\/\/www.facebook.com\/profile.php?id=61576678196717","article_modified_time":"2026-02-04T00:48:08+00:00","og_image":[{"width":1000,"height":1000,"url":"https:\/\/vitablanca.ma\/wp-content\/uploads\/2025\/06\/Vichy-Purete-Thermale-Demaquillant-integral-peaux-sensibles-3en1-200ml-nova-parapharmacie-maroc.png","type":"image\/png"}],"twitter_card":"summary_large_image","twitter_misc":{"\u0648\u0642\u062a \u0627\u0644\u0642\u0631\u0627\u0621\u0629 \u0627\u0644\u0645\u064f\u0642\u062f\u0651\u0631":"\u062f\u0642\u064a\u0642\u062a\u0627\u0646"},"schema":{"@context":"https:\/\/schema.org","@graph":[{"@type":["WebPage","ItemPage"],"@id":"https:\/\/vitablanca.ma\/produit\/vichy-purete-thermale-demaquillant-integral-peaux-sensibles-3en1\/","url":"https:\/\/vitablanca.ma\/produit\/vichy-purete-thermale-demaquillant-integral-peaux-sensibles-3en1\/","name":"Vichy Puret\u00e9 Thermale D\u00e9maquillant Int\u00e9gral 3-en-1 - Maroc Prix","isPartOf":{"@id":"https:\/\/vitablanca.ma\/#website"},"primaryImageOfPage":{"@id":"https:\/\/vitablanca.ma\/produit\/vichy-purete-thermale-demaquillant-integral-peaux-sensibles-3en1\/#primaryimage"},"image":{"@id":"https:\/\/vitablanca.ma\/produit\/vichy-purete-thermale-demaquillant-integral-peaux-sensibles-3en1\/#primaryimage"},"thumbnailUrl":"https:\/\/vitablanca.ma\/wp-content\/uploads\/2025\/06\/Vichy-Purete-Thermale-Demaquillant-integral-peaux-sensibles-3en1-200ml-nova-parapharmacie-maroc.png","datePublished":"2025-06-11T22:35:55+00:00","dateModified":"2026-02-04T00:48:08+00:00","description":"Le Vichy Puret\u00e9 Thermale D\u00e9maquillant Int\u00e9gral 3-en-1 nettoie, d\u00e9maquille et apaise les peaux sensibles en un seul geste, pour une peau propre,","breadcrumb":{"@id":"https:\/\/vitablanca.ma\/produit\/vichy-purete-thermale-demaquillant-integral-peaux-sensibles-3en1\/#breadcrumb"},"inLanguage":"ar","potentialAction":[{"@type":"ReadAction","target":["https:\/\/vitablanca.ma\/produit\/vichy-purete-thermale-demaquillant-integral-peaux-sensibles-3en1\/"]}]},{"@type":"ImageObject","inLanguage":"ar","@id":"https:\/\/vitablanca.ma\/produit\/vichy-purete-thermale-demaquillant-integral-peaux-sensibles-3en1\/#primaryimage","url":"https:\/\/vitablanca.ma\/wp-content\/uploads\/2025\/06\/Vichy-Purete-Thermale-Demaquillant-integral-peaux-sensibles-3en1-200ml-nova-parapharmacie-maroc.png","contentUrl":"https:\/\/vitablanca.ma\/wp-content\/uploads\/2025\/06\/Vichy-Purete-Thermale-Demaquillant-integral-peaux-sensibles-3en1-200ml-nova-parapharmacie-maroc.png","width":1000,"height":1000},{"@type":"BreadcrumbList","@id":"https:\/\/vitablanca.ma\/produit\/vichy-purete-thermale-demaquillant-integral-peaux-sensibles-3en1\/#breadcrumb","itemListElement":[{"@type":"ListItem","position":1,"name":"Home","item":"https:\/\/vitablanca.ma\/"},{"@type":"ListItem","position":2,"name":"Tous Les Produits","item":"https:\/\/vitablanca.ma\/tous-les-produits\/"},{"@type":"ListItem","position":3,"name":"Vichy Purete Thermale D\u00e9maquillant int\u00e9gral peaux sensibles 3en1"}]},{"@type":"WebSite","@id":"https:\/\/vitablanca.ma\/#website","url":"https:\/\/vitablanca.ma\/","name":"VitaBlanca.ma | \u0627\u0644\u0645\u0643\u0645\u0644\u0627\u062a \u0627\u0644\u063a\u0630\u0627\u0626\u064a\u0629\u060c \u0627\u0644\u0635\u062d\u0629 \u0648\u0627\u0644\u062c\u0645\u0627\u0644 \u0641\u064a \u0627\u0644\u0645\u063a\u0631\u0628","description":"\u0646\u0628\u064a\u0639 \u0641\u064a\u062a\u0627\u0645\u064a\u0646\u0627\u062a \u0648\u0645\u0643\u0645\u0644\u0627\u062a \u063a\u0630\u0627\u0626\u064a\u0629 \u0641\u0627\u062e\u0631\u0629 \u0645\u0646 \u0627\u0644\u0648\u0644\u0627\u064a\u0627\u062a \u0627\u0644\u0645\u062a\u062d\u062f\u0629 \u0627\u0644\u0623\u0645\u0631\u064a\u0643\u064a\u0629 \u0648\u0643\u0646\u062f\u0627 \u0648\u0646\u064a\u0648\u0632\u064a\u0644\u0646\u062f\u0627 \u0648\u0627\u0644\u0645\u063a\u0631\u0628 (\u0646\u0627\u0648 \u0641\u0648\u062f\u0632\u060c \u0633\u0648\u0644\u062c\u0627\u0631\u060c \u0645\u0627\u0646\u0648\u0643\u0627). \u062a\u0648\u0635\u064a\u0644 \u0633\u0631\u064a\u0639 \u0625\u0644\u0649 \u062c\u0645\u064a\u0639 \u0623\u0646\u062d\u0627\u0621 \u0627\u0644\u0645\u063a\u0631\u0628.","publisher":{"@id":"https:\/\/vitablanca.ma\/#organization"},"alternateName":"VitaBlanca.ma","potentialAction":[{"@type":"SearchAction","target":{"@type":"EntryPoint","urlTemplate":"https:\/\/vitablanca.ma\/?s={search_term_string}"},"query-input":{"@type":"PropertyValueSpecification","valueRequired":true,"valueName":"search_term_string"}}],"inLanguage":"ar"},{"@type":"Organization","@id":"https:\/\/vitablanca.ma\/#organization","name":"\u0641\u064a\u062a\u0627\u0628\u0644\u0627\u0646\u0643\u0627","url":"https:\/\/vitablanca.ma\/","logo":{"@type":"ImageObject","inLanguage":"ar","@id":"https:\/\/vitablanca.ma\/#\/schema\/logo\/image\/","url":"https:\/\/vitablanca.ma\/wp-content\/uploads\/2025\/05\/cropped-vitablanca.png","contentUrl":"https:\/\/vitablanca.ma\/wp-content\/uploads\/2025\/05\/cropped-vitablanca.png","width":360,"height":67,"caption":"VitaBlanca"},"image":{"@id":"https:\/\/vitablanca.ma\/#\/schema\/logo\/image\/"},"sameAs":["https:\/\/www.facebook.com\/profile.php?id=61576678196717","https:\/\/www.tiktok.com\/@vitablanca.ma","https:\/\/www.instagram.com\/vitablanca.ma\/"]}]}},"jetpack_sharing_enabled":true,"_links":{"self":[{"href":"https:\/\/vitablanca.ma\/ar\/wp-json\/wp\/v2\/product\/22532","targetHints":{"allow":["GET"]}}],"collection":[{"href":"https:\/\/vitablanca.ma\/ar\/wp-json\/wp\/v2\/product"}],"about":[{"href":"https:\/\/vitablanca.ma\/ar\/wp-json\/wp\/v2\/types\/product"}],"wp:featuredmedia":[{"embeddable":true,"href":"https:\/\/vitablanca.ma\/ar\/wp-json\/wp\/v2\/media\/22530"}],"wp:attachment":[{"href":"https:\/\/vitablanca.ma\/ar\/wp-json\/wp\/v2\/media?parent=22532"}],"wp:term":[{"taxonomy":"product_brand","embeddable":true,"href":"https:\/\/vitablanca.ma\/ar\/wp-json\/wp\/v2\/product_brand?post=22532"},{"taxonomy":"product_cat","embeddable":true,"href":"https:\/\/vitablanca.ma\/ar\/wp-json\/wp\/v2\/product_cat?post=22532"},{"taxonomy":"product_tag","embeddable":true,"href":"https:\/\/vitablanca.ma\/ar\/wp-json\/wp\/v2\/product_tag?post=22532"}],"curies":[{"name":"wp","href":"https:\/\/api.w.org\/{rel}","templated":true}]}}