{"id":22516,"date":"2025-06-11T22:34:34","date_gmt":"2025-06-11T22:34:34","guid":{"rendered":"https:\/\/vitablanca.ma\/product\/vichy-dercos-kera-solutions-masque-2-minutes-reparateur-200ml\/"},"modified":"2026-02-04T01:06:21","modified_gmt":"2026-02-04T01:06:21","slug":"vichy-dercos-kera-solutions-masque-2-minutes-reparateur-200ml","status":"publish","type":"product","link":"https:\/\/vitablanca.ma\/ar\/product-2\/vichy-dercos-kera-solutions-masque-2-minutes-reparateur-200ml\/","title":{"rendered":"\u0642\u0646\u0627\u0639 \u0625\u0635\u0644\u0627\u062d \u0643\u064a\u0631\u0627 \u0633\u0648\u0644\u064a\u0648\u0634\u0646\u0632 \u062f\u064a\u0631\u0643\u0648\u0633 \u0641\u064a\u0634\u064a 2 \u062f\u0642\u064a\u0642\u0629 200 \u0645\u0644"},"content":{"rendered":"<h2><span data-mce-fragment=\"1\">\u064a\u0639\u0645\u0644 \u0642\u0646\u0627\u0639 Vichy Dercos Kera-Solutions 2 Minute Repair \u0639\u0644\u0649 \u0625\u0635\u0644\u0627\u062d \u0627\u0644\u0634\u0639\u0631 \u0645\u0646\u0630 \u0627\u0644\u0627\u0633\u062a\u062e\u062f\u0627\u0645 \u0627\u0644\u0623\u0648\u0644.<\/span><\/h2>\n<p><span data-mce-fragment=\"1\">\u062a\u0624\u062b\u0631 \u0627\u0644\u0647\u062c\u0645\u0627\u062a \u0627\u0644\u0643\u064a\u0645\u064a\u0627\u0626\u064a\u0629 \u0648\u0627\u0644\u062d\u0631\u0627\u0631\u064a\u0629 \u0648\u0627\u0644\u0645\u064a\u0643\u0627\u0646\u064a\u0643\u064a\u0629 \u0628\u0634\u0643\u0644 \u0643\u0628\u064a\u0631 \u0639\u0644\u0649 \u0628\u0646\u064a\u0629 \u0627\u0644\u0634\u0639\u0631 \u0648\u062a\u0624\u062f\u064a \u0625\u0644\u0649 \u062a\u0644\u0641 \u0627\u0644\u0643\u064a\u0631\u0627\u062a\u064a\u0646.<\/span><br data-mce-fragment=\"1\" \/><span data-mce-fragment=\"1\">Les cheveux s\u2019ab\u00eement, ils deviennent ternes, cassants, rugueux au toucher\u2026 Le masque Kera-Solutions 2min R\u00e9parateur associe une formule micro-comblante* au COMPLEXE PRO-K\u00c9RATINE pour renouveler les cheveux d\u00e8s la premi\u00e8re utilisation.<\/span><br data-mce-fragment=\"1\" \/><span data-mce-fragment=\"1\">\u0639\u0646\u062f \u0627\u0633\u062a\u062e\u062f\u0627\u0645\u0647 \u0645\u0639 \u0634\u0627\u0645\u0628\u0648 Kera-Solutions\u060c \u0641\u0625\u0646\u0647 \u064a\u0642\u0644\u0644 \u0639\u0644\u0649 \u0627\u0644\u0641\u0648\u0631 \u0645\u0646 \u062a\u0644\u0641 \u0627\u0644\u0634\u0639\u0631 \u0628\u0646\u0633\u0628\u0629 -60%<\/span><sup data-mce-fragment=\"1\">1<\/sup><span data-mce-fragment=\"1\">.<\/span><\/p>\n<ul>\n<li>\u064a\u0635\u0644\u062d \u0627\u0644\u0634\u0639\u0631 \u0645\u0646 \u0627\u0644\u0627\u0633\u062a\u062e\u062f\u0627\u0645 \u0627\u0644\u0623\u0648\u0644<\/li>\n<li>\u064a\u063a\u0630\u064a \u0623\u0644\u064a\u0627\u0641 \u0627\u0644\u0634\u0639\u0631<\/li>\n<li>N\u2019ALOURDIT PAS LES CHEVEUX<\/li>\n<li>\u0641\u0643 \u0627\u0644\u062a\u0634\u0627\u0628\u0643<\/li>\n<li>\u0646\u0639\u0648\u0645\u0629 \u0648\u0644\u0645\u0639\u0627\u0646 \u0627\u0644\u0634\u0639\u0631<\/li>\n<\/ul>\n<h3 class=\"title_string\">CONSEILS D\u2019APPLICATIONS<\/h3>\n<div id=\"undefined-panneau-1\" class=\"item visible\" tabindex=\"0\" aria-hidden=\"false\">\n<div class=\"ctn_txt\">\n<p><strong>1. \u0627\u0633\u062a\u062e\u062f\u0645 \u0627\u0644\u0634\u0627\u0645\u0628\u0648<\/strong><\/p>\n<p>Appliquer le shampooing sur le cuir chevelu & sur cheveux mouill\u00e9s. Masser d\u00e9licatement puis rincer.<\/p>\n<\/div>\n<\/div>\n<div id=\"undefined-panneau-2\" class=\"item visible\" tabindex=\"0\" aria-hidden=\"false\">\n<div class=\"ctn_txt\">\n<p><strong>2. \u0636\u0639\u064a \u0627\u0644\u0642\u0646\u0627\u0639<\/strong><\/p>\n<p>\u0636\u0639\u064a \u0627\u0644\u0642\u0646\u0627\u0639 \u0639\u0644\u0649 \u0634\u0639\u0631\u0643\u0650 \u0648\u062f\u0644\u0643\u064a \u0628\u0644\u0637\u0641.<br \/>\n\u062b\u0645 \u0627\u062a\u0631\u0643\u064a\u0647 \u0644\u0645\u062f\u0629 \u062f\u0642\u064a\u0642\u062a\u064a\u0646 \u062b\u0645 \u0627\u0634\u0637\u0641\u064a\u0647.<\/p>\n<\/div>\n<\/div>\n<div id=\"undefined-panneau-3\" class=\"item visible\" tabindex=\"0\" aria-hidden=\"false\">\n<div class=\"ctn_txt\">\n<p><strong>3. \u062a\u0645 \u0625\u0635\u0644\u0627\u062d \u0634\u0639\u0631\u0643!<\/strong><\/p>\n<\/div>\n<\/div>\n<h3><span data-mce-fragment=\"1\">\u062a\u0639\u0628\u064a\u0631<\/span><\/h3>\n<p><span data-mce-fragment=\"1\"> \u0645\u0627\u0621\u060c \u0643\u062d\u0648\u0644 \u0627\u0644\u0633\u064a\u062a\u0631\u064a\u0644\u060c \u0643\u0644\u0648\u0631\u064a\u062f \u062b\u0646\u0627\u0626\u064a \u062f\u064a\u0633\u062a\u064a\u0644 \u062b\u0646\u0627\u0626\u064a \u0645\u0648\u0646\u064a\u0648\u0645\u060c \u0632\u064a\u062a \u062c\u0648\u0632 \u0627\u0644\u0647\u0646\u062f\u060c \u0643\u0644\u0648\u0631\u064a\u062f \u0627\u0644\u0633\u064a\u062a\u0631\u064a\u0645\u0648\u0646\u064a\u0648\u0645\u060c \u062d\u0645\u0636 \u0627\u0644\u0623\u0633\u064a\u062a\u064a\u0643\u060c \u0623\u0645\u0648\u062f\u064a\u0645\u064a\u062b\u064a\u0643\u0648\u0646\u060c \u0625\u0633\u062a\u0631\u0627\u062a \u0627\u0644\u0633\u064a\u062a\u064a\u0644\u060c \u062b\u0646\u0627\u0626\u064a \u063a\u0644\u0648\u0643\u0648\u0646\u0627\u062a \u0627\u0644\u0643\u0644\u0648\u0631\u0647\u064a\u0643\u0633\u064a\u062f\u064a\u0646\u060c \u062b\u0646\u0627\u0626\u064a \u0645\u064a\u062b\u064a\u0643\u0648\u0646\u060c \u0628\u0631\u0648\u062a\u064a\u0646 \u0627\u0644\u0630\u0631\u0629 \u0627\u0644\u0645\u064f\u062d\u0644\u0644\u060c \u0628\u0631\u0648\u062a\u064a\u0646 \u0627\u0644\u0635\u0648\u064a\u0627 \u0627\u0644\u0645\u064f\u062d\u0644\u0644\u060c \u0628\u0631\u0648\u062a\u064a\u0646 \u0627\u0644\u0642\u0645\u062d \u0627\u0644\u0645\u064f\u062d\u0644\u0644\u060c \u0643\u062d\u0648\u0644 \u0627\u0644\u0623\u064a\u0632\u0648\u0628\u0631\u0648\u0628\u064a\u0644\u060c \u0628\u0627\u0646\u062b\u064a\u0646\u0648\u0644\u060c \u0633\u062a\u064a\u0631\u0627\u062a PEG-100\u060c \u0641\u064a\u0646\u0648\u0643\u0633\u064a \u0625\u064a\u062b\u0627\u0646\u0648\u0644\u060c \u0628\u0646\u0632\u0648\u0627\u062a \u0627\u0644\u0635\u0648\u062f\u064a\u0648\u0645\u060c \u0633\u062a\u064a\u0631\u064a\u062b-6\u060c \u062d\u0645\u0636 \u0627\u0644\u0637\u0631\u0637\u0631\u064a\u0643\u060c \u062a\u0631\u0627\u064a\u062f\u0633\u062a\u064a\u062b-10\u060c \u062a\u0631\u0627\u064a\u062f\u0633\u062a\u064a\u062b-3<\/span><\/p>","protected":false},"excerpt":{"rendered":"<p>Vichy Dercos Kera-Solutions Masque 2 Minutes R\u00e9parateur\u00a0r\u00e9pare les cheveux d\u00e8s la premi\u00e8re utilisation. Les agressions chimiques, thermiques et m\u00e9caniques impactent profond\u00e9ment la structure du cheveu, et d\u00e9t\u00e9riorent sa k\u00e9ratine.Les cheveux s\u2019ab\u00eement, ils deviennent ternes, cassants, rugueux au toucher\u2026 Le masque Kera-Solutions 2min R\u00e9parateur associe une formule micro-comblante* au COMPLEXE PRO-K\u00c9RATINE pour renouveler les cheveux d\u00e8s [&hellip;]<\/p>\n","protected":false},"featured_media":22514,"template":"","meta":{"om_disable_all_campaigns":false},"product_brand":[3358],"product_cat":[18],"product_tag":[5834,7342,7398,7393,7394,7401,7399,7403,7402,7400,7397,7395,7396,5780,3359,7392,3360,3361],"class_list":{"0":"post-22516","1":"product","2":"type-product","3":"status-publish","4":"has-post-thumbnail","6":"product_brand-vichy-maroc-prix-vitablanca","7":"product_cat-beaute-sante","8":"product_tag-cheveux-abimes","9":"product_tag-cheveux-fragilises","10":"product_tag-eau-thermale-vichy","11":"product_tag-kera-solutions","12":"product_tag-masque-2-minutes","13":"product_tag-masque-cheveux-200-ml","14":"product_tag-masque-cheveux-doux","15":"product_tag-masque-cheveux-sans-parabenes","16":"product_tag-masque-nourrissant-vichy","17":"product_tag-masque-pointes-seches","18":"product_tag-masque-rapide","19":"product_tag-masque-reparateur-cheveux","20":"product_tag-soin-capillaire-nourrissant","21":"product_tag-soin-cheveux-fragilises","22":"product_tag-vichy","23":"product_tag-vichy-dercos","24":"product_tag-vichy-maroc","25":"product_tag-vichy-morocco","27":"first","28":"instock","29":"sale","30":"taxable","31":"shipping-taxable","32":"purchasable","33":"product-type-simple"},"yoast_head":"<!-- This site is optimized with the Yoast SEO plugin v27.5 - https:\/\/yoast.com\/product\/yoast-seo-wordpress\/ -->\n<title>Vichy Dercos Kera-Solutions Masque R\u00e9parateur - Maroc Prix<\/title>\n<meta name=\"description\" content=\"Vichy Dercos Kera-Solutions Masque 2 Minutes R\u00e9parateur 200 ml : nourrit, r\u00e9pare et renforce cheveux fragilis\u00e9s en seulement 2 minutes.\" \/>\n<meta name=\"robots\" content=\"index, follow, max-snippet:-1, max-image-preview:large, max-video-preview:-1\" \/>\n<link rel=\"canonical\" href=\"https:\/\/vitablanca.ma\/ar\/product-2\/vichy-dercos-kera-solutions-masque-2-minutes-reparateur-200ml\/\" \/>\n<meta property=\"og:locale\" content=\"ar_AR\" \/>\n<meta property=\"og:type\" content=\"article\" \/>\n<meta property=\"og:title\" content=\"Vichy Dercos Kera-Solutions Masque R\u00e9parateur - Maroc Prix\" \/>\n<meta property=\"og:description\" content=\"Vichy Dercos Kera-Solutions Masque 2 Minutes R\u00e9parateur 200 ml : nourrit, r\u00e9pare et renforce cheveux fragilis\u00e9s en seulement 2 minutes.\" \/>\n<meta property=\"og:url\" content=\"https:\/\/vitablanca.ma\/ar\/product-2\/vichy-dercos-kera-solutions-masque-2-minutes-reparateur-200ml\/\" \/>\n<meta property=\"og:site_name\" content=\"Vitablanca.ma &ndash; Sant&eacute;, vitalit&eacute; et bien-&ecirc;tre pour tous les Marocains\" \/>\n<meta property=\"article:publisher\" content=\"https:\/\/www.facebook.com\/profile.php?id=61576678196717\" \/>\n<meta property=\"article:modified_time\" content=\"2026-02-04T01:06:21+00:00\" \/>\n<meta property=\"og:image\" content=\"https:\/\/vitablanca.ma\/wp-content\/uploads\/2025\/06\/Vichy-Dercos-Kera-Solutions-Masque-2-Minutes-Reparateur-200ml-nova-parapharmacie-maroc.png\" \/>\n\t<meta property=\"og:image:width\" content=\"1000\" \/>\n\t<meta property=\"og:image:height\" content=\"1000\" \/>\n\t<meta property=\"og:image:type\" content=\"image\/png\" \/>\n<meta name=\"twitter:card\" content=\"summary_large_image\" \/>\n<meta name=\"twitter:label1\" content=\"\u0648\u0642\u062a \u0627\u0644\u0642\u0631\u0627\u0621\u0629 \u0627\u0644\u0645\u064f\u0642\u062f\u0651\u0631\" \/>\n\t<meta name=\"twitter:data1\" content=\"\u062f\u0642\u064a\u0642\u062a\u0627\u0646\" \/>\n<script type=\"application\/ld+json\" class=\"yoast-schema-graph\">{\"@context\":\"https:\\\/\\\/schema.org\",\"@graph\":[{\"@type\":[\"WebPage\",\"ItemPage\"],\"@id\":\"https:\\\/\\\/vitablanca.ma\\\/produit\\\/vichy-dercos-kera-solutions-masque-2-minutes-reparateur-200ml\\\/\",\"url\":\"https:\\\/\\\/vitablanca.ma\\\/produit\\\/vichy-dercos-kera-solutions-masque-2-minutes-reparateur-200ml\\\/\",\"name\":\"Vichy Dercos Kera-Solutions Masque R\u00e9parateur - Maroc Prix\",\"isPartOf\":{\"@id\":\"https:\\\/\\\/vitablanca.ma\\\/#website\"},\"primaryImageOfPage\":{\"@id\":\"https:\\\/\\\/vitablanca.ma\\\/produit\\\/vichy-dercos-kera-solutions-masque-2-minutes-reparateur-200ml\\\/#primaryimage\"},\"image\":{\"@id\":\"https:\\\/\\\/vitablanca.ma\\\/produit\\\/vichy-dercos-kera-solutions-masque-2-minutes-reparateur-200ml\\\/#primaryimage\"},\"thumbnailUrl\":\"https:\\\/\\\/vitablanca.ma\\\/wp-content\\\/uploads\\\/2025\\\/06\\\/Vichy-Dercos-Kera-Solutions-Masque-2-Minutes-Reparateur-200ml-nova-parapharmacie-maroc.png\",\"datePublished\":\"2025-06-11T22:34:34+00:00\",\"dateModified\":\"2026-02-04T01:06:21+00:00\",\"description\":\"Vichy Dercos Kera-Solutions Masque 2 Minutes R\u00e9parateur 200 ml : nourrit, r\u00e9pare et renforce cheveux fragilis\u00e9s en seulement 2 minutes.\",\"breadcrumb\":{\"@id\":\"https:\\\/\\\/vitablanca.ma\\\/produit\\\/vichy-dercos-kera-solutions-masque-2-minutes-reparateur-200ml\\\/#breadcrumb\"},\"inLanguage\":\"ar\",\"potentialAction\":[{\"@type\":\"ReadAction\",\"target\":[\"https:\\\/\\\/vitablanca.ma\\\/produit\\\/vichy-dercos-kera-solutions-masque-2-minutes-reparateur-200ml\\\/\"]}]},{\"@type\":\"ImageObject\",\"inLanguage\":\"ar\",\"@id\":\"https:\\\/\\\/vitablanca.ma\\\/produit\\\/vichy-dercos-kera-solutions-masque-2-minutes-reparateur-200ml\\\/#primaryimage\",\"url\":\"https:\\\/\\\/vitablanca.ma\\\/wp-content\\\/uploads\\\/2025\\\/06\\\/Vichy-Dercos-Kera-Solutions-Masque-2-Minutes-Reparateur-200ml-nova-parapharmacie-maroc.png\",\"contentUrl\":\"https:\\\/\\\/vitablanca.ma\\\/wp-content\\\/uploads\\\/2025\\\/06\\\/Vichy-Dercos-Kera-Solutions-Masque-2-Minutes-Reparateur-200ml-nova-parapharmacie-maroc.png\",\"width\":1000,\"height\":1000},{\"@type\":\"BreadcrumbList\",\"@id\":\"https:\\\/\\\/vitablanca.ma\\\/produit\\\/vichy-dercos-kera-solutions-masque-2-minutes-reparateur-200ml\\\/#breadcrumb\",\"itemListElement\":[{\"@type\":\"ListItem\",\"position\":1,\"name\":\"Home\",\"item\":\"https:\\\/\\\/vitablanca.ma\\\/\"},{\"@type\":\"ListItem\",\"position\":2,\"name\":\"Tous Les Produits\",\"item\":\"https:\\\/\\\/vitablanca.ma\\\/tous-les-produits\\\/\"},{\"@type\":\"ListItem\",\"position\":3,\"name\":\"Vichy Dercos Kera-Solutions Masque 2 Minutes R\u00e9parateur 200ml\"}]},{\"@type\":\"WebSite\",\"@id\":\"https:\\\/\\\/vitablanca.ma\\\/#website\",\"url\":\"https:\\\/\\\/vitablanca.ma\\\/\",\"name\":\"VitaBlanca.ma | Compl\u00e9ments alimentaires, sant\u00e9 & beaut\u00e9 au Maroc\",\"description\":\"vendre vitamines et compl\u00e9ments premium des USA &amp; Canada, Nouvelle Z\u00e9lande,Maroc (NOW Foods, Solgar, Manuka). Livraison rapide partout au Maroc.\",\"publisher\":{\"@id\":\"https:\\\/\\\/vitablanca.ma\\\/#organization\"},\"alternateName\":\"VitaBlanca.ma\",\"potentialAction\":[{\"@type\":\"SearchAction\",\"target\":{\"@type\":\"EntryPoint\",\"urlTemplate\":\"https:\\\/\\\/vitablanca.ma\\\/?s={search_term_string}\"},\"query-input\":{\"@type\":\"PropertyValueSpecification\",\"valueRequired\":true,\"valueName\":\"search_term_string\"}}],\"inLanguage\":\"ar\"},{\"@type\":\"Organization\",\"@id\":\"https:\\\/\\\/vitablanca.ma\\\/#organization\",\"name\":\"VitaBlanca\",\"url\":\"https:\\\/\\\/vitablanca.ma\\\/\",\"logo\":{\"@type\":\"ImageObject\",\"inLanguage\":\"ar\",\"@id\":\"https:\\\/\\\/vitablanca.ma\\\/#\\\/schema\\\/logo\\\/image\\\/\",\"url\":\"https:\\\/\\\/vitablanca.ma\\\/wp-content\\\/uploads\\\/2025\\\/05\\\/cropped-vitablanca.png\",\"contentUrl\":\"https:\\\/\\\/vitablanca.ma\\\/wp-content\\\/uploads\\\/2025\\\/05\\\/cropped-vitablanca.png\",\"width\":360,\"height\":67,\"caption\":\"VitaBlanca\"},\"image\":{\"@id\":\"https:\\\/\\\/vitablanca.ma\\\/#\\\/schema\\\/logo\\\/image\\\/\"},\"sameAs\":[\"https:\\\/\\\/www.facebook.com\\\/profile.php?id=61576678196717\",\"https:\\\/\\\/www.tiktok.com\\\/@vitablanca.ma\",\"https:\\\/\\\/www.instagram.com\\\/vitablanca.ma\\\/\"]}]}<\/script>\n<!-- \/ Yoast SEO plugin. -->","yoast_head_json":{"title":"Vichy Dercos Kera-Solutions Masque R\u00e9parateur - Maroc Prix","description":"Vichy Dercos Kera-Solutions Masque 2 Minutes R\u00e9parateur 200 ml : nourrit, r\u00e9pare et renforce cheveux fragilis\u00e9s en seulement 2 minutes.","robots":{"index":"index","follow":"follow","max-snippet":"max-snippet:-1","max-image-preview":"max-image-preview:large","max-video-preview":"max-video-preview:-1"},"canonical":"https:\/\/vitablanca.ma\/ar\/product-2\/vichy-dercos-kera-solutions-masque-2-minutes-reparateur-200ml\/","og_locale":"ar_AR","og_type":"article","og_title":"Vichy Dercos Kera-Solutions Masque R\u00e9parateur - Maroc Prix","og_description":"Vichy Dercos Kera-Solutions Masque 2 Minutes R\u00e9parateur 200 ml : nourrit, r\u00e9pare et renforce cheveux fragilis\u00e9s en seulement 2 minutes.","og_url":"https:\/\/vitablanca.ma\/ar\/product-2\/vichy-dercos-kera-solutions-masque-2-minutes-reparateur-200ml\/","og_site_name":"Vitablanca.ma &ndash; Sant&eacute;, vitalit&eacute; et bien-&ecirc;tre pour tous les Marocains","article_publisher":"https:\/\/www.facebook.com\/profile.php?id=61576678196717","article_modified_time":"2026-02-04T01:06:21+00:00","og_image":[{"width":1000,"height":1000,"url":"https:\/\/vitablanca.ma\/wp-content\/uploads\/2025\/06\/Vichy-Dercos-Kera-Solutions-Masque-2-Minutes-Reparateur-200ml-nova-parapharmacie-maroc.png","type":"image\/png"}],"twitter_card":"summary_large_image","twitter_misc":{"\u0648\u0642\u062a \u0627\u0644\u0642\u0631\u0627\u0621\u0629 \u0627\u0644\u0645\u064f\u0642\u062f\u0651\u0631":"\u062f\u0642\u064a\u0642\u062a\u0627\u0646"},"schema":{"@context":"https:\/\/schema.org","@graph":[{"@type":["WebPage","ItemPage"],"@id":"https:\/\/vitablanca.ma\/produit\/vichy-dercos-kera-solutions-masque-2-minutes-reparateur-200ml\/","url":"https:\/\/vitablanca.ma\/produit\/vichy-dercos-kera-solutions-masque-2-minutes-reparateur-200ml\/","name":"Vichy Dercos Kera-Solutions Masque R\u00e9parateur - Maroc Prix","isPartOf":{"@id":"https:\/\/vitablanca.ma\/#website"},"primaryImageOfPage":{"@id":"https:\/\/vitablanca.ma\/produit\/vichy-dercos-kera-solutions-masque-2-minutes-reparateur-200ml\/#primaryimage"},"image":{"@id":"https:\/\/vitablanca.ma\/produit\/vichy-dercos-kera-solutions-masque-2-minutes-reparateur-200ml\/#primaryimage"},"thumbnailUrl":"https:\/\/vitablanca.ma\/wp-content\/uploads\/2025\/06\/Vichy-Dercos-Kera-Solutions-Masque-2-Minutes-Reparateur-200ml-nova-parapharmacie-maroc.png","datePublished":"2025-06-11T22:34:34+00:00","dateModified":"2026-02-04T01:06:21+00:00","description":"Vichy Dercos Kera-Solutions Masque 2 Minutes R\u00e9parateur 200 ml : nourrit, r\u00e9pare et renforce cheveux fragilis\u00e9s en seulement 2 minutes.","breadcrumb":{"@id":"https:\/\/vitablanca.ma\/produit\/vichy-dercos-kera-solutions-masque-2-minutes-reparateur-200ml\/#breadcrumb"},"inLanguage":"ar","potentialAction":[{"@type":"ReadAction","target":["https:\/\/vitablanca.ma\/produit\/vichy-dercos-kera-solutions-masque-2-minutes-reparateur-200ml\/"]}]},{"@type":"ImageObject","inLanguage":"ar","@id":"https:\/\/vitablanca.ma\/produit\/vichy-dercos-kera-solutions-masque-2-minutes-reparateur-200ml\/#primaryimage","url":"https:\/\/vitablanca.ma\/wp-content\/uploads\/2025\/06\/Vichy-Dercos-Kera-Solutions-Masque-2-Minutes-Reparateur-200ml-nova-parapharmacie-maroc.png","contentUrl":"https:\/\/vitablanca.ma\/wp-content\/uploads\/2025\/06\/Vichy-Dercos-Kera-Solutions-Masque-2-Minutes-Reparateur-200ml-nova-parapharmacie-maroc.png","width":1000,"height":1000},{"@type":"BreadcrumbList","@id":"https:\/\/vitablanca.ma\/produit\/vichy-dercos-kera-solutions-masque-2-minutes-reparateur-200ml\/#breadcrumb","itemListElement":[{"@type":"ListItem","position":1,"name":"Home","item":"https:\/\/vitablanca.ma\/"},{"@type":"ListItem","position":2,"name":"Tous Les Produits","item":"https:\/\/vitablanca.ma\/tous-les-produits\/"},{"@type":"ListItem","position":3,"name":"Vichy Dercos Kera-Solutions Masque 2 Minutes R\u00e9parateur 200ml"}]},{"@type":"WebSite","@id":"https:\/\/vitablanca.ma\/#website","url":"https:\/\/vitablanca.ma\/","name":"VitaBlanca.ma | \u0627\u0644\u0645\u0643\u0645\u0644\u0627\u062a \u0627\u0644\u063a\u0630\u0627\u0626\u064a\u0629\u060c \u0627\u0644\u0635\u062d\u0629 \u0648\u0627\u0644\u062c\u0645\u0627\u0644 \u0641\u064a \u0627\u0644\u0645\u063a\u0631\u0628","description":"\u0646\u0628\u064a\u0639 \u0641\u064a\u062a\u0627\u0645\u064a\u0646\u0627\u062a \u0648\u0645\u0643\u0645\u0644\u0627\u062a \u063a\u0630\u0627\u0626\u064a\u0629 \u0641\u0627\u062e\u0631\u0629 \u0645\u0646 \u0627\u0644\u0648\u0644\u0627\u064a\u0627\u062a \u0627\u0644\u0645\u062a\u062d\u062f\u0629 \u0627\u0644\u0623\u0645\u0631\u064a\u0643\u064a\u0629 \u0648\u0643\u0646\u062f\u0627 \u0648\u0646\u064a\u0648\u0632\u064a\u0644\u0646\u062f\u0627 \u0648\u0627\u0644\u0645\u063a\u0631\u0628 (\u0646\u0627\u0648 \u0641\u0648\u062f\u0632\u060c \u0633\u0648\u0644\u062c\u0627\u0631\u060c \u0645\u0627\u0646\u0648\u0643\u0627). \u062a\u0648\u0635\u064a\u0644 \u0633\u0631\u064a\u0639 \u0625\u0644\u0649 \u062c\u0645\u064a\u0639 \u0623\u0646\u062d\u0627\u0621 \u0627\u0644\u0645\u063a\u0631\u0628.","publisher":{"@id":"https:\/\/vitablanca.ma\/#organization"},"alternateName":"VitaBlanca.ma","potentialAction":[{"@type":"SearchAction","target":{"@type":"EntryPoint","urlTemplate":"https:\/\/vitablanca.ma\/?s={search_term_string}"},"query-input":{"@type":"PropertyValueSpecification","valueRequired":true,"valueName":"search_term_string"}}],"inLanguage":"ar"},{"@type":"Organization","@id":"https:\/\/vitablanca.ma\/#organization","name":"\u0641\u064a\u062a\u0627\u0628\u0644\u0627\u0646\u0643\u0627","url":"https:\/\/vitablanca.ma\/","logo":{"@type":"ImageObject","inLanguage":"ar","@id":"https:\/\/vitablanca.ma\/#\/schema\/logo\/image\/","url":"https:\/\/vitablanca.ma\/wp-content\/uploads\/2025\/05\/cropped-vitablanca.png","contentUrl":"https:\/\/vitablanca.ma\/wp-content\/uploads\/2025\/05\/cropped-vitablanca.png","width":360,"height":67,"caption":"VitaBlanca"},"image":{"@id":"https:\/\/vitablanca.ma\/#\/schema\/logo\/image\/"},"sameAs":["https:\/\/www.facebook.com\/profile.php?id=61576678196717","https:\/\/www.tiktok.com\/@vitablanca.ma","https:\/\/www.instagram.com\/vitablanca.ma\/"]}]}},"jetpack_sharing_enabled":true,"_links":{"self":[{"href":"https:\/\/vitablanca.ma\/ar\/wp-json\/wp\/v2\/product\/22516","targetHints":{"allow":["GET"]}}],"collection":[{"href":"https:\/\/vitablanca.ma\/ar\/wp-json\/wp\/v2\/product"}],"about":[{"href":"https:\/\/vitablanca.ma\/ar\/wp-json\/wp\/v2\/types\/product"}],"wp:featuredmedia":[{"embeddable":true,"href":"https:\/\/vitablanca.ma\/ar\/wp-json\/wp\/v2\/media\/22514"}],"wp:attachment":[{"href":"https:\/\/vitablanca.ma\/ar\/wp-json\/wp\/v2\/media?parent=22516"}],"wp:term":[{"taxonomy":"product_brand","embeddable":true,"href":"https:\/\/vitablanca.ma\/ar\/wp-json\/wp\/v2\/product_brand?post=22516"},{"taxonomy":"product_cat","embeddable":true,"href":"https:\/\/vitablanca.ma\/ar\/wp-json\/wp\/v2\/product_cat?post=22516"},{"taxonomy":"product_tag","embeddable":true,"href":"https:\/\/vitablanca.ma\/ar\/wp-json\/wp\/v2\/product_tag?post=22516"}],"curies":[{"name":"wp","href":"https:\/\/api.w.org\/{rel}","templated":true}]}}