{"id":22510,"date":"2025-06-11T22:33:43","date_gmt":"2025-06-11T22:33:43","guid":{"rendered":"https:\/\/vitablanca.ma\/product\/vichy-dermablend-3d-correction-fond-de-teint-resurfacant-actif-correcteur-16h-30ml-2\/"},"modified":"2026-02-06T16:48:01","modified_gmt":"2026-02-06T16:48:01","slug":"vichy-dermablend-3d-correction-fond-de-teint-resurfacant-actif-correcteur-16h-30ml-2","status":"publish","type":"product","link":"https:\/\/vitablanca.ma\/ar\/product-2\/vichy-dermablend-3d-correction-fond-de-teint-resurfacant-actif-correcteur-16h-30ml-2\/","title":{"rendered":"Vichy Dermablend 3D Correction Fond De Teint Resurfa\u00e7ant Actif Correcteur 16H 30ml"},"content":{"rendered":"<h2><span data-mce-fragment=\"1\">Vichy Dermablend 3D Correction Fond De Teint Resurfa\u00e7ant Actif Correcteur\u00a0Peau grasse \u00e0 imperfections<\/span><\/h2>\n<p><span data-mce-fragment=\"1\">Haute couvrance, correction du relief, anti-imperfections.<\/span><br data-mce-fragment=\"1\" \/><span data-mce-fragment=\"1\">Con\u00e7u pour les peaux grasses \u00e0 tendance acn\u00e9ique, le\u00a0DERMABLEND\u2122 [3D CORRECTION]\u00a0va en un seul geste masquer les imperfections, lisser le relief et r\u00e9duire les imperfections.<\/span><br data-mce-fragment=\"1\" \/><span data-mce-fragment=\"1\">Si vous souhaitez masquer des rougeurs, taches, de la rosac\u00e9e, un masque de grossesse ou un vitiligo, nous vous conseillons le fond de teint fluide, \u00e0 d\u00e9couvrir dans la gamme DERMABLEND.<\/span><\/p>\n<div class=\"ctn_top-accordion\">\n<div class=\"accordion-item itemForm\">\n<h3 class=\"accordion-item-title\">Efficacit\u00e9<\/h3>\n<div class=\"accordion-content\">\n<p>Sp\u00e9cialement pens\u00e9e et con\u00e7ue pour les peaux \u00e0 tendance acn\u00e9ique, la formule du fond de teint DERMABLEND [3D Correction] est enrichie en acide salicylique et en \u00e9peruline. Elle agit en profondeur sur la qualit\u00e9 de la peau et lui apporte une action apaisante.<br \/>\nSa texture cr\u00e9meuse corrige les peaux \u00e0 tendance acn\u00e9ique, sans effet masque. Une diminution de \u2013 49%*** des imperfections est cliniquement prouv\u00e9e apr\u00e8s 4 semaines d\u2019utilisation. De plus, la technologie Alliagel permet une correction anti-relief.<br \/>\nGr\u00e2ce aux 5 teintes propos\u00e9es, chaque peau peut profiter d\u2019un fond de teint unifi\u00e9 et mat adapt\u00e9 \u00e0 sa carnation pendant 16h*.<br \/>\nCe produit a \u00e9t\u00e9 test\u00e9 sous contr\u00f4le dermatologique sur les peaux sensibles, hypoallerg\u00e9nique et non com\u00e9dog\u00e8ne. SPF 25.<br \/>\n* Auto-\u00e9valuation par 60 sujets.<br \/>\n***Tests cosm\u00e9tocliniques sur 43 sujets.<\/p>\n<\/div>\n<\/div>\n<div class=\"accordion-item itemForm\">\n<h3 class=\"accordion-item-title\">Application<\/h3>\n<div class=\"accordion-content\">\n<p>Nettoyer parfaitement la peau et appliquer votre soin habituel avant de proc\u00e9der au maquillage.<\/p>\n<p><strong><u>Conseils d\u2019utilisation<\/u><\/strong><\/p>\n<p><strong>1 \u2013 Je pr\u00e9l\u00e8ve<\/strong><br \/>\nPr\u00e9lever une petite noisette de fond de teint.<br \/>\n<strong>2 \u2013 J\u2019applique<\/strong><br \/>\nD\u00e9poser par petites touches, du bout des doigts, de l\u2019int\u00e9rieur vers l\u2019ext\u00e9rieur du visage, pour une r\u00e9partition \u00e9gale et un dosage optimal du produit. R\u00e9appliquer si n\u00e9cessaire sur les zones \u00e0 imperfections ou marques de cicatrices.<br \/>\n<strong>3 \u2013 J\u2019\u00e9tale<\/strong><br \/>\nEtendre par un mouvement de lissage rapide de l\u2019int\u00e9rieur vers l\u2019ext\u00e9rieur du visage.<\/p>\n<\/div>\n<\/div>\n<\/div>\n<div class=\"ctn_bottom-accordion\">\n<div class=\"accordion-item composition\">\n<h3 class=\"accordion-item-title\">Composition<\/h3>\n<p>AQUA \/ WATER DIMETHICONE GLYCERIN SYNTHETIC FLUORPHLOGOPITE HYDROXYETHYL ACRYLATE\/SODIUM ACRYLOYLDIMETHYL TAURATE COPOLYMER DIMETHICONE CROSSPOLYMER SORBITAN ISOSTEARATE TRIETHANOLAMINE SALICYLIC ACID ALUMINUM HYDROXIDE PHENOXYETHANOL DISODIUM STEAROYL GLUTAMATE EPERUA FALCATA BARK EXTRACT DEXTRIN POLYSORBATE 60 CI 77891 \/ TITANIUM DIOXIDE CI 77491, CI 77492, CI 77499 \/ IRON OXIDES<\/p>\n<\/div>\n<\/div>\n","protected":false},"excerpt":{"rendered":"<p>Vichy Dermablend 3D Correction Fond De Teint Resurfa\u00e7ant Actif Correcteur\u00a0Peau grasse \u00e0 imperfections Haute couvrance, correction du relief, anti-imperfections.Con\u00e7u pour les peaux grasses \u00e0 tendance acn\u00e9ique, le\u00a0DERMABLEND\u2122 [3D CORRECTION]\u00a0va en un seul geste masquer les imperfections, lisser le relief et r\u00e9duire les imperfections.Si vous souhaitez masquer des rougeurs, taches, de la rosac\u00e9e, un masque de [&hellip;]<\/p>\n","protected":false},"featured_media":22430,"template":"","meta":{"om_disable_all_campaigns":false},"product_brand":[3358],"product_cat":[18],"product_tag":[7427,7429,7431,7406,7432,7428,7434,7411,5738,7433,6176,6018,6147,7430,3359,7404,3360,3361],"class_list":{"0":"post-22510","1":"product","2":"type-product","3":"status-publish","4":"has-post-thumbnail","6":"product_brand-vichy-maroc-prix-vitablanca","7":"product_cat-beaute-sante","8":"product_tag-3d-correction","9":"product_tag-actif-correcteur","10":"product_tag-camoufle-imperfections","11":"product_tag-fond-de-teint-couvrant","12":"product_tag-fond-de-teint-haute-couvrance","13":"product_tag-fond-de-teint-resurfacant","14":"product_tag-fond-de-teint-vichy","15":"product_tag-maquillage-correcteur","16":"product_tag-maquillage-longue-tenue","17":"product_tag-maquillage-peau-sensible","18":"product_tag-peau-sensible","19":"product_tag-teint-naturel","20":"product_tag-teint-uniforme","21":"product_tag-tenue-16h","22":"product_tag-vichy","23":"product_tag-vichy-dermablend","24":"product_tag-vichy-maroc","25":"product_tag-vichy-morocco","27":"first","28":"outofstock","29":"taxable","30":"shipping-taxable","31":"product-type-variable"},"yoast_head":"<!-- This site is optimized with the Yoast SEO plugin v27.5 - https:\/\/yoast.com\/product\/yoast-seo-wordpress\/ -->\n<title>Vichy Dermablend 3D Correction Fond de Teint 30 ml - Maroc Prix<\/title>\n<meta name=\"description\" content=\"Vichy Dermablend 3D Correction 30 ml : fond de teint resurfa\u00e7ant, actif correcteur, couvrance parfaite 16H, unifie le teint et camoufle imperfections.\" \/>\n<meta name=\"robots\" content=\"index, follow, max-snippet:-1, max-image-preview:large, max-video-preview:-1\" \/>\n<link rel=\"canonical\" href=\"https:\/\/vitablanca.ma\/ar\/product-2\/vichy-dermablend-3d-correction-fond-de-teint-resurfacant-actif-correcteur-16h-30ml-2\/\" \/>\n<meta property=\"og:locale\" content=\"ar_AR\" \/>\n<meta property=\"og:type\" content=\"article\" \/>\n<meta property=\"og:title\" content=\"Vichy Dermablend 3D Correction Fond de Teint 30 ml - Maroc Prix\" \/>\n<meta property=\"og:description\" content=\"Vichy Dermablend 3D Correction 30 ml : fond de teint resurfa\u00e7ant, actif correcteur, couvrance parfaite 16H, unifie le teint et camoufle imperfections.\" \/>\n<meta property=\"og:url\" content=\"https:\/\/vitablanca.ma\/ar\/product-2\/vichy-dermablend-3d-correction-fond-de-teint-resurfacant-actif-correcteur-16h-30ml-2\/\" \/>\n<meta property=\"og:site_name\" content=\"Vitablanca.ma &ndash; Sant&eacute;, vitalit&eacute; et bien-&ecirc;tre pour tous les Marocains\" \/>\n<meta property=\"article:publisher\" content=\"https:\/\/www.facebook.com\/profile.php?id=61576678196717\" \/>\n<meta property=\"article:modified_time\" content=\"2026-02-06T16:48:01+00:00\" \/>\n<meta property=\"og:image\" content=\"https:\/\/vitablanca.ma\/wp-content\/uploads\/2025\/06\/Vichy-Dermablend-3D-Correction-Fond-De-Teint-Resurfacant-Actif-Correcteur-30ml-nova-parapharmacie-maroc-2.png\" \/>\n\t<meta property=\"og:image:width\" content=\"1000\" \/>\n\t<meta property=\"og:image:height\" content=\"1000\" \/>\n\t<meta property=\"og:image:type\" content=\"image\/png\" \/>\n<meta name=\"twitter:card\" content=\"summary_large_image\" \/>\n<meta name=\"twitter:label1\" content=\"\u0648\u0642\u062a \u0627\u0644\u0642\u0631\u0627\u0621\u0629 \u0627\u0644\u0645\u064f\u0642\u062f\u0651\u0631\" \/>\n\t<meta name=\"twitter:data1\" content=\"\u062f\u0642\u064a\u0642\u062a\u0627\u0646\" \/>\n<script type=\"application\/ld+json\" class=\"yoast-schema-graph\">{\"@context\":\"https:\\\/\\\/schema.org\",\"@graph\":[{\"@type\":[\"WebPage\",\"ItemPage\"],\"@id\":\"https:\\\/\\\/vitablanca.ma\\\/produit\\\/vichy-dermablend-3d-correction-fond-de-teint-resurfacant-actif-correcteur-16h-30ml-2\\\/\",\"url\":\"https:\\\/\\\/vitablanca.ma\\\/produit\\\/vichy-dermablend-3d-correction-fond-de-teint-resurfacant-actif-correcteur-16h-30ml-2\\\/\",\"name\":\"Vichy Dermablend 3D Correction Fond de Teint 30 ml - Maroc Prix\",\"isPartOf\":{\"@id\":\"https:\\\/\\\/vitablanca.ma\\\/#website\"},\"primaryImageOfPage\":{\"@id\":\"https:\\\/\\\/vitablanca.ma\\\/produit\\\/vichy-dermablend-3d-correction-fond-de-teint-resurfacant-actif-correcteur-16h-30ml-2\\\/#primaryimage\"},\"image\":{\"@id\":\"https:\\\/\\\/vitablanca.ma\\\/produit\\\/vichy-dermablend-3d-correction-fond-de-teint-resurfacant-actif-correcteur-16h-30ml-2\\\/#primaryimage\"},\"thumbnailUrl\":\"https:\\\/\\\/vitablanca.ma\\\/wp-content\\\/uploads\\\/2025\\\/06\\\/Vichy-Dermablend-3D-Correction-Fond-De-Teint-Resurfacant-Actif-Correcteur-30ml-nova-parapharmacie-maroc-2.png\",\"datePublished\":\"2025-06-11T22:33:43+00:00\",\"dateModified\":\"2026-02-06T16:48:01+00:00\",\"description\":\"Vichy Dermablend 3D Correction 30 ml : fond de teint resurfa\u00e7ant, actif correcteur, couvrance parfaite 16H, unifie le teint et camoufle imperfections.\",\"breadcrumb\":{\"@id\":\"https:\\\/\\\/vitablanca.ma\\\/produit\\\/vichy-dermablend-3d-correction-fond-de-teint-resurfacant-actif-correcteur-16h-30ml-2\\\/#breadcrumb\"},\"inLanguage\":\"ar\",\"potentialAction\":[{\"@type\":\"ReadAction\",\"target\":[\"https:\\\/\\\/vitablanca.ma\\\/produit\\\/vichy-dermablend-3d-correction-fond-de-teint-resurfacant-actif-correcteur-16h-30ml-2\\\/\"]}]},{\"@type\":\"ImageObject\",\"inLanguage\":\"ar\",\"@id\":\"https:\\\/\\\/vitablanca.ma\\\/produit\\\/vichy-dermablend-3d-correction-fond-de-teint-resurfacant-actif-correcteur-16h-30ml-2\\\/#primaryimage\",\"url\":\"https:\\\/\\\/vitablanca.ma\\\/wp-content\\\/uploads\\\/2025\\\/06\\\/Vichy-Dermablend-3D-Correction-Fond-De-Teint-Resurfacant-Actif-Correcteur-30ml-nova-parapharmacie-maroc-2.png\",\"contentUrl\":\"https:\\\/\\\/vitablanca.ma\\\/wp-content\\\/uploads\\\/2025\\\/06\\\/Vichy-Dermablend-3D-Correction-Fond-De-Teint-Resurfacant-Actif-Correcteur-30ml-nova-parapharmacie-maroc-2.png\",\"width\":1000,\"height\":1000},{\"@type\":\"BreadcrumbList\",\"@id\":\"https:\\\/\\\/vitablanca.ma\\\/produit\\\/vichy-dermablend-3d-correction-fond-de-teint-resurfacant-actif-correcteur-16h-30ml-2\\\/#breadcrumb\",\"itemListElement\":[{\"@type\":\"ListItem\",\"position\":1,\"name\":\"Home\",\"item\":\"https:\\\/\\\/vitablanca.ma\\\/\"},{\"@type\":\"ListItem\",\"position\":2,\"name\":\"Tous Les Produits\",\"item\":\"https:\\\/\\\/vitablanca.ma\\\/tous-les-produits\\\/\"},{\"@type\":\"ListItem\",\"position\":3,\"name\":\"Vichy Dermablend 3D Correction Fond De Teint Resurfa\u00e7ant Actif Correcteur 16H 30ml\"}]},{\"@type\":\"WebSite\",\"@id\":\"https:\\\/\\\/vitablanca.ma\\\/#website\",\"url\":\"https:\\\/\\\/vitablanca.ma\\\/\",\"name\":\"VitaBlanca.ma | Compl\u00e9ments alimentaires, sant\u00e9 & beaut\u00e9 au Maroc\",\"description\":\"vendre vitamines et compl\u00e9ments premium des USA &amp; Canada, Nouvelle Z\u00e9lande,Maroc (NOW Foods, Solgar, Manuka). Livraison rapide partout au Maroc.\",\"publisher\":{\"@id\":\"https:\\\/\\\/vitablanca.ma\\\/#organization\"},\"alternateName\":\"VitaBlanca.ma\",\"potentialAction\":[{\"@type\":\"SearchAction\",\"target\":{\"@type\":\"EntryPoint\",\"urlTemplate\":\"https:\\\/\\\/vitablanca.ma\\\/?s={search_term_string}\"},\"query-input\":{\"@type\":\"PropertyValueSpecification\",\"valueRequired\":true,\"valueName\":\"search_term_string\"}}],\"inLanguage\":\"ar\"},{\"@type\":\"Organization\",\"@id\":\"https:\\\/\\\/vitablanca.ma\\\/#organization\",\"name\":\"VitaBlanca\",\"url\":\"https:\\\/\\\/vitablanca.ma\\\/\",\"logo\":{\"@type\":\"ImageObject\",\"inLanguage\":\"ar\",\"@id\":\"https:\\\/\\\/vitablanca.ma\\\/#\\\/schema\\\/logo\\\/image\\\/\",\"url\":\"https:\\\/\\\/vitablanca.ma\\\/wp-content\\\/uploads\\\/2025\\\/05\\\/cropped-vitablanca.png\",\"contentUrl\":\"https:\\\/\\\/vitablanca.ma\\\/wp-content\\\/uploads\\\/2025\\\/05\\\/cropped-vitablanca.png\",\"width\":360,\"height\":67,\"caption\":\"VitaBlanca\"},\"image\":{\"@id\":\"https:\\\/\\\/vitablanca.ma\\\/#\\\/schema\\\/logo\\\/image\\\/\"},\"sameAs\":[\"https:\\\/\\\/www.facebook.com\\\/profile.php?id=61576678196717\",\"https:\\\/\\\/www.tiktok.com\\\/@vitablanca.ma\",\"https:\\\/\\\/www.instagram.com\\\/vitablanca.ma\\\/\"]}]}<\/script>\n<!-- \/ Yoast SEO plugin. -->","yoast_head_json":{"title":"Vichy Dermablend 3D Correction Fond de Teint 30 ml - Maroc Prix","description":"Vichy Dermablend 3D Correction 30 ml : fond de teint resurfa\u00e7ant, actif correcteur, couvrance parfaite 16H, unifie le teint et camoufle imperfections.","robots":{"index":"index","follow":"follow","max-snippet":"max-snippet:-1","max-image-preview":"max-image-preview:large","max-video-preview":"max-video-preview:-1"},"canonical":"https:\/\/vitablanca.ma\/ar\/product-2\/vichy-dermablend-3d-correction-fond-de-teint-resurfacant-actif-correcteur-16h-30ml-2\/","og_locale":"ar_AR","og_type":"article","og_title":"Vichy Dermablend 3D Correction Fond de Teint 30 ml - Maroc Prix","og_description":"Vichy Dermablend 3D Correction 30 ml : fond de teint resurfa\u00e7ant, actif correcteur, couvrance parfaite 16H, unifie le teint et camoufle imperfections.","og_url":"https:\/\/vitablanca.ma\/ar\/product-2\/vichy-dermablend-3d-correction-fond-de-teint-resurfacant-actif-correcteur-16h-30ml-2\/","og_site_name":"Vitablanca.ma &ndash; Sant&eacute;, vitalit&eacute; et bien-&ecirc;tre pour tous les Marocains","article_publisher":"https:\/\/www.facebook.com\/profile.php?id=61576678196717","article_modified_time":"2026-02-06T16:48:01+00:00","og_image":[{"width":1000,"height":1000,"url":"https:\/\/vitablanca.ma\/wp-content\/uploads\/2025\/06\/Vichy-Dermablend-3D-Correction-Fond-De-Teint-Resurfacant-Actif-Correcteur-30ml-nova-parapharmacie-maroc-2.png","type":"image\/png"}],"twitter_card":"summary_large_image","twitter_misc":{"\u0648\u0642\u062a \u0627\u0644\u0642\u0631\u0627\u0621\u0629 \u0627\u0644\u0645\u064f\u0642\u062f\u0651\u0631":"\u062f\u0642\u064a\u0642\u062a\u0627\u0646"},"schema":{"@context":"https:\/\/schema.org","@graph":[{"@type":["WebPage","ItemPage"],"@id":"https:\/\/vitablanca.ma\/produit\/vichy-dermablend-3d-correction-fond-de-teint-resurfacant-actif-correcteur-16h-30ml-2\/","url":"https:\/\/vitablanca.ma\/produit\/vichy-dermablend-3d-correction-fond-de-teint-resurfacant-actif-correcteur-16h-30ml-2\/","name":"Vichy Dermablend 3D Correction Fond de Teint 30 ml - Maroc Prix","isPartOf":{"@id":"https:\/\/vitablanca.ma\/#website"},"primaryImageOfPage":{"@id":"https:\/\/vitablanca.ma\/produit\/vichy-dermablend-3d-correction-fond-de-teint-resurfacant-actif-correcteur-16h-30ml-2\/#primaryimage"},"image":{"@id":"https:\/\/vitablanca.ma\/produit\/vichy-dermablend-3d-correction-fond-de-teint-resurfacant-actif-correcteur-16h-30ml-2\/#primaryimage"},"thumbnailUrl":"https:\/\/vitablanca.ma\/wp-content\/uploads\/2025\/06\/Vichy-Dermablend-3D-Correction-Fond-De-Teint-Resurfacant-Actif-Correcteur-30ml-nova-parapharmacie-maroc-2.png","datePublished":"2025-06-11T22:33:43+00:00","dateModified":"2026-02-06T16:48:01+00:00","description":"Vichy Dermablend 3D Correction 30 ml : fond de teint resurfa\u00e7ant, actif correcteur, couvrance parfaite 16H, unifie le teint et camoufle imperfections.","breadcrumb":{"@id":"https:\/\/vitablanca.ma\/produit\/vichy-dermablend-3d-correction-fond-de-teint-resurfacant-actif-correcteur-16h-30ml-2\/#breadcrumb"},"inLanguage":"ar","potentialAction":[{"@type":"ReadAction","target":["https:\/\/vitablanca.ma\/produit\/vichy-dermablend-3d-correction-fond-de-teint-resurfacant-actif-correcteur-16h-30ml-2\/"]}]},{"@type":"ImageObject","inLanguage":"ar","@id":"https:\/\/vitablanca.ma\/produit\/vichy-dermablend-3d-correction-fond-de-teint-resurfacant-actif-correcteur-16h-30ml-2\/#primaryimage","url":"https:\/\/vitablanca.ma\/wp-content\/uploads\/2025\/06\/Vichy-Dermablend-3D-Correction-Fond-De-Teint-Resurfacant-Actif-Correcteur-30ml-nova-parapharmacie-maroc-2.png","contentUrl":"https:\/\/vitablanca.ma\/wp-content\/uploads\/2025\/06\/Vichy-Dermablend-3D-Correction-Fond-De-Teint-Resurfacant-Actif-Correcteur-30ml-nova-parapharmacie-maroc-2.png","width":1000,"height":1000},{"@type":"BreadcrumbList","@id":"https:\/\/vitablanca.ma\/produit\/vichy-dermablend-3d-correction-fond-de-teint-resurfacant-actif-correcteur-16h-30ml-2\/#breadcrumb","itemListElement":[{"@type":"ListItem","position":1,"name":"Home","item":"https:\/\/vitablanca.ma\/"},{"@type":"ListItem","position":2,"name":"Tous Les Produits","item":"https:\/\/vitablanca.ma\/tous-les-produits\/"},{"@type":"ListItem","position":3,"name":"Vichy Dermablend 3D Correction Fond De Teint Resurfa\u00e7ant Actif Correcteur 16H 30ml"}]},{"@type":"WebSite","@id":"https:\/\/vitablanca.ma\/#website","url":"https:\/\/vitablanca.ma\/","name":"VitaBlanca.ma | \u0627\u0644\u0645\u0643\u0645\u0644\u0627\u062a \u0627\u0644\u063a\u0630\u0627\u0626\u064a\u0629\u060c \u0627\u0644\u0635\u062d\u0629 \u0648\u0627\u0644\u062c\u0645\u0627\u0644 \u0641\u064a \u0627\u0644\u0645\u063a\u0631\u0628","description":"\u0646\u0628\u064a\u0639 \u0641\u064a\u062a\u0627\u0645\u064a\u0646\u0627\u062a \u0648\u0645\u0643\u0645\u0644\u0627\u062a \u063a\u0630\u0627\u0626\u064a\u0629 \u0641\u0627\u062e\u0631\u0629 \u0645\u0646 \u0627\u0644\u0648\u0644\u0627\u064a\u0627\u062a \u0627\u0644\u0645\u062a\u062d\u062f\u0629 \u0627\u0644\u0623\u0645\u0631\u064a\u0643\u064a\u0629 \u0648\u0643\u0646\u062f\u0627 \u0648\u0646\u064a\u0648\u0632\u064a\u0644\u0646\u062f\u0627 \u0648\u0627\u0644\u0645\u063a\u0631\u0628 (\u0646\u0627\u0648 \u0641\u0648\u062f\u0632\u060c \u0633\u0648\u0644\u062c\u0627\u0631\u060c \u0645\u0627\u0646\u0648\u0643\u0627). \u062a\u0648\u0635\u064a\u0644 \u0633\u0631\u064a\u0639 \u0625\u0644\u0649 \u062c\u0645\u064a\u0639 \u0623\u0646\u062d\u0627\u0621 \u0627\u0644\u0645\u063a\u0631\u0628.","publisher":{"@id":"https:\/\/vitablanca.ma\/#organization"},"alternateName":"VitaBlanca.ma","potentialAction":[{"@type":"SearchAction","target":{"@type":"EntryPoint","urlTemplate":"https:\/\/vitablanca.ma\/?s={search_term_string}"},"query-input":{"@type":"PropertyValueSpecification","valueRequired":true,"valueName":"search_term_string"}}],"inLanguage":"ar"},{"@type":"Organization","@id":"https:\/\/vitablanca.ma\/#organization","name":"\u0641\u064a\u062a\u0627\u0628\u0644\u0627\u0646\u0643\u0627","url":"https:\/\/vitablanca.ma\/","logo":{"@type":"ImageObject","inLanguage":"ar","@id":"https:\/\/vitablanca.ma\/#\/schema\/logo\/image\/","url":"https:\/\/vitablanca.ma\/wp-content\/uploads\/2025\/05\/cropped-vitablanca.png","contentUrl":"https:\/\/vitablanca.ma\/wp-content\/uploads\/2025\/05\/cropped-vitablanca.png","width":360,"height":67,"caption":"VitaBlanca"},"image":{"@id":"https:\/\/vitablanca.ma\/#\/schema\/logo\/image\/"},"sameAs":["https:\/\/www.facebook.com\/profile.php?id=61576678196717","https:\/\/www.tiktok.com\/@vitablanca.ma","https:\/\/www.instagram.com\/vitablanca.ma\/"]}]}},"jetpack_sharing_enabled":true,"_links":{"self":[{"href":"https:\/\/vitablanca.ma\/ar\/wp-json\/wp\/v2\/product\/22510","targetHints":{"allow":["GET"]}}],"collection":[{"href":"https:\/\/vitablanca.ma\/ar\/wp-json\/wp\/v2\/product"}],"about":[{"href":"https:\/\/vitablanca.ma\/ar\/wp-json\/wp\/v2\/types\/product"}],"wp:featuredmedia":[{"embeddable":true,"href":"https:\/\/vitablanca.ma\/ar\/wp-json\/wp\/v2\/media\/22430"}],"wp:attachment":[{"href":"https:\/\/vitablanca.ma\/ar\/wp-json\/wp\/v2\/media?parent=22510"}],"wp:term":[{"taxonomy":"product_brand","embeddable":true,"href":"https:\/\/vitablanca.ma\/ar\/wp-json\/wp\/v2\/product_brand?post=22510"},{"taxonomy":"product_cat","embeddable":true,"href":"https:\/\/vitablanca.ma\/ar\/wp-json\/wp\/v2\/product_cat?post=22510"},{"taxonomy":"product_tag","embeddable":true,"href":"https:\/\/vitablanca.ma\/ar\/wp-json\/wp\/v2\/product_tag?post=22510"}],"curies":[{"name":"wp","href":"https:\/\/api.w.org\/{rel}","templated":true}]}}