{"id":22505,"date":"2025-06-11T22:31:43","date_gmt":"2025-06-11T22:31:43","guid":{"rendered":"https:\/\/vitablanca.ma\/product\/vichy-liftactiv-supreme-vitamin-c-serum-20ml\/"},"modified":"2026-02-04T01:19:34","modified_gmt":"2026-02-04T01:19:34","slug":"vichy-liftactiv-supreme-vitamin-c-serum-20ml","status":"publish","type":"product","link":"https:\/\/vitablanca.ma\/ar\/product-2\/vichy-liftactiv-supreme-vitamin-c-serum-20ml\/","title":{"rendered":"Vichy Liftactiv Supreme Vitamin C Serum 20ml"},"content":{"rendered":"<h2><span data-mce-fragment=\"1\">Vichy Liftactiv Supreme Vitamin C Serum\u00a0adapt\u00e9e \u00e0 tous les types de peaux.<\/span><\/h2>\n<p><span data-mce-fragment=\"1\">Chaque jour, votre peau est soumise aux facteurs externes (pollution, rayons UV\u2026) qui agressent votre peau en entra\u00eenant l\u2019apparition de radicaux libres, qui provoquent le\u00a0<\/span>stress oxydatif des cellules<span data-mce-fragment=\"1\">. \u00c0 cela s\u2019ajoute le vieillissement naturel de la peau et voil\u00e0 que les rides, les ridules et le teint terne apparaissent.<\/span><br data-mce-fragment=\"1\" \/><span data-mce-fragment=\"1\">Pour contrer cela, il est important d\u2019appliquer quotidiennement un s\u00e9rum antioxydant, comme LIFTACTIV SUPREME Vitamin C Serum. Ce s\u00e9rum \u00e9clat anti-rides contient 15 % de\u00a0<\/span>\u0641\u064a\u062a\u0627\u0645\u064a\u0646 \u0633\u064a<span data-mce-fragment=\"1\">\u00a0pure, un puissant antioxydant qui agit \u00e0 la fois sur les rides et l\u2019\u00e9clat de la peau. Il est associ\u00e9 \u00e0 de la vitamine E et du pycnogenol, deux antioxydants qui neutralisent les radicaux libres, et \u00e0 l\u2019eau volcanique de Vichy fortifiante. Apr\u00e8s 10 jours seulement, le teint est plus \u00e9clatant, les rides et ridules s\u2019att\u00e9nuent et les signes de fatigue sont r\u00e9duits.<\/span><\/p>\n<h3><span data-mce-fragment=\"1\">\u0641\u0648\u0627\u0626\u062f<\/span><\/h3>\n<p><span data-mce-fragment=\"1\">Appliqu\u00e9 chaque matin, le s\u00e9rum \u00e9clat anti-rides LIFTACTIV SUPREME Vitamin C Serum aide \u00e0 combattre les rides et \u00e0 raviver l\u2019\u00e9clat du teint.<br \/>\nEfficacit\u00e9 cliniquement prouv\u00e9e :<\/span><\/p>\n<ul>\n<li>+40 % d\u2019\u00e9clat*<\/li>\n<\/ul>\n<p><span data-mce-fragment=\"1\"><em>*Scorage clinique sur 52 femmes apr\u00e8s 4 semaines.<\/em><br \/>\n<\/span><\/p>\n<div class=\"ctn_title\">\n<h3 class=\"t_title\">\u0646\u064e\u0633\u0650\u064a\u062c<\/h3>\n<p>Texture aqueuse et l\u00e9g\u00e8re qui p\u00e9n\u00e8tre rapidement dans la peau.<\/p>\n<div class=\"ctn_title\">\n<h3 class=\"t_title\">Comment l&rsquo;utiliser\u00a0?<\/h3>\n<\/div>\n<div class=\"ctn_toggle\">Chaque matin sur peau propre et s\u00e8che, appliquez quelques gouttes du s\u00e9rum \u00e0 la vitamine C LIFTACTIV SUPREME sur l\u2019ensemble du visage, en \u00e9vitant les paupi\u00e8res. N\u2019oubliez pas d\u2019appliquer un soin jour quotidien avec SPF pour lutter efficacement contre les radicaux libres induits par les rayons UV.<br \/>\nPour compl\u00e9ter votre routine de soin\u00a0anti-rides, vous pouvez appliquer apr\u00e8s votre s\u00e9rum une cr\u00e8me de jour LIFTACTIV SUPREME, suivie d\u2019une cr\u00e8me solaire visage<\/div>\n<div class=\"ctn_toggle\">comme notre\u00a0UV Age Daily.<\/div>\n<h3 class=\"ctn_toggle\">\u062a\u0639\u0628\u064a\u0631<\/h3>\n<p>AQUA \/ WATER &#8211; ASCORBIC ACID &#8211; ALCOHOL DENAT. &#8211; DIPROPYLENE GLYCOL &#8211; GLYCERIN &#8211; LAURETH-23 &#8211; NEOHESPERIDIN DIHYDROCHALCONE &#8211; SODIUM HYDROXIDE &#8211; TOCOPHEROL &#8211; HYDROLYZED HYALURONIC ACID &#8211; PINUS PINASTER BARK\/BUD EXTRACT<\/p>\n<\/div>","protected":false},"excerpt":{"rendered":"<p>Vichy Liftactiv Supreme Vitamin C Serum\u00a0adapt\u00e9e \u00e0 tous les types de peaux. Chaque jour, votre peau est soumise aux facteurs externes (pollution, rayons UV\u2026) qui agressent votre peau en entra\u00eenant l\u2019apparition de radicaux libres, qui provoquent le\u00a0stress oxydatif des cellules. \u00c0 cela s\u2019ajoute le vieillissement naturel de la peau et voil\u00e0 que les rides, les [&hellip;]<\/p>\n","protected":false},"featured_media":22503,"template":"","meta":{"om_disable_all_campaigns":false},"product_brand":[3358],"product_cat":[18],"product_tag":[4839,7455,7453,7451,6176,7450,7447,7452,7448,7454,7425,7446,6109,3359,7412,3360,3361,7449],"class_list":{"0":"post-22505","1":"product","2":"type-product","3":"status-publish","4":"has-post-thumbnail","6":"product_brand-vichy-maroc-prix-vitablanca","7":"product_cat-beaute-sante","8":"product_tag-anti-fatigue","9":"product_tag-anti-age-quotidien","10":"product_tag-eau-volcanique","11":"product_tag-hydratant-visage","12":"product_tag-peau-sensible","13":"product_tag-reduit-rides-et-ridules","14":"product_tag-serum-anti-age","15":"product_tag-serum-concentre","16":"product_tag-serum-eclat","17":"product_tag-serum-visage-20-ml","18":"product_tag-soin-visage-vichy","19":"product_tag-supreme-vitamin-c","20":"product_tag-teint-lumineux","21":"product_tag-vichy","22":"product_tag-vichy-liftactiv","23":"product_tag-vichy-maroc","24":"product_tag-vichy-morocco","25":"product_tag-vitamine-c-visage","27":"first","28":"instock","29":"sale","30":"taxable","31":"shipping-taxable","32":"purchasable","33":"product-type-simple"},"yoast_head":"<!-- This site is optimized with the Yoast SEO plugin v27.4 - https:\/\/yoast.com\/product\/yoast-seo-wordpress\/ -->\n<title>Vichy Liftactiv Supreme S\u00e9rum Vitamine C 20 ml - Maroc Prix<\/title>\n<meta name=\"description\" content=\"Vichy Liftactiv Supreme S\u00e9rum Vitamine C 20 ml : illumine le teint, r\u00e9duit rides et ridules, prot\u00e8ge la peau et renforce l\u2019\u00e9clat naturel.\" \/>\n<meta name=\"robots\" content=\"index, follow, max-snippet:-1, max-image-preview:large, max-video-preview:-1\" \/>\n<link rel=\"canonical\" href=\"https:\/\/vitablanca.ma\/ar\/product-2\/vichy-liftactiv-supreme-vitamin-c-serum-20ml\/\" \/>\n<meta property=\"og:locale\" content=\"ar_AR\" \/>\n<meta property=\"og:type\" content=\"article\" \/>\n<meta property=\"og:title\" content=\"Vichy Liftactiv Supreme S\u00e9rum Vitamine C 20 ml - Maroc Prix\" \/>\n<meta property=\"og:description\" content=\"Vichy Liftactiv Supreme S\u00e9rum Vitamine C 20 ml : illumine le teint, r\u00e9duit rides et ridules, prot\u00e8ge la peau et renforce l\u2019\u00e9clat naturel.\" \/>\n<meta property=\"og:url\" content=\"https:\/\/vitablanca.ma\/ar\/product-2\/vichy-liftactiv-supreme-vitamin-c-serum-20ml\/\" \/>\n<meta property=\"og:site_name\" content=\"Vitablanca.ma &ndash; Sant&eacute;, vitalit&eacute; et bien-&ecirc;tre pour tous les Marocains\" \/>\n<meta property=\"article:publisher\" content=\"https:\/\/www.facebook.com\/profile.php?id=61576678196717\" \/>\n<meta property=\"article:modified_time\" content=\"2026-02-04T01:19:34+00:00\" \/>\n<meta property=\"og:image\" content=\"https:\/\/vitablanca.ma\/wp-content\/uploads\/2025\/06\/Vichy-Liftactiv-Supreme-Vitamin-C-Serum-novaparapharmacie-maroc.jpg\" \/>\n\t<meta property=\"og:image:width\" content=\"1000\" \/>\n\t<meta property=\"og:image:height\" content=\"1000\" \/>\n\t<meta property=\"og:image:type\" content=\"image\/jpeg\" \/>\n<meta name=\"twitter:card\" content=\"summary_large_image\" \/>\n<meta name=\"twitter:label1\" content=\"\u0648\u0642\u062a \u0627\u0644\u0642\u0631\u0627\u0621\u0629 \u0627\u0644\u0645\u064f\u0642\u062f\u0651\u0631\" \/>\n\t<meta name=\"twitter:data1\" content=\"\u062f\u0642\u064a\u0642\u062a\u0627\u0646\" \/>\n<script type=\"application\/ld+json\" class=\"yoast-schema-graph\">{\"@context\":\"https:\\\/\\\/schema.org\",\"@graph\":[{\"@type\":[\"WebPage\",\"ItemPage\"],\"@id\":\"https:\\\/\\\/vitablanca.ma\\\/produit\\\/vichy-liftactiv-supreme-vitamin-c-serum-20ml\\\/\",\"url\":\"https:\\\/\\\/vitablanca.ma\\\/produit\\\/vichy-liftactiv-supreme-vitamin-c-serum-20ml\\\/\",\"name\":\"Vichy Liftactiv Supreme S\u00e9rum Vitamine C 20 ml - Maroc Prix\",\"isPartOf\":{\"@id\":\"https:\\\/\\\/vitablanca.ma\\\/#website\"},\"primaryImageOfPage\":{\"@id\":\"https:\\\/\\\/vitablanca.ma\\\/produit\\\/vichy-liftactiv-supreme-vitamin-c-serum-20ml\\\/#primaryimage\"},\"image\":{\"@id\":\"https:\\\/\\\/vitablanca.ma\\\/produit\\\/vichy-liftactiv-supreme-vitamin-c-serum-20ml\\\/#primaryimage\"},\"thumbnailUrl\":\"https:\\\/\\\/vitablanca.ma\\\/wp-content\\\/uploads\\\/2025\\\/06\\\/Vichy-Liftactiv-Supreme-Vitamin-C-Serum-novaparapharmacie-maroc.jpg\",\"datePublished\":\"2025-06-11T22:31:43+00:00\",\"dateModified\":\"2026-02-04T01:19:34+00:00\",\"description\":\"Vichy Liftactiv Supreme S\u00e9rum Vitamine C 20 ml : illumine le teint, r\u00e9duit rides et ridules, prot\u00e8ge la peau et renforce l\u2019\u00e9clat naturel.\",\"breadcrumb\":{\"@id\":\"https:\\\/\\\/vitablanca.ma\\\/produit\\\/vichy-liftactiv-supreme-vitamin-c-serum-20ml\\\/#breadcrumb\"},\"inLanguage\":\"ar\",\"potentialAction\":[{\"@type\":\"ReadAction\",\"target\":[\"https:\\\/\\\/vitablanca.ma\\\/produit\\\/vichy-liftactiv-supreme-vitamin-c-serum-20ml\\\/\"]}]},{\"@type\":\"ImageObject\",\"inLanguage\":\"ar\",\"@id\":\"https:\\\/\\\/vitablanca.ma\\\/produit\\\/vichy-liftactiv-supreme-vitamin-c-serum-20ml\\\/#primaryimage\",\"url\":\"https:\\\/\\\/vitablanca.ma\\\/wp-content\\\/uploads\\\/2025\\\/06\\\/Vichy-Liftactiv-Supreme-Vitamin-C-Serum-novaparapharmacie-maroc.jpg\",\"contentUrl\":\"https:\\\/\\\/vitablanca.ma\\\/wp-content\\\/uploads\\\/2025\\\/06\\\/Vichy-Liftactiv-Supreme-Vitamin-C-Serum-novaparapharmacie-maroc.jpg\",\"width\":1000,\"height\":1000},{\"@type\":\"BreadcrumbList\",\"@id\":\"https:\\\/\\\/vitablanca.ma\\\/produit\\\/vichy-liftactiv-supreme-vitamin-c-serum-20ml\\\/#breadcrumb\",\"itemListElement\":[{\"@type\":\"ListItem\",\"position\":1,\"name\":\"Home\",\"item\":\"https:\\\/\\\/vitablanca.ma\\\/\"},{\"@type\":\"ListItem\",\"position\":2,\"name\":\"Tous Les Produits\",\"item\":\"https:\\\/\\\/vitablanca.ma\\\/tous-les-produits\\\/\"},{\"@type\":\"ListItem\",\"position\":3,\"name\":\"Vichy Liftactiv Supreme Vitamin C Serum 20ml\"}]},{\"@type\":\"WebSite\",\"@id\":\"https:\\\/\\\/vitablanca.ma\\\/#website\",\"url\":\"https:\\\/\\\/vitablanca.ma\\\/\",\"name\":\"VitaBlanca.ma | Compl\u00e9ments alimentaires, sant\u00e9 & beaut\u00e9 au Maroc\",\"description\":\"vendre vitamines et compl\u00e9ments premium des USA &amp; Canada, Nouvelle Z\u00e9lande,Maroc (NOW Foods, Solgar, Manuka). Livraison rapide partout au Maroc.\",\"publisher\":{\"@id\":\"https:\\\/\\\/vitablanca.ma\\\/#organization\"},\"alternateName\":\"VitaBlanca.ma\",\"potentialAction\":[{\"@type\":\"SearchAction\",\"target\":{\"@type\":\"EntryPoint\",\"urlTemplate\":\"https:\\\/\\\/vitablanca.ma\\\/?s={search_term_string}\"},\"query-input\":{\"@type\":\"PropertyValueSpecification\",\"valueRequired\":true,\"valueName\":\"search_term_string\"}}],\"inLanguage\":\"ar\"},{\"@type\":\"Organization\",\"@id\":\"https:\\\/\\\/vitablanca.ma\\\/#organization\",\"name\":\"VitaBlanca\",\"url\":\"https:\\\/\\\/vitablanca.ma\\\/\",\"logo\":{\"@type\":\"ImageObject\",\"inLanguage\":\"ar\",\"@id\":\"https:\\\/\\\/vitablanca.ma\\\/#\\\/schema\\\/logo\\\/image\\\/\",\"url\":\"https:\\\/\\\/vitablanca.ma\\\/wp-content\\\/uploads\\\/2025\\\/05\\\/cropped-vitablanca.png\",\"contentUrl\":\"https:\\\/\\\/vitablanca.ma\\\/wp-content\\\/uploads\\\/2025\\\/05\\\/cropped-vitablanca.png\",\"width\":360,\"height\":67,\"caption\":\"VitaBlanca\"},\"image\":{\"@id\":\"https:\\\/\\\/vitablanca.ma\\\/#\\\/schema\\\/logo\\\/image\\\/\"},\"sameAs\":[\"https:\\\/\\\/www.facebook.com\\\/profile.php?id=61576678196717\",\"https:\\\/\\\/www.tiktok.com\\\/@vitablanca.ma\",\"https:\\\/\\\/www.instagram.com\\\/vitablanca.ma\\\/\"]}]}<\/script>\n<!-- \/ Yoast SEO plugin. -->","yoast_head_json":{"title":"Vichy Liftactiv Supreme S\u00e9rum Vitamine C 20 ml - Maroc Prix","description":"Vichy Liftactiv Supreme S\u00e9rum Vitamine C 20 ml : illumine le teint, r\u00e9duit rides et ridules, prot\u00e8ge la peau et renforce l\u2019\u00e9clat naturel.","robots":{"index":"index","follow":"follow","max-snippet":"max-snippet:-1","max-image-preview":"max-image-preview:large","max-video-preview":"max-video-preview:-1"},"canonical":"https:\/\/vitablanca.ma\/ar\/product-2\/vichy-liftactiv-supreme-vitamin-c-serum-20ml\/","og_locale":"ar_AR","og_type":"article","og_title":"Vichy Liftactiv Supreme S\u00e9rum Vitamine C 20 ml - Maroc Prix","og_description":"Vichy Liftactiv Supreme S\u00e9rum Vitamine C 20 ml : illumine le teint, r\u00e9duit rides et ridules, prot\u00e8ge la peau et renforce l\u2019\u00e9clat naturel.","og_url":"https:\/\/vitablanca.ma\/ar\/product-2\/vichy-liftactiv-supreme-vitamin-c-serum-20ml\/","og_site_name":"Vitablanca.ma &ndash; Sant&eacute;, vitalit&eacute; et bien-&ecirc;tre pour tous les Marocains","article_publisher":"https:\/\/www.facebook.com\/profile.php?id=61576678196717","article_modified_time":"2026-02-04T01:19:34+00:00","og_image":[{"width":1000,"height":1000,"url":"https:\/\/vitablanca.ma\/wp-content\/uploads\/2025\/06\/Vichy-Liftactiv-Supreme-Vitamin-C-Serum-novaparapharmacie-maroc.jpg","type":"image\/jpeg"}],"twitter_card":"summary_large_image","twitter_misc":{"\u0648\u0642\u062a \u0627\u0644\u0642\u0631\u0627\u0621\u0629 \u0627\u0644\u0645\u064f\u0642\u062f\u0651\u0631":"\u062f\u0642\u064a\u0642\u062a\u0627\u0646"},"schema":{"@context":"https:\/\/schema.org","@graph":[{"@type":["WebPage","ItemPage"],"@id":"https:\/\/vitablanca.ma\/produit\/vichy-liftactiv-supreme-vitamin-c-serum-20ml\/","url":"https:\/\/vitablanca.ma\/produit\/vichy-liftactiv-supreme-vitamin-c-serum-20ml\/","name":"Vichy Liftactiv Supreme S\u00e9rum Vitamine C 20 ml - Maroc Prix","isPartOf":{"@id":"https:\/\/vitablanca.ma\/#website"},"primaryImageOfPage":{"@id":"https:\/\/vitablanca.ma\/produit\/vichy-liftactiv-supreme-vitamin-c-serum-20ml\/#primaryimage"},"image":{"@id":"https:\/\/vitablanca.ma\/produit\/vichy-liftactiv-supreme-vitamin-c-serum-20ml\/#primaryimage"},"thumbnailUrl":"https:\/\/vitablanca.ma\/wp-content\/uploads\/2025\/06\/Vichy-Liftactiv-Supreme-Vitamin-C-Serum-novaparapharmacie-maroc.jpg","datePublished":"2025-06-11T22:31:43+00:00","dateModified":"2026-02-04T01:19:34+00:00","description":"Vichy Liftactiv Supreme S\u00e9rum Vitamine C 20 ml : illumine le teint, r\u00e9duit rides et ridules, prot\u00e8ge la peau et renforce l\u2019\u00e9clat naturel.","breadcrumb":{"@id":"https:\/\/vitablanca.ma\/produit\/vichy-liftactiv-supreme-vitamin-c-serum-20ml\/#breadcrumb"},"inLanguage":"ar","potentialAction":[{"@type":"ReadAction","target":["https:\/\/vitablanca.ma\/produit\/vichy-liftactiv-supreme-vitamin-c-serum-20ml\/"]}]},{"@type":"ImageObject","inLanguage":"ar","@id":"https:\/\/vitablanca.ma\/produit\/vichy-liftactiv-supreme-vitamin-c-serum-20ml\/#primaryimage","url":"https:\/\/vitablanca.ma\/wp-content\/uploads\/2025\/06\/Vichy-Liftactiv-Supreme-Vitamin-C-Serum-novaparapharmacie-maroc.jpg","contentUrl":"https:\/\/vitablanca.ma\/wp-content\/uploads\/2025\/06\/Vichy-Liftactiv-Supreme-Vitamin-C-Serum-novaparapharmacie-maroc.jpg","width":1000,"height":1000},{"@type":"BreadcrumbList","@id":"https:\/\/vitablanca.ma\/produit\/vichy-liftactiv-supreme-vitamin-c-serum-20ml\/#breadcrumb","itemListElement":[{"@type":"ListItem","position":1,"name":"Home","item":"https:\/\/vitablanca.ma\/"},{"@type":"ListItem","position":2,"name":"Tous Les Produits","item":"https:\/\/vitablanca.ma\/tous-les-produits\/"},{"@type":"ListItem","position":3,"name":"Vichy Liftactiv Supreme Vitamin C Serum 20ml"}]},{"@type":"WebSite","@id":"https:\/\/vitablanca.ma\/#website","url":"https:\/\/vitablanca.ma\/","name":"VitaBlanca.ma | \u0627\u0644\u0645\u0643\u0645\u0644\u0627\u062a \u0627\u0644\u063a\u0630\u0627\u0626\u064a\u0629\u060c \u0627\u0644\u0635\u062d\u0629 \u0648\u0627\u0644\u062c\u0645\u0627\u0644 \u0641\u064a \u0627\u0644\u0645\u063a\u0631\u0628","description":"\u0646\u0628\u064a\u0639 \u0641\u064a\u062a\u0627\u0645\u064a\u0646\u0627\u062a \u0648\u0645\u0643\u0645\u0644\u0627\u062a \u063a\u0630\u0627\u0626\u064a\u0629 \u0641\u0627\u062e\u0631\u0629 \u0645\u0646 \u0627\u0644\u0648\u0644\u0627\u064a\u0627\u062a \u0627\u0644\u0645\u062a\u062d\u062f\u0629 \u0627\u0644\u0623\u0645\u0631\u064a\u0643\u064a\u0629 \u0648\u0643\u0646\u062f\u0627 \u0648\u0646\u064a\u0648\u0632\u064a\u0644\u0646\u062f\u0627 \u0648\u0627\u0644\u0645\u063a\u0631\u0628 (\u0646\u0627\u0648 \u0641\u0648\u062f\u0632\u060c \u0633\u0648\u0644\u062c\u0627\u0631\u060c \u0645\u0627\u0646\u0648\u0643\u0627). \u062a\u0648\u0635\u064a\u0644 \u0633\u0631\u064a\u0639 \u0625\u0644\u0649 \u062c\u0645\u064a\u0639 \u0623\u0646\u062d\u0627\u0621 \u0627\u0644\u0645\u063a\u0631\u0628.","publisher":{"@id":"https:\/\/vitablanca.ma\/#organization"},"alternateName":"VitaBlanca.ma","potentialAction":[{"@type":"SearchAction","target":{"@type":"EntryPoint","urlTemplate":"https:\/\/vitablanca.ma\/?s={search_term_string}"},"query-input":{"@type":"PropertyValueSpecification","valueRequired":true,"valueName":"search_term_string"}}],"inLanguage":"ar"},{"@type":"Organization","@id":"https:\/\/vitablanca.ma\/#organization","name":"\u0641\u064a\u062a\u0627\u0628\u0644\u0627\u0646\u0643\u0627","url":"https:\/\/vitablanca.ma\/","logo":{"@type":"ImageObject","inLanguage":"ar","@id":"https:\/\/vitablanca.ma\/#\/schema\/logo\/image\/","url":"https:\/\/vitablanca.ma\/wp-content\/uploads\/2025\/05\/cropped-vitablanca.png","contentUrl":"https:\/\/vitablanca.ma\/wp-content\/uploads\/2025\/05\/cropped-vitablanca.png","width":360,"height":67,"caption":"VitaBlanca"},"image":{"@id":"https:\/\/vitablanca.ma\/#\/schema\/logo\/image\/"},"sameAs":["https:\/\/www.facebook.com\/profile.php?id=61576678196717","https:\/\/www.tiktok.com\/@vitablanca.ma","https:\/\/www.instagram.com\/vitablanca.ma\/"]}]}},"jetpack_sharing_enabled":true,"_links":{"self":[{"href":"https:\/\/vitablanca.ma\/ar\/wp-json\/wp\/v2\/product\/22505","targetHints":{"allow":["GET"]}}],"collection":[{"href":"https:\/\/vitablanca.ma\/ar\/wp-json\/wp\/v2\/product"}],"about":[{"href":"https:\/\/vitablanca.ma\/ar\/wp-json\/wp\/v2\/types\/product"}],"wp:featuredmedia":[{"embeddable":true,"href":"https:\/\/vitablanca.ma\/ar\/wp-json\/wp\/v2\/media\/22503"}],"wp:attachment":[{"href":"https:\/\/vitablanca.ma\/ar\/wp-json\/wp\/v2\/media?parent=22505"}],"wp:term":[{"taxonomy":"product_brand","embeddable":true,"href":"https:\/\/vitablanca.ma\/ar\/wp-json\/wp\/v2\/product_brand?post=22505"},{"taxonomy":"product_cat","embeddable":true,"href":"https:\/\/vitablanca.ma\/ar\/wp-json\/wp\/v2\/product_cat?post=22505"},{"taxonomy":"product_tag","embeddable":true,"href":"https:\/\/vitablanca.ma\/ar\/wp-json\/wp\/v2\/product_tag?post=22505"}],"curies":[{"name":"wp","href":"https:\/\/api.w.org\/{rel}","templated":true}]}}