{"id":22478,"date":"2025-06-11T22:26:16","date_gmt":"2025-06-11T22:26:16","guid":{"rendered":"https:\/\/vitablanca.ma\/product\/vichy-dercos-densi-solutions-shampooing-epaisseur-et-resistance-250ml\/"},"modified":"2026-02-04T01:34:04","modified_gmt":"2026-02-04T01:34:04","slug":"vichy-dercos-densi-solutions-shampooing-epaisseur-et-resistance-250ml","status":"publish","type":"product","link":"https:\/\/vitablanca.ma\/ar\/product-2\/vichy-dercos-densi-solutions-shampooing-epaisseur-et-resistance-250ml\/","title":{"rendered":"Vichy Dercos Densi-Solutions Shampooing \u00c9paisseur Et R\u00e9sistance 250ml"},"content":{"rendered":"<h2>Vichy Dercos Densi-Solutions Shampooing \u00c9paisseur Et R\u00e9sistance\u00a0<span data-mce-fragment=\"1\">Augmente le volume et l&rsquo;\u00e9paisseur de la chevelure<\/span><\/h2>\n<p>Un shampoing \u00e9paisseur qui purifie le cuir chevelu et agit sur les longueurs pour augmenter le volume et l&rsquo;\u00e9paisseur de la chevelure.<br \/>\n\u0644\u0644\u0646\u0633\u0627\u0621 \u0627\u0644\u0644\u0648\u0627\u062a\u064a \u064a\u0639\u0627\u0646\u064a\u0646 \u0645\u0646 \u062a\u0633\u0627\u0642\u0637 \u0627\u0644\u0634\u0639\u0631. \u064a\u064f\u0644\u0627\u062d\u0638 \u0647\u0630\u0627 \u0627\u0644\u062a\u0633\u0627\u0642\u0637 \u0645\u0646 \u062e\u0644\u0627\u0644 \u0627\u0646\u062e\u0641\u0627\u0636 \u0642\u0648\u0629 \u0627\u0644\u0634\u0639\u0631 (\u064a\u0636\u0639\u0641 \u0648\u064a\u0641\u0642\u062f \u0645\u0642\u0627\u0648\u0645\u062a\u0647)\u060c \u0648\u0627\u0646\u062e\u0641\u0627\u0636 \u0633\u064f\u0645\u0643 \u0623\u0644\u064a\u0627\u0641\u0647 (\u064a\u0628\u062f\u0648 \u0623\u0646\u0639\u0645 \u0645\u0646 \u0630\u064a \u0642\u0628\u0644)\u060c \u0648\u0627\u0646\u062e\u0641\u0627\u0636 \u0643\u0645\u064a\u062a\u0647 (\u064a\u0635\u0628\u062d \u0630\u064a\u0644 \u0627\u0644\u062d\u0635\u0627\u0646 \u0623\u0642\u0644 \u0633\u064f\u0645\u0643\u064b\u0627).<\/p>\n<div class=\"ctn_top-accordion\">\n<div class=\"accordion-item itemForm no-overflow\">\n<h3 class=\"accordion-item-title\">\u0643\u0641\u0627\u0621\u0629<\/h3>\n<div class=\"accordion-content\">\n<p>Ce shampoing enrichi en rhamnose et en filloxane am\u00e9liore la qualit\u00e9 du cuir chevelu et rend les cheveux plus forts et plus r\u00e9sistants.<br \/>\nLa fibre gagne en volume, elle est comme revitalis\u00e9.<br \/>\n+ 40% de volume d\u00e8s la premi\u00e8re application*. Donne du volume et de la densit\u00e9 lorsque le produit est utilis\u00e9 dans sa routine compl\u00e8te (Baume r\u00e9g\u00e9n\u00e9rant &amp; Concentr\u00e9 cr\u00e9ateur de masse capillaire)*.<br \/>\n94% des consommateurs ont per\u00e7ue leur chevelure \u00e9paissie en 6 semaines**<br \/>\n*Test instrumental apr\u00e8s une application.<br \/>\n** Test consommateur \u2013pourcentage de satisfaction \u2013 shampooing + baume + soin concentr\u00e9 &#8211; 138 sujets &#8211; 6 semaines.<\/p>\n<\/div>\n<\/div>\n<div class=\"accordion-item itemForm no-overflow\">\n<h3 class=\"accordion-item-title\">\u0637\u0644\u0628<\/h3>\n<div class=\"accordion-content\">\n<p>Appliquer le shampooing sur le cuir chevelu et sur cheveux mouill\u00e9s. Masser d\u00e9licatement puis rincer. R\u00e9p\u00e9ter l\u2019application pour amplifier l\u2019action au niveau des racines. En cas de contact avec les yeux, les rincer imm\u00e9diatement et abondamment.<\/p>\n<\/div>\n<\/div>\n<div class=\"accordion-item itemForm no-overflow\">\n<h3 class=\"accordion-item-title\">\u062d\u0645\u0627\u064a\u0629<\/h3>\n<div class=\"accordion-content\">\n<ul>\n<li>Sans paraben.<\/li>\n<li>Sans Silicone.<\/li>\n<li>Sans colorants.<\/li>\n<\/ul>\n<\/div>\n<\/div>\n<\/div>\n<div class=\"ctn_bottom-accordion\">\n<div class=\"accordion-item composition\">\n<h3 class=\"accordion-item-title\">\u062a\u0639\u0628\u064a\u0631<\/h3>\n<div id=\"listIngredient_23631\" class=\"accordion-content obj_ingredients\">\n<div id=\"ingredients-list\">\n<p><em>AQUA \/ WATER &#8211; SODIUM LAURETH SULFATE &#8211; COCAMIDOPROPYL BETAINE &#8211; SODIUM LAURYL SULFATE &#8211; LAURETH-5 CARBOXYLIC ACID &#8211; AMINOPROPYL TRIETHOXYSILANE &#8211; AMODIMETHICONE &#8211; C11-15 PARETH-7 &#8211; CARAMEL &#8211; CHLORPHENESIN &#8211; CITRIC ACID &#8211; DISODIUM EDTA &#8211; GERANIOL &#8211; GLYCERIN &#8211; HEXYL CINNAMAL &#8211; ISOEUGENOL &#8211; LACTIC ACID &#8211; LAURETH-9 &#8211; LIMONENE &#8211; LINALOOL &#8211; MENTHA PIPERITA OIL \/ PEPPERMINT OIL &#8211; MENTHOL &#8211; PEG-55 PROPYLENE GLYCOL OLEATE &#8211; PEG-60 HYDROGENATED CASTOR OIL &#8211; PHENOXYETHANOL &#8211; PIROCTONE OLAMINE &#8211; POLYQUATERNIUM-67 &#8211; PPG-5-CETETH-20 &#8211; PROPYLENE GLYCOL &#8211; RHAMNOSE &#8211; SALICYLIC ACID &#8211; SODIUM CHLORIDE &#8211; SODIUM HYDROXIDE &#8211; SORBIC ACID &#8211; TOCOPHERYL ACETATE &#8211; TRIDECETH-12 &#8211; PARFUM \/ FRAGRANCE<\/em><\/p>\n<\/div>\n<\/div>\n<\/div>\n<\/div>","protected":false},"excerpt":{"rendered":"<p>Vichy Dercos Densi-Solutions Shampooing \u00c9paisseur Et R\u00e9sistance\u00a0Augmente le volume et l&rsquo;\u00e9paisseur de la chevelure Un shampoing \u00e9paisseur qui purifie le cuir chevelu et agit sur les longueurs pour augmenter le volume et l&rsquo;\u00e9paisseur de la chevelure. Pour les femmes concern\u00e9es par la perte de masse capillaire. Cette perte est identifiable par une diminution de la [&hellip;]<\/p>\n","protected":false},"featured_media":22477,"template":"","meta":{"om_disable_all_campaigns":false},"product_brand":[3358],"product_cat":[18],"product_tag":[7503,5926,6729,7500,7495,7504,7499,7501,7498,7496,7497,7505,7502,3359,7392,3360,3361,6653],"class_list":{"0":"post-22478","1":"product","2":"type-product","3":"status-publish","4":"has-post-thumbnail","6":"product_brand-vichy-maroc-prix-vitablanca","7":"product_cat-beaute-sante","8":"product_tag-cheveux-densifies","9":"product_tag-cheveux-fins","10":"product_tag-cheveux-fragiles","11":"product_tag-cheveux-plus-resistants","12":"product_tag-densi-solutions","13":"product_tag-fortifiant-cheveux","14":"product_tag-renforce-fibre-capillaire","15":"product_tag-shampooing-cuir-chevelu-sensible","16":"product_tag-shampooing-densifiant","17":"product_tag-shampooing-epaisseur","18":"product_tag-shampooing-resistance","19":"product_tag-soin-capillaire-quotidien","20":"product_tag-soin-cheveux-vichy","21":"product_tag-vichy","22":"product_tag-vichy-dercos","23":"product_tag-vichy-maroc","24":"product_tag-vichy-morocco","25":"product_tag-volume-cheveux","27":"first","28":"instock","29":"sale","30":"taxable","31":"shipping-taxable","32":"purchasable","33":"product-type-simple"},"yoast_head":"<!-- This site is optimized with the Yoast SEO plugin v27.4 - https:\/\/yoast.com\/product\/yoast-seo-wordpress\/ -->\n<title>Vichy Dercos Densi-Shampooing 250 ml - Maroc Prix<\/title>\n<meta name=\"description\" content=\"Vichy Dercos Densi-Solutions 250 ml : shampooing pour cheveux fins et fragiles, renforce, densifie et apporte r\u00e9sistance et volume aux cheveux.\" \/>\n<meta name=\"robots\" content=\"index, follow, max-snippet:-1, max-image-preview:large, max-video-preview:-1\" \/>\n<link rel=\"canonical\" href=\"https:\/\/vitablanca.ma\/ar\/product-2\/vichy-dercos-densi-solutions-shampooing-epaisseur-et-resistance-250ml\/\" \/>\n<meta property=\"og:locale\" content=\"ar_AR\" \/>\n<meta property=\"og:type\" content=\"article\" \/>\n<meta property=\"og:title\" content=\"Vichy Dercos Densi-Shampooing 250 ml - Maroc Prix\" \/>\n<meta property=\"og:description\" content=\"Vichy Dercos Densi-Solutions 250 ml : shampooing pour cheveux fins et fragiles, renforce, densifie et apporte r\u00e9sistance et volume aux cheveux.\" \/>\n<meta property=\"og:url\" content=\"https:\/\/vitablanca.ma\/ar\/product-2\/vichy-dercos-densi-solutions-shampooing-epaisseur-et-resistance-250ml\/\" \/>\n<meta property=\"og:site_name\" content=\"Vitablanca.ma &ndash; Sant&eacute;, vitalit&eacute; et bien-&ecirc;tre pour tous les Marocains\" \/>\n<meta property=\"article:publisher\" content=\"https:\/\/www.facebook.com\/profile.php?id=61576678196717\" \/>\n<meta property=\"article:modified_time\" content=\"2026-02-04T01:34:04+00:00\" \/>\n<meta property=\"og:image\" content=\"https:\/\/vitablanca.ma\/wp-content\/uploads\/2025\/06\/Vichy-Dercos-Densi-Solutions-Shampooing-Epaisseur-Et-Resistance-nova-parapharmacie-maroc-1.png\" \/>\n\t<meta property=\"og:image:width\" content=\"1000\" \/>\n\t<meta property=\"og:image:height\" content=\"1000\" \/>\n\t<meta property=\"og:image:type\" content=\"image\/png\" \/>\n<meta name=\"twitter:card\" content=\"summary_large_image\" \/>\n<meta name=\"twitter:label1\" content=\"\u0648\u0642\u062a \u0627\u0644\u0642\u0631\u0627\u0621\u0629 \u0627\u0644\u0645\u064f\u0642\u062f\u0651\u0631\" \/>\n\t<meta name=\"twitter:data1\" content=\"\u062f\u0642\u064a\u0642\u062a\u0627\u0646\" \/>\n<script type=\"application\/ld+json\" class=\"yoast-schema-graph\">{\"@context\":\"https:\\\/\\\/schema.org\",\"@graph\":[{\"@type\":[\"WebPage\",\"ItemPage\"],\"@id\":\"https:\\\/\\\/vitablanca.ma\\\/produit\\\/vichy-dercos-densi-solutions-shampooing-epaisseur-et-resistance-250ml\\\/\",\"url\":\"https:\\\/\\\/vitablanca.ma\\\/produit\\\/vichy-dercos-densi-solutions-shampooing-epaisseur-et-resistance-250ml\\\/\",\"name\":\"Vichy Dercos Densi-Shampooing 250 ml - Maroc Prix\",\"isPartOf\":{\"@id\":\"https:\\\/\\\/vitablanca.ma\\\/#website\"},\"primaryImageOfPage\":{\"@id\":\"https:\\\/\\\/vitablanca.ma\\\/produit\\\/vichy-dercos-densi-solutions-shampooing-epaisseur-et-resistance-250ml\\\/#primaryimage\"},\"image\":{\"@id\":\"https:\\\/\\\/vitablanca.ma\\\/produit\\\/vichy-dercos-densi-solutions-shampooing-epaisseur-et-resistance-250ml\\\/#primaryimage\"},\"thumbnailUrl\":\"https:\\\/\\\/vitablanca.ma\\\/wp-content\\\/uploads\\\/2025\\\/06\\\/Vichy-Dercos-Densi-Solutions-Shampooing-Epaisseur-Et-Resistance-nova-parapharmacie-maroc-1.png\",\"datePublished\":\"2025-06-11T22:26:16+00:00\",\"dateModified\":\"2026-02-04T01:34:04+00:00\",\"description\":\"Vichy Dercos Densi-Solutions 250 ml : shampooing pour cheveux fins et fragiles, renforce, densifie et apporte r\u00e9sistance et volume aux cheveux.\",\"breadcrumb\":{\"@id\":\"https:\\\/\\\/vitablanca.ma\\\/produit\\\/vichy-dercos-densi-solutions-shampooing-epaisseur-et-resistance-250ml\\\/#breadcrumb\"},\"inLanguage\":\"ar\",\"potentialAction\":[{\"@type\":\"ReadAction\",\"target\":[\"https:\\\/\\\/vitablanca.ma\\\/produit\\\/vichy-dercos-densi-solutions-shampooing-epaisseur-et-resistance-250ml\\\/\"]}]},{\"@type\":\"ImageObject\",\"inLanguage\":\"ar\",\"@id\":\"https:\\\/\\\/vitablanca.ma\\\/produit\\\/vichy-dercos-densi-solutions-shampooing-epaisseur-et-resistance-250ml\\\/#primaryimage\",\"url\":\"https:\\\/\\\/vitablanca.ma\\\/wp-content\\\/uploads\\\/2025\\\/06\\\/Vichy-Dercos-Densi-Solutions-Shampooing-Epaisseur-Et-Resistance-nova-parapharmacie-maroc-1.png\",\"contentUrl\":\"https:\\\/\\\/vitablanca.ma\\\/wp-content\\\/uploads\\\/2025\\\/06\\\/Vichy-Dercos-Densi-Solutions-Shampooing-Epaisseur-Et-Resistance-nova-parapharmacie-maroc-1.png\",\"width\":1000,\"height\":1000},{\"@type\":\"BreadcrumbList\",\"@id\":\"https:\\\/\\\/vitablanca.ma\\\/produit\\\/vichy-dercos-densi-solutions-shampooing-epaisseur-et-resistance-250ml\\\/#breadcrumb\",\"itemListElement\":[{\"@type\":\"ListItem\",\"position\":1,\"name\":\"Home\",\"item\":\"https:\\\/\\\/vitablanca.ma\\\/\"},{\"@type\":\"ListItem\",\"position\":2,\"name\":\"Tous Les Produits\",\"item\":\"https:\\\/\\\/vitablanca.ma\\\/tous-les-produits\\\/\"},{\"@type\":\"ListItem\",\"position\":3,\"name\":\"Vichy Dercos Densi-Solutions Shampooing \u00c9paisseur Et R\u00e9sistance 250ml\"}]},{\"@type\":\"WebSite\",\"@id\":\"https:\\\/\\\/vitablanca.ma\\\/#website\",\"url\":\"https:\\\/\\\/vitablanca.ma\\\/\",\"name\":\"VitaBlanca.ma | Compl\u00e9ments alimentaires, sant\u00e9 & beaut\u00e9 au Maroc\",\"description\":\"vendre vitamines et compl\u00e9ments premium des USA &amp; Canada, Nouvelle Z\u00e9lande,Maroc (NOW Foods, Solgar, Manuka). Livraison rapide partout au Maroc.\",\"publisher\":{\"@id\":\"https:\\\/\\\/vitablanca.ma\\\/#organization\"},\"alternateName\":\"VitaBlanca.ma\",\"potentialAction\":[{\"@type\":\"SearchAction\",\"target\":{\"@type\":\"EntryPoint\",\"urlTemplate\":\"https:\\\/\\\/vitablanca.ma\\\/?s={search_term_string}\"},\"query-input\":{\"@type\":\"PropertyValueSpecification\",\"valueRequired\":true,\"valueName\":\"search_term_string\"}}],\"inLanguage\":\"ar\"},{\"@type\":\"Organization\",\"@id\":\"https:\\\/\\\/vitablanca.ma\\\/#organization\",\"name\":\"VitaBlanca\",\"url\":\"https:\\\/\\\/vitablanca.ma\\\/\",\"logo\":{\"@type\":\"ImageObject\",\"inLanguage\":\"ar\",\"@id\":\"https:\\\/\\\/vitablanca.ma\\\/#\\\/schema\\\/logo\\\/image\\\/\",\"url\":\"https:\\\/\\\/vitablanca.ma\\\/wp-content\\\/uploads\\\/2025\\\/05\\\/cropped-vitablanca.png\",\"contentUrl\":\"https:\\\/\\\/vitablanca.ma\\\/wp-content\\\/uploads\\\/2025\\\/05\\\/cropped-vitablanca.png\",\"width\":360,\"height\":67,\"caption\":\"VitaBlanca\"},\"image\":{\"@id\":\"https:\\\/\\\/vitablanca.ma\\\/#\\\/schema\\\/logo\\\/image\\\/\"},\"sameAs\":[\"https:\\\/\\\/www.facebook.com\\\/profile.php?id=61576678196717\",\"https:\\\/\\\/www.tiktok.com\\\/@vitablanca.ma\",\"https:\\\/\\\/www.instagram.com\\\/vitablanca.ma\\\/\"]}]}<\/script>\n<!-- \/ Yoast SEO plugin. -->","yoast_head_json":{"title":"Vichy Dercos Densi-Shampooing 250 ml - Maroc Prix","description":"Vichy Dercos Densi-Solutions 250 ml : shampooing pour cheveux fins et fragiles, renforce, densifie et apporte r\u00e9sistance et volume aux cheveux.","robots":{"index":"index","follow":"follow","max-snippet":"max-snippet:-1","max-image-preview":"max-image-preview:large","max-video-preview":"max-video-preview:-1"},"canonical":"https:\/\/vitablanca.ma\/ar\/product-2\/vichy-dercos-densi-solutions-shampooing-epaisseur-et-resistance-250ml\/","og_locale":"ar_AR","og_type":"article","og_title":"Vichy Dercos Densi-Shampooing 250 ml - Maroc Prix","og_description":"Vichy Dercos Densi-Solutions 250 ml : shampooing pour cheveux fins et fragiles, renforce, densifie et apporte r\u00e9sistance et volume aux cheveux.","og_url":"https:\/\/vitablanca.ma\/ar\/product-2\/vichy-dercos-densi-solutions-shampooing-epaisseur-et-resistance-250ml\/","og_site_name":"Vitablanca.ma &ndash; Sant&eacute;, vitalit&eacute; et bien-&ecirc;tre pour tous les Marocains","article_publisher":"https:\/\/www.facebook.com\/profile.php?id=61576678196717","article_modified_time":"2026-02-04T01:34:04+00:00","og_image":[{"width":1000,"height":1000,"url":"https:\/\/vitablanca.ma\/wp-content\/uploads\/2025\/06\/Vichy-Dercos-Densi-Solutions-Shampooing-Epaisseur-Et-Resistance-nova-parapharmacie-maroc-1.png","type":"image\/png"}],"twitter_card":"summary_large_image","twitter_misc":{"\u0648\u0642\u062a \u0627\u0644\u0642\u0631\u0627\u0621\u0629 \u0627\u0644\u0645\u064f\u0642\u062f\u0651\u0631":"\u062f\u0642\u064a\u0642\u062a\u0627\u0646"},"schema":{"@context":"https:\/\/schema.org","@graph":[{"@type":["WebPage","ItemPage"],"@id":"https:\/\/vitablanca.ma\/produit\/vichy-dercos-densi-solutions-shampooing-epaisseur-et-resistance-250ml\/","url":"https:\/\/vitablanca.ma\/produit\/vichy-dercos-densi-solutions-shampooing-epaisseur-et-resistance-250ml\/","name":"Vichy Dercos Densi-Shampooing 250 ml - Maroc Prix","isPartOf":{"@id":"https:\/\/vitablanca.ma\/#website"},"primaryImageOfPage":{"@id":"https:\/\/vitablanca.ma\/produit\/vichy-dercos-densi-solutions-shampooing-epaisseur-et-resistance-250ml\/#primaryimage"},"image":{"@id":"https:\/\/vitablanca.ma\/produit\/vichy-dercos-densi-solutions-shampooing-epaisseur-et-resistance-250ml\/#primaryimage"},"thumbnailUrl":"https:\/\/vitablanca.ma\/wp-content\/uploads\/2025\/06\/Vichy-Dercos-Densi-Solutions-Shampooing-Epaisseur-Et-Resistance-nova-parapharmacie-maroc-1.png","datePublished":"2025-06-11T22:26:16+00:00","dateModified":"2026-02-04T01:34:04+00:00","description":"Vichy Dercos Densi-Solutions 250 ml : shampooing pour cheveux fins et fragiles, renforce, densifie et apporte r\u00e9sistance et volume aux cheveux.","breadcrumb":{"@id":"https:\/\/vitablanca.ma\/produit\/vichy-dercos-densi-solutions-shampooing-epaisseur-et-resistance-250ml\/#breadcrumb"},"inLanguage":"ar","potentialAction":[{"@type":"ReadAction","target":["https:\/\/vitablanca.ma\/produit\/vichy-dercos-densi-solutions-shampooing-epaisseur-et-resistance-250ml\/"]}]},{"@type":"ImageObject","inLanguage":"ar","@id":"https:\/\/vitablanca.ma\/produit\/vichy-dercos-densi-solutions-shampooing-epaisseur-et-resistance-250ml\/#primaryimage","url":"https:\/\/vitablanca.ma\/wp-content\/uploads\/2025\/06\/Vichy-Dercos-Densi-Solutions-Shampooing-Epaisseur-Et-Resistance-nova-parapharmacie-maroc-1.png","contentUrl":"https:\/\/vitablanca.ma\/wp-content\/uploads\/2025\/06\/Vichy-Dercos-Densi-Solutions-Shampooing-Epaisseur-Et-Resistance-nova-parapharmacie-maroc-1.png","width":1000,"height":1000},{"@type":"BreadcrumbList","@id":"https:\/\/vitablanca.ma\/produit\/vichy-dercos-densi-solutions-shampooing-epaisseur-et-resistance-250ml\/#breadcrumb","itemListElement":[{"@type":"ListItem","position":1,"name":"Home","item":"https:\/\/vitablanca.ma\/"},{"@type":"ListItem","position":2,"name":"Tous Les Produits","item":"https:\/\/vitablanca.ma\/tous-les-produits\/"},{"@type":"ListItem","position":3,"name":"Vichy Dercos Densi-Solutions Shampooing \u00c9paisseur Et R\u00e9sistance 250ml"}]},{"@type":"WebSite","@id":"https:\/\/vitablanca.ma\/#website","url":"https:\/\/vitablanca.ma\/","name":"VitaBlanca.ma | \u0627\u0644\u0645\u0643\u0645\u0644\u0627\u062a \u0627\u0644\u063a\u0630\u0627\u0626\u064a\u0629\u060c \u0627\u0644\u0635\u062d\u0629 \u0648\u0627\u0644\u062c\u0645\u0627\u0644 \u0641\u064a \u0627\u0644\u0645\u063a\u0631\u0628","description":"\u0646\u0628\u064a\u0639 \u0641\u064a\u062a\u0627\u0645\u064a\u0646\u0627\u062a \u0648\u0645\u0643\u0645\u0644\u0627\u062a \u063a\u0630\u0627\u0626\u064a\u0629 \u0641\u0627\u062e\u0631\u0629 \u0645\u0646 \u0627\u0644\u0648\u0644\u0627\u064a\u0627\u062a \u0627\u0644\u0645\u062a\u062d\u062f\u0629 \u0627\u0644\u0623\u0645\u0631\u064a\u0643\u064a\u0629 \u0648\u0643\u0646\u062f\u0627 \u0648\u0646\u064a\u0648\u0632\u064a\u0644\u0646\u062f\u0627 \u0648\u0627\u0644\u0645\u063a\u0631\u0628 (\u0646\u0627\u0648 \u0641\u0648\u062f\u0632\u060c \u0633\u0648\u0644\u062c\u0627\u0631\u060c \u0645\u0627\u0646\u0648\u0643\u0627). \u062a\u0648\u0635\u064a\u0644 \u0633\u0631\u064a\u0639 \u0625\u0644\u0649 \u062c\u0645\u064a\u0639 \u0623\u0646\u062d\u0627\u0621 \u0627\u0644\u0645\u063a\u0631\u0628.","publisher":{"@id":"https:\/\/vitablanca.ma\/#organization"},"alternateName":"VitaBlanca.ma","potentialAction":[{"@type":"SearchAction","target":{"@type":"EntryPoint","urlTemplate":"https:\/\/vitablanca.ma\/?s={search_term_string}"},"query-input":{"@type":"PropertyValueSpecification","valueRequired":true,"valueName":"search_term_string"}}],"inLanguage":"ar"},{"@type":"Organization","@id":"https:\/\/vitablanca.ma\/#organization","name":"\u0641\u064a\u062a\u0627\u0628\u0644\u0627\u0646\u0643\u0627","url":"https:\/\/vitablanca.ma\/","logo":{"@type":"ImageObject","inLanguage":"ar","@id":"https:\/\/vitablanca.ma\/#\/schema\/logo\/image\/","url":"https:\/\/vitablanca.ma\/wp-content\/uploads\/2025\/05\/cropped-vitablanca.png","contentUrl":"https:\/\/vitablanca.ma\/wp-content\/uploads\/2025\/05\/cropped-vitablanca.png","width":360,"height":67,"caption":"VitaBlanca"},"image":{"@id":"https:\/\/vitablanca.ma\/#\/schema\/logo\/image\/"},"sameAs":["https:\/\/www.facebook.com\/profile.php?id=61576678196717","https:\/\/www.tiktok.com\/@vitablanca.ma","https:\/\/www.instagram.com\/vitablanca.ma\/"]}]}},"jetpack_sharing_enabled":true,"_links":{"self":[{"href":"https:\/\/vitablanca.ma\/ar\/wp-json\/wp\/v2\/product\/22478","targetHints":{"allow":["GET"]}}],"collection":[{"href":"https:\/\/vitablanca.ma\/ar\/wp-json\/wp\/v2\/product"}],"about":[{"href":"https:\/\/vitablanca.ma\/ar\/wp-json\/wp\/v2\/types\/product"}],"wp:featuredmedia":[{"embeddable":true,"href":"https:\/\/vitablanca.ma\/ar\/wp-json\/wp\/v2\/media\/22477"}],"wp:attachment":[{"href":"https:\/\/vitablanca.ma\/ar\/wp-json\/wp\/v2\/media?parent=22478"}],"wp:term":[{"taxonomy":"product_brand","embeddable":true,"href":"https:\/\/vitablanca.ma\/ar\/wp-json\/wp\/v2\/product_brand?post=22478"},{"taxonomy":"product_cat","embeddable":true,"href":"https:\/\/vitablanca.ma\/ar\/wp-json\/wp\/v2\/product_cat?post=22478"},{"taxonomy":"product_tag","embeddable":true,"href":"https:\/\/vitablanca.ma\/ar\/wp-json\/wp\/v2\/product_tag?post=22478"}],"curies":[{"name":"wp","href":"https:\/\/api.w.org\/{rel}","templated":true}]}}