{"id":22462,"date":"2025-06-11T22:23:15","date_gmt":"2025-06-11T22:23:15","guid":{"rendered":"https:\/\/vitablanca.ma\/product\/vichy-dercos-ultra-apaisant-shampoing-sans-sulfate-cheveux-secs-200ml\/"},"modified":"2025-12-19T23:36:09","modified_gmt":"2025-12-19T23:36:09","slug":"vichy-dercos-ultra-apaisant-shampoing-sans-sulfate-cheveux-secs-200ml","status":"publish","type":"product","link":"https:\/\/vitablanca.ma\/ar\/product-2\/vichy-dercos-ultra-apaisant-shampoing-sans-sulfate-cheveux-secs-200ml\/","title":{"rendered":"\u0634\u0627\u0645\u0628\u0648 \u0641\u064a\u0634\u064a \u062f\u064a\u0631\u0643\u0648\u0633 \u0623\u0644\u062a\u0631\u0627 \u0633\u0648\u062b\u064a\u0646\u062c \u0627\u0644\u062e\u0627\u0644\u064a \u0645\u0646 \u0627\u0644\u0643\u0628\u0631\u064a\u062a\u0627\u062a \u0644\u0644\u0634\u0639\u0631 \u0627\u0644\u062c\u0627\u0641 200 \u0645\u0644"},"content":{"rendered":"<h2>\u0634\u0627\u0645\u0628\u0648 \u0641\u064a\u0634\u064a \u062f\u064a\u0631\u0643\u0648\u0633 \u0623\u0644\u062a\u0631\u0627 \u0633\u0648\u062b\u064a\u0646\u062c \u062e\u0627\u0644\u064a \u0645\u0646 \u0627\u0644\u0643\u0628\u0631\u064a\u062a\u0627\u062a \u0644\u0644\u0634\u0639\u0631 \u0627\u0644\u062c\u0627\u0641\u060c \u0632\u062c\u0627\u062c\u0629 \u0644\u0647 \u062a\u0623\u062b\u064a\u0631 \u0645\u0647\u062f\u0626 \u0639\u0644\u0649 \u0641\u0631\u0648\u0629 \u0627\u0644\u0631\u0623\u0633 \u0627\u0644\u062d\u0633\u0627\u0633\u0629 \u0648\u0627\u0644\u0645\u062a\u0641\u0627\u0639\u0644\u0629.<\/h2>\n<p><span>\u062f\u064a\u0631\u0643\u0648\u0633 \u0647\u064a \u0639\u0644\u0627\u0645\u0629 \u062a\u062c\u0627\u0631\u064a\u0629 \u0631\u0627\u0626\u062f\u0629 \u0641\u064a \u0645\u062c\u0627\u0644 \u0637\u0628 \u0627\u0644\u0623\u0645\u0631\u0627\u0636 \u0627\u0644\u062c\u0644\u062f\u064a\u0629 \u0648\u0627\u0644\u062a\u062c\u0645\u064a\u0644 \u0648\u0627\u0644\u0639\u0646\u0627\u064a\u0629 \u0628\u0627\u0644\u0634\u0639\u0631 \u0648\u0641\u0631\u0648\u0629 \u0627\u0644\u0631\u0623\u0633.<\/span><br \/><span>\u0634\u0627\u0645\u0628\u0648 Dercos Ultra Soothing \u0647\u0648 \u0634\u0627\u0645\u0628\u0648 \u0645\u062e\u0635\u0635 \u0644\u0641\u0631\u0648\u0629 \u0627\u0644\u0631\u0623\u0633 \u0627\u0644\u062d\u0633\u0627\u0633\u0629 \u0648\u0627\u0644\u0645\u062a\u0641\u0627\u0639\u0644\u0629.<\/span><br \/><span>\u0644\u0647 \u062a\u0623\u062b\u064a\u0631 \u0645\u0647\u062f\u0626 \u0644\u0645\u062f\u0629 \u062a\u0635\u0644 \u0625\u0644\u0649 48 \u0633\u0627\u0639\u0629 \u0628\u0639\u062f \u0627\u0644\u0627\u0633\u062a\u062e\u062f\u0627\u0645.<\/span><br \/><span>\u062a\u0631\u0643\u064a\u0628\u0629 \u062a\u062d\u062a\u0648\u064a \u0639\u0644\u0649 \u0633\u064a\u0646\u0633\u064a\u0631\u064a\u0646 \u0648\u0628\u0627\u0646\u062b\u064a\u0646\u0648\u0644 \u0644\u062a\u0623\u062b\u064a\u0631 \u0645\u0647\u062f\u0626 \u0639\u0644\u0649 \u0641\u0631\u0648\u0629 \u0627\u0644\u0631\u0623\u0633<\/span><br \/><span>\u064a\u062d\u062a\u0648\u064a \u0623\u064a\u0636\u064b\u0627 \u0639\u0644\u0649 \u0627\u0644\u062c\u0644\u0633\u0631\u064a\u0646 \u0644\u0644\u0639\u0646\u0627\u064a\u0629 \u0627\u0644\u0645\u063a\u0630\u064a\u0629 \u0628\u0627\u0644\u0634\u0639\u0631 \u0627\u0644\u062c\u0627\u0641.<\/span><br \/><span>\u0642\u0648\u0627\u0645 \u0643\u0631\u064a\u0645\u064a \u0633\u0627\u0626\u0644 \u0645\u0639 \u0631\u0627\u0626\u062d\u0629 \u0632\u0647\u0631\u064a\u0629 \u0645\u0646\u0639\u0634\u0629<\/span><br \/><span>\u062a\u0645 \u0627\u062e\u062a\u0628\u0627\u0631\u0647 \u0645\u0646 \u0642\u0628\u0644 \u0623\u0637\u0628\u0627\u0621 \u0627\u0644\u062c\u0644\u062f\u064a\u0629<\/span><\/p>\n<h3><strong>\u062f\u0648\u0627\u0639\u064a \u0627\u0644\u0627\u0633\u062a\u0639\u0645\u0627\u0644<\/strong><\/h3>\n<p><span>- \u0636\u062f \u0627\u0644\u0634\u0639\u0648\u0631 \u0628\u0627\u0644\u062d\u0643\u0629 \u0648\u0627\u0644\u062d\u0631\u0642 \u0648\u0627\u0644\u062a\u0647\u064a\u062c<\/span><br \/><span>- \u0644\u0644\u0634\u0639\u0631 \u0627\u0644\u062c\u0627\u0641<\/span><br \/><span>- \u0645\u0646\u0627\u0633\u0628 \u0644\u0644\u0628\u0634\u0631\u0629 \u0627\u0644\u062d\u0633\u0627\u0633\u0629 \u0648\u0627\u0644\u062d\u0633\u0627\u0633\u0629 \u062c\u062f\u064b\u0627 (\u0627\u0644\u062a\u0641\u0627\u0639\u0644\u064a\u0629).<\/span><br \/><span>- \u0644\u0644\u0631\u062c\u0627\u0644 \u0648\u0627\u0644\u0646\u0633\u0627\u0621<\/span><br \/><span>- \u0645\u0646\u0627\u0633\u0628 \u0644\u0644\u0627\u0633\u062a\u062e\u062f\u0627\u0645 \u0627\u0644\u064a\u0648\u0645\u064a.<\/span><\/p>\n<h3><strong>\u0645\u0643\u0648\u0646\u0627\u062a\u00a0<\/strong><\/h3>\n<p><span>\u0645\u0627\u0621\u060c \u0643\u0648\u0643\u0648\u064a\u0644 \u0625\u064a\u0632\u064a\u062b\u064a\u0648\u0646\u0627\u062a \u0627\u0644\u0635\u0648\u062f\u064a\u0648\u0645\u060c \u0644\u0648\u0631\u064a\u062b \u0633\u0644\u0641\u0648\u0633\u0627\u0643\u0633\u064a\u0646\u0627\u062a \u062b\u0646\u0627\u0626\u064a \u0627\u0644\u0635\u0648\u062f\u064a\u0648\u0645\u060c \u0644\u0648\u0631\u064a\u0644 \u0633\u0644\u0641\u0648\u0623\u0633\u064a\u062a\u0627\u062a \u0627\u0644\u0635\u0648\u062f\u064a\u0648\u0645\u060c \u0644\u0648\u0631\u0648\u064a\u0644 \u0633\u0627\u0631\u0643\u0648\u0633\u064a\u0646\u0627\u062a \u0627\u0644\u0635\u0648\u062f\u064a\u0648\u0645\u060c \u062c\u0644\u0633\u0631\u064a\u0646\u060c \u062c\u0644\u064a\u0643\u0648\u0644 \u062f\u064a\u0633\u062a\u064a\u0631\u0627\u062a\u060c \u0643\u0648\u0643\u0627\u0645\u064a\u062f\u0648\u0628\u0631\u0648\u0628\u064a\u0644 \u0628\u064a\u062a\u0627\u064a\u0646\u060c \u0623\u0645\u0648\u062f\u064a\u0645\u064a\u062b\u064a\u0643\u0648\u0646\u060c \u062d\u0645\u0636 \u0627\u0644\u0628\u0646\u0632\u0648\u064a\u0643\u060c \u0628\u0627\u0631\u064a\u062b-23 C12-13\u060c \u0628\u0627\u0631\u064a\u062b-3 C12-13\u060c \u0643\u0627\u0631\u0628\u0648\u0645\u064a\u0631\u060c \u0643\u0644\u0648\u0631\u064a\u062f \u0633\u064a\u062a\u0631\u064a\u0645\u0648\u0646\u064a\u0648\u0645\u060c \u062d\u0645\u0636 \u0627\u0644\u0633\u062a\u0631\u064a\u0643\u060c \u0643\u0648\u0643\u0648 \u0628\u064a\u062a\u0627\u064a\u0646\u060c \u062f\u064a\u0633\u064a\u0644 \u062c\u0644\u0648\u0643\u0648\u0633\u064a\u062f\u060c \u0643\u0648\u0628\u0648\u0644\u064a\u0645\u0631 \u062b\u0646\u0627\u0626\u064a \u0641\u064a\u0646\u064a\u0644 \u062b\u0646\u0627\u0626\u064a \u0645\u064a\u062b\u064a\u0643\u0648\u0646\/ \u062b\u0646\u0627\u0626\u064a \u0645\u064a\u062b\u064a\u0643\u0648\u0646\u060c \u062d\u0645\u0636 \u062c\u0648\u0632 \u0627\u0644\u0647\u0646\u062f \u0627\u0644\u0645\u0647\u062f\u0631\u062c\u060c \u0643\u062d\u0648\u0644 \u0625\u064a\u0632\u0648\u0628\u0631\u0648\u0628\u064a\u0644\u060c \u0628\u0627\u0646\u062b\u064a\u0646\u0648\u0644\u060c \u0623\u0648\u0644\u064a\u0627\u062a \u0628\u0631\u0648\u0628\u064a\u0644\u064a\u0646 \u062c\u0644\u064a\u0643\u0648\u0644 PEG-55\u060c \u0641\u064a\u0646\u0648\u0643\u0633\u064a \u0625\u064a\u062b\u0627\u0646\u0648\u0644\u060c \u0628\u064a\u0631\u0648\u0643\u062a\u0648\u0646 \u0623\u0648\u0644\u0627\u0645\u064a\u0646\u060c \u0628\u0648\u0644\u064a \u0643\u0648\u0627\u062a\u064a\u0631\u0646\u064a\u0648\u0645-10\u060c \u0628\u0648\u0644\u064a \u0643\u0648\u0627\u062a\u064a\u0631\u0646\u064a\u0648\u0645-7\u060c \u0628\u0648\u0644\u064a\u0633\u0648\u0631\u0628\u0627\u062a 21\u060c PPG-5-\u0633\u064a\u062a\u064a\u062b-20\u060c \u0628\u0631\u0648\u0628\u064a\u0644\u064a\u0646 \u062c\u0644\u064a\u0643\u0648\u0644\u060c \u0628\u0631\u0648\u0646\u0648\u0633 \u0632\u064a\u062a \u0646\u0648\u0627\u0629 \u0623\u0631\u0645\u064a\u0646\u064a\u0627\u0643\u0627\u060c \u062d\u0645\u0636 \u0627\u0644\u0633\u0627\u0644\u064a\u0633\u064a\u0644\u064a\u0643\u060c \u0623\u0633\u064a\u062a\u0627\u062a \u0627\u0644\u0635\u0648\u062f\u064a\u0648\u0645\u060c \u0628\u0646\u0632\u0648\u0627\u062a \u0627\u0644\u0635\u0648\u062f\u064a\u0648\u0645\u060c \u0643\u0644\u0648\u0631\u064a\u062f \u0627\u0644\u0635\u0648\u062f\u064a\u0648\u0645\u060c \u0647\u064a\u062f\u0631\u0648\u0643\u0633\u064a\u062f \u0627\u0644\u0635\u0648\u062f\u064a\u0648\u0645\u060c \u0625\u064a\u0632\u064a\u062b\u064a\u0648\u0646\u0627\u062a \u0627\u0644\u0635\u0648\u062f\u064a\u0648\u0645\u060c \u062a\u0631\u0627\u064a \u062f\u064a\u0633\u064a\u062b-6\u060c \u0639\u0637\u0631<\/span><\/p>\n<h3><strong>\u0637\u0631\u064a\u0642\u0629 \u0627\u0644\u0627\u0633\u062a\u062e\u062f\u0627\u0645<\/strong><\/h3>\n<p><span>\u064a\u062a\u0645 \u0648\u0636\u0639\u0647 \u0639\u0644\u0649 \u0627\u0644\u0634\u0639\u0631 \u0627\u0644\u0645\u0628\u0644\u0644\u060c \u062b\u0645 \u062a\u062f\u0644\u064a\u0643\u0647 \u0628\u0644\u0637\u0641\u060c \u0648\u062a\u0631\u0643\u0647 \u0644\u0645\u062f\u0629 \u062f\u0642\u064a\u0642\u0629 \u0648\u0627\u062d\u062f\u0629.<\/span><br \/><span>\u0634\u0637\u0641.<\/span><\/p>","protected":false},"excerpt":{"rendered":"<p>Vichy Dercos Ultra Apaisant Shampoing Sans Sulfate Cheveux Secs Flacon\u00a0A un effet apaisant sur le cuir chevelu r\u00e9actif, sensible. Dercos est synonyme d\u2019expertise DERmatologique et COSm\u00e9tique dans le soin du cheveu et du cuir chevelu.Le Shampoing Dercos Ultra Apaisant est un shampoing pour cuir chevelu r\u00e9actif, sensible.Il a un effet apaisant jusqu\u2019\u00e0 48 heures apr\u00e8s [&hellip;]<\/p>\n","protected":false},"featured_media":22460,"template":"","meta":{"om_disable_all_campaigns":false},"product_brand":[3358],"product_cat":[18],"product_tag":[3359,3360,3361],"class_list":{"0":"post-22462","1":"product","2":"type-product","3":"status-publish","4":"has-post-thumbnail","6":"product_brand-vichy-maroc-prix-vitablanca","7":"product_cat-beaute-sante","8":"product_tag-vichy","9":"product_tag-vichy-maroc","10":"product_tag-vichy-morocco","12":"first","13":"instock","14":"sale","15":"taxable","16":"shipping-taxable","17":"purchasable","18":"product-type-simple"},"yoast_head":"<!-- This site is optimized with the Yoast SEO plugin v27.3 - https:\/\/yoast.com\/product\/yoast-seo-wordpress\/ -->\n<title>Vichy Dercos Ultra Apaisant Shampoing Sans Sulfate Cheveux Secs 200ml - Maroc Prix<\/title>\n<meta name=\"description\" content=\"Vichy Dercos Ultra Apaisant Shampoing Sans Sulfate Cheveux Secs 200ml\" \/>\n<meta name=\"robots\" content=\"index, follow, max-snippet:-1, max-image-preview:large, max-video-preview:-1\" \/>\n<link rel=\"canonical\" href=\"https:\/\/vitablanca.ma\/ar\/product-2\/vichy-dercos-ultra-apaisant-shampoing-sans-sulfate-cheveux-secs-200ml\/\" \/>\n<meta property=\"og:locale\" content=\"ar_AR\" \/>\n<meta property=\"og:type\" content=\"article\" \/>\n<meta property=\"og:title\" content=\"Vichy Dercos Ultra Apaisant Shampoing Sans Sulfate Cheveux Secs 200ml - Maroc Prix\" \/>\n<meta property=\"og:description\" content=\"Vichy Dercos Ultra Apaisant Shampoing Sans Sulfate Cheveux Secs 200ml\" \/>\n<meta property=\"og:url\" content=\"https:\/\/vitablanca.ma\/ar\/product-2\/vichy-dercos-ultra-apaisant-shampoing-sans-sulfate-cheveux-secs-200ml\/\" \/>\n<meta property=\"og:site_name\" content=\"Vitablanca.ma &ndash; Sant&eacute;, vitalit&eacute; et bien-&ecirc;tre pour tous les Marocains\" \/>\n<meta property=\"article:publisher\" content=\"https:\/\/www.facebook.com\/profile.php?id=61576678196717\" \/>\n<meta property=\"article:modified_time\" content=\"2025-12-19T23:36:09+00:00\" \/>\n<meta property=\"og:image\" content=\"https:\/\/vitablanca.ma\/wp-content\/uploads\/2025\/06\/Vichy-Dercos-Ultra-Apaisant-Shampoing-Sans-Sulfate-Cheveux-Secs-Flacon-200ml-nova-parapharmacie-maroc-1.png\" \/>\n\t<meta property=\"og:image:width\" content=\"1000\" \/>\n\t<meta property=\"og:image:height\" content=\"1000\" \/>\n\t<meta property=\"og:image:type\" content=\"image\/png\" \/>\n<meta name=\"twitter:card\" content=\"summary_large_image\" \/>\n<meta name=\"twitter:label1\" content=\"\u0648\u0642\u062a \u0627\u0644\u0642\u0631\u0627\u0621\u0629 \u0627\u0644\u0645\u064f\u0642\u062f\u0651\u0631\" \/>\n\t<meta name=\"twitter:data1\" content=\"\u062f\u0642\u064a\u0642\u062a\u0627\u0646\" \/>\n<script type=\"application\/ld+json\" class=\"yoast-schema-graph\">{\"@context\":\"https:\\\/\\\/schema.org\",\"@graph\":[{\"@type\":[\"WebPage\",\"ItemPage\"],\"@id\":\"https:\\\/\\\/vitablanca.ma\\\/produit\\\/vichy-dercos-ultra-apaisant-shampoing-sans-sulfate-cheveux-secs-200ml\\\/\",\"url\":\"https:\\\/\\\/vitablanca.ma\\\/produit\\\/vichy-dercos-ultra-apaisant-shampoing-sans-sulfate-cheveux-secs-200ml\\\/\",\"name\":\"Vichy Dercos Ultra Apaisant Shampoing Sans Sulfate Cheveux Secs 200ml - Maroc Prix\",\"isPartOf\":{\"@id\":\"https:\\\/\\\/vitablanca.ma\\\/#website\"},\"primaryImageOfPage\":{\"@id\":\"https:\\\/\\\/vitablanca.ma\\\/produit\\\/vichy-dercos-ultra-apaisant-shampoing-sans-sulfate-cheveux-secs-200ml\\\/#primaryimage\"},\"image\":{\"@id\":\"https:\\\/\\\/vitablanca.ma\\\/produit\\\/vichy-dercos-ultra-apaisant-shampoing-sans-sulfate-cheveux-secs-200ml\\\/#primaryimage\"},\"thumbnailUrl\":\"https:\\\/\\\/vitablanca.ma\\\/wp-content\\\/uploads\\\/2025\\\/06\\\/Vichy-Dercos-Ultra-Apaisant-Shampoing-Sans-Sulfate-Cheveux-Secs-Flacon-200ml-nova-parapharmacie-maroc-1.png\",\"datePublished\":\"2025-06-11T22:23:15+00:00\",\"dateModified\":\"2025-12-19T23:36:09+00:00\",\"description\":\"Vichy Dercos Ultra Apaisant Shampoing Sans Sulfate Cheveux Secs 200ml\",\"breadcrumb\":{\"@id\":\"https:\\\/\\\/vitablanca.ma\\\/produit\\\/vichy-dercos-ultra-apaisant-shampoing-sans-sulfate-cheveux-secs-200ml\\\/#breadcrumb\"},\"inLanguage\":\"ar\",\"potentialAction\":[{\"@type\":\"ReadAction\",\"target\":[\"https:\\\/\\\/vitablanca.ma\\\/produit\\\/vichy-dercos-ultra-apaisant-shampoing-sans-sulfate-cheveux-secs-200ml\\\/\"]}]},{\"@type\":\"ImageObject\",\"inLanguage\":\"ar\",\"@id\":\"https:\\\/\\\/vitablanca.ma\\\/produit\\\/vichy-dercos-ultra-apaisant-shampoing-sans-sulfate-cheveux-secs-200ml\\\/#primaryimage\",\"url\":\"https:\\\/\\\/vitablanca.ma\\\/wp-content\\\/uploads\\\/2025\\\/06\\\/Vichy-Dercos-Ultra-Apaisant-Shampoing-Sans-Sulfate-Cheveux-Secs-Flacon-200ml-nova-parapharmacie-maroc-1.png\",\"contentUrl\":\"https:\\\/\\\/vitablanca.ma\\\/wp-content\\\/uploads\\\/2025\\\/06\\\/Vichy-Dercos-Ultra-Apaisant-Shampoing-Sans-Sulfate-Cheveux-Secs-Flacon-200ml-nova-parapharmacie-maroc-1.png\",\"width\":1000,\"height\":1000},{\"@type\":\"BreadcrumbList\",\"@id\":\"https:\\\/\\\/vitablanca.ma\\\/produit\\\/vichy-dercos-ultra-apaisant-shampoing-sans-sulfate-cheveux-secs-200ml\\\/#breadcrumb\",\"itemListElement\":[{\"@type\":\"ListItem\",\"position\":1,\"name\":\"Home\",\"item\":\"https:\\\/\\\/vitablanca.ma\\\/\"},{\"@type\":\"ListItem\",\"position\":2,\"name\":\"Tous Les Produits\",\"item\":\"https:\\\/\\\/vitablanca.ma\\\/tous-les-produits\\\/\"},{\"@type\":\"ListItem\",\"position\":3,\"name\":\"Vichy Dercos Ultra Apaisant Shampoing Sans Sulfate Cheveux Secs 200ml\"}]},{\"@type\":\"WebSite\",\"@id\":\"https:\\\/\\\/vitablanca.ma\\\/#website\",\"url\":\"https:\\\/\\\/vitablanca.ma\\\/\",\"name\":\"VitaBlanca.ma | Compl\u00e9ments alimentaires, sant\u00e9 & beaut\u00e9 au Maroc\",\"description\":\"vendre vitamines et compl\u00e9ments premium des USA &amp; Canada, Nouvelle Z\u00e9lande,Maroc (NOW Foods, Solgar, Manuka). Livraison rapide partout au Maroc.\",\"publisher\":{\"@id\":\"https:\\\/\\\/vitablanca.ma\\\/#organization\"},\"alternateName\":\"VitaBlanca.ma\",\"potentialAction\":[{\"@type\":\"SearchAction\",\"target\":{\"@type\":\"EntryPoint\",\"urlTemplate\":\"https:\\\/\\\/vitablanca.ma\\\/?s={search_term_string}\"},\"query-input\":{\"@type\":\"PropertyValueSpecification\",\"valueRequired\":true,\"valueName\":\"search_term_string\"}}],\"inLanguage\":\"ar\"},{\"@type\":\"Organization\",\"@id\":\"https:\\\/\\\/vitablanca.ma\\\/#organization\",\"name\":\"VitaBlanca\",\"url\":\"https:\\\/\\\/vitablanca.ma\\\/\",\"logo\":{\"@type\":\"ImageObject\",\"inLanguage\":\"ar\",\"@id\":\"https:\\\/\\\/vitablanca.ma\\\/#\\\/schema\\\/logo\\\/image\\\/\",\"url\":\"https:\\\/\\\/vitablanca.ma\\\/wp-content\\\/uploads\\\/2025\\\/05\\\/cropped-vitablanca.png\",\"contentUrl\":\"https:\\\/\\\/vitablanca.ma\\\/wp-content\\\/uploads\\\/2025\\\/05\\\/cropped-vitablanca.png\",\"width\":360,\"height\":67,\"caption\":\"VitaBlanca\"},\"image\":{\"@id\":\"https:\\\/\\\/vitablanca.ma\\\/#\\\/schema\\\/logo\\\/image\\\/\"},\"sameAs\":[\"https:\\\/\\\/www.facebook.com\\\/profile.php?id=61576678196717\",\"https:\\\/\\\/www.tiktok.com\\\/@vitablanca.ma\",\"https:\\\/\\\/www.instagram.com\\\/vitablanca.ma\\\/\"]}]}<\/script>\n<!-- \/ Yoast SEO plugin. -->","yoast_head_json":{"title":"\u0634\u0627\u0645\u0628\u0648 \u0641\u064a\u0634\u064a \u062f\u064a\u0631\u0643\u0648\u0633 \u0623\u0644\u062a\u0631\u0627 \u0633\u0648\u062b\u064a\u0646\u062c \u0627\u0644\u062e\u0627\u0644\u064a \u0645\u0646 \u0627\u0644\u0643\u0628\u0631\u064a\u062a\u0627\u062a \u0644\u0644\u0634\u0639\u0631 \u0627\u0644\u062c\u0627\u0641 200 \u0645\u0644 - \u0633\u0639\u0631 \u0627\u0644\u0645\u063a\u0631\u0628","description":"\u0634\u0627\u0645\u0628\u0648 \u0641\u064a\u0634\u064a \u062f\u064a\u0631\u0643\u0648\u0633 \u0623\u0644\u062a\u0631\u0627 \u0633\u0648\u062b\u064a\u0646\u062c \u0627\u0644\u062e\u0627\u0644\u064a \u0645\u0646 \u0627\u0644\u0643\u0628\u0631\u064a\u062a\u0627\u062a \u0644\u0644\u0634\u0639\u0631 \u0627\u0644\u062c\u0627\u0641 200 \u0645\u0644","robots":{"index":"index","follow":"follow","max-snippet":"max-snippet:-1","max-image-preview":"max-image-preview:large","max-video-preview":"max-video-preview:-1"},"canonical":"https:\/\/vitablanca.ma\/ar\/product-2\/vichy-dercos-ultra-apaisant-shampoing-sans-sulfate-cheveux-secs-200ml\/","og_locale":"ar_AR","og_type":"article","og_title":"Vichy Dercos Ultra Apaisant Shampoing Sans Sulfate Cheveux Secs 200ml - Maroc Prix","og_description":"Vichy Dercos Ultra Apaisant Shampoing Sans Sulfate Cheveux Secs 200ml","og_url":"https:\/\/vitablanca.ma\/ar\/product-2\/vichy-dercos-ultra-apaisant-shampoing-sans-sulfate-cheveux-secs-200ml\/","og_site_name":"Vitablanca.ma &ndash; Sant&eacute;, vitalit&eacute; et bien-&ecirc;tre pour tous les Marocains","article_publisher":"https:\/\/www.facebook.com\/profile.php?id=61576678196717","article_modified_time":"2025-12-19T23:36:09+00:00","og_image":[{"width":1000,"height":1000,"url":"https:\/\/vitablanca.ma\/wp-content\/uploads\/2025\/06\/Vichy-Dercos-Ultra-Apaisant-Shampoing-Sans-Sulfate-Cheveux-Secs-Flacon-200ml-nova-parapharmacie-maroc-1.png","type":"image\/png"}],"twitter_card":"summary_large_image","twitter_misc":{"\u0648\u0642\u062a \u0627\u0644\u0642\u0631\u0627\u0621\u0629 \u0627\u0644\u0645\u064f\u0642\u062f\u0651\u0631":"\u062f\u0642\u064a\u0642\u062a\u0627\u0646"},"schema":{"@context":"https:\/\/schema.org","@graph":[{"@type":["WebPage","ItemPage"],"@id":"https:\/\/vitablanca.ma\/produit\/vichy-dercos-ultra-apaisant-shampoing-sans-sulfate-cheveux-secs-200ml\/","url":"https:\/\/vitablanca.ma\/produit\/vichy-dercos-ultra-apaisant-shampoing-sans-sulfate-cheveux-secs-200ml\/","name":"\u0634\u0627\u0645\u0628\u0648 \u0641\u064a\u0634\u064a \u062f\u064a\u0631\u0643\u0648\u0633 \u0623\u0644\u062a\u0631\u0627 \u0633\u0648\u062b\u064a\u0646\u062c \u0627\u0644\u062e\u0627\u0644\u064a \u0645\u0646 \u0627\u0644\u0643\u0628\u0631\u064a\u062a\u0627\u062a \u0644\u0644\u0634\u0639\u0631 \u0627\u0644\u062c\u0627\u0641 200 \u0645\u0644 - \u0633\u0639\u0631 \u0627\u0644\u0645\u063a\u0631\u0628","isPartOf":{"@id":"https:\/\/vitablanca.ma\/#website"},"primaryImageOfPage":{"@id":"https:\/\/vitablanca.ma\/produit\/vichy-dercos-ultra-apaisant-shampoing-sans-sulfate-cheveux-secs-200ml\/#primaryimage"},"image":{"@id":"https:\/\/vitablanca.ma\/produit\/vichy-dercos-ultra-apaisant-shampoing-sans-sulfate-cheveux-secs-200ml\/#primaryimage"},"thumbnailUrl":"https:\/\/vitablanca.ma\/wp-content\/uploads\/2025\/06\/Vichy-Dercos-Ultra-Apaisant-Shampoing-Sans-Sulfate-Cheveux-Secs-Flacon-200ml-nova-parapharmacie-maroc-1.png","datePublished":"2025-06-11T22:23:15+00:00","dateModified":"2025-12-19T23:36:09+00:00","description":"\u0634\u0627\u0645\u0628\u0648 \u0641\u064a\u0634\u064a \u062f\u064a\u0631\u0643\u0648\u0633 \u0623\u0644\u062a\u0631\u0627 \u0633\u0648\u062b\u064a\u0646\u062c \u0627\u0644\u062e\u0627\u0644\u064a \u0645\u0646 \u0627\u0644\u0643\u0628\u0631\u064a\u062a\u0627\u062a \u0644\u0644\u0634\u0639\u0631 \u0627\u0644\u062c\u0627\u0641 200 \u0645\u0644","breadcrumb":{"@id":"https:\/\/vitablanca.ma\/produit\/vichy-dercos-ultra-apaisant-shampoing-sans-sulfate-cheveux-secs-200ml\/#breadcrumb"},"inLanguage":"ar","potentialAction":[{"@type":"ReadAction","target":["https:\/\/vitablanca.ma\/produit\/vichy-dercos-ultra-apaisant-shampoing-sans-sulfate-cheveux-secs-200ml\/"]}]},{"@type":"ImageObject","inLanguage":"ar","@id":"https:\/\/vitablanca.ma\/produit\/vichy-dercos-ultra-apaisant-shampoing-sans-sulfate-cheveux-secs-200ml\/#primaryimage","url":"https:\/\/vitablanca.ma\/wp-content\/uploads\/2025\/06\/Vichy-Dercos-Ultra-Apaisant-Shampoing-Sans-Sulfate-Cheveux-Secs-Flacon-200ml-nova-parapharmacie-maroc-1.png","contentUrl":"https:\/\/vitablanca.ma\/wp-content\/uploads\/2025\/06\/Vichy-Dercos-Ultra-Apaisant-Shampoing-Sans-Sulfate-Cheveux-Secs-Flacon-200ml-nova-parapharmacie-maroc-1.png","width":1000,"height":1000},{"@type":"BreadcrumbList","@id":"https:\/\/vitablanca.ma\/produit\/vichy-dercos-ultra-apaisant-shampoing-sans-sulfate-cheveux-secs-200ml\/#breadcrumb","itemListElement":[{"@type":"ListItem","position":1,"name":"Home","item":"https:\/\/vitablanca.ma\/"},{"@type":"ListItem","position":2,"name":"Tous Les Produits","item":"https:\/\/vitablanca.ma\/tous-les-produits\/"},{"@type":"ListItem","position":3,"name":"Vichy Dercos Ultra Apaisant Shampoing Sans Sulfate Cheveux Secs 200ml"}]},{"@type":"WebSite","@id":"https:\/\/vitablanca.ma\/#website","url":"https:\/\/vitablanca.ma\/","name":"VitaBlanca.ma | \u0627\u0644\u0645\u0643\u0645\u0644\u0627\u062a \u0627\u0644\u063a\u0630\u0627\u0626\u064a\u0629\u060c \u0627\u0644\u0635\u062d\u0629 \u0648\u0627\u0644\u062c\u0645\u0627\u0644 \u0641\u064a \u0627\u0644\u0645\u063a\u0631\u0628","description":"\u0646\u0628\u064a\u0639 \u0641\u064a\u062a\u0627\u0645\u064a\u0646\u0627\u062a \u0648\u0645\u0643\u0645\u0644\u0627\u062a \u063a\u0630\u0627\u0626\u064a\u0629 \u0641\u0627\u062e\u0631\u0629 \u0645\u0646 \u0627\u0644\u0648\u0644\u0627\u064a\u0627\u062a \u0627\u0644\u0645\u062a\u062d\u062f\u0629 \u0627\u0644\u0623\u0645\u0631\u064a\u0643\u064a\u0629 \u0648\u0643\u0646\u062f\u0627 \u0648\u0646\u064a\u0648\u0632\u064a\u0644\u0646\u062f\u0627 \u0648\u0627\u0644\u0645\u063a\u0631\u0628 (\u0646\u0627\u0648 \u0641\u0648\u062f\u0632\u060c \u0633\u0648\u0644\u062c\u0627\u0631\u060c \u0645\u0627\u0646\u0648\u0643\u0627). \u062a\u0648\u0635\u064a\u0644 \u0633\u0631\u064a\u0639 \u0625\u0644\u0649 \u062c\u0645\u064a\u0639 \u0623\u0646\u062d\u0627\u0621 \u0627\u0644\u0645\u063a\u0631\u0628.","publisher":{"@id":"https:\/\/vitablanca.ma\/#organization"},"alternateName":"VitaBlanca.ma","potentialAction":[{"@type":"SearchAction","target":{"@type":"EntryPoint","urlTemplate":"https:\/\/vitablanca.ma\/?s={search_term_string}"},"query-input":{"@type":"PropertyValueSpecification","valueRequired":true,"valueName":"search_term_string"}}],"inLanguage":"ar"},{"@type":"Organization","@id":"https:\/\/vitablanca.ma\/#organization","name":"\u0641\u064a\u062a\u0627\u0628\u0644\u0627\u0646\u0643\u0627","url":"https:\/\/vitablanca.ma\/","logo":{"@type":"ImageObject","inLanguage":"ar","@id":"https:\/\/vitablanca.ma\/#\/schema\/logo\/image\/","url":"https:\/\/vitablanca.ma\/wp-content\/uploads\/2025\/05\/cropped-vitablanca.png","contentUrl":"https:\/\/vitablanca.ma\/wp-content\/uploads\/2025\/05\/cropped-vitablanca.png","width":360,"height":67,"caption":"VitaBlanca"},"image":{"@id":"https:\/\/vitablanca.ma\/#\/schema\/logo\/image\/"},"sameAs":["https:\/\/www.facebook.com\/profile.php?id=61576678196717","https:\/\/www.tiktok.com\/@vitablanca.ma","https:\/\/www.instagram.com\/vitablanca.ma\/"]}]}},"jetpack_sharing_enabled":true,"_links":{"self":[{"href":"https:\/\/vitablanca.ma\/ar\/wp-json\/wp\/v2\/product\/22462","targetHints":{"allow":["GET"]}}],"collection":[{"href":"https:\/\/vitablanca.ma\/ar\/wp-json\/wp\/v2\/product"}],"about":[{"href":"https:\/\/vitablanca.ma\/ar\/wp-json\/wp\/v2\/types\/product"}],"wp:featuredmedia":[{"embeddable":true,"href":"https:\/\/vitablanca.ma\/ar\/wp-json\/wp\/v2\/media\/22460"}],"wp:attachment":[{"href":"https:\/\/vitablanca.ma\/ar\/wp-json\/wp\/v2\/media?parent=22462"}],"wp:term":[{"taxonomy":"product_brand","embeddable":true,"href":"https:\/\/vitablanca.ma\/ar\/wp-json\/wp\/v2\/product_brand?post=22462"},{"taxonomy":"product_cat","embeddable":true,"href":"https:\/\/vitablanca.ma\/ar\/wp-json\/wp\/v2\/product_cat?post=22462"},{"taxonomy":"product_tag","embeddable":true,"href":"https:\/\/vitablanca.ma\/ar\/wp-json\/wp\/v2\/product_tag?post=22462"}],"curies":[{"name":"wp","href":"https:\/\/api.w.org\/{rel}","templated":true}]}}