{"id":22388,"date":"2025-06-11T22:08:41","date_gmt":"2025-06-11T22:08:41","guid":{"rendered":"https:\/\/vitablanca.ma\/product\/vichy-liftactiv-supreme-serum-10-yeux-cils-15ml\/"},"modified":"2026-02-04T13:35:41","modified_gmt":"2026-02-04T13:35:41","slug":"vichy-liftactiv-supreme-serum-10-yeux-cils-15ml","status":"publish","type":"product","link":"https:\/\/vitablanca.ma\/ar\/product-2\/vichy-liftactiv-supreme-serum-10-yeux-cils-15ml\/","title":{"rendered":"\u0633\u064a\u0631\u0648\u0645 \u0641\u064a\u0634\u064a \u0644\u064a\u0641\u062a \u0623\u0643\u062a\u064a\u0641 \u0633\u0648\u0628\u0631\u064a\u0645 10 \u0644\u0644\u0639\u064a\u0646\u064a\u0646 \u0648\u0627\u0644\u0631\u0645\u0648\u0634 15 \u0645\u0644"},"content":{"rendered":"<h2><span data-mce-fragment=\"1\">Vichy Liftactiv Supreme Serum 10 Yeux & Cils\u00a0Soin cibl\u00e9 visage Soin anti-\u00e2ge<\/span><\/h2>\n<p><span data-mce-fragment=\"1\">La jeunesse du regard a enfin son s\u00e9rum. M\u00eame pour les yeux sensibles<\/span><br data-mce-fragment=\"1\" \/><span data-mce-fragment=\"1\">Pour toutes les femmes, d\u00e8s 35 ans, qui veulent une transformation visible du regard jusqu\u2019au bout des cils : effet lifting + illumination instantan\u00e9e + Fortification des cils<\/span><\/p>\n<div class=\"ctn_top-accordion\">\n<div class=\"accordion-item itemForm\">\n<h3 class=\"accordion-item-title\">Efficacit\u00e9<\/h3>\n<div class=\"accordion-content\">\n<p>[RHAMNOSE 10% + ENLUMINEURS + C\u00c9RAMIDES]<br \/>\nRHAMNOSE : Apr\u00e8s 10 ans de Recherche, Vichy d\u00e9couvre le pouvoir du DERME SOURCE, la couche du derme qui commande \u00e0 elle seule la r\u00e9g\u00e9n\u00e9ration de toute la peau. Apr\u00e8s un screening de plus de 50 mol\u00e9cules anti-\u00e2ge, la Recherche Vichy a s\u00e9lectionn\u00e9 le Rhamnose, un actif d\u2019origine v\u00e9g\u00e9tale hautement concentr\u00e9 \u00e0 une dose exceptionnelle de 10% pour cibler le Derme Source. Son efficacit\u00e9 anti-\u00e2ge a \u00e9t\u00e9 d\u00e9montr\u00e9e gr\u00e2ce \u00e0 un protocole de tests* inspir\u00e9 par la recherche m\u00e9dicale et couronn\u00e9e par 7 brevets. *Test in vitro.<br \/>\nUne avanc\u00e9e majeure contre le vieillissement cutan\u00e9 concentr\u00e9e dans S\u00e9rum 10 Yeux et Cils.<br \/>\nENLUMINEURS : des nacres fines aux reflets blancs-lumi\u00e8re pour une illumination instantan\u00e9e du regard, Vichy les a choisies pour leur parfaite innocuit\u00e9 avec la zone fragile du contour de l\u2019\u0153il<br \/>\nCERAMIDES : ce sont les constituants naturels des cils jeunes. Vichy a s\u00e9lectionn\u00e9 des c\u00e9ramides aux propri\u00e9t\u00e9s r\u00e9paratrices et anti-inflammatoires pour une parfaite fortification des cils<\/p>\n<p>Instantan\u00e9ment, les zones d\u2019ombres sont illumin\u00e9es. En 10 minutes, les rides sont liss\u00e9es. Jour apr\u00e8s jour, les cils paraissent plus denses, comme d\u00e9multipli\u00e9s \u00e0 1 mois.<br \/>\nEn 1 mois, le regard est 42% plus grand.<\/p>\n<\/div>\n<\/div>\n<div class=\"accordion-item itemForm\">\n<h3 class=\"accordion-item-title\">Application<\/h3>\n<div class=\"accordion-content\">\n<p>Un rituel de soin rien que pour vos yeux<br \/>\n1. D\u00e9posez puis \u00e9talez une goutte de s\u00e9rum sur le bout de vos doigts.<br \/>\n2. Fermez les yeux puis appliquez en pressions l\u00e9g\u00e8res sur l\u2019ensemble du contour de l\u2019oeil.<br \/>\n3. Appliquez par lissages,yeux ferm\u00e9s, sur toute la zone du regard du coin interne des yeux au coin externe y compris les cils.<br \/>\n4. Terminez yeux ferm\u00e9s en pla\u00e7ant l\u2019index sous la frange des cils et remontez vers la paupi\u00e8re pour un effet \u00ab recourbe cils \u00bb.<\/p>\n<\/div>\n<\/div>\n<div class=\"accordion-item itemForm no-overflow\">\n<h3 class=\"accordion-item-title\">S\u00e9curit\u00e9<\/h3>\n<div class=\"accordion-content\">\n<p>Formule hypoallerg\u00e9nique, sans paraben, test\u00e9e ophtalmologiquement et dermatologiquement sur yeux sensibles.<br \/>\nEnrichie en Eau Thermale de Vichy, apaisante, et r\u00e9g\u00e9n\u00e9rante.<\/p>\n<\/div>\n<\/div>\n<\/div>\n<div class=\"ctn_bottom-accordion\">\n<div class=\"accordion-item composition\">\n<h3 class=\"accordion-item-title\">Composition<\/h3>\n<div id=\"listIngredient_13285\" class=\"accordion-content obj_ingredients\">\n<div id=\"ingredients-list\">\n<p><em>AQUA \u2013 RHAMNOSE \u2013 GLYCERIN \u2013 ALCOHOL DENAT. \u2013 DIMETHICONE \u2013 HYDROXYETHYLPIPERAZINE ETHANE SULFONIC ACID \u2013 PEG-20 METHYL GLUCOSE SESQUISTEARATE \u2013 CI 77891 \u2013 MICA \u2013 TRIETHANOLAMINE \u2013 SODIUM HYALURONATE \u2013 SALICYLOYL PHYTOSPHINGOSINE \u2013 PALMITOYL OLIGOPEPTIDE \u2013 PALMITOYL TETRAPEPTIDE-7 \u2013 PHENOXYETHANOL \u2013 ADENOSINE \u2013 AMMONIUM POLYACRYLDIMETHYLTAURAMIDE \u2013 CHLORPHENESIN \u2013 DISODIUM EDTA \u2013 XANTHAN GUM \u2013 OCTYLDODECANOL \u2013 ACRYLATES\/C10-30 ALKYL ACRYLATE CROSSPOLYMER \u2013 N-HYDROXYSUCCINIMIDE \u2013 CHRYSIN<\/em><\/p>\n<\/div>\n<\/div>\n<\/div>\n<\/div>\n","protected":false},"excerpt":{"rendered":"<p>Vichy Liftactiv Supreme Serum 10 Yeux &#038; Cils\u00a0Soin cibl\u00e9 visage Soin anti-\u00e2ge La jeunesse du regard a enfin son s\u00e9rum. M\u00eame pour les yeux sensiblesPour toutes les femmes, d\u00e8s 35 ans, qui veulent une transformation visible du regard jusqu\u2019au bout des cils : effet lifting + illumination instantan\u00e9e + Fortification des cils Efficacit\u00e9 [RHAMNOSE 10% [&hellip;]<\/p>\n","protected":false},"featured_media":22387,"template":"","meta":{"om_disable_all_campaigns":false},"product_brand":[3358],"product_cat":[18],"product_tag":[7631,7414,7636,7415,6898,7632,7462,6176,7633,7098,7630,7635,7637,7634,3359,7412,3360,3361],"class_list":{"0":"post-22388","1":"product","2":"type-product","3":"status-publish","4":"has-post-thumbnail","6":"product_brand-vichy-maroc-prix-vitablanca","7":"product_cat-beaute-sante","8":"product_tag-anti-age-yeux","9":"product_tag-anti-cernes","10":"product_tag-anti-fatigue-yeux","11":"product_tag-anti-poches","12":"product_tag-contour-des-yeux","13":"product_tag-fortifie-cils","14":"product_tag-liftactiv-supreme","15":"product_tag-peau-sensible","16":"product_tag-regard-lumineux","17":"product_tag-rides-et-ridules","18":"product_tag-serum-10-yeux-et-cils","19":"product_tag-serum-regard","20":"product_tag-soin-cils","21":"product_tag-soin-yeux-vichy","22":"product_tag-vichy","23":"product_tag-vichy-liftactiv","24":"product_tag-vichy-maroc","25":"product_tag-vichy-morocco","27":"first","28":"instock","29":"sale","30":"taxable","31":"shipping-taxable","32":"purchasable","33":"product-type-simple"},"yoast_head":"<!-- This site is optimized with the Yoast SEO plugin v27.5 - https:\/\/yoast.com\/product\/yoast-seo-wordpress\/ -->\n<title>Vichy Liftactiv Supreme Serum ; Cils 15ml - Maroc Prix<\/title>\n<meta name=\"description\" content=\"Vichy Liftactiv Supreme S\u00e9rum 10 Yeux &amp; Cils 15 ml : corrige rides, cernes, poches, fortifie les cils et illumine le regard.\" \/>\n<meta name=\"robots\" content=\"index, follow, max-snippet:-1, max-image-preview:large, max-video-preview:-1\" \/>\n<link rel=\"canonical\" href=\"https:\/\/vitablanca.ma\/ar\/product-2\/vichy-liftactiv-supreme-serum-10-yeux-cils-15ml\/\" \/>\n<meta property=\"og:locale\" content=\"ar_AR\" \/>\n<meta property=\"og:type\" content=\"article\" \/>\n<meta property=\"og:title\" content=\"Vichy Liftactiv Supreme Serum ; Cils 15ml - Maroc Prix\" \/>\n<meta property=\"og:description\" content=\"Vichy Liftactiv Supreme S\u00e9rum 10 Yeux &amp; Cils 15 ml : corrige rides, cernes, poches, fortifie les cils et illumine le regard.\" \/>\n<meta property=\"og:url\" content=\"https:\/\/vitablanca.ma\/ar\/product-2\/vichy-liftactiv-supreme-serum-10-yeux-cils-15ml\/\" \/>\n<meta property=\"og:site_name\" content=\"Vitablanca.ma &ndash; Sant&eacute;, vitalit&eacute; et bien-&ecirc;tre pour tous les Marocains\" \/>\n<meta property=\"article:publisher\" content=\"https:\/\/www.facebook.com\/profile.php?id=61576678196717\" \/>\n<meta property=\"article:modified_time\" content=\"2026-02-04T13:35:41+00:00\" \/>\n<meta property=\"og:image\" content=\"https:\/\/vitablanca.ma\/wp-content\/uploads\/2025\/06\/Vichy-Liftactiv-Supreme-Serum-10-Yeux-and-Cils-nova-parapharmacie-maroc-2.png\" \/>\n\t<meta property=\"og:image:width\" content=\"1000\" \/>\n\t<meta property=\"og:image:height\" content=\"1000\" \/>\n\t<meta property=\"og:image:type\" content=\"image\/png\" \/>\n<meta name=\"twitter:card\" content=\"summary_large_image\" \/>\n<meta name=\"twitter:label1\" content=\"\u0648\u0642\u062a \u0627\u0644\u0642\u0631\u0627\u0621\u0629 \u0627\u0644\u0645\u064f\u0642\u062f\u0651\u0631\" \/>\n\t<meta name=\"twitter:data1\" content=\"3 \u062f\u0642\u0627\u0626\u0642\" \/>\n<script type=\"application\/ld+json\" class=\"yoast-schema-graph\">{\"@context\":\"https:\\\/\\\/schema.org\",\"@graph\":[{\"@type\":[\"WebPage\",\"ItemPage\"],\"@id\":\"https:\\\/\\\/vitablanca.ma\\\/produit\\\/vichy-liftactiv-supreme-serum-10-yeux-cils-15ml\\\/\",\"url\":\"https:\\\/\\\/vitablanca.ma\\\/produit\\\/vichy-liftactiv-supreme-serum-10-yeux-cils-15ml\\\/\",\"name\":\"Vichy Liftactiv Supreme Serum ; Cils 15ml - Maroc Prix\",\"isPartOf\":{\"@id\":\"https:\\\/\\\/vitablanca.ma\\\/#website\"},\"primaryImageOfPage\":{\"@id\":\"https:\\\/\\\/vitablanca.ma\\\/produit\\\/vichy-liftactiv-supreme-serum-10-yeux-cils-15ml\\\/#primaryimage\"},\"image\":{\"@id\":\"https:\\\/\\\/vitablanca.ma\\\/produit\\\/vichy-liftactiv-supreme-serum-10-yeux-cils-15ml\\\/#primaryimage\"},\"thumbnailUrl\":\"https:\\\/\\\/vitablanca.ma\\\/wp-content\\\/uploads\\\/2025\\\/06\\\/Vichy-Liftactiv-Supreme-Serum-10-Yeux-and-Cils-nova-parapharmacie-maroc-2.png\",\"datePublished\":\"2025-06-11T22:08:41+00:00\",\"dateModified\":\"2026-02-04T13:35:41+00:00\",\"description\":\"Vichy Liftactiv Supreme S\u00e9rum 10 Yeux & Cils 15 ml : corrige rides, cernes, poches, fortifie les cils et illumine le regard.\",\"breadcrumb\":{\"@id\":\"https:\\\/\\\/vitablanca.ma\\\/produit\\\/vichy-liftactiv-supreme-serum-10-yeux-cils-15ml\\\/#breadcrumb\"},\"inLanguage\":\"ar\",\"potentialAction\":[{\"@type\":\"ReadAction\",\"target\":[\"https:\\\/\\\/vitablanca.ma\\\/produit\\\/vichy-liftactiv-supreme-serum-10-yeux-cils-15ml\\\/\"]}]},{\"@type\":\"ImageObject\",\"inLanguage\":\"ar\",\"@id\":\"https:\\\/\\\/vitablanca.ma\\\/produit\\\/vichy-liftactiv-supreme-serum-10-yeux-cils-15ml\\\/#primaryimage\",\"url\":\"https:\\\/\\\/vitablanca.ma\\\/wp-content\\\/uploads\\\/2025\\\/06\\\/Vichy-Liftactiv-Supreme-Serum-10-Yeux-and-Cils-nova-parapharmacie-maroc-2.png\",\"contentUrl\":\"https:\\\/\\\/vitablanca.ma\\\/wp-content\\\/uploads\\\/2025\\\/06\\\/Vichy-Liftactiv-Supreme-Serum-10-Yeux-and-Cils-nova-parapharmacie-maroc-2.png\",\"width\":1000,\"height\":1000},{\"@type\":\"BreadcrumbList\",\"@id\":\"https:\\\/\\\/vitablanca.ma\\\/produit\\\/vichy-liftactiv-supreme-serum-10-yeux-cils-15ml\\\/#breadcrumb\",\"itemListElement\":[{\"@type\":\"ListItem\",\"position\":1,\"name\":\"Home\",\"item\":\"https:\\\/\\\/vitablanca.ma\\\/\"},{\"@type\":\"ListItem\",\"position\":2,\"name\":\"Tous Les Produits\",\"item\":\"https:\\\/\\\/vitablanca.ma\\\/tous-les-produits\\\/\"},{\"@type\":\"ListItem\",\"position\":3,\"name\":\"Vichy Liftactiv Supreme Serum 10 Yeux &amp; Cils 15ml\"}]},{\"@type\":\"WebSite\",\"@id\":\"https:\\\/\\\/vitablanca.ma\\\/#website\",\"url\":\"https:\\\/\\\/vitablanca.ma\\\/\",\"name\":\"VitaBlanca.ma | Compl\u00e9ments alimentaires, sant\u00e9 & beaut\u00e9 au Maroc\",\"description\":\"vendre vitamines et compl\u00e9ments premium des USA &amp; Canada, Nouvelle Z\u00e9lande,Maroc (NOW Foods, Solgar, Manuka). Livraison rapide partout au Maroc.\",\"publisher\":{\"@id\":\"https:\\\/\\\/vitablanca.ma\\\/#organization\"},\"alternateName\":\"VitaBlanca.ma\",\"potentialAction\":[{\"@type\":\"SearchAction\",\"target\":{\"@type\":\"EntryPoint\",\"urlTemplate\":\"https:\\\/\\\/vitablanca.ma\\\/?s={search_term_string}\"},\"query-input\":{\"@type\":\"PropertyValueSpecification\",\"valueRequired\":true,\"valueName\":\"search_term_string\"}}],\"inLanguage\":\"ar\"},{\"@type\":\"Organization\",\"@id\":\"https:\\\/\\\/vitablanca.ma\\\/#organization\",\"name\":\"VitaBlanca\",\"url\":\"https:\\\/\\\/vitablanca.ma\\\/\",\"logo\":{\"@type\":\"ImageObject\",\"inLanguage\":\"ar\",\"@id\":\"https:\\\/\\\/vitablanca.ma\\\/#\\\/schema\\\/logo\\\/image\\\/\",\"url\":\"https:\\\/\\\/vitablanca.ma\\\/wp-content\\\/uploads\\\/2025\\\/05\\\/cropped-vitablanca.png\",\"contentUrl\":\"https:\\\/\\\/vitablanca.ma\\\/wp-content\\\/uploads\\\/2025\\\/05\\\/cropped-vitablanca.png\",\"width\":360,\"height\":67,\"caption\":\"VitaBlanca\"},\"image\":{\"@id\":\"https:\\\/\\\/vitablanca.ma\\\/#\\\/schema\\\/logo\\\/image\\\/\"},\"sameAs\":[\"https:\\\/\\\/www.facebook.com\\\/profile.php?id=61576678196717\",\"https:\\\/\\\/www.tiktok.com\\\/@vitablanca.ma\",\"https:\\\/\\\/www.instagram.com\\\/vitablanca.ma\\\/\"]}]}<\/script>\n<!-- \/ Yoast SEO plugin. -->","yoast_head_json":{"title":"Vichy Liftactiv Supreme Serum ; Cils 15ml - Maroc Prix","description":"Vichy Liftactiv Supreme S\u00e9rum 10 Yeux & Cils 15 ml : corrige rides, cernes, poches, fortifie les cils et illumine le regard.","robots":{"index":"index","follow":"follow","max-snippet":"max-snippet:-1","max-image-preview":"max-image-preview:large","max-video-preview":"max-video-preview:-1"},"canonical":"https:\/\/vitablanca.ma\/ar\/product-2\/vichy-liftactiv-supreme-serum-10-yeux-cils-15ml\/","og_locale":"ar_AR","og_type":"article","og_title":"Vichy Liftactiv Supreme Serum ; Cils 15ml - Maroc Prix","og_description":"Vichy Liftactiv Supreme S\u00e9rum 10 Yeux & Cils 15 ml : corrige rides, cernes, poches, fortifie les cils et illumine le regard.","og_url":"https:\/\/vitablanca.ma\/ar\/product-2\/vichy-liftactiv-supreme-serum-10-yeux-cils-15ml\/","og_site_name":"Vitablanca.ma &ndash; Sant&eacute;, vitalit&eacute; et bien-&ecirc;tre pour tous les Marocains","article_publisher":"https:\/\/www.facebook.com\/profile.php?id=61576678196717","article_modified_time":"2026-02-04T13:35:41+00:00","og_image":[{"width":1000,"height":1000,"url":"https:\/\/vitablanca.ma\/wp-content\/uploads\/2025\/06\/Vichy-Liftactiv-Supreme-Serum-10-Yeux-and-Cils-nova-parapharmacie-maroc-2.png","type":"image\/png"}],"twitter_card":"summary_large_image","twitter_misc":{"\u0648\u0642\u062a \u0627\u0644\u0642\u0631\u0627\u0621\u0629 \u0627\u0644\u0645\u064f\u0642\u062f\u0651\u0631":"3 \u062f\u0642\u0627\u0626\u0642"},"schema":{"@context":"https:\/\/schema.org","@graph":[{"@type":["WebPage","ItemPage"],"@id":"https:\/\/vitablanca.ma\/produit\/vichy-liftactiv-supreme-serum-10-yeux-cils-15ml\/","url":"https:\/\/vitablanca.ma\/produit\/vichy-liftactiv-supreme-serum-10-yeux-cils-15ml\/","name":"Vichy Liftactiv Supreme Serum ; Cils 15ml - Maroc Prix","isPartOf":{"@id":"https:\/\/vitablanca.ma\/#website"},"primaryImageOfPage":{"@id":"https:\/\/vitablanca.ma\/produit\/vichy-liftactiv-supreme-serum-10-yeux-cils-15ml\/#primaryimage"},"image":{"@id":"https:\/\/vitablanca.ma\/produit\/vichy-liftactiv-supreme-serum-10-yeux-cils-15ml\/#primaryimage"},"thumbnailUrl":"https:\/\/vitablanca.ma\/wp-content\/uploads\/2025\/06\/Vichy-Liftactiv-Supreme-Serum-10-Yeux-and-Cils-nova-parapharmacie-maroc-2.png","datePublished":"2025-06-11T22:08:41+00:00","dateModified":"2026-02-04T13:35:41+00:00","description":"Vichy Liftactiv Supreme S\u00e9rum 10 Yeux & Cils 15 ml : corrige rides, cernes, poches, fortifie les cils et illumine le regard.","breadcrumb":{"@id":"https:\/\/vitablanca.ma\/produit\/vichy-liftactiv-supreme-serum-10-yeux-cils-15ml\/#breadcrumb"},"inLanguage":"ar","potentialAction":[{"@type":"ReadAction","target":["https:\/\/vitablanca.ma\/produit\/vichy-liftactiv-supreme-serum-10-yeux-cils-15ml\/"]}]},{"@type":"ImageObject","inLanguage":"ar","@id":"https:\/\/vitablanca.ma\/produit\/vichy-liftactiv-supreme-serum-10-yeux-cils-15ml\/#primaryimage","url":"https:\/\/vitablanca.ma\/wp-content\/uploads\/2025\/06\/Vichy-Liftactiv-Supreme-Serum-10-Yeux-and-Cils-nova-parapharmacie-maroc-2.png","contentUrl":"https:\/\/vitablanca.ma\/wp-content\/uploads\/2025\/06\/Vichy-Liftactiv-Supreme-Serum-10-Yeux-and-Cils-nova-parapharmacie-maroc-2.png","width":1000,"height":1000},{"@type":"BreadcrumbList","@id":"https:\/\/vitablanca.ma\/produit\/vichy-liftactiv-supreme-serum-10-yeux-cils-15ml\/#breadcrumb","itemListElement":[{"@type":"ListItem","position":1,"name":"Home","item":"https:\/\/vitablanca.ma\/"},{"@type":"ListItem","position":2,"name":"Tous Les Produits","item":"https:\/\/vitablanca.ma\/tous-les-produits\/"},{"@type":"ListItem","position":3,"name":"Vichy Liftactiv Supreme Serum 10 Yeux &amp; Cils 15ml"}]},{"@type":"WebSite","@id":"https:\/\/vitablanca.ma\/#website","url":"https:\/\/vitablanca.ma\/","name":"VitaBlanca.ma | \u0627\u0644\u0645\u0643\u0645\u0644\u0627\u062a \u0627\u0644\u063a\u0630\u0627\u0626\u064a\u0629\u060c \u0627\u0644\u0635\u062d\u0629 \u0648\u0627\u0644\u062c\u0645\u0627\u0644 \u0641\u064a \u0627\u0644\u0645\u063a\u0631\u0628","description":"\u0646\u0628\u064a\u0639 \u0641\u064a\u062a\u0627\u0645\u064a\u0646\u0627\u062a \u0648\u0645\u0643\u0645\u0644\u0627\u062a \u063a\u0630\u0627\u0626\u064a\u0629 \u0641\u0627\u062e\u0631\u0629 \u0645\u0646 \u0627\u0644\u0648\u0644\u0627\u064a\u0627\u062a \u0627\u0644\u0645\u062a\u062d\u062f\u0629 \u0627\u0644\u0623\u0645\u0631\u064a\u0643\u064a\u0629 \u0648\u0643\u0646\u062f\u0627 \u0648\u0646\u064a\u0648\u0632\u064a\u0644\u0646\u062f\u0627 \u0648\u0627\u0644\u0645\u063a\u0631\u0628 (\u0646\u0627\u0648 \u0641\u0648\u062f\u0632\u060c \u0633\u0648\u0644\u062c\u0627\u0631\u060c \u0645\u0627\u0646\u0648\u0643\u0627). \u062a\u0648\u0635\u064a\u0644 \u0633\u0631\u064a\u0639 \u0625\u0644\u0649 \u062c\u0645\u064a\u0639 \u0623\u0646\u062d\u0627\u0621 \u0627\u0644\u0645\u063a\u0631\u0628.","publisher":{"@id":"https:\/\/vitablanca.ma\/#organization"},"alternateName":"VitaBlanca.ma","potentialAction":[{"@type":"SearchAction","target":{"@type":"EntryPoint","urlTemplate":"https:\/\/vitablanca.ma\/?s={search_term_string}"},"query-input":{"@type":"PropertyValueSpecification","valueRequired":true,"valueName":"search_term_string"}}],"inLanguage":"ar"},{"@type":"Organization","@id":"https:\/\/vitablanca.ma\/#organization","name":"\u0641\u064a\u062a\u0627\u0628\u0644\u0627\u0646\u0643\u0627","url":"https:\/\/vitablanca.ma\/","logo":{"@type":"ImageObject","inLanguage":"ar","@id":"https:\/\/vitablanca.ma\/#\/schema\/logo\/image\/","url":"https:\/\/vitablanca.ma\/wp-content\/uploads\/2025\/05\/cropped-vitablanca.png","contentUrl":"https:\/\/vitablanca.ma\/wp-content\/uploads\/2025\/05\/cropped-vitablanca.png","width":360,"height":67,"caption":"VitaBlanca"},"image":{"@id":"https:\/\/vitablanca.ma\/#\/schema\/logo\/image\/"},"sameAs":["https:\/\/www.facebook.com\/profile.php?id=61576678196717","https:\/\/www.tiktok.com\/@vitablanca.ma","https:\/\/www.instagram.com\/vitablanca.ma\/"]}]}},"jetpack_sharing_enabled":true,"_links":{"self":[{"href":"https:\/\/vitablanca.ma\/ar\/wp-json\/wp\/v2\/product\/22388","targetHints":{"allow":["GET"]}}],"collection":[{"href":"https:\/\/vitablanca.ma\/ar\/wp-json\/wp\/v2\/product"}],"about":[{"href":"https:\/\/vitablanca.ma\/ar\/wp-json\/wp\/v2\/types\/product"}],"wp:featuredmedia":[{"embeddable":true,"href":"https:\/\/vitablanca.ma\/ar\/wp-json\/wp\/v2\/media\/22387"}],"wp:attachment":[{"href":"https:\/\/vitablanca.ma\/ar\/wp-json\/wp\/v2\/media?parent=22388"}],"wp:term":[{"taxonomy":"product_brand","embeddable":true,"href":"https:\/\/vitablanca.ma\/ar\/wp-json\/wp\/v2\/product_brand?post=22388"},{"taxonomy":"product_cat","embeddable":true,"href":"https:\/\/vitablanca.ma\/ar\/wp-json\/wp\/v2\/product_cat?post=22388"},{"taxonomy":"product_tag","embeddable":true,"href":"https:\/\/vitablanca.ma\/ar\/wp-json\/wp\/v2\/product_tag?post=22388"}],"curies":[{"name":"wp","href":"https:\/\/api.w.org\/{rel}","templated":true}]}}