{"id":22386,"date":"2025-06-11T22:08:36","date_gmt":"2025-06-11T22:08:36","guid":{"rendered":"https:\/\/vitablanca.ma\/product\/vichy-capital-soleil-soin-anti-taches-teinte-3-en-1-spf50-50ml\/"},"modified":"2026-02-04T13:41:17","modified_gmt":"2026-02-04T13:41:17","slug":"vichy-capital-soleil-soin-anti-taches-teinte-3-en-1-spf50-50ml","status":"publish","type":"product","link":"https:\/\/vitablanca.ma\/ar\/product-2\/vichy-capital-soleil-soin-anti-taches-teinte-3-en-1-spf50-50ml\/","title":{"rendered":"\u0641\u064a\u0634\u064a \u0643\u0627\u0628\u064a\u062a\u0627\u0644 \u0633\u0648\u0644\u064a\u0647 3 \u0641\u064a 1 \u0639\u0644\u0627\u062c \u0645\u0644\u0648\u0646 \u0645\u0636\u0627\u062f \u0644\u0644\u0628\u0642\u0639 \u0627\u0644\u062f\u0627\u0643\u0646\u0629 \u0628\u0639\u0627\u0645\u0644 \u062d\u0645\u0627\u064a\u0629 \u0645\u0646 \u0627\u0644\u0634\u0645\u0633 50+ 50 \u0645\u0644"},"content":{"rendered":"<div class=\"ctn_top-accordion\">\n<div class=\"accordion-item itemForm\">\n<h2 class=\"accordion-item-title\">Vichy Capital Soleil Soin Anti-taches Teint\u00e9 3-en-1 SPF50+\u00a0<span data-mce-fragment=\"1\">permet d\u2019unifier le teint et peut servir de base de maquillage.<\/span><\/h2>\n<p>Haute protection solaire enrichie en PhE-Resorcinol afin de r\u00e9duire et pr\u00e9venir l\u2019apparition de taches. Sa formule teint\u00e9e permet d\u2019unifier le teint et peut servir de base de maquillage. Sa texture cr\u00e8meuse toucher sec s\u2019absorbe rapidement et le fini est mat et naturel.<\/p>\n<div class=\"tick-list\">\n<ul>\n<li>TR\u00c8S HAUTE PROTECTION SOLAIRE<\/li>\n<li>TRIPLE ACTION CONTRE LES TACHES: UNIFIE, CORRIGE ET PR\u00c9VIENT<\/li>\n<li>FORMULE TEINT\u00c9E TOUCHER SEC<\/li>\n<li>HYPOALLERG\u00c9NIQUE<\/li>\n<li>CONVIENT AUX PEAUX SENSIBLES<\/li>\n<\/ul>\n<\/div>\n<h3 class=\"accordion-item-title\">Efficacit\u00e9<\/h3>\n<div class=\"accordion-content\">\n<p>Unifie instantan\u00e9ment gr\u00e2ce \u00e0 des pigments min\u00e9raux universels. Corrige les taches gr\u00e2ce \u00e0 un actif innovant le Phe-Resorcinol. Pr\u00e9vient l\u2019apparition des taches gr\u00e2ce au syst\u00e8me filtrant UVA\/UVB.<br \/>\nEfficacit\u00e9 cliniquement prouv\u00e9e : 19,2% des taches sont att\u00e9nu\u00e9es apr\u00e8s 8 semaines d\u2019utilisation.<\/p>\n<p>Efficacit\u00e9 cliniquement prouv\u00e9e : 19,2% des taches sont att\u00e9nu\u00e9es apr\u00e8s 8 semaines d\u2019utilisation. Protection renforc\u00e9e jusqu\u2019aux UVA longs.<\/p>\n<\/div>\n<\/div>\n<div class=\"accordion-item itemForm\">\n<h3 class=\"accordion-item-title\">Application<\/h3>\n<div class=\"accordion-content\">\n<p>Appliquer le soin solaire avant l\u2019exposition au soleil. Appliquer r\u00e9guli\u00e8rement et g\u00e9n\u00e9reusement la protection solaire, particuli\u00e8rement apr\u00e8s avoir nag\u00e9, transpir\u00e9 ou s\u2019\u00eatre essuy\u00e9. Eviter les yeux. En cas de contact avec les yeux rincer les imm\u00e9diatement et abondamment.<\/p>\n<\/div>\n<\/div>\n<div class=\"accordion-item itemForm no-overflow\">\n<h3 class=\"accordion-item-title\">Pr\u00e9cautions d\u2019emploi<\/h3>\n<div class=\"accordion-content\">\n<p>Formule hypoallerg\u00e9nique test\u00e9e sur peaux sensibles et sous contr\u00f4le dermatologique.<\/p>\n<\/div>\n<\/div>\n<\/div>\n<div class=\"ctn_bottom-accordion\">\n<div class=\"accordion-item composition\">\n<h3 class=\"accordion-item-title\">Composition<\/h3>\n<div id=\"listIngredient_26168\" class=\"accordion-content obj_ingredients\">\n<div id=\"ingredients-list\">\n<p><em>AQUA \/ WATER \u2013 CI 77891 \/ TITANIUM DIOXIDE \u2013 HOMOSALATE \u2013 SILICA \u2013 ETHYLHEXYL SALICYLATE \u2013 ETHYLHEXYL TRIAZONE \u2013 C12-15 ALKYL BENZOATE \u2013 BIS-ETHYLHEXYLOXYPHENOL METHOXYPHENYL TRIAZINE \u2013 DROMETRIZOLE TRISILOXANE \u2013 BUTYL METHOXYDIBENZOYLMETHANE \u2013 GLYCERIN \u2013 ALUMINUM STARCH OCTENYLSUCCINATE \u2013 OCTOCRYLENE \u2013 PENTYLENE GLYCOL \u2013 STYRENE\/ACRYLATES COPOLYMER \u2013 CI 77491, CI 77492, CI 77499 \/ IRON OXIDES \u2013 POTASSIUM CETYL PHOSPHATE \u2013 PARFUM \/ FRAGRANCE \u2013 CAPRYLYL METHICONE \u2013 ACRYLATES\/C10-30 ALKYL ACRYLATE CROSSPOLYMER \u2013 ALUMINUM HYDROXIDE \u2013 BUTYLENE GLYCOL \u2013 CAPRYLYL GLYCOL \u2013 CINNAMOMUM CASSIA BARK EXTRACT \u2013 DIMETHICONE \u2013 DISODIUM EDTA \u2013 INULIN LAURYL CARBAMATE \u2013 PEG-8 LAURATE \u2013 PHENOXYETHANOL \u2013 PHENYLETHYL RESORCINOL \u2013 POTERIUM OFFICINALE ROOT EXTRACT \u2013 STEARIC ACID \u2013 STEARYL ALCOHOL \u2013 TEREPHTHALYLIDENE DICAMPHOR SULFONIC ACID \u2013 TITANIUM DIOXIDE [NANO] \/ TITANIUM DIOXIDE \u2013 TOCOPHEROL \u2013 TRIETHANOLAMINE \u2013 XANTHAN GUM \u2013 ZINGIBER OFFICINALE ROOT EXTRACT \/ GINGER ROOT EXTRACT<\/em><\/p>\n<\/div>\n<\/div>\n<\/div>\n<\/div>\n<div class=\"tick-list\"><\/div>\n","protected":false},"excerpt":{"rendered":"<p>Vichy Capital Soleil Soin Anti-taches Teint\u00e9 3-en-1 SPF50+\u00a0permet d\u2019unifier le teint et peut servir de base de maquillage. Haute protection solaire enrichie en PhE-Resorcinol afin de r\u00e9duire et pr\u00e9venir l\u2019apparition de taches. Sa formule teint\u00e9e permet d\u2019unifier le teint et peut servir de base de maquillage. Sa texture cr\u00e8meuse toucher sec s\u2019absorbe rapidement et le [&hellip;]<\/p>\n","protected":false},"featured_media":22385,"template":"","meta":{"om_disable_all_campaigns":false},"product_brand":[3358],"product_cat":[18],"product_tag":[7642,5856,7366,7480,6176,7640,5857,7638,7639,7620,7641,5858,5919,5861,3359,7473,3360,3361],"class_list":{"0":"post-22386","1":"product","2":"type-product","3":"status-publish","4":"has-post-thumbnail","6":"product_brand-vichy-maroc-prix-vitablanca","7":"product_cat-beaute-sante","8":"product_tag-bonne-mine-naturelle","9":"product_tag-creme-solaire-visage","10":"product_tag-eau-volcanique-vichy","11":"product_tag-haute-protection-uv","12":"product_tag-peau-sensible","13":"product_tag-prevention-taches","14":"product_tag-protection-solaire","15":"product_tag-soin-anti-taches-teinte","16":"product_tag-soin-solaire-3-en-1","17":"product_tag-soin-solaire-quotidien","18":"product_tag-soin-teinte-visage","19":"product_tag-spf50","20":"product_tag-teint-unifie","21":"product_tag-uva-uvb","22":"product_tag-vichy","23":"product_tag-vichy-capital-soleil","24":"product_tag-vichy-maroc","25":"product_tag-vichy-morocco","27":"first","28":"instock","29":"sale","30":"taxable","31":"shipping-taxable","32":"purchasable","33":"product-type-simple"},"yoast_head":"<!-- This site is optimized with the Yoast SEO plugin v27.5 - https:\/\/yoast.com\/product\/yoast-seo-wordpress\/ -->\n<title>Vichy Capital Soleil Soin Anti-Taches 50 ml - Maroc Prix<\/title>\n<meta name=\"description\" content=\"Soin solaire visage Vichy SPF50+ teint\u00e9 3-en-1 : prot\u00e8ge des UV, corrige les taches et unifie le teint. Id\u00e9al peaux sensibles.\" \/>\n<meta name=\"robots\" content=\"index, follow, max-snippet:-1, max-image-preview:large, max-video-preview:-1\" \/>\n<link rel=\"canonical\" href=\"https:\/\/vitablanca.ma\/ar\/product-2\/vichy-capital-soleil-soin-anti-taches-teinte-3-en-1-spf50-50ml\/\" \/>\n<meta property=\"og:locale\" content=\"ar_AR\" \/>\n<meta property=\"og:type\" content=\"article\" \/>\n<meta property=\"og:title\" content=\"Vichy Capital Soleil Soin Anti-Taches 50 ml - Maroc Prix\" \/>\n<meta property=\"og:description\" content=\"Soin solaire visage Vichy SPF50+ teint\u00e9 3-en-1 : prot\u00e8ge des UV, corrige les taches et unifie le teint. Id\u00e9al peaux sensibles.\" \/>\n<meta property=\"og:url\" content=\"https:\/\/vitablanca.ma\/ar\/product-2\/vichy-capital-soleil-soin-anti-taches-teinte-3-en-1-spf50-50ml\/\" \/>\n<meta property=\"og:site_name\" content=\"Vitablanca.ma &ndash; Sant&eacute;, vitalit&eacute; et bien-&ecirc;tre pour tous les Marocains\" \/>\n<meta property=\"article:publisher\" content=\"https:\/\/www.facebook.com\/profile.php?id=61576678196717\" \/>\n<meta property=\"article:modified_time\" content=\"2026-02-04T13:41:17+00:00\" \/>\n<meta property=\"og:image\" content=\"https:\/\/vitablanca.ma\/wp-content\/uploads\/2025\/06\/Capital-Soleil-Soin-Anti-taches-Teinte-3-en-1-SPF50_-50ml-nova-parapharmacie-casablanca2-2.jpg\" \/>\n\t<meta property=\"og:image:width\" content=\"1000\" \/>\n\t<meta property=\"og:image:height\" content=\"1000\" \/>\n\t<meta property=\"og:image:type\" content=\"image\/jpeg\" \/>\n<meta name=\"twitter:card\" content=\"summary_large_image\" \/>\n<meta name=\"twitter:label1\" content=\"\u0648\u0642\u062a \u0627\u0644\u0642\u0631\u0627\u0621\u0629 \u0627\u0644\u0645\u064f\u0642\u062f\u0651\u0631\" \/>\n\t<meta name=\"twitter:data1\" content=\"\u062f\u0642\u064a\u0642\u062a\u0627\u0646\" \/>\n<script type=\"application\/ld+json\" class=\"yoast-schema-graph\">{\"@context\":\"https:\\\/\\\/schema.org\",\"@graph\":[{\"@type\":[\"WebPage\",\"ItemPage\"],\"@id\":\"https:\\\/\\\/vitablanca.ma\\\/produit\\\/vichy-capital-soleil-soin-anti-taches-teinte-3-en-1-spf50-50ml\\\/\",\"url\":\"https:\\\/\\\/vitablanca.ma\\\/produit\\\/vichy-capital-soleil-soin-anti-taches-teinte-3-en-1-spf50-50ml\\\/\",\"name\":\"Vichy Capital Soleil Soin Anti-Taches 50 ml - Maroc Prix\",\"isPartOf\":{\"@id\":\"https:\\\/\\\/vitablanca.ma\\\/#website\"},\"primaryImageOfPage\":{\"@id\":\"https:\\\/\\\/vitablanca.ma\\\/produit\\\/vichy-capital-soleil-soin-anti-taches-teinte-3-en-1-spf50-50ml\\\/#primaryimage\"},\"image\":{\"@id\":\"https:\\\/\\\/vitablanca.ma\\\/produit\\\/vichy-capital-soleil-soin-anti-taches-teinte-3-en-1-spf50-50ml\\\/#primaryimage\"},\"thumbnailUrl\":\"https:\\\/\\\/vitablanca.ma\\\/wp-content\\\/uploads\\\/2025\\\/06\\\/Capital-Soleil-Soin-Anti-taches-Teinte-3-en-1-SPF50_-50ml-nova-parapharmacie-casablanca2-2.jpg\",\"datePublished\":\"2025-06-11T22:08:36+00:00\",\"dateModified\":\"2026-02-04T13:41:17+00:00\",\"description\":\"Soin solaire visage Vichy SPF50+ teint\u00e9 3-en-1 : prot\u00e8ge des UV, corrige les taches et unifie le teint. Id\u00e9al peaux sensibles.\",\"breadcrumb\":{\"@id\":\"https:\\\/\\\/vitablanca.ma\\\/produit\\\/vichy-capital-soleil-soin-anti-taches-teinte-3-en-1-spf50-50ml\\\/#breadcrumb\"},\"inLanguage\":\"ar\",\"potentialAction\":[{\"@type\":\"ReadAction\",\"target\":[\"https:\\\/\\\/vitablanca.ma\\\/produit\\\/vichy-capital-soleil-soin-anti-taches-teinte-3-en-1-spf50-50ml\\\/\"]}]},{\"@type\":\"ImageObject\",\"inLanguage\":\"ar\",\"@id\":\"https:\\\/\\\/vitablanca.ma\\\/produit\\\/vichy-capital-soleil-soin-anti-taches-teinte-3-en-1-spf50-50ml\\\/#primaryimage\",\"url\":\"https:\\\/\\\/vitablanca.ma\\\/wp-content\\\/uploads\\\/2025\\\/06\\\/Capital-Soleil-Soin-Anti-taches-Teinte-3-en-1-SPF50_-50ml-nova-parapharmacie-casablanca2-2.jpg\",\"contentUrl\":\"https:\\\/\\\/vitablanca.ma\\\/wp-content\\\/uploads\\\/2025\\\/06\\\/Capital-Soleil-Soin-Anti-taches-Teinte-3-en-1-SPF50_-50ml-nova-parapharmacie-casablanca2-2.jpg\",\"width\":1000,\"height\":1000},{\"@type\":\"BreadcrumbList\",\"@id\":\"https:\\\/\\\/vitablanca.ma\\\/produit\\\/vichy-capital-soleil-soin-anti-taches-teinte-3-en-1-spf50-50ml\\\/#breadcrumb\",\"itemListElement\":[{\"@type\":\"ListItem\",\"position\":1,\"name\":\"Home\",\"item\":\"https:\\\/\\\/vitablanca.ma\\\/\"},{\"@type\":\"ListItem\",\"position\":2,\"name\":\"Tous Les Produits\",\"item\":\"https:\\\/\\\/vitablanca.ma\\\/tous-les-produits\\\/\"},{\"@type\":\"ListItem\",\"position\":3,\"name\":\"Vichy Capital Soleil Soin Anti-taches Teint\u00e9 3-en-1 SPF50+ 50ml\"}]},{\"@type\":\"WebSite\",\"@id\":\"https:\\\/\\\/vitablanca.ma\\\/#website\",\"url\":\"https:\\\/\\\/vitablanca.ma\\\/\",\"name\":\"VitaBlanca.ma | Compl\u00e9ments alimentaires, sant\u00e9 & beaut\u00e9 au Maroc\",\"description\":\"vendre vitamines et compl\u00e9ments premium des USA &amp; Canada, Nouvelle Z\u00e9lande,Maroc (NOW Foods, Solgar, Manuka). Livraison rapide partout au Maroc.\",\"publisher\":{\"@id\":\"https:\\\/\\\/vitablanca.ma\\\/#organization\"},\"alternateName\":\"VitaBlanca.ma\",\"potentialAction\":[{\"@type\":\"SearchAction\",\"target\":{\"@type\":\"EntryPoint\",\"urlTemplate\":\"https:\\\/\\\/vitablanca.ma\\\/?s={search_term_string}\"},\"query-input\":{\"@type\":\"PropertyValueSpecification\",\"valueRequired\":true,\"valueName\":\"search_term_string\"}}],\"inLanguage\":\"ar\"},{\"@type\":\"Organization\",\"@id\":\"https:\\\/\\\/vitablanca.ma\\\/#organization\",\"name\":\"VitaBlanca\",\"url\":\"https:\\\/\\\/vitablanca.ma\\\/\",\"logo\":{\"@type\":\"ImageObject\",\"inLanguage\":\"ar\",\"@id\":\"https:\\\/\\\/vitablanca.ma\\\/#\\\/schema\\\/logo\\\/image\\\/\",\"url\":\"https:\\\/\\\/vitablanca.ma\\\/wp-content\\\/uploads\\\/2025\\\/05\\\/cropped-vitablanca.png\",\"contentUrl\":\"https:\\\/\\\/vitablanca.ma\\\/wp-content\\\/uploads\\\/2025\\\/05\\\/cropped-vitablanca.png\",\"width\":360,\"height\":67,\"caption\":\"VitaBlanca\"},\"image\":{\"@id\":\"https:\\\/\\\/vitablanca.ma\\\/#\\\/schema\\\/logo\\\/image\\\/\"},\"sameAs\":[\"https:\\\/\\\/www.facebook.com\\\/profile.php?id=61576678196717\",\"https:\\\/\\\/www.tiktok.com\\\/@vitablanca.ma\",\"https:\\\/\\\/www.instagram.com\\\/vitablanca.ma\\\/\"]}]}<\/script>\n<!-- \/ Yoast SEO plugin. -->","yoast_head_json":{"title":"Vichy Capital Soleil Soin Anti-Taches 50 ml - Maroc Prix","description":"Soin solaire visage Vichy SPF50+ teint\u00e9 3-en-1 : prot\u00e8ge des UV, corrige les taches et unifie le teint. Id\u00e9al peaux sensibles.","robots":{"index":"index","follow":"follow","max-snippet":"max-snippet:-1","max-image-preview":"max-image-preview:large","max-video-preview":"max-video-preview:-1"},"canonical":"https:\/\/vitablanca.ma\/ar\/product-2\/vichy-capital-soleil-soin-anti-taches-teinte-3-en-1-spf50-50ml\/","og_locale":"ar_AR","og_type":"article","og_title":"Vichy Capital Soleil Soin Anti-Taches 50 ml - Maroc Prix","og_description":"Soin solaire visage Vichy SPF50+ teint\u00e9 3-en-1 : prot\u00e8ge des UV, corrige les taches et unifie le teint. Id\u00e9al peaux sensibles.","og_url":"https:\/\/vitablanca.ma\/ar\/product-2\/vichy-capital-soleil-soin-anti-taches-teinte-3-en-1-spf50-50ml\/","og_site_name":"Vitablanca.ma &ndash; Sant&eacute;, vitalit&eacute; et bien-&ecirc;tre pour tous les Marocains","article_publisher":"https:\/\/www.facebook.com\/profile.php?id=61576678196717","article_modified_time":"2026-02-04T13:41:17+00:00","og_image":[{"width":1000,"height":1000,"url":"https:\/\/vitablanca.ma\/wp-content\/uploads\/2025\/06\/Capital-Soleil-Soin-Anti-taches-Teinte-3-en-1-SPF50_-50ml-nova-parapharmacie-casablanca2-2.jpg","type":"image\/jpeg"}],"twitter_card":"summary_large_image","twitter_misc":{"\u0648\u0642\u062a \u0627\u0644\u0642\u0631\u0627\u0621\u0629 \u0627\u0644\u0645\u064f\u0642\u062f\u0651\u0631":"\u062f\u0642\u064a\u0642\u062a\u0627\u0646"},"schema":{"@context":"https:\/\/schema.org","@graph":[{"@type":["WebPage","ItemPage"],"@id":"https:\/\/vitablanca.ma\/produit\/vichy-capital-soleil-soin-anti-taches-teinte-3-en-1-spf50-50ml\/","url":"https:\/\/vitablanca.ma\/produit\/vichy-capital-soleil-soin-anti-taches-teinte-3-en-1-spf50-50ml\/","name":"Vichy Capital Soleil Soin Anti-Taches 50 ml - Maroc Prix","isPartOf":{"@id":"https:\/\/vitablanca.ma\/#website"},"primaryImageOfPage":{"@id":"https:\/\/vitablanca.ma\/produit\/vichy-capital-soleil-soin-anti-taches-teinte-3-en-1-spf50-50ml\/#primaryimage"},"image":{"@id":"https:\/\/vitablanca.ma\/produit\/vichy-capital-soleil-soin-anti-taches-teinte-3-en-1-spf50-50ml\/#primaryimage"},"thumbnailUrl":"https:\/\/vitablanca.ma\/wp-content\/uploads\/2025\/06\/Capital-Soleil-Soin-Anti-taches-Teinte-3-en-1-SPF50_-50ml-nova-parapharmacie-casablanca2-2.jpg","datePublished":"2025-06-11T22:08:36+00:00","dateModified":"2026-02-04T13:41:17+00:00","description":"Soin solaire visage Vichy SPF50+ teint\u00e9 3-en-1 : prot\u00e8ge des UV, corrige les taches et unifie le teint. Id\u00e9al peaux sensibles.","breadcrumb":{"@id":"https:\/\/vitablanca.ma\/produit\/vichy-capital-soleil-soin-anti-taches-teinte-3-en-1-spf50-50ml\/#breadcrumb"},"inLanguage":"ar","potentialAction":[{"@type":"ReadAction","target":["https:\/\/vitablanca.ma\/produit\/vichy-capital-soleil-soin-anti-taches-teinte-3-en-1-spf50-50ml\/"]}]},{"@type":"ImageObject","inLanguage":"ar","@id":"https:\/\/vitablanca.ma\/produit\/vichy-capital-soleil-soin-anti-taches-teinte-3-en-1-spf50-50ml\/#primaryimage","url":"https:\/\/vitablanca.ma\/wp-content\/uploads\/2025\/06\/Capital-Soleil-Soin-Anti-taches-Teinte-3-en-1-SPF50_-50ml-nova-parapharmacie-casablanca2-2.jpg","contentUrl":"https:\/\/vitablanca.ma\/wp-content\/uploads\/2025\/06\/Capital-Soleil-Soin-Anti-taches-Teinte-3-en-1-SPF50_-50ml-nova-parapharmacie-casablanca2-2.jpg","width":1000,"height":1000},{"@type":"BreadcrumbList","@id":"https:\/\/vitablanca.ma\/produit\/vichy-capital-soleil-soin-anti-taches-teinte-3-en-1-spf50-50ml\/#breadcrumb","itemListElement":[{"@type":"ListItem","position":1,"name":"Home","item":"https:\/\/vitablanca.ma\/"},{"@type":"ListItem","position":2,"name":"Tous Les Produits","item":"https:\/\/vitablanca.ma\/tous-les-produits\/"},{"@type":"ListItem","position":3,"name":"Vichy Capital Soleil Soin Anti-taches Teint\u00e9 3-en-1 SPF50+ 50ml"}]},{"@type":"WebSite","@id":"https:\/\/vitablanca.ma\/#website","url":"https:\/\/vitablanca.ma\/","name":"VitaBlanca.ma | \u0627\u0644\u0645\u0643\u0645\u0644\u0627\u062a \u0627\u0644\u063a\u0630\u0627\u0626\u064a\u0629\u060c \u0627\u0644\u0635\u062d\u0629 \u0648\u0627\u0644\u062c\u0645\u0627\u0644 \u0641\u064a \u0627\u0644\u0645\u063a\u0631\u0628","description":"\u0646\u0628\u064a\u0639 \u0641\u064a\u062a\u0627\u0645\u064a\u0646\u0627\u062a \u0648\u0645\u0643\u0645\u0644\u0627\u062a \u063a\u0630\u0627\u0626\u064a\u0629 \u0641\u0627\u062e\u0631\u0629 \u0645\u0646 \u0627\u0644\u0648\u0644\u0627\u064a\u0627\u062a \u0627\u0644\u0645\u062a\u062d\u062f\u0629 \u0627\u0644\u0623\u0645\u0631\u064a\u0643\u064a\u0629 \u0648\u0643\u0646\u062f\u0627 \u0648\u0646\u064a\u0648\u0632\u064a\u0644\u0646\u062f\u0627 \u0648\u0627\u0644\u0645\u063a\u0631\u0628 (\u0646\u0627\u0648 \u0641\u0648\u062f\u0632\u060c \u0633\u0648\u0644\u062c\u0627\u0631\u060c \u0645\u0627\u0646\u0648\u0643\u0627). \u062a\u0648\u0635\u064a\u0644 \u0633\u0631\u064a\u0639 \u0625\u0644\u0649 \u062c\u0645\u064a\u0639 \u0623\u0646\u062d\u0627\u0621 \u0627\u0644\u0645\u063a\u0631\u0628.","publisher":{"@id":"https:\/\/vitablanca.ma\/#organization"},"alternateName":"VitaBlanca.ma","potentialAction":[{"@type":"SearchAction","target":{"@type":"EntryPoint","urlTemplate":"https:\/\/vitablanca.ma\/?s={search_term_string}"},"query-input":{"@type":"PropertyValueSpecification","valueRequired":true,"valueName":"search_term_string"}}],"inLanguage":"ar"},{"@type":"Organization","@id":"https:\/\/vitablanca.ma\/#organization","name":"\u0641\u064a\u062a\u0627\u0628\u0644\u0627\u0646\u0643\u0627","url":"https:\/\/vitablanca.ma\/","logo":{"@type":"ImageObject","inLanguage":"ar","@id":"https:\/\/vitablanca.ma\/#\/schema\/logo\/image\/","url":"https:\/\/vitablanca.ma\/wp-content\/uploads\/2025\/05\/cropped-vitablanca.png","contentUrl":"https:\/\/vitablanca.ma\/wp-content\/uploads\/2025\/05\/cropped-vitablanca.png","width":360,"height":67,"caption":"VitaBlanca"},"image":{"@id":"https:\/\/vitablanca.ma\/#\/schema\/logo\/image\/"},"sameAs":["https:\/\/www.facebook.com\/profile.php?id=61576678196717","https:\/\/www.tiktok.com\/@vitablanca.ma","https:\/\/www.instagram.com\/vitablanca.ma\/"]}]}},"jetpack_sharing_enabled":true,"_links":{"self":[{"href":"https:\/\/vitablanca.ma\/ar\/wp-json\/wp\/v2\/product\/22386","targetHints":{"allow":["GET"]}}],"collection":[{"href":"https:\/\/vitablanca.ma\/ar\/wp-json\/wp\/v2\/product"}],"about":[{"href":"https:\/\/vitablanca.ma\/ar\/wp-json\/wp\/v2\/types\/product"}],"wp:featuredmedia":[{"embeddable":true,"href":"https:\/\/vitablanca.ma\/ar\/wp-json\/wp\/v2\/media\/22385"}],"wp:attachment":[{"href":"https:\/\/vitablanca.ma\/ar\/wp-json\/wp\/v2\/media?parent=22386"}],"wp:term":[{"taxonomy":"product_brand","embeddable":true,"href":"https:\/\/vitablanca.ma\/ar\/wp-json\/wp\/v2\/product_brand?post=22386"},{"taxonomy":"product_cat","embeddable":true,"href":"https:\/\/vitablanca.ma\/ar\/wp-json\/wp\/v2\/product_cat?post=22386"},{"taxonomy":"product_tag","embeddable":true,"href":"https:\/\/vitablanca.ma\/ar\/wp-json\/wp\/v2\/product_tag?post=22386"}],"curies":[{"name":"wp","href":"https:\/\/api.w.org\/{rel}","templated":true}]}}