{"id":22296,"date":"2025-06-11T21:55:10","date_gmt":"2025-06-11T21:55:10","guid":{"rendered":"https:\/\/vitablanca.ma\/product\/vitis-brosse-a-dent-soft\/"},"modified":"2026-02-04T13:44:20","modified_gmt":"2026-02-04T13:44:20","slug":"vitis-brosse-a-dent-soft","status":"publish","type":"product","link":"https:\/\/vitablanca.ma\/ar\/product-2\/vitis-brosse-a-dent-soft\/","title":{"rendered":"\u0641\u0631\u0634\u0627\u0629 \u0623\u0633\u0646\u0627\u0646 \u0641\u064a\u062a\u064a\u0633 \u0627\u0644\u0646\u0627\u0639\u0645\u0629"},"content":{"rendered":"<h2>\u0641\u0631\u0634\u0627\u0629 \u0623\u0633\u0646\u0627\u0646 \u0641\u064a\u062a\u064a\u0633 \u0627\u0644\u0646\u0627\u0639\u0645\u0629<span data-mce-fragment=\"1\">\u00a0permet un acc\u00e8s optimal aux zones interdentaires et l\u2019\u00e9limination de la plaque dentaire.\u00a0<\/span><\/h2>\n<p>La brosse \u00e0 dents\u00a0<strong>Vitis souple<\/strong>\u00a0convient aux patients sans probl\u00e8mes particulier pour un usage quotidien.<\/p>\n<h3>\u064a\u0633\u062a\u062e\u062f\u0645<\/h3>\n<p data-mce-fragment=\"1\">La brosse \u00e0 dents<span data-mce-fragment=\"1\">\u00a0<\/span><strong data-mce-fragment=\"1\">Vitis Souple<\/strong><span data-mce-fragment=\"1\">\u00a0<\/span>poss\u00e8de une brosse avec des filaments doux et souples en Tynex pour un haut standard de qualit\u00e9. en plus d\u2019\u00eatre doux ces filaments en Tynex arrondis respectent l\u2019\u00e9mail et les gencives. Elle permet un acc\u00e8s optimal aux zones interdentaires et l\u2019\u00e9limination de la plaque dentaire. Son manche en ac\u00e9tate de cellulose est ergonomique, modulable\u00a0 et<span data-mce-fragment=\"1\">\u00a0<\/span><strong data-mce-fragment=\"1\">recyclable<\/strong>. La brosse \u00e0 dents Vitis souple est munie d\u2019un capuchon de protection pratique et hygi\u00e9nique .<\/p>\n<p data-mce-fragment=\"1\"><em data-mce-fragment=\"1\"><strong data-mce-fragment=\"1\">La Vitis Souple convient aux patients sans probl\u00e8mes particulier, et s\u2019utilise quotidiennement.<\/strong><\/em><\/p>","protected":false},"excerpt":{"rendered":"<p>Vitis Brosse \u00c0 Dent Soft\u00a0permet un acc\u00e8s optimal aux zones interdentaires et l\u2019\u00e9limination de la plaque dentaire.\u00a0 La brosse \u00e0 dents\u00a0Vitis souple\u00a0convient aux patients sans probl\u00e8mes particulier pour un usage quotidien. Utilisation La brosse \u00e0 dents\u00a0Vitis Souple\u00a0poss\u00e8de une brosse avec des filaments doux et souples en Tynex pour un haut standard de qualit\u00e9. en plus [&hellip;]<\/p>\n","protected":false},"featured_media":22295,"template":"","meta":{"om_disable_all_campaigns":false},"product_brand":[],"product_cat":[15],"product_tag":[7644,7645,7649,7647,7652,7650,7651,7646,6254,6178,6257,7648,7052,6392,7643],"class_list":{"0":"post-22296","1":"product","2":"type-product","3":"status-publish","4":"has-post-thumbnail","6":"product_cat-beaute-sante-complements-alimentaires-soins-et-bien-etre-au-meilleur-prix","7":"product_tag-brosse-a-dents-soft","8":"product_tag-brosse-a-dents-souple","9":"product_tag-brosse-a-dents-vitis","10":"product_tag-brosse-dents-quotidienne","11":"product_tag-brosse-ergonomique","12":"product_tag-dents-sensibles","13":"product_tag-email-protege","14":"product_tag-gencives-sensibles","15":"product_tag-hygiene-bucco-dentaire","16":"product_tag-nettoyage-doux","17":"product_tag-protection-gencives","18":"product_tag-soin-buccal","19":"product_tag-soin-dentaire","20":"product_tag-usage-quotidien","21":"product_tag-vitis","23":"first","24":"instock","25":"sale","26":"taxable","27":"shipping-taxable","28":"purchasable","29":"product-type-simple"},"yoast_head":"<!-- This site is optimized with the Yoast SEO plugin v27.5 - https:\/\/yoast.com\/product\/yoast-seo-wordpress\/ -->\n<title>Vitis Brosse \u00c0 Dent Soft - Maroc Prix<\/title>\n<meta name=\"description\" content=\"Vitis Brosse \u00e0 Dents Soft : nettoyage efficace et doux, prot\u00e8ge les gencives sensibles et l\u2019\u00e9mail. Id\u00e9ale pour l\u2019hygi\u00e8ne bucco-dentaire quotidienne.\" \/>\n<meta name=\"robots\" content=\"index, follow, max-snippet:-1, max-image-preview:large, max-video-preview:-1\" \/>\n<link rel=\"canonical\" href=\"https:\/\/vitablanca.ma\/ar\/product-2\/vitis-brosse-a-dent-soft\/\" \/>\n<meta property=\"og:locale\" content=\"ar_AR\" \/>\n<meta property=\"og:type\" content=\"article\" \/>\n<meta property=\"og:title\" content=\"Vitis Brosse \u00c0 Dent Soft - Maroc Prix\" \/>\n<meta property=\"og:description\" content=\"Vitis Brosse \u00e0 Dents Soft : nettoyage efficace et doux, prot\u00e8ge les gencives sensibles et l\u2019\u00e9mail. Id\u00e9ale pour l\u2019hygi\u00e8ne bucco-dentaire quotidienne.\" \/>\n<meta property=\"og:url\" content=\"https:\/\/vitablanca.ma\/ar\/product-2\/vitis-brosse-a-dent-soft\/\" \/>\n<meta property=\"og:site_name\" content=\"Vitablanca.ma &ndash; Sant&eacute;, vitalit&eacute; et bien-&ecirc;tre pour tous les Marocains\" \/>\n<meta property=\"article:publisher\" content=\"https:\/\/www.facebook.com\/profile.php?id=61576678196717\" \/>\n<meta property=\"article:modified_time\" content=\"2026-02-04T13:44:20+00:00\" \/>\n<meta property=\"og:image\" content=\"https:\/\/vitablanca.ma\/wp-content\/uploads\/2025\/06\/Vitis-Brosse-A-Dent-Soft-Nova-prapharmacie-maroc-3.jpg\" \/>\n\t<meta property=\"og:image:width\" content=\"1000\" \/>\n\t<meta property=\"og:image:height\" content=\"1000\" \/>\n\t<meta property=\"og:image:type\" content=\"image\/jpeg\" \/>\n<meta name=\"twitter:card\" content=\"summary_large_image\" \/>\n<meta name=\"twitter:label1\" content=\"\u0648\u0642\u062a \u0627\u0644\u0642\u0631\u0627\u0621\u0629 \u0627\u0644\u0645\u064f\u0642\u062f\u0651\u0631\" \/>\n\t<meta name=\"twitter:data1\" content=\"\u062f\u0642\u064a\u0642\u0629 \u0648\u0627\u062d\u062f\u0629\" \/>\n<script type=\"application\/ld+json\" class=\"yoast-schema-graph\">{\"@context\":\"https:\\\/\\\/schema.org\",\"@graph\":[{\"@type\":[\"WebPage\",\"ItemPage\"],\"@id\":\"https:\\\/\\\/vitablanca.ma\\\/produit\\\/vitis-brosse-a-dent-soft\\\/\",\"url\":\"https:\\\/\\\/vitablanca.ma\\\/produit\\\/vitis-brosse-a-dent-soft\\\/\",\"name\":\"Vitis Brosse \u00c0 Dent Soft - Maroc Prix\",\"isPartOf\":{\"@id\":\"https:\\\/\\\/vitablanca.ma\\\/#website\"},\"primaryImageOfPage\":{\"@id\":\"https:\\\/\\\/vitablanca.ma\\\/produit\\\/vitis-brosse-a-dent-soft\\\/#primaryimage\"},\"image\":{\"@id\":\"https:\\\/\\\/vitablanca.ma\\\/produit\\\/vitis-brosse-a-dent-soft\\\/#primaryimage\"},\"thumbnailUrl\":\"https:\\\/\\\/vitablanca.ma\\\/wp-content\\\/uploads\\\/2025\\\/06\\\/Vitis-Brosse-A-Dent-Soft-Nova-prapharmacie-maroc-3.jpg\",\"datePublished\":\"2025-06-11T21:55:10+00:00\",\"dateModified\":\"2026-02-04T13:44:20+00:00\",\"description\":\"Vitis Brosse \u00e0 Dents Soft : nettoyage efficace et doux, prot\u00e8ge les gencives sensibles et l\u2019\u00e9mail. Id\u00e9ale pour l\u2019hygi\u00e8ne bucco-dentaire quotidienne.\",\"breadcrumb\":{\"@id\":\"https:\\\/\\\/vitablanca.ma\\\/produit\\\/vitis-brosse-a-dent-soft\\\/#breadcrumb\"},\"inLanguage\":\"ar\",\"potentialAction\":[{\"@type\":\"ReadAction\",\"target\":[\"https:\\\/\\\/vitablanca.ma\\\/produit\\\/vitis-brosse-a-dent-soft\\\/\"]}]},{\"@type\":\"ImageObject\",\"inLanguage\":\"ar\",\"@id\":\"https:\\\/\\\/vitablanca.ma\\\/produit\\\/vitis-brosse-a-dent-soft\\\/#primaryimage\",\"url\":\"https:\\\/\\\/vitablanca.ma\\\/wp-content\\\/uploads\\\/2025\\\/06\\\/Vitis-Brosse-A-Dent-Soft-Nova-prapharmacie-maroc-3.jpg\",\"contentUrl\":\"https:\\\/\\\/vitablanca.ma\\\/wp-content\\\/uploads\\\/2025\\\/06\\\/Vitis-Brosse-A-Dent-Soft-Nova-prapharmacie-maroc-3.jpg\",\"width\":1000,\"height\":1000},{\"@type\":\"BreadcrumbList\",\"@id\":\"https:\\\/\\\/vitablanca.ma\\\/produit\\\/vitis-brosse-a-dent-soft\\\/#breadcrumb\",\"itemListElement\":[{\"@type\":\"ListItem\",\"position\":1,\"name\":\"Home\",\"item\":\"https:\\\/\\\/vitablanca.ma\\\/\"},{\"@type\":\"ListItem\",\"position\":2,\"name\":\"Tous Les Produits\",\"item\":\"https:\\\/\\\/vitablanca.ma\\\/tous-les-produits\\\/\"},{\"@type\":\"ListItem\",\"position\":3,\"name\":\"Vitis Brosse \u00c0 Dent Soft\"}]},{\"@type\":\"WebSite\",\"@id\":\"https:\\\/\\\/vitablanca.ma\\\/#website\",\"url\":\"https:\\\/\\\/vitablanca.ma\\\/\",\"name\":\"VitaBlanca.ma | Compl\u00e9ments alimentaires, sant\u00e9 & beaut\u00e9 au Maroc\",\"description\":\"vendre vitamines et compl\u00e9ments premium des USA &amp; Canada, Nouvelle Z\u00e9lande,Maroc (NOW Foods, Solgar, Manuka). Livraison rapide partout au Maroc.\",\"publisher\":{\"@id\":\"https:\\\/\\\/vitablanca.ma\\\/#organization\"},\"alternateName\":\"VitaBlanca.ma\",\"potentialAction\":[{\"@type\":\"SearchAction\",\"target\":{\"@type\":\"EntryPoint\",\"urlTemplate\":\"https:\\\/\\\/vitablanca.ma\\\/?s={search_term_string}\"},\"query-input\":{\"@type\":\"PropertyValueSpecification\",\"valueRequired\":true,\"valueName\":\"search_term_string\"}}],\"inLanguage\":\"ar\"},{\"@type\":\"Organization\",\"@id\":\"https:\\\/\\\/vitablanca.ma\\\/#organization\",\"name\":\"VitaBlanca\",\"url\":\"https:\\\/\\\/vitablanca.ma\\\/\",\"logo\":{\"@type\":\"ImageObject\",\"inLanguage\":\"ar\",\"@id\":\"https:\\\/\\\/vitablanca.ma\\\/#\\\/schema\\\/logo\\\/image\\\/\",\"url\":\"https:\\\/\\\/vitablanca.ma\\\/wp-content\\\/uploads\\\/2025\\\/05\\\/cropped-vitablanca.png\",\"contentUrl\":\"https:\\\/\\\/vitablanca.ma\\\/wp-content\\\/uploads\\\/2025\\\/05\\\/cropped-vitablanca.png\",\"width\":360,\"height\":67,\"caption\":\"VitaBlanca\"},\"image\":{\"@id\":\"https:\\\/\\\/vitablanca.ma\\\/#\\\/schema\\\/logo\\\/image\\\/\"},\"sameAs\":[\"https:\\\/\\\/www.facebook.com\\\/profile.php?id=61576678196717\",\"https:\\\/\\\/www.tiktok.com\\\/@vitablanca.ma\",\"https:\\\/\\\/www.instagram.com\\\/vitablanca.ma\\\/\"]}]}<\/script>\n<!-- \/ Yoast SEO plugin. -->","yoast_head_json":{"title":"Vitis Brosse \u00c0 Dent Soft - Maroc Prix","description":"Vitis Brosse \u00e0 Dents Soft : nettoyage efficace et doux, prot\u00e8ge les gencives sensibles et l\u2019\u00e9mail. Id\u00e9ale pour l\u2019hygi\u00e8ne bucco-dentaire quotidienne.","robots":{"index":"index","follow":"follow","max-snippet":"max-snippet:-1","max-image-preview":"max-image-preview:large","max-video-preview":"max-video-preview:-1"},"canonical":"https:\/\/vitablanca.ma\/ar\/product-2\/vitis-brosse-a-dent-soft\/","og_locale":"ar_AR","og_type":"article","og_title":"Vitis Brosse \u00c0 Dent Soft - Maroc Prix","og_description":"Vitis Brosse \u00e0 Dents Soft : nettoyage efficace et doux, prot\u00e8ge les gencives sensibles et l\u2019\u00e9mail. Id\u00e9ale pour l\u2019hygi\u00e8ne bucco-dentaire quotidienne.","og_url":"https:\/\/vitablanca.ma\/ar\/product-2\/vitis-brosse-a-dent-soft\/","og_site_name":"Vitablanca.ma &ndash; Sant&eacute;, vitalit&eacute; et bien-&ecirc;tre pour tous les Marocains","article_publisher":"https:\/\/www.facebook.com\/profile.php?id=61576678196717","article_modified_time":"2026-02-04T13:44:20+00:00","og_image":[{"width":1000,"height":1000,"url":"https:\/\/vitablanca.ma\/wp-content\/uploads\/2025\/06\/Vitis-Brosse-A-Dent-Soft-Nova-prapharmacie-maroc-3.jpg","type":"image\/jpeg"}],"twitter_card":"summary_large_image","twitter_misc":{"\u0648\u0642\u062a \u0627\u0644\u0642\u0631\u0627\u0621\u0629 \u0627\u0644\u0645\u064f\u0642\u062f\u0651\u0631":"\u062f\u0642\u064a\u0642\u0629 \u0648\u0627\u062d\u062f\u0629"},"schema":{"@context":"https:\/\/schema.org","@graph":[{"@type":["WebPage","ItemPage"],"@id":"https:\/\/vitablanca.ma\/produit\/vitis-brosse-a-dent-soft\/","url":"https:\/\/vitablanca.ma\/produit\/vitis-brosse-a-dent-soft\/","name":"Vitis Brosse \u00c0 Dent Soft - Maroc Prix","isPartOf":{"@id":"https:\/\/vitablanca.ma\/#website"},"primaryImageOfPage":{"@id":"https:\/\/vitablanca.ma\/produit\/vitis-brosse-a-dent-soft\/#primaryimage"},"image":{"@id":"https:\/\/vitablanca.ma\/produit\/vitis-brosse-a-dent-soft\/#primaryimage"},"thumbnailUrl":"https:\/\/vitablanca.ma\/wp-content\/uploads\/2025\/06\/Vitis-Brosse-A-Dent-Soft-Nova-prapharmacie-maroc-3.jpg","datePublished":"2025-06-11T21:55:10+00:00","dateModified":"2026-02-04T13:44:20+00:00","description":"Vitis Brosse \u00e0 Dents Soft : nettoyage efficace et doux, prot\u00e8ge les gencives sensibles et l\u2019\u00e9mail. Id\u00e9ale pour l\u2019hygi\u00e8ne bucco-dentaire quotidienne.","breadcrumb":{"@id":"https:\/\/vitablanca.ma\/produit\/vitis-brosse-a-dent-soft\/#breadcrumb"},"inLanguage":"ar","potentialAction":[{"@type":"ReadAction","target":["https:\/\/vitablanca.ma\/produit\/vitis-brosse-a-dent-soft\/"]}]},{"@type":"ImageObject","inLanguage":"ar","@id":"https:\/\/vitablanca.ma\/produit\/vitis-brosse-a-dent-soft\/#primaryimage","url":"https:\/\/vitablanca.ma\/wp-content\/uploads\/2025\/06\/Vitis-Brosse-A-Dent-Soft-Nova-prapharmacie-maroc-3.jpg","contentUrl":"https:\/\/vitablanca.ma\/wp-content\/uploads\/2025\/06\/Vitis-Brosse-A-Dent-Soft-Nova-prapharmacie-maroc-3.jpg","width":1000,"height":1000},{"@type":"BreadcrumbList","@id":"https:\/\/vitablanca.ma\/produit\/vitis-brosse-a-dent-soft\/#breadcrumb","itemListElement":[{"@type":"ListItem","position":1,"name":"Home","item":"https:\/\/vitablanca.ma\/"},{"@type":"ListItem","position":2,"name":"Tous Les Produits","item":"https:\/\/vitablanca.ma\/tous-les-produits\/"},{"@type":"ListItem","position":3,"name":"Vitis Brosse \u00c0 Dent Soft"}]},{"@type":"WebSite","@id":"https:\/\/vitablanca.ma\/#website","url":"https:\/\/vitablanca.ma\/","name":"VitaBlanca.ma | \u0627\u0644\u0645\u0643\u0645\u0644\u0627\u062a \u0627\u0644\u063a\u0630\u0627\u0626\u064a\u0629\u060c \u0627\u0644\u0635\u062d\u0629 \u0648\u0627\u0644\u062c\u0645\u0627\u0644 \u0641\u064a \u0627\u0644\u0645\u063a\u0631\u0628","description":"\u0646\u0628\u064a\u0639 \u0641\u064a\u062a\u0627\u0645\u064a\u0646\u0627\u062a \u0648\u0645\u0643\u0645\u0644\u0627\u062a \u063a\u0630\u0627\u0626\u064a\u0629 \u0641\u0627\u062e\u0631\u0629 \u0645\u0646 \u0627\u0644\u0648\u0644\u0627\u064a\u0627\u062a \u0627\u0644\u0645\u062a\u062d\u062f\u0629 \u0627\u0644\u0623\u0645\u0631\u064a\u0643\u064a\u0629 \u0648\u0643\u0646\u062f\u0627 \u0648\u0646\u064a\u0648\u0632\u064a\u0644\u0646\u062f\u0627 \u0648\u0627\u0644\u0645\u063a\u0631\u0628 (\u0646\u0627\u0648 \u0641\u0648\u062f\u0632\u060c \u0633\u0648\u0644\u062c\u0627\u0631\u060c \u0645\u0627\u0646\u0648\u0643\u0627). \u062a\u0648\u0635\u064a\u0644 \u0633\u0631\u064a\u0639 \u0625\u0644\u0649 \u062c\u0645\u064a\u0639 \u0623\u0646\u062d\u0627\u0621 \u0627\u0644\u0645\u063a\u0631\u0628.","publisher":{"@id":"https:\/\/vitablanca.ma\/#organization"},"alternateName":"VitaBlanca.ma","potentialAction":[{"@type":"SearchAction","target":{"@type":"EntryPoint","urlTemplate":"https:\/\/vitablanca.ma\/?s={search_term_string}"},"query-input":{"@type":"PropertyValueSpecification","valueRequired":true,"valueName":"search_term_string"}}],"inLanguage":"ar"},{"@type":"Organization","@id":"https:\/\/vitablanca.ma\/#organization","name":"\u0641\u064a\u062a\u0627\u0628\u0644\u0627\u0646\u0643\u0627","url":"https:\/\/vitablanca.ma\/","logo":{"@type":"ImageObject","inLanguage":"ar","@id":"https:\/\/vitablanca.ma\/#\/schema\/logo\/image\/","url":"https:\/\/vitablanca.ma\/wp-content\/uploads\/2025\/05\/cropped-vitablanca.png","contentUrl":"https:\/\/vitablanca.ma\/wp-content\/uploads\/2025\/05\/cropped-vitablanca.png","width":360,"height":67,"caption":"VitaBlanca"},"image":{"@id":"https:\/\/vitablanca.ma\/#\/schema\/logo\/image\/"},"sameAs":["https:\/\/www.facebook.com\/profile.php?id=61576678196717","https:\/\/www.tiktok.com\/@vitablanca.ma","https:\/\/www.instagram.com\/vitablanca.ma\/"]}]}},"jetpack_sharing_enabled":true,"_links":{"self":[{"href":"https:\/\/vitablanca.ma\/ar\/wp-json\/wp\/v2\/product\/22296","targetHints":{"allow":["GET"]}}],"collection":[{"href":"https:\/\/vitablanca.ma\/ar\/wp-json\/wp\/v2\/product"}],"about":[{"href":"https:\/\/vitablanca.ma\/ar\/wp-json\/wp\/v2\/types\/product"}],"wp:featuredmedia":[{"embeddable":true,"href":"https:\/\/vitablanca.ma\/ar\/wp-json\/wp\/v2\/media\/22295"}],"wp:attachment":[{"href":"https:\/\/vitablanca.ma\/ar\/wp-json\/wp\/v2\/media?parent=22296"}],"wp:term":[{"taxonomy":"product_brand","embeddable":true,"href":"https:\/\/vitablanca.ma\/ar\/wp-json\/wp\/v2\/product_brand?post=22296"},{"taxonomy":"product_cat","embeddable":true,"href":"https:\/\/vitablanca.ma\/ar\/wp-json\/wp\/v2\/product_cat?post=22296"},{"taxonomy":"product_tag","embeddable":true,"href":"https:\/\/vitablanca.ma\/ar\/wp-json\/wp\/v2\/product_tag?post=22296"}],"curies":[{"name":"wp","href":"https:\/\/api.w.org\/{rel}","templated":true}]}}