{"id":22292,"date":"2025-06-11T21:55:00","date_gmt":"2025-06-11T21:55:00","guid":{"rendered":"https:\/\/vitablanca.ma\/product\/vitis-dentirice-gel-junior-6ans-75ml\/"},"modified":"2026-02-04T13:50:24","modified_gmt":"2026-02-04T13:50:24","slug":"vitis-dentirice-gel-junior-6ans-75ml","status":"publish","type":"product","link":"https:\/\/vitablanca.ma\/ar\/product-2\/vitis-dentirice-gel-junior-6ans-75ml\/","title":{"rendered":"\u062c\u0644 \u0641\u064a\u062a\u064a\u0633 \u062f\u064a\u0646\u062a\u064a\u0631\u064a\u0633 \u062c\u0648\u0646\u064a\u0648\u0631 +6 \u0633\u0646\u0648\u0627\u062a 75 \u0645\u0644"},"content":{"rendered":"<h2>Vitis Dentirice Gel Junior\u00a0<span data-mce-fragment=\"1\">con\u00e7u pour l\u2019hygi\u00e8ne bucco-dentaire optimale des enfants \u00e0 partir de 6 ans<\/span><\/h2>\n<p>Le Dentifrice Vitis Junior a \u00e9t\u00e9 sp\u00e9cialement con\u00e7u pour l\u2019hygi\u00e8ne bucco-dentaire optimale des enfants \u00e0 partir de 6 ans, quand l\u2019apparition des dents d\u00e9finitives commence. Combin\u00e9s \u00e0 un brossage de qualit\u00e9, composants actifs \u2013 fluorure, panth\u00e9nol et xylitol \u2013 offrent une protection compl\u00e8te des dents et des gencives. Gr\u00e2ce \u00e0 sa faible valeur abrasive, le Dentifrice Vitis Junior n\u2019ab\u00eeme pas les dents pendant le brossage.<\/p>\n<p>Le Gel dentaire VITIS Junior a \u00e9t\u00e9 sp\u00e9cialement con\u00e7u pour l&rsquo;hygi\u00e8ne bucco-dentaire optimale des enfants \u00e0 partir de 6 ans, quand commence l&rsquo;apparition des dents d\u00e9finitives.<\/p>\n<ul>\n<li>Emp\u00eache la formation des caries et de la plaque dentaire<\/li>\n<li>Remin\u00e9ralise l&rsquo;\u00e9mail dentaire<\/li>\n<li>\u00c0 la provitamine B5 pour prendre soin des gencives fragiles<\/li>\n<li>Formule douce \u00e0 faible valeur abrasive<\/li>\n<li>Sans laurylsulfate de sodium, gluten ou lactose<\/li>\n<li>Agr\u00e9able gout tutti frutti appr\u00e9ci\u00e9 par les enfants<\/li>\n<li>V\u00e9gan<\/li>\n<\/ul>","protected":false},"excerpt":{"rendered":"<p>Vitis Dentirice Gel Junior\u00a0con\u00e7u pour l\u2019hygi\u00e8ne bucco-dentaire optimale des enfants \u00e0 partir de 6 ans Le Dentifrice Vitis Junior a \u00e9t\u00e9 sp\u00e9cialement con\u00e7u pour l\u2019hygi\u00e8ne bucco-dentaire optimale des enfants \u00e0 partir de 6 ans, quand l\u2019apparition des dents d\u00e9finitives commence. Combin\u00e9s \u00e0 un brossage de qualit\u00e9, composants actifs \u2013 fluorure, panth\u00e9nol et xylitol \u2013 offrent [&hellip;]<\/p>\n","protected":false},"featured_media":22291,"template":"","meta":{"om_disable_all_campaigns":false},"product_brand":[],"product_cat":[15],"product_tag":[7662,7670,7663,7661,7650,7666,7646,7669,7667,7665,7664,7668,6392,7643,7671],"class_list":{"0":"post-22292","1":"product","2":"type-product","3":"status-publish","4":"has-post-thumbnail","6":"product_cat-beaute-sante-complements-alimentaires-soins-et-bien-etre-au-meilleur-prix","7":"product_tag-dentifrice-enfant-6-ans","8":"product_tag-dentifrice-enfants","9":"product_tag-dentifrice-gel","10":"product_tag-dentifrice-junior","11":"product_tag-dents-sensibles","12":"product_tag-email-dentaire","13":"product_tag-gencives-sensibles","14":"product_tag-gout-agreable","15":"product_tag-hygiene-bucco-dentaire-enfant","16":"product_tag-prevention-caries","17":"product_tag-protection-dents-definitives","18":"product_tag-soin-dentaire-junior","19":"product_tag-usage-quotidien","20":"product_tag-vitis","21":"product_tag-vitis-junior","23":"first","24":"instock","25":"sale","26":"taxable","27":"shipping-taxable","28":"purchasable","29":"product-type-simple"},"yoast_head":"<!-- This site is optimized with the Yoast SEO plugin v27.4 - https:\/\/yoast.com\/product\/yoast-seo-wordpress\/ -->\n<title>Vitis Dentifrice Gel Junior - Maroc Prix<\/title>\n<meta name=\"description\" content=\"Vitis Dentifrice Gel Junior +6 ans 75 ml : prot\u00e8ge les dents d\u00e9finitives, renforce l\u2019\u00e9mail et pr\u00e9vient les caries. Go\u00fbt agr\u00e9able pour enfants.\" \/>\n<meta name=\"robots\" content=\"index, follow, max-snippet:-1, max-image-preview:large, max-video-preview:-1\" \/>\n<link rel=\"canonical\" href=\"https:\/\/vitablanca.ma\/ar\/product-2\/vitis-dentirice-gel-junior-6ans-75ml\/\" \/>\n<meta property=\"og:locale\" content=\"ar_AR\" \/>\n<meta property=\"og:type\" content=\"article\" \/>\n<meta property=\"og:title\" content=\"Vitis Dentifrice Gel Junior - Maroc Prix\" \/>\n<meta property=\"og:description\" content=\"Vitis Dentifrice Gel Junior +6 ans 75 ml : prot\u00e8ge les dents d\u00e9finitives, renforce l\u2019\u00e9mail et pr\u00e9vient les caries. Go\u00fbt agr\u00e9able pour enfants.\" \/>\n<meta property=\"og:url\" content=\"https:\/\/vitablanca.ma\/ar\/product-2\/vitis-dentirice-gel-junior-6ans-75ml\/\" \/>\n<meta property=\"og:site_name\" content=\"Vitablanca.ma &ndash; Sant&eacute;, vitalit&eacute; et bien-&ecirc;tre pour tous les Marocains\" \/>\n<meta property=\"article:publisher\" content=\"https:\/\/www.facebook.com\/profile.php?id=61576678196717\" \/>\n<meta property=\"article:modified_time\" content=\"2026-02-04T13:50:24+00:00\" \/>\n<meta property=\"og:image\" content=\"https:\/\/vitablanca.ma\/wp-content\/uploads\/2025\/06\/Vitis-Dentifrice-Gel-Junior-_6ans-nova-parapharmacie-maroc-1.jpg\" \/>\n\t<meta property=\"og:image:width\" content=\"1000\" \/>\n\t<meta property=\"og:image:height\" content=\"1000\" \/>\n\t<meta property=\"og:image:type\" content=\"image\/jpeg\" \/>\n<meta name=\"twitter:card\" content=\"summary_large_image\" \/>\n<meta name=\"twitter:label1\" content=\"\u0648\u0642\u062a \u0627\u0644\u0642\u0631\u0627\u0621\u0629 \u0627\u0644\u0645\u064f\u0642\u062f\u0651\u0631\" \/>\n\t<meta name=\"twitter:data1\" content=\"\u062f\u0642\u064a\u0642\u0629 \u0648\u0627\u062d\u062f\u0629\" \/>\n<script type=\"application\/ld+json\" class=\"yoast-schema-graph\">{\"@context\":\"https:\\\/\\\/schema.org\",\"@graph\":[{\"@type\":[\"WebPage\",\"ItemPage\"],\"@id\":\"https:\\\/\\\/vitablanca.ma\\\/produit\\\/vitis-dentirice-gel-junior-6ans-75ml\\\/\",\"url\":\"https:\\\/\\\/vitablanca.ma\\\/produit\\\/vitis-dentirice-gel-junior-6ans-75ml\\\/\",\"name\":\"Vitis Dentifrice Gel Junior - Maroc Prix\",\"isPartOf\":{\"@id\":\"https:\\\/\\\/vitablanca.ma\\\/#website\"},\"primaryImageOfPage\":{\"@id\":\"https:\\\/\\\/vitablanca.ma\\\/produit\\\/vitis-dentirice-gel-junior-6ans-75ml\\\/#primaryimage\"},\"image\":{\"@id\":\"https:\\\/\\\/vitablanca.ma\\\/produit\\\/vitis-dentirice-gel-junior-6ans-75ml\\\/#primaryimage\"},\"thumbnailUrl\":\"https:\\\/\\\/vitablanca.ma\\\/wp-content\\\/uploads\\\/2025\\\/06\\\/Vitis-Dentifrice-Gel-Junior-_6ans-nova-parapharmacie-maroc-1.jpg\",\"datePublished\":\"2025-06-11T21:55:00+00:00\",\"dateModified\":\"2026-02-04T13:50:24+00:00\",\"description\":\"Vitis Dentifrice Gel Junior +6 ans 75 ml : prot\u00e8ge les dents d\u00e9finitives, renforce l\u2019\u00e9mail et pr\u00e9vient les caries. Go\u00fbt agr\u00e9able pour enfants.\",\"breadcrumb\":{\"@id\":\"https:\\\/\\\/vitablanca.ma\\\/produit\\\/vitis-dentirice-gel-junior-6ans-75ml\\\/#breadcrumb\"},\"inLanguage\":\"ar\",\"potentialAction\":[{\"@type\":\"ReadAction\",\"target\":[\"https:\\\/\\\/vitablanca.ma\\\/produit\\\/vitis-dentirice-gel-junior-6ans-75ml\\\/\"]}]},{\"@type\":\"ImageObject\",\"inLanguage\":\"ar\",\"@id\":\"https:\\\/\\\/vitablanca.ma\\\/produit\\\/vitis-dentirice-gel-junior-6ans-75ml\\\/#primaryimage\",\"url\":\"https:\\\/\\\/vitablanca.ma\\\/wp-content\\\/uploads\\\/2025\\\/06\\\/Vitis-Dentifrice-Gel-Junior-_6ans-nova-parapharmacie-maroc-1.jpg\",\"contentUrl\":\"https:\\\/\\\/vitablanca.ma\\\/wp-content\\\/uploads\\\/2025\\\/06\\\/Vitis-Dentifrice-Gel-Junior-_6ans-nova-parapharmacie-maroc-1.jpg\",\"width\":1000,\"height\":1000},{\"@type\":\"BreadcrumbList\",\"@id\":\"https:\\\/\\\/vitablanca.ma\\\/produit\\\/vitis-dentirice-gel-junior-6ans-75ml\\\/#breadcrumb\",\"itemListElement\":[{\"@type\":\"ListItem\",\"position\":1,\"name\":\"Home\",\"item\":\"https:\\\/\\\/vitablanca.ma\\\/\"},{\"@type\":\"ListItem\",\"position\":2,\"name\":\"Tous Les Produits\",\"item\":\"https:\\\/\\\/vitablanca.ma\\\/tous-les-produits\\\/\"},{\"@type\":\"ListItem\",\"position\":3,\"name\":\"Vitis Dentirice Gel Junior +6ans 75ml\"}]},{\"@type\":\"WebSite\",\"@id\":\"https:\\\/\\\/vitablanca.ma\\\/#website\",\"url\":\"https:\\\/\\\/vitablanca.ma\\\/\",\"name\":\"VitaBlanca.ma | Compl\u00e9ments alimentaires, sant\u00e9 & beaut\u00e9 au Maroc\",\"description\":\"vendre vitamines et compl\u00e9ments premium des USA &amp; Canada, Nouvelle Z\u00e9lande,Maroc (NOW Foods, Solgar, Manuka). Livraison rapide partout au Maroc.\",\"publisher\":{\"@id\":\"https:\\\/\\\/vitablanca.ma\\\/#organization\"},\"alternateName\":\"VitaBlanca.ma\",\"potentialAction\":[{\"@type\":\"SearchAction\",\"target\":{\"@type\":\"EntryPoint\",\"urlTemplate\":\"https:\\\/\\\/vitablanca.ma\\\/?s={search_term_string}\"},\"query-input\":{\"@type\":\"PropertyValueSpecification\",\"valueRequired\":true,\"valueName\":\"search_term_string\"}}],\"inLanguage\":\"ar\"},{\"@type\":\"Organization\",\"@id\":\"https:\\\/\\\/vitablanca.ma\\\/#organization\",\"name\":\"VitaBlanca\",\"url\":\"https:\\\/\\\/vitablanca.ma\\\/\",\"logo\":{\"@type\":\"ImageObject\",\"inLanguage\":\"ar\",\"@id\":\"https:\\\/\\\/vitablanca.ma\\\/#\\\/schema\\\/logo\\\/image\\\/\",\"url\":\"https:\\\/\\\/vitablanca.ma\\\/wp-content\\\/uploads\\\/2025\\\/05\\\/cropped-vitablanca.png\",\"contentUrl\":\"https:\\\/\\\/vitablanca.ma\\\/wp-content\\\/uploads\\\/2025\\\/05\\\/cropped-vitablanca.png\",\"width\":360,\"height\":67,\"caption\":\"VitaBlanca\"},\"image\":{\"@id\":\"https:\\\/\\\/vitablanca.ma\\\/#\\\/schema\\\/logo\\\/image\\\/\"},\"sameAs\":[\"https:\\\/\\\/www.facebook.com\\\/profile.php?id=61576678196717\",\"https:\\\/\\\/www.tiktok.com\\\/@vitablanca.ma\",\"https:\\\/\\\/www.instagram.com\\\/vitablanca.ma\\\/\"]}]}<\/script>\n<!-- \/ Yoast SEO plugin. -->","yoast_head_json":{"title":"Vitis Dentifrice Gel Junior - Maroc Prix","description":"Vitis Dentifrice Gel Junior +6 ans 75 ml : prot\u00e8ge les dents d\u00e9finitives, renforce l\u2019\u00e9mail et pr\u00e9vient les caries. Go\u00fbt agr\u00e9able pour enfants.","robots":{"index":"index","follow":"follow","max-snippet":"max-snippet:-1","max-image-preview":"max-image-preview:large","max-video-preview":"max-video-preview:-1"},"canonical":"https:\/\/vitablanca.ma\/ar\/product-2\/vitis-dentirice-gel-junior-6ans-75ml\/","og_locale":"ar_AR","og_type":"article","og_title":"Vitis Dentifrice Gel Junior - Maroc Prix","og_description":"Vitis Dentifrice Gel Junior +6 ans 75 ml : prot\u00e8ge les dents d\u00e9finitives, renforce l\u2019\u00e9mail et pr\u00e9vient les caries. Go\u00fbt agr\u00e9able pour enfants.","og_url":"https:\/\/vitablanca.ma\/ar\/product-2\/vitis-dentirice-gel-junior-6ans-75ml\/","og_site_name":"Vitablanca.ma &ndash; Sant&eacute;, vitalit&eacute; et bien-&ecirc;tre pour tous les Marocains","article_publisher":"https:\/\/www.facebook.com\/profile.php?id=61576678196717","article_modified_time":"2026-02-04T13:50:24+00:00","og_image":[{"width":1000,"height":1000,"url":"https:\/\/vitablanca.ma\/wp-content\/uploads\/2025\/06\/Vitis-Dentifrice-Gel-Junior-_6ans-nova-parapharmacie-maroc-1.jpg","type":"image\/jpeg"}],"twitter_card":"summary_large_image","twitter_misc":{"\u0648\u0642\u062a \u0627\u0644\u0642\u0631\u0627\u0621\u0629 \u0627\u0644\u0645\u064f\u0642\u062f\u0651\u0631":"\u062f\u0642\u064a\u0642\u0629 \u0648\u0627\u062d\u062f\u0629"},"schema":{"@context":"https:\/\/schema.org","@graph":[{"@type":["WebPage","ItemPage"],"@id":"https:\/\/vitablanca.ma\/produit\/vitis-dentirice-gel-junior-6ans-75ml\/","url":"https:\/\/vitablanca.ma\/produit\/vitis-dentirice-gel-junior-6ans-75ml\/","name":"Vitis Dentifrice Gel Junior - Maroc Prix","isPartOf":{"@id":"https:\/\/vitablanca.ma\/#website"},"primaryImageOfPage":{"@id":"https:\/\/vitablanca.ma\/produit\/vitis-dentirice-gel-junior-6ans-75ml\/#primaryimage"},"image":{"@id":"https:\/\/vitablanca.ma\/produit\/vitis-dentirice-gel-junior-6ans-75ml\/#primaryimage"},"thumbnailUrl":"https:\/\/vitablanca.ma\/wp-content\/uploads\/2025\/06\/Vitis-Dentifrice-Gel-Junior-_6ans-nova-parapharmacie-maroc-1.jpg","datePublished":"2025-06-11T21:55:00+00:00","dateModified":"2026-02-04T13:50:24+00:00","description":"Vitis Dentifrice Gel Junior +6 ans 75 ml : prot\u00e8ge les dents d\u00e9finitives, renforce l\u2019\u00e9mail et pr\u00e9vient les caries. Go\u00fbt agr\u00e9able pour enfants.","breadcrumb":{"@id":"https:\/\/vitablanca.ma\/produit\/vitis-dentirice-gel-junior-6ans-75ml\/#breadcrumb"},"inLanguage":"ar","potentialAction":[{"@type":"ReadAction","target":["https:\/\/vitablanca.ma\/produit\/vitis-dentirice-gel-junior-6ans-75ml\/"]}]},{"@type":"ImageObject","inLanguage":"ar","@id":"https:\/\/vitablanca.ma\/produit\/vitis-dentirice-gel-junior-6ans-75ml\/#primaryimage","url":"https:\/\/vitablanca.ma\/wp-content\/uploads\/2025\/06\/Vitis-Dentifrice-Gel-Junior-_6ans-nova-parapharmacie-maroc-1.jpg","contentUrl":"https:\/\/vitablanca.ma\/wp-content\/uploads\/2025\/06\/Vitis-Dentifrice-Gel-Junior-_6ans-nova-parapharmacie-maroc-1.jpg","width":1000,"height":1000},{"@type":"BreadcrumbList","@id":"https:\/\/vitablanca.ma\/produit\/vitis-dentirice-gel-junior-6ans-75ml\/#breadcrumb","itemListElement":[{"@type":"ListItem","position":1,"name":"Home","item":"https:\/\/vitablanca.ma\/"},{"@type":"ListItem","position":2,"name":"Tous Les Produits","item":"https:\/\/vitablanca.ma\/tous-les-produits\/"},{"@type":"ListItem","position":3,"name":"Vitis Dentirice Gel Junior +6ans 75ml"}]},{"@type":"WebSite","@id":"https:\/\/vitablanca.ma\/#website","url":"https:\/\/vitablanca.ma\/","name":"VitaBlanca.ma | \u0627\u0644\u0645\u0643\u0645\u0644\u0627\u062a \u0627\u0644\u063a\u0630\u0627\u0626\u064a\u0629\u060c \u0627\u0644\u0635\u062d\u0629 \u0648\u0627\u0644\u062c\u0645\u0627\u0644 \u0641\u064a \u0627\u0644\u0645\u063a\u0631\u0628","description":"\u0646\u0628\u064a\u0639 \u0641\u064a\u062a\u0627\u0645\u064a\u0646\u0627\u062a \u0648\u0645\u0643\u0645\u0644\u0627\u062a \u063a\u0630\u0627\u0626\u064a\u0629 \u0641\u0627\u062e\u0631\u0629 \u0645\u0646 \u0627\u0644\u0648\u0644\u0627\u064a\u0627\u062a \u0627\u0644\u0645\u062a\u062d\u062f\u0629 \u0627\u0644\u0623\u0645\u0631\u064a\u0643\u064a\u0629 \u0648\u0643\u0646\u062f\u0627 \u0648\u0646\u064a\u0648\u0632\u064a\u0644\u0646\u062f\u0627 \u0648\u0627\u0644\u0645\u063a\u0631\u0628 (\u0646\u0627\u0648 \u0641\u0648\u062f\u0632\u060c \u0633\u0648\u0644\u062c\u0627\u0631\u060c \u0645\u0627\u0646\u0648\u0643\u0627). \u062a\u0648\u0635\u064a\u0644 \u0633\u0631\u064a\u0639 \u0625\u0644\u0649 \u062c\u0645\u064a\u0639 \u0623\u0646\u062d\u0627\u0621 \u0627\u0644\u0645\u063a\u0631\u0628.","publisher":{"@id":"https:\/\/vitablanca.ma\/#organization"},"alternateName":"VitaBlanca.ma","potentialAction":[{"@type":"SearchAction","target":{"@type":"EntryPoint","urlTemplate":"https:\/\/vitablanca.ma\/?s={search_term_string}"},"query-input":{"@type":"PropertyValueSpecification","valueRequired":true,"valueName":"search_term_string"}}],"inLanguage":"ar"},{"@type":"Organization","@id":"https:\/\/vitablanca.ma\/#organization","name":"\u0641\u064a\u062a\u0627\u0628\u0644\u0627\u0646\u0643\u0627","url":"https:\/\/vitablanca.ma\/","logo":{"@type":"ImageObject","inLanguage":"ar","@id":"https:\/\/vitablanca.ma\/#\/schema\/logo\/image\/","url":"https:\/\/vitablanca.ma\/wp-content\/uploads\/2025\/05\/cropped-vitablanca.png","contentUrl":"https:\/\/vitablanca.ma\/wp-content\/uploads\/2025\/05\/cropped-vitablanca.png","width":360,"height":67,"caption":"VitaBlanca"},"image":{"@id":"https:\/\/vitablanca.ma\/#\/schema\/logo\/image\/"},"sameAs":["https:\/\/www.facebook.com\/profile.php?id=61576678196717","https:\/\/www.tiktok.com\/@vitablanca.ma","https:\/\/www.instagram.com\/vitablanca.ma\/"]}]}},"jetpack_sharing_enabled":true,"_links":{"self":[{"href":"https:\/\/vitablanca.ma\/ar\/wp-json\/wp\/v2\/product\/22292","targetHints":{"allow":["GET"]}}],"collection":[{"href":"https:\/\/vitablanca.ma\/ar\/wp-json\/wp\/v2\/product"}],"about":[{"href":"https:\/\/vitablanca.ma\/ar\/wp-json\/wp\/v2\/types\/product"}],"wp:featuredmedia":[{"embeddable":true,"href":"https:\/\/vitablanca.ma\/ar\/wp-json\/wp\/v2\/media\/22291"}],"wp:attachment":[{"href":"https:\/\/vitablanca.ma\/ar\/wp-json\/wp\/v2\/media?parent=22292"}],"wp:term":[{"taxonomy":"product_brand","embeddable":true,"href":"https:\/\/vitablanca.ma\/ar\/wp-json\/wp\/v2\/product_brand?post=22292"},{"taxonomy":"product_cat","embeddable":true,"href":"https:\/\/vitablanca.ma\/ar\/wp-json\/wp\/v2\/product_cat?post=22292"},{"taxonomy":"product_tag","embeddable":true,"href":"https:\/\/vitablanca.ma\/ar\/wp-json\/wp\/v2\/product_tag?post=22292"}],"curies":[{"name":"wp","href":"https:\/\/api.w.org\/{rel}","templated":true}]}}