{"id":22282,"date":"2025-06-11T21:54:43","date_gmt":"2025-06-11T21:54:43","guid":{"rendered":"https:\/\/vitablanca.ma\/product\/vitis-brosse-a-dent-orthodontic\/"},"modified":"2026-02-04T19:39:10","modified_gmt":"2026-02-04T19:39:10","slug":"vitis-brosse-a-dent-orthodontic","status":"publish","type":"product","link":"https:\/\/vitablanca.ma\/ar\/product-2\/vitis-brosse-a-dent-orthodontic\/","title":{"rendered":"\u0641\u0631\u0634\u0627\u0629 \u0623\u0633\u0646\u0627\u0646 \u0641\u064a\u062a\u064a\u0633 \u0627\u0644\u062a\u0642\u0648\u064a\u0645\u064a\u0629"},"content":{"rendered":"<h2 data-mce-fragment=\"1\">\u064a\u0639\u0645\u0644 \u0631\u0623\u0633 \u0627\u0644\u0641\u0631\u0634\u0627\u0629 \u0627\u0644\u062e\u0627\u0635 \u0645\u0646 VITIS Orthodontic \u0639\u0644\u0649 \u062a\u062d\u0633\u064a\u0646 \u0643\u0641\u0627\u0621\u0629 \u062a\u0646\u0638\u064a\u0641 \u0627\u0644\u0623\u0633\u0646\u0627\u0646 \u0641\u064a \u0645\u062b\u0644 \u0647\u0630\u0647 \u0627\u0644\u0645\u0648\u0627\u0642\u0641.<\/h2>\n<ul data-mce-fragment=\"1\">\n<li data-mce-fragment=\"1\">\u062a\u0645 \u062a\u0635\u0645\u064a\u0645 \u0641\u0631\u0634\u0627\u0629 \u0627\u0644\u0623\u0633\u0646\u0627\u0646 \u0627\u0644\u062a\u0642\u0648\u064a\u0645\u064a\u0629 VITIS \u062e\u0635\u064a\u0635\u064b\u0627 \u0644\u0644\u062a\u0646\u0638\u064a\u0641 \u0627\u0644\u0623\u0645\u062b\u0644 \u062d\u0648\u0644 \u0627\u0644\u0623\u0642\u0648\u0627\u0633 \u0648\u0623\u062c\u0647\u0632\u0629 \u062a\u0642\u0648\u064a\u0645 \u0627\u0644\u0623\u0633\u0646\u0627\u0646 \u0627\u0644\u0623\u062e\u0631\u0649<\/li>\n<li data-mce-fragment=\"1\">\u0631\u0623\u0633 \u0627\u0644\u0641\u0631\u0634\u0627\u0629 \u0627\u0644\u0635\u063a\u064a\u0631 \u0648\u0627\u0644\u0645\u0631\u0646 \u0644\u0644\u063a\u0627\u064a\u0629 \u0645\u0632\u0648\u062f \u0628\u0623\u062e\u062f\u0648\u062f \u0639\u0644\u0649 \u0634\u0643\u0644 \u062d\u0631\u0641 V \u0641\u064a \u0627\u0644\u0645\u0646\u062a\u0635\u0641\u060c \u0645\u0645\u0627 \u064a\u064f\u0633\u0647\u0651\u0644 \u062a\u0646\u0638\u064a\u0641 \u0627\u0644\u0623\u0633\u0646\u0627\u0646 \u0627\u0644\u0645\u062d\u064a\u0637\u0629 \u0628\u0627\u0644\u0635\u0641\u0627\u0626\u062d \u0628\u0634\u0643\u0644 \u062c\u064a\u062f.<\/li>\n<li data-mce-fragment=\"1\">\u0634\u0639\u064a\u0631\u0627\u062a Tynex\u00ae \u0639\u0627\u0644\u064a\u0629 \u0627\u0644\u062c\u0648\u062f\u0629<\/li>\n<li data-mce-fragment=\"1\">\u0645\u0639 \u063a\u0637\u0627\u0621 \u0648\u0627\u0642\u064d \u0644\u0644\u0646\u0638\u0627\u0641\u0629 \u0627\u0644\u0645\u062b\u0627\u0644\u064a\u0629<\/li>\n<\/ul>\n<h3>\u0625\u0634\u0627\u0631\u0629<\/h3>\n<section class=\"tabs-wrapper container-fluid extra-outer-padding\">\n<div class=\"tab-component\">\n<div class=\"vue-tabs-component\">\n<div class=\"tab-content text-formatted\" aria-labelledby=\"673\">\n<div class=\"tab-text container\">\n<p>\u0641\u0631\u0634\u0627\u0629 \u0627\u0644\u0623\u0633\u0646\u0627\u0646 \u0627\u0644\u062a\u0642\u0648\u064a\u0645\u064a\u0629 VITIS \u0645\u062e\u0635\u0635\u0629 \u0644\u0644\u0645\u0631\u0636\u0649 \u0627\u0644\u0630\u064a\u0646 \u064a\u0631\u062a\u062f\u0648\u0646 \u0623\u062c\u0647\u0632\u0629 \u062a\u0642\u0648\u064a\u0645 \u0627\u0644\u0623\u0633\u0646\u0627\u0646.<\/p>\n<\/div>\n<\/div>\n<\/div>\n<\/div>\n<\/section>","protected":false},"excerpt":{"rendered":"<p>La t\u00eate de brosse sp\u00e9ciale de VITIS Orthodontic am\u00e9liore l\u2019efficacit\u00e9 du brossage dans ce genre de situations. VITIS Orthodontic Brosse \u00e0 dents est sp\u00e9cifiquement con\u00e7ue pour un nettoyage optimal autour des plaquettes et autres appareils orthodontiques La t\u00eate de brosse, particuli\u00e8rement petite et flexible, est dot\u00e9e d\u2019un sillon sp\u00e9cial en V en son centre. Celui-ci [&hellip;]<\/p>\n","protected":false},"featured_media":22281,"template":"","meta":{"om_disable_all_campaigns":false},"product_brand":[],"product_cat":[15],"product_tag":[7706,7708,7705,7646,6254,7709,7707,6392,7643],"class_list":{"0":"post-22282","1":"product","2":"type-product","3":"status-publish","4":"has-post-thumbnail","6":"product_cat-beaute-sante-complements-alimentaires-soins-et-bien-etre-au-meilleur-prix","7":"product_tag-appareil-dentaire","8":"product_tag-brackets","9":"product_tag-brosse-a-dents-orthodontic","10":"product_tag-gencives-sensibles","11":"product_tag-hygiene-bucco-dentaire","12":"product_tag-nettoyage-precis","13":"product_tag-orthodontie","14":"product_tag-usage-quotidien","15":"product_tag-vitis","17":"first","18":"instock","19":"sale","20":"taxable","21":"shipping-taxable","22":"purchasable","23":"product-type-simple"},"yoast_head":"<!-- This site is optimized with the Yoast SEO plugin v27.4 - https:\/\/yoast.com\/product\/yoast-seo-wordpress\/ -->\n<title>Vitis Brosse \u00c0 Dent Orthodontic - Maroc Prix<\/title>\n<meta name=\"description\" content=\"La Vitis Brosse \u00e0 Dents Orthodontic est sp\u00e9cialement con\u00e7ue pour les porteurs d\u2019appareils orthodontiques, assurant un nettoyage efficace autour des brackets\" \/>\n<meta name=\"robots\" content=\"index, follow, max-snippet:-1, max-image-preview:large, max-video-preview:-1\" \/>\n<link rel=\"canonical\" href=\"https:\/\/vitablanca.ma\/ar\/product-2\/vitis-brosse-a-dent-orthodontic\/\" \/>\n<meta property=\"og:locale\" content=\"ar_AR\" \/>\n<meta property=\"og:type\" content=\"article\" \/>\n<meta property=\"og:title\" content=\"Vitis Brosse \u00c0 Dent Orthodontic - Maroc Prix\" \/>\n<meta property=\"og:description\" content=\"La Vitis Brosse \u00e0 Dents Orthodontic est sp\u00e9cialement con\u00e7ue pour les porteurs d\u2019appareils orthodontiques, assurant un nettoyage efficace autour des brackets\" \/>\n<meta property=\"og:url\" content=\"https:\/\/vitablanca.ma\/ar\/product-2\/vitis-brosse-a-dent-orthodontic\/\" \/>\n<meta property=\"og:site_name\" content=\"Vitablanca.ma &ndash; Sant&eacute;, vitalit&eacute; et bien-&ecirc;tre pour tous les Marocains\" \/>\n<meta property=\"article:publisher\" content=\"https:\/\/www.facebook.com\/profile.php?id=61576678196717\" \/>\n<meta property=\"article:modified_time\" content=\"2026-02-04T19:39:10+00:00\" \/>\n<meta property=\"og:image\" content=\"https:\/\/vitablanca.ma\/wp-content\/uploads\/2025\/06\/VitisBrosseADentOrthodonticNova-prapharmacie-maroc-1.jpg\" \/>\n\t<meta property=\"og:image:width\" content=\"1000\" \/>\n\t<meta property=\"og:image:height\" content=\"1000\" \/>\n\t<meta property=\"og:image:type\" content=\"image\/jpeg\" \/>\n<meta name=\"twitter:card\" content=\"summary_large_image\" \/>\n<meta name=\"twitter:label1\" content=\"\u0648\u0642\u062a \u0627\u0644\u0642\u0631\u0627\u0621\u0629 \u0627\u0644\u0645\u064f\u0642\u062f\u0651\u0631\" \/>\n\t<meta name=\"twitter:data1\" content=\"\u062f\u0642\u064a\u0642\u0629 \u0648\u0627\u062d\u062f\u0629\" \/>\n<script type=\"application\/ld+json\" class=\"yoast-schema-graph\">{\"@context\":\"https:\\\/\\\/schema.org\",\"@graph\":[{\"@type\":[\"WebPage\",\"ItemPage\"],\"@id\":\"https:\\\/\\\/vitablanca.ma\\\/produit\\\/vitis-brosse-a-dent-orthodontic\\\/\",\"url\":\"https:\\\/\\\/vitablanca.ma\\\/produit\\\/vitis-brosse-a-dent-orthodontic\\\/\",\"name\":\"Vitis Brosse \u00c0 Dent Orthodontic - Maroc Prix\",\"isPartOf\":{\"@id\":\"https:\\\/\\\/vitablanca.ma\\\/#website\"},\"primaryImageOfPage\":{\"@id\":\"https:\\\/\\\/vitablanca.ma\\\/produit\\\/vitis-brosse-a-dent-orthodontic\\\/#primaryimage\"},\"image\":{\"@id\":\"https:\\\/\\\/vitablanca.ma\\\/produit\\\/vitis-brosse-a-dent-orthodontic\\\/#primaryimage\"},\"thumbnailUrl\":\"https:\\\/\\\/vitablanca.ma\\\/wp-content\\\/uploads\\\/2025\\\/06\\\/VitisBrosseADentOrthodonticNova-prapharmacie-maroc-1.jpg\",\"datePublished\":\"2025-06-11T21:54:43+00:00\",\"dateModified\":\"2026-02-04T19:39:10+00:00\",\"description\":\"La Vitis Brosse \u00e0 Dents Orthodontic est sp\u00e9cialement con\u00e7ue pour les porteurs d\u2019appareils orthodontiques, assurant un nettoyage efficace autour des brackets\",\"breadcrumb\":{\"@id\":\"https:\\\/\\\/vitablanca.ma\\\/produit\\\/vitis-brosse-a-dent-orthodontic\\\/#breadcrumb\"},\"inLanguage\":\"ar\",\"potentialAction\":[{\"@type\":\"ReadAction\",\"target\":[\"https:\\\/\\\/vitablanca.ma\\\/produit\\\/vitis-brosse-a-dent-orthodontic\\\/\"]}]},{\"@type\":\"ImageObject\",\"inLanguage\":\"ar\",\"@id\":\"https:\\\/\\\/vitablanca.ma\\\/produit\\\/vitis-brosse-a-dent-orthodontic\\\/#primaryimage\",\"url\":\"https:\\\/\\\/vitablanca.ma\\\/wp-content\\\/uploads\\\/2025\\\/06\\\/VitisBrosseADentOrthodonticNova-prapharmacie-maroc-1.jpg\",\"contentUrl\":\"https:\\\/\\\/vitablanca.ma\\\/wp-content\\\/uploads\\\/2025\\\/06\\\/VitisBrosseADentOrthodonticNova-prapharmacie-maroc-1.jpg\",\"width\":1000,\"height\":1000},{\"@type\":\"BreadcrumbList\",\"@id\":\"https:\\\/\\\/vitablanca.ma\\\/produit\\\/vitis-brosse-a-dent-orthodontic\\\/#breadcrumb\",\"itemListElement\":[{\"@type\":\"ListItem\",\"position\":1,\"name\":\"Home\",\"item\":\"https:\\\/\\\/vitablanca.ma\\\/\"},{\"@type\":\"ListItem\",\"position\":2,\"name\":\"Tous Les Produits\",\"item\":\"https:\\\/\\\/vitablanca.ma\\\/tous-les-produits\\\/\"},{\"@type\":\"ListItem\",\"position\":3,\"name\":\"Vitis Brosse \u00c0 Dent Orthodontic\"}]},{\"@type\":\"WebSite\",\"@id\":\"https:\\\/\\\/vitablanca.ma\\\/#website\",\"url\":\"https:\\\/\\\/vitablanca.ma\\\/\",\"name\":\"VitaBlanca.ma | Compl\u00e9ments alimentaires, sant\u00e9 & beaut\u00e9 au Maroc\",\"description\":\"vendre vitamines et compl\u00e9ments premium des USA &amp; Canada, Nouvelle Z\u00e9lande,Maroc (NOW Foods, Solgar, Manuka). Livraison rapide partout au Maroc.\",\"publisher\":{\"@id\":\"https:\\\/\\\/vitablanca.ma\\\/#organization\"},\"alternateName\":\"VitaBlanca.ma\",\"potentialAction\":[{\"@type\":\"SearchAction\",\"target\":{\"@type\":\"EntryPoint\",\"urlTemplate\":\"https:\\\/\\\/vitablanca.ma\\\/?s={search_term_string}\"},\"query-input\":{\"@type\":\"PropertyValueSpecification\",\"valueRequired\":true,\"valueName\":\"search_term_string\"}}],\"inLanguage\":\"ar\"},{\"@type\":\"Organization\",\"@id\":\"https:\\\/\\\/vitablanca.ma\\\/#organization\",\"name\":\"VitaBlanca\",\"url\":\"https:\\\/\\\/vitablanca.ma\\\/\",\"logo\":{\"@type\":\"ImageObject\",\"inLanguage\":\"ar\",\"@id\":\"https:\\\/\\\/vitablanca.ma\\\/#\\\/schema\\\/logo\\\/image\\\/\",\"url\":\"https:\\\/\\\/vitablanca.ma\\\/wp-content\\\/uploads\\\/2025\\\/05\\\/cropped-vitablanca.png\",\"contentUrl\":\"https:\\\/\\\/vitablanca.ma\\\/wp-content\\\/uploads\\\/2025\\\/05\\\/cropped-vitablanca.png\",\"width\":360,\"height\":67,\"caption\":\"VitaBlanca\"},\"image\":{\"@id\":\"https:\\\/\\\/vitablanca.ma\\\/#\\\/schema\\\/logo\\\/image\\\/\"},\"sameAs\":[\"https:\\\/\\\/www.facebook.com\\\/profile.php?id=61576678196717\",\"https:\\\/\\\/www.tiktok.com\\\/@vitablanca.ma\",\"https:\\\/\\\/www.instagram.com\\\/vitablanca.ma\\\/\"]}]}<\/script>\n<!-- \/ Yoast SEO plugin. -->","yoast_head_json":{"title":"\u0641\u0631\u0634\u0627\u0629 \u0623\u0633\u0646\u0627\u0646 \u0641\u064a\u062a\u064a\u0633 \u0627\u0644\u062a\u0642\u0648\u064a\u0645\u064a\u0629 - \u0633\u0639\u0631 \u0627\u0644\u0645\u063a\u0631\u0628","description":"La Vitis Brosse \u00e0 Dents Orthodontic est sp\u00e9cialement con\u00e7ue pour les porteurs d\u2019appareils orthodontiques, assurant un nettoyage efficace autour des brackets","robots":{"index":"index","follow":"follow","max-snippet":"max-snippet:-1","max-image-preview":"max-image-preview:large","max-video-preview":"max-video-preview:-1"},"canonical":"https:\/\/vitablanca.ma\/ar\/product-2\/vitis-brosse-a-dent-orthodontic\/","og_locale":"ar_AR","og_type":"article","og_title":"Vitis Brosse \u00c0 Dent Orthodontic - Maroc Prix","og_description":"La Vitis Brosse \u00e0 Dents Orthodontic est sp\u00e9cialement con\u00e7ue pour les porteurs d\u2019appareils orthodontiques, assurant un nettoyage efficace autour des brackets","og_url":"https:\/\/vitablanca.ma\/ar\/product-2\/vitis-brosse-a-dent-orthodontic\/","og_site_name":"Vitablanca.ma &ndash; Sant&eacute;, vitalit&eacute; et bien-&ecirc;tre pour tous les Marocains","article_publisher":"https:\/\/www.facebook.com\/profile.php?id=61576678196717","article_modified_time":"2026-02-04T19:39:10+00:00","og_image":[{"width":1000,"height":1000,"url":"https:\/\/vitablanca.ma\/wp-content\/uploads\/2025\/06\/VitisBrosseADentOrthodonticNova-prapharmacie-maroc-1.jpg","type":"image\/jpeg"}],"twitter_card":"summary_large_image","twitter_misc":{"\u0648\u0642\u062a \u0627\u0644\u0642\u0631\u0627\u0621\u0629 \u0627\u0644\u0645\u064f\u0642\u062f\u0651\u0631":"\u062f\u0642\u064a\u0642\u0629 \u0648\u0627\u062d\u062f\u0629"},"schema":{"@context":"https:\/\/schema.org","@graph":[{"@type":["WebPage","ItemPage"],"@id":"https:\/\/vitablanca.ma\/produit\/vitis-brosse-a-dent-orthodontic\/","url":"https:\/\/vitablanca.ma\/produit\/vitis-brosse-a-dent-orthodontic\/","name":"\u0641\u0631\u0634\u0627\u0629 \u0623\u0633\u0646\u0627\u0646 \u0641\u064a\u062a\u064a\u0633 \u0627\u0644\u062a\u0642\u0648\u064a\u0645\u064a\u0629 - \u0633\u0639\u0631 \u0627\u0644\u0645\u063a\u0631\u0628","isPartOf":{"@id":"https:\/\/vitablanca.ma\/#website"},"primaryImageOfPage":{"@id":"https:\/\/vitablanca.ma\/produit\/vitis-brosse-a-dent-orthodontic\/#primaryimage"},"image":{"@id":"https:\/\/vitablanca.ma\/produit\/vitis-brosse-a-dent-orthodontic\/#primaryimage"},"thumbnailUrl":"https:\/\/vitablanca.ma\/wp-content\/uploads\/2025\/06\/VitisBrosseADentOrthodonticNova-prapharmacie-maroc-1.jpg","datePublished":"2025-06-11T21:54:43+00:00","dateModified":"2026-02-04T19:39:10+00:00","description":"La Vitis Brosse \u00e0 Dents Orthodontic est sp\u00e9cialement con\u00e7ue pour les porteurs d\u2019appareils orthodontiques, assurant un nettoyage efficace autour des brackets","breadcrumb":{"@id":"https:\/\/vitablanca.ma\/produit\/vitis-brosse-a-dent-orthodontic\/#breadcrumb"},"inLanguage":"ar","potentialAction":[{"@type":"ReadAction","target":["https:\/\/vitablanca.ma\/produit\/vitis-brosse-a-dent-orthodontic\/"]}]},{"@type":"ImageObject","inLanguage":"ar","@id":"https:\/\/vitablanca.ma\/produit\/vitis-brosse-a-dent-orthodontic\/#primaryimage","url":"https:\/\/vitablanca.ma\/wp-content\/uploads\/2025\/06\/VitisBrosseADentOrthodonticNova-prapharmacie-maroc-1.jpg","contentUrl":"https:\/\/vitablanca.ma\/wp-content\/uploads\/2025\/06\/VitisBrosseADentOrthodonticNova-prapharmacie-maroc-1.jpg","width":1000,"height":1000},{"@type":"BreadcrumbList","@id":"https:\/\/vitablanca.ma\/produit\/vitis-brosse-a-dent-orthodontic\/#breadcrumb","itemListElement":[{"@type":"ListItem","position":1,"name":"Home","item":"https:\/\/vitablanca.ma\/"},{"@type":"ListItem","position":2,"name":"Tous Les Produits","item":"https:\/\/vitablanca.ma\/tous-les-produits\/"},{"@type":"ListItem","position":3,"name":"Vitis Brosse \u00c0 Dent Orthodontic"}]},{"@type":"WebSite","@id":"https:\/\/vitablanca.ma\/#website","url":"https:\/\/vitablanca.ma\/","name":"VitaBlanca.ma | \u0627\u0644\u0645\u0643\u0645\u0644\u0627\u062a \u0627\u0644\u063a\u0630\u0627\u0626\u064a\u0629\u060c \u0627\u0644\u0635\u062d\u0629 \u0648\u0627\u0644\u062c\u0645\u0627\u0644 \u0641\u064a \u0627\u0644\u0645\u063a\u0631\u0628","description":"\u0646\u0628\u064a\u0639 \u0641\u064a\u062a\u0627\u0645\u064a\u0646\u0627\u062a \u0648\u0645\u0643\u0645\u0644\u0627\u062a \u063a\u0630\u0627\u0626\u064a\u0629 \u0641\u0627\u062e\u0631\u0629 \u0645\u0646 \u0627\u0644\u0648\u0644\u0627\u064a\u0627\u062a \u0627\u0644\u0645\u062a\u062d\u062f\u0629 \u0627\u0644\u0623\u0645\u0631\u064a\u0643\u064a\u0629 \u0648\u0643\u0646\u062f\u0627 \u0648\u0646\u064a\u0648\u0632\u064a\u0644\u0646\u062f\u0627 \u0648\u0627\u0644\u0645\u063a\u0631\u0628 (\u0646\u0627\u0648 \u0641\u0648\u062f\u0632\u060c \u0633\u0648\u0644\u062c\u0627\u0631\u060c \u0645\u0627\u0646\u0648\u0643\u0627). \u062a\u0648\u0635\u064a\u0644 \u0633\u0631\u064a\u0639 \u0625\u0644\u0649 \u062c\u0645\u064a\u0639 \u0623\u0646\u062d\u0627\u0621 \u0627\u0644\u0645\u063a\u0631\u0628.","publisher":{"@id":"https:\/\/vitablanca.ma\/#organization"},"alternateName":"VitaBlanca.ma","potentialAction":[{"@type":"SearchAction","target":{"@type":"EntryPoint","urlTemplate":"https:\/\/vitablanca.ma\/?s={search_term_string}"},"query-input":{"@type":"PropertyValueSpecification","valueRequired":true,"valueName":"search_term_string"}}],"inLanguage":"ar"},{"@type":"Organization","@id":"https:\/\/vitablanca.ma\/#organization","name":"\u0641\u064a\u062a\u0627\u0628\u0644\u0627\u0646\u0643\u0627","url":"https:\/\/vitablanca.ma\/","logo":{"@type":"ImageObject","inLanguage":"ar","@id":"https:\/\/vitablanca.ma\/#\/schema\/logo\/image\/","url":"https:\/\/vitablanca.ma\/wp-content\/uploads\/2025\/05\/cropped-vitablanca.png","contentUrl":"https:\/\/vitablanca.ma\/wp-content\/uploads\/2025\/05\/cropped-vitablanca.png","width":360,"height":67,"caption":"VitaBlanca"},"image":{"@id":"https:\/\/vitablanca.ma\/#\/schema\/logo\/image\/"},"sameAs":["https:\/\/www.facebook.com\/profile.php?id=61576678196717","https:\/\/www.tiktok.com\/@vitablanca.ma","https:\/\/www.instagram.com\/vitablanca.ma\/"]}]}},"jetpack_sharing_enabled":true,"_links":{"self":[{"href":"https:\/\/vitablanca.ma\/ar\/wp-json\/wp\/v2\/product\/22282","targetHints":{"allow":["GET"]}}],"collection":[{"href":"https:\/\/vitablanca.ma\/ar\/wp-json\/wp\/v2\/product"}],"about":[{"href":"https:\/\/vitablanca.ma\/ar\/wp-json\/wp\/v2\/types\/product"}],"wp:featuredmedia":[{"embeddable":true,"href":"https:\/\/vitablanca.ma\/ar\/wp-json\/wp\/v2\/media\/22281"}],"wp:attachment":[{"href":"https:\/\/vitablanca.ma\/ar\/wp-json\/wp\/v2\/media?parent=22282"}],"wp:term":[{"taxonomy":"product_brand","embeddable":true,"href":"https:\/\/vitablanca.ma\/ar\/wp-json\/wp\/v2\/product_brand?post=22282"},{"taxonomy":"product_cat","embeddable":true,"href":"https:\/\/vitablanca.ma\/ar\/wp-json\/wp\/v2\/product_cat?post=22282"},{"taxonomy":"product_tag","embeddable":true,"href":"https:\/\/vitablanca.ma\/ar\/wp-json\/wp\/v2\/product_tag?post=22282"}],"curies":[{"name":"wp","href":"https:\/\/api.w.org\/{rel}","templated":true}]}}