{"id":22272,"date":"2025-06-11T21:54:27","date_gmt":"2025-06-11T21:54:27","guid":{"rendered":"https:\/\/vitablanca.ma\/product\/vitis-bain-de-bouche-gingival\/"},"modified":"2026-02-04T19:59:59","modified_gmt":"2026-02-04T19:59:59","slug":"vitis-bain-de-bouche-gingival","status":"publish","type":"product","link":"https:\/\/vitablanca.ma\/ar\/product-2\/vitis-bain-de-bouche-gingival\/","title":{"rendered":"\u063a\u0633\u0648\u0644 \u0627\u0644\u0641\u0645 \u0641\u064a\u062a\u064a\u0633 \u062c\u064a\u0646\u062c\u064a\u0641\u0627\u0644"},"content":{"rendered":"<h2 data-mce-fragment=\"1\">\u063a\u0633\u0648\u0644 \u0627\u0644\u0641\u0645 \u0641\u064a\u062a\u064a\u0633 \u062c\u064a\u0646\u062c\u064a\u0641\u0627\u0644\u00a0<span data-mce-fragment=\"1\">aide \u00e0 pr\u00e9venir l\u2019inflammation et le saignement gingivaux.\u00a0<\/span><\/h2>\n<p data-mce-fragment=\"1\">Le bain de bouche gingival VITIS est sp\u00e9cifiquement formul\u00e9 pour contr\u00f4ler la gingivite. L\u2019utilisation \u00e0 long terme aide \u00e0 pr\u00e9venir l\u2019inflammation et le saignement gingivaux. Il inhibe \u00e9galement la formation de<span data-mce-fragment=\"1\">\u00a0<\/span><em data-mce-fragment=\"1\">biofilm<\/em>oral (plaque bact\u00e9rienne) et r\u00e9duit son accumulation dans la cavit\u00e9 buccale.VITIS gingival ne contient pas de gluten et convient donc aux personnes atteintes de la maladie c\u0153liaque.<strong data-mce-fragment=\"1\">Perm\u00e9thol \u2013<span data-mce-fragment=\"1\">\u00a0<\/span><\/strong>\u00a0R\u00e9duit le saignement et la sensibilit\u00e9 gingivale tout en augmentant la r\u00e9sistance des gencives \u00e0 l\u2019inflammation.<strong data-mce-fragment=\"1\">Panth\u00e9nol (Provitamine B5) \u2013<span data-mce-fragment=\"1\">\u00a0<\/span><\/strong>\u00a0R\u00e9duit l\u2019inflammation, prot\u00e8ge et revitalise les gencives.<strong data-mce-fragment=\"1\">Chlorure de c\u00e9tylpyridinium (CPC) \u2013 Antiseptique \u00e0<span data-mce-fragment=\"1\">\u00a0<\/span><\/strong>\u00a0usage quotidien qui inhibe la formation de biofilm oral (plaque bact\u00e9rienne) et r\u00e9duit son accumulation, contr\u00f4lant l\u2019apparition et le d\u00e9veloppement de la gingivite.<strong data-mce-fragment=\"1\">Lactate de zinc \u2013<span data-mce-fragment=\"1\">\u00a0<\/span><\/strong>\u00a0Inhibe et r\u00e9duit les saignements gingivaux, tout en augmentant l\u2019effet antiseptique du chlorure de c\u00e9tylpyridinium (CPC).<\/p>\n<h3 data-mce-fragment=\"1\"><strong data-mce-fragment=\"1\">Conseils dutilisation<\/strong><\/h3>\n<p data-mce-fragment=\"1\">Rincer avec 15 ml de rince-bouche gingival VITIS sans diluer pendant 30 secondes.Pour de meilleurs r\u00e9sultats, ne pas rincer \u00e0 l\u2019eau et \u00e9viter de manger ou de boire imm\u00e9diatement apr\u00e8s usage.<\/p>","protected":false},"excerpt":{"rendered":"<p>Vitis Bain De Bouche Gingival\u00a0aide \u00e0 pr\u00e9venir l\u2019inflammation et le saignement gingivaux.\u00a0 Le bain de bouche gingival VITIS est sp\u00e9cifiquement formul\u00e9 pour contr\u00f4ler la gingivite. L\u2019utilisation \u00e0 long terme aide \u00e0 pr\u00e9venir l\u2019inflammation et le saignement gingivaux. Il inhibe \u00e9galement la formation de\u00a0biofilmoral (plaque bact\u00e9rienne) et r\u00e9duit son accumulation dans la cavit\u00e9 buccale.VITIS gingival ne [&hellip;]<\/p>\n","protected":false},"featured_media":22271,"template":"","meta":{"om_disable_all_campaigns":false},"product_brand":[],"product_cat":[15],"product_tag":[7722,7725,7726,7646,6254,7723,7724,7699,6392,7643],"class_list":{"0":"post-22272","1":"product","2":"type-product","3":"status-publish","4":"has-post-thumbnail","6":"product_cat-beaute-sante-complements-alimentaires-soins-et-bien-etre-au-meilleur-prix","7":"product_tag-bain-de-bouche-gingival","8":"product_tag-bain-de-bouche-sans-alcool","9":"product_tag-fraicheur-buccale","10":"product_tag-gencives-sensibles","11":"product_tag-hygiene-bucco-dentaire","12":"product_tag-prevention-gingivite","13":"product_tag-reduction-plaque-dentaire","14":"product_tag-soin-gencives","15":"product_tag-usage-quotidien","16":"product_tag-vitis","18":"first","19":"instock","20":"sale","21":"taxable","22":"shipping-taxable","23":"purchasable","24":"product-type-variable"},"yoast_head":"<!-- This site is optimized with the Yoast SEO plugin v27.5 - https:\/\/yoast.com\/product\/yoast-seo-wordpress\/ -->\n<title>Vitis Bain De Bouche Gingiva - Maroc Prix<\/title>\n<meta name=\"description\" content=\"Le VITIS Bain de Bouche Gingival apaise les gencives sensibles, r\u00e9duit la plaque dentaire et favorise une hygi\u00e8ne bucco-dentaire compl\u00e8te et durable.\" \/>\n<meta name=\"robots\" content=\"index, follow, max-snippet:-1, max-image-preview:large, max-video-preview:-1\" \/>\n<link rel=\"canonical\" href=\"https:\/\/vitablanca.ma\/ar\/product-2\/vitis-bain-de-bouche-gingival\/\" \/>\n<meta property=\"og:locale\" content=\"ar_AR\" \/>\n<meta property=\"og:type\" content=\"article\" \/>\n<meta property=\"og:title\" content=\"Vitis Bain De Bouche Gingiva - Maroc Prix\" \/>\n<meta property=\"og:description\" content=\"Le VITIS Bain de Bouche Gingival apaise les gencives sensibles, r\u00e9duit la plaque dentaire et favorise une hygi\u00e8ne bucco-dentaire compl\u00e8te et durable.\" \/>\n<meta property=\"og:url\" content=\"https:\/\/vitablanca.ma\/ar\/product-2\/vitis-bain-de-bouche-gingival\/\" \/>\n<meta property=\"og:site_name\" content=\"Vitablanca.ma &ndash; Sant&eacute;, vitalit&eacute; et bien-&ecirc;tre pour tous les Marocains\" \/>\n<meta property=\"article:publisher\" content=\"https:\/\/www.facebook.com\/profile.php?id=61576678196717\" \/>\n<meta property=\"article:modified_time\" content=\"2026-02-04T19:59:59+00:00\" \/>\n<meta property=\"og:image\" content=\"https:\/\/vitablanca.ma\/wp-content\/uploads\/2025\/06\/Vitis-Bain-De-Bouche-Gingival-nova-parapharmacie-maroc-1.jpg\" \/>\n\t<meta property=\"og:image:width\" content=\"1000\" \/>\n\t<meta property=\"og:image:height\" content=\"1000\" \/>\n\t<meta property=\"og:image:type\" content=\"image\/jpeg\" \/>\n<meta name=\"twitter:card\" content=\"summary_large_image\" \/>\n<meta name=\"twitter:label1\" content=\"\u0648\u0642\u062a \u0627\u0644\u0642\u0631\u0627\u0621\u0629 \u0627\u0644\u0645\u064f\u0642\u062f\u0651\u0631\" \/>\n\t<meta name=\"twitter:data1\" content=\"\u062f\u0642\u064a\u0642\u062a\u0627\u0646\" \/>\n<script type=\"application\/ld+json\" class=\"yoast-schema-graph\">{\"@context\":\"https:\\\/\\\/schema.org\",\"@graph\":[{\"@type\":[\"WebPage\",\"ItemPage\"],\"@id\":\"https:\\\/\\\/vitablanca.ma\\\/produit\\\/vitis-bain-de-bouche-gingival\\\/\",\"url\":\"https:\\\/\\\/vitablanca.ma\\\/produit\\\/vitis-bain-de-bouche-gingival\\\/\",\"name\":\"Vitis Bain De Bouche Gingiva - Maroc Prix\",\"isPartOf\":{\"@id\":\"https:\\\/\\\/vitablanca.ma\\\/#website\"},\"primaryImageOfPage\":{\"@id\":\"https:\\\/\\\/vitablanca.ma\\\/produit\\\/vitis-bain-de-bouche-gingival\\\/#primaryimage\"},\"image\":{\"@id\":\"https:\\\/\\\/vitablanca.ma\\\/produit\\\/vitis-bain-de-bouche-gingival\\\/#primaryimage\"},\"thumbnailUrl\":\"https:\\\/\\\/vitablanca.ma\\\/wp-content\\\/uploads\\\/2025\\\/06\\\/Vitis-Bain-De-Bouche-Gingival-nova-parapharmacie-maroc-1.jpg\",\"datePublished\":\"2025-06-11T21:54:27+00:00\",\"dateModified\":\"2026-02-04T19:59:59+00:00\",\"description\":\"Le VITIS Bain de Bouche Gingival apaise les gencives sensibles, r\u00e9duit la plaque dentaire et favorise une hygi\u00e8ne bucco-dentaire compl\u00e8te et durable.\",\"breadcrumb\":{\"@id\":\"https:\\\/\\\/vitablanca.ma\\\/produit\\\/vitis-bain-de-bouche-gingival\\\/#breadcrumb\"},\"inLanguage\":\"ar\",\"potentialAction\":[{\"@type\":\"ReadAction\",\"target\":[\"https:\\\/\\\/vitablanca.ma\\\/produit\\\/vitis-bain-de-bouche-gingival\\\/\"]}]},{\"@type\":\"ImageObject\",\"inLanguage\":\"ar\",\"@id\":\"https:\\\/\\\/vitablanca.ma\\\/produit\\\/vitis-bain-de-bouche-gingival\\\/#primaryimage\",\"url\":\"https:\\\/\\\/vitablanca.ma\\\/wp-content\\\/uploads\\\/2025\\\/06\\\/Vitis-Bain-De-Bouche-Gingival-nova-parapharmacie-maroc-1.jpg\",\"contentUrl\":\"https:\\\/\\\/vitablanca.ma\\\/wp-content\\\/uploads\\\/2025\\\/06\\\/Vitis-Bain-De-Bouche-Gingival-nova-parapharmacie-maroc-1.jpg\",\"width\":1000,\"height\":1000},{\"@type\":\"BreadcrumbList\",\"@id\":\"https:\\\/\\\/vitablanca.ma\\\/produit\\\/vitis-bain-de-bouche-gingival\\\/#breadcrumb\",\"itemListElement\":[{\"@type\":\"ListItem\",\"position\":1,\"name\":\"Home\",\"item\":\"https:\\\/\\\/vitablanca.ma\\\/\"},{\"@type\":\"ListItem\",\"position\":2,\"name\":\"Tous Les Produits\",\"item\":\"https:\\\/\\\/vitablanca.ma\\\/tous-les-produits\\\/\"},{\"@type\":\"ListItem\",\"position\":3,\"name\":\"Vitis Bain De Bouche Gingival\"}]},{\"@type\":\"WebSite\",\"@id\":\"https:\\\/\\\/vitablanca.ma\\\/#website\",\"url\":\"https:\\\/\\\/vitablanca.ma\\\/\",\"name\":\"VitaBlanca.ma | Compl\u00e9ments alimentaires, sant\u00e9 & beaut\u00e9 au Maroc\",\"description\":\"vendre vitamines et compl\u00e9ments premium des USA &amp; Canada, Nouvelle Z\u00e9lande,Maroc (NOW Foods, Solgar, Manuka). Livraison rapide partout au Maroc.\",\"publisher\":{\"@id\":\"https:\\\/\\\/vitablanca.ma\\\/#organization\"},\"alternateName\":\"VitaBlanca.ma\",\"potentialAction\":[{\"@type\":\"SearchAction\",\"target\":{\"@type\":\"EntryPoint\",\"urlTemplate\":\"https:\\\/\\\/vitablanca.ma\\\/?s={search_term_string}\"},\"query-input\":{\"@type\":\"PropertyValueSpecification\",\"valueRequired\":true,\"valueName\":\"search_term_string\"}}],\"inLanguage\":\"ar\"},{\"@type\":\"Organization\",\"@id\":\"https:\\\/\\\/vitablanca.ma\\\/#organization\",\"name\":\"VitaBlanca\",\"url\":\"https:\\\/\\\/vitablanca.ma\\\/\",\"logo\":{\"@type\":\"ImageObject\",\"inLanguage\":\"ar\",\"@id\":\"https:\\\/\\\/vitablanca.ma\\\/#\\\/schema\\\/logo\\\/image\\\/\",\"url\":\"https:\\\/\\\/vitablanca.ma\\\/wp-content\\\/uploads\\\/2025\\\/05\\\/cropped-vitablanca.png\",\"contentUrl\":\"https:\\\/\\\/vitablanca.ma\\\/wp-content\\\/uploads\\\/2025\\\/05\\\/cropped-vitablanca.png\",\"width\":360,\"height\":67,\"caption\":\"VitaBlanca\"},\"image\":{\"@id\":\"https:\\\/\\\/vitablanca.ma\\\/#\\\/schema\\\/logo\\\/image\\\/\"},\"sameAs\":[\"https:\\\/\\\/www.facebook.com\\\/profile.php?id=61576678196717\",\"https:\\\/\\\/www.tiktok.com\\\/@vitablanca.ma\",\"https:\\\/\\\/www.instagram.com\\\/vitablanca.ma\\\/\"]}]}<\/script>\n<!-- \/ Yoast SEO plugin. -->","yoast_head_json":{"title":"Vitis Bain De Bouche Gingiva - Maroc Prix","description":"Le VITIS Bain de Bouche Gingival apaise les gencives sensibles, r\u00e9duit la plaque dentaire et favorise une hygi\u00e8ne bucco-dentaire compl\u00e8te et durable.","robots":{"index":"index","follow":"follow","max-snippet":"max-snippet:-1","max-image-preview":"max-image-preview:large","max-video-preview":"max-video-preview:-1"},"canonical":"https:\/\/vitablanca.ma\/ar\/product-2\/vitis-bain-de-bouche-gingival\/","og_locale":"ar_AR","og_type":"article","og_title":"Vitis Bain De Bouche Gingiva - Maroc Prix","og_description":"Le VITIS Bain de Bouche Gingival apaise les gencives sensibles, r\u00e9duit la plaque dentaire et favorise une hygi\u00e8ne bucco-dentaire compl\u00e8te et durable.","og_url":"https:\/\/vitablanca.ma\/ar\/product-2\/vitis-bain-de-bouche-gingival\/","og_site_name":"Vitablanca.ma &ndash; Sant&eacute;, vitalit&eacute; et bien-&ecirc;tre pour tous les Marocains","article_publisher":"https:\/\/www.facebook.com\/profile.php?id=61576678196717","article_modified_time":"2026-02-04T19:59:59+00:00","og_image":[{"width":1000,"height":1000,"url":"https:\/\/vitablanca.ma\/wp-content\/uploads\/2025\/06\/Vitis-Bain-De-Bouche-Gingival-nova-parapharmacie-maroc-1.jpg","type":"image\/jpeg"}],"twitter_card":"summary_large_image","twitter_misc":{"\u0648\u0642\u062a \u0627\u0644\u0642\u0631\u0627\u0621\u0629 \u0627\u0644\u0645\u064f\u0642\u062f\u0651\u0631":"\u062f\u0642\u064a\u0642\u062a\u0627\u0646"},"schema":{"@context":"https:\/\/schema.org","@graph":[{"@type":["WebPage","ItemPage"],"@id":"https:\/\/vitablanca.ma\/produit\/vitis-bain-de-bouche-gingival\/","url":"https:\/\/vitablanca.ma\/produit\/vitis-bain-de-bouche-gingival\/","name":"Vitis Bain De Bouche Gingiva - Maroc Prix","isPartOf":{"@id":"https:\/\/vitablanca.ma\/#website"},"primaryImageOfPage":{"@id":"https:\/\/vitablanca.ma\/produit\/vitis-bain-de-bouche-gingival\/#primaryimage"},"image":{"@id":"https:\/\/vitablanca.ma\/produit\/vitis-bain-de-bouche-gingival\/#primaryimage"},"thumbnailUrl":"https:\/\/vitablanca.ma\/wp-content\/uploads\/2025\/06\/Vitis-Bain-De-Bouche-Gingival-nova-parapharmacie-maroc-1.jpg","datePublished":"2025-06-11T21:54:27+00:00","dateModified":"2026-02-04T19:59:59+00:00","description":"Le VITIS Bain de Bouche Gingival apaise les gencives sensibles, r\u00e9duit la plaque dentaire et favorise une hygi\u00e8ne bucco-dentaire compl\u00e8te et durable.","breadcrumb":{"@id":"https:\/\/vitablanca.ma\/produit\/vitis-bain-de-bouche-gingival\/#breadcrumb"},"inLanguage":"ar","potentialAction":[{"@type":"ReadAction","target":["https:\/\/vitablanca.ma\/produit\/vitis-bain-de-bouche-gingival\/"]}]},{"@type":"ImageObject","inLanguage":"ar","@id":"https:\/\/vitablanca.ma\/produit\/vitis-bain-de-bouche-gingival\/#primaryimage","url":"https:\/\/vitablanca.ma\/wp-content\/uploads\/2025\/06\/Vitis-Bain-De-Bouche-Gingival-nova-parapharmacie-maroc-1.jpg","contentUrl":"https:\/\/vitablanca.ma\/wp-content\/uploads\/2025\/06\/Vitis-Bain-De-Bouche-Gingival-nova-parapharmacie-maroc-1.jpg","width":1000,"height":1000},{"@type":"BreadcrumbList","@id":"https:\/\/vitablanca.ma\/produit\/vitis-bain-de-bouche-gingival\/#breadcrumb","itemListElement":[{"@type":"ListItem","position":1,"name":"Home","item":"https:\/\/vitablanca.ma\/"},{"@type":"ListItem","position":2,"name":"Tous Les Produits","item":"https:\/\/vitablanca.ma\/tous-les-produits\/"},{"@type":"ListItem","position":3,"name":"Vitis Bain De Bouche Gingival"}]},{"@type":"WebSite","@id":"https:\/\/vitablanca.ma\/#website","url":"https:\/\/vitablanca.ma\/","name":"VitaBlanca.ma | \u0627\u0644\u0645\u0643\u0645\u0644\u0627\u062a \u0627\u0644\u063a\u0630\u0627\u0626\u064a\u0629\u060c \u0627\u0644\u0635\u062d\u0629 \u0648\u0627\u0644\u062c\u0645\u0627\u0644 \u0641\u064a \u0627\u0644\u0645\u063a\u0631\u0628","description":"\u0646\u0628\u064a\u0639 \u0641\u064a\u062a\u0627\u0645\u064a\u0646\u0627\u062a \u0648\u0645\u0643\u0645\u0644\u0627\u062a \u063a\u0630\u0627\u0626\u064a\u0629 \u0641\u0627\u062e\u0631\u0629 \u0645\u0646 \u0627\u0644\u0648\u0644\u0627\u064a\u0627\u062a \u0627\u0644\u0645\u062a\u062d\u062f\u0629 \u0627\u0644\u0623\u0645\u0631\u064a\u0643\u064a\u0629 \u0648\u0643\u0646\u062f\u0627 \u0648\u0646\u064a\u0648\u0632\u064a\u0644\u0646\u062f\u0627 \u0648\u0627\u0644\u0645\u063a\u0631\u0628 (\u0646\u0627\u0648 \u0641\u0648\u062f\u0632\u060c \u0633\u0648\u0644\u062c\u0627\u0631\u060c \u0645\u0627\u0646\u0648\u0643\u0627). \u062a\u0648\u0635\u064a\u0644 \u0633\u0631\u064a\u0639 \u0625\u0644\u0649 \u062c\u0645\u064a\u0639 \u0623\u0646\u062d\u0627\u0621 \u0627\u0644\u0645\u063a\u0631\u0628.","publisher":{"@id":"https:\/\/vitablanca.ma\/#organization"},"alternateName":"VitaBlanca.ma","potentialAction":[{"@type":"SearchAction","target":{"@type":"EntryPoint","urlTemplate":"https:\/\/vitablanca.ma\/?s={search_term_string}"},"query-input":{"@type":"PropertyValueSpecification","valueRequired":true,"valueName":"search_term_string"}}],"inLanguage":"ar"},{"@type":"Organization","@id":"https:\/\/vitablanca.ma\/#organization","name":"\u0641\u064a\u062a\u0627\u0628\u0644\u0627\u0646\u0643\u0627","url":"https:\/\/vitablanca.ma\/","logo":{"@type":"ImageObject","inLanguage":"ar","@id":"https:\/\/vitablanca.ma\/#\/schema\/logo\/image\/","url":"https:\/\/vitablanca.ma\/wp-content\/uploads\/2025\/05\/cropped-vitablanca.png","contentUrl":"https:\/\/vitablanca.ma\/wp-content\/uploads\/2025\/05\/cropped-vitablanca.png","width":360,"height":67,"caption":"VitaBlanca"},"image":{"@id":"https:\/\/vitablanca.ma\/#\/schema\/logo\/image\/"},"sameAs":["https:\/\/www.facebook.com\/profile.php?id=61576678196717","https:\/\/www.tiktok.com\/@vitablanca.ma","https:\/\/www.instagram.com\/vitablanca.ma\/"]}]}},"jetpack_sharing_enabled":true,"_links":{"self":[{"href":"https:\/\/vitablanca.ma\/ar\/wp-json\/wp\/v2\/product\/22272","targetHints":{"allow":["GET"]}}],"collection":[{"href":"https:\/\/vitablanca.ma\/ar\/wp-json\/wp\/v2\/product"}],"about":[{"href":"https:\/\/vitablanca.ma\/ar\/wp-json\/wp\/v2\/types\/product"}],"wp:featuredmedia":[{"embeddable":true,"href":"https:\/\/vitablanca.ma\/ar\/wp-json\/wp\/v2\/media\/22271"}],"wp:attachment":[{"href":"https:\/\/vitablanca.ma\/ar\/wp-json\/wp\/v2\/media?parent=22272"}],"wp:term":[{"taxonomy":"product_brand","embeddable":true,"href":"https:\/\/vitablanca.ma\/ar\/wp-json\/wp\/v2\/product_brand?post=22272"},{"taxonomy":"product_cat","embeddable":true,"href":"https:\/\/vitablanca.ma\/ar\/wp-json\/wp\/v2\/product_cat?post=22272"},{"taxonomy":"product_tag","embeddable":true,"href":"https:\/\/vitablanca.ma\/ar\/wp-json\/wp\/v2\/product_tag?post=22272"}],"curies":[{"name":"wp","href":"https:\/\/api.w.org\/{rel}","templated":true}]}}