{"id":22266,"date":"2025-06-11T21:54:18","date_gmt":"2025-06-11T21:54:18","guid":{"rendered":"https:\/\/vitablanca.ma\/product\/vitis-bain-de-bouche-orthodontic\/"},"modified":"2026-02-04T20:24:42","modified_gmt":"2026-02-04T20:24:42","slug":"vitis-bain-de-bouche-orthodontic","status":"publish","type":"product","link":"https:\/\/vitablanca.ma\/ar\/product-2\/vitis-bain-de-bouche-orthodontic\/","title":{"rendered":"\u063a\u0633\u0648\u0644 \u0627\u0644\u0641\u0645 \u0627\u0644\u062a\u0642\u0648\u064a\u0645\u064a \u0641\u064a\u062a\u064a\u0633"},"content":{"rendered":"<h2 data-mce-fragment=\"1\">\u063a\u0633\u0648\u0644 \u0627\u0644\u0641\u0645 \u0627\u0644\u062a\u0642\u0648\u064a\u0645\u064a \u0641\u064a\u062a\u064a\u0633\u00a0<span data-mce-fragment=\"1\">pour prot\u00e9ger la bouche et les dents contre les caries<\/span><\/h2>\n<p data-mce-fragment=\"1\">VITIS Orthodontic a \u00e9t\u00e9 sp\u00e9cialement con\u00e7u pour prot\u00e9ger la bouche et les dents contre les caries, les probl\u00e8mes gingivaux et les irritations des joues, des gencives et de la langue li\u00e9s au port d\u2019un appareil dentaire. Ce Bain de bouche \u00e0 l\u2019agr\u00e9able go\u00fbt de pomme soigne et prot\u00e8ge les tissus mous de la bouche, tout en contribuant \u00e0 la propret\u00e9 de l\u2019appareil.<\/p>\n<ul data-mce-fragment=\"1\">\n<li data-mce-fragment=\"1\">\u0641\u0639\u0627\u0644 \u0636\u062f \u0627\u0644\u062a\u0633\u0648\u0633 \u0648\u0627\u0644\u0628\u0644\u0627\u0643 \u0627\u0644\u0633\u0646\u064a<\/li>\n<li data-mce-fragment=\"1\">\u064a\u0642\u0648\u064a \u0645\u064a\u0646\u0627 \u0627\u0644\u0623\u0633\u0646\u0627\u0646<\/li>\n<li data-mce-fragment=\"1\">\u064a\u0639\u062a\u0646\u064a \u0628\u0627\u0644\u0623\u0646\u0633\u062c\u0629 \u0627\u0644\u0631\u062e\u0648\u0629 \u0641\u064a \u0627\u0644\u0641\u0645<\/li>\n<li data-mce-fragment=\"1\">\u0644\u0627 \u0631\u0627\u0626\u062d\u0629 \u0643\u0631\u064a\u0647\u0629 \u0644\u0644\u0641\u0645 \u0628\u0633\u0628\u0628 \u0627\u0644\u0628\u0644\u0627\u0643<\/li>\n<\/ul>\n<h3>\u0625\u0634\u0627\u0631\u0629<\/h3>\n<section class=\"tabs-wrapper container-fluid extra-outer-padding\">\n<div class=\"tab-component\">\n<div class=\"vue-tabs-component\">\n<div class=\"tab-content text-formatted\" aria-labelledby=\"652\">\n<div class=\"tab-text container\">\n<p>Le VITIS Orthodontic Bain de bouche est indiqu\u00e9 pour les patients porteurs d\u2019un appareil orthodontique.<\/p>\n<\/div>\n<\/div>\n<\/div>\n<\/div>\n<\/section>","protected":false},"excerpt":{"rendered":"<p>Vitis Bain De Bouche Orthodontic\u00a0pour prot\u00e9ger la bouche et les dents contre les caries VITIS Orthodontic a \u00e9t\u00e9 sp\u00e9cialement con\u00e7u pour prot\u00e9ger la bouche et les dents contre les caries, les probl\u00e8mes gingivaux et les irritations des joues, des gencives et de la langue li\u00e9s au port d\u2019un appareil dentaire. Ce Bain de bouche \u00e0 [&hellip;]<\/p>\n","protected":false},"featured_media":22264,"template":"","meta":{"om_disable_all_campaigns":false},"product_brand":[],"product_cat":[15],"product_tag":[7706,7729,7708,7712,7646,6254,7707,6255,7730,6392,7643],"class_list":{"0":"post-22266","1":"product","2":"type-product","3":"status-publish","4":"has-post-thumbnail","6":"product_cat-beaute-sante-complements-alimentaires-soins-et-bien-etre-au-meilleur-prix","7":"product_tag-appareil-dentaire","8":"product_tag-bain-de-bouche-orthodontic","9":"product_tag-brackets","10":"product_tag-fils-dentaires","11":"product_tag-gencives-sensibles","12":"product_tag-hygiene-bucco-dentaire","13":"product_tag-orthodontie","14":"product_tag-plaque-dentaire","15":"product_tag-protection","16":"product_tag-usage-quotidien","17":"product_tag-vitis","19":"first","20":"instock","21":"sale","22":"taxable","23":"shipping-taxable","24":"purchasable","25":"product-type-variable"},"yoast_head":"<!-- This site is optimized with the Yoast SEO plugin v27.5 - https:\/\/yoast.com\/product\/yoast-seo-wordpress\/ -->\n<title>Vitis Bain De Bouche Orthodontic - Maroc Prix<\/title>\n<meta name=\"description\" content=\"Le VITIS Bain de Bouche Orthodontic nettoie et prot\u00e8ge efficacement les dents et gencives des porteurs d\u2019appareils dentaires, r\u00e9duisant la plaque .\" \/>\n<meta name=\"robots\" content=\"index, follow, max-snippet:-1, max-image-preview:large, max-video-preview:-1\" \/>\n<link rel=\"canonical\" href=\"https:\/\/vitablanca.ma\/ar\/product-2\/vitis-bain-de-bouche-orthodontic\/\" \/>\n<meta property=\"og:locale\" content=\"ar_AR\" \/>\n<meta property=\"og:type\" content=\"article\" \/>\n<meta property=\"og:title\" content=\"Vitis Bain De Bouche Orthodontic - Maroc Prix\" \/>\n<meta property=\"og:description\" content=\"Le VITIS Bain de Bouche Orthodontic nettoie et prot\u00e8ge efficacement les dents et gencives des porteurs d\u2019appareils dentaires, r\u00e9duisant la plaque .\" \/>\n<meta property=\"og:url\" content=\"https:\/\/vitablanca.ma\/ar\/product-2\/vitis-bain-de-bouche-orthodontic\/\" \/>\n<meta property=\"og:site_name\" content=\"Vitablanca.ma &ndash; Sant&eacute;, vitalit&eacute; et bien-&ecirc;tre pour tous les Marocains\" \/>\n<meta property=\"article:publisher\" content=\"https:\/\/www.facebook.com\/profile.php?id=61576678196717\" \/>\n<meta property=\"article:modified_time\" content=\"2026-02-04T20:24:42+00:00\" \/>\n<meta property=\"og:image\" content=\"https:\/\/vitablanca.ma\/wp-content\/uploads\/2025\/06\/Vitis-Bain-De-Bouche-Orthodontic-Nova-prapharmacie-maroc-1.jpg\" \/>\n\t<meta property=\"og:image:width\" content=\"1000\" \/>\n\t<meta property=\"og:image:height\" content=\"1000\" \/>\n\t<meta property=\"og:image:type\" content=\"image\/jpeg\" \/>\n<meta name=\"twitter:card\" content=\"summary_large_image\" \/>\n<meta name=\"twitter:label1\" content=\"\u0648\u0642\u062a \u0627\u0644\u0642\u0631\u0627\u0621\u0629 \u0627\u0644\u0645\u064f\u0642\u062f\u0651\u0631\" \/>\n\t<meta name=\"twitter:data1\" content=\"\u062f\u0642\u064a\u0642\u0629 \u0648\u0627\u062d\u062f\u0629\" \/>\n<script type=\"application\/ld+json\" class=\"yoast-schema-graph\">{\"@context\":\"https:\\\/\\\/schema.org\",\"@graph\":[{\"@type\":[\"WebPage\",\"ItemPage\"],\"@id\":\"https:\\\/\\\/vitablanca.ma\\\/produit\\\/vitis-bain-de-bouche-orthodontic\\\/\",\"url\":\"https:\\\/\\\/vitablanca.ma\\\/produit\\\/vitis-bain-de-bouche-orthodontic\\\/\",\"name\":\"Vitis Bain De Bouche Orthodontic - Maroc Prix\",\"isPartOf\":{\"@id\":\"https:\\\/\\\/vitablanca.ma\\\/#website\"},\"primaryImageOfPage\":{\"@id\":\"https:\\\/\\\/vitablanca.ma\\\/produit\\\/vitis-bain-de-bouche-orthodontic\\\/#primaryimage\"},\"image\":{\"@id\":\"https:\\\/\\\/vitablanca.ma\\\/produit\\\/vitis-bain-de-bouche-orthodontic\\\/#primaryimage\"},\"thumbnailUrl\":\"https:\\\/\\\/vitablanca.ma\\\/wp-content\\\/uploads\\\/2025\\\/06\\\/Vitis-Bain-De-Bouche-Orthodontic-Nova-prapharmacie-maroc-1.jpg\",\"datePublished\":\"2025-06-11T21:54:18+00:00\",\"dateModified\":\"2026-02-04T20:24:42+00:00\",\"description\":\"Le VITIS Bain de Bouche Orthodontic nettoie et prot\u00e8ge efficacement les dents et gencives des porteurs d\u2019appareils dentaires, r\u00e9duisant la plaque .\",\"breadcrumb\":{\"@id\":\"https:\\\/\\\/vitablanca.ma\\\/produit\\\/vitis-bain-de-bouche-orthodontic\\\/#breadcrumb\"},\"inLanguage\":\"ar\",\"potentialAction\":[{\"@type\":\"ReadAction\",\"target\":[\"https:\\\/\\\/vitablanca.ma\\\/produit\\\/vitis-bain-de-bouche-orthodontic\\\/\"]}]},{\"@type\":\"ImageObject\",\"inLanguage\":\"ar\",\"@id\":\"https:\\\/\\\/vitablanca.ma\\\/produit\\\/vitis-bain-de-bouche-orthodontic\\\/#primaryimage\",\"url\":\"https:\\\/\\\/vitablanca.ma\\\/wp-content\\\/uploads\\\/2025\\\/06\\\/Vitis-Bain-De-Bouche-Orthodontic-Nova-prapharmacie-maroc-1.jpg\",\"contentUrl\":\"https:\\\/\\\/vitablanca.ma\\\/wp-content\\\/uploads\\\/2025\\\/06\\\/Vitis-Bain-De-Bouche-Orthodontic-Nova-prapharmacie-maroc-1.jpg\",\"width\":1000,\"height\":1000},{\"@type\":\"BreadcrumbList\",\"@id\":\"https:\\\/\\\/vitablanca.ma\\\/produit\\\/vitis-bain-de-bouche-orthodontic\\\/#breadcrumb\",\"itemListElement\":[{\"@type\":\"ListItem\",\"position\":1,\"name\":\"Home\",\"item\":\"https:\\\/\\\/vitablanca.ma\\\/\"},{\"@type\":\"ListItem\",\"position\":2,\"name\":\"Tous Les Produits\",\"item\":\"https:\\\/\\\/vitablanca.ma\\\/tous-les-produits\\\/\"},{\"@type\":\"ListItem\",\"position\":3,\"name\":\"Vitis Bain De Bouche Orthodontic\"}]},{\"@type\":\"WebSite\",\"@id\":\"https:\\\/\\\/vitablanca.ma\\\/#website\",\"url\":\"https:\\\/\\\/vitablanca.ma\\\/\",\"name\":\"VitaBlanca.ma | Compl\u00e9ments alimentaires, sant\u00e9 & beaut\u00e9 au Maroc\",\"description\":\"vendre vitamines et compl\u00e9ments premium des USA &amp; Canada, Nouvelle Z\u00e9lande,Maroc (NOW Foods, Solgar, Manuka). Livraison rapide partout au Maroc.\",\"publisher\":{\"@id\":\"https:\\\/\\\/vitablanca.ma\\\/#organization\"},\"alternateName\":\"VitaBlanca.ma\",\"potentialAction\":[{\"@type\":\"SearchAction\",\"target\":{\"@type\":\"EntryPoint\",\"urlTemplate\":\"https:\\\/\\\/vitablanca.ma\\\/?s={search_term_string}\"},\"query-input\":{\"@type\":\"PropertyValueSpecification\",\"valueRequired\":true,\"valueName\":\"search_term_string\"}}],\"inLanguage\":\"ar\"},{\"@type\":\"Organization\",\"@id\":\"https:\\\/\\\/vitablanca.ma\\\/#organization\",\"name\":\"VitaBlanca\",\"url\":\"https:\\\/\\\/vitablanca.ma\\\/\",\"logo\":{\"@type\":\"ImageObject\",\"inLanguage\":\"ar\",\"@id\":\"https:\\\/\\\/vitablanca.ma\\\/#\\\/schema\\\/logo\\\/image\\\/\",\"url\":\"https:\\\/\\\/vitablanca.ma\\\/wp-content\\\/uploads\\\/2025\\\/05\\\/cropped-vitablanca.png\",\"contentUrl\":\"https:\\\/\\\/vitablanca.ma\\\/wp-content\\\/uploads\\\/2025\\\/05\\\/cropped-vitablanca.png\",\"width\":360,\"height\":67,\"caption\":\"VitaBlanca\"},\"image\":{\"@id\":\"https:\\\/\\\/vitablanca.ma\\\/#\\\/schema\\\/logo\\\/image\\\/\"},\"sameAs\":[\"https:\\\/\\\/www.facebook.com\\\/profile.php?id=61576678196717\",\"https:\\\/\\\/www.tiktok.com\\\/@vitablanca.ma\",\"https:\\\/\\\/www.instagram.com\\\/vitablanca.ma\\\/\"]}]}<\/script>\n<!-- \/ Yoast SEO plugin. -->","yoast_head_json":{"title":"Vitis Bain De Bouche Orthodontic - Maroc Prix","description":"Le VITIS Bain de Bouche Orthodontic nettoie et prot\u00e8ge efficacement les dents et gencives des porteurs d\u2019appareils dentaires, r\u00e9duisant la plaque .","robots":{"index":"index","follow":"follow","max-snippet":"max-snippet:-1","max-image-preview":"max-image-preview:large","max-video-preview":"max-video-preview:-1"},"canonical":"https:\/\/vitablanca.ma\/ar\/product-2\/vitis-bain-de-bouche-orthodontic\/","og_locale":"ar_AR","og_type":"article","og_title":"Vitis Bain De Bouche Orthodontic - Maroc Prix","og_description":"Le VITIS Bain de Bouche Orthodontic nettoie et prot\u00e8ge efficacement les dents et gencives des porteurs d\u2019appareils dentaires, r\u00e9duisant la plaque .","og_url":"https:\/\/vitablanca.ma\/ar\/product-2\/vitis-bain-de-bouche-orthodontic\/","og_site_name":"Vitablanca.ma &ndash; Sant&eacute;, vitalit&eacute; et bien-&ecirc;tre pour tous les Marocains","article_publisher":"https:\/\/www.facebook.com\/profile.php?id=61576678196717","article_modified_time":"2026-02-04T20:24:42+00:00","og_image":[{"width":1000,"height":1000,"url":"https:\/\/vitablanca.ma\/wp-content\/uploads\/2025\/06\/Vitis-Bain-De-Bouche-Orthodontic-Nova-prapharmacie-maroc-1.jpg","type":"image\/jpeg"}],"twitter_card":"summary_large_image","twitter_misc":{"\u0648\u0642\u062a \u0627\u0644\u0642\u0631\u0627\u0621\u0629 \u0627\u0644\u0645\u064f\u0642\u062f\u0651\u0631":"\u062f\u0642\u064a\u0642\u0629 \u0648\u0627\u062d\u062f\u0629"},"schema":{"@context":"https:\/\/schema.org","@graph":[{"@type":["WebPage","ItemPage"],"@id":"https:\/\/vitablanca.ma\/produit\/vitis-bain-de-bouche-orthodontic\/","url":"https:\/\/vitablanca.ma\/produit\/vitis-bain-de-bouche-orthodontic\/","name":"Vitis Bain De Bouche Orthodontic - Maroc Prix","isPartOf":{"@id":"https:\/\/vitablanca.ma\/#website"},"primaryImageOfPage":{"@id":"https:\/\/vitablanca.ma\/produit\/vitis-bain-de-bouche-orthodontic\/#primaryimage"},"image":{"@id":"https:\/\/vitablanca.ma\/produit\/vitis-bain-de-bouche-orthodontic\/#primaryimage"},"thumbnailUrl":"https:\/\/vitablanca.ma\/wp-content\/uploads\/2025\/06\/Vitis-Bain-De-Bouche-Orthodontic-Nova-prapharmacie-maroc-1.jpg","datePublished":"2025-06-11T21:54:18+00:00","dateModified":"2026-02-04T20:24:42+00:00","description":"Le VITIS Bain de Bouche Orthodontic nettoie et prot\u00e8ge efficacement les dents et gencives des porteurs d\u2019appareils dentaires, r\u00e9duisant la plaque .","breadcrumb":{"@id":"https:\/\/vitablanca.ma\/produit\/vitis-bain-de-bouche-orthodontic\/#breadcrumb"},"inLanguage":"ar","potentialAction":[{"@type":"ReadAction","target":["https:\/\/vitablanca.ma\/produit\/vitis-bain-de-bouche-orthodontic\/"]}]},{"@type":"ImageObject","inLanguage":"ar","@id":"https:\/\/vitablanca.ma\/produit\/vitis-bain-de-bouche-orthodontic\/#primaryimage","url":"https:\/\/vitablanca.ma\/wp-content\/uploads\/2025\/06\/Vitis-Bain-De-Bouche-Orthodontic-Nova-prapharmacie-maroc-1.jpg","contentUrl":"https:\/\/vitablanca.ma\/wp-content\/uploads\/2025\/06\/Vitis-Bain-De-Bouche-Orthodontic-Nova-prapharmacie-maroc-1.jpg","width":1000,"height":1000},{"@type":"BreadcrumbList","@id":"https:\/\/vitablanca.ma\/produit\/vitis-bain-de-bouche-orthodontic\/#breadcrumb","itemListElement":[{"@type":"ListItem","position":1,"name":"Home","item":"https:\/\/vitablanca.ma\/"},{"@type":"ListItem","position":2,"name":"Tous Les Produits","item":"https:\/\/vitablanca.ma\/tous-les-produits\/"},{"@type":"ListItem","position":3,"name":"Vitis Bain De Bouche Orthodontic"}]},{"@type":"WebSite","@id":"https:\/\/vitablanca.ma\/#website","url":"https:\/\/vitablanca.ma\/","name":"VitaBlanca.ma | \u0627\u0644\u0645\u0643\u0645\u0644\u0627\u062a \u0627\u0644\u063a\u0630\u0627\u0626\u064a\u0629\u060c \u0627\u0644\u0635\u062d\u0629 \u0648\u0627\u0644\u062c\u0645\u0627\u0644 \u0641\u064a \u0627\u0644\u0645\u063a\u0631\u0628","description":"\u0646\u0628\u064a\u0639 \u0641\u064a\u062a\u0627\u0645\u064a\u0646\u0627\u062a \u0648\u0645\u0643\u0645\u0644\u0627\u062a \u063a\u0630\u0627\u0626\u064a\u0629 \u0641\u0627\u062e\u0631\u0629 \u0645\u0646 \u0627\u0644\u0648\u0644\u0627\u064a\u0627\u062a \u0627\u0644\u0645\u062a\u062d\u062f\u0629 \u0627\u0644\u0623\u0645\u0631\u064a\u0643\u064a\u0629 \u0648\u0643\u0646\u062f\u0627 \u0648\u0646\u064a\u0648\u0632\u064a\u0644\u0646\u062f\u0627 \u0648\u0627\u0644\u0645\u063a\u0631\u0628 (\u0646\u0627\u0648 \u0641\u0648\u062f\u0632\u060c \u0633\u0648\u0644\u062c\u0627\u0631\u060c \u0645\u0627\u0646\u0648\u0643\u0627). \u062a\u0648\u0635\u064a\u0644 \u0633\u0631\u064a\u0639 \u0625\u0644\u0649 \u062c\u0645\u064a\u0639 \u0623\u0646\u062d\u0627\u0621 \u0627\u0644\u0645\u063a\u0631\u0628.","publisher":{"@id":"https:\/\/vitablanca.ma\/#organization"},"alternateName":"VitaBlanca.ma","potentialAction":[{"@type":"SearchAction","target":{"@type":"EntryPoint","urlTemplate":"https:\/\/vitablanca.ma\/?s={search_term_string}"},"query-input":{"@type":"PropertyValueSpecification","valueRequired":true,"valueName":"search_term_string"}}],"inLanguage":"ar"},{"@type":"Organization","@id":"https:\/\/vitablanca.ma\/#organization","name":"\u0641\u064a\u062a\u0627\u0628\u0644\u0627\u0646\u0643\u0627","url":"https:\/\/vitablanca.ma\/","logo":{"@type":"ImageObject","inLanguage":"ar","@id":"https:\/\/vitablanca.ma\/#\/schema\/logo\/image\/","url":"https:\/\/vitablanca.ma\/wp-content\/uploads\/2025\/05\/cropped-vitablanca.png","contentUrl":"https:\/\/vitablanca.ma\/wp-content\/uploads\/2025\/05\/cropped-vitablanca.png","width":360,"height":67,"caption":"VitaBlanca"},"image":{"@id":"https:\/\/vitablanca.ma\/#\/schema\/logo\/image\/"},"sameAs":["https:\/\/www.facebook.com\/profile.php?id=61576678196717","https:\/\/www.tiktok.com\/@vitablanca.ma","https:\/\/www.instagram.com\/vitablanca.ma\/"]}]}},"jetpack_sharing_enabled":true,"_links":{"self":[{"href":"https:\/\/vitablanca.ma\/ar\/wp-json\/wp\/v2\/product\/22266","targetHints":{"allow":["GET"]}}],"collection":[{"href":"https:\/\/vitablanca.ma\/ar\/wp-json\/wp\/v2\/product"}],"about":[{"href":"https:\/\/vitablanca.ma\/ar\/wp-json\/wp\/v2\/types\/product"}],"wp:featuredmedia":[{"embeddable":true,"href":"https:\/\/vitablanca.ma\/ar\/wp-json\/wp\/v2\/media\/22264"}],"wp:attachment":[{"href":"https:\/\/vitablanca.ma\/ar\/wp-json\/wp\/v2\/media?parent=22266"}],"wp:term":[{"taxonomy":"product_brand","embeddable":true,"href":"https:\/\/vitablanca.ma\/ar\/wp-json\/wp\/v2\/product_brand?post=22266"},{"taxonomy":"product_cat","embeddable":true,"href":"https:\/\/vitablanca.ma\/ar\/wp-json\/wp\/v2\/product_cat?post=22266"},{"taxonomy":"product_tag","embeddable":true,"href":"https:\/\/vitablanca.ma\/ar\/wp-json\/wp\/v2\/product_tag?post=22266"}],"curies":[{"name":"wp","href":"https:\/\/api.w.org\/{rel}","templated":true}]}}