{"id":22257,"date":"2025-06-11T21:54:04","date_gmt":"2025-06-11T21:54:04","guid":{"rendered":"https:\/\/vitablanca.ma\/product\/vitis-dentifrice-whitening-100ml\/"},"modified":"2026-02-04T20:39:59","modified_gmt":"2026-02-04T20:39:59","slug":"vitis-dentifrice-whitening-100ml","status":"publish","type":"product","link":"https:\/\/vitablanca.ma\/ar\/product-2\/vitis-dentifrice-whitening-100ml\/","title":{"rendered":"\u0645\u0639\u062c\u0648\u0646 \u0623\u0633\u0646\u0627\u0646 \u0641\u064a\u062a\u064a\u0633 \u0644\u062a\u0628\u064a\u064a\u0636 \u0627\u0644\u0623\u0633\u0646\u0627\u0646 100 \u0645\u0644"},"content":{"rendered":"<h2>Vitis Dentifrice Whitening <span data-mce-fragment=\"1\">convient donc particuli\u00e8rement bien \u00e0 un usage quotidien.<\/span><\/h2>\n<p>VITIS Whitening Dentifrice\u00a0restaure la blancheur fraiche naturelle des dents efficacement et rapidement. Il ne contient pas de peroxyde ou de composants abrasifs et\u00a0convient donc particuli\u00e8rement bien \u00e0 un usage quotidien.\u00a0La puissance de VITIS Whitening r\u00e9side dans la DENTAID haprepair\u00a0technologie<sup>\u00ae<\/sup>\u00a0\u0628\u062e\u0645\u0633\u0629 \u0625\u062c\u0631\u0627\u0621\u0627\u062a \u0645\u064f\u0637\u0648\u0651\u0631\u0629 \u0644\u062a\u0628\u064a\u064a\u0636 \u0627\u0644\u0623\u0633\u0646\u0627\u0646 \u0628\u062a\u0642\u0646\u064a\u0629 VITIS. \u064a\u0639\u0645\u0644 \u0627\u0644\u0645\u0646\u062a\u062c \u0628\u0641\u0636\u0644 \u062c\u0632\u064a\u0626\u0627\u062a \u0647\u064a\u062f\u0631\u0648\u0643\u0633\u064a \u0623\u0628\u0627\u062a\u064a\u062a \u062f\u0642\u064a\u0642\u0629 \u062a\u0644\u062a\u0635\u0642 \u0628\u0633\u0637\u062d \u0627\u0644\u0623\u0633\u0646\u0627\u0646. \u064a\u0633\u0645\u062d \u062d\u062c\u0645\u0647\u0627 \u0627\u0644\u0635\u063a\u064a\u0631 \u0628\u0627\u0645\u062a\u0635\u0627\u0635\u0647\u0627 \u0628\u0627\u0644\u0643\u0627\u0645\u0644 \u0628\u0648\u0627\u0633\u0637\u0629 \u0645\u064a\u0646\u0627 \u0648\u0639\u0627\u062c \u0627\u0644\u0623\u0633\u0646\u0627\u0646\u060c \u0645\u0645\u0627 \u064a\u064f\u0633\u0627\u0639\u062f \u0639\u0644\u0649 \u0645\u0644\u0621 \u0627\u0644\u0641\u0631\u0627\u063a\u0627\u062a \u0648\u0627\u0644\u062b\u0642\u0648\u0628 \u0641\u064a \u0633\u0637\u062d \u0627\u0644\u0623\u0633\u0646\u0627\u0646. \u062a\u0635\u0628\u062d \u0627\u0644\u0623\u0633\u0646\u0627\u0646 \u0623\u0643\u062b\u0631 \u0646\u0639\u0648\u0645\u0629\u064b \u0648\u0644\u0645\u0639\u0627\u0646\u064b\u0627\u060c \u0648\u062a\u0633\u062a\u0639\u064a\u062f \u0628\u064a\u0627\u0636\u0647\u0627.<\/p>\n<ul>\n<li>Restaure la blancheur naturelle des dents<\/li>\n<li>L&rsquo;action quintuple restaure l&rsquo;\u00e9mail des dents, \u00e9limine la plaque dentaire et combat l&rsquo;accumulation de tartre<\/li>\n<li>La faible valeur RDA rend le dentifrice VITIS Whitening s\u00fbr pour la surface des dents<\/li>\n<li>Convient \u00e0 un usage quotidien<\/li>\n<li>Ne contient pas de peroxydes ou des composants abrasifs<\/li>\n<\/ul>\n<h3>\u0625\u0634\u0627\u0631\u0629<\/h3>\n<section class=\"tabs-wrapper container-fluid extra-outer-padding\">\n<div class=\"tab-component\">\n<div class=\"vue-tabs-component\">\n<div class=\"tab-content text-formatted\" aria-labelledby=\"750\">\n<div class=\"tab-text container\">\n<p>Le dentifrice VITIS Whitening est sp\u00e9cialement con\u00e7u pour les patients qui souhaitent retrouver la blancheur naturelle de leurs dents. VITIS Whitening est un produit d&rsquo;hygi\u00e8ne bucco-dentaire quotidien s\u00fbr, sans agent de blanchiment ni peroxydes. Nous recommandons de rincer avec VITIS Whitening Bain de bouche, afin que les substances actives restent dans la bouche pour un r\u00e9sultat maximal. VITIS Whitening est tr\u00e8s adapt\u00e9 \u00e0 un usage quotidien, gr\u00e2ce \u00e0 l&rsquo;absence de peroxydes ou d&rsquo;abrasifs.<\/p>\n<\/div>\n<\/div>\n<\/div>\n<\/div>\n<\/section>","protected":false},"excerpt":{"rendered":"<p>Vitis Dentifrice Whitening convient donc particuli\u00e8rement bien \u00e0 un usage quotidien. VITIS Whitening Dentifrice\u00a0restaure la blancheur fraiche naturelle des dents efficacement et rapidement. Il ne contient pas de peroxyde ou de composants abrasifs et\u00a0convient donc particuli\u00e8rement bien \u00e0 un usage quotidien.\u00a0La puissance de VITIS Whitening r\u00e9side dans la DENTAID haprepair\u00a0technologie\u00ae\u00a0en 5 actions mise au point [&hellip;]<\/p>\n","protected":false},"featured_media":22255,"template":"","meta":{"om_disable_all_campaigns":false},"product_brand":[],"product_cat":[15],"product_tag":[6141,7051,7734,6256,7735,6254,7657,7699,6392,7643],"class_list":{"0":"post-22257","1":"product","2":"type-product","3":"status-publish","4":"has-post-thumbnail","6":"product_cat-beaute-sante-complements-alimentaires-soins-et-bien-etre-au-meilleur-prix","7":"product_tag-100-ml","8":"product_tag-blanchiment-dentaire","9":"product_tag-dentifrice-whitening","10":"product_tag-dents-blanches","11":"product_tag-elimination-taches-superficielles","12":"product_tag-hygiene-bucco-dentaire","13":"product_tag-protection-email","14":"product_tag-soin-gencives","15":"product_tag-usage-quotidien","16":"product_tag-vitis","18":"first","19":"instock","20":"sale","21":"taxable","22":"shipping-taxable","23":"purchasable","24":"product-type-simple"},"yoast_head":"<!-- This site is optimized with the Yoast SEO plugin v27.4 - https:\/\/yoast.com\/product\/yoast-seo-wordpress\/ -->\n<title>Vitis Dentifrice Whitening 100 ml - Maroc Prix<\/title>\n<meta name=\"description\" content=\"Le VITIS Dentifrice Whitening 100 ml aide \u00e0 \u00e9liminer les taches superficielles, blanchit les dents et prot\u00e8ge l\u2019\u00e9mail pour une sourire \u00e9clatant .\" \/>\n<meta name=\"robots\" content=\"index, follow, max-snippet:-1, max-image-preview:large, max-video-preview:-1\" \/>\n<link rel=\"canonical\" href=\"https:\/\/vitablanca.ma\/ar\/product-2\/vitis-dentifrice-whitening-100ml\/\" \/>\n<meta property=\"og:locale\" content=\"ar_AR\" \/>\n<meta property=\"og:type\" content=\"article\" \/>\n<meta property=\"og:title\" content=\"Vitis Dentifrice Whitening 100 ml - Maroc Prix\" \/>\n<meta property=\"og:description\" content=\"Le VITIS Dentifrice Whitening 100 ml aide \u00e0 \u00e9liminer les taches superficielles, blanchit les dents et prot\u00e8ge l\u2019\u00e9mail pour une sourire \u00e9clatant .\" \/>\n<meta property=\"og:url\" content=\"https:\/\/vitablanca.ma\/ar\/product-2\/vitis-dentifrice-whitening-100ml\/\" \/>\n<meta property=\"og:site_name\" content=\"Vitablanca.ma &ndash; Sant&eacute;, vitalit&eacute; et bien-&ecirc;tre pour tous les Marocains\" \/>\n<meta property=\"article:publisher\" content=\"https:\/\/www.facebook.com\/profile.php?id=61576678196717\" \/>\n<meta property=\"article:modified_time\" content=\"2026-02-04T20:39:59+00:00\" \/>\n<meta property=\"og:image\" content=\"https:\/\/vitablanca.ma\/wp-content\/uploads\/2025\/06\/Vitis-Dentifrice-Whitening-nova-parapharmacie-maroc-1.jpg\" \/>\n\t<meta property=\"og:image:width\" content=\"1000\" \/>\n\t<meta property=\"og:image:height\" content=\"1000\" \/>\n\t<meta property=\"og:image:type\" content=\"image\/jpeg\" \/>\n<meta name=\"twitter:card\" content=\"summary_large_image\" \/>\n<meta name=\"twitter:label1\" content=\"\u0648\u0642\u062a \u0627\u0644\u0642\u0631\u0627\u0621\u0629 \u0627\u0644\u0645\u064f\u0642\u062f\u0651\u0631\" \/>\n\t<meta name=\"twitter:data1\" content=\"\u062f\u0642\u064a\u0642\u062a\u0627\u0646\" \/>\n<script type=\"application\/ld+json\" class=\"yoast-schema-graph\">{\"@context\":\"https:\\\/\\\/schema.org\",\"@graph\":[{\"@type\":[\"WebPage\",\"ItemPage\"],\"@id\":\"https:\\\/\\\/vitablanca.ma\\\/produit\\\/vitis-dentifrice-whitening-100ml\\\/\",\"url\":\"https:\\\/\\\/vitablanca.ma\\\/produit\\\/vitis-dentifrice-whitening-100ml\\\/\",\"name\":\"Vitis Dentifrice Whitening 100 ml - Maroc Prix\",\"isPartOf\":{\"@id\":\"https:\\\/\\\/vitablanca.ma\\\/#website\"},\"primaryImageOfPage\":{\"@id\":\"https:\\\/\\\/vitablanca.ma\\\/produit\\\/vitis-dentifrice-whitening-100ml\\\/#primaryimage\"},\"image\":{\"@id\":\"https:\\\/\\\/vitablanca.ma\\\/produit\\\/vitis-dentifrice-whitening-100ml\\\/#primaryimage\"},\"thumbnailUrl\":\"https:\\\/\\\/vitablanca.ma\\\/wp-content\\\/uploads\\\/2025\\\/06\\\/Vitis-Dentifrice-Whitening-nova-parapharmacie-maroc-1.jpg\",\"datePublished\":\"2025-06-11T21:54:04+00:00\",\"dateModified\":\"2026-02-04T20:39:59+00:00\",\"description\":\"Le VITIS Dentifrice Whitening 100 ml aide \u00e0 \u00e9liminer les taches superficielles, blanchit les dents et prot\u00e8ge l\u2019\u00e9mail pour une sourire \u00e9clatant .\",\"breadcrumb\":{\"@id\":\"https:\\\/\\\/vitablanca.ma\\\/produit\\\/vitis-dentifrice-whitening-100ml\\\/#breadcrumb\"},\"inLanguage\":\"ar\",\"potentialAction\":[{\"@type\":\"ReadAction\",\"target\":[\"https:\\\/\\\/vitablanca.ma\\\/produit\\\/vitis-dentifrice-whitening-100ml\\\/\"]}]},{\"@type\":\"ImageObject\",\"inLanguage\":\"ar\",\"@id\":\"https:\\\/\\\/vitablanca.ma\\\/produit\\\/vitis-dentifrice-whitening-100ml\\\/#primaryimage\",\"url\":\"https:\\\/\\\/vitablanca.ma\\\/wp-content\\\/uploads\\\/2025\\\/06\\\/Vitis-Dentifrice-Whitening-nova-parapharmacie-maroc-1.jpg\",\"contentUrl\":\"https:\\\/\\\/vitablanca.ma\\\/wp-content\\\/uploads\\\/2025\\\/06\\\/Vitis-Dentifrice-Whitening-nova-parapharmacie-maroc-1.jpg\",\"width\":1000,\"height\":1000},{\"@type\":\"BreadcrumbList\",\"@id\":\"https:\\\/\\\/vitablanca.ma\\\/produit\\\/vitis-dentifrice-whitening-100ml\\\/#breadcrumb\",\"itemListElement\":[{\"@type\":\"ListItem\",\"position\":1,\"name\":\"Home\",\"item\":\"https:\\\/\\\/vitablanca.ma\\\/\"},{\"@type\":\"ListItem\",\"position\":2,\"name\":\"Tous Les Produits\",\"item\":\"https:\\\/\\\/vitablanca.ma\\\/tous-les-produits\\\/\"},{\"@type\":\"ListItem\",\"position\":3,\"name\":\"Vitis Dentifrice Whitening 100ml\"}]},{\"@type\":\"WebSite\",\"@id\":\"https:\\\/\\\/vitablanca.ma\\\/#website\",\"url\":\"https:\\\/\\\/vitablanca.ma\\\/\",\"name\":\"VitaBlanca.ma | Compl\u00e9ments alimentaires, sant\u00e9 & beaut\u00e9 au Maroc\",\"description\":\"vendre vitamines et compl\u00e9ments premium des USA &amp; Canada, Nouvelle Z\u00e9lande,Maroc (NOW Foods, Solgar, Manuka). Livraison rapide partout au Maroc.\",\"publisher\":{\"@id\":\"https:\\\/\\\/vitablanca.ma\\\/#organization\"},\"alternateName\":\"VitaBlanca.ma\",\"potentialAction\":[{\"@type\":\"SearchAction\",\"target\":{\"@type\":\"EntryPoint\",\"urlTemplate\":\"https:\\\/\\\/vitablanca.ma\\\/?s={search_term_string}\"},\"query-input\":{\"@type\":\"PropertyValueSpecification\",\"valueRequired\":true,\"valueName\":\"search_term_string\"}}],\"inLanguage\":\"ar\"},{\"@type\":\"Organization\",\"@id\":\"https:\\\/\\\/vitablanca.ma\\\/#organization\",\"name\":\"VitaBlanca\",\"url\":\"https:\\\/\\\/vitablanca.ma\\\/\",\"logo\":{\"@type\":\"ImageObject\",\"inLanguage\":\"ar\",\"@id\":\"https:\\\/\\\/vitablanca.ma\\\/#\\\/schema\\\/logo\\\/image\\\/\",\"url\":\"https:\\\/\\\/vitablanca.ma\\\/wp-content\\\/uploads\\\/2025\\\/05\\\/cropped-vitablanca.png\",\"contentUrl\":\"https:\\\/\\\/vitablanca.ma\\\/wp-content\\\/uploads\\\/2025\\\/05\\\/cropped-vitablanca.png\",\"width\":360,\"height\":67,\"caption\":\"VitaBlanca\"},\"image\":{\"@id\":\"https:\\\/\\\/vitablanca.ma\\\/#\\\/schema\\\/logo\\\/image\\\/\"},\"sameAs\":[\"https:\\\/\\\/www.facebook.com\\\/profile.php?id=61576678196717\",\"https:\\\/\\\/www.tiktok.com\\\/@vitablanca.ma\",\"https:\\\/\\\/www.instagram.com\\\/vitablanca.ma\\\/\"]}]}<\/script>\n<!-- \/ Yoast SEO plugin. -->","yoast_head_json":{"title":"Vitis Dentifrice Whitening 100 ml - Maroc Prix","description":"Le VITIS Dentifrice Whitening 100 ml aide \u00e0 \u00e9liminer les taches superficielles, blanchit les dents et prot\u00e8ge l\u2019\u00e9mail pour une sourire \u00e9clatant .","robots":{"index":"index","follow":"follow","max-snippet":"max-snippet:-1","max-image-preview":"max-image-preview:large","max-video-preview":"max-video-preview:-1"},"canonical":"https:\/\/vitablanca.ma\/ar\/product-2\/vitis-dentifrice-whitening-100ml\/","og_locale":"ar_AR","og_type":"article","og_title":"Vitis Dentifrice Whitening 100 ml - Maroc Prix","og_description":"Le VITIS Dentifrice Whitening 100 ml aide \u00e0 \u00e9liminer les taches superficielles, blanchit les dents et prot\u00e8ge l\u2019\u00e9mail pour une sourire \u00e9clatant .","og_url":"https:\/\/vitablanca.ma\/ar\/product-2\/vitis-dentifrice-whitening-100ml\/","og_site_name":"Vitablanca.ma &ndash; Sant&eacute;, vitalit&eacute; et bien-&ecirc;tre pour tous les Marocains","article_publisher":"https:\/\/www.facebook.com\/profile.php?id=61576678196717","article_modified_time":"2026-02-04T20:39:59+00:00","og_image":[{"width":1000,"height":1000,"url":"https:\/\/vitablanca.ma\/wp-content\/uploads\/2025\/06\/Vitis-Dentifrice-Whitening-nova-parapharmacie-maroc-1.jpg","type":"image\/jpeg"}],"twitter_card":"summary_large_image","twitter_misc":{"\u0648\u0642\u062a \u0627\u0644\u0642\u0631\u0627\u0621\u0629 \u0627\u0644\u0645\u064f\u0642\u062f\u0651\u0631":"\u062f\u0642\u064a\u0642\u062a\u0627\u0646"},"schema":{"@context":"https:\/\/schema.org","@graph":[{"@type":["WebPage","ItemPage"],"@id":"https:\/\/vitablanca.ma\/produit\/vitis-dentifrice-whitening-100ml\/","url":"https:\/\/vitablanca.ma\/produit\/vitis-dentifrice-whitening-100ml\/","name":"Vitis Dentifrice Whitening 100 ml - Maroc Prix","isPartOf":{"@id":"https:\/\/vitablanca.ma\/#website"},"primaryImageOfPage":{"@id":"https:\/\/vitablanca.ma\/produit\/vitis-dentifrice-whitening-100ml\/#primaryimage"},"image":{"@id":"https:\/\/vitablanca.ma\/produit\/vitis-dentifrice-whitening-100ml\/#primaryimage"},"thumbnailUrl":"https:\/\/vitablanca.ma\/wp-content\/uploads\/2025\/06\/Vitis-Dentifrice-Whitening-nova-parapharmacie-maroc-1.jpg","datePublished":"2025-06-11T21:54:04+00:00","dateModified":"2026-02-04T20:39:59+00:00","description":"Le VITIS Dentifrice Whitening 100 ml aide \u00e0 \u00e9liminer les taches superficielles, blanchit les dents et prot\u00e8ge l\u2019\u00e9mail pour une sourire \u00e9clatant .","breadcrumb":{"@id":"https:\/\/vitablanca.ma\/produit\/vitis-dentifrice-whitening-100ml\/#breadcrumb"},"inLanguage":"ar","potentialAction":[{"@type":"ReadAction","target":["https:\/\/vitablanca.ma\/produit\/vitis-dentifrice-whitening-100ml\/"]}]},{"@type":"ImageObject","inLanguage":"ar","@id":"https:\/\/vitablanca.ma\/produit\/vitis-dentifrice-whitening-100ml\/#primaryimage","url":"https:\/\/vitablanca.ma\/wp-content\/uploads\/2025\/06\/Vitis-Dentifrice-Whitening-nova-parapharmacie-maroc-1.jpg","contentUrl":"https:\/\/vitablanca.ma\/wp-content\/uploads\/2025\/06\/Vitis-Dentifrice-Whitening-nova-parapharmacie-maroc-1.jpg","width":1000,"height":1000},{"@type":"BreadcrumbList","@id":"https:\/\/vitablanca.ma\/produit\/vitis-dentifrice-whitening-100ml\/#breadcrumb","itemListElement":[{"@type":"ListItem","position":1,"name":"Home","item":"https:\/\/vitablanca.ma\/"},{"@type":"ListItem","position":2,"name":"Tous Les Produits","item":"https:\/\/vitablanca.ma\/tous-les-produits\/"},{"@type":"ListItem","position":3,"name":"Vitis Dentifrice Whitening 100ml"}]},{"@type":"WebSite","@id":"https:\/\/vitablanca.ma\/#website","url":"https:\/\/vitablanca.ma\/","name":"VitaBlanca.ma | \u0627\u0644\u0645\u0643\u0645\u0644\u0627\u062a \u0627\u0644\u063a\u0630\u0627\u0626\u064a\u0629\u060c \u0627\u0644\u0635\u062d\u0629 \u0648\u0627\u0644\u062c\u0645\u0627\u0644 \u0641\u064a \u0627\u0644\u0645\u063a\u0631\u0628","description":"\u0646\u0628\u064a\u0639 \u0641\u064a\u062a\u0627\u0645\u064a\u0646\u0627\u062a \u0648\u0645\u0643\u0645\u0644\u0627\u062a \u063a\u0630\u0627\u0626\u064a\u0629 \u0641\u0627\u062e\u0631\u0629 \u0645\u0646 \u0627\u0644\u0648\u0644\u0627\u064a\u0627\u062a \u0627\u0644\u0645\u062a\u062d\u062f\u0629 \u0627\u0644\u0623\u0645\u0631\u064a\u0643\u064a\u0629 \u0648\u0643\u0646\u062f\u0627 \u0648\u0646\u064a\u0648\u0632\u064a\u0644\u0646\u062f\u0627 \u0648\u0627\u0644\u0645\u063a\u0631\u0628 (\u0646\u0627\u0648 \u0641\u0648\u062f\u0632\u060c \u0633\u0648\u0644\u062c\u0627\u0631\u060c \u0645\u0627\u0646\u0648\u0643\u0627). \u062a\u0648\u0635\u064a\u0644 \u0633\u0631\u064a\u0639 \u0625\u0644\u0649 \u062c\u0645\u064a\u0639 \u0623\u0646\u062d\u0627\u0621 \u0627\u0644\u0645\u063a\u0631\u0628.","publisher":{"@id":"https:\/\/vitablanca.ma\/#organization"},"alternateName":"VitaBlanca.ma","potentialAction":[{"@type":"SearchAction","target":{"@type":"EntryPoint","urlTemplate":"https:\/\/vitablanca.ma\/?s={search_term_string}"},"query-input":{"@type":"PropertyValueSpecification","valueRequired":true,"valueName":"search_term_string"}}],"inLanguage":"ar"},{"@type":"Organization","@id":"https:\/\/vitablanca.ma\/#organization","name":"\u0641\u064a\u062a\u0627\u0628\u0644\u0627\u0646\u0643\u0627","url":"https:\/\/vitablanca.ma\/","logo":{"@type":"ImageObject","inLanguage":"ar","@id":"https:\/\/vitablanca.ma\/#\/schema\/logo\/image\/","url":"https:\/\/vitablanca.ma\/wp-content\/uploads\/2025\/05\/cropped-vitablanca.png","contentUrl":"https:\/\/vitablanca.ma\/wp-content\/uploads\/2025\/05\/cropped-vitablanca.png","width":360,"height":67,"caption":"VitaBlanca"},"image":{"@id":"https:\/\/vitablanca.ma\/#\/schema\/logo\/image\/"},"sameAs":["https:\/\/www.facebook.com\/profile.php?id=61576678196717","https:\/\/www.tiktok.com\/@vitablanca.ma","https:\/\/www.instagram.com\/vitablanca.ma\/"]}]}},"jetpack_sharing_enabled":true,"_links":{"self":[{"href":"https:\/\/vitablanca.ma\/ar\/wp-json\/wp\/v2\/product\/22257","targetHints":{"allow":["GET"]}}],"collection":[{"href":"https:\/\/vitablanca.ma\/ar\/wp-json\/wp\/v2\/product"}],"about":[{"href":"https:\/\/vitablanca.ma\/ar\/wp-json\/wp\/v2\/types\/product"}],"wp:featuredmedia":[{"embeddable":true,"href":"https:\/\/vitablanca.ma\/ar\/wp-json\/wp\/v2\/media\/22255"}],"wp:attachment":[{"href":"https:\/\/vitablanca.ma\/ar\/wp-json\/wp\/v2\/media?parent=22257"}],"wp:term":[{"taxonomy":"product_brand","embeddable":true,"href":"https:\/\/vitablanca.ma\/ar\/wp-json\/wp\/v2\/product_brand?post=22257"},{"taxonomy":"product_cat","embeddable":true,"href":"https:\/\/vitablanca.ma\/ar\/wp-json\/wp\/v2\/product_cat?post=22257"},{"taxonomy":"product_tag","embeddable":true,"href":"https:\/\/vitablanca.ma\/ar\/wp-json\/wp\/v2\/product_tag?post=22257"}],"curies":[{"name":"wp","href":"https:\/\/api.w.org\/{rel}","templated":true}]}}