{"id":22253,"date":"2025-06-11T21:54:00","date_gmt":"2025-06-11T21:54:00","guid":{"rendered":"https:\/\/vitablanca.ma\/product\/vitis-brosse-a-dent-gingival\/"},"modified":"2026-02-04T20:44:08","modified_gmt":"2026-02-04T20:44:08","slug":"vitis-brosse-a-dent-gingival","status":"publish","type":"product","link":"https:\/\/vitablanca.ma\/ar\/product-2\/vitis-brosse-a-dent-gingival\/","title":{"rendered":"\u0641\u0631\u0634\u0627\u0629 \u0623\u0633\u0646\u0627\u0646 \u0641\u064a\u062a\u064a\u0633 \u062c\u064a\u0646\u062c\u064a\u0641\u0627\u0644"},"content":{"rendered":"<h2>\u0641\u0631\u0634\u0627\u0629 \u0623\u0633\u0646\u0627\u0646 \u0641\u064a\u062a\u064a\u0633 \u062c\u064a\u0646\u062c\u064a\u0641\u0627\u0644\u00a0<span data-mce-fragment=\"1\">pour les gencives sensibles ou dans les cas d&rsquo;inflammation pour un usage quotidien.<\/span><\/h2>\n<p>La brosse \u00e0 dents\u00a0<strong>Vitis Gingival<\/strong>\u00a0est conseill\u00e9e pour les gencives sensibles ou dans les cas d&rsquo;inflammation pour un usage quotidien.<\/p>\n<h3 data-mce-fragment=\"1\">\u064a\u0633\u062a\u062e\u062f\u0645<\/h3>\n<p data-mce-fragment=\"1\">La brosse \u00e0 dents<span data-mce-fragment=\"1\">\u00a0<\/span><strong data-mce-fragment=\"1\">Vitis Gingival<\/strong><span data-mce-fragment=\"1\">\u00a0<\/span>a une brosse \u00e0 petite t\u00eate avec des poils arrondis. Les filaments en Tynex sont gages d&rsquo;efficacit\u00e9 et de durabilit\u00e9. La Vitis Gingival gr\u00e2ce \u00e0 sa petite t\u00eate facilite le brossage \u00e0 l&rsquo;arri\u00e8re de la bouche et \u00e9limine le plaque dentaire tout en respectant vos gencives sensibles.<\/p>\n<p data-mce-fragment=\"1\"><em data-mce-fragment=\"1\"><strong data-mce-fragment=\"1\">La Vitis Gingivale est conseill\u00e9e pour les gencives sensibles et\/ou dans les cas d&rsquo;inflammation.<\/strong><\/em><\/p>","protected":false},"excerpt":{"rendered":"<p>Vitis Brosse \u00c0 Dent Gingival\u00a0pour les gencives sensibles ou dans les cas d&rsquo;inflammation pour un usage quotidien. La brosse \u00e0 dents\u00a0Vitis Gingival\u00a0est conseill\u00e9e pour les gencives sensibles ou dans les cas d&rsquo;inflammation pour un usage quotidien. Utilisation La brosse \u00e0 dents\u00a0Vitis Gingival\u00a0a une brosse \u00e0 petite t\u00eate avec des poils arrondis. Les filaments en Tynex [&hellip;]<\/p>\n","protected":false},"featured_media":22252,"template":"","meta":{"om_disable_all_campaigns":false},"product_brand":[],"product_cat":[15],"product_tag":[7736,6682,7646,6254,6178,7737,7699,6392,7643],"class_list":{"0":"post-22253","1":"product","2":"type-product","3":"status-publish","4":"has-post-thumbnail","6":"product_cat-beaute-sante-complements-alimentaires-soins-et-bien-etre-au-meilleur-prix","7":"product_tag-brosse-a-dents-gingival","8":"product_tag-dents-propres","9":"product_tag-gencives-sensibles","10":"product_tag-hygiene-bucco-dentaire","11":"product_tag-nettoyage-doux","12":"product_tag-prevention-plaque-dentaire","13":"product_tag-soin-gencives","14":"product_tag-usage-quotidien","15":"product_tag-vitis","17":"first","18":"instock","19":"sale","20":"taxable","21":"shipping-taxable","22":"purchasable","23":"product-type-simple"},"yoast_head":"<!-- This site is optimized with the Yoast SEO plugin v27.4 - https:\/\/yoast.com\/product\/yoast-seo-wordpress\/ -->\n<title>VITIS Brosse \u00e0 Dents Gingival - Maroc Prix<\/title>\n<meta name=\"description\" content=\"La VITIS Brosse \u00e0 Dents Gingival nettoie efficacement tout en respectant les gencives sensibles, aidant \u00e0 pr\u00e9venir la plaque dentaire\" \/>\n<meta name=\"robots\" content=\"index, follow, max-snippet:-1, max-image-preview:large, max-video-preview:-1\" \/>\n<link rel=\"canonical\" href=\"https:\/\/vitablanca.ma\/ar\/product-2\/vitis-brosse-a-dent-gingival\/\" \/>\n<meta property=\"og:locale\" content=\"ar_AR\" \/>\n<meta property=\"og:type\" content=\"article\" \/>\n<meta property=\"og:title\" content=\"VITIS Brosse \u00e0 Dents Gingival - Maroc Prix\" \/>\n<meta property=\"og:description\" content=\"La VITIS Brosse \u00e0 Dents Gingival nettoie efficacement tout en respectant les gencives sensibles, aidant \u00e0 pr\u00e9venir la plaque dentaire\" \/>\n<meta property=\"og:url\" content=\"https:\/\/vitablanca.ma\/ar\/product-2\/vitis-brosse-a-dent-gingival\/\" \/>\n<meta property=\"og:site_name\" content=\"Vitablanca.ma &ndash; Sant&eacute;, vitalit&eacute; et bien-&ecirc;tre pour tous les Marocains\" \/>\n<meta property=\"article:publisher\" content=\"https:\/\/www.facebook.com\/profile.php?id=61576678196717\" \/>\n<meta property=\"article:modified_time\" content=\"2026-02-04T20:44:08+00:00\" \/>\n<meta property=\"og:image\" content=\"https:\/\/vitablanca.ma\/wp-content\/uploads\/2025\/06\/Vitis-Brosse-A-Dent-Gingival-Nova-prapharmacie-maroc-1.jpg\" \/>\n\t<meta property=\"og:image:width\" content=\"1000\" \/>\n\t<meta property=\"og:image:height\" content=\"1000\" \/>\n\t<meta property=\"og:image:type\" content=\"image\/jpeg\" \/>\n<meta name=\"twitter:card\" content=\"summary_large_image\" \/>\n<meta name=\"twitter:label1\" content=\"\u0648\u0642\u062a \u0627\u0644\u0642\u0631\u0627\u0621\u0629 \u0627\u0644\u0645\u064f\u0642\u062f\u0651\u0631\" \/>\n\t<meta name=\"twitter:data1\" content=\"\u062f\u0642\u064a\u0642\u0629 \u0648\u0627\u062d\u062f\u0629\" \/>\n<script type=\"application\/ld+json\" class=\"yoast-schema-graph\">{\"@context\":\"https:\\\/\\\/schema.org\",\"@graph\":[{\"@type\":[\"WebPage\",\"ItemPage\"],\"@id\":\"https:\\\/\\\/vitablanca.ma\\\/produit\\\/vitis-brosse-a-dent-gingival\\\/\",\"url\":\"https:\\\/\\\/vitablanca.ma\\\/produit\\\/vitis-brosse-a-dent-gingival\\\/\",\"name\":\"VITIS Brosse \u00e0 Dents Gingival - Maroc Prix\",\"isPartOf\":{\"@id\":\"https:\\\/\\\/vitablanca.ma\\\/#website\"},\"primaryImageOfPage\":{\"@id\":\"https:\\\/\\\/vitablanca.ma\\\/produit\\\/vitis-brosse-a-dent-gingival\\\/#primaryimage\"},\"image\":{\"@id\":\"https:\\\/\\\/vitablanca.ma\\\/produit\\\/vitis-brosse-a-dent-gingival\\\/#primaryimage\"},\"thumbnailUrl\":\"https:\\\/\\\/vitablanca.ma\\\/wp-content\\\/uploads\\\/2025\\\/06\\\/Vitis-Brosse-A-Dent-Gingival-Nova-prapharmacie-maroc-1.jpg\",\"datePublished\":\"2025-06-11T21:54:00+00:00\",\"dateModified\":\"2026-02-04T20:44:08+00:00\",\"description\":\"La VITIS Brosse \u00e0 Dents Gingival nettoie efficacement tout en respectant les gencives sensibles, aidant \u00e0 pr\u00e9venir la plaque dentaire\",\"breadcrumb\":{\"@id\":\"https:\\\/\\\/vitablanca.ma\\\/produit\\\/vitis-brosse-a-dent-gingival\\\/#breadcrumb\"},\"inLanguage\":\"ar\",\"potentialAction\":[{\"@type\":\"ReadAction\",\"target\":[\"https:\\\/\\\/vitablanca.ma\\\/produit\\\/vitis-brosse-a-dent-gingival\\\/\"]}]},{\"@type\":\"ImageObject\",\"inLanguage\":\"ar\",\"@id\":\"https:\\\/\\\/vitablanca.ma\\\/produit\\\/vitis-brosse-a-dent-gingival\\\/#primaryimage\",\"url\":\"https:\\\/\\\/vitablanca.ma\\\/wp-content\\\/uploads\\\/2025\\\/06\\\/Vitis-Brosse-A-Dent-Gingival-Nova-prapharmacie-maroc-1.jpg\",\"contentUrl\":\"https:\\\/\\\/vitablanca.ma\\\/wp-content\\\/uploads\\\/2025\\\/06\\\/Vitis-Brosse-A-Dent-Gingival-Nova-prapharmacie-maroc-1.jpg\",\"width\":1000,\"height\":1000},{\"@type\":\"BreadcrumbList\",\"@id\":\"https:\\\/\\\/vitablanca.ma\\\/produit\\\/vitis-brosse-a-dent-gingival\\\/#breadcrumb\",\"itemListElement\":[{\"@type\":\"ListItem\",\"position\":1,\"name\":\"Home\",\"item\":\"https:\\\/\\\/vitablanca.ma\\\/\"},{\"@type\":\"ListItem\",\"position\":2,\"name\":\"Tous Les Produits\",\"item\":\"https:\\\/\\\/vitablanca.ma\\\/tous-les-produits\\\/\"},{\"@type\":\"ListItem\",\"position\":3,\"name\":\"Vitis Brosse \u00c0 Dent Gingival\"}]},{\"@type\":\"WebSite\",\"@id\":\"https:\\\/\\\/vitablanca.ma\\\/#website\",\"url\":\"https:\\\/\\\/vitablanca.ma\\\/\",\"name\":\"VitaBlanca.ma | Compl\u00e9ments alimentaires, sant\u00e9 & beaut\u00e9 au Maroc\",\"description\":\"vendre vitamines et compl\u00e9ments premium des USA &amp; Canada, Nouvelle Z\u00e9lande,Maroc (NOW Foods, Solgar, Manuka). Livraison rapide partout au Maroc.\",\"publisher\":{\"@id\":\"https:\\\/\\\/vitablanca.ma\\\/#organization\"},\"alternateName\":\"VitaBlanca.ma\",\"potentialAction\":[{\"@type\":\"SearchAction\",\"target\":{\"@type\":\"EntryPoint\",\"urlTemplate\":\"https:\\\/\\\/vitablanca.ma\\\/?s={search_term_string}\"},\"query-input\":{\"@type\":\"PropertyValueSpecification\",\"valueRequired\":true,\"valueName\":\"search_term_string\"}}],\"inLanguage\":\"ar\"},{\"@type\":\"Organization\",\"@id\":\"https:\\\/\\\/vitablanca.ma\\\/#organization\",\"name\":\"VitaBlanca\",\"url\":\"https:\\\/\\\/vitablanca.ma\\\/\",\"logo\":{\"@type\":\"ImageObject\",\"inLanguage\":\"ar\",\"@id\":\"https:\\\/\\\/vitablanca.ma\\\/#\\\/schema\\\/logo\\\/image\\\/\",\"url\":\"https:\\\/\\\/vitablanca.ma\\\/wp-content\\\/uploads\\\/2025\\\/05\\\/cropped-vitablanca.png\",\"contentUrl\":\"https:\\\/\\\/vitablanca.ma\\\/wp-content\\\/uploads\\\/2025\\\/05\\\/cropped-vitablanca.png\",\"width\":360,\"height\":67,\"caption\":\"VitaBlanca\"},\"image\":{\"@id\":\"https:\\\/\\\/vitablanca.ma\\\/#\\\/schema\\\/logo\\\/image\\\/\"},\"sameAs\":[\"https:\\\/\\\/www.facebook.com\\\/profile.php?id=61576678196717\",\"https:\\\/\\\/www.tiktok.com\\\/@vitablanca.ma\",\"https:\\\/\\\/www.instagram.com\\\/vitablanca.ma\\\/\"]}]}<\/script>\n<!-- \/ Yoast SEO plugin. -->","yoast_head_json":{"title":"VITIS Brosse \u00e0 Dents Gingival - Maroc Prix","description":"La VITIS Brosse \u00e0 Dents Gingival nettoie efficacement tout en respectant les gencives sensibles, aidant \u00e0 pr\u00e9venir la plaque dentaire","robots":{"index":"index","follow":"follow","max-snippet":"max-snippet:-1","max-image-preview":"max-image-preview:large","max-video-preview":"max-video-preview:-1"},"canonical":"https:\/\/vitablanca.ma\/ar\/product-2\/vitis-brosse-a-dent-gingival\/","og_locale":"ar_AR","og_type":"article","og_title":"VITIS Brosse \u00e0 Dents Gingival - Maroc Prix","og_description":"La VITIS Brosse \u00e0 Dents Gingival nettoie efficacement tout en respectant les gencives sensibles, aidant \u00e0 pr\u00e9venir la plaque dentaire","og_url":"https:\/\/vitablanca.ma\/ar\/product-2\/vitis-brosse-a-dent-gingival\/","og_site_name":"Vitablanca.ma &ndash; Sant&eacute;, vitalit&eacute; et bien-&ecirc;tre pour tous les Marocains","article_publisher":"https:\/\/www.facebook.com\/profile.php?id=61576678196717","article_modified_time":"2026-02-04T20:44:08+00:00","og_image":[{"width":1000,"height":1000,"url":"https:\/\/vitablanca.ma\/wp-content\/uploads\/2025\/06\/Vitis-Brosse-A-Dent-Gingival-Nova-prapharmacie-maroc-1.jpg","type":"image\/jpeg"}],"twitter_card":"summary_large_image","twitter_misc":{"\u0648\u0642\u062a \u0627\u0644\u0642\u0631\u0627\u0621\u0629 \u0627\u0644\u0645\u064f\u0642\u062f\u0651\u0631":"\u062f\u0642\u064a\u0642\u0629 \u0648\u0627\u062d\u062f\u0629"},"schema":{"@context":"https:\/\/schema.org","@graph":[{"@type":["WebPage","ItemPage"],"@id":"https:\/\/vitablanca.ma\/produit\/vitis-brosse-a-dent-gingival\/","url":"https:\/\/vitablanca.ma\/produit\/vitis-brosse-a-dent-gingival\/","name":"VITIS Brosse \u00e0 Dents Gingival - Maroc Prix","isPartOf":{"@id":"https:\/\/vitablanca.ma\/#website"},"primaryImageOfPage":{"@id":"https:\/\/vitablanca.ma\/produit\/vitis-brosse-a-dent-gingival\/#primaryimage"},"image":{"@id":"https:\/\/vitablanca.ma\/produit\/vitis-brosse-a-dent-gingival\/#primaryimage"},"thumbnailUrl":"https:\/\/vitablanca.ma\/wp-content\/uploads\/2025\/06\/Vitis-Brosse-A-Dent-Gingival-Nova-prapharmacie-maroc-1.jpg","datePublished":"2025-06-11T21:54:00+00:00","dateModified":"2026-02-04T20:44:08+00:00","description":"La VITIS Brosse \u00e0 Dents Gingival nettoie efficacement tout en respectant les gencives sensibles, aidant \u00e0 pr\u00e9venir la plaque dentaire","breadcrumb":{"@id":"https:\/\/vitablanca.ma\/produit\/vitis-brosse-a-dent-gingival\/#breadcrumb"},"inLanguage":"ar","potentialAction":[{"@type":"ReadAction","target":["https:\/\/vitablanca.ma\/produit\/vitis-brosse-a-dent-gingival\/"]}]},{"@type":"ImageObject","inLanguage":"ar","@id":"https:\/\/vitablanca.ma\/produit\/vitis-brosse-a-dent-gingival\/#primaryimage","url":"https:\/\/vitablanca.ma\/wp-content\/uploads\/2025\/06\/Vitis-Brosse-A-Dent-Gingival-Nova-prapharmacie-maroc-1.jpg","contentUrl":"https:\/\/vitablanca.ma\/wp-content\/uploads\/2025\/06\/Vitis-Brosse-A-Dent-Gingival-Nova-prapharmacie-maroc-1.jpg","width":1000,"height":1000},{"@type":"BreadcrumbList","@id":"https:\/\/vitablanca.ma\/produit\/vitis-brosse-a-dent-gingival\/#breadcrumb","itemListElement":[{"@type":"ListItem","position":1,"name":"Home","item":"https:\/\/vitablanca.ma\/"},{"@type":"ListItem","position":2,"name":"Tous Les Produits","item":"https:\/\/vitablanca.ma\/tous-les-produits\/"},{"@type":"ListItem","position":3,"name":"Vitis Brosse \u00c0 Dent Gingival"}]},{"@type":"WebSite","@id":"https:\/\/vitablanca.ma\/#website","url":"https:\/\/vitablanca.ma\/","name":"VitaBlanca.ma | \u0627\u0644\u0645\u0643\u0645\u0644\u0627\u062a \u0627\u0644\u063a\u0630\u0627\u0626\u064a\u0629\u060c \u0627\u0644\u0635\u062d\u0629 \u0648\u0627\u0644\u062c\u0645\u0627\u0644 \u0641\u064a \u0627\u0644\u0645\u063a\u0631\u0628","description":"\u0646\u0628\u064a\u0639 \u0641\u064a\u062a\u0627\u0645\u064a\u0646\u0627\u062a \u0648\u0645\u0643\u0645\u0644\u0627\u062a \u063a\u0630\u0627\u0626\u064a\u0629 \u0641\u0627\u062e\u0631\u0629 \u0645\u0646 \u0627\u0644\u0648\u0644\u0627\u064a\u0627\u062a \u0627\u0644\u0645\u062a\u062d\u062f\u0629 \u0627\u0644\u0623\u0645\u0631\u064a\u0643\u064a\u0629 \u0648\u0643\u0646\u062f\u0627 \u0648\u0646\u064a\u0648\u0632\u064a\u0644\u0646\u062f\u0627 \u0648\u0627\u0644\u0645\u063a\u0631\u0628 (\u0646\u0627\u0648 \u0641\u0648\u062f\u0632\u060c \u0633\u0648\u0644\u062c\u0627\u0631\u060c \u0645\u0627\u0646\u0648\u0643\u0627). \u062a\u0648\u0635\u064a\u0644 \u0633\u0631\u064a\u0639 \u0625\u0644\u0649 \u062c\u0645\u064a\u0639 \u0623\u0646\u062d\u0627\u0621 \u0627\u0644\u0645\u063a\u0631\u0628.","publisher":{"@id":"https:\/\/vitablanca.ma\/#organization"},"alternateName":"VitaBlanca.ma","potentialAction":[{"@type":"SearchAction","target":{"@type":"EntryPoint","urlTemplate":"https:\/\/vitablanca.ma\/?s={search_term_string}"},"query-input":{"@type":"PropertyValueSpecification","valueRequired":true,"valueName":"search_term_string"}}],"inLanguage":"ar"},{"@type":"Organization","@id":"https:\/\/vitablanca.ma\/#organization","name":"\u0641\u064a\u062a\u0627\u0628\u0644\u0627\u0646\u0643\u0627","url":"https:\/\/vitablanca.ma\/","logo":{"@type":"ImageObject","inLanguage":"ar","@id":"https:\/\/vitablanca.ma\/#\/schema\/logo\/image\/","url":"https:\/\/vitablanca.ma\/wp-content\/uploads\/2025\/05\/cropped-vitablanca.png","contentUrl":"https:\/\/vitablanca.ma\/wp-content\/uploads\/2025\/05\/cropped-vitablanca.png","width":360,"height":67,"caption":"VitaBlanca"},"image":{"@id":"https:\/\/vitablanca.ma\/#\/schema\/logo\/image\/"},"sameAs":["https:\/\/www.facebook.com\/profile.php?id=61576678196717","https:\/\/www.tiktok.com\/@vitablanca.ma","https:\/\/www.instagram.com\/vitablanca.ma\/"]}]}},"jetpack_sharing_enabled":true,"_links":{"self":[{"href":"https:\/\/vitablanca.ma\/ar\/wp-json\/wp\/v2\/product\/22253","targetHints":{"allow":["GET"]}}],"collection":[{"href":"https:\/\/vitablanca.ma\/ar\/wp-json\/wp\/v2\/product"}],"about":[{"href":"https:\/\/vitablanca.ma\/ar\/wp-json\/wp\/v2\/types\/product"}],"wp:featuredmedia":[{"embeddable":true,"href":"https:\/\/vitablanca.ma\/ar\/wp-json\/wp\/v2\/media\/22252"}],"wp:attachment":[{"href":"https:\/\/vitablanca.ma\/ar\/wp-json\/wp\/v2\/media?parent=22253"}],"wp:term":[{"taxonomy":"product_brand","embeddable":true,"href":"https:\/\/vitablanca.ma\/ar\/wp-json\/wp\/v2\/product_brand?post=22253"},{"taxonomy":"product_cat","embeddable":true,"href":"https:\/\/vitablanca.ma\/ar\/wp-json\/wp\/v2\/product_cat?post=22253"},{"taxonomy":"product_tag","embeddable":true,"href":"https:\/\/vitablanca.ma\/ar\/wp-json\/wp\/v2\/product_tag?post=22253"}],"curies":[{"name":"wp","href":"https:\/\/api.w.org\/{rel}","templated":true}]}}