{"id":22161,"date":"2025-06-11T21:47:50","date_gmt":"2025-06-11T21:47:50","guid":{"rendered":"https:\/\/vitablanca.ma\/product\/spirit-cartilage-de-requin-90-comprimes\/"},"modified":"2026-02-04T21:13:44","modified_gmt":"2026-02-04T21:13:44","slug":"spirit-cartilage-de-requin-90-comprimes","status":"publish","type":"product","link":"https:\/\/vitablanca.ma\/ar\/product-2\/spirit-cartilage-de-requin-90-comprimes\/","title":{"rendered":"\u063a\u0636\u0631\u0648\u0641 \u0633\u0645\u0643 \u0627\u0644\u0642\u0631\u0634 \u0627\u0644\u0631\u0648\u062d\u064a 90 \u0642\u0631\u0635\u064b\u0627"},"content":{"rendered":"<h1 class=\"w-post-elm post_title us_custom_92655679 entry-title color_link_inherit\">\u063a\u0636\u0631\u0648\u0641 \u0633\u0645\u0643 \u0627\u0644\u0642\u0631\u0634 \u0627\u0644\u0631\u0648\u062d\u064a 90 \u0642\u0631\u0635\u064b\u0627<\/h1>\n<div class=\"w-post-elm post_content\">\n<p>\u0623\u0642\u0631\u0627\u0635 \u063a\u0636\u0631\u0648\u0641 \u0633\u0645\u0643 \u0627\u0644\u0642\u0631\u0634 \u0627\u0644\u0631\u0648\u062d\u064a \u0647\u064a \u0645\u0643\u0645\u0644 \u063a\u0630\u0627\u0626\u064a \u0645\u064f\u0631\u0643\u0651\u0628 \u0645\u0646 \u063a\u0636\u0631\u0648\u0641 \u0633\u0645\u0643 \u0627\u0644\u0642\u0631\u0634\u060c \u0648\u0647\u0648 \u0645\u0635\u062f\u0631 \u0637\u0628\u064a\u0639\u064a \u0644\u0644\u0643\u0648\u0646\u062f\u0631\u0648\u064a\u062a\u064a\u0646 \u0648\u0627\u0644\u062c\u0644\u0648\u0643\u0648\u0632\u0627\u0645\u064a\u0646. \u064a\u064f\u0639\u0631\u0641 \u0647\u0630\u0627\u0646 \u0627\u0644\u0645\u0631\u0643\u0628\u0627\u0646 \u0628\u0641\u0648\u0627\u0626\u062f\u0647\u0645\u0627 \u0627\u0644\u0645\u064f\u062d\u062a\u0645\u0644\u0629 \u0644\u0635\u062d\u0629 \u0627\u0644\u0645\u0641\u0627\u0635\u0644 \u0648\u0627\u0644\u063a\u0636\u0627\u0631\u064a\u0641. \u064a\u062d\u062a\u0648\u064a \u0643\u0644 \u0642\u0631\u0635 \u0639\u0644\u0649 \u062a\u0631\u0643\u064a\u0632 \u0645\u062a\u0648\u0627\u0632\u0646 \u0645\u0646 \u0647\u0630\u0647 \u0627\u0644\u0639\u0646\u0627\u0635\u0631 \u0627\u0644\u063a\u0630\u0627\u0626\u064a\u0629\u060c \u0645\u0645\u0627 \u064a\u064f\u0648\u0641\u0631 \u062f\u0639\u0645\u064b\u0627 \u0645\u062b\u0627\u0644\u064a\u064b\u0627 \u0644\u0644\u062d\u0641\u0627\u0638 \u0639\u0644\u0649 \u0635\u062d\u0629 \u0627\u0644\u0645\u0641\u0627\u0635\u0644.<\/p>\n<h3><strong>\u0637\u0631\u064a\u0642\u0629 \u0627\u0644\u0627\u0633\u062a\u062e\u062f\u0627\u0645:<\/strong><\/h3>\n<p>\u062a\u0646\u0627\u0648\u0644 \u0645\u0646 \u0642\u0631\u0635 \u0625\u0644\u0649 \u062b\u0644\u0627\u062b\u0629 \u0623\u0642\u0631\u0627\u0635 \u064a\u0648\u0645\u064a\u064b\u0627 \u0645\u0639 \u0643\u0648\u0628 \u0645\u0646 \u0627\u0644\u0645\u0627\u0621\u060c \u0648\u064a\u0641\u0636\u0644 \u062a\u0646\u0627\u0648\u0644\u0647\u0627 \u0623\u062b\u0646\u0627\u0621 \u0627\u0644\u0648\u062c\u0628\u0627\u062a. \u064a\u064f\u0646\u0635\u062d \u0628\u0627\u0644\u0627\u0644\u062a\u0632\u0627\u0645 \u0628\u0627\u0644\u062c\u0631\u0639\u0629 \u0627\u0644\u064a\u0648\u0645\u064a\u0629 \u0627\u0644\u0645\u0648\u0635\u0649 \u0628\u0647\u0627 \u0648\u0639\u062f\u0645 \u062a\u062c\u0627\u0648\u0632\u0647\u0627. \u0644\u0644\u062d\u0635\u0648\u0644 \u0639\u0644\u0649 \u0623\u0641\u0636\u0644 \u0627\u0644\u0646\u062a\u0627\u0626\u062c\u060c \u064a\u064f\u0646\u0635\u062d \u0628\u062a\u0646\u0627\u0648\u0644 \u0647\u0630\u0627 \u0627\u0644\u0645\u0643\u0645\u0644 \u0627\u0644\u063a\u0630\u0627\u0626\u064a \u0628\u0627\u0646\u062a\u0638\u0627\u0645 \u0648\u0628\u0627\u0633\u062a\u0645\u0631\u0627\u0631\u060c \u0645\u0639 \u0627\u062a\u0628\u0627\u0639 \u0646\u0645\u0637 \u062d\u064a\u0627\u0629 \u0635\u062d\u064a \u064a\u062a\u0636\u0645\u0646 \u0646\u0638\u0627\u0645\u064b\u0627 \u063a\u0630\u0627\u0626\u064a\u064b\u0627 \u0645\u062a\u0648\u0627\u0632\u0646\u064b\u0627 \u0648\u0645\u0645\u0627\u0631\u0633\u0629 \u0627\u0644\u062a\u0645\u0627\u0631\u064a\u0646 \u0627\u0644\u0631\u064a\u0627\u0636\u064a\u0629 \u0628\u0627\u0646\u062a\u0638\u0627\u0645.<\/p>\n<h3><strong data-mce-fragment=\"1\">\u0645\u0643\u0648\u0646\u0627\u062a :<\/strong><\/h3>\n<p>\u063a\u0636\u0631\u0648\u0641 \u0627\u0644\u0642\u0631\u0634\u060c \u0639\u0648\u0627\u0645\u0644 \u0627\u0644\u062a\u0636\u062e\u064a\u0645 (\u0627\u0644\u0633\u0644\u064a\u0644\u0648\u0632 \u0627\u0644\u062c\u0631\u064a\u0632\u0648\u0641\u0648\u0644\u0641\u064a\u0646\u060c \u0641\u0648\u0633\u0641\u0627\u062a \u0627\u0644\u0643\u0627\u0644\u0633\u064a\u0648\u0645 \u062b\u0646\u0627\u0626\u064a \u0627\u0644\u0642\u0627\u0639\u062f\u0629)\u060c \u0639\u0648\u0627\u0645\u0644 \u0627\u0644\u062a\u0632\u062c\u064a\u062c (\u0647\u064a\u062f\u0631\u0648\u0643\u0633\u064a \u0628\u0631\u0648\u0628\u064a\u0644 \u0645\u064a\u062b\u064a\u0644 \u0633\u0644\u064a\u0644\u0648\u0632\u060c \u062d\u0645\u0636 \u062f\u0647\u0646\u064a)\u060c \u0639\u0648\u0627\u0645\u0644 \u0645\u0636\u0627\u062f\u0629 \u0644\u0644\u062a\u0643\u062a\u0644 (\u0633\u062a\u064a\u0631\u0627\u062a \u0627\u0644\u0645\u063a\u0646\u064a\u0633\u064a\u0648\u0645\u060c \u062b\u0627\u0646\u064a \u0623\u0643\u0633\u064a\u062f \u0627\u0644\u0633\u064a\u0644\u064a\u0643\u0648\u0646).<\/p>\n<\/div>\n<div class=\"w-post-elm post_content\"><\/div>","protected":false},"excerpt":{"rendered":"<p>Spirit Cartilage de Requin 90 comprim\u00e9s Les comprim\u00e9s Spirit Cartilage de Requin sont un compl\u00e9ment alimentaire formul\u00e9 \u00e0 partir de cartilage de requin, une source naturelle de chondro\u00eftine et de glucosamine. Ces deux compos\u00e9s sont connus pour leurs bienfaits potentiels pour la sant\u00e9 des articulations et du cartilage. Chaque comprim\u00e9 contient une concentration \u00e9quilibr\u00e9e de [&hellip;]<\/p>\n","protected":false},"featured_media":22160,"template":"","meta":{"om_disable_all_campaigns":false},"product_brand":[3362],"product_cat":[18,3366,19],"product_tag":[7752,5079,7751,1757,5175,1853,1019,4255,3364,3363,3365,6392],"class_list":{"0":"post-22161","1":"product","2":"type-product","3":"status-publish","4":"has-post-thumbnail","6":"product_brand-spirit-maroc-prix-vitablanca","7":"product_cat-beaute-sante","8":"product_cat-complements-alimentaires-au-maroc-vitablanca","9":"product_cat-vitamines-supplements-dietetiques","10":"product_tag-90-comprimes","11":"product_tag-articulations","12":"product_tag-cartilage-de-requin","13":"product_tag-complement-naturel","14":"product_tag-confort-articulaire","15":"product_tag-douleurs-articulaires","16":"product_tag-mobilite-articulaire","17":"product_tag-sante-du-cartilage","18":"product_tag-spirit","19":"product_tag-spirit-maroc","20":"product_tag-spirit-morocco","21":"product_tag-usage-quotidien","23":"first","24":"instock","25":"sale","26":"taxable","27":"shipping-taxable","28":"purchasable","29":"product-type-simple"},"yoast_head":"<!-- This site is optimized with the Yoast SEO plugin v27.4 - https:\/\/yoast.com\/product\/yoast-seo-wordpress\/ -->\n<title>Spirit Cartilage de Requin 90 comprim\u00e9s - Maroc Prix<\/title>\n<meta name=\"description\" content=\"Les comprim\u00e9s Spirit Cartilage de Requin 90 soutiennent la sant\u00e9 des articulations, favorisent la mobilit\u00e9 et contribuent au confort articulaire .\" \/>\n<meta name=\"robots\" content=\"index, follow, max-snippet:-1, max-image-preview:large, max-video-preview:-1\" \/>\n<link rel=\"canonical\" href=\"https:\/\/vitablanca.ma\/ar\/product-2\/spirit-cartilage-de-requin-90-comprimes\/\" \/>\n<meta property=\"og:locale\" content=\"ar_AR\" \/>\n<meta property=\"og:type\" content=\"article\" \/>\n<meta property=\"og:title\" content=\"Spirit Cartilage de Requin 90 comprim\u00e9s - Maroc Prix\" \/>\n<meta property=\"og:description\" content=\"Les comprim\u00e9s Spirit Cartilage de Requin 90 soutiennent la sant\u00e9 des articulations, favorisent la mobilit\u00e9 et contribuent au confort articulaire .\" \/>\n<meta property=\"og:url\" content=\"https:\/\/vitablanca.ma\/ar\/product-2\/spirit-cartilage-de-requin-90-comprimes\/\" \/>\n<meta property=\"og:site_name\" content=\"Vitablanca.ma &ndash; Sant&eacute;, vitalit&eacute; et bien-&ecirc;tre pour tous les Marocains\" \/>\n<meta property=\"article:publisher\" content=\"https:\/\/www.facebook.com\/profile.php?id=61576678196717\" \/>\n<meta property=\"article:modified_time\" content=\"2026-02-04T21:13:44+00:00\" \/>\n<meta property=\"og:image\" content=\"https:\/\/vitablanca.ma\/wp-content\/uploads\/2025\/06\/spirit.jpg\" \/>\n\t<meta property=\"og:image:width\" content=\"680\" \/>\n\t<meta property=\"og:image:height\" content=\"680\" \/>\n\t<meta property=\"og:image:type\" content=\"image\/jpeg\" \/>\n<meta name=\"twitter:card\" content=\"summary_large_image\" \/>\n<meta name=\"twitter:label1\" content=\"\u0648\u0642\u062a \u0627\u0644\u0642\u0631\u0627\u0621\u0629 \u0627\u0644\u0645\u064f\u0642\u062f\u0651\u0631\" \/>\n\t<meta name=\"twitter:data1\" content=\"\u062f\u0642\u064a\u0642\u062a\u0627\u0646\" \/>\n<script type=\"application\/ld+json\" class=\"yoast-schema-graph\">{\"@context\":\"https:\\\/\\\/schema.org\",\"@graph\":[{\"@type\":[\"WebPage\",\"ItemPage\"],\"@id\":\"https:\\\/\\\/vitablanca.ma\\\/produit\\\/spirit-cartilage-de-requin-90-comprimes\\\/\",\"url\":\"https:\\\/\\\/vitablanca.ma\\\/produit\\\/spirit-cartilage-de-requin-90-comprimes\\\/\",\"name\":\"Spirit Cartilage de Requin 90 comprim\u00e9s - Maroc Prix\",\"isPartOf\":{\"@id\":\"https:\\\/\\\/vitablanca.ma\\\/#website\"},\"primaryImageOfPage\":{\"@id\":\"https:\\\/\\\/vitablanca.ma\\\/produit\\\/spirit-cartilage-de-requin-90-comprimes\\\/#primaryimage\"},\"image\":{\"@id\":\"https:\\\/\\\/vitablanca.ma\\\/produit\\\/spirit-cartilage-de-requin-90-comprimes\\\/#primaryimage\"},\"thumbnailUrl\":\"https:\\\/\\\/vitablanca.ma\\\/wp-content\\\/uploads\\\/2025\\\/06\\\/spirit.jpg\",\"datePublished\":\"2025-06-11T21:47:50+00:00\",\"dateModified\":\"2026-02-04T21:13:44+00:00\",\"description\":\"Les comprim\u00e9s Spirit Cartilage de Requin 90 soutiennent la sant\u00e9 des articulations, favorisent la mobilit\u00e9 et contribuent au confort articulaire .\",\"breadcrumb\":{\"@id\":\"https:\\\/\\\/vitablanca.ma\\\/produit\\\/spirit-cartilage-de-requin-90-comprimes\\\/#breadcrumb\"},\"inLanguage\":\"ar\",\"potentialAction\":[{\"@type\":\"ReadAction\",\"target\":[\"https:\\\/\\\/vitablanca.ma\\\/produit\\\/spirit-cartilage-de-requin-90-comprimes\\\/\"]}]},{\"@type\":\"ImageObject\",\"inLanguage\":\"ar\",\"@id\":\"https:\\\/\\\/vitablanca.ma\\\/produit\\\/spirit-cartilage-de-requin-90-comprimes\\\/#primaryimage\",\"url\":\"https:\\\/\\\/vitablanca.ma\\\/wp-content\\\/uploads\\\/2025\\\/06\\\/spirit.jpg\",\"contentUrl\":\"https:\\\/\\\/vitablanca.ma\\\/wp-content\\\/uploads\\\/2025\\\/06\\\/spirit.jpg\",\"width\":680,\"height\":680},{\"@type\":\"BreadcrumbList\",\"@id\":\"https:\\\/\\\/vitablanca.ma\\\/produit\\\/spirit-cartilage-de-requin-90-comprimes\\\/#breadcrumb\",\"itemListElement\":[{\"@type\":\"ListItem\",\"position\":1,\"name\":\"Home\",\"item\":\"https:\\\/\\\/vitablanca.ma\\\/\"},{\"@type\":\"ListItem\",\"position\":2,\"name\":\"Tous Les Produits\",\"item\":\"https:\\\/\\\/vitablanca.ma\\\/tous-les-produits\\\/\"},{\"@type\":\"ListItem\",\"position\":3,\"name\":\"Spirit Cartilage de Requin 90 comprim\u00e9s\"}]},{\"@type\":\"WebSite\",\"@id\":\"https:\\\/\\\/vitablanca.ma\\\/#website\",\"url\":\"https:\\\/\\\/vitablanca.ma\\\/\",\"name\":\"VitaBlanca.ma | Compl\u00e9ments alimentaires, sant\u00e9 & beaut\u00e9 au Maroc\",\"description\":\"vendre vitamines et compl\u00e9ments premium des USA &amp; Canada, Nouvelle Z\u00e9lande,Maroc (NOW Foods, Solgar, Manuka). Livraison rapide partout au Maroc.\",\"publisher\":{\"@id\":\"https:\\\/\\\/vitablanca.ma\\\/#organization\"},\"alternateName\":\"VitaBlanca.ma\",\"potentialAction\":[{\"@type\":\"SearchAction\",\"target\":{\"@type\":\"EntryPoint\",\"urlTemplate\":\"https:\\\/\\\/vitablanca.ma\\\/?s={search_term_string}\"},\"query-input\":{\"@type\":\"PropertyValueSpecification\",\"valueRequired\":true,\"valueName\":\"search_term_string\"}}],\"inLanguage\":\"ar\"},{\"@type\":\"Organization\",\"@id\":\"https:\\\/\\\/vitablanca.ma\\\/#organization\",\"name\":\"VitaBlanca\",\"url\":\"https:\\\/\\\/vitablanca.ma\\\/\",\"logo\":{\"@type\":\"ImageObject\",\"inLanguage\":\"ar\",\"@id\":\"https:\\\/\\\/vitablanca.ma\\\/#\\\/schema\\\/logo\\\/image\\\/\",\"url\":\"https:\\\/\\\/vitablanca.ma\\\/wp-content\\\/uploads\\\/2025\\\/05\\\/cropped-vitablanca.png\",\"contentUrl\":\"https:\\\/\\\/vitablanca.ma\\\/wp-content\\\/uploads\\\/2025\\\/05\\\/cropped-vitablanca.png\",\"width\":360,\"height\":67,\"caption\":\"VitaBlanca\"},\"image\":{\"@id\":\"https:\\\/\\\/vitablanca.ma\\\/#\\\/schema\\\/logo\\\/image\\\/\"},\"sameAs\":[\"https:\\\/\\\/www.facebook.com\\\/profile.php?id=61576678196717\",\"https:\\\/\\\/www.tiktok.com\\\/@vitablanca.ma\",\"https:\\\/\\\/www.instagram.com\\\/vitablanca.ma\\\/\"]}]}<\/script>\n<!-- \/ Yoast SEO plugin. -->","yoast_head_json":{"title":"\u063a\u0636\u0631\u0648\u0641 \u0633\u0645\u0643 \u0627\u0644\u0642\u0631\u0634 \u0627\u0644\u0631\u0648\u062d\u064a 90 \u0642\u0631\u0635\u064b\u0627 - \u0633\u0639\u0631 \u0627\u0644\u0645\u063a\u0631\u0628","description":"Les comprim\u00e9s Spirit Cartilage de Requin 90 soutiennent la sant\u00e9 des articulations, favorisent la mobilit\u00e9 et contribuent au confort articulaire .","robots":{"index":"index","follow":"follow","max-snippet":"max-snippet:-1","max-image-preview":"max-image-preview:large","max-video-preview":"max-video-preview:-1"},"canonical":"https:\/\/vitablanca.ma\/ar\/product-2\/spirit-cartilage-de-requin-90-comprimes\/","og_locale":"ar_AR","og_type":"article","og_title":"Spirit Cartilage de Requin 90 comprim\u00e9s - Maroc Prix","og_description":"Les comprim\u00e9s Spirit Cartilage de Requin 90 soutiennent la sant\u00e9 des articulations, favorisent la mobilit\u00e9 et contribuent au confort articulaire .","og_url":"https:\/\/vitablanca.ma\/ar\/product-2\/spirit-cartilage-de-requin-90-comprimes\/","og_site_name":"Vitablanca.ma &ndash; Sant&eacute;, vitalit&eacute; et bien-&ecirc;tre pour tous les Marocains","article_publisher":"https:\/\/www.facebook.com\/profile.php?id=61576678196717","article_modified_time":"2026-02-04T21:13:44+00:00","og_image":[{"width":680,"height":680,"url":"https:\/\/vitablanca.ma\/wp-content\/uploads\/2025\/06\/spirit.jpg","type":"image\/jpeg"}],"twitter_card":"summary_large_image","twitter_misc":{"\u0648\u0642\u062a \u0627\u0644\u0642\u0631\u0627\u0621\u0629 \u0627\u0644\u0645\u064f\u0642\u062f\u0651\u0631":"\u062f\u0642\u064a\u0642\u062a\u0627\u0646"},"schema":{"@context":"https:\/\/schema.org","@graph":[{"@type":["WebPage","ItemPage"],"@id":"https:\/\/vitablanca.ma\/produit\/spirit-cartilage-de-requin-90-comprimes\/","url":"https:\/\/vitablanca.ma\/produit\/spirit-cartilage-de-requin-90-comprimes\/","name":"\u063a\u0636\u0631\u0648\u0641 \u0633\u0645\u0643 \u0627\u0644\u0642\u0631\u0634 \u0627\u0644\u0631\u0648\u062d\u064a 90 \u0642\u0631\u0635\u064b\u0627 - \u0633\u0639\u0631 \u0627\u0644\u0645\u063a\u0631\u0628","isPartOf":{"@id":"https:\/\/vitablanca.ma\/#website"},"primaryImageOfPage":{"@id":"https:\/\/vitablanca.ma\/produit\/spirit-cartilage-de-requin-90-comprimes\/#primaryimage"},"image":{"@id":"https:\/\/vitablanca.ma\/produit\/spirit-cartilage-de-requin-90-comprimes\/#primaryimage"},"thumbnailUrl":"https:\/\/vitablanca.ma\/wp-content\/uploads\/2025\/06\/spirit.jpg","datePublished":"2025-06-11T21:47:50+00:00","dateModified":"2026-02-04T21:13:44+00:00","description":"Les comprim\u00e9s Spirit Cartilage de Requin 90 soutiennent la sant\u00e9 des articulations, favorisent la mobilit\u00e9 et contribuent au confort articulaire .","breadcrumb":{"@id":"https:\/\/vitablanca.ma\/produit\/spirit-cartilage-de-requin-90-comprimes\/#breadcrumb"},"inLanguage":"ar","potentialAction":[{"@type":"ReadAction","target":["https:\/\/vitablanca.ma\/produit\/spirit-cartilage-de-requin-90-comprimes\/"]}]},{"@type":"ImageObject","inLanguage":"ar","@id":"https:\/\/vitablanca.ma\/produit\/spirit-cartilage-de-requin-90-comprimes\/#primaryimage","url":"https:\/\/vitablanca.ma\/wp-content\/uploads\/2025\/06\/spirit.jpg","contentUrl":"https:\/\/vitablanca.ma\/wp-content\/uploads\/2025\/06\/spirit.jpg","width":680,"height":680},{"@type":"BreadcrumbList","@id":"https:\/\/vitablanca.ma\/produit\/spirit-cartilage-de-requin-90-comprimes\/#breadcrumb","itemListElement":[{"@type":"ListItem","position":1,"name":"Home","item":"https:\/\/vitablanca.ma\/"},{"@type":"ListItem","position":2,"name":"Tous Les Produits","item":"https:\/\/vitablanca.ma\/tous-les-produits\/"},{"@type":"ListItem","position":3,"name":"Spirit Cartilage de Requin 90 comprim\u00e9s"}]},{"@type":"WebSite","@id":"https:\/\/vitablanca.ma\/#website","url":"https:\/\/vitablanca.ma\/","name":"VitaBlanca.ma | \u0627\u0644\u0645\u0643\u0645\u0644\u0627\u062a \u0627\u0644\u063a\u0630\u0627\u0626\u064a\u0629\u060c \u0627\u0644\u0635\u062d\u0629 \u0648\u0627\u0644\u062c\u0645\u0627\u0644 \u0641\u064a \u0627\u0644\u0645\u063a\u0631\u0628","description":"\u0646\u0628\u064a\u0639 \u0641\u064a\u062a\u0627\u0645\u064a\u0646\u0627\u062a \u0648\u0645\u0643\u0645\u0644\u0627\u062a \u063a\u0630\u0627\u0626\u064a\u0629 \u0641\u0627\u062e\u0631\u0629 \u0645\u0646 \u0627\u0644\u0648\u0644\u0627\u064a\u0627\u062a \u0627\u0644\u0645\u062a\u062d\u062f\u0629 \u0627\u0644\u0623\u0645\u0631\u064a\u0643\u064a\u0629 \u0648\u0643\u0646\u062f\u0627 \u0648\u0646\u064a\u0648\u0632\u064a\u0644\u0646\u062f\u0627 \u0648\u0627\u0644\u0645\u063a\u0631\u0628 (\u0646\u0627\u0648 \u0641\u0648\u062f\u0632\u060c \u0633\u0648\u0644\u062c\u0627\u0631\u060c \u0645\u0627\u0646\u0648\u0643\u0627). \u062a\u0648\u0635\u064a\u0644 \u0633\u0631\u064a\u0639 \u0625\u0644\u0649 \u062c\u0645\u064a\u0639 \u0623\u0646\u062d\u0627\u0621 \u0627\u0644\u0645\u063a\u0631\u0628.","publisher":{"@id":"https:\/\/vitablanca.ma\/#organization"},"alternateName":"VitaBlanca.ma","potentialAction":[{"@type":"SearchAction","target":{"@type":"EntryPoint","urlTemplate":"https:\/\/vitablanca.ma\/?s={search_term_string}"},"query-input":{"@type":"PropertyValueSpecification","valueRequired":true,"valueName":"search_term_string"}}],"inLanguage":"ar"},{"@type":"Organization","@id":"https:\/\/vitablanca.ma\/#organization","name":"\u0641\u064a\u062a\u0627\u0628\u0644\u0627\u0646\u0643\u0627","url":"https:\/\/vitablanca.ma\/","logo":{"@type":"ImageObject","inLanguage":"ar","@id":"https:\/\/vitablanca.ma\/#\/schema\/logo\/image\/","url":"https:\/\/vitablanca.ma\/wp-content\/uploads\/2025\/05\/cropped-vitablanca.png","contentUrl":"https:\/\/vitablanca.ma\/wp-content\/uploads\/2025\/05\/cropped-vitablanca.png","width":360,"height":67,"caption":"VitaBlanca"},"image":{"@id":"https:\/\/vitablanca.ma\/#\/schema\/logo\/image\/"},"sameAs":["https:\/\/www.facebook.com\/profile.php?id=61576678196717","https:\/\/www.tiktok.com\/@vitablanca.ma","https:\/\/www.instagram.com\/vitablanca.ma\/"]}]}},"jetpack_sharing_enabled":true,"_links":{"self":[{"href":"https:\/\/vitablanca.ma\/ar\/wp-json\/wp\/v2\/product\/22161","targetHints":{"allow":["GET"]}}],"collection":[{"href":"https:\/\/vitablanca.ma\/ar\/wp-json\/wp\/v2\/product"}],"about":[{"href":"https:\/\/vitablanca.ma\/ar\/wp-json\/wp\/v2\/types\/product"}],"wp:featuredmedia":[{"embeddable":true,"href":"https:\/\/vitablanca.ma\/ar\/wp-json\/wp\/v2\/media\/22160"}],"wp:attachment":[{"href":"https:\/\/vitablanca.ma\/ar\/wp-json\/wp\/v2\/media?parent=22161"}],"wp:term":[{"taxonomy":"product_brand","embeddable":true,"href":"https:\/\/vitablanca.ma\/ar\/wp-json\/wp\/v2\/product_brand?post=22161"},{"taxonomy":"product_cat","embeddable":true,"href":"https:\/\/vitablanca.ma\/ar\/wp-json\/wp\/v2\/product_cat?post=22161"},{"taxonomy":"product_tag","embeddable":true,"href":"https:\/\/vitablanca.ma\/ar\/wp-json\/wp\/v2\/product_tag?post=22161"}],"curies":[{"name":"wp","href":"https:\/\/api.w.org\/{rel}","templated":true}]}}