{"id":22138,"date":"2025-06-11T21:47:17","date_gmt":"2025-06-11T21:47:17","guid":{"rendered":"https:\/\/vitablanca.ma\/product\/super-diet-radis-noir-artichaut-bio-20-ampoules15-ml\/"},"modified":"2026-02-04T22:04:50","modified_gmt":"2026-02-04T22:04:50","slug":"super-diet-radis-noir-artichaut-bio-20-ampoules15-ml","status":"publish","type":"product","link":"https:\/\/vitablanca.ma\/ar\/product-2\/super-diet-radis-noir-artichaut-bio-20-ampoules15-ml\/","title":{"rendered":"\u0633\u0648\u0628\u0631 \u062f\u0627\u064a\u062a\u060c \u0627\u0644\u0641\u062c\u0644 \u0627\u0644\u0623\u0633\u0648\u062f \u0627\u0644\u0639\u0636\u0648\u064a\u060c \u0627\u0644\u062e\u0631\u0634\u0648\u0641\u060c 20 \u0623\u0645\u0628\u0648\u0644\u0629*15 \u0645\u0644"},"content":{"rendered":"<h2><span data-mce-fragment=\"1\">Super Diet Radis Noir Artichaut Bio 20 Ampoules<\/span><\/h2>\n<p><strong>15 \u0645\u0644<\/strong><\/p>\n<p>Le Radis noir et l\u2019Artichaut sont reconnus pour favoriser un bon fonctionnement du foie.<br \/>\nLe\u00a0radis noir, tout comme la\u00a0feuille de tige d&rsquo;Artichaut, est traditionnellement utilis\u00e9 pour la vitalit\u00e9 du foie et de la v\u00e9sicule.<br \/>\nCe complexe renforc\u00e9 par du concentr\u00e9 de citron stimulera les fonctions biologiques du foie, notamment l\u2019activit\u00e9 digestive, le flux biliaire, la v\u00e9sicule biliaire. Il contribue aussi \u00e0 \u00e9quilibrer les taux de lipides.<br \/>\nLe foie est un peu l&rsquo;usine chimique de l&rsquo;organisme, tant ses fonctions m\u00e9taboliques sont nombreuses. Dans les fonctions hormonales, circulatoires, enzymatiques, digestives, assimilation, purification du sang, l&rsquo;action du foie est primordiale, c&rsquo;est d&rsquo;ailleurs le seul organe qui se r\u00e9g\u00e9n\u00e8re naturellement.<br \/>\nOn ne ressent gu\u00e8re son foie, c&rsquo;est pourquoi il est facile de le malmener, que ce soit par l&rsquo;alimentation trop riche et d\u00e9s\u00e9quilibr\u00e9e, les produits toxiques, m\u00e9dicamenteux, le mauvais stress.<br \/>\nCe complexe Radis noir Artichaut se prend en cure ou ponctuellement.<\/p>\n<h3>\u0637\u0631\u064a\u0642\u0629 \u0627\u0644\u0627\u0633\u062a\u062e\u062f\u0627\u0645:<\/h3>\n<p>Pr\u00e9vention, entretien : prendre 1 ampoule par jour, pure ou dilu\u00e9e dans un demi verre d\u2019eau.<\/p>\n<p>Cure active ou soutien : Prendre une ampoule matin et soir, avant le repas, \u00e9ventuellement le midi en plus.<\/p>\n<p>Durant 10 jours, renouvelable une ou deux fois, suivant le probl\u00e8me, l&rsquo;hygi\u00e8ne de vie. Le soir, on pourra prendre apr\u00e8s le repas pour ne pas stimuler l&rsquo;app\u00e9tit.<\/p>\n<p>Pour les femmes enceintes et allaitantes, demander conseil au m\u00e9decin. Il est recommand\u00e9 de respecter les doses conseill\u00e9es, de veiller \u00e0 avoir une alimentation vari\u00e9e et \u00e9quilibr\u00e9e et un mode de vie sain. Tenir hors de port\u00e9e des jeunes enfants. Ce produit n\u2019est pas un m\u00e9dicament.<\/p>\n<h3>\u062a\u0639\u0628\u064a\u0631 :<\/h3>\n<p>Pur jus de Radis noir* 12 971 mg** (racines), Concentr\u00e9s de pomme* et de citron *, Extrait fluide d\u2019Artichaut* 4.9 mg** (feuilles), Extrait sec d\u2019Artichaut* 450 mg* (feuilles), support : maltodextrine.<br \/>\n*Ingr\u00e9dient issu de l\u2019agriculture biologique.<br \/>\n** \u00c9quivalent en plante s\u00e8che par ampoule de 15ml.<br \/>\n*** Par ampoule de 15ml.<\/p>","protected":false},"excerpt":{"rendered":"<p>Super Diet Radis Noir Artichaut Bio 20 Ampoules 15ml Le Radis noir et l\u2019Artichaut sont reconnus pour favoriser un bon fonctionnement du foie. Le\u00a0radis noir, tout comme la\u00a0feuille de tige d&rsquo;Artichaut, est traditionnellement utilis\u00e9 pour la vitalit\u00e9 du foie et de la v\u00e9sicule. Ce complexe renforc\u00e9 par du concentr\u00e9 de citron stimulera les fonctions biologiques [&hellip;]<\/p>\n","protected":false},"featured_media":22137,"template":"","meta":{"om_disable_all_campaigns":false},"product_brand":[],"product_cat":[15],"product_tag":[7823,5026,7824,7826,764,7816,7827,7825,7819,7822],"class_list":{"0":"post-22138","1":"product","2":"type-product","3":"status-publish","4":"has-post-thumbnail","6":"product_cat-beaute-sante-complements-alimentaires-soins-et-bien-etre-au-meilleur-prix","7":"product_tag-ampoules-detox-bio","8":"product_tag-bien-etre-digestif","9":"product_tag-complement-alimentaire-foie","10":"product_tag-cure-detox-20-ampoules","11":"product_tag-detox-digestion","12":"product_tag-drainage-naturel","13":"product_tag-minceur-et-elimination","14":"product_tag-plantes-bio-radis-noir-artichaut","15":"product_tag-silhouette-legere","16":"product_tag-super-diet-radis-noir-artichaut-bio","18":"first","19":"instock","20":"sale","21":"taxable","22":"shipping-taxable","23":"purchasable","24":"product-type-simple"},"yoast_head":"<!-- This site is optimized with the Yoast SEO plugin v27.4 - https:\/\/yoast.com\/product\/yoast-seo-wordpress\/ -->\n<title>Super Diet Radis Noir Artichaut Bio 15 ml - Prix Maroc<\/title>\n<meta name=\"description\" content=\"Super Diet Radis Noir Artichaut Bio 20 ampoules favorise l\u2019\u00e9limination, la d\u00e9tox et le bien-\u00eatre digestif gr\u00e2ce \u00e0 sa formule naturelle et bio.\" \/>\n<meta name=\"robots\" content=\"index, follow, max-snippet:-1, max-image-preview:large, max-video-preview:-1\" \/>\n<link rel=\"canonical\" href=\"https:\/\/vitablanca.ma\/ar\/product-2\/super-diet-radis-noir-artichaut-bio-20-ampoules15-ml\/\" \/>\n<meta property=\"og:locale\" content=\"ar_AR\" \/>\n<meta property=\"og:type\" content=\"article\" \/>\n<meta property=\"og:title\" content=\"Super Diet Radis Noir Artichaut Bio 15 ml - Prix Maroc\" \/>\n<meta property=\"og:description\" content=\"Super Diet Radis Noir Artichaut Bio 20 ampoules favorise l\u2019\u00e9limination, la d\u00e9tox et le bien-\u00eatre digestif gr\u00e2ce \u00e0 sa formule naturelle et bio.\" \/>\n<meta property=\"og:url\" content=\"https:\/\/vitablanca.ma\/ar\/product-2\/super-diet-radis-noir-artichaut-bio-20-ampoules15-ml\/\" \/>\n<meta property=\"og:site_name\" content=\"Vitablanca.ma &ndash; Sant&eacute;, vitalit&eacute; et bien-&ecirc;tre pour tous les Marocains\" \/>\n<meta property=\"article:publisher\" content=\"https:\/\/www.facebook.com\/profile.php?id=61576678196717\" \/>\n<meta property=\"article:modified_time\" content=\"2026-02-04T22:04:50+00:00\" \/>\n<meta property=\"og:image\" content=\"https:\/\/vitablanca.ma\/wp-content\/uploads\/2025\/06\/Super-Diet-Radis-Noir-Artichaut-Bio-20-Ampoules-15-ml-nova-parapharmacie-casablanca.jpg\" \/>\n\t<meta property=\"og:image:width\" content=\"1000\" \/>\n\t<meta property=\"og:image:height\" content=\"1000\" \/>\n\t<meta property=\"og:image:type\" content=\"image\/jpeg\" \/>\n<meta name=\"twitter:card\" content=\"summary_large_image\" \/>\n<meta name=\"twitter:label1\" content=\"\u0648\u0642\u062a \u0627\u0644\u0642\u0631\u0627\u0621\u0629 \u0627\u0644\u0645\u064f\u0642\u062f\u0651\u0631\" \/>\n\t<meta name=\"twitter:data1\" content=\"\u062f\u0642\u064a\u0642\u062a\u0627\u0646\" \/>\n<script type=\"application\/ld+json\" class=\"yoast-schema-graph\">{\"@context\":\"https:\\\/\\\/schema.org\",\"@graph\":[{\"@type\":[\"WebPage\",\"ItemPage\"],\"@id\":\"https:\\\/\\\/vitablanca.ma\\\/produit\\\/super-diet-radis-noir-artichaut-bio-20-ampoules15-ml\\\/\",\"url\":\"https:\\\/\\\/vitablanca.ma\\\/produit\\\/super-diet-radis-noir-artichaut-bio-20-ampoules15-ml\\\/\",\"name\":\"Super Diet Radis Noir Artichaut Bio 15 ml - Prix Maroc\",\"isPartOf\":{\"@id\":\"https:\\\/\\\/vitablanca.ma\\\/#website\"},\"primaryImageOfPage\":{\"@id\":\"https:\\\/\\\/vitablanca.ma\\\/produit\\\/super-diet-radis-noir-artichaut-bio-20-ampoules15-ml\\\/#primaryimage\"},\"image\":{\"@id\":\"https:\\\/\\\/vitablanca.ma\\\/produit\\\/super-diet-radis-noir-artichaut-bio-20-ampoules15-ml\\\/#primaryimage\"},\"thumbnailUrl\":\"https:\\\/\\\/vitablanca.ma\\\/wp-content\\\/uploads\\\/2025\\\/06\\\/Super-Diet-Radis-Noir-Artichaut-Bio-20-Ampoules-15-ml-nova-parapharmacie-casablanca.jpg\",\"datePublished\":\"2025-06-11T21:47:17+00:00\",\"dateModified\":\"2026-02-04T22:04:50+00:00\",\"description\":\"Super Diet Radis Noir Artichaut Bio 20 ampoules favorise l\u2019\u00e9limination, la d\u00e9tox et le bien-\u00eatre digestif gr\u00e2ce \u00e0 sa formule naturelle et bio.\",\"breadcrumb\":{\"@id\":\"https:\\\/\\\/vitablanca.ma\\\/produit\\\/super-diet-radis-noir-artichaut-bio-20-ampoules15-ml\\\/#breadcrumb\"},\"inLanguage\":\"ar\",\"potentialAction\":[{\"@type\":\"ReadAction\",\"target\":[\"https:\\\/\\\/vitablanca.ma\\\/produit\\\/super-diet-radis-noir-artichaut-bio-20-ampoules15-ml\\\/\"]}]},{\"@type\":\"ImageObject\",\"inLanguage\":\"ar\",\"@id\":\"https:\\\/\\\/vitablanca.ma\\\/produit\\\/super-diet-radis-noir-artichaut-bio-20-ampoules15-ml\\\/#primaryimage\",\"url\":\"https:\\\/\\\/vitablanca.ma\\\/wp-content\\\/uploads\\\/2025\\\/06\\\/Super-Diet-Radis-Noir-Artichaut-Bio-20-Ampoules-15-ml-nova-parapharmacie-casablanca.jpg\",\"contentUrl\":\"https:\\\/\\\/vitablanca.ma\\\/wp-content\\\/uploads\\\/2025\\\/06\\\/Super-Diet-Radis-Noir-Artichaut-Bio-20-Ampoules-15-ml-nova-parapharmacie-casablanca.jpg\",\"width\":1000,\"height\":1000},{\"@type\":\"BreadcrumbList\",\"@id\":\"https:\\\/\\\/vitablanca.ma\\\/produit\\\/super-diet-radis-noir-artichaut-bio-20-ampoules15-ml\\\/#breadcrumb\",\"itemListElement\":[{\"@type\":\"ListItem\",\"position\":1,\"name\":\"Home\",\"item\":\"https:\\\/\\\/vitablanca.ma\\\/\"},{\"@type\":\"ListItem\",\"position\":2,\"name\":\"Tous Les Produits\",\"item\":\"https:\\\/\\\/vitablanca.ma\\\/tous-les-produits\\\/\"},{\"@type\":\"ListItem\",\"position\":3,\"name\":\"Super Diet Radis Noir Artichaut Bio 20 Ampoules*15 ml\"}]},{\"@type\":\"WebSite\",\"@id\":\"https:\\\/\\\/vitablanca.ma\\\/#website\",\"url\":\"https:\\\/\\\/vitablanca.ma\\\/\",\"name\":\"VitaBlanca.ma | Compl\u00e9ments alimentaires, sant\u00e9 & beaut\u00e9 au Maroc\",\"description\":\"vendre vitamines et compl\u00e9ments premium des USA &amp; Canada, Nouvelle Z\u00e9lande,Maroc (NOW Foods, Solgar, Manuka). Livraison rapide partout au Maroc.\",\"publisher\":{\"@id\":\"https:\\\/\\\/vitablanca.ma\\\/#organization\"},\"alternateName\":\"VitaBlanca.ma\",\"potentialAction\":[{\"@type\":\"SearchAction\",\"target\":{\"@type\":\"EntryPoint\",\"urlTemplate\":\"https:\\\/\\\/vitablanca.ma\\\/?s={search_term_string}\"},\"query-input\":{\"@type\":\"PropertyValueSpecification\",\"valueRequired\":true,\"valueName\":\"search_term_string\"}}],\"inLanguage\":\"ar\"},{\"@type\":\"Organization\",\"@id\":\"https:\\\/\\\/vitablanca.ma\\\/#organization\",\"name\":\"VitaBlanca\",\"url\":\"https:\\\/\\\/vitablanca.ma\\\/\",\"logo\":{\"@type\":\"ImageObject\",\"inLanguage\":\"ar\",\"@id\":\"https:\\\/\\\/vitablanca.ma\\\/#\\\/schema\\\/logo\\\/image\\\/\",\"url\":\"https:\\\/\\\/vitablanca.ma\\\/wp-content\\\/uploads\\\/2025\\\/05\\\/cropped-vitablanca.png\",\"contentUrl\":\"https:\\\/\\\/vitablanca.ma\\\/wp-content\\\/uploads\\\/2025\\\/05\\\/cropped-vitablanca.png\",\"width\":360,\"height\":67,\"caption\":\"VitaBlanca\"},\"image\":{\"@id\":\"https:\\\/\\\/vitablanca.ma\\\/#\\\/schema\\\/logo\\\/image\\\/\"},\"sameAs\":[\"https:\\\/\\\/www.facebook.com\\\/profile.php?id=61576678196717\",\"https:\\\/\\\/www.tiktok.com\\\/@vitablanca.ma\",\"https:\\\/\\\/www.instagram.com\\\/vitablanca.ma\\\/\"]}]}<\/script>\n<!-- \/ Yoast SEO plugin. -->","yoast_head_json":{"title":"Super Diet Radis Noir Artichaut Bio 15 ml - Prix Maroc","description":"Super Diet Radis Noir Artichaut Bio 20 ampoules favorise l\u2019\u00e9limination, la d\u00e9tox et le bien-\u00eatre digestif gr\u00e2ce \u00e0 sa formule naturelle et bio.","robots":{"index":"index","follow":"follow","max-snippet":"max-snippet:-1","max-image-preview":"max-image-preview:large","max-video-preview":"max-video-preview:-1"},"canonical":"https:\/\/vitablanca.ma\/ar\/product-2\/super-diet-radis-noir-artichaut-bio-20-ampoules15-ml\/","og_locale":"ar_AR","og_type":"article","og_title":"Super Diet Radis Noir Artichaut Bio 15 ml - Prix Maroc","og_description":"Super Diet Radis Noir Artichaut Bio 20 ampoules favorise l\u2019\u00e9limination, la d\u00e9tox et le bien-\u00eatre digestif gr\u00e2ce \u00e0 sa formule naturelle et bio.","og_url":"https:\/\/vitablanca.ma\/ar\/product-2\/super-diet-radis-noir-artichaut-bio-20-ampoules15-ml\/","og_site_name":"Vitablanca.ma &ndash; Sant&eacute;, vitalit&eacute; et bien-&ecirc;tre pour tous les Marocains","article_publisher":"https:\/\/www.facebook.com\/profile.php?id=61576678196717","article_modified_time":"2026-02-04T22:04:50+00:00","og_image":[{"width":1000,"height":1000,"url":"https:\/\/vitablanca.ma\/wp-content\/uploads\/2025\/06\/Super-Diet-Radis-Noir-Artichaut-Bio-20-Ampoules-15-ml-nova-parapharmacie-casablanca.jpg","type":"image\/jpeg"}],"twitter_card":"summary_large_image","twitter_misc":{"\u0648\u0642\u062a \u0627\u0644\u0642\u0631\u0627\u0621\u0629 \u0627\u0644\u0645\u064f\u0642\u062f\u0651\u0631":"\u062f\u0642\u064a\u0642\u062a\u0627\u0646"},"schema":{"@context":"https:\/\/schema.org","@graph":[{"@type":["WebPage","ItemPage"],"@id":"https:\/\/vitablanca.ma\/produit\/super-diet-radis-noir-artichaut-bio-20-ampoules15-ml\/","url":"https:\/\/vitablanca.ma\/produit\/super-diet-radis-noir-artichaut-bio-20-ampoules15-ml\/","name":"Super Diet Radis Noir Artichaut Bio 15 ml - Prix Maroc","isPartOf":{"@id":"https:\/\/vitablanca.ma\/#website"},"primaryImageOfPage":{"@id":"https:\/\/vitablanca.ma\/produit\/super-diet-radis-noir-artichaut-bio-20-ampoules15-ml\/#primaryimage"},"image":{"@id":"https:\/\/vitablanca.ma\/produit\/super-diet-radis-noir-artichaut-bio-20-ampoules15-ml\/#primaryimage"},"thumbnailUrl":"https:\/\/vitablanca.ma\/wp-content\/uploads\/2025\/06\/Super-Diet-Radis-Noir-Artichaut-Bio-20-Ampoules-15-ml-nova-parapharmacie-casablanca.jpg","datePublished":"2025-06-11T21:47:17+00:00","dateModified":"2026-02-04T22:04:50+00:00","description":"Super Diet Radis Noir Artichaut Bio 20 ampoules favorise l\u2019\u00e9limination, la d\u00e9tox et le bien-\u00eatre digestif gr\u00e2ce \u00e0 sa formule naturelle et bio.","breadcrumb":{"@id":"https:\/\/vitablanca.ma\/produit\/super-diet-radis-noir-artichaut-bio-20-ampoules15-ml\/#breadcrumb"},"inLanguage":"ar","potentialAction":[{"@type":"ReadAction","target":["https:\/\/vitablanca.ma\/produit\/super-diet-radis-noir-artichaut-bio-20-ampoules15-ml\/"]}]},{"@type":"ImageObject","inLanguage":"ar","@id":"https:\/\/vitablanca.ma\/produit\/super-diet-radis-noir-artichaut-bio-20-ampoules15-ml\/#primaryimage","url":"https:\/\/vitablanca.ma\/wp-content\/uploads\/2025\/06\/Super-Diet-Radis-Noir-Artichaut-Bio-20-Ampoules-15-ml-nova-parapharmacie-casablanca.jpg","contentUrl":"https:\/\/vitablanca.ma\/wp-content\/uploads\/2025\/06\/Super-Diet-Radis-Noir-Artichaut-Bio-20-Ampoules-15-ml-nova-parapharmacie-casablanca.jpg","width":1000,"height":1000},{"@type":"BreadcrumbList","@id":"https:\/\/vitablanca.ma\/produit\/super-diet-radis-noir-artichaut-bio-20-ampoules15-ml\/#breadcrumb","itemListElement":[{"@type":"ListItem","position":1,"name":"Home","item":"https:\/\/vitablanca.ma\/"},{"@type":"ListItem","position":2,"name":"Tous Les Produits","item":"https:\/\/vitablanca.ma\/tous-les-produits\/"},{"@type":"ListItem","position":3,"name":"Super Diet Radis Noir Artichaut Bio 20 Ampoules*15 ml"}]},{"@type":"WebSite","@id":"https:\/\/vitablanca.ma\/#website","url":"https:\/\/vitablanca.ma\/","name":"VitaBlanca.ma | \u0627\u0644\u0645\u0643\u0645\u0644\u0627\u062a \u0627\u0644\u063a\u0630\u0627\u0626\u064a\u0629\u060c \u0627\u0644\u0635\u062d\u0629 \u0648\u0627\u0644\u062c\u0645\u0627\u0644 \u0641\u064a \u0627\u0644\u0645\u063a\u0631\u0628","description":"\u0646\u0628\u064a\u0639 \u0641\u064a\u062a\u0627\u0645\u064a\u0646\u0627\u062a \u0648\u0645\u0643\u0645\u0644\u0627\u062a \u063a\u0630\u0627\u0626\u064a\u0629 \u0641\u0627\u062e\u0631\u0629 \u0645\u0646 \u0627\u0644\u0648\u0644\u0627\u064a\u0627\u062a \u0627\u0644\u0645\u062a\u062d\u062f\u0629 \u0627\u0644\u0623\u0645\u0631\u064a\u0643\u064a\u0629 \u0648\u0643\u0646\u062f\u0627 \u0648\u0646\u064a\u0648\u0632\u064a\u0644\u0646\u062f\u0627 \u0648\u0627\u0644\u0645\u063a\u0631\u0628 (\u0646\u0627\u0648 \u0641\u0648\u062f\u0632\u060c \u0633\u0648\u0644\u062c\u0627\u0631\u060c \u0645\u0627\u0646\u0648\u0643\u0627). \u062a\u0648\u0635\u064a\u0644 \u0633\u0631\u064a\u0639 \u0625\u0644\u0649 \u062c\u0645\u064a\u0639 \u0623\u0646\u062d\u0627\u0621 \u0627\u0644\u0645\u063a\u0631\u0628.","publisher":{"@id":"https:\/\/vitablanca.ma\/#organization"},"alternateName":"VitaBlanca.ma","potentialAction":[{"@type":"SearchAction","target":{"@type":"EntryPoint","urlTemplate":"https:\/\/vitablanca.ma\/?s={search_term_string}"},"query-input":{"@type":"PropertyValueSpecification","valueRequired":true,"valueName":"search_term_string"}}],"inLanguage":"ar"},{"@type":"Organization","@id":"https:\/\/vitablanca.ma\/#organization","name":"\u0641\u064a\u062a\u0627\u0628\u0644\u0627\u0646\u0643\u0627","url":"https:\/\/vitablanca.ma\/","logo":{"@type":"ImageObject","inLanguage":"ar","@id":"https:\/\/vitablanca.ma\/#\/schema\/logo\/image\/","url":"https:\/\/vitablanca.ma\/wp-content\/uploads\/2025\/05\/cropped-vitablanca.png","contentUrl":"https:\/\/vitablanca.ma\/wp-content\/uploads\/2025\/05\/cropped-vitablanca.png","width":360,"height":67,"caption":"VitaBlanca"},"image":{"@id":"https:\/\/vitablanca.ma\/#\/schema\/logo\/image\/"},"sameAs":["https:\/\/www.facebook.com\/profile.php?id=61576678196717","https:\/\/www.tiktok.com\/@vitablanca.ma","https:\/\/www.instagram.com\/vitablanca.ma\/"]}]}},"jetpack_sharing_enabled":true,"_links":{"self":[{"href":"https:\/\/vitablanca.ma\/ar\/wp-json\/wp\/v2\/product\/22138","targetHints":{"allow":["GET"]}}],"collection":[{"href":"https:\/\/vitablanca.ma\/ar\/wp-json\/wp\/v2\/product"}],"about":[{"href":"https:\/\/vitablanca.ma\/ar\/wp-json\/wp\/v2\/types\/product"}],"wp:featuredmedia":[{"embeddable":true,"href":"https:\/\/vitablanca.ma\/ar\/wp-json\/wp\/v2\/media\/22137"}],"wp:attachment":[{"href":"https:\/\/vitablanca.ma\/ar\/wp-json\/wp\/v2\/media?parent=22138"}],"wp:term":[{"taxonomy":"product_brand","embeddable":true,"href":"https:\/\/vitablanca.ma\/ar\/wp-json\/wp\/v2\/product_brand?post=22138"},{"taxonomy":"product_cat","embeddable":true,"href":"https:\/\/vitablanca.ma\/ar\/wp-json\/wp\/v2\/product_cat?post=22138"},{"taxonomy":"product_tag","embeddable":true,"href":"https:\/\/vitablanca.ma\/ar\/wp-json\/wp\/v2\/product_tag?post=22138"}],"curies":[{"name":"wp","href":"https:\/\/api.w.org\/{rel}","templated":true}]}}