{"id":22124,"date":"2025-06-11T21:46:55","date_gmt":"2025-06-11T21:46:55","guid":{"rendered":"https:\/\/vitablanca.ma\/product\/spirit-zinc-30-gelules\/"},"modified":"2026-02-04T22:22:28","modified_gmt":"2026-02-04T22:22:28","slug":"spirit-zinc-30-gelules","status":"publish","type":"product","link":"https:\/\/vitablanca.ma\/ar\/product-2\/spirit-zinc-30-gelules\/","title":{"rendered":"\u0643\u0628\u0633\u0648\u0644\u0627\u062a \u0633\u0628\u064a\u0631\u064a\u062a \u0632\u064a\u0646\u0643 30 \u0643\u0628\u0633\u0648\u0644\u0629"},"content":{"rendered":"<h2><span data-mce-fragment=\"1\">\u0643\u0628\u0633\u0648\u0644\u0627\u062a \u0633\u0628\u064a\u0631\u064a\u062a \u0632\u064a\u0646\u0643 30 \u0643\u0628\u0633\u0648\u0644\u0629<\/span><\/h2>\n<p>Spirit\u00a0Zinc es un compl\u00e9ment \u00a0alimentaire \u00a0\u00e0 base de levure enrichie en zinc.<\/p>\n<p>Le Zinc\u00a0: est un m\u00e9tal indispensable \u00e0 l\u2019action d\u2019enzymes dans l\u2019organisation. Il est entre autres, n\u00e9cessaire \u00e0 la croissance, \u00e0 la maturation sexuelle, et ou fonctionnement du syst\u00e8me immunitaire ainsi qu\u2019au renouvellement de la peau et des cheveux. La levure de bi\u00e8re\u00a0: \u00a0prot\u00e9ine de haute qualit\u00e9 , source de vitamines, min\u00e9raux et fibres alimentaires.<\/p>\n<p><b>POSOLOGIE ET MODE D\u2019EMPLOI\u00a0:<\/b><\/p>\n<p>2g\u00e9lules par jour \u00e0 prendre le matin, de pr\u00e9f\u00e9rence avant le repas, avec un grand verre d\u2019eau, Dur\u00e9e de compl\u00e9mentation\u00a0: 3mois cons\u00e9cutifs \u00e0 renouveler.<\/p>","protected":false},"excerpt":{"rendered":"<p>Spirit Zinc 30 G\u00e9lules Spirit\u00a0Zinc es un compl\u00e9ment \u00a0alimentaire \u00a0\u00e0 base de levure enrichie en zinc. Le Zinc\u00a0: est un m\u00e9tal indispensable \u00e0 l\u2019action d\u2019enzymes dans l\u2019organisation. Il est entre autres, n\u00e9cessaire \u00e0 la croissance, \u00e0 la maturation sexuelle, et ou fonctionnement du syst\u00e8me immunitaire ainsi qu\u2019au renouvellement de la peau et des cheveux. La [&hellip;]<\/p>\n","protected":false},"featured_media":22123,"template":"","meta":{"om_disable_all_campaigns":false},"product_brand":[3362],"product_cat":[18,3366,19],"product_tag":[7847,7844,7849,7845,7846,985,3961,3364,3363,3365,7843,7811,7848],"class_list":{"0":"post-22124","1":"product","2":"type-product","3":"status-publish","4":"has-post-thumbnail","6":"product_brand-spirit-maroc-prix-vitablanca","7":"product_cat-beaute-sante","8":"product_cat-complements-alimentaires-au-maroc-vitablanca","9":"product_cat-vitamines-supplements-dietetiques","10":"product_tag-bien-etre-quotidien","11":"product_tag-complement-alimentaire-zinc","12":"product_tag-defenses-naturelles","13":"product_tag-gelules-zinc-naturel","14":"product_tag-immunite-renforcee","15":"product_tag-protection-cellulaire","16":"product_tag-sante-peau-cheveux-ongles","17":"product_tag-spirit","18":"product_tag-spirit-maroc","19":"product_tag-spirit-morocco","20":"product_tag-spirit-zinc","21":"product_tag-vitalite-quotidienne","22":"product_tag-zinc-oligo-element","24":"first","25":"instock","26":"sale","27":"taxable","28":"shipping-taxable","29":"purchasable","30":"product-type-simple"},"yoast_head":"<!-- This site is optimized with the Yoast SEO plugin v27.4 - https:\/\/yoast.com\/product\/yoast-seo-wordpress\/ -->\n<title>Spirit Zinc 30 G\u00e9lules - Maroc Prix<\/title>\n<meta name=\"description\" content=\"Spirit Zinc 30 g\u00e9lules soutient le syst\u00e8me immunitaire, favorise la sant\u00e9 de la peau, cheveux et ongles et contribue au m\u00e9tabolisme normal\" \/>\n<meta name=\"robots\" content=\"index, follow, max-snippet:-1, max-image-preview:large, max-video-preview:-1\" \/>\n<link rel=\"canonical\" href=\"https:\/\/vitablanca.ma\/ar\/product-2\/spirit-zinc-30-gelules\/\" \/>\n<meta property=\"og:locale\" content=\"ar_AR\" \/>\n<meta property=\"og:type\" content=\"article\" \/>\n<meta property=\"og:title\" content=\"Spirit Zinc 30 G\u00e9lules - Maroc Prix\" \/>\n<meta property=\"og:description\" content=\"Spirit Zinc 30 g\u00e9lules soutient le syst\u00e8me immunitaire, favorise la sant\u00e9 de la peau, cheveux et ongles et contribue au m\u00e9tabolisme normal\" \/>\n<meta property=\"og:url\" content=\"https:\/\/vitablanca.ma\/ar\/product-2\/spirit-zinc-30-gelules\/\" \/>\n<meta property=\"og:site_name\" content=\"Vitablanca.ma &ndash; Sant&eacute;, vitalit&eacute; et bien-&ecirc;tre pour tous les Marocains\" \/>\n<meta property=\"article:publisher\" content=\"https:\/\/www.facebook.com\/profile.php?id=61576678196717\" \/>\n<meta property=\"article:modified_time\" content=\"2026-02-04T22:22:28+00:00\" \/>\n<meta property=\"og:image\" content=\"https:\/\/vitablanca.ma\/wp-content\/uploads\/2025\/06\/Spirit-Zinc-30-Gelules-nova-parapharmacie-casablanca.jpg\" \/>\n\t<meta property=\"og:image:width\" content=\"1000\" \/>\n\t<meta property=\"og:image:height\" content=\"1000\" \/>\n\t<meta property=\"og:image:type\" content=\"image\/jpeg\" \/>\n<meta name=\"twitter:card\" content=\"summary_large_image\" \/>\n<meta name=\"twitter:label1\" content=\"\u0648\u0642\u062a \u0627\u0644\u0642\u0631\u0627\u0621\u0629 \u0627\u0644\u0645\u064f\u0642\u062f\u0651\u0631\" \/>\n\t<meta name=\"twitter:data1\" content=\"\u062f\u0642\u064a\u0642\u0629 \u0648\u0627\u062d\u062f\u0629\" \/>\n<script type=\"application\/ld+json\" class=\"yoast-schema-graph\">{\"@context\":\"https:\\\/\\\/schema.org\",\"@graph\":[{\"@type\":[\"WebPage\",\"ItemPage\"],\"@id\":\"https:\\\/\\\/vitablanca.ma\\\/produit\\\/spirit-zinc-30-gelules\\\/\",\"url\":\"https:\\\/\\\/vitablanca.ma\\\/produit\\\/spirit-zinc-30-gelules\\\/\",\"name\":\"Spirit Zinc 30 G\u00e9lules - Maroc Prix\",\"isPartOf\":{\"@id\":\"https:\\\/\\\/vitablanca.ma\\\/#website\"},\"primaryImageOfPage\":{\"@id\":\"https:\\\/\\\/vitablanca.ma\\\/produit\\\/spirit-zinc-30-gelules\\\/#primaryimage\"},\"image\":{\"@id\":\"https:\\\/\\\/vitablanca.ma\\\/produit\\\/spirit-zinc-30-gelules\\\/#primaryimage\"},\"thumbnailUrl\":\"https:\\\/\\\/vitablanca.ma\\\/wp-content\\\/uploads\\\/2025\\\/06\\\/Spirit-Zinc-30-Gelules-nova-parapharmacie-casablanca.jpg\",\"datePublished\":\"2025-06-11T21:46:55+00:00\",\"dateModified\":\"2026-02-04T22:22:28+00:00\",\"description\":\"Spirit Zinc 30 g\u00e9lules soutient le syst\u00e8me immunitaire, favorise la sant\u00e9 de la peau, cheveux et ongles et contribue au m\u00e9tabolisme normal\",\"breadcrumb\":{\"@id\":\"https:\\\/\\\/vitablanca.ma\\\/produit\\\/spirit-zinc-30-gelules\\\/#breadcrumb\"},\"inLanguage\":\"ar\",\"potentialAction\":[{\"@type\":\"ReadAction\",\"target\":[\"https:\\\/\\\/vitablanca.ma\\\/produit\\\/spirit-zinc-30-gelules\\\/\"]}]},{\"@type\":\"ImageObject\",\"inLanguage\":\"ar\",\"@id\":\"https:\\\/\\\/vitablanca.ma\\\/produit\\\/spirit-zinc-30-gelules\\\/#primaryimage\",\"url\":\"https:\\\/\\\/vitablanca.ma\\\/wp-content\\\/uploads\\\/2025\\\/06\\\/Spirit-Zinc-30-Gelules-nova-parapharmacie-casablanca.jpg\",\"contentUrl\":\"https:\\\/\\\/vitablanca.ma\\\/wp-content\\\/uploads\\\/2025\\\/06\\\/Spirit-Zinc-30-Gelules-nova-parapharmacie-casablanca.jpg\",\"width\":1000,\"height\":1000},{\"@type\":\"BreadcrumbList\",\"@id\":\"https:\\\/\\\/vitablanca.ma\\\/produit\\\/spirit-zinc-30-gelules\\\/#breadcrumb\",\"itemListElement\":[{\"@type\":\"ListItem\",\"position\":1,\"name\":\"Home\",\"item\":\"https:\\\/\\\/vitablanca.ma\\\/\"},{\"@type\":\"ListItem\",\"position\":2,\"name\":\"Tous Les Produits\",\"item\":\"https:\\\/\\\/vitablanca.ma\\\/tous-les-produits\\\/\"},{\"@type\":\"ListItem\",\"position\":3,\"name\":\"Spirit Zinc 30 G\u00e9lules\"}]},{\"@type\":\"WebSite\",\"@id\":\"https:\\\/\\\/vitablanca.ma\\\/#website\",\"url\":\"https:\\\/\\\/vitablanca.ma\\\/\",\"name\":\"VitaBlanca.ma | Compl\u00e9ments alimentaires, sant\u00e9 & beaut\u00e9 au Maroc\",\"description\":\"vendre vitamines et compl\u00e9ments premium des USA &amp; Canada, Nouvelle Z\u00e9lande,Maroc (NOW Foods, Solgar, Manuka). Livraison rapide partout au Maroc.\",\"publisher\":{\"@id\":\"https:\\\/\\\/vitablanca.ma\\\/#organization\"},\"alternateName\":\"VitaBlanca.ma\",\"potentialAction\":[{\"@type\":\"SearchAction\",\"target\":{\"@type\":\"EntryPoint\",\"urlTemplate\":\"https:\\\/\\\/vitablanca.ma\\\/?s={search_term_string}\"},\"query-input\":{\"@type\":\"PropertyValueSpecification\",\"valueRequired\":true,\"valueName\":\"search_term_string\"}}],\"inLanguage\":\"ar\"},{\"@type\":\"Organization\",\"@id\":\"https:\\\/\\\/vitablanca.ma\\\/#organization\",\"name\":\"VitaBlanca\",\"url\":\"https:\\\/\\\/vitablanca.ma\\\/\",\"logo\":{\"@type\":\"ImageObject\",\"inLanguage\":\"ar\",\"@id\":\"https:\\\/\\\/vitablanca.ma\\\/#\\\/schema\\\/logo\\\/image\\\/\",\"url\":\"https:\\\/\\\/vitablanca.ma\\\/wp-content\\\/uploads\\\/2025\\\/05\\\/cropped-vitablanca.png\",\"contentUrl\":\"https:\\\/\\\/vitablanca.ma\\\/wp-content\\\/uploads\\\/2025\\\/05\\\/cropped-vitablanca.png\",\"width\":360,\"height\":67,\"caption\":\"VitaBlanca\"},\"image\":{\"@id\":\"https:\\\/\\\/vitablanca.ma\\\/#\\\/schema\\\/logo\\\/image\\\/\"},\"sameAs\":[\"https:\\\/\\\/www.facebook.com\\\/profile.php?id=61576678196717\",\"https:\\\/\\\/www.tiktok.com\\\/@vitablanca.ma\",\"https:\\\/\\\/www.instagram.com\\\/vitablanca.ma\\\/\"]}]}<\/script>\n<!-- \/ Yoast SEO plugin. -->","yoast_head_json":{"title":"Spirit Zinc 30 G\u00e9lules - Maroc Prix","description":"Spirit Zinc 30 g\u00e9lules soutient le syst\u00e8me immunitaire, favorise la sant\u00e9 de la peau, cheveux et ongles et contribue au m\u00e9tabolisme normal","robots":{"index":"index","follow":"follow","max-snippet":"max-snippet:-1","max-image-preview":"max-image-preview:large","max-video-preview":"max-video-preview:-1"},"canonical":"https:\/\/vitablanca.ma\/ar\/product-2\/spirit-zinc-30-gelules\/","og_locale":"ar_AR","og_type":"article","og_title":"Spirit Zinc 30 G\u00e9lules - Maroc Prix","og_description":"Spirit Zinc 30 g\u00e9lules soutient le syst\u00e8me immunitaire, favorise la sant\u00e9 de la peau, cheveux et ongles et contribue au m\u00e9tabolisme normal","og_url":"https:\/\/vitablanca.ma\/ar\/product-2\/spirit-zinc-30-gelules\/","og_site_name":"Vitablanca.ma &ndash; Sant&eacute;, vitalit&eacute; et bien-&ecirc;tre pour tous les Marocains","article_publisher":"https:\/\/www.facebook.com\/profile.php?id=61576678196717","article_modified_time":"2026-02-04T22:22:28+00:00","og_image":[{"width":1000,"height":1000,"url":"https:\/\/vitablanca.ma\/wp-content\/uploads\/2025\/06\/Spirit-Zinc-30-Gelules-nova-parapharmacie-casablanca.jpg","type":"image\/jpeg"}],"twitter_card":"summary_large_image","twitter_misc":{"\u0648\u0642\u062a \u0627\u0644\u0642\u0631\u0627\u0621\u0629 \u0627\u0644\u0645\u064f\u0642\u062f\u0651\u0631":"\u062f\u0642\u064a\u0642\u0629 \u0648\u0627\u062d\u062f\u0629"},"schema":{"@context":"https:\/\/schema.org","@graph":[{"@type":["WebPage","ItemPage"],"@id":"https:\/\/vitablanca.ma\/produit\/spirit-zinc-30-gelules\/","url":"https:\/\/vitablanca.ma\/produit\/spirit-zinc-30-gelules\/","name":"Spirit Zinc 30 G\u00e9lules - Maroc Prix","isPartOf":{"@id":"https:\/\/vitablanca.ma\/#website"},"primaryImageOfPage":{"@id":"https:\/\/vitablanca.ma\/produit\/spirit-zinc-30-gelules\/#primaryimage"},"image":{"@id":"https:\/\/vitablanca.ma\/produit\/spirit-zinc-30-gelules\/#primaryimage"},"thumbnailUrl":"https:\/\/vitablanca.ma\/wp-content\/uploads\/2025\/06\/Spirit-Zinc-30-Gelules-nova-parapharmacie-casablanca.jpg","datePublished":"2025-06-11T21:46:55+00:00","dateModified":"2026-02-04T22:22:28+00:00","description":"Spirit Zinc 30 g\u00e9lules soutient le syst\u00e8me immunitaire, favorise la sant\u00e9 de la peau, cheveux et ongles et contribue au m\u00e9tabolisme normal","breadcrumb":{"@id":"https:\/\/vitablanca.ma\/produit\/spirit-zinc-30-gelules\/#breadcrumb"},"inLanguage":"ar","potentialAction":[{"@type":"ReadAction","target":["https:\/\/vitablanca.ma\/produit\/spirit-zinc-30-gelules\/"]}]},{"@type":"ImageObject","inLanguage":"ar","@id":"https:\/\/vitablanca.ma\/produit\/spirit-zinc-30-gelules\/#primaryimage","url":"https:\/\/vitablanca.ma\/wp-content\/uploads\/2025\/06\/Spirit-Zinc-30-Gelules-nova-parapharmacie-casablanca.jpg","contentUrl":"https:\/\/vitablanca.ma\/wp-content\/uploads\/2025\/06\/Spirit-Zinc-30-Gelules-nova-parapharmacie-casablanca.jpg","width":1000,"height":1000},{"@type":"BreadcrumbList","@id":"https:\/\/vitablanca.ma\/produit\/spirit-zinc-30-gelules\/#breadcrumb","itemListElement":[{"@type":"ListItem","position":1,"name":"Home","item":"https:\/\/vitablanca.ma\/"},{"@type":"ListItem","position":2,"name":"Tous Les Produits","item":"https:\/\/vitablanca.ma\/tous-les-produits\/"},{"@type":"ListItem","position":3,"name":"Spirit Zinc 30 G\u00e9lules"}]},{"@type":"WebSite","@id":"https:\/\/vitablanca.ma\/#website","url":"https:\/\/vitablanca.ma\/","name":"VitaBlanca.ma | \u0627\u0644\u0645\u0643\u0645\u0644\u0627\u062a \u0627\u0644\u063a\u0630\u0627\u0626\u064a\u0629\u060c \u0627\u0644\u0635\u062d\u0629 \u0648\u0627\u0644\u062c\u0645\u0627\u0644 \u0641\u064a \u0627\u0644\u0645\u063a\u0631\u0628","description":"\u0646\u0628\u064a\u0639 \u0641\u064a\u062a\u0627\u0645\u064a\u0646\u0627\u062a \u0648\u0645\u0643\u0645\u0644\u0627\u062a \u063a\u0630\u0627\u0626\u064a\u0629 \u0641\u0627\u062e\u0631\u0629 \u0645\u0646 \u0627\u0644\u0648\u0644\u0627\u064a\u0627\u062a \u0627\u0644\u0645\u062a\u062d\u062f\u0629 \u0627\u0644\u0623\u0645\u0631\u064a\u0643\u064a\u0629 \u0648\u0643\u0646\u062f\u0627 \u0648\u0646\u064a\u0648\u0632\u064a\u0644\u0646\u062f\u0627 \u0648\u0627\u0644\u0645\u063a\u0631\u0628 (\u0646\u0627\u0648 \u0641\u0648\u062f\u0632\u060c \u0633\u0648\u0644\u062c\u0627\u0631\u060c \u0645\u0627\u0646\u0648\u0643\u0627). \u062a\u0648\u0635\u064a\u0644 \u0633\u0631\u064a\u0639 \u0625\u0644\u0649 \u062c\u0645\u064a\u0639 \u0623\u0646\u062d\u0627\u0621 \u0627\u0644\u0645\u063a\u0631\u0628.","publisher":{"@id":"https:\/\/vitablanca.ma\/#organization"},"alternateName":"VitaBlanca.ma","potentialAction":[{"@type":"SearchAction","target":{"@type":"EntryPoint","urlTemplate":"https:\/\/vitablanca.ma\/?s={search_term_string}"},"query-input":{"@type":"PropertyValueSpecification","valueRequired":true,"valueName":"search_term_string"}}],"inLanguage":"ar"},{"@type":"Organization","@id":"https:\/\/vitablanca.ma\/#organization","name":"\u0641\u064a\u062a\u0627\u0628\u0644\u0627\u0646\u0643\u0627","url":"https:\/\/vitablanca.ma\/","logo":{"@type":"ImageObject","inLanguage":"ar","@id":"https:\/\/vitablanca.ma\/#\/schema\/logo\/image\/","url":"https:\/\/vitablanca.ma\/wp-content\/uploads\/2025\/05\/cropped-vitablanca.png","contentUrl":"https:\/\/vitablanca.ma\/wp-content\/uploads\/2025\/05\/cropped-vitablanca.png","width":360,"height":67,"caption":"VitaBlanca"},"image":{"@id":"https:\/\/vitablanca.ma\/#\/schema\/logo\/image\/"},"sameAs":["https:\/\/www.facebook.com\/profile.php?id=61576678196717","https:\/\/www.tiktok.com\/@vitablanca.ma","https:\/\/www.instagram.com\/vitablanca.ma\/"]}]}},"jetpack_sharing_enabled":true,"_links":{"self":[{"href":"https:\/\/vitablanca.ma\/ar\/wp-json\/wp\/v2\/product\/22124","targetHints":{"allow":["GET"]}}],"collection":[{"href":"https:\/\/vitablanca.ma\/ar\/wp-json\/wp\/v2\/product"}],"about":[{"href":"https:\/\/vitablanca.ma\/ar\/wp-json\/wp\/v2\/types\/product"}],"wp:featuredmedia":[{"embeddable":true,"href":"https:\/\/vitablanca.ma\/ar\/wp-json\/wp\/v2\/media\/22123"}],"wp:attachment":[{"href":"https:\/\/vitablanca.ma\/ar\/wp-json\/wp\/v2\/media?parent=22124"}],"wp:term":[{"taxonomy":"product_brand","embeddable":true,"href":"https:\/\/vitablanca.ma\/ar\/wp-json\/wp\/v2\/product_brand?post=22124"},{"taxonomy":"product_cat","embeddable":true,"href":"https:\/\/vitablanca.ma\/ar\/wp-json\/wp\/v2\/product_cat?post=22124"},{"taxonomy":"product_tag","embeddable":true,"href":"https:\/\/vitablanca.ma\/ar\/wp-json\/wp\/v2\/product_tag?post=22124"}],"curies":[{"name":"wp","href":"https:\/\/api.w.org\/{rel}","templated":true}]}}