{"id":22114,"date":"2025-06-11T21:46:45","date_gmt":"2025-06-11T21:46:45","guid":{"rendered":"https:\/\/vitablanca.ma\/product\/soskin-low-tox-emulsion-solaire-spf50-100ml\/"},"modified":"2026-02-04T22:27:23","modified_gmt":"2026-02-04T22:27:23","slug":"soskin-low-tox-emulsion-solaire-spf50-100ml","status":"publish","type":"product","link":"https:\/\/vitablanca.ma\/ar\/product-2\/soskin-low-tox-emulsion-solaire-spf50-100ml\/","title":{"rendered":"Soskin Low-Tox Emulsion Solaire SPF50+ 100ml"},"content":{"rendered":"<h2><span data-mce-fragment=\"1\">Soskin Low-Tox Emulsion Solaire SPF50+<\/span><strong>prot\u00e9ger les habitants des oc\u00e9ans du monde.<\/strong><\/h2>\n<p><strong>S\u00c9CURIT\u00c9 POUR LA PEAU<\/strong><\/p>\n<ul>\n<li>Contient 4 filtres solaires \u00e0 faible concentration :<\/li>\n<li>exposition chimique r\u00e9duite du corps et tol\u00e9rance optimis\u00e9e.<\/li>\n<li>Pr\u00e9vient les effets n\u00e9gatifs des rayons UVA sur le processus de vieillissement cutan\u00e9, la formation de taches de vieillesse et les dommages cutan\u00e9s.<\/li>\n<li>Fournit une protection efficace contre les rayons ultraviolets du soleil<\/li>\n<\/ul>\n<p>et pr\u00e9vient les coups de soleil sans compromettre la sensibilit\u00e9 de la peau.<\/p>\n<p><strong>OCEAN FRIENDLY (prendre soin des oc\u00e9ans du monde)<\/strong><\/p>\n<ul>\n<li>L&rsquo;outil est cr\u00e9\u00e9 \u00e0 partir d&rsquo;ingr\u00e9dients biod\u00e9gradables soigneusement s\u00e9lectionn\u00e9s.\u00a0\u2192 Sans silicone.<\/li>\n<li>Contient 4 \u00e9crans solaires insolubles dans l&rsquo;eau : impact minimal sur les micro-organismes.<\/li>\n<li>Produit toxicologiquement s\u00fbr pour le milieu aquatique \u2192 Efficacit\u00e9 d\u00e9montr\u00e9e \u00e0 l&rsquo;aide du mod\u00e8le original de viabilit\u00e9 cellulaire des an\u00e9mones de mer (<strong>\u00a0cnidaires<\/strong>\u00a0).<\/li>\n<\/ul>\n<p><strong>Test de biod\u00e9gradabilit\u00e9 OCDE 306<\/strong>\u00a0en eau de mer valid\u00e9 par des mod\u00e8les acad\u00e9miques de recherche scientifique en symbiose marine.<\/p>\n<p>Facile \u00e0 appliquer, texture non collante qui s&rsquo;absorbe rapidement et est photostable.\u00a0R\u00e9sistant \u00e0 la transpiration et aux frottements.\u00a0Formule sp\u00e9ciale pour pr\u00e9venir l&rsquo;irritation des yeux apr\u00e8s la baignade.<\/p>\n<h3><span data-mce-fragment=\"1\">\u062a\u0639\u0644\u064a\u0645\u0627\u062a \u0627\u0644\u0627\u0633\u062a\u062e\u062f\u0627\u0645<\/span><\/h3>\n<p><span data-mce-fragment=\"1\">Appliquer sur l&rsquo;ensemble du corps, du visage et du cou avant l&rsquo;exposition au soleil pendant 15 minutes.\u00a0Renouveler l&rsquo;application apr\u00e8s avoir nag\u00e9, transpir\u00e9 ou s&rsquo;\u00eatre essuy\u00e9.\u00a0\u00c9vitez le contour des yeux.<\/span><br data-mce-fragment=\"1\" \/><span data-mce-fragment=\"1\">En cas de contact direct avec les yeux, rincer imm\u00e9diatement.\u00a0Une exposition excessive au soleil constitue une grave menace pour la sant\u00e9.\u00a0\u00c9vitez l&rsquo;exposition au soleil pendant les p\u00e9riodes d&rsquo;intensit\u00e9 maximale.<\/span><\/p>\n<h3><span data-mce-fragment=\"1\">\u0645\u0643\u0648\u0646\u0627\u062a<\/span><\/h3>\n<p><span data-mce-fragment=\"1\">Aqua\/eau, homosalate, propanediol, bis-\u00e9thylhexyloxyph\u00e9nol m\u00e9thoxyph\u00e9nyl triazine, butyl m\u00e9thoxydibenzoylm\u00e9thane, salicylate d&rsquo;\u00e9thylhexyle, myristate d&rsquo;isopropyle, acide polyhydroxyst\u00e9arique, triacontanyl PVP, s\u00e9bacate de diisopropyle, coco-glucoside, und\u00e9cyl\u00e9nate de glyc\u00e9ryle, alcool c\u00e9t\u00e9arylique, st\u00e9arate de glyc\u00e9ryle0, PEG-1, hydroxy\u00e9thyle Acrylate\/Sodium Acryloyldimethyl Taurate Copolymer, Alcool de coco, Ethylhexylglycerin, Xanthan Gum, Parfum \/ Fragrance, Sodium Gluconate, Olea Europaea (Olive) Fruit Extract, Hydroxytyrosol, Polysorbate 60, Sorbitan Isostearate, Citric Acid, Glucose.<\/span><\/p>","protected":false},"excerpt":{"rendered":"<p>Soskin Low-Tox Emulsion Solaire SPF50+prot\u00e9ger les habitants des oc\u00e9ans du monde. S\u00c9CURIT\u00c9 POUR LA PEAU Contient 4 filtres solaires \u00e0 faible concentration : exposition chimique r\u00e9duite du corps et tol\u00e9rance optimis\u00e9e. Pr\u00e9vient les effets n\u00e9gatifs des rayons UVA sur le processus de vieillissement cutan\u00e9, la formation de taches de vieillesse et les dommages cutan\u00e9s. Fournit [&hellip;]<\/p>\n","protected":false},"featured_media":22113,"template":"","meta":{"om_disable_all_campaigns":false},"product_brand":[],"product_cat":[15],"product_tag":[7873,7871,7876,7869,7872,7877,7870,7875,7868,7874],"class_list":{"0":"post-22114","1":"product","2":"type-product","3":"status-publish","4":"has-post-thumbnail","6":"product_cat-beaute-sante-complements-alimentaires-soins-et-bien-etre-au-meilleur-prix","7":"product_tag-anti-age-solaire","8":"product_tag-creme-solaire-anti-uv","9":"product_tag-creme-solaire-spf50","10":"product_tag-emulsion-solaire-spf50","11":"product_tag-peau-protegee-soleil","12":"product_tag-prevention-photo-vieillissement","13":"product_tag-protection-solaire-visage-et-corps","14":"product_tag-soin-solaire-haute-protection","15":"product_tag-soskin-low-tox","16":"product_tag-texture-legere-non-grasse","18":"first","19":"instock","20":"sale","21":"taxable","22":"shipping-taxable","23":"purchasable","24":"product-type-simple"},"yoast_head":"<!-- This site is optimized with the Yoast SEO plugin v27.4 - https:\/\/yoast.com\/product\/yoast-seo-wordpress\/ -->\n<title>Soskin Low-Tox Emulsion Solaire SPF50+ 100ml - Maroc Prix<\/title>\n<meta name=\"description\" content=\"Soskin Low-Tox \u00c9mulsion Solaire SPF50+ 100\u202fml prot\u00e8ge efficacement la peau des UV, pr\u00e9vient le vieillissement cutan\u00e9 et offre une texture l\u00e9g\u00e8re\" \/>\n<meta name=\"robots\" content=\"index, follow, max-snippet:-1, max-image-preview:large, max-video-preview:-1\" \/>\n<link rel=\"canonical\" href=\"https:\/\/vitablanca.ma\/ar\/product-2\/soskin-low-tox-emulsion-solaire-spf50-100ml\/\" \/>\n<meta property=\"og:locale\" content=\"ar_AR\" \/>\n<meta property=\"og:type\" content=\"article\" \/>\n<meta property=\"og:title\" content=\"Soskin Low-Tox Emulsion Solaire SPF50+ 100ml - Maroc Prix\" \/>\n<meta property=\"og:description\" content=\"Soskin Low-Tox \u00c9mulsion Solaire SPF50+ 100\u202fml prot\u00e8ge efficacement la peau des UV, pr\u00e9vient le vieillissement cutan\u00e9 et offre une texture l\u00e9g\u00e8re\" \/>\n<meta property=\"og:url\" content=\"https:\/\/vitablanca.ma\/ar\/product-2\/soskin-low-tox-emulsion-solaire-spf50-100ml\/\" \/>\n<meta property=\"og:site_name\" content=\"Vitablanca.ma &ndash; Sant&eacute;, vitalit&eacute; et bien-&ecirc;tre pour tous les Marocains\" \/>\n<meta property=\"article:publisher\" content=\"https:\/\/www.facebook.com\/profile.php?id=61576678196717\" \/>\n<meta property=\"article:modified_time\" content=\"2026-02-04T22:27:23+00:00\" \/>\n<meta property=\"og:image\" content=\"https:\/\/vitablanca.ma\/wp-content\/uploads\/2025\/06\/Soskin-Low-Tox-Emulsion-Solaire-SPF50_-100ml-nova-parapharmacie-maroc.jpg\" \/>\n\t<meta property=\"og:image:width\" content=\"1000\" \/>\n\t<meta property=\"og:image:height\" content=\"1000\" \/>\n\t<meta property=\"og:image:type\" content=\"image\/jpeg\" \/>\n<meta name=\"twitter:card\" content=\"summary_large_image\" \/>\n<meta name=\"twitter:label1\" content=\"\u0648\u0642\u062a \u0627\u0644\u0642\u0631\u0627\u0621\u0629 \u0627\u0644\u0645\u064f\u0642\u062f\u0651\u0631\" \/>\n\t<meta name=\"twitter:data1\" content=\"\u062f\u0642\u064a\u0642\u062a\u0627\u0646\" \/>\n<script type=\"application\/ld+json\" class=\"yoast-schema-graph\">{\"@context\":\"https:\\\/\\\/schema.org\",\"@graph\":[{\"@type\":[\"WebPage\",\"ItemPage\"],\"@id\":\"https:\\\/\\\/vitablanca.ma\\\/produit\\\/soskin-low-tox-emulsion-solaire-spf50-100ml\\\/\",\"url\":\"https:\\\/\\\/vitablanca.ma\\\/produit\\\/soskin-low-tox-emulsion-solaire-spf50-100ml\\\/\",\"name\":\"Soskin Low-Tox Emulsion Solaire SPF50+ 100ml - Maroc Prix\",\"isPartOf\":{\"@id\":\"https:\\\/\\\/vitablanca.ma\\\/#website\"},\"primaryImageOfPage\":{\"@id\":\"https:\\\/\\\/vitablanca.ma\\\/produit\\\/soskin-low-tox-emulsion-solaire-spf50-100ml\\\/#primaryimage\"},\"image\":{\"@id\":\"https:\\\/\\\/vitablanca.ma\\\/produit\\\/soskin-low-tox-emulsion-solaire-spf50-100ml\\\/#primaryimage\"},\"thumbnailUrl\":\"https:\\\/\\\/vitablanca.ma\\\/wp-content\\\/uploads\\\/2025\\\/06\\\/Soskin-Low-Tox-Emulsion-Solaire-SPF50_-100ml-nova-parapharmacie-maroc.jpg\",\"datePublished\":\"2025-06-11T21:46:45+00:00\",\"dateModified\":\"2026-02-04T22:27:23+00:00\",\"description\":\"Soskin Low-Tox \u00c9mulsion Solaire SPF50+ 100\u202fml prot\u00e8ge efficacement la peau des UV, pr\u00e9vient le vieillissement cutan\u00e9 et offre une texture l\u00e9g\u00e8re\",\"breadcrumb\":{\"@id\":\"https:\\\/\\\/vitablanca.ma\\\/produit\\\/soskin-low-tox-emulsion-solaire-spf50-100ml\\\/#breadcrumb\"},\"inLanguage\":\"ar\",\"potentialAction\":[{\"@type\":\"ReadAction\",\"target\":[\"https:\\\/\\\/vitablanca.ma\\\/produit\\\/soskin-low-tox-emulsion-solaire-spf50-100ml\\\/\"]}]},{\"@type\":\"ImageObject\",\"inLanguage\":\"ar\",\"@id\":\"https:\\\/\\\/vitablanca.ma\\\/produit\\\/soskin-low-tox-emulsion-solaire-spf50-100ml\\\/#primaryimage\",\"url\":\"https:\\\/\\\/vitablanca.ma\\\/wp-content\\\/uploads\\\/2025\\\/06\\\/Soskin-Low-Tox-Emulsion-Solaire-SPF50_-100ml-nova-parapharmacie-maroc.jpg\",\"contentUrl\":\"https:\\\/\\\/vitablanca.ma\\\/wp-content\\\/uploads\\\/2025\\\/06\\\/Soskin-Low-Tox-Emulsion-Solaire-SPF50_-100ml-nova-parapharmacie-maroc.jpg\",\"width\":1000,\"height\":1000},{\"@type\":\"BreadcrumbList\",\"@id\":\"https:\\\/\\\/vitablanca.ma\\\/produit\\\/soskin-low-tox-emulsion-solaire-spf50-100ml\\\/#breadcrumb\",\"itemListElement\":[{\"@type\":\"ListItem\",\"position\":1,\"name\":\"Home\",\"item\":\"https:\\\/\\\/vitablanca.ma\\\/\"},{\"@type\":\"ListItem\",\"position\":2,\"name\":\"Tous Les Produits\",\"item\":\"https:\\\/\\\/vitablanca.ma\\\/tous-les-produits\\\/\"},{\"@type\":\"ListItem\",\"position\":3,\"name\":\"Soskin Low-Tox Emulsion Solaire SPF50+ 100ml\"}]},{\"@type\":\"WebSite\",\"@id\":\"https:\\\/\\\/vitablanca.ma\\\/#website\",\"url\":\"https:\\\/\\\/vitablanca.ma\\\/\",\"name\":\"VitaBlanca.ma | Compl\u00e9ments alimentaires, sant\u00e9 & beaut\u00e9 au Maroc\",\"description\":\"vendre vitamines et compl\u00e9ments premium des USA &amp; Canada, Nouvelle Z\u00e9lande,Maroc (NOW Foods, Solgar, Manuka). Livraison rapide partout au Maroc.\",\"publisher\":{\"@id\":\"https:\\\/\\\/vitablanca.ma\\\/#organization\"},\"alternateName\":\"VitaBlanca.ma\",\"potentialAction\":[{\"@type\":\"SearchAction\",\"target\":{\"@type\":\"EntryPoint\",\"urlTemplate\":\"https:\\\/\\\/vitablanca.ma\\\/?s={search_term_string}\"},\"query-input\":{\"@type\":\"PropertyValueSpecification\",\"valueRequired\":true,\"valueName\":\"search_term_string\"}}],\"inLanguage\":\"ar\"},{\"@type\":\"Organization\",\"@id\":\"https:\\\/\\\/vitablanca.ma\\\/#organization\",\"name\":\"VitaBlanca\",\"url\":\"https:\\\/\\\/vitablanca.ma\\\/\",\"logo\":{\"@type\":\"ImageObject\",\"inLanguage\":\"ar\",\"@id\":\"https:\\\/\\\/vitablanca.ma\\\/#\\\/schema\\\/logo\\\/image\\\/\",\"url\":\"https:\\\/\\\/vitablanca.ma\\\/wp-content\\\/uploads\\\/2025\\\/05\\\/cropped-vitablanca.png\",\"contentUrl\":\"https:\\\/\\\/vitablanca.ma\\\/wp-content\\\/uploads\\\/2025\\\/05\\\/cropped-vitablanca.png\",\"width\":360,\"height\":67,\"caption\":\"VitaBlanca\"},\"image\":{\"@id\":\"https:\\\/\\\/vitablanca.ma\\\/#\\\/schema\\\/logo\\\/image\\\/\"},\"sameAs\":[\"https:\\\/\\\/www.facebook.com\\\/profile.php?id=61576678196717\",\"https:\\\/\\\/www.tiktok.com\\\/@vitablanca.ma\",\"https:\\\/\\\/www.instagram.com\\\/vitablanca.ma\\\/\"]}]}<\/script>\n<!-- \/ Yoast SEO plugin. -->","yoast_head_json":{"title":"Soskin Low-Tox Emulsion Solaire SPF50+ 100ml - Maroc Prix","description":"Soskin Low-Tox \u00c9mulsion Solaire SPF50+ 100\u202fml prot\u00e8ge efficacement la peau des UV, pr\u00e9vient le vieillissement cutan\u00e9 et offre une texture l\u00e9g\u00e8re","robots":{"index":"index","follow":"follow","max-snippet":"max-snippet:-1","max-image-preview":"max-image-preview:large","max-video-preview":"max-video-preview:-1"},"canonical":"https:\/\/vitablanca.ma\/ar\/product-2\/soskin-low-tox-emulsion-solaire-spf50-100ml\/","og_locale":"ar_AR","og_type":"article","og_title":"Soskin Low-Tox Emulsion Solaire SPF50+ 100ml - Maroc Prix","og_description":"Soskin Low-Tox \u00c9mulsion Solaire SPF50+ 100\u202fml prot\u00e8ge efficacement la peau des UV, pr\u00e9vient le vieillissement cutan\u00e9 et offre une texture l\u00e9g\u00e8re","og_url":"https:\/\/vitablanca.ma\/ar\/product-2\/soskin-low-tox-emulsion-solaire-spf50-100ml\/","og_site_name":"Vitablanca.ma &ndash; Sant&eacute;, vitalit&eacute; et bien-&ecirc;tre pour tous les Marocains","article_publisher":"https:\/\/www.facebook.com\/profile.php?id=61576678196717","article_modified_time":"2026-02-04T22:27:23+00:00","og_image":[{"width":1000,"height":1000,"url":"https:\/\/vitablanca.ma\/wp-content\/uploads\/2025\/06\/Soskin-Low-Tox-Emulsion-Solaire-SPF50_-100ml-nova-parapharmacie-maroc.jpg","type":"image\/jpeg"}],"twitter_card":"summary_large_image","twitter_misc":{"\u0648\u0642\u062a \u0627\u0644\u0642\u0631\u0627\u0621\u0629 \u0627\u0644\u0645\u064f\u0642\u062f\u0651\u0631":"\u062f\u0642\u064a\u0642\u062a\u0627\u0646"},"schema":{"@context":"https:\/\/schema.org","@graph":[{"@type":["WebPage","ItemPage"],"@id":"https:\/\/vitablanca.ma\/produit\/soskin-low-tox-emulsion-solaire-spf50-100ml\/","url":"https:\/\/vitablanca.ma\/produit\/soskin-low-tox-emulsion-solaire-spf50-100ml\/","name":"Soskin Low-Tox Emulsion Solaire SPF50+ 100ml - Maroc Prix","isPartOf":{"@id":"https:\/\/vitablanca.ma\/#website"},"primaryImageOfPage":{"@id":"https:\/\/vitablanca.ma\/produit\/soskin-low-tox-emulsion-solaire-spf50-100ml\/#primaryimage"},"image":{"@id":"https:\/\/vitablanca.ma\/produit\/soskin-low-tox-emulsion-solaire-spf50-100ml\/#primaryimage"},"thumbnailUrl":"https:\/\/vitablanca.ma\/wp-content\/uploads\/2025\/06\/Soskin-Low-Tox-Emulsion-Solaire-SPF50_-100ml-nova-parapharmacie-maroc.jpg","datePublished":"2025-06-11T21:46:45+00:00","dateModified":"2026-02-04T22:27:23+00:00","description":"Soskin Low-Tox \u00c9mulsion Solaire SPF50+ 100\u202fml prot\u00e8ge efficacement la peau des UV, pr\u00e9vient le vieillissement cutan\u00e9 et offre une texture l\u00e9g\u00e8re","breadcrumb":{"@id":"https:\/\/vitablanca.ma\/produit\/soskin-low-tox-emulsion-solaire-spf50-100ml\/#breadcrumb"},"inLanguage":"ar","potentialAction":[{"@type":"ReadAction","target":["https:\/\/vitablanca.ma\/produit\/soskin-low-tox-emulsion-solaire-spf50-100ml\/"]}]},{"@type":"ImageObject","inLanguage":"ar","@id":"https:\/\/vitablanca.ma\/produit\/soskin-low-tox-emulsion-solaire-spf50-100ml\/#primaryimage","url":"https:\/\/vitablanca.ma\/wp-content\/uploads\/2025\/06\/Soskin-Low-Tox-Emulsion-Solaire-SPF50_-100ml-nova-parapharmacie-maroc.jpg","contentUrl":"https:\/\/vitablanca.ma\/wp-content\/uploads\/2025\/06\/Soskin-Low-Tox-Emulsion-Solaire-SPF50_-100ml-nova-parapharmacie-maroc.jpg","width":1000,"height":1000},{"@type":"BreadcrumbList","@id":"https:\/\/vitablanca.ma\/produit\/soskin-low-tox-emulsion-solaire-spf50-100ml\/#breadcrumb","itemListElement":[{"@type":"ListItem","position":1,"name":"Home","item":"https:\/\/vitablanca.ma\/"},{"@type":"ListItem","position":2,"name":"Tous Les Produits","item":"https:\/\/vitablanca.ma\/tous-les-produits\/"},{"@type":"ListItem","position":3,"name":"Soskin Low-Tox Emulsion Solaire SPF50+ 100ml"}]},{"@type":"WebSite","@id":"https:\/\/vitablanca.ma\/#website","url":"https:\/\/vitablanca.ma\/","name":"VitaBlanca.ma | \u0627\u0644\u0645\u0643\u0645\u0644\u0627\u062a \u0627\u0644\u063a\u0630\u0627\u0626\u064a\u0629\u060c \u0627\u0644\u0635\u062d\u0629 \u0648\u0627\u0644\u062c\u0645\u0627\u0644 \u0641\u064a \u0627\u0644\u0645\u063a\u0631\u0628","description":"\u0646\u0628\u064a\u0639 \u0641\u064a\u062a\u0627\u0645\u064a\u0646\u0627\u062a \u0648\u0645\u0643\u0645\u0644\u0627\u062a \u063a\u0630\u0627\u0626\u064a\u0629 \u0641\u0627\u062e\u0631\u0629 \u0645\u0646 \u0627\u0644\u0648\u0644\u0627\u064a\u0627\u062a \u0627\u0644\u0645\u062a\u062d\u062f\u0629 \u0627\u0644\u0623\u0645\u0631\u064a\u0643\u064a\u0629 \u0648\u0643\u0646\u062f\u0627 \u0648\u0646\u064a\u0648\u0632\u064a\u0644\u0646\u062f\u0627 \u0648\u0627\u0644\u0645\u063a\u0631\u0628 (\u0646\u0627\u0648 \u0641\u0648\u062f\u0632\u060c \u0633\u0648\u0644\u062c\u0627\u0631\u060c \u0645\u0627\u0646\u0648\u0643\u0627). \u062a\u0648\u0635\u064a\u0644 \u0633\u0631\u064a\u0639 \u0625\u0644\u0649 \u062c\u0645\u064a\u0639 \u0623\u0646\u062d\u0627\u0621 \u0627\u0644\u0645\u063a\u0631\u0628.","publisher":{"@id":"https:\/\/vitablanca.ma\/#organization"},"alternateName":"VitaBlanca.ma","potentialAction":[{"@type":"SearchAction","target":{"@type":"EntryPoint","urlTemplate":"https:\/\/vitablanca.ma\/?s={search_term_string}"},"query-input":{"@type":"PropertyValueSpecification","valueRequired":true,"valueName":"search_term_string"}}],"inLanguage":"ar"},{"@type":"Organization","@id":"https:\/\/vitablanca.ma\/#organization","name":"\u0641\u064a\u062a\u0627\u0628\u0644\u0627\u0646\u0643\u0627","url":"https:\/\/vitablanca.ma\/","logo":{"@type":"ImageObject","inLanguage":"ar","@id":"https:\/\/vitablanca.ma\/#\/schema\/logo\/image\/","url":"https:\/\/vitablanca.ma\/wp-content\/uploads\/2025\/05\/cropped-vitablanca.png","contentUrl":"https:\/\/vitablanca.ma\/wp-content\/uploads\/2025\/05\/cropped-vitablanca.png","width":360,"height":67,"caption":"VitaBlanca"},"image":{"@id":"https:\/\/vitablanca.ma\/#\/schema\/logo\/image\/"},"sameAs":["https:\/\/www.facebook.com\/profile.php?id=61576678196717","https:\/\/www.tiktok.com\/@vitablanca.ma","https:\/\/www.instagram.com\/vitablanca.ma\/"]}]}},"jetpack_sharing_enabled":true,"_links":{"self":[{"href":"https:\/\/vitablanca.ma\/ar\/wp-json\/wp\/v2\/product\/22114","targetHints":{"allow":["GET"]}}],"collection":[{"href":"https:\/\/vitablanca.ma\/ar\/wp-json\/wp\/v2\/product"}],"about":[{"href":"https:\/\/vitablanca.ma\/ar\/wp-json\/wp\/v2\/types\/product"}],"wp:featuredmedia":[{"embeddable":true,"href":"https:\/\/vitablanca.ma\/ar\/wp-json\/wp\/v2\/media\/22113"}],"wp:attachment":[{"href":"https:\/\/vitablanca.ma\/ar\/wp-json\/wp\/v2\/media?parent=22114"}],"wp:term":[{"taxonomy":"product_brand","embeddable":true,"href":"https:\/\/vitablanca.ma\/ar\/wp-json\/wp\/v2\/product_brand?post=22114"},{"taxonomy":"product_cat","embeddable":true,"href":"https:\/\/vitablanca.ma\/ar\/wp-json\/wp\/v2\/product_cat?post=22114"},{"taxonomy":"product_tag","embeddable":true,"href":"https:\/\/vitablanca.ma\/ar\/wp-json\/wp\/v2\/product_tag?post=22114"}],"curies":[{"name":"wp","href":"https:\/\/api.w.org\/{rel}","templated":true}]}}