{"id":22110,"date":"2025-06-11T21:46:38","date_gmt":"2025-06-11T21:46:38","guid":{"rendered":"https:\/\/vitablanca.ma\/product\/soskin-gel-creme-intensif-depigmentant-30ml-soskin-mousse-nettoyante-30ml-offerte\/"},"modified":"2026-03-10T01:45:05","modified_gmt":"2026-03-10T01:45:05","slug":"soskin-gel-creme-intensif-depigmentant-30ml-soskin-mousse-nettoyante-30ml-offerte","status":"publish","type":"product","link":"https:\/\/vitablanca.ma\/ar\/product-2\/soskin-gel-creme-intensif-depigmentant-30ml-soskin-mousse-nettoyante-30ml-offerte\/","title":{"rendered":"Soskin Gel-Cr\u00e8me Intensif D\u00e9pigmentant 30ml = Soskin Mousse Nettoyante 30ml Offerte"},"content":{"rendered":"<h2>Soskin Gel-cr\u00e8me intensif d\u00e9pigmentant\u00a0<span data-mce-fragment=\"1\">Soin cibl\u00e9 anti-taches. Corrige sans effet secondaire. R\u00e9duit la production de m\u00e9lanine.<\/span><\/h2>\n<p><span data-mce-fragment=\"1\">Peaux en manque d\u2019\u00e9clat et hyperpigment\u00e9es.<br \/>\n<\/span><\/p>\n<ul>\n<li>Unifie \/ Corrige \/ \u00c9claircit<\/li>\n<li>R\u00e9duit la coloration et la surface des taches<\/li>\n<li>Tube applicateur, visage et mains<\/li>\n<\/ul>\n<div class=\"easytabs-content-item easytabs-active easytabs-before-active\" data-et-handle=\"tabs-quelle-est-sa-composition\" data-et-marker=\"tabs-crg01sos50250-2\">\n<h3 class=\"easytabs-accordion-item\" role=\"tab\" aria-labelledby=\"easytabs-slide-label-6557819076814-0\"><span id=\"easytabs-slide-label-6557819076814-0\" class=\"easytabs-header-text ui-tabs-anchor js-no-transition\">Quelle est sa composition\u00a0?<\/span><\/h3>\n<div class=\"easytabs-content-holder\" role=\"tabpanel\" aria-hidden=\"false\" aria-expanded=\"true\" aria-labelledby=\"easytabs-slide-label-6557819076814-0\">\n<ul>\n<li>SOSKIN D-WHITE, concentr\u00e9 en hexylresorcinol, cible l\u2019origine des ph\u00e9nom\u00e8nes d&rsquo;hyperpigmentation. Aide \u00e0 r\u00e9duire l\u2019apparence des taches visibles en surface et pr\u00e9vient l\u2019apparition des taches naissantes.<\/li>\n<li>Vitamine C associ\u00e9e au silicium : reconnue pour son action antioxydante la Vitamine C booste la production de collag\u00e8ne et contribue \u00e0 diminuer l&rsquo;apparence des taches pigmentaires.<\/li>\n<\/ul>\n<p>\u062a\u0645 \u0627\u062e\u062a\u0628\u0627\u0631\u0647 \u0645\u0646 \u0642\u0628\u0644 \u0623\u0637\u0628\u0627\u0621 \u0627\u0644\u062c\u0644\u062f\u064a\u0629.<\/p>\n<\/div>\n<\/div>\n<div class=\"easytabs-content-item easytabs-active easytabs-before-active\" data-et-handle=\"tabs-comment-l-appliquer\" data-et-marker=\"tabs-crg01sos50250-3\">\n<h3 class=\"easytabs-accordion-item\" role=\"tab\" aria-labelledby=\"easytabs-slide-label-6557819076814-1\"><span id=\"easytabs-slide-label-6557819076814-1\" class=\"easytabs-header-text ui-tabs-anchor js-no-transition\">\u062a\u0639\u0644\u064a\u0645\u0627\u062a \u0627\u0644\u0627\u0633\u062a\u062e\u062f\u0627\u0645<\/span><\/h3>\n<div class=\"easytabs-content-holder\" role=\"tabpanel\" aria-hidden=\"false\" aria-expanded=\"true\" aria-labelledby=\"easytabs-slide-label-6557819076814-1\">\n<p><b>\u00c9tape compl\u00e9mentaire de votre routine.<\/b>\u00a0Appliquer matin et soir localement sur les zones concern\u00e9es parfaitement nettoy\u00e9es. \u00c9viter le contour des yeux, ne pas utiliser chez la femme enceinte ou allaitante. Il est recommand\u00e9 d&rsquo;appliquer une protection solaire durant la journ\u00e9e (SPF30 minimum).<\/p>\n<\/div>\n<\/div>\n<div class=\"easytabs-content-item easytabs-active\" data-et-handle=\"tabs-ingredients\" data-et-marker=\"tabs-crg01sos50250-4\">\n<h3 class=\"easytabs-accordion-item\" role=\"tab\" aria-labelledby=\"easytabs-slide-label-6557819076814-2\"><span id=\"easytabs-slide-label-6557819076814-2\" class=\"easytabs-header-text ui-tabs-anchor js-no-transition\">\u0645\u0643\u0648\u0646\u0627\u062a<\/span><\/h3>\n<div class=\"easytabs-content-holder\" role=\"tabpanel\" aria-hidden=\"false\" aria-expanded=\"true\" aria-labelledby=\"easytabs-slide-label-6557819076814-2\">Aqua\/Water\/Eau, Caprylic\/Capric Triglyceride, Methylpropanediol, Niacinamide, Octyldodecanol, Glycerin, Dicaprylyl Carbonate, Propylene Glycol, Ascorbyl Methylsilanol Pectinate, Cetyl Palmitate, Glyceryl Stearate, PEG-100 Stearate, Cetearyl Alcohol, Arachidyl Alcohol, Hydroxyethyl Acrylate\/Sodium Acryloyldimethyl Taurate Copolymer, Coco-Glucoside, Behenyl Alcohol, Squalane, Hexylresorcinol, Glyceryl Undecylenate, Arachidyl Glucoside, Glycolic Acid, Acacia Senegal Gum, Polysorbate 60, Xanthan Gum, Sorbitan Isostearate, Parfum\/Fragrance, Alpha-Arbutin, Glucose, Tocopherol, Limonene, Linalool, Citronellol.<\/div>\n<\/div>","protected":false},"excerpt":{"rendered":"<p>Soskin Gel-cr\u00e8me intensif d\u00e9pigmentant\u00a0Soin cibl\u00e9 anti-taches. Corrige sans effet secondaire. R\u00e9duit la production de m\u00e9lanine. Peaux en manque d\u2019\u00e9clat et hyperpigment\u00e9es. Unifie \/ Corrige \/ \u00c9claircit R\u00e9duit la coloration et la surface des taches Tube applicateur, visage et mains Quelle est sa composition\u00a0? SOSKIN D-WHITE, concentr\u00e9 en hexylresorcinol, cible l\u2019origine des ph\u00e9nom\u00e8nes d&rsquo;hyperpigmentation. Aide \u00e0 [&hellip;]<\/p>\n","protected":false},"featured_media":22108,"template":"","meta":{"om_disable_all_campaigns":false},"product_brand":[],"product_cat":[15],"product_tag":[7898,7897,7895,7899,7426,6094,6108,7896,7894,6147],"class_list":{"0":"post-22110","1":"product","2":"type-product","3":"status-publish","4":"has-post-thumbnail","6":"product_cat-beaute-sante-complements-alimentaires-soins-et-bien-etre-au-meilleur-prix","7":"product_tag-anti-pigmentation","8":"product_tag-correction-taches-brunes","9":"product_tag-eclaircissant-peau","10":"product_tag-gel-creme-eclat","11":"product_tag-gel-creme-visage","12":"product_tag-peau-lumineuse","13":"product_tag-soin-anti-taches","14":"product_tag-soin-depigmentant-intensif","15":"product_tag-soskin-gel-creme-depigmentant","16":"product_tag-teint-uniforme","18":"first","19":"outofstock","20":"sale","21":"taxable","22":"shipping-taxable","23":"purchasable","24":"product-type-simple"},"yoast_head":"<!-- This site is optimized with the Yoast SEO plugin v27.4 - https:\/\/yoast.com\/product\/yoast-seo-wordpress\/ -->\n<title>Soskin Gel-Cr\u00e8me Intensif D\u00e9pigmentant 30ml - Maroc Prix<\/title>\n<meta name=\"description\" content=\"Soskin Gel-Cr\u00e8me Intensif D\u00e9pigmentant 30\u202fml r\u00e9duit visiblement les taches, unifie le teint et apporte \u00e9clat gr\u00e2ce \u00e0 sa formule concentr\u00e9e et efficace.\" \/>\n<meta name=\"robots\" content=\"index, follow, max-snippet:-1, max-image-preview:large, max-video-preview:-1\" \/>\n<link rel=\"canonical\" href=\"https:\/\/vitablanca.ma\/ar\/product-2\/soskin-gel-creme-intensif-depigmentant-30ml-soskin-mousse-nettoyante-30ml-offerte\/\" \/>\n<meta property=\"og:locale\" content=\"ar_AR\" \/>\n<meta property=\"og:type\" content=\"article\" \/>\n<meta property=\"og:title\" content=\"Soskin Gel-Cr\u00e8me Intensif D\u00e9pigmentant 30ml - Maroc Prix\" \/>\n<meta property=\"og:description\" content=\"Soskin Gel-Cr\u00e8me Intensif D\u00e9pigmentant 30\u202fml r\u00e9duit visiblement les taches, unifie le teint et apporte \u00e9clat gr\u00e2ce \u00e0 sa formule concentr\u00e9e et efficace.\" \/>\n<meta property=\"og:url\" content=\"https:\/\/vitablanca.ma\/ar\/product-2\/soskin-gel-creme-intensif-depigmentant-30ml-soskin-mousse-nettoyante-30ml-offerte\/\" \/>\n<meta property=\"og:site_name\" content=\"Vitablanca.ma &ndash; Sant&eacute;, vitalit&eacute; et bien-&ecirc;tre pour tous les Marocains\" \/>\n<meta property=\"article:publisher\" content=\"https:\/\/www.facebook.com\/profile.php?id=61576678196717\" \/>\n<meta property=\"article:modified_time\" content=\"2026-03-10T01:45:05+00:00\" \/>\n<meta property=\"og:image\" content=\"https:\/\/vitablanca.ma\/wp-content\/uploads\/2025\/06\/soskin-coffret-w-gel-depigment-30ml-mousse-nettoyante-30ml-offert-parapharmacie-prix-maroc.jpg\" \/>\n\t<meta property=\"og:image:width\" content=\"800\" \/>\n\t<meta property=\"og:image:height\" content=\"800\" \/>\n\t<meta property=\"og:image:type\" content=\"image\/jpeg\" \/>\n<meta name=\"twitter:card\" content=\"summary_large_image\" \/>\n<meta name=\"twitter:label1\" content=\"\u0648\u0642\u062a \u0627\u0644\u0642\u0631\u0627\u0621\u0629 \u0627\u0644\u0645\u064f\u0642\u062f\u0651\u0631\" \/>\n\t<meta name=\"twitter:data1\" content=\"\u062f\u0642\u064a\u0642\u062a\u0627\u0646\" \/>\n<script type=\"application\/ld+json\" class=\"yoast-schema-graph\">{\"@context\":\"https:\\\/\\\/schema.org\",\"@graph\":[{\"@type\":[\"WebPage\",\"ItemPage\"],\"@id\":\"https:\\\/\\\/vitablanca.ma\\\/produit\\\/soskin-gel-creme-intensif-depigmentant-30ml-soskin-mousse-nettoyante-30ml-offerte\\\/\",\"url\":\"https:\\\/\\\/vitablanca.ma\\\/produit\\\/soskin-gel-creme-intensif-depigmentant-30ml-soskin-mousse-nettoyante-30ml-offerte\\\/\",\"name\":\"Soskin Gel-Cr\u00e8me Intensif D\u00e9pigmentant 30ml - Maroc Prix\",\"isPartOf\":{\"@id\":\"https:\\\/\\\/vitablanca.ma\\\/#website\"},\"primaryImageOfPage\":{\"@id\":\"https:\\\/\\\/vitablanca.ma\\\/produit\\\/soskin-gel-creme-intensif-depigmentant-30ml-soskin-mousse-nettoyante-30ml-offerte\\\/#primaryimage\"},\"image\":{\"@id\":\"https:\\\/\\\/vitablanca.ma\\\/produit\\\/soskin-gel-creme-intensif-depigmentant-30ml-soskin-mousse-nettoyante-30ml-offerte\\\/#primaryimage\"},\"thumbnailUrl\":\"https:\\\/\\\/vitablanca.ma\\\/wp-content\\\/uploads\\\/2025\\\/06\\\/soskin-coffret-w-gel-depigment-30ml-mousse-nettoyante-30ml-offert-parapharmacie-prix-maroc.jpg\",\"datePublished\":\"2025-06-11T21:46:38+00:00\",\"dateModified\":\"2026-03-10T01:45:05+00:00\",\"description\":\"Soskin Gel-Cr\u00e8me Intensif D\u00e9pigmentant 30\u202fml r\u00e9duit visiblement les taches, unifie le teint et apporte \u00e9clat gr\u00e2ce \u00e0 sa formule concentr\u00e9e et efficace.\",\"breadcrumb\":{\"@id\":\"https:\\\/\\\/vitablanca.ma\\\/produit\\\/soskin-gel-creme-intensif-depigmentant-30ml-soskin-mousse-nettoyante-30ml-offerte\\\/#breadcrumb\"},\"inLanguage\":\"ar\",\"potentialAction\":[{\"@type\":\"ReadAction\",\"target\":[\"https:\\\/\\\/vitablanca.ma\\\/produit\\\/soskin-gel-creme-intensif-depigmentant-30ml-soskin-mousse-nettoyante-30ml-offerte\\\/\"]}]},{\"@type\":\"ImageObject\",\"inLanguage\":\"ar\",\"@id\":\"https:\\\/\\\/vitablanca.ma\\\/produit\\\/soskin-gel-creme-intensif-depigmentant-30ml-soskin-mousse-nettoyante-30ml-offerte\\\/#primaryimage\",\"url\":\"https:\\\/\\\/vitablanca.ma\\\/wp-content\\\/uploads\\\/2025\\\/06\\\/soskin-coffret-w-gel-depigment-30ml-mousse-nettoyante-30ml-offert-parapharmacie-prix-maroc.jpg\",\"contentUrl\":\"https:\\\/\\\/vitablanca.ma\\\/wp-content\\\/uploads\\\/2025\\\/06\\\/soskin-coffret-w-gel-depigment-30ml-mousse-nettoyante-30ml-offert-parapharmacie-prix-maroc.jpg\",\"width\":800,\"height\":800},{\"@type\":\"BreadcrumbList\",\"@id\":\"https:\\\/\\\/vitablanca.ma\\\/produit\\\/soskin-gel-creme-intensif-depigmentant-30ml-soskin-mousse-nettoyante-30ml-offerte\\\/#breadcrumb\",\"itemListElement\":[{\"@type\":\"ListItem\",\"position\":1,\"name\":\"Home\",\"item\":\"https:\\\/\\\/vitablanca.ma\\\/\"},{\"@type\":\"ListItem\",\"position\":2,\"name\":\"Tous Les Produits\",\"item\":\"https:\\\/\\\/vitablanca.ma\\\/tous-les-produits\\\/\"},{\"@type\":\"ListItem\",\"position\":3,\"name\":\"Soskin Gel-Cr\u00e8me Intensif D\u00e9pigmentant 30ml = Soskin Mousse Nettoyante 30ml Offerte\"}]},{\"@type\":\"WebSite\",\"@id\":\"https:\\\/\\\/vitablanca.ma\\\/#website\",\"url\":\"https:\\\/\\\/vitablanca.ma\\\/\",\"name\":\"VitaBlanca.ma | Compl\u00e9ments alimentaires, sant\u00e9 & beaut\u00e9 au Maroc\",\"description\":\"vendre vitamines et compl\u00e9ments premium des USA &amp; Canada, Nouvelle Z\u00e9lande,Maroc (NOW Foods, Solgar, Manuka). Livraison rapide partout au Maroc.\",\"publisher\":{\"@id\":\"https:\\\/\\\/vitablanca.ma\\\/#organization\"},\"alternateName\":\"VitaBlanca.ma\",\"potentialAction\":[{\"@type\":\"SearchAction\",\"target\":{\"@type\":\"EntryPoint\",\"urlTemplate\":\"https:\\\/\\\/vitablanca.ma\\\/?s={search_term_string}\"},\"query-input\":{\"@type\":\"PropertyValueSpecification\",\"valueRequired\":true,\"valueName\":\"search_term_string\"}}],\"inLanguage\":\"ar\"},{\"@type\":\"Organization\",\"@id\":\"https:\\\/\\\/vitablanca.ma\\\/#organization\",\"name\":\"VitaBlanca\",\"url\":\"https:\\\/\\\/vitablanca.ma\\\/\",\"logo\":{\"@type\":\"ImageObject\",\"inLanguage\":\"ar\",\"@id\":\"https:\\\/\\\/vitablanca.ma\\\/#\\\/schema\\\/logo\\\/image\\\/\",\"url\":\"https:\\\/\\\/vitablanca.ma\\\/wp-content\\\/uploads\\\/2025\\\/05\\\/cropped-vitablanca.png\",\"contentUrl\":\"https:\\\/\\\/vitablanca.ma\\\/wp-content\\\/uploads\\\/2025\\\/05\\\/cropped-vitablanca.png\",\"width\":360,\"height\":67,\"caption\":\"VitaBlanca\"},\"image\":{\"@id\":\"https:\\\/\\\/vitablanca.ma\\\/#\\\/schema\\\/logo\\\/image\\\/\"},\"sameAs\":[\"https:\\\/\\\/www.facebook.com\\\/profile.php?id=61576678196717\",\"https:\\\/\\\/www.tiktok.com\\\/@vitablanca.ma\",\"https:\\\/\\\/www.instagram.com\\\/vitablanca.ma\\\/\"]}]}<\/script>\n<!-- \/ Yoast SEO plugin. -->","yoast_head_json":{"title":"Soskin Gel-Cr\u00e8me Intensif D\u00e9pigmentant 30ml - Maroc Prix","description":"Soskin Gel-Cr\u00e8me Intensif D\u00e9pigmentant 30\u202fml r\u00e9duit visiblement les taches, unifie le teint et apporte \u00e9clat gr\u00e2ce \u00e0 sa formule concentr\u00e9e et efficace.","robots":{"index":"index","follow":"follow","max-snippet":"max-snippet:-1","max-image-preview":"max-image-preview:large","max-video-preview":"max-video-preview:-1"},"canonical":"https:\/\/vitablanca.ma\/ar\/product-2\/soskin-gel-creme-intensif-depigmentant-30ml-soskin-mousse-nettoyante-30ml-offerte\/","og_locale":"ar_AR","og_type":"article","og_title":"Soskin Gel-Cr\u00e8me Intensif D\u00e9pigmentant 30ml - Maroc Prix","og_description":"Soskin Gel-Cr\u00e8me Intensif D\u00e9pigmentant 30\u202fml r\u00e9duit visiblement les taches, unifie le teint et apporte \u00e9clat gr\u00e2ce \u00e0 sa formule concentr\u00e9e et efficace.","og_url":"https:\/\/vitablanca.ma\/ar\/product-2\/soskin-gel-creme-intensif-depigmentant-30ml-soskin-mousse-nettoyante-30ml-offerte\/","og_site_name":"Vitablanca.ma &ndash; Sant&eacute;, vitalit&eacute; et bien-&ecirc;tre pour tous les Marocains","article_publisher":"https:\/\/www.facebook.com\/profile.php?id=61576678196717","article_modified_time":"2026-03-10T01:45:05+00:00","og_image":[{"width":800,"height":800,"url":"https:\/\/vitablanca.ma\/wp-content\/uploads\/2025\/06\/soskin-coffret-w-gel-depigment-30ml-mousse-nettoyante-30ml-offert-parapharmacie-prix-maroc.jpg","type":"image\/jpeg"}],"twitter_card":"summary_large_image","twitter_misc":{"\u0648\u0642\u062a \u0627\u0644\u0642\u0631\u0627\u0621\u0629 \u0627\u0644\u0645\u064f\u0642\u062f\u0651\u0631":"\u062f\u0642\u064a\u0642\u062a\u0627\u0646"},"schema":{"@context":"https:\/\/schema.org","@graph":[{"@type":["WebPage","ItemPage"],"@id":"https:\/\/vitablanca.ma\/produit\/soskin-gel-creme-intensif-depigmentant-30ml-soskin-mousse-nettoyante-30ml-offerte\/","url":"https:\/\/vitablanca.ma\/produit\/soskin-gel-creme-intensif-depigmentant-30ml-soskin-mousse-nettoyante-30ml-offerte\/","name":"Soskin Gel-Cr\u00e8me Intensif D\u00e9pigmentant 30ml - Maroc Prix","isPartOf":{"@id":"https:\/\/vitablanca.ma\/#website"},"primaryImageOfPage":{"@id":"https:\/\/vitablanca.ma\/produit\/soskin-gel-creme-intensif-depigmentant-30ml-soskin-mousse-nettoyante-30ml-offerte\/#primaryimage"},"image":{"@id":"https:\/\/vitablanca.ma\/produit\/soskin-gel-creme-intensif-depigmentant-30ml-soskin-mousse-nettoyante-30ml-offerte\/#primaryimage"},"thumbnailUrl":"https:\/\/vitablanca.ma\/wp-content\/uploads\/2025\/06\/soskin-coffret-w-gel-depigment-30ml-mousse-nettoyante-30ml-offert-parapharmacie-prix-maroc.jpg","datePublished":"2025-06-11T21:46:38+00:00","dateModified":"2026-03-10T01:45:05+00:00","description":"Soskin Gel-Cr\u00e8me Intensif D\u00e9pigmentant 30\u202fml r\u00e9duit visiblement les taches, unifie le teint et apporte \u00e9clat gr\u00e2ce \u00e0 sa formule concentr\u00e9e et efficace.","breadcrumb":{"@id":"https:\/\/vitablanca.ma\/produit\/soskin-gel-creme-intensif-depigmentant-30ml-soskin-mousse-nettoyante-30ml-offerte\/#breadcrumb"},"inLanguage":"ar","potentialAction":[{"@type":"ReadAction","target":["https:\/\/vitablanca.ma\/produit\/soskin-gel-creme-intensif-depigmentant-30ml-soskin-mousse-nettoyante-30ml-offerte\/"]}]},{"@type":"ImageObject","inLanguage":"ar","@id":"https:\/\/vitablanca.ma\/produit\/soskin-gel-creme-intensif-depigmentant-30ml-soskin-mousse-nettoyante-30ml-offerte\/#primaryimage","url":"https:\/\/vitablanca.ma\/wp-content\/uploads\/2025\/06\/soskin-coffret-w-gel-depigment-30ml-mousse-nettoyante-30ml-offert-parapharmacie-prix-maroc.jpg","contentUrl":"https:\/\/vitablanca.ma\/wp-content\/uploads\/2025\/06\/soskin-coffret-w-gel-depigment-30ml-mousse-nettoyante-30ml-offert-parapharmacie-prix-maroc.jpg","width":800,"height":800},{"@type":"BreadcrumbList","@id":"https:\/\/vitablanca.ma\/produit\/soskin-gel-creme-intensif-depigmentant-30ml-soskin-mousse-nettoyante-30ml-offerte\/#breadcrumb","itemListElement":[{"@type":"ListItem","position":1,"name":"Home","item":"https:\/\/vitablanca.ma\/"},{"@type":"ListItem","position":2,"name":"Tous Les Produits","item":"https:\/\/vitablanca.ma\/tous-les-produits\/"},{"@type":"ListItem","position":3,"name":"Soskin Gel-Cr\u00e8me Intensif D\u00e9pigmentant 30ml = Soskin Mousse Nettoyante 30ml Offerte"}]},{"@type":"WebSite","@id":"https:\/\/vitablanca.ma\/#website","url":"https:\/\/vitablanca.ma\/","name":"VitaBlanca.ma | \u0627\u0644\u0645\u0643\u0645\u0644\u0627\u062a \u0627\u0644\u063a\u0630\u0627\u0626\u064a\u0629\u060c \u0627\u0644\u0635\u062d\u0629 \u0648\u0627\u0644\u062c\u0645\u0627\u0644 \u0641\u064a \u0627\u0644\u0645\u063a\u0631\u0628","description":"\u0646\u0628\u064a\u0639 \u0641\u064a\u062a\u0627\u0645\u064a\u0646\u0627\u062a \u0648\u0645\u0643\u0645\u0644\u0627\u062a \u063a\u0630\u0627\u0626\u064a\u0629 \u0641\u0627\u062e\u0631\u0629 \u0645\u0646 \u0627\u0644\u0648\u0644\u0627\u064a\u0627\u062a \u0627\u0644\u0645\u062a\u062d\u062f\u0629 \u0627\u0644\u0623\u0645\u0631\u064a\u0643\u064a\u0629 \u0648\u0643\u0646\u062f\u0627 \u0648\u0646\u064a\u0648\u0632\u064a\u0644\u0646\u062f\u0627 \u0648\u0627\u0644\u0645\u063a\u0631\u0628 (\u0646\u0627\u0648 \u0641\u0648\u062f\u0632\u060c \u0633\u0648\u0644\u062c\u0627\u0631\u060c \u0645\u0627\u0646\u0648\u0643\u0627). \u062a\u0648\u0635\u064a\u0644 \u0633\u0631\u064a\u0639 \u0625\u0644\u0649 \u062c\u0645\u064a\u0639 \u0623\u0646\u062d\u0627\u0621 \u0627\u0644\u0645\u063a\u0631\u0628.","publisher":{"@id":"https:\/\/vitablanca.ma\/#organization"},"alternateName":"VitaBlanca.ma","potentialAction":[{"@type":"SearchAction","target":{"@type":"EntryPoint","urlTemplate":"https:\/\/vitablanca.ma\/?s={search_term_string}"},"query-input":{"@type":"PropertyValueSpecification","valueRequired":true,"valueName":"search_term_string"}}],"inLanguage":"ar"},{"@type":"Organization","@id":"https:\/\/vitablanca.ma\/#organization","name":"\u0641\u064a\u062a\u0627\u0628\u0644\u0627\u0646\u0643\u0627","url":"https:\/\/vitablanca.ma\/","logo":{"@type":"ImageObject","inLanguage":"ar","@id":"https:\/\/vitablanca.ma\/#\/schema\/logo\/image\/","url":"https:\/\/vitablanca.ma\/wp-content\/uploads\/2025\/05\/cropped-vitablanca.png","contentUrl":"https:\/\/vitablanca.ma\/wp-content\/uploads\/2025\/05\/cropped-vitablanca.png","width":360,"height":67,"caption":"VitaBlanca"},"image":{"@id":"https:\/\/vitablanca.ma\/#\/schema\/logo\/image\/"},"sameAs":["https:\/\/www.facebook.com\/profile.php?id=61576678196717","https:\/\/www.tiktok.com\/@vitablanca.ma","https:\/\/www.instagram.com\/vitablanca.ma\/"]}]}},"jetpack_sharing_enabled":true,"_links":{"self":[{"href":"https:\/\/vitablanca.ma\/ar\/wp-json\/wp\/v2\/product\/22110","targetHints":{"allow":["GET"]}}],"collection":[{"href":"https:\/\/vitablanca.ma\/ar\/wp-json\/wp\/v2\/product"}],"about":[{"href":"https:\/\/vitablanca.ma\/ar\/wp-json\/wp\/v2\/types\/product"}],"wp:featuredmedia":[{"embeddable":true,"href":"https:\/\/vitablanca.ma\/ar\/wp-json\/wp\/v2\/media\/22108"}],"wp:attachment":[{"href":"https:\/\/vitablanca.ma\/ar\/wp-json\/wp\/v2\/media?parent=22110"}],"wp:term":[{"taxonomy":"product_brand","embeddable":true,"href":"https:\/\/vitablanca.ma\/ar\/wp-json\/wp\/v2\/product_brand?post=22110"},{"taxonomy":"product_cat","embeddable":true,"href":"https:\/\/vitablanca.ma\/ar\/wp-json\/wp\/v2\/product_cat?post=22110"},{"taxonomy":"product_tag","embeddable":true,"href":"https:\/\/vitablanca.ma\/ar\/wp-json\/wp\/v2\/product_tag?post=22110"}],"curies":[{"name":"wp","href":"https:\/\/api.w.org\/{rel}","templated":true}]}}