{"id":22105,"date":"2025-06-11T21:46:32","date_gmt":"2025-06-11T21:46:32","guid":{"rendered":"https:\/\/vitablanca.ma\/product\/soskin-gel-doux-nettoyant-purifiant\/"},"modified":"2026-02-04T22:35:01","modified_gmt":"2026-02-04T22:35:01","slug":"soskin-gel-doux-nettoyant-purifiant","status":"publish","type":"product","link":"https:\/\/vitablanca.ma\/ar\/product-2\/soskin-gel-doux-nettoyant-purifiant\/","title":{"rendered":"Soskin Gel doux nettoyant purifiant"},"content":{"rendered":"<h2>Soskin Gel doux nettoyant purifiant t<span data-mce-fragment=\"1\">exture onctueuse et rafraichissante<\/span><\/h2>\n<h3><b>\u0644\u0645\u0646\u061f<\/b><\/h3>\n<p><span class=\"metafield-multi_line_text_field\">Peaux mixtes \u00e0 grasses. Brillances<\/span><\/p>\n<h3><b>Pourquoi l&rsquo;utiliser ?<\/b><\/h3>\n<p><strong>+\u00a0<\/strong>Nettoie \/ Equilibre \/ Matifie<\/p>\n<p><strong>+\u00a0<\/strong>Formule sans savon<\/p>\n<p><strong>+\u00a0<\/strong>Texture onctueuse et rafraichissante<\/p>\n<div class=\"easytabs-content-item easytabs-active easytabs-before-active\" data-et-handle=\"tabs-quelle-est-sa-composition\" data-et-marker=\"tabs-crg01sos30110-2\">\n<h3 class=\"easytabs-accordion-item\" role=\"tab\" aria-labelledby=\"easytabs-slide-label-6557818585294-0\"><span id=\"easytabs-slide-label-6557818585294-0\" class=\"easytabs-header-text ui-tabs-anchor js-no-transition\">Quelle est sa composition\u00a0?<\/span><\/h3>\n<div class=\"easytabs-content-holder\" role=\"tabpanel\" aria-hidden=\"false\" aria-expanded=\"true\" aria-labelledby=\"easytabs-slide-label-6557818585294-0\">\n<ul data-mce-fragment=\"1\">\n<li data-mce-fragment=\"1\"><span data-mce-fragment=\"1\">Complexe botanique : th\u00e9 vert, calendula et romarin pour lutter contre l&rsquo;apparition des imperfections, points noirs et boutons<\/span><\/li>\n<li data-mce-fragment=\"1\"><span data-mce-fragment=\"1\">Huile essentielle d\u2019arbre \u00e0 th\u00e9 : r\u00e9gule l&rsquo;exc\u00e8s de s\u00e9bum<\/span><\/li>\n<li data-mce-fragment=\"1\"><span data-mce-fragment=\"1\">Extrait de concombre : riche en vitamines, oligo-\u00e9l\u00e9ments et min\u00e9raux pour rafraichir et limiter les risques d&rsquo;irritation<\/span><\/li>\n<\/ul>\n<p data-mce-fragment=\"1\"><span data-mce-fragment=\"1\">Fabriqu\u00e9 en France. Test\u00e9 dermatologiquement.<\/span><\/p>\n<\/div>\n<\/div>\n<div class=\"easytabs-content-item easytabs-active easytabs-before-active\" data-et-handle=\"tabs-comment-l-appliquer\" data-et-marker=\"tabs-crg01sos30110-3\">\n<h3 class=\"easytabs-accordion-item\" role=\"tab\" aria-labelledby=\"easytabs-slide-label-6557818585294-1\"><span id=\"easytabs-slide-label-6557818585294-1\" class=\"easytabs-header-text ui-tabs-anchor js-no-transition\">Comment l\u2019appliquer\u00a0?<\/span><\/h3>\n<div class=\"easytabs-content-holder\" role=\"tabpanel\" aria-hidden=\"false\" aria-expanded=\"true\" aria-labelledby=\"easytabs-slide-label-6557818585294-1\">\n<p data-mce-fragment=\"1\"><strong data-mce-fragment=\"1\">\u00c9tape de pr\u00e9paration de votre peau.<\/strong><span data-mce-fragment=\"1\">\u00a0Appliquer matin et\/ou soir sur peau humide, faire mousser puis rincer. S\u00e9cher sans frotter. \u00c9viter le contact avec les yeux.<\/span><\/p>\n<\/div>\n<\/div>\n<div class=\"easytabs-content-item easytabs-active\" data-et-handle=\"tabs-ingredients\" data-et-marker=\"tabs-crg01sos30110-4\">\n<h3 class=\"easytabs-accordion-item\" role=\"tab\" aria-labelledby=\"easytabs-slide-label-6557818585294-2\"><span id=\"easytabs-slide-label-6557818585294-2\" class=\"easytabs-header-text ui-tabs-anchor js-no-transition\">\u0645\u0643\u0648\u0646\u0627\u062a<\/span><\/h3>\n<div class=\"easytabs-content-holder\" role=\"tabpanel\" aria-hidden=\"false\" aria-expanded=\"true\" aria-labelledby=\"easytabs-slide-label-6557818585294-2\">\n<p class=\"soskin_usp\" data-mce-fragment=\"1\"><span data-mce-fragment=\"1\">Aqua \/ Water, Glycerin, Coco-Betaine, Hydroxyethylcellulose, Caprylyl\/Capryl Glucoside, Sodium Benzoate, Parfum \/ Fragrance, Propylene Glycol, Methylpropanediol, Betaine Salicylate, Citric Acid, Disodium Phosphate, Sodium Phosphate, Polysorbate 60, Melaleuca Alternifolia (Tea Tree) Leaf Oil, Cucumis Sativus (Cucumber) Fruit Extract, Camellia Sinensis Leaf Extract, Maltodextrin, Rosmarinus Officinalis Leaf Extract, Echinacea Angustifolia Extract, Calendula Officinalis Flower Extract, CI 42090 \/ Blue 1.<\/span><\/p>\n<\/div>\n<\/div>","protected":false},"excerpt":{"rendered":"<p>Soskin Gel doux nettoyant purifiant texture onctueuse et rafraichissante Pour qui ? Peaux mixtes \u00e0 grasses. Brillances Pourquoi l&rsquo;utiliser ? +\u00a0Nettoie \/ Equilibre \/ Matifie +\u00a0Formule sans savon +\u00a0Texture onctueuse et rafraichissante Quelle est sa composition\u00a0? Complexe botanique : th\u00e9 vert, calendula et romarin pour lutter contre l&rsquo;apparition des imperfections, points noirs et boutons Huile [&hellip;]<\/p>\n","protected":false},"featured_media":22103,"template":"","meta":{"om_disable_all_campaigns":false},"product_brand":[],"product_cat":[15],"product_tag":[7357,7389,7901,6178,6550,6838,7902,6551,7900,6109],"class_list":{"0":"post-22105","1":"product","2":"type-product","3":"status-publish","4":"has-post-thumbnail","6":"product_cat-beaute-sante-complements-alimentaires-soins-et-bien-etre-au-meilleur-prix","7":"product_tag-exces-de-sebum","8":"product_tag-gel-nettoyant-visage","9":"product_tag-gel-purifiant","10":"product_tag-nettoyage-doux","11":"product_tag-nettoyant-visage","12":"product_tag-peau-propre","13":"product_tag-purification-peau","14":"product_tag-soin-visage-quotidien","15":"product_tag-soskin-gel-doux","16":"product_tag-teint-lumineux","18":"first","19":"instock","20":"sale","21":"taxable","22":"shipping-taxable","23":"purchasable","24":"product-type-variable"},"yoast_head":"<!-- This site is optimized with the Yoast SEO plugin v27.4 - https:\/\/yoast.com\/product\/yoast-seo-wordpress\/ -->\n<title>Soskin Gel doux nettoyant purifiant - Maroc Prix<\/title>\n<meta name=\"description\" content=\"Soskin Gel Doux Nettoyant Purifiant \u00e9limine impuret\u00e9s et exc\u00e8s de s\u00e9bum, purifie et respecte la peau pour un teint frais et lumineux au quotidien.\" \/>\n<meta name=\"robots\" content=\"index, follow, max-snippet:-1, max-image-preview:large, max-video-preview:-1\" \/>\n<link rel=\"canonical\" href=\"https:\/\/vitablanca.ma\/ar\/product-2\/soskin-gel-doux-nettoyant-purifiant\/\" \/>\n<meta property=\"og:locale\" content=\"ar_AR\" \/>\n<meta property=\"og:type\" content=\"article\" \/>\n<meta property=\"og:title\" content=\"Soskin Gel doux nettoyant purifiant - Maroc Prix\" \/>\n<meta property=\"og:description\" content=\"Soskin Gel Doux Nettoyant Purifiant \u00e9limine impuret\u00e9s et exc\u00e8s de s\u00e9bum, purifie et respecte la peau pour un teint frais et lumineux au quotidien.\" \/>\n<meta property=\"og:url\" content=\"https:\/\/vitablanca.ma\/ar\/product-2\/soskin-gel-doux-nettoyant-purifiant\/\" \/>\n<meta property=\"og:site_name\" content=\"Vitablanca.ma &ndash; Sant&eacute;, vitalit&eacute; et bien-&ecirc;tre pour tous les Marocains\" \/>\n<meta property=\"article:publisher\" content=\"https:\/\/www.facebook.com\/profile.php?id=61576678196717\" \/>\n<meta property=\"article:modified_time\" content=\"2026-02-04T22:35:01+00:00\" \/>\n<meta property=\"og:image\" content=\"https:\/\/vitablanca.ma\/wp-content\/uploads\/2025\/06\/Soskin-Gel-doux-nettoyant-purifiant-250ml-Nova-parapharmacie-maroc.jpg\" \/>\n\t<meta property=\"og:image:width\" content=\"1000\" \/>\n\t<meta property=\"og:image:height\" content=\"1000\" \/>\n\t<meta property=\"og:image:type\" content=\"image\/jpeg\" \/>\n<meta name=\"twitter:card\" content=\"summary_large_image\" \/>\n<meta name=\"twitter:label1\" content=\"\u0648\u0642\u062a \u0627\u0644\u0642\u0631\u0627\u0621\u0629 \u0627\u0644\u0645\u064f\u0642\u062f\u0651\u0631\" \/>\n\t<meta name=\"twitter:data1\" content=\"\u062f\u0642\u064a\u0642\u062a\u0627\u0646\" \/>\n<script type=\"application\/ld+json\" class=\"yoast-schema-graph\">{\"@context\":\"https:\\\/\\\/schema.org\",\"@graph\":[{\"@type\":[\"WebPage\",\"ItemPage\"],\"@id\":\"https:\\\/\\\/vitablanca.ma\\\/produit\\\/soskin-gel-doux-nettoyant-purifiant\\\/\",\"url\":\"https:\\\/\\\/vitablanca.ma\\\/produit\\\/soskin-gel-doux-nettoyant-purifiant\\\/\",\"name\":\"Soskin Gel doux nettoyant purifiant - Maroc Prix\",\"isPartOf\":{\"@id\":\"https:\\\/\\\/vitablanca.ma\\\/#website\"},\"primaryImageOfPage\":{\"@id\":\"https:\\\/\\\/vitablanca.ma\\\/produit\\\/soskin-gel-doux-nettoyant-purifiant\\\/#primaryimage\"},\"image\":{\"@id\":\"https:\\\/\\\/vitablanca.ma\\\/produit\\\/soskin-gel-doux-nettoyant-purifiant\\\/#primaryimage\"},\"thumbnailUrl\":\"https:\\\/\\\/vitablanca.ma\\\/wp-content\\\/uploads\\\/2025\\\/06\\\/Soskin-Gel-doux-nettoyant-purifiant-250ml-Nova-parapharmacie-maroc.jpg\",\"datePublished\":\"2025-06-11T21:46:32+00:00\",\"dateModified\":\"2026-02-04T22:35:01+00:00\",\"description\":\"Soskin Gel Doux Nettoyant Purifiant \u00e9limine impuret\u00e9s et exc\u00e8s de s\u00e9bum, purifie et respecte la peau pour un teint frais et lumineux au quotidien.\",\"breadcrumb\":{\"@id\":\"https:\\\/\\\/vitablanca.ma\\\/produit\\\/soskin-gel-doux-nettoyant-purifiant\\\/#breadcrumb\"},\"inLanguage\":\"ar\",\"potentialAction\":[{\"@type\":\"ReadAction\",\"target\":[\"https:\\\/\\\/vitablanca.ma\\\/produit\\\/soskin-gel-doux-nettoyant-purifiant\\\/\"]}]},{\"@type\":\"ImageObject\",\"inLanguage\":\"ar\",\"@id\":\"https:\\\/\\\/vitablanca.ma\\\/produit\\\/soskin-gel-doux-nettoyant-purifiant\\\/#primaryimage\",\"url\":\"https:\\\/\\\/vitablanca.ma\\\/wp-content\\\/uploads\\\/2025\\\/06\\\/Soskin-Gel-doux-nettoyant-purifiant-250ml-Nova-parapharmacie-maroc.jpg\",\"contentUrl\":\"https:\\\/\\\/vitablanca.ma\\\/wp-content\\\/uploads\\\/2025\\\/06\\\/Soskin-Gel-doux-nettoyant-purifiant-250ml-Nova-parapharmacie-maroc.jpg\",\"width\":1000,\"height\":1000},{\"@type\":\"BreadcrumbList\",\"@id\":\"https:\\\/\\\/vitablanca.ma\\\/produit\\\/soskin-gel-doux-nettoyant-purifiant\\\/#breadcrumb\",\"itemListElement\":[{\"@type\":\"ListItem\",\"position\":1,\"name\":\"Home\",\"item\":\"https:\\\/\\\/vitablanca.ma\\\/\"},{\"@type\":\"ListItem\",\"position\":2,\"name\":\"Tous Les Produits\",\"item\":\"https:\\\/\\\/vitablanca.ma\\\/tous-les-produits\\\/\"},{\"@type\":\"ListItem\",\"position\":3,\"name\":\"Soskin Gel doux nettoyant purifiant\"}]},{\"@type\":\"WebSite\",\"@id\":\"https:\\\/\\\/vitablanca.ma\\\/#website\",\"url\":\"https:\\\/\\\/vitablanca.ma\\\/\",\"name\":\"VitaBlanca.ma | Compl\u00e9ments alimentaires, sant\u00e9 & beaut\u00e9 au Maroc\",\"description\":\"vendre vitamines et compl\u00e9ments premium des USA &amp; Canada, Nouvelle Z\u00e9lande,Maroc (NOW Foods, Solgar, Manuka). Livraison rapide partout au Maroc.\",\"publisher\":{\"@id\":\"https:\\\/\\\/vitablanca.ma\\\/#organization\"},\"alternateName\":\"VitaBlanca.ma\",\"potentialAction\":[{\"@type\":\"SearchAction\",\"target\":{\"@type\":\"EntryPoint\",\"urlTemplate\":\"https:\\\/\\\/vitablanca.ma\\\/?s={search_term_string}\"},\"query-input\":{\"@type\":\"PropertyValueSpecification\",\"valueRequired\":true,\"valueName\":\"search_term_string\"}}],\"inLanguage\":\"ar\"},{\"@type\":\"Organization\",\"@id\":\"https:\\\/\\\/vitablanca.ma\\\/#organization\",\"name\":\"VitaBlanca\",\"url\":\"https:\\\/\\\/vitablanca.ma\\\/\",\"logo\":{\"@type\":\"ImageObject\",\"inLanguage\":\"ar\",\"@id\":\"https:\\\/\\\/vitablanca.ma\\\/#\\\/schema\\\/logo\\\/image\\\/\",\"url\":\"https:\\\/\\\/vitablanca.ma\\\/wp-content\\\/uploads\\\/2025\\\/05\\\/cropped-vitablanca.png\",\"contentUrl\":\"https:\\\/\\\/vitablanca.ma\\\/wp-content\\\/uploads\\\/2025\\\/05\\\/cropped-vitablanca.png\",\"width\":360,\"height\":67,\"caption\":\"VitaBlanca\"},\"image\":{\"@id\":\"https:\\\/\\\/vitablanca.ma\\\/#\\\/schema\\\/logo\\\/image\\\/\"},\"sameAs\":[\"https:\\\/\\\/www.facebook.com\\\/profile.php?id=61576678196717\",\"https:\\\/\\\/www.tiktok.com\\\/@vitablanca.ma\",\"https:\\\/\\\/www.instagram.com\\\/vitablanca.ma\\\/\"]}]}<\/script>\n<!-- \/ Yoast SEO plugin. -->","yoast_head_json":{"title":"Soskin Gel doux nettoyant purifiant - Maroc Prix","description":"Soskin Gel Doux Nettoyant Purifiant \u00e9limine impuret\u00e9s et exc\u00e8s de s\u00e9bum, purifie et respecte la peau pour un teint frais et lumineux au quotidien.","robots":{"index":"index","follow":"follow","max-snippet":"max-snippet:-1","max-image-preview":"max-image-preview:large","max-video-preview":"max-video-preview:-1"},"canonical":"https:\/\/vitablanca.ma\/ar\/product-2\/soskin-gel-doux-nettoyant-purifiant\/","og_locale":"ar_AR","og_type":"article","og_title":"Soskin Gel doux nettoyant purifiant - Maroc Prix","og_description":"Soskin Gel Doux Nettoyant Purifiant \u00e9limine impuret\u00e9s et exc\u00e8s de s\u00e9bum, purifie et respecte la peau pour un teint frais et lumineux au quotidien.","og_url":"https:\/\/vitablanca.ma\/ar\/product-2\/soskin-gel-doux-nettoyant-purifiant\/","og_site_name":"Vitablanca.ma &ndash; Sant&eacute;, vitalit&eacute; et bien-&ecirc;tre pour tous les Marocains","article_publisher":"https:\/\/www.facebook.com\/profile.php?id=61576678196717","article_modified_time":"2026-02-04T22:35:01+00:00","og_image":[{"width":1000,"height":1000,"url":"https:\/\/vitablanca.ma\/wp-content\/uploads\/2025\/06\/Soskin-Gel-doux-nettoyant-purifiant-250ml-Nova-parapharmacie-maroc.jpg","type":"image\/jpeg"}],"twitter_card":"summary_large_image","twitter_misc":{"\u0648\u0642\u062a \u0627\u0644\u0642\u0631\u0627\u0621\u0629 \u0627\u0644\u0645\u064f\u0642\u062f\u0651\u0631":"\u062f\u0642\u064a\u0642\u062a\u0627\u0646"},"schema":{"@context":"https:\/\/schema.org","@graph":[{"@type":["WebPage","ItemPage"],"@id":"https:\/\/vitablanca.ma\/produit\/soskin-gel-doux-nettoyant-purifiant\/","url":"https:\/\/vitablanca.ma\/produit\/soskin-gel-doux-nettoyant-purifiant\/","name":"Soskin Gel doux nettoyant purifiant - Maroc Prix","isPartOf":{"@id":"https:\/\/vitablanca.ma\/#website"},"primaryImageOfPage":{"@id":"https:\/\/vitablanca.ma\/produit\/soskin-gel-doux-nettoyant-purifiant\/#primaryimage"},"image":{"@id":"https:\/\/vitablanca.ma\/produit\/soskin-gel-doux-nettoyant-purifiant\/#primaryimage"},"thumbnailUrl":"https:\/\/vitablanca.ma\/wp-content\/uploads\/2025\/06\/Soskin-Gel-doux-nettoyant-purifiant-250ml-Nova-parapharmacie-maroc.jpg","datePublished":"2025-06-11T21:46:32+00:00","dateModified":"2026-02-04T22:35:01+00:00","description":"Soskin Gel Doux Nettoyant Purifiant \u00e9limine impuret\u00e9s et exc\u00e8s de s\u00e9bum, purifie et respecte la peau pour un teint frais et lumineux au quotidien.","breadcrumb":{"@id":"https:\/\/vitablanca.ma\/produit\/soskin-gel-doux-nettoyant-purifiant\/#breadcrumb"},"inLanguage":"ar","potentialAction":[{"@type":"ReadAction","target":["https:\/\/vitablanca.ma\/produit\/soskin-gel-doux-nettoyant-purifiant\/"]}]},{"@type":"ImageObject","inLanguage":"ar","@id":"https:\/\/vitablanca.ma\/produit\/soskin-gel-doux-nettoyant-purifiant\/#primaryimage","url":"https:\/\/vitablanca.ma\/wp-content\/uploads\/2025\/06\/Soskin-Gel-doux-nettoyant-purifiant-250ml-Nova-parapharmacie-maroc.jpg","contentUrl":"https:\/\/vitablanca.ma\/wp-content\/uploads\/2025\/06\/Soskin-Gel-doux-nettoyant-purifiant-250ml-Nova-parapharmacie-maroc.jpg","width":1000,"height":1000},{"@type":"BreadcrumbList","@id":"https:\/\/vitablanca.ma\/produit\/soskin-gel-doux-nettoyant-purifiant\/#breadcrumb","itemListElement":[{"@type":"ListItem","position":1,"name":"Home","item":"https:\/\/vitablanca.ma\/"},{"@type":"ListItem","position":2,"name":"Tous Les Produits","item":"https:\/\/vitablanca.ma\/tous-les-produits\/"},{"@type":"ListItem","position":3,"name":"Soskin Gel doux nettoyant purifiant"}]},{"@type":"WebSite","@id":"https:\/\/vitablanca.ma\/#website","url":"https:\/\/vitablanca.ma\/","name":"VitaBlanca.ma | \u0627\u0644\u0645\u0643\u0645\u0644\u0627\u062a \u0627\u0644\u063a\u0630\u0627\u0626\u064a\u0629\u060c \u0627\u0644\u0635\u062d\u0629 \u0648\u0627\u0644\u062c\u0645\u0627\u0644 \u0641\u064a \u0627\u0644\u0645\u063a\u0631\u0628","description":"\u0646\u0628\u064a\u0639 \u0641\u064a\u062a\u0627\u0645\u064a\u0646\u0627\u062a \u0648\u0645\u0643\u0645\u0644\u0627\u062a \u063a\u0630\u0627\u0626\u064a\u0629 \u0641\u0627\u062e\u0631\u0629 \u0645\u0646 \u0627\u0644\u0648\u0644\u0627\u064a\u0627\u062a \u0627\u0644\u0645\u062a\u062d\u062f\u0629 \u0627\u0644\u0623\u0645\u0631\u064a\u0643\u064a\u0629 \u0648\u0643\u0646\u062f\u0627 \u0648\u0646\u064a\u0648\u0632\u064a\u0644\u0646\u062f\u0627 \u0648\u0627\u0644\u0645\u063a\u0631\u0628 (\u0646\u0627\u0648 \u0641\u0648\u062f\u0632\u060c \u0633\u0648\u0644\u062c\u0627\u0631\u060c \u0645\u0627\u0646\u0648\u0643\u0627). \u062a\u0648\u0635\u064a\u0644 \u0633\u0631\u064a\u0639 \u0625\u0644\u0649 \u062c\u0645\u064a\u0639 \u0623\u0646\u062d\u0627\u0621 \u0627\u0644\u0645\u063a\u0631\u0628.","publisher":{"@id":"https:\/\/vitablanca.ma\/#organization"},"alternateName":"VitaBlanca.ma","potentialAction":[{"@type":"SearchAction","target":{"@type":"EntryPoint","urlTemplate":"https:\/\/vitablanca.ma\/?s={search_term_string}"},"query-input":{"@type":"PropertyValueSpecification","valueRequired":true,"valueName":"search_term_string"}}],"inLanguage":"ar"},{"@type":"Organization","@id":"https:\/\/vitablanca.ma\/#organization","name":"\u0641\u064a\u062a\u0627\u0628\u0644\u0627\u0646\u0643\u0627","url":"https:\/\/vitablanca.ma\/","logo":{"@type":"ImageObject","inLanguage":"ar","@id":"https:\/\/vitablanca.ma\/#\/schema\/logo\/image\/","url":"https:\/\/vitablanca.ma\/wp-content\/uploads\/2025\/05\/cropped-vitablanca.png","contentUrl":"https:\/\/vitablanca.ma\/wp-content\/uploads\/2025\/05\/cropped-vitablanca.png","width":360,"height":67,"caption":"VitaBlanca"},"image":{"@id":"https:\/\/vitablanca.ma\/#\/schema\/logo\/image\/"},"sameAs":["https:\/\/www.facebook.com\/profile.php?id=61576678196717","https:\/\/www.tiktok.com\/@vitablanca.ma","https:\/\/www.instagram.com\/vitablanca.ma\/"]}]}},"jetpack_sharing_enabled":true,"_links":{"self":[{"href":"https:\/\/vitablanca.ma\/ar\/wp-json\/wp\/v2\/product\/22105","targetHints":{"allow":["GET"]}}],"collection":[{"href":"https:\/\/vitablanca.ma\/ar\/wp-json\/wp\/v2\/product"}],"about":[{"href":"https:\/\/vitablanca.ma\/ar\/wp-json\/wp\/v2\/types\/product"}],"wp:featuredmedia":[{"embeddable":true,"href":"https:\/\/vitablanca.ma\/ar\/wp-json\/wp\/v2\/media\/22103"}],"wp:attachment":[{"href":"https:\/\/vitablanca.ma\/ar\/wp-json\/wp\/v2\/media?parent=22105"}],"wp:term":[{"taxonomy":"product_brand","embeddable":true,"href":"https:\/\/vitablanca.ma\/ar\/wp-json\/wp\/v2\/product_brand?post=22105"},{"taxonomy":"product_cat","embeddable":true,"href":"https:\/\/vitablanca.ma\/ar\/wp-json\/wp\/v2\/product_cat?post=22105"},{"taxonomy":"product_tag","embeddable":true,"href":"https:\/\/vitablanca.ma\/ar\/wp-json\/wp\/v2\/product_tag?post=22105"}],"curies":[{"name":"wp","href":"https:\/\/api.w.org\/{rel}","templated":true}]}}