{"id":22089,"date":"2025-06-11T21:45:49","date_gmt":"2025-06-11T21:45:49","guid":{"rendered":"https:\/\/vitablanca.ma\/product\/somat-traitement-ventre-et-hanches-express-150ml\/"},"modified":"2026-02-04T23:01:42","modified_gmt":"2026-02-04T23:01:42","slug":"somat-traitement-ventre-et-hanches-express-150ml","status":"publish","type":"product","link":"https:\/\/vitablanca.ma\/ar\/product-2\/somat-traitement-ventre-et-hanches-express-150ml\/","title":{"rendered":"\u0633\u0648\u0645\u0627\u062a \u0625\u0643\u0633\u0628\u0631\u064a\u0633 \u0644\u0639\u0644\u0627\u062c \u0627\u0644\u0645\u0639\u062f\u0629 \u0648\u0627\u0644\u0648\u0631\u0643 150 \u0645\u0644"},"content":{"rendered":"<h2>\u0639\u0644\u0627\u062c \u0633\u0648\u0645\u0627\u062a \u0625\u0643\u0633\u0628\u0631\u064a\u0633 \u0644\u0644\u0645\u0639\u062f\u0629 \u0648\u0627\u0644\u0648\u0631\u0643\u00a0<span data-mce-fragment=\"1\">\u064a\u0633\u0627\u0639\u062f \u0639\u0644\u0649 \u0645\u0646\u0639 \u062a\u0631\u0627\u0643\u0645 \u0627\u0644\u0627\u0646\u062a\u0641\u0627\u062e\u0627\u062a \u0628\u0633\u0647\u0648\u0644\u0629.<\/span><\/h2>\n<p>Somat Traitement Ventre et Hanches Express aide \u00e0 emp\u00eacher les rondeurs de s\u2019accumuler facilement.<\/p>\n<p>\u0647\u0630\u0627 \u0627\u0644\u0639\u0644\u0627\u062c \u0644\u0644\u062a\u062e\u0633\u064a\u0633\u060c \u0645\u0646\u0627\u0633\u0628 \u0644\u0644\u0646\u0633\u0627\u0621 \u0641\u064a \u0633\u0646 \u0627\u0644\u064a\u0623\u0633\u060c \u064a\u062c\u0645\u0639 \u0628\u064a\u0646 \u0645\u0643\u0648\u0646\u0627\u062a \u0645\u062d\u062f\u062f\u0629 \u0644\u0627\u0633\u062a\u0647\u062f\u0627\u0641 \u0627\u0644\u0631\u0648\u0627\u0633\u0628 \u0627\u0644\u062f\u0647\u0646\u064a\u0629 \u0627\u0644\u0639\u0646\u064a\u062f\u0629.<\/p>\n<p>\u062a\u0631\u0643\u064a\u0628\u0629 \u063a\u0646\u064a\u0629 \u0628\u0645\u0631\u0643\u0628 PhytoslimAge-complex \u062a\u0639\u0645\u0644 \u0639\u0644\u0649 \u062a\u0639\u0632\u064a\u0632 \u0627\u0644\u062a\u062e\u0644\u0635 \u0645\u0646 \u0627\u0644\u062f\u0647\u0648\u0646 \u0627\u0644\u0645\u0648\u0636\u0639\u064a\u0629 \u0641\u064a \u0627\u0644\u062e\u0635\u0631 \u0648\u0627\u0644\u0648\u0631\u0643\u064a\u0646.<\/p>\n<p>\u0625\u0646 \u062a\u0631\u0643\u064a\u0628\u062a\u0647 \u0645\u0646 \u0627\u0644\u0645\u0643\u0648\u0646\u0627\u062a \u0627\u0644\u0646\u0634\u0637\u0629 \u0627\u0644\u062d\u0635\u0631\u064a\u0629 (Phullacantha fibrosa\u060c Lotus maritimus\u060c \u0627\u0644\u0643\u0627\u0641\u064a\u064a\u0646\u060c \u0627\u0644\u0645\u0646\u062b\u0648\u0644 \u0648 Ethyl-Nicotinate) \u062a\u0648\u0641\u0631 \u062a\u0623\u062b\u064a\u0631\u064b\u0627 \u0645\u062b\u0627\u0644\u064a\u064b\u0627 \u0644\u0644\u062a\u062e\u0633\u064a\u0633.<\/p>\n<p>\u064a\u0633\u0627\u0639\u062f \u062a\u0631\u0643\u064a\u0632\u0647 \u0627\u0644\u0639\u0627\u0644\u064a \u0645\u0646 \u0627\u0644\u0645\u0643\u0648\u0646\u0627\u062a \u0627\u0644\u0646\u0634\u0637\u0629 \u0627\u0644\u0645\u0636\u0627\u062f\u0629 \u0644\u0644\u0623\u0643\u0633\u062f\u0629 \u0648\u0627\u0644\u0645\u0636\u0627\u062f\u0629 \u0644\u0644\u062a\u062c\u0627\u0639\u064a\u062f \u0639\u0644\u0649 \u0645\u062d\u0627\u0631\u0628\u0629 \u0639\u0644\u0627\u0645\u0627\u062a \u0627\u0644\u0634\u064a\u062e\u0648\u062e\u0629.<\/p>\n<p>\u062a\u0639\u0645\u0644 \u0627\u0644\u0639\u0646\u0627\u0635\u0631 \u0627\u0644\u063a\u0630\u0627\u0626\u064a\u0629 \u0627\u0644\u0645\u0648\u062c\u0648\u062f\u0629 \u0641\u064a\u0647 \u0639\u0644\u0649 \u062a\u0631\u0637\u064a\u0628 \u0648\u062a\u063a\u0630\u064a\u0629 \u0627\u0644\u0628\u0634\u0631\u0629 \u0628\u0634\u0643\u0644 \u0645\u0643\u062b\u0641 \u0644\u062a\u062d\u0633\u064a\u0646 \u0643\u062b\u0627\u0641\u062a\u0647\u0627 \u0648\u0645\u0631\u0648\u0646\u062a\u0647\u0627.<\/p>\n<h3>\u0637\u0644\u0628<\/h3>\n<p>Le Traitement Minceur 50 \u2014 150 ml de\u00a0SOMATOLINE COSMETIC\u00a0amincit la silhouette en seulement 4 semaines et laisse la peau lisse et douce.<\/p>\n<p>\u0627\u0633\u062a\u062e\u062f\u0645\u064a \u0639\u0644\u0627\u062c \u0627\u0644\u062a\u0646\u062d\u064a\u0641 50 - 150 \u0645\u0644 \u0645\u0646 SOMATOLINE COSMETIC \u0645\u0631\u0629 \u0648\u0627\u062d\u062f\u0629 \u064a\u0648\u0645\u064a\u064b\u0627 \u0644\u0645\u062f\u0629 \u0623\u0633\u0628\u0648\u0639\u064a\u0646.<\/p>\n<p>\u0628\u0639\u062f \u0627\u0644\u0627\u0633\u062a\u062e\u062f\u0627\u0645\u060c \u0642\u062f \u062a\u0634\u0639\u0631 \u0628\u0625\u062d\u0633\u0627\u0633 \u0628\u0627\u0644\u062d\u0631\u0627\u0631\u0629 \u0648\/\u0623\u0648 \u0627\u0644\u0628\u0631\u0648\u062f\u0629 \u0639\u0644\u0649 \u0627\u0644\u062c\u0644\u062f.<\/p>\n<p>\u062a\u062e\u062a\u0641\u064a \u0647\u0630\u0647 \u0627\u0644\u062a\u0641\u0627\u0639\u0644\u0627\u062a \u0639\u0627\u062f\u0629 \u0628\u0639\u062f 30 \u062f\u0642\u064a\u0642\u0629 \u0648\u0647\u064a \u0639\u0644\u0627\u0645\u0629 \u0639\u0644\u0649 \u0641\u0639\u0627\u0644\u064a\u0629 \u0647\u0630\u0627 \u0627\u0644\u0645\u0646\u062a\u062c \u0627\u0644\u062a\u062c\u0645\u064a\u0644\u064a\u0629.<\/p>","protected":false},"excerpt":{"rendered":"<p>Somat Traitement Ventre et Hanches Express\u00a0aide \u00e0 emp\u00eacher les rondeurs de s\u2019accumuler facilement. Somat Traitement Ventre et Hanches Express aide \u00e0 emp\u00eacher les rondeurs de s\u2019accumuler facilement. Ce soin amincissant adapt\u00e9 aux femmes m\u00e9nopaus\u00e9es combine des ingr\u00e9dients sp\u00e9cifiques pour cibler les amas graisseux r\u00e9sistants. Sa formule enrichie en PhytoslimAge-complex favorise l\u2019\u00e9limination des graisses localis\u00e9es sur [&hellip;]<\/p>\n","protected":false},"featured_media":22088,"template":"","meta":{"om_disable_all_campaigns":false},"product_brand":[],"product_cat":[15],"product_tag":[7939,7941,7931,7930,7947,7932,7945,7946,7944,7937],"class_list":{"0":"post-22089","1":"product","2":"type-product","3":"status-publish","4":"has-post-thumbnail","6":"product_cat-beaute-sante-complements-alimentaires-soins-et-bien-etre-au-meilleur-prix","7":"product_tag-minceur-ciblee","8":"product_tag-peau-ferme-et-lisse","9":"product_tag-raffermissant-peau","10":"product_tag-reduction-rondeurs","11":"product_tag-silhouette-affinee","12":"product_tag-silhouette-tonique","13":"product_tag-soin-corps-ventre-et-hanches","14":"product_tag-soin-minceur-express","15":"product_tag-somat-traitement-ventre-et-hanches","16":"product_tag-zones-difficiles","18":"first","19":"instock","20":"sale","21":"taxable","22":"shipping-taxable","23":"purchasable","24":"product-type-simple"},"yoast_head":"<!-- This site is optimized with the Yoast SEO plugin v27.4 - https:\/\/yoast.com\/product\/yoast-seo-wordpress\/ -->\n<title>Somat Traitement Ventre et Hanches Express 150ml - Maroc Prix<\/title>\n<meta name=\"description\" content=\"Somat Traitement Ventre et Hanches Express 150\u202fml aide \u00e0 r\u00e9duire les rondeurs localis\u00e9es, raffermit la peau et am\u00e9liore visiblement l\u2019aspect du ventre .\" \/>\n<meta name=\"robots\" content=\"index, follow, max-snippet:-1, max-image-preview:large, max-video-preview:-1\" \/>\n<link rel=\"canonical\" href=\"https:\/\/vitablanca.ma\/ar\/product-2\/somat-traitement-ventre-et-hanches-express-150ml\/\" \/>\n<meta property=\"og:locale\" content=\"ar_AR\" \/>\n<meta property=\"og:type\" content=\"article\" \/>\n<meta property=\"og:title\" content=\"Somat Traitement Ventre et Hanches Express 150ml - Maroc Prix\" \/>\n<meta property=\"og:description\" content=\"Somat Traitement Ventre et Hanches Express 150\u202fml aide \u00e0 r\u00e9duire les rondeurs localis\u00e9es, raffermit la peau et am\u00e9liore visiblement l\u2019aspect du ventre .\" \/>\n<meta property=\"og:url\" content=\"https:\/\/vitablanca.ma\/ar\/product-2\/somat-traitement-ventre-et-hanches-express-150ml\/\" \/>\n<meta property=\"og:site_name\" content=\"Vitablanca.ma &ndash; Sant&eacute;, vitalit&eacute; et bien-&ecirc;tre pour tous les Marocains\" \/>\n<meta property=\"article:publisher\" content=\"https:\/\/www.facebook.com\/profile.php?id=61576678196717\" \/>\n<meta property=\"article:modified_time\" content=\"2026-02-04T23:01:42+00:00\" \/>\n<meta property=\"og:image\" content=\"https:\/\/vitablanca.ma\/wp-content\/uploads\/2025\/06\/Somat-Traitement-Ventre-et-Hanches-Express-150ml-nova-parapharmacie-casablanca.jpg\" \/>\n\t<meta property=\"og:image:width\" content=\"1000\" \/>\n\t<meta property=\"og:image:height\" content=\"1000\" \/>\n\t<meta property=\"og:image:type\" content=\"image\/jpeg\" \/>\n<meta name=\"twitter:card\" content=\"summary_large_image\" \/>\n<meta name=\"twitter:label1\" content=\"\u0648\u0642\u062a \u0627\u0644\u0642\u0631\u0627\u0621\u0629 \u0627\u0644\u0645\u064f\u0642\u062f\u0651\u0631\" \/>\n\t<meta name=\"twitter:data1\" content=\"\u062f\u0642\u064a\u0642\u062a\u0627\u0646\" \/>\n<script type=\"application\/ld+json\" class=\"yoast-schema-graph\">{\"@context\":\"https:\\\/\\\/schema.org\",\"@graph\":[{\"@type\":[\"WebPage\",\"ItemPage\"],\"@id\":\"https:\\\/\\\/vitablanca.ma\\\/produit\\\/somat-traitement-ventre-et-hanches-express-150ml\\\/\",\"url\":\"https:\\\/\\\/vitablanca.ma\\\/produit\\\/somat-traitement-ventre-et-hanches-express-150ml\\\/\",\"name\":\"Somat Traitement Ventre et Hanches Express 150ml - Maroc Prix\",\"isPartOf\":{\"@id\":\"https:\\\/\\\/vitablanca.ma\\\/#website\"},\"primaryImageOfPage\":{\"@id\":\"https:\\\/\\\/vitablanca.ma\\\/produit\\\/somat-traitement-ventre-et-hanches-express-150ml\\\/#primaryimage\"},\"image\":{\"@id\":\"https:\\\/\\\/vitablanca.ma\\\/produit\\\/somat-traitement-ventre-et-hanches-express-150ml\\\/#primaryimage\"},\"thumbnailUrl\":\"https:\\\/\\\/vitablanca.ma\\\/wp-content\\\/uploads\\\/2025\\\/06\\\/Somat-Traitement-Ventre-et-Hanches-Express-150ml-nova-parapharmacie-casablanca.jpg\",\"datePublished\":\"2025-06-11T21:45:49+00:00\",\"dateModified\":\"2026-02-04T23:01:42+00:00\",\"description\":\"Somat Traitement Ventre et Hanches Express 150\u202fml aide \u00e0 r\u00e9duire les rondeurs localis\u00e9es, raffermit la peau et am\u00e9liore visiblement l\u2019aspect du ventre .\",\"breadcrumb\":{\"@id\":\"https:\\\/\\\/vitablanca.ma\\\/produit\\\/somat-traitement-ventre-et-hanches-express-150ml\\\/#breadcrumb\"},\"inLanguage\":\"ar\",\"potentialAction\":[{\"@type\":\"ReadAction\",\"target\":[\"https:\\\/\\\/vitablanca.ma\\\/produit\\\/somat-traitement-ventre-et-hanches-express-150ml\\\/\"]}]},{\"@type\":\"ImageObject\",\"inLanguage\":\"ar\",\"@id\":\"https:\\\/\\\/vitablanca.ma\\\/produit\\\/somat-traitement-ventre-et-hanches-express-150ml\\\/#primaryimage\",\"url\":\"https:\\\/\\\/vitablanca.ma\\\/wp-content\\\/uploads\\\/2025\\\/06\\\/Somat-Traitement-Ventre-et-Hanches-Express-150ml-nova-parapharmacie-casablanca.jpg\",\"contentUrl\":\"https:\\\/\\\/vitablanca.ma\\\/wp-content\\\/uploads\\\/2025\\\/06\\\/Somat-Traitement-Ventre-et-Hanches-Express-150ml-nova-parapharmacie-casablanca.jpg\",\"width\":1000,\"height\":1000},{\"@type\":\"BreadcrumbList\",\"@id\":\"https:\\\/\\\/vitablanca.ma\\\/produit\\\/somat-traitement-ventre-et-hanches-express-150ml\\\/#breadcrumb\",\"itemListElement\":[{\"@type\":\"ListItem\",\"position\":1,\"name\":\"Home\",\"item\":\"https:\\\/\\\/vitablanca.ma\\\/\"},{\"@type\":\"ListItem\",\"position\":2,\"name\":\"Tous Les Produits\",\"item\":\"https:\\\/\\\/vitablanca.ma\\\/tous-les-produits\\\/\"},{\"@type\":\"ListItem\",\"position\":3,\"name\":\"Somat Traitement Ventre et Hanches Express 150ml\"}]},{\"@type\":\"WebSite\",\"@id\":\"https:\\\/\\\/vitablanca.ma\\\/#website\",\"url\":\"https:\\\/\\\/vitablanca.ma\\\/\",\"name\":\"VitaBlanca.ma | Compl\u00e9ments alimentaires, sant\u00e9 & beaut\u00e9 au Maroc\",\"description\":\"vendre vitamines et compl\u00e9ments premium des USA &amp; Canada, Nouvelle Z\u00e9lande,Maroc (NOW Foods, Solgar, Manuka). Livraison rapide partout au Maroc.\",\"publisher\":{\"@id\":\"https:\\\/\\\/vitablanca.ma\\\/#organization\"},\"alternateName\":\"VitaBlanca.ma\",\"potentialAction\":[{\"@type\":\"SearchAction\",\"target\":{\"@type\":\"EntryPoint\",\"urlTemplate\":\"https:\\\/\\\/vitablanca.ma\\\/?s={search_term_string}\"},\"query-input\":{\"@type\":\"PropertyValueSpecification\",\"valueRequired\":true,\"valueName\":\"search_term_string\"}}],\"inLanguage\":\"ar\"},{\"@type\":\"Organization\",\"@id\":\"https:\\\/\\\/vitablanca.ma\\\/#organization\",\"name\":\"VitaBlanca\",\"url\":\"https:\\\/\\\/vitablanca.ma\\\/\",\"logo\":{\"@type\":\"ImageObject\",\"inLanguage\":\"ar\",\"@id\":\"https:\\\/\\\/vitablanca.ma\\\/#\\\/schema\\\/logo\\\/image\\\/\",\"url\":\"https:\\\/\\\/vitablanca.ma\\\/wp-content\\\/uploads\\\/2025\\\/05\\\/cropped-vitablanca.png\",\"contentUrl\":\"https:\\\/\\\/vitablanca.ma\\\/wp-content\\\/uploads\\\/2025\\\/05\\\/cropped-vitablanca.png\",\"width\":360,\"height\":67,\"caption\":\"VitaBlanca\"},\"image\":{\"@id\":\"https:\\\/\\\/vitablanca.ma\\\/#\\\/schema\\\/logo\\\/image\\\/\"},\"sameAs\":[\"https:\\\/\\\/www.facebook.com\\\/profile.php?id=61576678196717\",\"https:\\\/\\\/www.tiktok.com\\\/@vitablanca.ma\",\"https:\\\/\\\/www.instagram.com\\\/vitablanca.ma\\\/\"]}]}<\/script>\n<!-- \/ Yoast SEO plugin. -->","yoast_head_json":{"title":"\u0633\u0648\u0645\u0627\u062a \u0625\u0643\u0633\u0628\u0631\u064a\u0633 \u0644\u0639\u0644\u0627\u062c \u0627\u0644\u0645\u0639\u062f\u0629 \u0648\u0627\u0644\u0648\u0631\u0643 150 \u0645\u0644 - \u0633\u0639\u0631 \u0627\u0644\u0645\u063a\u0631\u0628","description":"Somat Traitement Ventre et Hanches Express 150\u202fml aide \u00e0 r\u00e9duire les rondeurs localis\u00e9es, raffermit la peau et am\u00e9liore visiblement l\u2019aspect du ventre .","robots":{"index":"index","follow":"follow","max-snippet":"max-snippet:-1","max-image-preview":"max-image-preview:large","max-video-preview":"max-video-preview:-1"},"canonical":"https:\/\/vitablanca.ma\/ar\/product-2\/somat-traitement-ventre-et-hanches-express-150ml\/","og_locale":"ar_AR","og_type":"article","og_title":"Somat Traitement Ventre et Hanches Express 150ml - Maroc Prix","og_description":"Somat Traitement Ventre et Hanches Express 150\u202fml aide \u00e0 r\u00e9duire les rondeurs localis\u00e9es, raffermit la peau et am\u00e9liore visiblement l\u2019aspect du ventre .","og_url":"https:\/\/vitablanca.ma\/ar\/product-2\/somat-traitement-ventre-et-hanches-express-150ml\/","og_site_name":"Vitablanca.ma &ndash; Sant&eacute;, vitalit&eacute; et bien-&ecirc;tre pour tous les Marocains","article_publisher":"https:\/\/www.facebook.com\/profile.php?id=61576678196717","article_modified_time":"2026-02-04T23:01:42+00:00","og_image":[{"width":1000,"height":1000,"url":"https:\/\/vitablanca.ma\/wp-content\/uploads\/2025\/06\/Somat-Traitement-Ventre-et-Hanches-Express-150ml-nova-parapharmacie-casablanca.jpg","type":"image\/jpeg"}],"twitter_card":"summary_large_image","twitter_misc":{"\u0648\u0642\u062a \u0627\u0644\u0642\u0631\u0627\u0621\u0629 \u0627\u0644\u0645\u064f\u0642\u062f\u0651\u0631":"\u062f\u0642\u064a\u0642\u062a\u0627\u0646"},"schema":{"@context":"https:\/\/schema.org","@graph":[{"@type":["WebPage","ItemPage"],"@id":"https:\/\/vitablanca.ma\/produit\/somat-traitement-ventre-et-hanches-express-150ml\/","url":"https:\/\/vitablanca.ma\/produit\/somat-traitement-ventre-et-hanches-express-150ml\/","name":"\u0633\u0648\u0645\u0627\u062a \u0625\u0643\u0633\u0628\u0631\u064a\u0633 \u0644\u0639\u0644\u0627\u062c \u0627\u0644\u0645\u0639\u062f\u0629 \u0648\u0627\u0644\u0648\u0631\u0643 150 \u0645\u0644 - \u0633\u0639\u0631 \u0627\u0644\u0645\u063a\u0631\u0628","isPartOf":{"@id":"https:\/\/vitablanca.ma\/#website"},"primaryImageOfPage":{"@id":"https:\/\/vitablanca.ma\/produit\/somat-traitement-ventre-et-hanches-express-150ml\/#primaryimage"},"image":{"@id":"https:\/\/vitablanca.ma\/produit\/somat-traitement-ventre-et-hanches-express-150ml\/#primaryimage"},"thumbnailUrl":"https:\/\/vitablanca.ma\/wp-content\/uploads\/2025\/06\/Somat-Traitement-Ventre-et-Hanches-Express-150ml-nova-parapharmacie-casablanca.jpg","datePublished":"2025-06-11T21:45:49+00:00","dateModified":"2026-02-04T23:01:42+00:00","description":"Somat Traitement Ventre et Hanches Express 150\u202fml aide \u00e0 r\u00e9duire les rondeurs localis\u00e9es, raffermit la peau et am\u00e9liore visiblement l\u2019aspect du ventre .","breadcrumb":{"@id":"https:\/\/vitablanca.ma\/produit\/somat-traitement-ventre-et-hanches-express-150ml\/#breadcrumb"},"inLanguage":"ar","potentialAction":[{"@type":"ReadAction","target":["https:\/\/vitablanca.ma\/produit\/somat-traitement-ventre-et-hanches-express-150ml\/"]}]},{"@type":"ImageObject","inLanguage":"ar","@id":"https:\/\/vitablanca.ma\/produit\/somat-traitement-ventre-et-hanches-express-150ml\/#primaryimage","url":"https:\/\/vitablanca.ma\/wp-content\/uploads\/2025\/06\/Somat-Traitement-Ventre-et-Hanches-Express-150ml-nova-parapharmacie-casablanca.jpg","contentUrl":"https:\/\/vitablanca.ma\/wp-content\/uploads\/2025\/06\/Somat-Traitement-Ventre-et-Hanches-Express-150ml-nova-parapharmacie-casablanca.jpg","width":1000,"height":1000},{"@type":"BreadcrumbList","@id":"https:\/\/vitablanca.ma\/produit\/somat-traitement-ventre-et-hanches-express-150ml\/#breadcrumb","itemListElement":[{"@type":"ListItem","position":1,"name":"Home","item":"https:\/\/vitablanca.ma\/"},{"@type":"ListItem","position":2,"name":"Tous Les Produits","item":"https:\/\/vitablanca.ma\/tous-les-produits\/"},{"@type":"ListItem","position":3,"name":"Somat Traitement Ventre et Hanches Express 150ml"}]},{"@type":"WebSite","@id":"https:\/\/vitablanca.ma\/#website","url":"https:\/\/vitablanca.ma\/","name":"VitaBlanca.ma | \u0627\u0644\u0645\u0643\u0645\u0644\u0627\u062a \u0627\u0644\u063a\u0630\u0627\u0626\u064a\u0629\u060c \u0627\u0644\u0635\u062d\u0629 \u0648\u0627\u0644\u062c\u0645\u0627\u0644 \u0641\u064a \u0627\u0644\u0645\u063a\u0631\u0628","description":"\u0646\u0628\u064a\u0639 \u0641\u064a\u062a\u0627\u0645\u064a\u0646\u0627\u062a \u0648\u0645\u0643\u0645\u0644\u0627\u062a \u063a\u0630\u0627\u0626\u064a\u0629 \u0641\u0627\u062e\u0631\u0629 \u0645\u0646 \u0627\u0644\u0648\u0644\u0627\u064a\u0627\u062a \u0627\u0644\u0645\u062a\u062d\u062f\u0629 \u0627\u0644\u0623\u0645\u0631\u064a\u0643\u064a\u0629 \u0648\u0643\u0646\u062f\u0627 \u0648\u0646\u064a\u0648\u0632\u064a\u0644\u0646\u062f\u0627 \u0648\u0627\u0644\u0645\u063a\u0631\u0628 (\u0646\u0627\u0648 \u0641\u0648\u062f\u0632\u060c \u0633\u0648\u0644\u062c\u0627\u0631\u060c \u0645\u0627\u0646\u0648\u0643\u0627). \u062a\u0648\u0635\u064a\u0644 \u0633\u0631\u064a\u0639 \u0625\u0644\u0649 \u062c\u0645\u064a\u0639 \u0623\u0646\u062d\u0627\u0621 \u0627\u0644\u0645\u063a\u0631\u0628.","publisher":{"@id":"https:\/\/vitablanca.ma\/#organization"},"alternateName":"VitaBlanca.ma","potentialAction":[{"@type":"SearchAction","target":{"@type":"EntryPoint","urlTemplate":"https:\/\/vitablanca.ma\/?s={search_term_string}"},"query-input":{"@type":"PropertyValueSpecification","valueRequired":true,"valueName":"search_term_string"}}],"inLanguage":"ar"},{"@type":"Organization","@id":"https:\/\/vitablanca.ma\/#organization","name":"\u0641\u064a\u062a\u0627\u0628\u0644\u0627\u0646\u0643\u0627","url":"https:\/\/vitablanca.ma\/","logo":{"@type":"ImageObject","inLanguage":"ar","@id":"https:\/\/vitablanca.ma\/#\/schema\/logo\/image\/","url":"https:\/\/vitablanca.ma\/wp-content\/uploads\/2025\/05\/cropped-vitablanca.png","contentUrl":"https:\/\/vitablanca.ma\/wp-content\/uploads\/2025\/05\/cropped-vitablanca.png","width":360,"height":67,"caption":"VitaBlanca"},"image":{"@id":"https:\/\/vitablanca.ma\/#\/schema\/logo\/image\/"},"sameAs":["https:\/\/www.facebook.com\/profile.php?id=61576678196717","https:\/\/www.tiktok.com\/@vitablanca.ma","https:\/\/www.instagram.com\/vitablanca.ma\/"]}]}},"jetpack_sharing_enabled":true,"_links":{"self":[{"href":"https:\/\/vitablanca.ma\/ar\/wp-json\/wp\/v2\/product\/22089","targetHints":{"allow":["GET"]}}],"collection":[{"href":"https:\/\/vitablanca.ma\/ar\/wp-json\/wp\/v2\/product"}],"about":[{"href":"https:\/\/vitablanca.ma\/ar\/wp-json\/wp\/v2\/types\/product"}],"wp:featuredmedia":[{"embeddable":true,"href":"https:\/\/vitablanca.ma\/ar\/wp-json\/wp\/v2\/media\/22088"}],"wp:attachment":[{"href":"https:\/\/vitablanca.ma\/ar\/wp-json\/wp\/v2\/media?parent=22089"}],"wp:term":[{"taxonomy":"product_brand","embeddable":true,"href":"https:\/\/vitablanca.ma\/ar\/wp-json\/wp\/v2\/product_brand?post=22089"},{"taxonomy":"product_cat","embeddable":true,"href":"https:\/\/vitablanca.ma\/ar\/wp-json\/wp\/v2\/product_cat?post=22089"},{"taxonomy":"product_tag","embeddable":true,"href":"https:\/\/vitablanca.ma\/ar\/wp-json\/wp\/v2\/product_tag?post=22089"}],"curies":[{"name":"wp","href":"https:\/\/api.w.org\/{rel}","templated":true}]}}