{"id":22071,"date":"2025-06-11T21:45:14","date_gmt":"2025-06-11T21:45:14","guid":{"rendered":"https:\/\/vitablanca.ma\/product\/somatoline-cosmetic-homme-abdominaux-top-definition-sport-200ml\/"},"modified":"2026-02-04T23:20:34","modified_gmt":"2026-02-04T23:20:34","slug":"somatoline-cosmetic-homme-abdominaux-top-definition-sport-200ml","status":"publish","type":"product","link":"https:\/\/vitablanca.ma\/ar\/product-2\/somatoline-cosmetic-homme-abdominaux-top-definition-sport-200ml\/","title":{"rendered":"\u0633\u0648\u0645\u0627\u062a\u0648\u0644\u064a\u0646 \u0643\u0648\u0632\u0645\u0627\u062a\u064a\u0643 \u0644\u0644\u0631\u062c\u0627\u0644 - \u0645\u0643\u0645\u0644 \u063a\u0630\u0627\u0626\u064a \u0631\u064a\u0627\u0636\u064a \u0639\u0627\u0644\u064a \u0627\u0644\u062c\u0648\u062f\u0629 - 200 \u0645\u0644"},"content":{"rendered":"<h2 data-mce-fragment=\"1\">Somatoline Cosmetic Homme Abdominaux Top Definition Sport <span data-mce-fragment=\"1\">pour rendre visibles les muscles de la zone abdominale.<\/span><\/h2>\n<p data-mce-fragment=\"1\">Un entretien physique r\u00e9gulier ainsi qu\u2019une bonne alimentation ne sont parfois pas suffisants pour rendre visibles les muscles de la zone abdominale.<br data-mce-fragment=\"1\" \/>De la recherche Somatoline Cosmetic est n\u00e9 le Traitement Abdominaux Top Definition Sport : un\u00a0gel cosm\u00e9tique innovant, sp\u00e9cialement \u00e9tudi\u00e9 pour\u00a0r\u00e9duire les amas graisseux localis\u00e9s\u00a0de l\u2019homme et\u00a0tonifier la zone abdominale, en aidant \u00e0 r\u00e9v\u00e9ler les tissus musculaires sous-jacents. Sa formule gel \u00e0 absorption rapide, enrichie d\u2019un polym\u00e8re r\u00e9sistant \u00e0 l&rsquo;eau et \u00e0 la transpiration, rend son utilisation id\u00e9ale pendant le sport. Les tests cliniques le d\u00e9montrent.<\/p>\n<p data-mce-fragment=\"1\">Il est conseill\u00e9<\/p>\n<ul data-mce-fragment=\"1\">\n<li data-mce-fragment=\"1\">Aux hommes sportifs qui recherchent une aide pour red\u00e9finir leur zone abdominale.<\/li>\n<\/ul>\n<p data-mce-fragment=\"1\">Actions<\/p>\n<ul data-mce-fragment=\"1\">\n<li data-mce-fragment=\"1\">R\u00e9duit les amas graisseux localis\u00e9s recouvrant les tissus musculaires, afin de les rendre visibles.<\/li>\n<li data-mce-fragment=\"1\">Tonifie la peau et la rend plus ferme et plus \u00e9lastique, afin de mieux s&rsquo;adapter aux contours et ainsi red\u00e9finir les tissus musculaires sous-jacents.<\/li>\n<\/ul>\n<p data-mce-fragment=\"1\">\u0627\u0644\u0645\u0643\u0648\u0646\u0627\u062a \u0627\u0644\u0646\u0634\u0637\u0629<\/p>\n<p data-mce-fragment=\"1\">Somatoline Cosmetic Traitement Abdominaux Top Definition Sport contient l\u2019innovant MenDefinitionSport-complex\u2122, un complexe d&rsquo;ingr\u00e9dients actifs d\u2019origine naturelle \u00e0 action amincissante et tonifiante, pour red\u00e9finir la zone abdominale :<\/p>\n<ul data-mce-fragment=\"1\">\n<li data-mce-fragment=\"1\">caf\u00e9ine, carnitine, cr\u00e9atine: favorisent la d\u00e9gradation des triglyc\u00e9rides en acides gras libres (lipolyse) ;<\/li>\n<li data-mce-fragment=\"1\">extraits de gingembre : action raffermissante et tonifiante\u00a0;<\/li>\n<li data-mce-fragment=\"1\">polym\u00e8re \u00e9tanche : r\u00e9sistant \u00e0 l&rsquo;eau et \u00e0 la transpiration.<\/li>\n<\/ul>\n<p data-mce-fragment=\"1\">\u0637\u0631\u064a\u0642\u0629 \u0627\u0644\u0627\u0633\u062a\u062e\u062f\u0627\u0645<\/p>\n<p data-mce-fragment=\"1\">Appliquer une noisette de produit sur les zones trait\u00e9es, 2 fois par jour, en massant avec des mouvements circulaires jusqu&rsquo;\u00e0 absorption compl\u00e8te, de pr\u00e9f\u00e9rence avant le sport. Continuer le traitement pendant 4 semaines cons\u00e9cutives. Une utilisation r\u00e9guli\u00e8re, m\u00eame apr\u00e8s 4 semaines, aide \u00e0 maintenir les r\u00e9sultats obtenus. Ne laisse aucun r\u00e9sidu. Non gras. Permet de s&rsquo;habiller imm\u00e9diatement apr\u00e8s application. Se laver les mains apr\u00e8s l&rsquo;application.<\/p>\n<p data-mce-fragment=\"1\">R\u00e9sultats cliniques<\/p>\n<p data-mce-fragment=\"1\">Un test clinique instrumental a \u00e9t\u00e9 men\u00e9 sur 25 hommes pr\u00e9sentant des graisses localis\u00e9es au niveau de la zone abdominale. Les \u00e9valuations cliniques instrumentales d\u00e9montrent que, gr\u00e2ce \u00e0 une application par massage r\u00e9guli\u00e8re<br data-mce-fragment=\"1\" \/>et continue, Somatoline Cosmetic \u00a0Traitement Abdominaux Top Definition Sport:<\/p>\n<p data-mce-fragment=\"1\">\u2022 r\u00e9duit les amas graisseux localis\u00e9s en 4 semaines* ;<\/p>","protected":false},"excerpt":{"rendered":"<p>Somatoline Cosmetic Homme Abdominaux Top Definition Sport pour rendre visibles les muscles de la zone abdominale. Un entretien physique r\u00e9gulier ainsi qu\u2019une bonne alimentation ne sont parfois pas suffisants pour rendre visibles les muscles de la zone abdominale.De la recherche Somatoline Cosmetic est n\u00e9 le Traitement Abdominaux Top Definition Sport : un\u00a0gel cosm\u00e9tique innovant, sp\u00e9cialement [&hellip;]<\/p>\n","protected":false},"featured_media":22070,"template":"","meta":{"om_disable_all_campaigns":false},"product_brand":[],"product_cat":[15],"product_tag":[8007,7939,7998,7941,7930,7932,8009,8010,8006,8008],"class_list":{"0":"post-22071","1":"product","2":"type-product","3":"status-publish","4":"has-post-thumbnail","6":"product_cat-beaute-sante-complements-alimentaires-soins-et-bien-etre-au-meilleur-prix","7":"product_tag-abdominaux-top-definition","8":"product_tag-minceur-ciblee","9":"product_tag-minceur-masculine","10":"product_tag-peau-ferme-et-lisse","11":"product_tag-reduction-rondeurs","12":"product_tag-silhouette-tonique","13":"product_tag-soin-corps-sport","14":"product_tag-soin-ventre-homme","15":"product_tag-somatoline-cosmetic-homme","16":"product_tag-tonification-abdominaux","18":"first","19":"instock","20":"sale","21":"taxable","22":"shipping-taxable","23":"purchasable","24":"product-type-simple"},"yoast_head":"<!-- This site is optimized with the Yoast SEO plugin v27.4 - https:\/\/yoast.com\/product\/yoast-seo-wordpress\/ -->\n<title>Somatoline Cosmetic Homme Definition Sport 200ml - Maroc Prix<\/title>\n<meta name=\"description\" content=\"Somatoline Cosmetic Homme Abdominaux Top Definition Sport 200\u202fml aide \u00e0 tonifier les abdominaux, r\u00e9duire les rondeurs et am\u00e9liorer la silhouette Somatoline Cosmetic Homme, Abdominaux Top Definition, Minceur masculine, Tonification abdominaux, Soin corps sport, Silhouette tonique, R\u00e9duction rondeurs, Peau ferme et lisse, Minceur cibl\u00e9e, Soin ventre homme\" \/>\n<meta name=\"robots\" content=\"index, follow, max-snippet:-1, max-image-preview:large, max-video-preview:-1\" \/>\n<link rel=\"canonical\" href=\"https:\/\/vitablanca.ma\/ar\/product-2\/somatoline-cosmetic-homme-abdominaux-top-definition-sport-200ml\/\" \/>\n<meta property=\"og:locale\" content=\"ar_AR\" \/>\n<meta property=\"og:type\" content=\"article\" \/>\n<meta property=\"og:title\" content=\"Somatoline Cosmetic Homme Definition Sport 200ml - Maroc Prix\" \/>\n<meta property=\"og:description\" content=\"Somatoline Cosmetic Homme Abdominaux Top Definition Sport 200\u202fml aide \u00e0 tonifier les abdominaux, r\u00e9duire les rondeurs et am\u00e9liorer la silhouette Somatoline Cosmetic Homme, Abdominaux Top Definition, Minceur masculine, Tonification abdominaux, Soin corps sport, Silhouette tonique, R\u00e9duction rondeurs, Peau ferme et lisse, Minceur cibl\u00e9e, Soin ventre homme\" \/>\n<meta property=\"og:url\" content=\"https:\/\/vitablanca.ma\/ar\/product-2\/somatoline-cosmetic-homme-abdominaux-top-definition-sport-200ml\/\" \/>\n<meta property=\"og:site_name\" content=\"Vitablanca.ma &ndash; Sant&eacute;, vitalit&eacute; et bien-&ecirc;tre pour tous les Marocains\" \/>\n<meta property=\"article:publisher\" content=\"https:\/\/www.facebook.com\/profile.php?id=61576678196717\" \/>\n<meta property=\"article:modified_time\" content=\"2026-02-04T23:20:34+00:00\" \/>\n<meta property=\"og:image\" content=\"https:\/\/vitablanca.ma\/wp-content\/uploads\/2025\/06\/Somatoline-Cosmetic-Homme-Abdominaux-Top-Definition-Sport-Nova-para-prix-Maroc.jpg\" \/>\n\t<meta property=\"og:image:width\" content=\"1000\" \/>\n\t<meta property=\"og:image:height\" content=\"1000\" \/>\n\t<meta property=\"og:image:type\" content=\"image\/jpeg\" \/>\n<meta name=\"twitter:card\" content=\"summary_large_image\" \/>\n<meta name=\"twitter:label1\" content=\"\u0648\u0642\u062a \u0627\u0644\u0642\u0631\u0627\u0621\u0629 \u0627\u0644\u0645\u064f\u0642\u062f\u0651\u0631\" \/>\n\t<meta name=\"twitter:data1\" content=\"\u062f\u0642\u064a\u0642\u062a\u0627\u0646\" \/>\n<script type=\"application\/ld+json\" class=\"yoast-schema-graph\">{\"@context\":\"https:\\\/\\\/schema.org\",\"@graph\":[{\"@type\":[\"WebPage\",\"ItemPage\"],\"@id\":\"https:\\\/\\\/vitablanca.ma\\\/produit\\\/somatoline-cosmetic-homme-abdominaux-top-definition-sport-200ml\\\/\",\"url\":\"https:\\\/\\\/vitablanca.ma\\\/produit\\\/somatoline-cosmetic-homme-abdominaux-top-definition-sport-200ml\\\/\",\"name\":\"Somatoline Cosmetic Homme Definition Sport 200ml - Maroc Prix\",\"isPartOf\":{\"@id\":\"https:\\\/\\\/vitablanca.ma\\\/#website\"},\"primaryImageOfPage\":{\"@id\":\"https:\\\/\\\/vitablanca.ma\\\/produit\\\/somatoline-cosmetic-homme-abdominaux-top-definition-sport-200ml\\\/#primaryimage\"},\"image\":{\"@id\":\"https:\\\/\\\/vitablanca.ma\\\/produit\\\/somatoline-cosmetic-homme-abdominaux-top-definition-sport-200ml\\\/#primaryimage\"},\"thumbnailUrl\":\"https:\\\/\\\/vitablanca.ma\\\/wp-content\\\/uploads\\\/2025\\\/06\\\/Somatoline-Cosmetic-Homme-Abdominaux-Top-Definition-Sport-Nova-para-prix-Maroc.jpg\",\"datePublished\":\"2025-06-11T21:45:14+00:00\",\"dateModified\":\"2026-02-04T23:20:34+00:00\",\"description\":\"Somatoline Cosmetic Homme Abdominaux Top Definition Sport 200\u202fml aide \u00e0 tonifier les abdominaux, r\u00e9duire les rondeurs et am\u00e9liorer la silhouette Somatoline Cosmetic Homme, Abdominaux Top Definition, Minceur masculine, Tonification abdominaux, Soin corps sport, Silhouette tonique, R\u00e9duction rondeurs, Peau ferme et lisse, Minceur cibl\u00e9e, Soin ventre homme\",\"breadcrumb\":{\"@id\":\"https:\\\/\\\/vitablanca.ma\\\/produit\\\/somatoline-cosmetic-homme-abdominaux-top-definition-sport-200ml\\\/#breadcrumb\"},\"inLanguage\":\"ar\",\"potentialAction\":[{\"@type\":\"ReadAction\",\"target\":[\"https:\\\/\\\/vitablanca.ma\\\/produit\\\/somatoline-cosmetic-homme-abdominaux-top-definition-sport-200ml\\\/\"]}]},{\"@type\":\"ImageObject\",\"inLanguage\":\"ar\",\"@id\":\"https:\\\/\\\/vitablanca.ma\\\/produit\\\/somatoline-cosmetic-homme-abdominaux-top-definition-sport-200ml\\\/#primaryimage\",\"url\":\"https:\\\/\\\/vitablanca.ma\\\/wp-content\\\/uploads\\\/2025\\\/06\\\/Somatoline-Cosmetic-Homme-Abdominaux-Top-Definition-Sport-Nova-para-prix-Maroc.jpg\",\"contentUrl\":\"https:\\\/\\\/vitablanca.ma\\\/wp-content\\\/uploads\\\/2025\\\/06\\\/Somatoline-Cosmetic-Homme-Abdominaux-Top-Definition-Sport-Nova-para-prix-Maroc.jpg\",\"width\":1000,\"height\":1000},{\"@type\":\"BreadcrumbList\",\"@id\":\"https:\\\/\\\/vitablanca.ma\\\/produit\\\/somatoline-cosmetic-homme-abdominaux-top-definition-sport-200ml\\\/#breadcrumb\",\"itemListElement\":[{\"@type\":\"ListItem\",\"position\":1,\"name\":\"Home\",\"item\":\"https:\\\/\\\/vitablanca.ma\\\/\"},{\"@type\":\"ListItem\",\"position\":2,\"name\":\"Tous Les Produits\",\"item\":\"https:\\\/\\\/vitablanca.ma\\\/tous-les-produits\\\/\"},{\"@type\":\"ListItem\",\"position\":3,\"name\":\"Somatoline Cosmetic Homme Abdominaux Top Definition Sport 200ml\"}]},{\"@type\":\"WebSite\",\"@id\":\"https:\\\/\\\/vitablanca.ma\\\/#website\",\"url\":\"https:\\\/\\\/vitablanca.ma\\\/\",\"name\":\"VitaBlanca.ma | Compl\u00e9ments alimentaires, sant\u00e9 & beaut\u00e9 au Maroc\",\"description\":\"vendre vitamines et compl\u00e9ments premium des USA &amp; Canada, Nouvelle Z\u00e9lande,Maroc (NOW Foods, Solgar, Manuka). Livraison rapide partout au Maroc.\",\"publisher\":{\"@id\":\"https:\\\/\\\/vitablanca.ma\\\/#organization\"},\"alternateName\":\"VitaBlanca.ma\",\"potentialAction\":[{\"@type\":\"SearchAction\",\"target\":{\"@type\":\"EntryPoint\",\"urlTemplate\":\"https:\\\/\\\/vitablanca.ma\\\/?s={search_term_string}\"},\"query-input\":{\"@type\":\"PropertyValueSpecification\",\"valueRequired\":true,\"valueName\":\"search_term_string\"}}],\"inLanguage\":\"ar\"},{\"@type\":\"Organization\",\"@id\":\"https:\\\/\\\/vitablanca.ma\\\/#organization\",\"name\":\"VitaBlanca\",\"url\":\"https:\\\/\\\/vitablanca.ma\\\/\",\"logo\":{\"@type\":\"ImageObject\",\"inLanguage\":\"ar\",\"@id\":\"https:\\\/\\\/vitablanca.ma\\\/#\\\/schema\\\/logo\\\/image\\\/\",\"url\":\"https:\\\/\\\/vitablanca.ma\\\/wp-content\\\/uploads\\\/2025\\\/05\\\/cropped-vitablanca.png\",\"contentUrl\":\"https:\\\/\\\/vitablanca.ma\\\/wp-content\\\/uploads\\\/2025\\\/05\\\/cropped-vitablanca.png\",\"width\":360,\"height\":67,\"caption\":\"VitaBlanca\"},\"image\":{\"@id\":\"https:\\\/\\\/vitablanca.ma\\\/#\\\/schema\\\/logo\\\/image\\\/\"},\"sameAs\":[\"https:\\\/\\\/www.facebook.com\\\/profile.php?id=61576678196717\",\"https:\\\/\\\/www.tiktok.com\\\/@vitablanca.ma\",\"https:\\\/\\\/www.instagram.com\\\/vitablanca.ma\\\/\"]}]}<\/script>\n<!-- \/ Yoast SEO plugin. -->","yoast_head_json":{"title":"Somatoline Cosmetic Homme Definition Sport 200ml - Maroc Prix","description":"Somatoline Cosmetic Homme Abdominaux Top Definition Sport 200\u202fml aide \u00e0 tonifier les abdominaux, r\u00e9duire les rondeurs et am\u00e9liorer la silhouette Somatoline Cosmetic Homme, Abdominaux Top Definition, Minceur masculine, Tonification abdominaux, Soin corps sport, Silhouette tonique, R\u00e9duction rondeurs, Peau ferme et lisse, Minceur cibl\u00e9e, Soin ventre homme","robots":{"index":"index","follow":"follow","max-snippet":"max-snippet:-1","max-image-preview":"max-image-preview:large","max-video-preview":"max-video-preview:-1"},"canonical":"https:\/\/vitablanca.ma\/ar\/product-2\/somatoline-cosmetic-homme-abdominaux-top-definition-sport-200ml\/","og_locale":"ar_AR","og_type":"article","og_title":"Somatoline Cosmetic Homme Definition Sport 200ml - Maroc Prix","og_description":"Somatoline Cosmetic Homme Abdominaux Top Definition Sport 200\u202fml aide \u00e0 tonifier les abdominaux, r\u00e9duire les rondeurs et am\u00e9liorer la silhouette Somatoline Cosmetic Homme, Abdominaux Top Definition, Minceur masculine, Tonification abdominaux, Soin corps sport, Silhouette tonique, R\u00e9duction rondeurs, Peau ferme et lisse, Minceur cibl\u00e9e, Soin ventre homme","og_url":"https:\/\/vitablanca.ma\/ar\/product-2\/somatoline-cosmetic-homme-abdominaux-top-definition-sport-200ml\/","og_site_name":"Vitablanca.ma &ndash; Sant&eacute;, vitalit&eacute; et bien-&ecirc;tre pour tous les Marocains","article_publisher":"https:\/\/www.facebook.com\/profile.php?id=61576678196717","article_modified_time":"2026-02-04T23:20:34+00:00","og_image":[{"width":1000,"height":1000,"url":"https:\/\/vitablanca.ma\/wp-content\/uploads\/2025\/06\/Somatoline-Cosmetic-Homme-Abdominaux-Top-Definition-Sport-Nova-para-prix-Maroc.jpg","type":"image\/jpeg"}],"twitter_card":"summary_large_image","twitter_misc":{"\u0648\u0642\u062a \u0627\u0644\u0642\u0631\u0627\u0621\u0629 \u0627\u0644\u0645\u064f\u0642\u062f\u0651\u0631":"\u062f\u0642\u064a\u0642\u062a\u0627\u0646"},"schema":{"@context":"https:\/\/schema.org","@graph":[{"@type":["WebPage","ItemPage"],"@id":"https:\/\/vitablanca.ma\/produit\/somatoline-cosmetic-homme-abdominaux-top-definition-sport-200ml\/","url":"https:\/\/vitablanca.ma\/produit\/somatoline-cosmetic-homme-abdominaux-top-definition-sport-200ml\/","name":"Somatoline Cosmetic Homme Definition Sport 200ml - Maroc Prix","isPartOf":{"@id":"https:\/\/vitablanca.ma\/#website"},"primaryImageOfPage":{"@id":"https:\/\/vitablanca.ma\/produit\/somatoline-cosmetic-homme-abdominaux-top-definition-sport-200ml\/#primaryimage"},"image":{"@id":"https:\/\/vitablanca.ma\/produit\/somatoline-cosmetic-homme-abdominaux-top-definition-sport-200ml\/#primaryimage"},"thumbnailUrl":"https:\/\/vitablanca.ma\/wp-content\/uploads\/2025\/06\/Somatoline-Cosmetic-Homme-Abdominaux-Top-Definition-Sport-Nova-para-prix-Maroc.jpg","datePublished":"2025-06-11T21:45:14+00:00","dateModified":"2026-02-04T23:20:34+00:00","description":"Somatoline Cosmetic Homme Abdominaux Top Definition Sport 200\u202fml aide \u00e0 tonifier les abdominaux, r\u00e9duire les rondeurs et am\u00e9liorer la silhouette Somatoline Cosmetic Homme, Abdominaux Top Definition, Minceur masculine, Tonification abdominaux, Soin corps sport, Silhouette tonique, R\u00e9duction rondeurs, Peau ferme et lisse, Minceur cibl\u00e9e, Soin ventre homme","breadcrumb":{"@id":"https:\/\/vitablanca.ma\/produit\/somatoline-cosmetic-homme-abdominaux-top-definition-sport-200ml\/#breadcrumb"},"inLanguage":"ar","potentialAction":[{"@type":"ReadAction","target":["https:\/\/vitablanca.ma\/produit\/somatoline-cosmetic-homme-abdominaux-top-definition-sport-200ml\/"]}]},{"@type":"ImageObject","inLanguage":"ar","@id":"https:\/\/vitablanca.ma\/produit\/somatoline-cosmetic-homme-abdominaux-top-definition-sport-200ml\/#primaryimage","url":"https:\/\/vitablanca.ma\/wp-content\/uploads\/2025\/06\/Somatoline-Cosmetic-Homme-Abdominaux-Top-Definition-Sport-Nova-para-prix-Maroc.jpg","contentUrl":"https:\/\/vitablanca.ma\/wp-content\/uploads\/2025\/06\/Somatoline-Cosmetic-Homme-Abdominaux-Top-Definition-Sport-Nova-para-prix-Maroc.jpg","width":1000,"height":1000},{"@type":"BreadcrumbList","@id":"https:\/\/vitablanca.ma\/produit\/somatoline-cosmetic-homme-abdominaux-top-definition-sport-200ml\/#breadcrumb","itemListElement":[{"@type":"ListItem","position":1,"name":"Home","item":"https:\/\/vitablanca.ma\/"},{"@type":"ListItem","position":2,"name":"Tous Les Produits","item":"https:\/\/vitablanca.ma\/tous-les-produits\/"},{"@type":"ListItem","position":3,"name":"Somatoline Cosmetic Homme Abdominaux Top Definition Sport 200ml"}]},{"@type":"WebSite","@id":"https:\/\/vitablanca.ma\/#website","url":"https:\/\/vitablanca.ma\/","name":"VitaBlanca.ma | \u0627\u0644\u0645\u0643\u0645\u0644\u0627\u062a \u0627\u0644\u063a\u0630\u0627\u0626\u064a\u0629\u060c \u0627\u0644\u0635\u062d\u0629 \u0648\u0627\u0644\u062c\u0645\u0627\u0644 \u0641\u064a \u0627\u0644\u0645\u063a\u0631\u0628","description":"\u0646\u0628\u064a\u0639 \u0641\u064a\u062a\u0627\u0645\u064a\u0646\u0627\u062a \u0648\u0645\u0643\u0645\u0644\u0627\u062a \u063a\u0630\u0627\u0626\u064a\u0629 \u0641\u0627\u062e\u0631\u0629 \u0645\u0646 \u0627\u0644\u0648\u0644\u0627\u064a\u0627\u062a \u0627\u0644\u0645\u062a\u062d\u062f\u0629 \u0627\u0644\u0623\u0645\u0631\u064a\u0643\u064a\u0629 \u0648\u0643\u0646\u062f\u0627 \u0648\u0646\u064a\u0648\u0632\u064a\u0644\u0646\u062f\u0627 \u0648\u0627\u0644\u0645\u063a\u0631\u0628 (\u0646\u0627\u0648 \u0641\u0648\u062f\u0632\u060c \u0633\u0648\u0644\u062c\u0627\u0631\u060c \u0645\u0627\u0646\u0648\u0643\u0627). \u062a\u0648\u0635\u064a\u0644 \u0633\u0631\u064a\u0639 \u0625\u0644\u0649 \u062c\u0645\u064a\u0639 \u0623\u0646\u062d\u0627\u0621 \u0627\u0644\u0645\u063a\u0631\u0628.","publisher":{"@id":"https:\/\/vitablanca.ma\/#organization"},"alternateName":"VitaBlanca.ma","potentialAction":[{"@type":"SearchAction","target":{"@type":"EntryPoint","urlTemplate":"https:\/\/vitablanca.ma\/?s={search_term_string}"},"query-input":{"@type":"PropertyValueSpecification","valueRequired":true,"valueName":"search_term_string"}}],"inLanguage":"ar"},{"@type":"Organization","@id":"https:\/\/vitablanca.ma\/#organization","name":"\u0641\u064a\u062a\u0627\u0628\u0644\u0627\u0646\u0643\u0627","url":"https:\/\/vitablanca.ma\/","logo":{"@type":"ImageObject","inLanguage":"ar","@id":"https:\/\/vitablanca.ma\/#\/schema\/logo\/image\/","url":"https:\/\/vitablanca.ma\/wp-content\/uploads\/2025\/05\/cropped-vitablanca.png","contentUrl":"https:\/\/vitablanca.ma\/wp-content\/uploads\/2025\/05\/cropped-vitablanca.png","width":360,"height":67,"caption":"VitaBlanca"},"image":{"@id":"https:\/\/vitablanca.ma\/#\/schema\/logo\/image\/"},"sameAs":["https:\/\/www.facebook.com\/profile.php?id=61576678196717","https:\/\/www.tiktok.com\/@vitablanca.ma","https:\/\/www.instagram.com\/vitablanca.ma\/"]}]}},"jetpack_sharing_enabled":true,"_links":{"self":[{"href":"https:\/\/vitablanca.ma\/ar\/wp-json\/wp\/v2\/product\/22071","targetHints":{"allow":["GET"]}}],"collection":[{"href":"https:\/\/vitablanca.ma\/ar\/wp-json\/wp\/v2\/product"}],"about":[{"href":"https:\/\/vitablanca.ma\/ar\/wp-json\/wp\/v2\/types\/product"}],"wp:featuredmedia":[{"embeddable":true,"href":"https:\/\/vitablanca.ma\/ar\/wp-json\/wp\/v2\/media\/22070"}],"wp:attachment":[{"href":"https:\/\/vitablanca.ma\/ar\/wp-json\/wp\/v2\/media?parent=22071"}],"wp:term":[{"taxonomy":"product_brand","embeddable":true,"href":"https:\/\/vitablanca.ma\/ar\/wp-json\/wp\/v2\/product_brand?post=22071"},{"taxonomy":"product_cat","embeddable":true,"href":"https:\/\/vitablanca.ma\/ar\/wp-json\/wp\/v2\/product_cat?post=22071"},{"taxonomy":"product_tag","embeddable":true,"href":"https:\/\/vitablanca.ma\/ar\/wp-json\/wp\/v2\/product_tag?post=22071"}],"curies":[{"name":"wp","href":"https:\/\/api.w.org\/{rel}","templated":true}]}}