{"id":22067,"date":"2025-06-11T21:45:09","date_gmt":"2025-06-11T21:45:09","guid":{"rendered":"https:\/\/vitablanca.ma\/product\/sensodyne-dentifrice-rapide-extra-fresh-75ml\/"},"modified":"2026-02-04T23:25:10","modified_gmt":"2026-02-04T23:25:10","slug":"sensodyne-dentifrice-rapide-extra-fresh-75ml","status":"publish","type":"product","link":"https:\/\/vitablanca.ma\/ar\/product-2\/sensodyne-dentifrice-rapide-extra-fresh-75ml\/","title":{"rendered":"\u0645\u0639\u062c\u0648\u0646 \u0623\u0633\u0646\u0627\u0646 \u0633\u0646\u0633\u0648\u062f\u0627\u064a\u0646 \u0625\u0643\u0633\u062a\u0631\u0627 \u0641\u0631\u064a\u0634 \u0631\u0627\u0628\u064a\u062f 75 \u0645\u0644"},"content":{"rendered":"<h2>\u0645\u0639\u062c\u0648\u0646 \u0623\u0633\u0646\u0627\u0646 \u0633\u0646\u0633\u0648\u062f\u0627\u064a\u0646 \u0625\u0643\u0633\u062a\u0631\u0627 \u0641\u0631\u064a\u0634 \u0631\u0627\u0628\u064a\u062f <span data-mce-fragment=\"1\">\u064a\u0648\u0641\u0631 \u0631\u0627\u062d\u0629 \u0633\u0631\u064a\u0639\u0629 \u0648\u062d\u0645\u0627\u064a\u0629 \u0645\u0639\u0632\u0632\u0629 \u0645\u0639 \u0643\u0644 \u062a\u0646\u0638\u064a\u0641 \u0628\u0627\u0644\u0641\u0631\u0634\u0627\u0629.<\/span><\/h2>\n<div>\u0645\u0639\u062c\u0648\u0646 \u0623\u0633\u0646\u0627\u0646 \u0633\u0646\u0633\u0648\u062f\u0627\u064a\u0646 \u0641\u0627\u0633\u062a \u0623\u0643\u0634\u0646 \u0625\u0643\u0633\u062a\u0631\u0627 \u0641\u0631\u064a\u0634 \u064a\u064f\u062e\u0641\u0641 \u062d\u0633\u0627\u0633\u064a\u0629 \u0627\u0644\u0623\u0633\u0646\u0627\u0646 \u0628\u0634\u0643\u0644 \u0645\u062b\u0628\u062a \u0633\u0631\u064a\u0631\u064a\u064b\u0627 \u0641\u064a 60 \u062b\u0627\u0646\u064a\u0629 \u0641\u0642\u0637*\u060c \u0648\u064a\u062a\u0631\u0643 \u0641\u0645\u0643 \u0645\u0646\u062a\u0639\u0634\u064b\u0627 \u0648\u0646\u0638\u064a\u0641\u064b\u0627. \u062a\u0631\u0643\u064a\u0628\u062a\u0647 \u0627\u0644\u0641\u0631\u064a\u062f\u0629 \u062a\u0639\u0645\u0644 \u0628\u0633\u0631\u0639\u0629 \u0648\u062a\u064f\u0634\u0643\u0651\u0644 \u062d\u0627\u062c\u0632\u064b\u0627 \u0648\u0627\u0642\u064a\u064b\u0627 \u062d\u0648\u0644 \u0627\u0644\u0645\u0646\u0627\u0637\u0642 \u0627\u0644\u062d\u0633\u0627\u0633\u0629 \u0645\u0646 \u0623\u0633\u0646\u0627\u0646\u0643. \u064a\u064f\u0648\u0641\u0631 \u0631\u0627\u062d\u0629 \u0633\u0631\u064a\u0639\u0629 \u0648\u062d\u0645\u0627\u064a\u0629 \u0645\u064f\u0639\u0632\u0632\u0629 \u0645\u0639 \u0643\u0644 \u0641\u0631\u0634\u0627\u0629.<br role=\"presentation\" data-uw-rm-sr=\"\" \/><br role=\"presentation\" data-uw-rm-sr=\"\" \/>\u0644\u0644\u062d\u0635\u0648\u0644 \u0639\u0644\u0649 \u0631\u0627\u062d\u0629 \u0633\u0631\u064a\u0639\u0629 \u0648\u062d\u0645\u0627\u064a\u0629 \u0637\u0648\u064a\u0644\u0629 \u0627\u0644\u0623\u0645\u062f \u0645\u0639 \u0627\u0644\u0634\u0639\u0648\u0631 \u0628\u0627\u0646\u062a\u0639\u0627\u0634 \u0627\u0644\u0641\u0645\u060c \u0627\u0643\u062a\u0634\u0641 \u0645\u0639\u062c\u0648\u0646 \u0627\u0644\u0623\u0633\u0646\u0627\u0646 \u0627\u0644\u062c\u062f\u064a\u062f Sensodyne Rapid Action Extra Fresh.<\/div>\n<div>\n<ul>\n<li>\u062d\u0645\u0627\u064a\u0629 \u0637\u0648\u064a\u0644\u0629 \u0627\u0644\u0623\u0645\u062f \u0636\u062f \u062d\u0633\u0627\u0633\u064a\u0629 \u0627\u0644\u0623\u0633\u0646\u0627\u0646<\/li>\n<li>\u0627\u0644\u0634\u0639\u0648\u0631 \u0628\u0627\u0644\u0627\u0646\u062a\u0639\u0627\u0634 \u0648\u0627\u0644\u0646\u0638\u0627\u0641\u0629 \u0641\u064a \u0627\u0644\u0641\u0645<\/li>\n<li>\u0637\u0639\u0645 \u0637\u0627\u0632\u062c<\/li>\n<li>\u062d\u0645\u0627\u064a\u0629 \u0627\u0644\u062a\u062c\u0648\u064a\u0641<\/li>\n<li>\u0627\u0644\u062a\u062e\u0644\u0635 \u0645\u0646 \u062d\u0633\u0627\u0633\u064a\u0629 \u0627\u0644\u0623\u0633\u0646\u0627\u0646 \u0641\u064a 60 \u062b\u0627\u0646\u064a\u0629 \u0641\u0642\u0637*<\/li>\n<\/ul>\n<\/div>","protected":false},"excerpt":{"rendered":"<p>Sensodyne Dentifrice Rapide Extra Fresh procure un soulagement rapide et une protection renforc\u00e9e \u00e0 chaque brossage. Le dentifrice Sensodyne Rapide Action Extra Fresh procure un soulagement cliniquement prouv\u00e9 de la sensibilit\u00e9 dentaire en seulement 60 secondes* et laisse \u00e0 votre bouche une sensation de fra\u00eecheur et propret\u00e9. Sa formule unique agit rapidement en formant une [&hellip;]<\/p>\n","protected":false},"featured_media":22064,"template":"","meta":{"om_disable_all_campaigns":false},"product_brand":[],"product_cat":[15],"product_tag":[8024,8023,8021,7650,8022,6254,6179,7657,8020,8005],"class_list":{"0":"post-22067","1":"product","2":"type-product","3":"status-publish","4":"has-post-thumbnail","6":"product_cat-beaute-sante-complements-alimentaires-soins-et-bien-etre-au-meilleur-prix","7":"product_tag-bouche-saine","8":"product_tag-dentifrice-75-ml","9":"product_tag-dentifrice-extra-fresh","10":"product_tag-dents-sensibles","11":"product_tag-fraicheur-immediate","12":"product_tag-hygiene-bucco-dentaire","13":"product_tag-hygiene-quotidienne","14":"product_tag-protection-email","15":"product_tag-sensodyne-dentifrice","16":"product_tag-soin-dents-sensibles","18":"first","19":"instock","20":"sale","21":"taxable","22":"shipping-taxable","23":"purchasable","24":"product-type-simple"},"yoast_head":"<!-- This site is optimized with the Yoast SEO plugin v27.4 - https:\/\/yoast.com\/product\/yoast-seo-wordpress\/ -->\n<title>Sensodyne Dentifrice Rapide Extra Fresh 75ml - Maroc Prix<\/title>\n<meta name=\"description\" content=\"Sensodyne Dentifrice Rapide Extra Fresh 75\u202fml offre une fra\u00eecheur imm\u00e9diate, prot\u00e8ge l\u2019\u00e9mail et prend soin des dents sensibles pour une bouche saine\" \/>\n<meta name=\"robots\" content=\"index, follow, max-snippet:-1, max-image-preview:large, max-video-preview:-1\" \/>\n<link rel=\"canonical\" href=\"https:\/\/vitablanca.ma\/ar\/product-2\/sensodyne-dentifrice-rapide-extra-fresh-75ml\/\" \/>\n<meta property=\"og:locale\" content=\"ar_AR\" \/>\n<meta property=\"og:type\" content=\"article\" \/>\n<meta property=\"og:title\" content=\"Sensodyne Dentifrice Rapide Extra Fresh 75ml - Maroc Prix\" \/>\n<meta property=\"og:description\" content=\"Sensodyne Dentifrice Rapide Extra Fresh 75\u202fml offre une fra\u00eecheur imm\u00e9diate, prot\u00e8ge l\u2019\u00e9mail et prend soin des dents sensibles pour une bouche saine\" \/>\n<meta property=\"og:url\" content=\"https:\/\/vitablanca.ma\/ar\/product-2\/sensodyne-dentifrice-rapide-extra-fresh-75ml\/\" \/>\n<meta property=\"og:site_name\" content=\"Vitablanca.ma &ndash; Sant&eacute;, vitalit&eacute; et bien-&ecirc;tre pour tous les Marocains\" \/>\n<meta property=\"article:publisher\" content=\"https:\/\/www.facebook.com\/profile.php?id=61576678196717\" \/>\n<meta property=\"article:modified_time\" content=\"2026-02-04T23:25:10+00:00\" \/>\n<meta property=\"og:image\" content=\"https:\/\/vitablanca.ma\/wp-content\/uploads\/2025\/06\/Sensodyne-Dent-Rapide-Extra-Fresh-75ml-nova-parapharmacie-casablanca.jpg\" \/>\n\t<meta property=\"og:image:width\" content=\"1000\" \/>\n\t<meta property=\"og:image:height\" content=\"1000\" \/>\n\t<meta property=\"og:image:type\" content=\"image\/jpeg\" \/>\n<meta name=\"twitter:card\" content=\"summary_large_image\" \/>\n<meta name=\"twitter:label1\" content=\"\u0648\u0642\u062a \u0627\u0644\u0642\u0631\u0627\u0621\u0629 \u0627\u0644\u0645\u064f\u0642\u062f\u0651\u0631\" \/>\n\t<meta name=\"twitter:data1\" content=\"\u062f\u0642\u064a\u0642\u0629 \u0648\u0627\u062d\u062f\u0629\" \/>\n<script type=\"application\/ld+json\" class=\"yoast-schema-graph\">{\"@context\":\"https:\\\/\\\/schema.org\",\"@graph\":[{\"@type\":[\"WebPage\",\"ItemPage\"],\"@id\":\"https:\\\/\\\/vitablanca.ma\\\/produit\\\/sensodyne-dentifrice-rapide-extra-fresh-75ml\\\/\",\"url\":\"https:\\\/\\\/vitablanca.ma\\\/produit\\\/sensodyne-dentifrice-rapide-extra-fresh-75ml\\\/\",\"name\":\"Sensodyne Dentifrice Rapide Extra Fresh 75ml - Maroc Prix\",\"isPartOf\":{\"@id\":\"https:\\\/\\\/vitablanca.ma\\\/#website\"},\"primaryImageOfPage\":{\"@id\":\"https:\\\/\\\/vitablanca.ma\\\/produit\\\/sensodyne-dentifrice-rapide-extra-fresh-75ml\\\/#primaryimage\"},\"image\":{\"@id\":\"https:\\\/\\\/vitablanca.ma\\\/produit\\\/sensodyne-dentifrice-rapide-extra-fresh-75ml\\\/#primaryimage\"},\"thumbnailUrl\":\"https:\\\/\\\/vitablanca.ma\\\/wp-content\\\/uploads\\\/2025\\\/06\\\/Sensodyne-Dent-Rapide-Extra-Fresh-75ml-nova-parapharmacie-casablanca.jpg\",\"datePublished\":\"2025-06-11T21:45:09+00:00\",\"dateModified\":\"2026-02-04T23:25:10+00:00\",\"description\":\"Sensodyne Dentifrice Rapide Extra Fresh 75\u202fml offre une fra\u00eecheur imm\u00e9diate, prot\u00e8ge l\u2019\u00e9mail et prend soin des dents sensibles pour une bouche saine\",\"breadcrumb\":{\"@id\":\"https:\\\/\\\/vitablanca.ma\\\/produit\\\/sensodyne-dentifrice-rapide-extra-fresh-75ml\\\/#breadcrumb\"},\"inLanguage\":\"ar\",\"potentialAction\":[{\"@type\":\"ReadAction\",\"target\":[\"https:\\\/\\\/vitablanca.ma\\\/produit\\\/sensodyne-dentifrice-rapide-extra-fresh-75ml\\\/\"]}]},{\"@type\":\"ImageObject\",\"inLanguage\":\"ar\",\"@id\":\"https:\\\/\\\/vitablanca.ma\\\/produit\\\/sensodyne-dentifrice-rapide-extra-fresh-75ml\\\/#primaryimage\",\"url\":\"https:\\\/\\\/vitablanca.ma\\\/wp-content\\\/uploads\\\/2025\\\/06\\\/Sensodyne-Dent-Rapide-Extra-Fresh-75ml-nova-parapharmacie-casablanca.jpg\",\"contentUrl\":\"https:\\\/\\\/vitablanca.ma\\\/wp-content\\\/uploads\\\/2025\\\/06\\\/Sensodyne-Dent-Rapide-Extra-Fresh-75ml-nova-parapharmacie-casablanca.jpg\",\"width\":1000,\"height\":1000},{\"@type\":\"BreadcrumbList\",\"@id\":\"https:\\\/\\\/vitablanca.ma\\\/produit\\\/sensodyne-dentifrice-rapide-extra-fresh-75ml\\\/#breadcrumb\",\"itemListElement\":[{\"@type\":\"ListItem\",\"position\":1,\"name\":\"Home\",\"item\":\"https:\\\/\\\/vitablanca.ma\\\/\"},{\"@type\":\"ListItem\",\"position\":2,\"name\":\"Tous Les Produits\",\"item\":\"https:\\\/\\\/vitablanca.ma\\\/tous-les-produits\\\/\"},{\"@type\":\"ListItem\",\"position\":3,\"name\":\"Sensodyne Dentifrice Rapide Extra Fresh 75ml\"}]},{\"@type\":\"WebSite\",\"@id\":\"https:\\\/\\\/vitablanca.ma\\\/#website\",\"url\":\"https:\\\/\\\/vitablanca.ma\\\/\",\"name\":\"VitaBlanca.ma | Compl\u00e9ments alimentaires, sant\u00e9 & beaut\u00e9 au Maroc\",\"description\":\"vendre vitamines et compl\u00e9ments premium des USA &amp; Canada, Nouvelle Z\u00e9lande,Maroc (NOW Foods, Solgar, Manuka). Livraison rapide partout au Maroc.\",\"publisher\":{\"@id\":\"https:\\\/\\\/vitablanca.ma\\\/#organization\"},\"alternateName\":\"VitaBlanca.ma\",\"potentialAction\":[{\"@type\":\"SearchAction\",\"target\":{\"@type\":\"EntryPoint\",\"urlTemplate\":\"https:\\\/\\\/vitablanca.ma\\\/?s={search_term_string}\"},\"query-input\":{\"@type\":\"PropertyValueSpecification\",\"valueRequired\":true,\"valueName\":\"search_term_string\"}}],\"inLanguage\":\"ar\"},{\"@type\":\"Organization\",\"@id\":\"https:\\\/\\\/vitablanca.ma\\\/#organization\",\"name\":\"VitaBlanca\",\"url\":\"https:\\\/\\\/vitablanca.ma\\\/\",\"logo\":{\"@type\":\"ImageObject\",\"inLanguage\":\"ar\",\"@id\":\"https:\\\/\\\/vitablanca.ma\\\/#\\\/schema\\\/logo\\\/image\\\/\",\"url\":\"https:\\\/\\\/vitablanca.ma\\\/wp-content\\\/uploads\\\/2025\\\/05\\\/cropped-vitablanca.png\",\"contentUrl\":\"https:\\\/\\\/vitablanca.ma\\\/wp-content\\\/uploads\\\/2025\\\/05\\\/cropped-vitablanca.png\",\"width\":360,\"height\":67,\"caption\":\"VitaBlanca\"},\"image\":{\"@id\":\"https:\\\/\\\/vitablanca.ma\\\/#\\\/schema\\\/logo\\\/image\\\/\"},\"sameAs\":[\"https:\\\/\\\/www.facebook.com\\\/profile.php?id=61576678196717\",\"https:\\\/\\\/www.tiktok.com\\\/@vitablanca.ma\",\"https:\\\/\\\/www.instagram.com\\\/vitablanca.ma\\\/\"]}]}<\/script>\n<!-- \/ Yoast SEO plugin. -->","yoast_head_json":{"title":"\u0645\u0639\u062c\u0648\u0646 \u0623\u0633\u0646\u0627\u0646 \u0633\u0646\u0633\u0648\u062f\u0627\u064a\u0646 \u0625\u0643\u0633\u062a\u0631\u0627 \u0641\u0631\u064a\u0634 \u0631\u0627\u0628\u064a\u062f \u0667\u0665 \u0645\u0644 - \u0633\u0639\u0631 \u0627\u0644\u0645\u063a\u0631\u0628","description":"Sensodyne Dentifrice Rapide Extra Fresh 75\u202fml offre une fra\u00eecheur imm\u00e9diate, prot\u00e8ge l\u2019\u00e9mail et prend soin des dents sensibles pour une bouche saine","robots":{"index":"index","follow":"follow","max-snippet":"max-snippet:-1","max-image-preview":"max-image-preview:large","max-video-preview":"max-video-preview:-1"},"canonical":"https:\/\/vitablanca.ma\/ar\/product-2\/sensodyne-dentifrice-rapide-extra-fresh-75ml\/","og_locale":"ar_AR","og_type":"article","og_title":"Sensodyne Dentifrice Rapide Extra Fresh 75ml - Maroc Prix","og_description":"Sensodyne Dentifrice Rapide Extra Fresh 75\u202fml offre une fra\u00eecheur imm\u00e9diate, prot\u00e8ge l\u2019\u00e9mail et prend soin des dents sensibles pour une bouche saine","og_url":"https:\/\/vitablanca.ma\/ar\/product-2\/sensodyne-dentifrice-rapide-extra-fresh-75ml\/","og_site_name":"Vitablanca.ma &ndash; Sant&eacute;, vitalit&eacute; et bien-&ecirc;tre pour tous les Marocains","article_publisher":"https:\/\/www.facebook.com\/profile.php?id=61576678196717","article_modified_time":"2026-02-04T23:25:10+00:00","og_image":[{"width":1000,"height":1000,"url":"https:\/\/vitablanca.ma\/wp-content\/uploads\/2025\/06\/Sensodyne-Dent-Rapide-Extra-Fresh-75ml-nova-parapharmacie-casablanca.jpg","type":"image\/jpeg"}],"twitter_card":"summary_large_image","twitter_misc":{"\u0648\u0642\u062a \u0627\u0644\u0642\u0631\u0627\u0621\u0629 \u0627\u0644\u0645\u064f\u0642\u062f\u0651\u0631":"\u062f\u0642\u064a\u0642\u0629 \u0648\u0627\u062d\u062f\u0629"},"schema":{"@context":"https:\/\/schema.org","@graph":[{"@type":["WebPage","ItemPage"],"@id":"https:\/\/vitablanca.ma\/produit\/sensodyne-dentifrice-rapide-extra-fresh-75ml\/","url":"https:\/\/vitablanca.ma\/produit\/sensodyne-dentifrice-rapide-extra-fresh-75ml\/","name":"\u0645\u0639\u062c\u0648\u0646 \u0623\u0633\u0646\u0627\u0646 \u0633\u0646\u0633\u0648\u062f\u0627\u064a\u0646 \u0625\u0643\u0633\u062a\u0631\u0627 \u0641\u0631\u064a\u0634 \u0631\u0627\u0628\u064a\u062f \u0667\u0665 \u0645\u0644 - \u0633\u0639\u0631 \u0627\u0644\u0645\u063a\u0631\u0628","isPartOf":{"@id":"https:\/\/vitablanca.ma\/#website"},"primaryImageOfPage":{"@id":"https:\/\/vitablanca.ma\/produit\/sensodyne-dentifrice-rapide-extra-fresh-75ml\/#primaryimage"},"image":{"@id":"https:\/\/vitablanca.ma\/produit\/sensodyne-dentifrice-rapide-extra-fresh-75ml\/#primaryimage"},"thumbnailUrl":"https:\/\/vitablanca.ma\/wp-content\/uploads\/2025\/06\/Sensodyne-Dent-Rapide-Extra-Fresh-75ml-nova-parapharmacie-casablanca.jpg","datePublished":"2025-06-11T21:45:09+00:00","dateModified":"2026-02-04T23:25:10+00:00","description":"Sensodyne Dentifrice Rapide Extra Fresh 75\u202fml offre une fra\u00eecheur imm\u00e9diate, prot\u00e8ge l\u2019\u00e9mail et prend soin des dents sensibles pour une bouche saine","breadcrumb":{"@id":"https:\/\/vitablanca.ma\/produit\/sensodyne-dentifrice-rapide-extra-fresh-75ml\/#breadcrumb"},"inLanguage":"ar","potentialAction":[{"@type":"ReadAction","target":["https:\/\/vitablanca.ma\/produit\/sensodyne-dentifrice-rapide-extra-fresh-75ml\/"]}]},{"@type":"ImageObject","inLanguage":"ar","@id":"https:\/\/vitablanca.ma\/produit\/sensodyne-dentifrice-rapide-extra-fresh-75ml\/#primaryimage","url":"https:\/\/vitablanca.ma\/wp-content\/uploads\/2025\/06\/Sensodyne-Dent-Rapide-Extra-Fresh-75ml-nova-parapharmacie-casablanca.jpg","contentUrl":"https:\/\/vitablanca.ma\/wp-content\/uploads\/2025\/06\/Sensodyne-Dent-Rapide-Extra-Fresh-75ml-nova-parapharmacie-casablanca.jpg","width":1000,"height":1000},{"@type":"BreadcrumbList","@id":"https:\/\/vitablanca.ma\/produit\/sensodyne-dentifrice-rapide-extra-fresh-75ml\/#breadcrumb","itemListElement":[{"@type":"ListItem","position":1,"name":"Home","item":"https:\/\/vitablanca.ma\/"},{"@type":"ListItem","position":2,"name":"Tous Les Produits","item":"https:\/\/vitablanca.ma\/tous-les-produits\/"},{"@type":"ListItem","position":3,"name":"Sensodyne Dentifrice Rapide Extra Fresh 75ml"}]},{"@type":"WebSite","@id":"https:\/\/vitablanca.ma\/#website","url":"https:\/\/vitablanca.ma\/","name":"VitaBlanca.ma | \u0627\u0644\u0645\u0643\u0645\u0644\u0627\u062a \u0627\u0644\u063a\u0630\u0627\u0626\u064a\u0629\u060c \u0627\u0644\u0635\u062d\u0629 \u0648\u0627\u0644\u062c\u0645\u0627\u0644 \u0641\u064a \u0627\u0644\u0645\u063a\u0631\u0628","description":"\u0646\u0628\u064a\u0639 \u0641\u064a\u062a\u0627\u0645\u064a\u0646\u0627\u062a \u0648\u0645\u0643\u0645\u0644\u0627\u062a \u063a\u0630\u0627\u0626\u064a\u0629 \u0641\u0627\u062e\u0631\u0629 \u0645\u0646 \u0627\u0644\u0648\u0644\u0627\u064a\u0627\u062a \u0627\u0644\u0645\u062a\u062d\u062f\u0629 \u0627\u0644\u0623\u0645\u0631\u064a\u0643\u064a\u0629 \u0648\u0643\u0646\u062f\u0627 \u0648\u0646\u064a\u0648\u0632\u064a\u0644\u0646\u062f\u0627 \u0648\u0627\u0644\u0645\u063a\u0631\u0628 (\u0646\u0627\u0648 \u0641\u0648\u062f\u0632\u060c \u0633\u0648\u0644\u062c\u0627\u0631\u060c \u0645\u0627\u0646\u0648\u0643\u0627). \u062a\u0648\u0635\u064a\u0644 \u0633\u0631\u064a\u0639 \u0625\u0644\u0649 \u062c\u0645\u064a\u0639 \u0623\u0646\u062d\u0627\u0621 \u0627\u0644\u0645\u063a\u0631\u0628.","publisher":{"@id":"https:\/\/vitablanca.ma\/#organization"},"alternateName":"VitaBlanca.ma","potentialAction":[{"@type":"SearchAction","target":{"@type":"EntryPoint","urlTemplate":"https:\/\/vitablanca.ma\/?s={search_term_string}"},"query-input":{"@type":"PropertyValueSpecification","valueRequired":true,"valueName":"search_term_string"}}],"inLanguage":"ar"},{"@type":"Organization","@id":"https:\/\/vitablanca.ma\/#organization","name":"\u0641\u064a\u062a\u0627\u0628\u0644\u0627\u0646\u0643\u0627","url":"https:\/\/vitablanca.ma\/","logo":{"@type":"ImageObject","inLanguage":"ar","@id":"https:\/\/vitablanca.ma\/#\/schema\/logo\/image\/","url":"https:\/\/vitablanca.ma\/wp-content\/uploads\/2025\/05\/cropped-vitablanca.png","contentUrl":"https:\/\/vitablanca.ma\/wp-content\/uploads\/2025\/05\/cropped-vitablanca.png","width":360,"height":67,"caption":"VitaBlanca"},"image":{"@id":"https:\/\/vitablanca.ma\/#\/schema\/logo\/image\/"},"sameAs":["https:\/\/www.facebook.com\/profile.php?id=61576678196717","https:\/\/www.tiktok.com\/@vitablanca.ma","https:\/\/www.instagram.com\/vitablanca.ma\/"]}]}},"jetpack_sharing_enabled":true,"_links":{"self":[{"href":"https:\/\/vitablanca.ma\/ar\/wp-json\/wp\/v2\/product\/22067","targetHints":{"allow":["GET"]}}],"collection":[{"href":"https:\/\/vitablanca.ma\/ar\/wp-json\/wp\/v2\/product"}],"about":[{"href":"https:\/\/vitablanca.ma\/ar\/wp-json\/wp\/v2\/types\/product"}],"wp:featuredmedia":[{"embeddable":true,"href":"https:\/\/vitablanca.ma\/ar\/wp-json\/wp\/v2\/media\/22064"}],"wp:attachment":[{"href":"https:\/\/vitablanca.ma\/ar\/wp-json\/wp\/v2\/media?parent=22067"}],"wp:term":[{"taxonomy":"product_brand","embeddable":true,"href":"https:\/\/vitablanca.ma\/ar\/wp-json\/wp\/v2\/product_brand?post=22067"},{"taxonomy":"product_cat","embeddable":true,"href":"https:\/\/vitablanca.ma\/ar\/wp-json\/wp\/v2\/product_cat?post=22067"},{"taxonomy":"product_tag","embeddable":true,"href":"https:\/\/vitablanca.ma\/ar\/wp-json\/wp\/v2\/product_tag?post=22067"}],"curies":[{"name":"wp","href":"https:\/\/api.w.org\/{rel}","templated":true}]}}