{"id":22042,"date":"2025-06-11T21:44:24","date_gmt":"2025-06-11T21:44:24","guid":{"rendered":"https:\/\/vitablanca.ma\/product\/sensodyne-pro-email-brosse-a-dents-extra-souple\/"},"modified":"2025-06-11T21:44:24","modified_gmt":"2025-06-11T21:44:24","slug":"sensodyne-pro-email-brosse-a-dents-extra-souple","status":"publish","type":"product","link":"https:\/\/vitablanca.ma\/ar\/product-2\/sensodyne-pro-email-brosse-a-dents-extra-souple\/","title":{"rendered":"\u0641\u0631\u0634\u0627\u0629 \u0623\u0633\u0646\u0627\u0646 \u0633\u0646\u0633\u0648\u062f\u0627\u064a\u0646 \u0628\u0631\u0648\u0646\u0627\u0645\u064a\u0644 \u0641\u0627\u0626\u0642\u0629 \u0627\u0644\u0646\u0639\u0648\u0645\u0629"},"content":{"rendered":"<h2>\u0641\u0631\u0634\u0627\u0629 \u0623\u0633\u0646\u0627\u0646 \u0633\u0646\u0633\u0648\u062f\u0627\u064a\u0646 \u0628\u0631\u0648\u0646\u0627\u0645\u064a\u0644 \u0641\u0627\u0626\u0642\u0629 \u0627\u0644\u0646\u0639\u0648\u0645\u0629\u00a0<span data-mce-fragment=\"1\">aider \u00e0 prot\u00e9ger l\u2019\u00e9mail dentaire et \u00e0 nettoyer efficacement.\u00a0<\/span><br \/>\n<\/h2>\n<div class=\"box component section product-grey-box first odd\">\n<div id=\"01248042056\" class=\"component-content\">\n<div class=\"paragraphSystem content\">\n<div class=\"box component section left-box odd grid_6 alpha\">\n<div id=\"01750657186\" class=\"component-content\">\n<div class=\"paragraphSystem content\">\n<div class=\"richText component section product-side-txt first odd last\">\n<div class=\"component-content\">\n<div class=\"richText-content\">\n<p>La brosse \u00e0 dents Pro-\u00c9mail a \u00e9t\u00e9 sp\u00e9cifiquement con\u00e7ue pour aider \u00e0 prot\u00e9ger l\u2019\u00e9mail dentaire et \u00e0 nettoyer efficacement. Ses filaments extra-fins sont doux pour l\u2019\u00e9mail des dents. Ils sont mont\u00e9s sur un coussin de gel pour assurer un nettoyage efficace.\u00a0<\/p>\n<p>\u062a\u0623\u062a\u064a \u0641\u0631\u0634\u0627\u0629 \u0623\u0633\u0646\u0627\u0646 Sensodyne Pronamel \u0628\u062f\u0631\u062c\u0629 \u0646\u0639\u0648\u0645\u0629 \u0645\u062e\u062a\u0644\u0641\u0629: \u0646\u0627\u0639\u0645\u0629 \u0648\u0646\u0627\u0639\u0645\u0629 \u062c\u062f\u064b\u0627.<\/p>\n<p>Pour aider \u00e0 prot\u00e9ger vos dents contre les effets des attaques acides, nous vous recommandons d\u2019utiliser les produits de la gamme Sensodyne Pro-\u00c9mail<sup><span>\u00a0<\/span><\/sup>au quotidien. Brossez-vous les dents deux fois par jour avec l\u2019un des dentifrice et la brosse \u00e0 dents de la gamme et utilisez le bain de bouche Sensodyne Pro-\u00c9mail apr\u00e8s chaque brossage.<\/p>\n<\/div>\n<\/div>\n<\/div>\n<\/div>\n<\/div>\n<\/div>\n<\/div>\n<\/div>\n<\/div>\n<div class=\"box component section product-details-box even\">\n<div id=\"01072537239\" class=\"component-content\">\n<div class=\"paragraphSystem content\">\n<div class=\"richText component section sensodyne-txt first odd last\">\n<div class=\"component-content\">\n<div class=\"richText-content\">\n<h3>\u0637\u0631\u064a\u0642\u0629 \u0627\u0644\u0627\u0633\u062a\u062e\u062f\u0627\u0645<\/h3>\n<p>\u064a\u064f\u0646\u0635\u062d \u0628\u062a\u0646\u0638\u064a\u0641 \u0623\u0633\u0646\u0627\u0646\u0643 \u0645\u0631\u062a\u064a\u0646 \u064a\u0648\u0645\u064a\u064b\u0627\u060c \u0648\u0644\u0627 \u062a\u062a\u062c\u0627\u0648\u0632 \u062b\u0644\u0627\u062b \u0645\u0631\u0627\u062a. \u0643\u0645\u0627 \u064a\u064f\u0646\u0635\u062d \u0628\u062a\u063a\u064a\u064a\u0631 \u0641\u0631\u0634\u0627\u0629 \u0623\u0633\u0646\u0627\u0646\u0643 \u0643\u0644 \u062b\u0644\u0627\u062b\u0629 \u0623\u0634\u0647\u0631.<\/p>\n<\/div>\n<\/div>\n<\/div>\n<\/div>\n<\/div>\n<\/div>","protected":false},"excerpt":{"rendered":"<p>Sensodyne Pro-\u00c9mail Brosse A Dents Extra Souple\u00a0aider \u00e0 prot\u00e9ger l\u2019\u00e9mail dentaire et \u00e0 nettoyer efficacement.\u00a0 La brosse \u00e0 dents Pro-\u00c9mail a \u00e9t\u00e9 sp\u00e9cifiquement con\u00e7ue pour aider \u00e0 prot\u00e9ger l\u2019\u00e9mail dentaire et \u00e0 nettoyer efficacement. Ses filaments extra-fins sont doux pour l\u2019\u00e9mail des dents. Ils sont mont\u00e9s sur un coussin de gel pour assurer un nettoyage [&hellip;]<\/p>\n","protected":false},"featured_media":22041,"template":"","meta":{"om_disable_all_campaigns":false},"product_brand":[],"product_cat":[15],"product_tag":[],"class_list":{"0":"post-22042","1":"product","2":"type-product","3":"status-publish","4":"has-post-thumbnail","6":"product_cat-beaute-sante-complements-alimentaires-soins-et-bien-etre-au-meilleur-prix","8":"first","9":"instock","10":"sale","11":"taxable","12":"shipping-taxable","13":"purchasable","14":"product-type-simple"},"yoast_head":"<!-- This site is optimized with the Yoast SEO plugin v27.5 - https:\/\/yoast.com\/product\/yoast-seo-wordpress\/ -->\n<title>Sensodyne Pro-\u00c9mail Brosse A Dents Extra Souple - Maroc Prix<\/title>\n<meta name=\"description\" content=\"Sensodyne Pro-\u00c9mail Brosse A Dents Extra Souple\" \/>\n<meta name=\"robots\" content=\"index, follow, max-snippet:-1, max-image-preview:large, max-video-preview:-1\" \/>\n<link rel=\"canonical\" href=\"https:\/\/vitablanca.ma\/ar\/product-2\/sensodyne-pro-email-brosse-a-dents-extra-souple\/\" \/>\n<meta property=\"og:locale\" content=\"ar_AR\" \/>\n<meta property=\"og:type\" content=\"article\" \/>\n<meta property=\"og:title\" content=\"Sensodyne Pro-\u00c9mail Brosse A Dents Extra Souple - Maroc Prix\" \/>\n<meta property=\"og:description\" content=\"Sensodyne Pro-\u00c9mail Brosse A Dents Extra Souple\" \/>\n<meta property=\"og:url\" content=\"https:\/\/vitablanca.ma\/ar\/product-2\/sensodyne-pro-email-brosse-a-dents-extra-souple\/\" \/>\n<meta property=\"og:site_name\" content=\"Vitablanca.ma &ndash; Sant&eacute;, vitalit&eacute; et bien-&ecirc;tre pour tous les Marocains\" \/>\n<meta property=\"article:publisher\" content=\"https:\/\/www.facebook.com\/profile.php?id=61576678196717\" \/>\n<meta property=\"og:image\" content=\"https:\/\/vitablanca.ma\/wp-content\/uploads\/2025\/06\/Sensodyne-Pro-Email-Brosse-A-Dents-Extra-Souple-nova-parapharmacie-maroc.png\" \/>\n\t<meta property=\"og:image:width\" content=\"1000\" \/>\n\t<meta property=\"og:image:height\" content=\"1000\" \/>\n\t<meta property=\"og:image:type\" content=\"image\/png\" \/>\n<meta name=\"twitter:card\" content=\"summary_large_image\" \/>\n<meta name=\"twitter:label1\" content=\"\u0648\u0642\u062a \u0627\u0644\u0642\u0631\u0627\u0621\u0629 \u0627\u0644\u0645\u064f\u0642\u062f\u0651\u0631\" \/>\n\t<meta name=\"twitter:data1\" content=\"\u062f\u0642\u064a\u0642\u0629 \u0648\u0627\u062d\u062f\u0629\" \/>\n<script type=\"application\/ld+json\" class=\"yoast-schema-graph\">{\"@context\":\"https:\\\/\\\/schema.org\",\"@graph\":[{\"@type\":[\"WebPage\",\"ItemPage\"],\"@id\":\"https:\\\/\\\/vitablanca.ma\\\/produit\\\/sensodyne-pro-email-brosse-a-dents-extra-souple\\\/\",\"url\":\"https:\\\/\\\/vitablanca.ma\\\/produit\\\/sensodyne-pro-email-brosse-a-dents-extra-souple\\\/\",\"name\":\"Sensodyne Pro-\u00c9mail Brosse A Dents Extra Souple - Maroc Prix\",\"isPartOf\":{\"@id\":\"https:\\\/\\\/vitablanca.ma\\\/#website\"},\"primaryImageOfPage\":{\"@id\":\"https:\\\/\\\/vitablanca.ma\\\/produit\\\/sensodyne-pro-email-brosse-a-dents-extra-souple\\\/#primaryimage\"},\"image\":{\"@id\":\"https:\\\/\\\/vitablanca.ma\\\/produit\\\/sensodyne-pro-email-brosse-a-dents-extra-souple\\\/#primaryimage\"},\"thumbnailUrl\":\"https:\\\/\\\/vitablanca.ma\\\/wp-content\\\/uploads\\\/2025\\\/06\\\/Sensodyne-Pro-Email-Brosse-A-Dents-Extra-Souple-nova-parapharmacie-maroc.png\",\"datePublished\":\"2025-06-11T21:44:24+00:00\",\"description\":\"Sensodyne Pro-\u00c9mail Brosse A Dents Extra Souple\",\"breadcrumb\":{\"@id\":\"https:\\\/\\\/vitablanca.ma\\\/produit\\\/sensodyne-pro-email-brosse-a-dents-extra-souple\\\/#breadcrumb\"},\"inLanguage\":\"ar\",\"potentialAction\":[{\"@type\":\"ReadAction\",\"target\":[\"https:\\\/\\\/vitablanca.ma\\\/produit\\\/sensodyne-pro-email-brosse-a-dents-extra-souple\\\/\"]}]},{\"@type\":\"ImageObject\",\"inLanguage\":\"ar\",\"@id\":\"https:\\\/\\\/vitablanca.ma\\\/produit\\\/sensodyne-pro-email-brosse-a-dents-extra-souple\\\/#primaryimage\",\"url\":\"https:\\\/\\\/vitablanca.ma\\\/wp-content\\\/uploads\\\/2025\\\/06\\\/Sensodyne-Pro-Email-Brosse-A-Dents-Extra-Souple-nova-parapharmacie-maroc.png\",\"contentUrl\":\"https:\\\/\\\/vitablanca.ma\\\/wp-content\\\/uploads\\\/2025\\\/06\\\/Sensodyne-Pro-Email-Brosse-A-Dents-Extra-Souple-nova-parapharmacie-maroc.png\",\"width\":1000,\"height\":1000},{\"@type\":\"BreadcrumbList\",\"@id\":\"https:\\\/\\\/vitablanca.ma\\\/produit\\\/sensodyne-pro-email-brosse-a-dents-extra-souple\\\/#breadcrumb\",\"itemListElement\":[{\"@type\":\"ListItem\",\"position\":1,\"name\":\"Home\",\"item\":\"https:\\\/\\\/vitablanca.ma\\\/\"},{\"@type\":\"ListItem\",\"position\":2,\"name\":\"Tous Les Produits\",\"item\":\"https:\\\/\\\/vitablanca.ma\\\/tous-les-produits\\\/\"},{\"@type\":\"ListItem\",\"position\":3,\"name\":\"Sensodyne Pro-\u00c9mail Brosse A Dents Extra Souple\"}]},{\"@type\":\"WebSite\",\"@id\":\"https:\\\/\\\/vitablanca.ma\\\/#website\",\"url\":\"https:\\\/\\\/vitablanca.ma\\\/\",\"name\":\"VitaBlanca.ma | Compl\u00e9ments alimentaires, sant\u00e9 & beaut\u00e9 au Maroc\",\"description\":\"vendre vitamines et compl\u00e9ments premium des USA &amp; Canada, Nouvelle Z\u00e9lande,Maroc (NOW Foods, Solgar, Manuka). Livraison rapide partout au Maroc.\",\"publisher\":{\"@id\":\"https:\\\/\\\/vitablanca.ma\\\/#organization\"},\"alternateName\":\"VitaBlanca.ma\",\"potentialAction\":[{\"@type\":\"SearchAction\",\"target\":{\"@type\":\"EntryPoint\",\"urlTemplate\":\"https:\\\/\\\/vitablanca.ma\\\/?s={search_term_string}\"},\"query-input\":{\"@type\":\"PropertyValueSpecification\",\"valueRequired\":true,\"valueName\":\"search_term_string\"}}],\"inLanguage\":\"ar\"},{\"@type\":\"Organization\",\"@id\":\"https:\\\/\\\/vitablanca.ma\\\/#organization\",\"name\":\"VitaBlanca\",\"url\":\"https:\\\/\\\/vitablanca.ma\\\/\",\"logo\":{\"@type\":\"ImageObject\",\"inLanguage\":\"ar\",\"@id\":\"https:\\\/\\\/vitablanca.ma\\\/#\\\/schema\\\/logo\\\/image\\\/\",\"url\":\"https:\\\/\\\/vitablanca.ma\\\/wp-content\\\/uploads\\\/2025\\\/05\\\/cropped-vitablanca.png\",\"contentUrl\":\"https:\\\/\\\/vitablanca.ma\\\/wp-content\\\/uploads\\\/2025\\\/05\\\/cropped-vitablanca.png\",\"width\":360,\"height\":67,\"caption\":\"VitaBlanca\"},\"image\":{\"@id\":\"https:\\\/\\\/vitablanca.ma\\\/#\\\/schema\\\/logo\\\/image\\\/\"},\"sameAs\":[\"https:\\\/\\\/www.facebook.com\\\/profile.php?id=61576678196717\",\"https:\\\/\\\/www.tiktok.com\\\/@vitablanca.ma\",\"https:\\\/\\\/www.instagram.com\\\/vitablanca.ma\\\/\"]}]}<\/script>\n<!-- \/ Yoast SEO plugin. -->","yoast_head_json":{"title":"\u0641\u0631\u0634\u0627\u0629 \u0623\u0633\u0646\u0627\u0646 \u0633\u0646\u0633\u0648\u062f\u0627\u064a\u0646 \u0628\u0631\u0648\u0646\u0627\u0645\u064a\u0644 \u0641\u0627\u0626\u0642\u0629 \u0627\u0644\u0646\u0639\u0648\u0645\u0629 - \u0633\u0639\u0631 \u0627\u0644\u0645\u063a\u0631\u0628","description":"\u0641\u0631\u0634\u0627\u0629 \u0623\u0633\u0646\u0627\u0646 \u0633\u0646\u0633\u0648\u062f\u0627\u064a\u0646 \u0628\u0631\u0648\u0646\u0627\u0645\u064a\u0644 \u0641\u0627\u0626\u0642\u0629 \u0627\u0644\u0646\u0639\u0648\u0645\u0629","robots":{"index":"index","follow":"follow","max-snippet":"max-snippet:-1","max-image-preview":"max-image-preview:large","max-video-preview":"max-video-preview:-1"},"canonical":"https:\/\/vitablanca.ma\/ar\/product-2\/sensodyne-pro-email-brosse-a-dents-extra-souple\/","og_locale":"ar_AR","og_type":"article","og_title":"Sensodyne Pro-\u00c9mail Brosse A Dents Extra Souple - Maroc Prix","og_description":"Sensodyne Pro-\u00c9mail Brosse A Dents Extra Souple","og_url":"https:\/\/vitablanca.ma\/ar\/product-2\/sensodyne-pro-email-brosse-a-dents-extra-souple\/","og_site_name":"Vitablanca.ma &ndash; Sant&eacute;, vitalit&eacute; et bien-&ecirc;tre pour tous les Marocains","article_publisher":"https:\/\/www.facebook.com\/profile.php?id=61576678196717","og_image":[{"width":1000,"height":1000,"url":"https:\/\/vitablanca.ma\/wp-content\/uploads\/2025\/06\/Sensodyne-Pro-Email-Brosse-A-Dents-Extra-Souple-nova-parapharmacie-maroc.png","type":"image\/png"}],"twitter_card":"summary_large_image","twitter_misc":{"\u0648\u0642\u062a \u0627\u0644\u0642\u0631\u0627\u0621\u0629 \u0627\u0644\u0645\u064f\u0642\u062f\u0651\u0631":"\u062f\u0642\u064a\u0642\u0629 \u0648\u0627\u062d\u062f\u0629"},"schema":{"@context":"https:\/\/schema.org","@graph":[{"@type":["WebPage","ItemPage"],"@id":"https:\/\/vitablanca.ma\/produit\/sensodyne-pro-email-brosse-a-dents-extra-souple\/","url":"https:\/\/vitablanca.ma\/produit\/sensodyne-pro-email-brosse-a-dents-extra-souple\/","name":"\u0641\u0631\u0634\u0627\u0629 \u0623\u0633\u0646\u0627\u0646 \u0633\u0646\u0633\u0648\u062f\u0627\u064a\u0646 \u0628\u0631\u0648\u0646\u0627\u0645\u064a\u0644 \u0641\u0627\u0626\u0642\u0629 \u0627\u0644\u0646\u0639\u0648\u0645\u0629 - \u0633\u0639\u0631 \u0627\u0644\u0645\u063a\u0631\u0628","isPartOf":{"@id":"https:\/\/vitablanca.ma\/#website"},"primaryImageOfPage":{"@id":"https:\/\/vitablanca.ma\/produit\/sensodyne-pro-email-brosse-a-dents-extra-souple\/#primaryimage"},"image":{"@id":"https:\/\/vitablanca.ma\/produit\/sensodyne-pro-email-brosse-a-dents-extra-souple\/#primaryimage"},"thumbnailUrl":"https:\/\/vitablanca.ma\/wp-content\/uploads\/2025\/06\/Sensodyne-Pro-Email-Brosse-A-Dents-Extra-Souple-nova-parapharmacie-maroc.png","datePublished":"2025-06-11T21:44:24+00:00","description":"\u0641\u0631\u0634\u0627\u0629 \u0623\u0633\u0646\u0627\u0646 \u0633\u0646\u0633\u0648\u062f\u0627\u064a\u0646 \u0628\u0631\u0648\u0646\u0627\u0645\u064a\u0644 \u0641\u0627\u0626\u0642\u0629 \u0627\u0644\u0646\u0639\u0648\u0645\u0629","breadcrumb":{"@id":"https:\/\/vitablanca.ma\/produit\/sensodyne-pro-email-brosse-a-dents-extra-souple\/#breadcrumb"},"inLanguage":"ar","potentialAction":[{"@type":"ReadAction","target":["https:\/\/vitablanca.ma\/produit\/sensodyne-pro-email-brosse-a-dents-extra-souple\/"]}]},{"@type":"ImageObject","inLanguage":"ar","@id":"https:\/\/vitablanca.ma\/produit\/sensodyne-pro-email-brosse-a-dents-extra-souple\/#primaryimage","url":"https:\/\/vitablanca.ma\/wp-content\/uploads\/2025\/06\/Sensodyne-Pro-Email-Brosse-A-Dents-Extra-Souple-nova-parapharmacie-maroc.png","contentUrl":"https:\/\/vitablanca.ma\/wp-content\/uploads\/2025\/06\/Sensodyne-Pro-Email-Brosse-A-Dents-Extra-Souple-nova-parapharmacie-maroc.png","width":1000,"height":1000},{"@type":"BreadcrumbList","@id":"https:\/\/vitablanca.ma\/produit\/sensodyne-pro-email-brosse-a-dents-extra-souple\/#breadcrumb","itemListElement":[{"@type":"ListItem","position":1,"name":"Home","item":"https:\/\/vitablanca.ma\/"},{"@type":"ListItem","position":2,"name":"Tous Les Produits","item":"https:\/\/vitablanca.ma\/tous-les-produits\/"},{"@type":"ListItem","position":3,"name":"Sensodyne Pro-\u00c9mail Brosse A Dents Extra Souple"}]},{"@type":"WebSite","@id":"https:\/\/vitablanca.ma\/#website","url":"https:\/\/vitablanca.ma\/","name":"VitaBlanca.ma | \u0627\u0644\u0645\u0643\u0645\u0644\u0627\u062a \u0627\u0644\u063a\u0630\u0627\u0626\u064a\u0629\u060c \u0627\u0644\u0635\u062d\u0629 \u0648\u0627\u0644\u062c\u0645\u0627\u0644 \u0641\u064a \u0627\u0644\u0645\u063a\u0631\u0628","description":"\u0646\u0628\u064a\u0639 \u0641\u064a\u062a\u0627\u0645\u064a\u0646\u0627\u062a \u0648\u0645\u0643\u0645\u0644\u0627\u062a \u063a\u0630\u0627\u0626\u064a\u0629 \u0641\u0627\u062e\u0631\u0629 \u0645\u0646 \u0627\u0644\u0648\u0644\u0627\u064a\u0627\u062a \u0627\u0644\u0645\u062a\u062d\u062f\u0629 \u0627\u0644\u0623\u0645\u0631\u064a\u0643\u064a\u0629 \u0648\u0643\u0646\u062f\u0627 \u0648\u0646\u064a\u0648\u0632\u064a\u0644\u0646\u062f\u0627 \u0648\u0627\u0644\u0645\u063a\u0631\u0628 (\u0646\u0627\u0648 \u0641\u0648\u062f\u0632\u060c \u0633\u0648\u0644\u062c\u0627\u0631\u060c \u0645\u0627\u0646\u0648\u0643\u0627). \u062a\u0648\u0635\u064a\u0644 \u0633\u0631\u064a\u0639 \u0625\u0644\u0649 \u062c\u0645\u064a\u0639 \u0623\u0646\u062d\u0627\u0621 \u0627\u0644\u0645\u063a\u0631\u0628.","publisher":{"@id":"https:\/\/vitablanca.ma\/#organization"},"alternateName":"VitaBlanca.ma","potentialAction":[{"@type":"SearchAction","target":{"@type":"EntryPoint","urlTemplate":"https:\/\/vitablanca.ma\/?s={search_term_string}"},"query-input":{"@type":"PropertyValueSpecification","valueRequired":true,"valueName":"search_term_string"}}],"inLanguage":"ar"},{"@type":"Organization","@id":"https:\/\/vitablanca.ma\/#organization","name":"\u0641\u064a\u062a\u0627\u0628\u0644\u0627\u0646\u0643\u0627","url":"https:\/\/vitablanca.ma\/","logo":{"@type":"ImageObject","inLanguage":"ar","@id":"https:\/\/vitablanca.ma\/#\/schema\/logo\/image\/","url":"https:\/\/vitablanca.ma\/wp-content\/uploads\/2025\/05\/cropped-vitablanca.png","contentUrl":"https:\/\/vitablanca.ma\/wp-content\/uploads\/2025\/05\/cropped-vitablanca.png","width":360,"height":67,"caption":"VitaBlanca"},"image":{"@id":"https:\/\/vitablanca.ma\/#\/schema\/logo\/image\/"},"sameAs":["https:\/\/www.facebook.com\/profile.php?id=61576678196717","https:\/\/www.tiktok.com\/@vitablanca.ma","https:\/\/www.instagram.com\/vitablanca.ma\/"]}]}},"jetpack_sharing_enabled":true,"_links":{"self":[{"href":"https:\/\/vitablanca.ma\/ar\/wp-json\/wp\/v2\/product\/22042","targetHints":{"allow":["GET"]}}],"collection":[{"href":"https:\/\/vitablanca.ma\/ar\/wp-json\/wp\/v2\/product"}],"about":[{"href":"https:\/\/vitablanca.ma\/ar\/wp-json\/wp\/v2\/types\/product"}],"wp:featuredmedia":[{"embeddable":true,"href":"https:\/\/vitablanca.ma\/ar\/wp-json\/wp\/v2\/media\/22041"}],"wp:attachment":[{"href":"https:\/\/vitablanca.ma\/ar\/wp-json\/wp\/v2\/media?parent=22042"}],"wp:term":[{"taxonomy":"product_brand","embeddable":true,"href":"https:\/\/vitablanca.ma\/ar\/wp-json\/wp\/v2\/product_brand?post=22042"},{"taxonomy":"product_cat","embeddable":true,"href":"https:\/\/vitablanca.ma\/ar\/wp-json\/wp\/v2\/product_cat?post=22042"},{"taxonomy":"product_tag","embeddable":true,"href":"https:\/\/vitablanca.ma\/ar\/wp-json\/wp\/v2\/product_tag?post=22042"}],"curies":[{"name":"wp","href":"https:\/\/api.w.org\/{rel}","templated":true}]}}