{"id":22015,"date":"2025-06-11T21:42:58","date_gmt":"2025-06-11T21:42:58","guid":{"rendered":"https:\/\/vitablanca.ma\/product\/sensilis-supreme-night-cream-50ml\/"},"modified":"2026-02-05T23:00:35","modified_gmt":"2026-02-05T23:00:35","slug":"sensilis-supreme-night-cream-50ml","status":"publish","type":"product","link":"https:\/\/vitablanca.ma\/ar\/product-2\/sensilis-supreme-night-cream-50ml\/","title":{"rendered":"\u0643\u0631\u064a\u0645 \u0633\u064a\u0646\u0633\u064a\u0644\u064a\u0633 \u0633\u0648\u0628\u0631\u064a\u0645 \u0627\u0644\u0644\u064a\u0644\u064a 50 \u0645\u0644"},"content":{"rendered":"<h2>\u0643\u0631\u064a\u0645 \u0633\u064a\u0646\u0633\u064a\u0644\u064a\u0633 \u0633\u0648\u0628\u0631\u064a\u0645 \u0627\u0644\u0644\u064a\u0644\u064a <span data-mce-fragment=\"1\">\u064a\u0639\u0645\u0644 \u0639\u0644\u0649 \u062a\u0643\u062b\u064a\u0641 \u0627\u0644\u0648\u0638\u0627\u0626\u0641 \u0627\u0644\u062e\u0644\u0648\u064a\u0629 \u0623\u062b\u0646\u0627\u0621 \u0627\u0644\u0644\u064a\u0644<\/span><\/h2>\n<div class=\"woocommerce-product-details__short-description\">\n<p>\u0643\u0631\u064a\u0645 Supreme Night Treatment \u0647\u0648 \u0643\u0631\u064a\u0645 \u064a\u0639\u062a\u0645\u062f \u0639\u0644\u0649 \u0632\u064a\u062a \u0627\u0644\u0623\u0631\u063a\u0627\u0646 \u0648\u0627\u0644\u0645\u0648\u0631\u064a\u0646\u062c\u0627 \u0623\u0648\u0644\u064a\u0641\u064a\u0631\u0627 \u0627\u0644\u0630\u064a \u064a\u0639\u0645\u0644 \u0639\u0644\u0649 \u062a\u0643\u062b\u064a\u0641 \u0648\u0638\u0627\u0626\u0641 \u0627\u0644\u062e\u0644\u0627\u064a\u0627 \u0637\u0648\u0627\u0644 \u0627\u0644\u0644\u064a\u0644\u060c \u0645\u0645\u0627 \u064a\u0639\u0632\u0632 \u0639\u0645\u0631 \u0627\u0644\u062e\u0644\u0627\u064a\u0627 \u0648\u064a\u062c\u062f\u062f \u0628\u0634\u0631\u062a\u0643 \u0628\u0639\u0645\u0642.<\/p>\n<h3>\u064a\u0633\u062a\u062e\u062f\u0645<\/h3>\n<\/div>\n<div class=\"fila-sensilis\">\n<div class=\"fila-textos-consejo celda-80\">\n<ol>\n<li>\u064a\u062a\u0645 \u062a\u0637\u0628\u064a\u0642\u0647 \u0645\u0646 \u0645\u0646\u062a\u0635\u0641 \u0627\u0644\u0648\u062c\u0647 \u062d\u062a\u0649 \u0627\u0644\u0630\u0642\u0646\u060c \u0645\u0646 \u0627\u0644\u062f\u0627\u062e\u0644 \u0625\u0644\u0649 \u0627\u0644\u062e\u0627\u0631\u062c\u060c \u0645\u0639 \u0627\u0644\u062a\u062f\u0644\u064a\u0643 \u0628\u062d\u0631\u0643\u0627\u062a \u0635\u063a\u064a\u0631\u0629.<\/li>\n<li>\u062b\u0645 \u0636\u0639\u064a \u0643\u0645\u064a\u0629 \u0642\u0644\u064a\u0644\u0629 \u0639\u0644\u0649 \u0627\u0644\u062c\u0628\u0647\u0629 \u0648\u0648\u0632\u0639\u064a\u0647\u0627 \u0645\u0646 \u0627\u0644\u0623\u0633\u0641\u0644 \u0625\u0644\u0649 \u0627\u0644\u0623\u0639\u0644\u0649.<\/li>\n<li>\u0636\u0639 \u0627\u0644\u0645\u0646\u062a\u062c \u0639\u0644\u0649 \u0627\u0644\u0631\u0642\u0628\u0629<\/li>\n<li>\u0642\u0648\u0645\u064a \u0628\u062a\u0648\u0632\u064a\u0639 \u0627\u0644\u0643\u0631\u064a\u0645 \u0639\u0644\u0649 \u0643\u0627\u0645\u0644 \u0627\u0644\u0631\u0642\u0628\u0629 \u0628\u0627\u0633\u062a\u062e\u062f\u0627\u0645 \u062d\u0631\u0643\u0627\u062a \u062a\u0635\u0627\u0639\u062f\u064a\u0629.<\/li>\n<\/ol>\n<\/div>\n<\/div>","protected":false},"excerpt":{"rendered":"<p>Sensilis Supreme Night Cream intensifie les fonctions cellulaires pendant la nuit Le traitement Supreme Night est une cr\u00e8me \u00e0 base d\u2019huile d\u2019argan et de moringa oleifera qui intensifie les fonctions cellulaires pendant la nuit, en stimulant la long\u00e9vit\u00e9 cellulaire et en r\u00e9g\u00e9n\u00e9rant votre peau en profondeur. Utilisation Appliquer depuis la moiti\u00e9 du visage jusqu\u2019au menton, [&hellip;]<\/p>\n","protected":false},"featured_media":22014,"template":"","meta":{"om_disable_all_campaigns":false},"product_brand":[],"product_cat":[15],"product_tag":[8304,8295,8299,8297,8302,8291,8298,5660,8296,8294,8293,8301,8303,8300,6283],"class_list":{"0":"post-22015","1":"product","2":"type-product","3":"status-publish","4":"has-post-thumbnail","6":"product_cat-beaute-sante-complements-alimentaires-soins-et-bien-etre-au-meilleur-prix","7":"product_tag-cosmetique-sensilis","8":"product_tag-creme-de-nuit-sensilis","9":"product_tag-creme-hydratante-nuit","10":"product_tag-creme-nuit-anti-rides","11":"product_tag-creme-nuit-nourrissante","12":"product_tag-creme-peau-sensible","13":"product_tag-creme-regenerante-nuit","14":"product_tag-creme-reparatrice-visage","15":"product_tag-sensilis-anti-age","16":"product_tag-sensilis-creme-nuit","17":"product_tag-sensilis-supreme-night-cream","18":"product_tag-sensilis-visage","19":"product_tag-soin-nocturne-visage","20":"product_tag-soin-visage-anti-age","21":"product_tag-soin-visage-nuit","23":"first","24":"instock","25":"sale","26":"taxable","27":"shipping-taxable","28":"purchasable","29":"product-type-simple"},"yoast_head":"<!-- This site is optimized with the Yoast SEO plugin v27.4 - https:\/\/yoast.com\/product\/yoast-seo-wordpress\/ -->\n<title>Sensilis Supreme Night Cream 50ml - Maroc Prix<\/title>\n<meta name=\"description\" content=\"La Sensilis Supreme Night Cream 50ml r\u00e9g\u00e9n\u00e8re la peau pendant la nuit, r\u00e9duit les signes de l\u2019\u00e2ge et restaure l\u2019hydratation pour un teint repos\u00e9\" \/>\n<meta name=\"robots\" content=\"index, follow, max-snippet:-1, max-image-preview:large, max-video-preview:-1\" \/>\n<link rel=\"canonical\" href=\"https:\/\/vitablanca.ma\/ar\/product-2\/sensilis-supreme-night-cream-50ml\/\" \/>\n<meta property=\"og:locale\" content=\"ar_AR\" \/>\n<meta property=\"og:type\" content=\"article\" \/>\n<meta property=\"og:title\" content=\"Sensilis Supreme Night Cream 50ml - Maroc Prix\" \/>\n<meta property=\"og:description\" content=\"La Sensilis Supreme Night Cream 50ml r\u00e9g\u00e9n\u00e8re la peau pendant la nuit, r\u00e9duit les signes de l\u2019\u00e2ge et restaure l\u2019hydratation pour un teint repos\u00e9\" \/>\n<meta property=\"og:url\" content=\"https:\/\/vitablanca.ma\/ar\/product-2\/sensilis-supreme-night-cream-50ml\/\" \/>\n<meta property=\"og:site_name\" content=\"Vitablanca.ma &ndash; Sant&eacute;, vitalit&eacute; et bien-&ecirc;tre pour tous les Marocains\" \/>\n<meta property=\"article:publisher\" content=\"https:\/\/www.facebook.com\/profile.php?id=61576678196717\" \/>\n<meta property=\"article:modified_time\" content=\"2026-02-05T23:00:35+00:00\" \/>\n<meta property=\"og:image\" content=\"https:\/\/vitablanca.ma\/wp-content\/uploads\/2025\/06\/Sensilis-Supreme-Night-Cream-50ml-Nova-prapharmacie-maroc.jpg\" \/>\n\t<meta property=\"og:image:width\" content=\"1000\" \/>\n\t<meta property=\"og:image:height\" content=\"1000\" \/>\n\t<meta property=\"og:image:type\" content=\"image\/jpeg\" \/>\n<meta name=\"twitter:card\" content=\"summary_large_image\" \/>\n<meta name=\"twitter:label1\" content=\"\u0648\u0642\u062a \u0627\u0644\u0642\u0631\u0627\u0621\u0629 \u0627\u0644\u0645\u064f\u0642\u062f\u0651\u0631\" \/>\n\t<meta name=\"twitter:data1\" content=\"\u062f\u0642\u064a\u0642\u0629 \u0648\u0627\u062d\u062f\u0629\" \/>\n<script type=\"application\/ld+json\" class=\"yoast-schema-graph\">{\"@context\":\"https:\\\/\\\/schema.org\",\"@graph\":[{\"@type\":[\"WebPage\",\"ItemPage\"],\"@id\":\"https:\\\/\\\/vitablanca.ma\\\/produit\\\/sensilis-supreme-night-cream-50ml\\\/\",\"url\":\"https:\\\/\\\/vitablanca.ma\\\/produit\\\/sensilis-supreme-night-cream-50ml\\\/\",\"name\":\"Sensilis Supreme Night Cream 50ml - Maroc Prix\",\"isPartOf\":{\"@id\":\"https:\\\/\\\/vitablanca.ma\\\/#website\"},\"primaryImageOfPage\":{\"@id\":\"https:\\\/\\\/vitablanca.ma\\\/produit\\\/sensilis-supreme-night-cream-50ml\\\/#primaryimage\"},\"image\":{\"@id\":\"https:\\\/\\\/vitablanca.ma\\\/produit\\\/sensilis-supreme-night-cream-50ml\\\/#primaryimage\"},\"thumbnailUrl\":\"https:\\\/\\\/vitablanca.ma\\\/wp-content\\\/uploads\\\/2025\\\/06\\\/Sensilis-Supreme-Night-Cream-50ml-Nova-prapharmacie-maroc.jpg\",\"datePublished\":\"2025-06-11T21:42:58+00:00\",\"dateModified\":\"2026-02-05T23:00:35+00:00\",\"description\":\"La Sensilis Supreme Night Cream 50ml r\u00e9g\u00e9n\u00e8re la peau pendant la nuit, r\u00e9duit les signes de l\u2019\u00e2ge et restaure l\u2019hydratation pour un teint repos\u00e9\",\"breadcrumb\":{\"@id\":\"https:\\\/\\\/vitablanca.ma\\\/produit\\\/sensilis-supreme-night-cream-50ml\\\/#breadcrumb\"},\"inLanguage\":\"ar\",\"potentialAction\":[{\"@type\":\"ReadAction\",\"target\":[\"https:\\\/\\\/vitablanca.ma\\\/produit\\\/sensilis-supreme-night-cream-50ml\\\/\"]}]},{\"@type\":\"ImageObject\",\"inLanguage\":\"ar\",\"@id\":\"https:\\\/\\\/vitablanca.ma\\\/produit\\\/sensilis-supreme-night-cream-50ml\\\/#primaryimage\",\"url\":\"https:\\\/\\\/vitablanca.ma\\\/wp-content\\\/uploads\\\/2025\\\/06\\\/Sensilis-Supreme-Night-Cream-50ml-Nova-prapharmacie-maroc.jpg\",\"contentUrl\":\"https:\\\/\\\/vitablanca.ma\\\/wp-content\\\/uploads\\\/2025\\\/06\\\/Sensilis-Supreme-Night-Cream-50ml-Nova-prapharmacie-maroc.jpg\",\"width\":1000,\"height\":1000},{\"@type\":\"BreadcrumbList\",\"@id\":\"https:\\\/\\\/vitablanca.ma\\\/produit\\\/sensilis-supreme-night-cream-50ml\\\/#breadcrumb\",\"itemListElement\":[{\"@type\":\"ListItem\",\"position\":1,\"name\":\"Home\",\"item\":\"https:\\\/\\\/vitablanca.ma\\\/\"},{\"@type\":\"ListItem\",\"position\":2,\"name\":\"Tous Les Produits\",\"item\":\"https:\\\/\\\/vitablanca.ma\\\/tous-les-produits\\\/\"},{\"@type\":\"ListItem\",\"position\":3,\"name\":\"Sensilis Supreme Night Cream 50ml\"}]},{\"@type\":\"WebSite\",\"@id\":\"https:\\\/\\\/vitablanca.ma\\\/#website\",\"url\":\"https:\\\/\\\/vitablanca.ma\\\/\",\"name\":\"VitaBlanca.ma | Compl\u00e9ments alimentaires, sant\u00e9 & beaut\u00e9 au Maroc\",\"description\":\"vendre vitamines et compl\u00e9ments premium des USA &amp; Canada, Nouvelle Z\u00e9lande,Maroc (NOW Foods, Solgar, Manuka). Livraison rapide partout au Maroc.\",\"publisher\":{\"@id\":\"https:\\\/\\\/vitablanca.ma\\\/#organization\"},\"alternateName\":\"VitaBlanca.ma\",\"potentialAction\":[{\"@type\":\"SearchAction\",\"target\":{\"@type\":\"EntryPoint\",\"urlTemplate\":\"https:\\\/\\\/vitablanca.ma\\\/?s={search_term_string}\"},\"query-input\":{\"@type\":\"PropertyValueSpecification\",\"valueRequired\":true,\"valueName\":\"search_term_string\"}}],\"inLanguage\":\"ar\"},{\"@type\":\"Organization\",\"@id\":\"https:\\\/\\\/vitablanca.ma\\\/#organization\",\"name\":\"VitaBlanca\",\"url\":\"https:\\\/\\\/vitablanca.ma\\\/\",\"logo\":{\"@type\":\"ImageObject\",\"inLanguage\":\"ar\",\"@id\":\"https:\\\/\\\/vitablanca.ma\\\/#\\\/schema\\\/logo\\\/image\\\/\",\"url\":\"https:\\\/\\\/vitablanca.ma\\\/wp-content\\\/uploads\\\/2025\\\/05\\\/cropped-vitablanca.png\",\"contentUrl\":\"https:\\\/\\\/vitablanca.ma\\\/wp-content\\\/uploads\\\/2025\\\/05\\\/cropped-vitablanca.png\",\"width\":360,\"height\":67,\"caption\":\"VitaBlanca\"},\"image\":{\"@id\":\"https:\\\/\\\/vitablanca.ma\\\/#\\\/schema\\\/logo\\\/image\\\/\"},\"sameAs\":[\"https:\\\/\\\/www.facebook.com\\\/profile.php?id=61576678196717\",\"https:\\\/\\\/www.tiktok.com\\\/@vitablanca.ma\",\"https:\\\/\\\/www.instagram.com\\\/vitablanca.ma\\\/\"]}]}<\/script>\n<!-- \/ Yoast SEO plugin. -->","yoast_head_json":{"title":"\u0643\u0631\u064a\u0645 \u0633\u064a\u0646\u0633\u064a\u0644\u064a\u0633 \u0633\u0648\u0628\u0631\u064a\u0645 \u0627\u0644\u0644\u064a\u0644\u064a 50 \u0645\u0644 - \u0633\u0639\u0631 \u0627\u0644\u0645\u063a\u0631\u0628","description":"La Sensilis Supreme Night Cream 50ml r\u00e9g\u00e9n\u00e8re la peau pendant la nuit, r\u00e9duit les signes de l\u2019\u00e2ge et restaure l\u2019hydratation pour un teint repos\u00e9","robots":{"index":"index","follow":"follow","max-snippet":"max-snippet:-1","max-image-preview":"max-image-preview:large","max-video-preview":"max-video-preview:-1"},"canonical":"https:\/\/vitablanca.ma\/ar\/product-2\/sensilis-supreme-night-cream-50ml\/","og_locale":"ar_AR","og_type":"article","og_title":"Sensilis Supreme Night Cream 50ml - Maroc Prix","og_description":"La Sensilis Supreme Night Cream 50ml r\u00e9g\u00e9n\u00e8re la peau pendant la nuit, r\u00e9duit les signes de l\u2019\u00e2ge et restaure l\u2019hydratation pour un teint repos\u00e9","og_url":"https:\/\/vitablanca.ma\/ar\/product-2\/sensilis-supreme-night-cream-50ml\/","og_site_name":"Vitablanca.ma &ndash; Sant&eacute;, vitalit&eacute; et bien-&ecirc;tre pour tous les Marocains","article_publisher":"https:\/\/www.facebook.com\/profile.php?id=61576678196717","article_modified_time":"2026-02-05T23:00:35+00:00","og_image":[{"width":1000,"height":1000,"url":"https:\/\/vitablanca.ma\/wp-content\/uploads\/2025\/06\/Sensilis-Supreme-Night-Cream-50ml-Nova-prapharmacie-maroc.jpg","type":"image\/jpeg"}],"twitter_card":"summary_large_image","twitter_misc":{"\u0648\u0642\u062a \u0627\u0644\u0642\u0631\u0627\u0621\u0629 \u0627\u0644\u0645\u064f\u0642\u062f\u0651\u0631":"\u062f\u0642\u064a\u0642\u0629 \u0648\u0627\u062d\u062f\u0629"},"schema":{"@context":"https:\/\/schema.org","@graph":[{"@type":["WebPage","ItemPage"],"@id":"https:\/\/vitablanca.ma\/produit\/sensilis-supreme-night-cream-50ml\/","url":"https:\/\/vitablanca.ma\/produit\/sensilis-supreme-night-cream-50ml\/","name":"\u0643\u0631\u064a\u0645 \u0633\u064a\u0646\u0633\u064a\u0644\u064a\u0633 \u0633\u0648\u0628\u0631\u064a\u0645 \u0627\u0644\u0644\u064a\u0644\u064a 50 \u0645\u0644 - \u0633\u0639\u0631 \u0627\u0644\u0645\u063a\u0631\u0628","isPartOf":{"@id":"https:\/\/vitablanca.ma\/#website"},"primaryImageOfPage":{"@id":"https:\/\/vitablanca.ma\/produit\/sensilis-supreme-night-cream-50ml\/#primaryimage"},"image":{"@id":"https:\/\/vitablanca.ma\/produit\/sensilis-supreme-night-cream-50ml\/#primaryimage"},"thumbnailUrl":"https:\/\/vitablanca.ma\/wp-content\/uploads\/2025\/06\/Sensilis-Supreme-Night-Cream-50ml-Nova-prapharmacie-maroc.jpg","datePublished":"2025-06-11T21:42:58+00:00","dateModified":"2026-02-05T23:00:35+00:00","description":"La Sensilis Supreme Night Cream 50ml r\u00e9g\u00e9n\u00e8re la peau pendant la nuit, r\u00e9duit les signes de l\u2019\u00e2ge et restaure l\u2019hydratation pour un teint repos\u00e9","breadcrumb":{"@id":"https:\/\/vitablanca.ma\/produit\/sensilis-supreme-night-cream-50ml\/#breadcrumb"},"inLanguage":"ar","potentialAction":[{"@type":"ReadAction","target":["https:\/\/vitablanca.ma\/produit\/sensilis-supreme-night-cream-50ml\/"]}]},{"@type":"ImageObject","inLanguage":"ar","@id":"https:\/\/vitablanca.ma\/produit\/sensilis-supreme-night-cream-50ml\/#primaryimage","url":"https:\/\/vitablanca.ma\/wp-content\/uploads\/2025\/06\/Sensilis-Supreme-Night-Cream-50ml-Nova-prapharmacie-maroc.jpg","contentUrl":"https:\/\/vitablanca.ma\/wp-content\/uploads\/2025\/06\/Sensilis-Supreme-Night-Cream-50ml-Nova-prapharmacie-maroc.jpg","width":1000,"height":1000},{"@type":"BreadcrumbList","@id":"https:\/\/vitablanca.ma\/produit\/sensilis-supreme-night-cream-50ml\/#breadcrumb","itemListElement":[{"@type":"ListItem","position":1,"name":"Home","item":"https:\/\/vitablanca.ma\/"},{"@type":"ListItem","position":2,"name":"Tous Les Produits","item":"https:\/\/vitablanca.ma\/tous-les-produits\/"},{"@type":"ListItem","position":3,"name":"Sensilis Supreme Night Cream 50ml"}]},{"@type":"WebSite","@id":"https:\/\/vitablanca.ma\/#website","url":"https:\/\/vitablanca.ma\/","name":"VitaBlanca.ma | \u0627\u0644\u0645\u0643\u0645\u0644\u0627\u062a \u0627\u0644\u063a\u0630\u0627\u0626\u064a\u0629\u060c \u0627\u0644\u0635\u062d\u0629 \u0648\u0627\u0644\u062c\u0645\u0627\u0644 \u0641\u064a \u0627\u0644\u0645\u063a\u0631\u0628","description":"\u0646\u0628\u064a\u0639 \u0641\u064a\u062a\u0627\u0645\u064a\u0646\u0627\u062a \u0648\u0645\u0643\u0645\u0644\u0627\u062a \u063a\u0630\u0627\u0626\u064a\u0629 \u0641\u0627\u062e\u0631\u0629 \u0645\u0646 \u0627\u0644\u0648\u0644\u0627\u064a\u0627\u062a \u0627\u0644\u0645\u062a\u062d\u062f\u0629 \u0627\u0644\u0623\u0645\u0631\u064a\u0643\u064a\u0629 \u0648\u0643\u0646\u062f\u0627 \u0648\u0646\u064a\u0648\u0632\u064a\u0644\u0646\u062f\u0627 \u0648\u0627\u0644\u0645\u063a\u0631\u0628 (\u0646\u0627\u0648 \u0641\u0648\u062f\u0632\u060c \u0633\u0648\u0644\u062c\u0627\u0631\u060c \u0645\u0627\u0646\u0648\u0643\u0627). \u062a\u0648\u0635\u064a\u0644 \u0633\u0631\u064a\u0639 \u0625\u0644\u0649 \u062c\u0645\u064a\u0639 \u0623\u0646\u062d\u0627\u0621 \u0627\u0644\u0645\u063a\u0631\u0628.","publisher":{"@id":"https:\/\/vitablanca.ma\/#organization"},"alternateName":"VitaBlanca.ma","potentialAction":[{"@type":"SearchAction","target":{"@type":"EntryPoint","urlTemplate":"https:\/\/vitablanca.ma\/?s={search_term_string}"},"query-input":{"@type":"PropertyValueSpecification","valueRequired":true,"valueName":"search_term_string"}}],"inLanguage":"ar"},{"@type":"Organization","@id":"https:\/\/vitablanca.ma\/#organization","name":"\u0641\u064a\u062a\u0627\u0628\u0644\u0627\u0646\u0643\u0627","url":"https:\/\/vitablanca.ma\/","logo":{"@type":"ImageObject","inLanguage":"ar","@id":"https:\/\/vitablanca.ma\/#\/schema\/logo\/image\/","url":"https:\/\/vitablanca.ma\/wp-content\/uploads\/2025\/05\/cropped-vitablanca.png","contentUrl":"https:\/\/vitablanca.ma\/wp-content\/uploads\/2025\/05\/cropped-vitablanca.png","width":360,"height":67,"caption":"VitaBlanca"},"image":{"@id":"https:\/\/vitablanca.ma\/#\/schema\/logo\/image\/"},"sameAs":["https:\/\/www.facebook.com\/profile.php?id=61576678196717","https:\/\/www.tiktok.com\/@vitablanca.ma","https:\/\/www.instagram.com\/vitablanca.ma\/"]}]}},"jetpack_sharing_enabled":true,"_links":{"self":[{"href":"https:\/\/vitablanca.ma\/ar\/wp-json\/wp\/v2\/product\/22015","targetHints":{"allow":["GET"]}}],"collection":[{"href":"https:\/\/vitablanca.ma\/ar\/wp-json\/wp\/v2\/product"}],"about":[{"href":"https:\/\/vitablanca.ma\/ar\/wp-json\/wp\/v2\/types\/product"}],"wp:featuredmedia":[{"embeddable":true,"href":"https:\/\/vitablanca.ma\/ar\/wp-json\/wp\/v2\/media\/22014"}],"wp:attachment":[{"href":"https:\/\/vitablanca.ma\/ar\/wp-json\/wp\/v2\/media?parent=22015"}],"wp:term":[{"taxonomy":"product_brand","embeddable":true,"href":"https:\/\/vitablanca.ma\/ar\/wp-json\/wp\/v2\/product_brand?post=22015"},{"taxonomy":"product_cat","embeddable":true,"href":"https:\/\/vitablanca.ma\/ar\/wp-json\/wp\/v2\/product_cat?post=22015"},{"taxonomy":"product_tag","embeddable":true,"href":"https:\/\/vitablanca.ma\/ar\/wp-json\/wp\/v2\/product_tag?post=22015"}],"curies":[{"name":"wp","href":"https:\/\/api.w.org\/{rel}","templated":true}]}}