{"id":22013,"date":"2025-06-11T21:42:55","date_gmt":"2025-06-11T21:42:55","guid":{"rendered":"https:\/\/vitablanca.ma\/product\/sensilis-upgrade-ampoules-141-5ml\/"},"modified":"2026-02-05T23:19:20","modified_gmt":"2026-02-05T23:19:20","slug":"sensilis-upgrade-ampoules-141-5ml","status":"publish","type":"product","link":"https:\/\/vitablanca.ma\/ar\/product-2\/sensilis-upgrade-ampoules-141-5ml\/","title":{"rendered":"\u0623\u0645\u0628\u0648\u0644\u0627\u062a Sensilis Upgrade 14*1.5 \u0645\u0644"},"content":{"rendered":"<div class=\"woocommerce-product-details__short-description\" data-mce-fragment=\"1\">\n<h2 data-mce-fragment=\"1\">Sensilis Upgrade Ampoules <span data-mce-fragment=\"1\">exerce une action hydratante, antioxydante et raffermissante.<\/span><\/h2>\n<p data-mce-fragment=\"1\">Les ampoules upgrade sont un traitement intensif qui exerce une action hydratante, antioxydante et raffermissante. Et cela gr\u00e2ce \u00e0 sa teneur en acide f\u00e9rulique, glycoprot\u00e9ines pr\u00e9curseurs des prot\u00e9oglycanes et \u00e0 la puissance de la technologie g\u00e9nomique qui prot\u00e8ge votre ADN cellulaire.<\/p>\n<\/div>","protected":false},"excerpt":{"rendered":"<p>Sensilis Upgrade Ampoules exerce une action hydratante, antioxydante et raffermissante. Les ampoules upgrade sont un traitement intensif qui exerce une action hydratante, antioxydante et raffermissante. Et cela gr\u00e2ce \u00e0 sa teneur en acide f\u00e9rulique, glycoprot\u00e9ines pr\u00e9curseurs des prot\u00e9oglycanes et \u00e0 la puissance de la technologie g\u00e9nomique qui prot\u00e8ge votre ADN cellulaire.<\/p>","protected":false},"featured_media":22012,"template":"","meta":{"om_disable_all_campaigns":false},"product_brand":[],"product_cat":[15],"product_tag":[8322,8327,8323,8328,8316,8324,8325,8326,8321,8317],"class_list":{"0":"post-22013","1":"product","2":"type-product","3":"status-publish","4":"has-post-thumbnail","6":"product_cat-beaute-sante-complements-alimentaires-soins-et-bien-etre-au-meilleur-prix","7":"product_tag-anti-aging-ampoules","8":"product_tag-anti-wrinkle","9":"product_tag-concentrated-face-treatment","10":"product_tag-face-ampoules","11":"product_tag-firming-serum","12":"product_tag-intense-hydration","13":"product_tag-intensive-care-14-days","14":"product_tag-radiant-skin","15":"product_tag-sensilis-upgrade-ampoules","16":"product_tag-wrinkle-reduction","18":"first","19":"instock","20":"sale","21":"taxable","22":"shipping-taxable","23":"purchasable","24":"product-type-simple"},"yoast_head":"<!-- This site is optimized with the Yoast SEO plugin v27.4 - https:\/\/yoast.com\/product\/yoast-seo-wordpress\/ -->\n<title>Sensilis Upgrade Ampoules 14*1.5ml - Maroc Prix<\/title>\n<meta name=\"description\" content=\"D\u00e9couvrez les Sensilis Upgrade Ampoules 14\u00d71,5\u202fml, un soin intensif anti-\u00e2ge qui hydrate, lisse les rides, raffermit et ravive l\u2019\u00e9clat de votre peau.\" \/>\n<meta name=\"robots\" content=\"index, follow, max-snippet:-1, max-image-preview:large, max-video-preview:-1\" \/>\n<link rel=\"canonical\" href=\"https:\/\/vitablanca.ma\/ar\/product-2\/sensilis-upgrade-ampoules-141-5ml\/\" \/>\n<meta property=\"og:locale\" content=\"ar_AR\" \/>\n<meta property=\"og:type\" content=\"article\" \/>\n<meta property=\"og:title\" content=\"Sensilis Upgrade Ampoules 14*1.5ml - Maroc Prix\" \/>\n<meta property=\"og:description\" content=\"D\u00e9couvrez les Sensilis Upgrade Ampoules 14\u00d71,5\u202fml, un soin intensif anti-\u00e2ge qui hydrate, lisse les rides, raffermit et ravive l\u2019\u00e9clat de votre peau.\" \/>\n<meta property=\"og:url\" content=\"https:\/\/vitablanca.ma\/ar\/product-2\/sensilis-upgrade-ampoules-141-5ml\/\" \/>\n<meta property=\"og:site_name\" content=\"Vitablanca.ma &ndash; Sant&eacute;, vitalit&eacute; et bien-&ecirc;tre pour tous les Marocains\" \/>\n<meta property=\"article:publisher\" content=\"https:\/\/www.facebook.com\/profile.php?id=61576678196717\" \/>\n<meta property=\"article:modified_time\" content=\"2026-02-05T23:19:20+00:00\" \/>\n<meta property=\"og:image\" content=\"https:\/\/vitablanca.ma\/wp-content\/uploads\/2025\/06\/Sensilis-Upgrade-Ampoules-14x1.5ml-Nova-prapharmacie-maroc.jpg\" \/>\n\t<meta property=\"og:image:width\" content=\"1000\" \/>\n\t<meta property=\"og:image:height\" content=\"1000\" \/>\n\t<meta property=\"og:image:type\" content=\"image\/jpeg\" \/>\n<meta name=\"twitter:card\" content=\"summary_large_image\" \/>\n<meta name=\"twitter:label1\" content=\"\u0648\u0642\u062a \u0627\u0644\u0642\u0631\u0627\u0621\u0629 \u0627\u0644\u0645\u064f\u0642\u062f\u0651\u0631\" \/>\n\t<meta name=\"twitter:data1\" content=\"\u062f\u0642\u064a\u0642\u0629 \u0648\u0627\u062d\u062f\u0629\" \/>\n<script type=\"application\/ld+json\" class=\"yoast-schema-graph\">{\"@context\":\"https:\\\/\\\/schema.org\",\"@graph\":[{\"@type\":[\"WebPage\",\"ItemPage\"],\"@id\":\"https:\\\/\\\/vitablanca.ma\\\/produit\\\/sensilis-upgrade-ampoules-141-5ml\\\/\",\"url\":\"https:\\\/\\\/vitablanca.ma\\\/produit\\\/sensilis-upgrade-ampoules-141-5ml\\\/\",\"name\":\"Sensilis Upgrade Ampoules 14*1.5ml - Maroc Prix\",\"isPartOf\":{\"@id\":\"https:\\\/\\\/vitablanca.ma\\\/#website\"},\"primaryImageOfPage\":{\"@id\":\"https:\\\/\\\/vitablanca.ma\\\/produit\\\/sensilis-upgrade-ampoules-141-5ml\\\/#primaryimage\"},\"image\":{\"@id\":\"https:\\\/\\\/vitablanca.ma\\\/produit\\\/sensilis-upgrade-ampoules-141-5ml\\\/#primaryimage\"},\"thumbnailUrl\":\"https:\\\/\\\/vitablanca.ma\\\/wp-content\\\/uploads\\\/2025\\\/06\\\/Sensilis-Upgrade-Ampoules-14x1.5ml-Nova-prapharmacie-maroc.jpg\",\"datePublished\":\"2025-06-11T21:42:55+00:00\",\"dateModified\":\"2026-02-05T23:19:20+00:00\",\"description\":\"D\u00e9couvrez les Sensilis Upgrade Ampoules 14\u00d71,5\u202fml, un soin intensif anti-\u00e2ge qui hydrate, lisse les rides, raffermit et ravive l\u2019\u00e9clat de votre peau.\",\"breadcrumb\":{\"@id\":\"https:\\\/\\\/vitablanca.ma\\\/produit\\\/sensilis-upgrade-ampoules-141-5ml\\\/#breadcrumb\"},\"inLanguage\":\"ar\",\"potentialAction\":[{\"@type\":\"ReadAction\",\"target\":[\"https:\\\/\\\/vitablanca.ma\\\/produit\\\/sensilis-upgrade-ampoules-141-5ml\\\/\"]}]},{\"@type\":\"ImageObject\",\"inLanguage\":\"ar\",\"@id\":\"https:\\\/\\\/vitablanca.ma\\\/produit\\\/sensilis-upgrade-ampoules-141-5ml\\\/#primaryimage\",\"url\":\"https:\\\/\\\/vitablanca.ma\\\/wp-content\\\/uploads\\\/2025\\\/06\\\/Sensilis-Upgrade-Ampoules-14x1.5ml-Nova-prapharmacie-maroc.jpg\",\"contentUrl\":\"https:\\\/\\\/vitablanca.ma\\\/wp-content\\\/uploads\\\/2025\\\/06\\\/Sensilis-Upgrade-Ampoules-14x1.5ml-Nova-prapharmacie-maroc.jpg\",\"width\":1000,\"height\":1000},{\"@type\":\"BreadcrumbList\",\"@id\":\"https:\\\/\\\/vitablanca.ma\\\/produit\\\/sensilis-upgrade-ampoules-141-5ml\\\/#breadcrumb\",\"itemListElement\":[{\"@type\":\"ListItem\",\"position\":1,\"name\":\"Home\",\"item\":\"https:\\\/\\\/vitablanca.ma\\\/\"},{\"@type\":\"ListItem\",\"position\":2,\"name\":\"Tous Les Produits\",\"item\":\"https:\\\/\\\/vitablanca.ma\\\/tous-les-produits\\\/\"},{\"@type\":\"ListItem\",\"position\":3,\"name\":\"Sensilis Upgrade Ampoules 14*1.5ml\"}]},{\"@type\":\"WebSite\",\"@id\":\"https:\\\/\\\/vitablanca.ma\\\/#website\",\"url\":\"https:\\\/\\\/vitablanca.ma\\\/\",\"name\":\"VitaBlanca.ma | Compl\u00e9ments alimentaires, sant\u00e9 & beaut\u00e9 au Maroc\",\"description\":\"vendre vitamines et compl\u00e9ments premium des USA &amp; Canada, Nouvelle Z\u00e9lande,Maroc (NOW Foods, Solgar, Manuka). Livraison rapide partout au Maroc.\",\"publisher\":{\"@id\":\"https:\\\/\\\/vitablanca.ma\\\/#organization\"},\"alternateName\":\"VitaBlanca.ma\",\"potentialAction\":[{\"@type\":\"SearchAction\",\"target\":{\"@type\":\"EntryPoint\",\"urlTemplate\":\"https:\\\/\\\/vitablanca.ma\\\/?s={search_term_string}\"},\"query-input\":{\"@type\":\"PropertyValueSpecification\",\"valueRequired\":true,\"valueName\":\"search_term_string\"}}],\"inLanguage\":\"ar\"},{\"@type\":\"Organization\",\"@id\":\"https:\\\/\\\/vitablanca.ma\\\/#organization\",\"name\":\"VitaBlanca\",\"url\":\"https:\\\/\\\/vitablanca.ma\\\/\",\"logo\":{\"@type\":\"ImageObject\",\"inLanguage\":\"ar\",\"@id\":\"https:\\\/\\\/vitablanca.ma\\\/#\\\/schema\\\/logo\\\/image\\\/\",\"url\":\"https:\\\/\\\/vitablanca.ma\\\/wp-content\\\/uploads\\\/2025\\\/05\\\/cropped-vitablanca.png\",\"contentUrl\":\"https:\\\/\\\/vitablanca.ma\\\/wp-content\\\/uploads\\\/2025\\\/05\\\/cropped-vitablanca.png\",\"width\":360,\"height\":67,\"caption\":\"VitaBlanca\"},\"image\":{\"@id\":\"https:\\\/\\\/vitablanca.ma\\\/#\\\/schema\\\/logo\\\/image\\\/\"},\"sameAs\":[\"https:\\\/\\\/www.facebook.com\\\/profile.php?id=61576678196717\",\"https:\\\/\\\/www.tiktok.com\\\/@vitablanca.ma\",\"https:\\\/\\\/www.instagram.com\\\/vitablanca.ma\\\/\"]}]}<\/script>\n<!-- \/ Yoast SEO plugin. -->","yoast_head_json":{"title":"Sensilis Upgrade Ampoules 14*1.5ml - Maroc Prix","description":"D\u00e9couvrez les Sensilis Upgrade Ampoules 14\u00d71,5\u202fml, un soin intensif anti-\u00e2ge qui hydrate, lisse les rides, raffermit et ravive l\u2019\u00e9clat de votre peau.","robots":{"index":"index","follow":"follow","max-snippet":"max-snippet:-1","max-image-preview":"max-image-preview:large","max-video-preview":"max-video-preview:-1"},"canonical":"https:\/\/vitablanca.ma\/ar\/product-2\/sensilis-upgrade-ampoules-141-5ml\/","og_locale":"ar_AR","og_type":"article","og_title":"Sensilis Upgrade Ampoules 14*1.5ml - Maroc Prix","og_description":"D\u00e9couvrez les Sensilis Upgrade Ampoules 14\u00d71,5\u202fml, un soin intensif anti-\u00e2ge qui hydrate, lisse les rides, raffermit et ravive l\u2019\u00e9clat de votre peau.","og_url":"https:\/\/vitablanca.ma\/ar\/product-2\/sensilis-upgrade-ampoules-141-5ml\/","og_site_name":"Vitablanca.ma &ndash; Sant&eacute;, vitalit&eacute; et bien-&ecirc;tre pour tous les Marocains","article_publisher":"https:\/\/www.facebook.com\/profile.php?id=61576678196717","article_modified_time":"2026-02-05T23:19:20+00:00","og_image":[{"width":1000,"height":1000,"url":"https:\/\/vitablanca.ma\/wp-content\/uploads\/2025\/06\/Sensilis-Upgrade-Ampoules-14x1.5ml-Nova-prapharmacie-maroc.jpg","type":"image\/jpeg"}],"twitter_card":"summary_large_image","twitter_misc":{"\u0648\u0642\u062a \u0627\u0644\u0642\u0631\u0627\u0621\u0629 \u0627\u0644\u0645\u064f\u0642\u062f\u0651\u0631":"\u062f\u0642\u064a\u0642\u0629 \u0648\u0627\u062d\u062f\u0629"},"schema":{"@context":"https:\/\/schema.org","@graph":[{"@type":["WebPage","ItemPage"],"@id":"https:\/\/vitablanca.ma\/produit\/sensilis-upgrade-ampoules-141-5ml\/","url":"https:\/\/vitablanca.ma\/produit\/sensilis-upgrade-ampoules-141-5ml\/","name":"Sensilis Upgrade Ampoules 14*1.5ml - Maroc Prix","isPartOf":{"@id":"https:\/\/vitablanca.ma\/#website"},"primaryImageOfPage":{"@id":"https:\/\/vitablanca.ma\/produit\/sensilis-upgrade-ampoules-141-5ml\/#primaryimage"},"image":{"@id":"https:\/\/vitablanca.ma\/produit\/sensilis-upgrade-ampoules-141-5ml\/#primaryimage"},"thumbnailUrl":"https:\/\/vitablanca.ma\/wp-content\/uploads\/2025\/06\/Sensilis-Upgrade-Ampoules-14x1.5ml-Nova-prapharmacie-maroc.jpg","datePublished":"2025-06-11T21:42:55+00:00","dateModified":"2026-02-05T23:19:20+00:00","description":"D\u00e9couvrez les Sensilis Upgrade Ampoules 14\u00d71,5\u202fml, un soin intensif anti-\u00e2ge qui hydrate, lisse les rides, raffermit et ravive l\u2019\u00e9clat de votre peau.","breadcrumb":{"@id":"https:\/\/vitablanca.ma\/produit\/sensilis-upgrade-ampoules-141-5ml\/#breadcrumb"},"inLanguage":"ar","potentialAction":[{"@type":"ReadAction","target":["https:\/\/vitablanca.ma\/produit\/sensilis-upgrade-ampoules-141-5ml\/"]}]},{"@type":"ImageObject","inLanguage":"ar","@id":"https:\/\/vitablanca.ma\/produit\/sensilis-upgrade-ampoules-141-5ml\/#primaryimage","url":"https:\/\/vitablanca.ma\/wp-content\/uploads\/2025\/06\/Sensilis-Upgrade-Ampoules-14x1.5ml-Nova-prapharmacie-maroc.jpg","contentUrl":"https:\/\/vitablanca.ma\/wp-content\/uploads\/2025\/06\/Sensilis-Upgrade-Ampoules-14x1.5ml-Nova-prapharmacie-maroc.jpg","width":1000,"height":1000},{"@type":"BreadcrumbList","@id":"https:\/\/vitablanca.ma\/produit\/sensilis-upgrade-ampoules-141-5ml\/#breadcrumb","itemListElement":[{"@type":"ListItem","position":1,"name":"Home","item":"https:\/\/vitablanca.ma\/"},{"@type":"ListItem","position":2,"name":"Tous Les Produits","item":"https:\/\/vitablanca.ma\/tous-les-produits\/"},{"@type":"ListItem","position":3,"name":"Sensilis Upgrade Ampoules 14*1.5ml"}]},{"@type":"WebSite","@id":"https:\/\/vitablanca.ma\/#website","url":"https:\/\/vitablanca.ma\/","name":"VitaBlanca.ma | \u0627\u0644\u0645\u0643\u0645\u0644\u0627\u062a \u0627\u0644\u063a\u0630\u0627\u0626\u064a\u0629\u060c \u0627\u0644\u0635\u062d\u0629 \u0648\u0627\u0644\u062c\u0645\u0627\u0644 \u0641\u064a \u0627\u0644\u0645\u063a\u0631\u0628","description":"\u0646\u0628\u064a\u0639 \u0641\u064a\u062a\u0627\u0645\u064a\u0646\u0627\u062a \u0648\u0645\u0643\u0645\u0644\u0627\u062a \u063a\u0630\u0627\u0626\u064a\u0629 \u0641\u0627\u062e\u0631\u0629 \u0645\u0646 \u0627\u0644\u0648\u0644\u0627\u064a\u0627\u062a \u0627\u0644\u0645\u062a\u062d\u062f\u0629 \u0627\u0644\u0623\u0645\u0631\u064a\u0643\u064a\u0629 \u0648\u0643\u0646\u062f\u0627 \u0648\u0646\u064a\u0648\u0632\u064a\u0644\u0646\u062f\u0627 \u0648\u0627\u0644\u0645\u063a\u0631\u0628 (\u0646\u0627\u0648 \u0641\u0648\u062f\u0632\u060c \u0633\u0648\u0644\u062c\u0627\u0631\u060c \u0645\u0627\u0646\u0648\u0643\u0627). \u062a\u0648\u0635\u064a\u0644 \u0633\u0631\u064a\u0639 \u0625\u0644\u0649 \u062c\u0645\u064a\u0639 \u0623\u0646\u062d\u0627\u0621 \u0627\u0644\u0645\u063a\u0631\u0628.","publisher":{"@id":"https:\/\/vitablanca.ma\/#organization"},"alternateName":"VitaBlanca.ma","potentialAction":[{"@type":"SearchAction","target":{"@type":"EntryPoint","urlTemplate":"https:\/\/vitablanca.ma\/?s={search_term_string}"},"query-input":{"@type":"PropertyValueSpecification","valueRequired":true,"valueName":"search_term_string"}}],"inLanguage":"ar"},{"@type":"Organization","@id":"https:\/\/vitablanca.ma\/#organization","name":"\u0641\u064a\u062a\u0627\u0628\u0644\u0627\u0646\u0643\u0627","url":"https:\/\/vitablanca.ma\/","logo":{"@type":"ImageObject","inLanguage":"ar","@id":"https:\/\/vitablanca.ma\/#\/schema\/logo\/image\/","url":"https:\/\/vitablanca.ma\/wp-content\/uploads\/2025\/05\/cropped-vitablanca.png","contentUrl":"https:\/\/vitablanca.ma\/wp-content\/uploads\/2025\/05\/cropped-vitablanca.png","width":360,"height":67,"caption":"VitaBlanca"},"image":{"@id":"https:\/\/vitablanca.ma\/#\/schema\/logo\/image\/"},"sameAs":["https:\/\/www.facebook.com\/profile.php?id=61576678196717","https:\/\/www.tiktok.com\/@vitablanca.ma","https:\/\/www.instagram.com\/vitablanca.ma\/"]}]}},"jetpack_sharing_enabled":true,"_links":{"self":[{"href":"https:\/\/vitablanca.ma\/ar\/wp-json\/wp\/v2\/product\/22013","targetHints":{"allow":["GET"]}}],"collection":[{"href":"https:\/\/vitablanca.ma\/ar\/wp-json\/wp\/v2\/product"}],"about":[{"href":"https:\/\/vitablanca.ma\/ar\/wp-json\/wp\/v2\/types\/product"}],"wp:featuredmedia":[{"embeddable":true,"href":"https:\/\/vitablanca.ma\/ar\/wp-json\/wp\/v2\/media\/22012"}],"wp:attachment":[{"href":"https:\/\/vitablanca.ma\/ar\/wp-json\/wp\/v2\/media?parent=22013"}],"wp:term":[{"taxonomy":"product_brand","embeddable":true,"href":"https:\/\/vitablanca.ma\/ar\/wp-json\/wp\/v2\/product_brand?post=22013"},{"taxonomy":"product_cat","embeddable":true,"href":"https:\/\/vitablanca.ma\/ar\/wp-json\/wp\/v2\/product_cat?post=22013"},{"taxonomy":"product_tag","embeddable":true,"href":"https:\/\/vitablanca.ma\/ar\/wp-json\/wp\/v2\/product_tag?post=22013"}],"curies":[{"name":"wp","href":"https:\/\/api.w.org\/{rel}","templated":true}]}}