{"id":22008,"date":"2025-06-11T21:42:47","date_gmt":"2025-06-11T21:42:47","guid":{"rendered":"https:\/\/vitablanca.ma\/product\/sensodyne-pro-email-bain-de-bouche-250ml\/"},"modified":"2026-02-06T11:49:01","modified_gmt":"2026-02-06T11:49:01","slug":"sensodyne-pro-email-bain-de-bouche-250ml","status":"publish","type":"product","link":"https:\/\/vitablanca.ma\/ar\/product-2\/sensodyne-pro-email-bain-de-bouche-250ml\/","title":{"rendered":"\u063a\u0633\u0648\u0644 \u0627\u0644\u0641\u0645 \u0633\u0646\u0633\u0648\u062f\u0627\u064a\u0646 \u0628\u0631\u0648\u0646\u0627\u0645\u064a\u0644 250 \u0645\u0644"},"content":{"rendered":"<h2>\u063a\u0633\u0648\u0644 \u0627\u0644\u0641\u0645 \u0633\u0646\u0633\u0648\u062f\u0627\u064a\u0646 \u0628\u0631\u0648\u0646\u0627\u0645\u064a\u0644<span data-mce-fragment=\"1\">\u0627\u0644\u062d\u0645\u0627\u064a\u0629 \u0645\u0646 \u0622\u062b\u0627\u0631 \u0627\u0644\u0647\u062c\u0645\u0627\u062a \u0627\u0644\u062d\u0645\u0636\u064a\u0629<\/span><\/h2>\n<div class=\"box component section product-grey-box first odd\">\n<div id=\"1362059922\" class=\"component-content\">\n<div class=\"paragraphSystem content\">\n<div class=\"box component section left-box odd grid_6 alpha\">\n<div id=\"02076139720\" class=\"component-content\">\n<div class=\"paragraphSystem content\">\n<div class=\"richText component section product-side-txt first odd last\">\n<div class=\"component-content\">\n<div class=\"richText-content\">\n<p>\u0627\u0644\u062d\u0645\u0627\u064a\u0629 \u0645\u0646 \u0622\u062b\u0627\u0631 \u0627\u0644\u0647\u062c\u0645\u0627\u062a \u0627\u0644\u062d\u0645\u0636\u064a\u0629 \u0641\u064a \u063a\u0633\u0648\u0644 \u0627\u0644\u0641\u0645!<\/p>\n<p>\u062a\u0645\u062a \u0635\u064a\u0627\u063a\u0629 \u063a\u0633\u0648\u0644 \u0627\u0644\u0641\u0645 Pro-Enamel \u0644\u0644\u0645\u0633\u0627\u0639\u062f\u0629 \u0641\u064a:<\/p>\n<p>\u2013 Prot\u00e9ger contre les effets des attaques acides<\/p>\n<p>\u2013 Renforcer l\u2019\u00e9mail<\/p>\n<p>\u2013 Rafra\u00eechir l\u2019haleine<\/p>\n<p>Pour aider \u00e0 prot\u00e9ger vos dents contre les effets des attaques acides, nous vous recommandons d\u2019utiliser les produits de la gamme Sensodyne Pro-\u00c9mail<sup>\u00a0<\/sup>au quotidien. Brossez-vous les dents deux fois par jour avec l\u2019un des dentifrice et la brosse \u00e0 dents de la gamme et utilisez le bain de bouche Sensodyne Pro-\u00c9mail apr\u00e8s chaque brossage.<\/p>\n<\/div>\n<\/div>\n<\/div>\n<\/div>\n<\/div>\n<\/div>\n<\/div>\n<\/div>\n<\/div>\n<div class=\"box component section product-details-box even\">\n<div id=\"01025437245\" class=\"component-content\">\n<div class=\"paragraphSystem content\">\n<div class=\"richText component section sensodyne-txt first odd last\">\n<div class=\"component-content\">\n<div class=\"richText-content\">\n<h3>\u0645\u0643\u0648\u0646\u0627\u062a<\/h3>\n<p>\u0645\u0627\u0621\u060c \u062c\u0644\u0633\u0631\u064a\u0646\u060c \u0633\u0648\u0631\u0628\u064a\u062a\u0648\u0644\u060c \u0628\u0648\u0644\u0648\u0643\u0633\u0627\u0645\u0631 338\u060c \u0632\u064a\u062a \u0627\u0644\u062e\u0631\u0648\u0639 \u0627\u0644\u0645\u0647\u062f\u0631\u062c PEG-60\u060c \u0643\u0648\u0628\u0648\u0644\u064a\u0645\u0631 VP\/VA\u060c \u0646\u062a\u0631\u0627\u062a \u0627\u0644\u0628\u0648\u062a\u0627\u0633\u064a\u0648\u0645\u060c \u0628\u0646\u0632\u0648\u0627\u062a \u0627\u0644\u0635\u0648\u062f\u064a\u0648\u0645\u060c \u0635\u0645\u063a \u0627\u0644\u0633\u0644\u064a\u0644\u0648\u0632\u060c \u0631\u0627\u0626\u062d\u0629\u060c \u0641\u0644\u0648\u0631\u064a\u062f \u0627\u0644\u0635\u0648\u062f\u064a\u0648\u0645\u060c \u0645\u064a\u062b\u064a\u0644 \u0628\u0627\u0631\u0627\u0628\u064a\u0646\u060c \u0628\u0631\u0648\u0628\u064a\u0644 \u0628\u0627\u0631\u0627\u0628\u064a\u0646\u060c \u0643\u0644\u0648\u0631\u064a\u062f \u0633\u064a\u062a\u064a\u0644 \u0628\u064a\u0631\u064a\u062f\u064a\u0646\u064a\u0648\u0645\u060c \u0633\u0643\u0631\u064a\u0646 \u0627\u0644\u0635\u0648\u062f\u064a\u0648\u0645\u060c \u0635\u0645\u063a \u0632\u0627\u0646\u062b\u0627\u0646\u060c \u0641\u0648\u0633\u0641\u0627\u062a \u062b\u0646\u0627\u0626\u064a \u0627\u0644\u0635\u0648\u062f\u064a\u0648\u0645\u060c \u0641\u0648\u0633\u0641\u0627\u062a \u0627\u0644\u0635\u0648\u062f\u064a\u0648\u0645\u060c CI 42090.<\/p>\n<p>\u064a\u062d\u062a\u0648\u064a \u0639\u0644\u0649 \u0641\u0644\u0648\u0631\u064a\u062f \u0627\u0644\u0635\u0648\u062f\u064a\u0648\u0645 (450 \u062c\u0632\u0621 \u0641\u064a \u0627\u0644\u0645\u0644\u064a\u0648\u0646 \u0645\u0646 \u0627\u0644\u0641\u0644\u0648\u0631\u0627\u064a\u062f)<\/p>\n<h3>\u0637\u0631\u064a\u0642\u0629 \u0627\u0644\u0627\u0633\u062a\u062e\u062f\u0627\u0645<\/h3>\n<p>\u0627\u0633\u062a\u062e\u062f\u0645\u0647 \u0645\u0631\u062a\u064a\u0646 \u064a\u0648\u0645\u064a\u064b\u0627. \u0642\u0650\u0633 10 \u0645\u0644\u060c \u062b\u0645 \u0627\u0634\u0637\u0641 \u0644\u0645\u062f\u0629 \u062f\u0642\u064a\u0642\u0629 \u0648\u0627\u062d\u062f\u0629\u060c \u062b\u0645 \u0627\u0628\u0635\u0642\u0647. \u0644\u0627 \u062a\u0628\u062a\u0644\u0639\u0647. \u0644\u0627 \u062a\u0634\u0637\u0641\u0647 \u0628\u0627\u0644\u0645\u0627\u0621. \u0642\u062f \u064a\u064f\u0633\u0628\u0628 \u062a\u063a\u064a\u0631\u064b\u0627 \u0641\u064a \u0627\u0644\u0644\u0648\u0646.<\/p>\n<h3>\u0627\u0644\u062a\u062d\u0630\u064a\u0631\u0627\u062a \u0648\u0627\u0644\u0627\u062d\u062a\u064a\u0627\u0637\u0627\u062a<\/h3>\n<p>\u0627\u062a\u0628\u0639 \u0647\u0630\u0647 \u0627\u0644\u0646\u0635\u0627\u0626\u062d \u062f\u0627\u0626\u0645\u064b\u0627.<\/p>\n<p>\u064a\u064f\u062d\u0641\u0638 \u0628\u0639\u064a\u062f\u064b\u0627 \u0639\u0646 \u0645\u062a\u0646\u0627\u0648\u0644 \u0627\u0644\u0623\u0637\u0641\u0627\u0644. \u0644\u0627 \u064a\u064f\u0639\u0637\u0649 \u0644\u0644\u0623\u0637\u0641\u0627\u0644 \u062f\u0648\u0646 \u0633\u0646 \u0661\u0662 \u0639\u0627\u0645\u064b\u0627 \u062f\u0648\u0646 \u0627\u0633\u062a\u0634\u0627\u0631\u0629 \u0637\u0628\u064a\u0628 \u0623\u0633\u0646\u0627\u0646 \u0623\u0648 \u0637\u0628\u064a\u0628. \u0642\u062f \u062a\u0634\u064a\u0631 \u062d\u0633\u0627\u0633\u064a\u0629 \u0627\u0644\u0623\u0633\u0646\u0627\u0646 \u0625\u0644\u0649 \u0645\u0634\u0643\u0644\u0629 \u0643\u0627\u0645\u0646\u0629 \u062a\u062a\u0637\u0644\u0628 \u0639\u0644\u0627\u062c\u064b\u0627. \u0625\u0630\u0627 \u0627\u0633\u062a\u0645\u0631\u062a \u0627\u0644\u0623\u0639\u0631\u0627\u0636 \u0623\u0648 \u0633\u0627\u0621\u062a\u060c \u0627\u0633\u062a\u0634\u0631 \u0637\u0628\u064a\u0628 \u0623\u0633\u0646\u0627\u0646\u0643. \u0641\u064a \u062d\u0627\u0644 \u062d\u062f\u0648\u062b \u062a\u0647\u064a\u062c\u060c \u062a\u0648\u0642\u0641 \u0639\u0646 \u0627\u0644\u0627\u0633\u062a\u062e\u062f\u0627\u0645. \u0644\u0627 \u062a\u0634\u0631\u0628 \u0645\u0628\u0627\u0634\u0631\u0629 \u0645\u0646 \u0627\u0644\u0632\u062c\u0627\u062c\u0629.<\/p>\n<\/div>\n<\/div>\n<\/div>\n<\/div>\n<\/div>\n<\/div>","protected":false},"excerpt":{"rendered":"<p>Sensodyne Pro-\u00c9mail Bain De Bouche prot\u00e9ger contre les effets des attaques acides La protection contre les effets des attaques acides dans un bain de bouche ! Le bain de bouche Pro-\u00c9mail est formul\u00e9 pour aider \u00e0 : \u2013 Prot\u00e9ger contre les effets des attaques acides \u2013 Renforcer l\u2019\u00e9mail \u2013 Rafra\u00eechir l\u2019haleine Pour aider \u00e0 prot\u00e9ger [&hellip;]<\/p>\n","protected":false},"featured_media":22006,"template":"","meta":{"om_disable_all_campaigns":false},"product_brand":[],"product_cat":[15],"product_tag":[8361,8354,7725,8352,8358,8359,6679,8357,8355,8360,8353,8004,8356,8362],"class_list":{"0":"post-22008","1":"product","2":"type-product","3":"status-publish","4":"has-post-thumbnail","6":"product_cat-beaute-sante-complements-alimentaires-soins-et-bien-etre-au-meilleur-prix","7":"product_tag-bain-de-bouche-250ml","8":"product_tag-bain-de-bouche-dents-sensibles","9":"product_tag-bain-de-bouche-sans-alcool","10":"product_tag-bain-de-bouche-sensodyne","11":"product_tag-erosion-acide-dents","12":"product_tag-fluor-bain-de-bouche","13":"product_tag-haleine-fraiche","14":"product_tag-hygiene-buccale-quotidienne","15":"product_tag-protection-email-dentaire","16":"product_tag-sensodyne-maroc","17":"product_tag-sensodyne-pro-email-bain-de-bouche","18":"product_tag-sensodyne-pro-email","19":"product_tag-soins-bucco-dentaires","20":"product_tag-soins-dents-sensibles","22":"first","23":"instock","24":"sale","25":"taxable","26":"shipping-taxable","27":"purchasable","28":"product-type-simple"},"yoast_head":"<!-- This site is optimized with the Yoast SEO plugin v27.5 - https:\/\/yoast.com\/product\/yoast-seo-wordpress\/ -->\n<title>Sensodyne Pro-\u00c9mail Bain De Bouche 250ml - Maroc Prix<\/title>\n<meta name=\"description\" content=\"Sensodyne Pro-\u00c9mail Bain de Bouche 250ml renforce l\u2019\u00e9mail, prot\u00e8ge contre l\u2019\u00e9rosion acide et respecte les dents sensibles. Sans alcool.\" \/>\n<meta name=\"robots\" content=\"index, follow, max-snippet:-1, max-image-preview:large, max-video-preview:-1\" \/>\n<link rel=\"canonical\" href=\"https:\/\/vitablanca.ma\/ar\/product-2\/sensodyne-pro-email-bain-de-bouche-250ml\/\" \/>\n<meta property=\"og:locale\" content=\"ar_AR\" \/>\n<meta property=\"og:type\" content=\"article\" \/>\n<meta property=\"og:title\" content=\"Sensodyne Pro-\u00c9mail Bain De Bouche 250ml - Maroc Prix\" \/>\n<meta property=\"og:description\" content=\"Sensodyne Pro-\u00c9mail Bain de Bouche 250ml renforce l\u2019\u00e9mail, prot\u00e8ge contre l\u2019\u00e9rosion acide et respecte les dents sensibles. Sans alcool.\" \/>\n<meta property=\"og:url\" content=\"https:\/\/vitablanca.ma\/ar\/product-2\/sensodyne-pro-email-bain-de-bouche-250ml\/\" \/>\n<meta property=\"og:site_name\" content=\"Vitablanca.ma &ndash; Sant&eacute;, vitalit&eacute; et bien-&ecirc;tre pour tous les Marocains\" \/>\n<meta property=\"article:publisher\" content=\"https:\/\/www.facebook.com\/profile.php?id=61576678196717\" \/>\n<meta property=\"article:modified_time\" content=\"2026-02-06T11:49:01+00:00\" \/>\n<meta property=\"og:image\" content=\"https:\/\/vitablanca.ma\/wp-content\/uploads\/2025\/06\/Sensodyne-Pro-Email-Bain-De-Bouche-250ml-nova-prapharmacie-maroc.jpg\" \/>\n\t<meta property=\"og:image:width\" content=\"1000\" \/>\n\t<meta property=\"og:image:height\" content=\"1000\" \/>\n\t<meta property=\"og:image:type\" content=\"image\/jpeg\" \/>\n<meta name=\"twitter:card\" content=\"summary_large_image\" \/>\n<meta name=\"twitter:label1\" content=\"\u0648\u0642\u062a \u0627\u0644\u0642\u0631\u0627\u0621\u0629 \u0627\u0644\u0645\u064f\u0642\u062f\u0651\u0631\" \/>\n\t<meta name=\"twitter:data1\" content=\"\u062f\u0642\u064a\u0642\u062a\u0627\u0646\" \/>\n<script type=\"application\/ld+json\" class=\"yoast-schema-graph\">{\"@context\":\"https:\\\/\\\/schema.org\",\"@graph\":[{\"@type\":[\"WebPage\",\"ItemPage\"],\"@id\":\"https:\\\/\\\/vitablanca.ma\\\/produit\\\/sensodyne-pro-email-bain-de-bouche-250ml\\\/\",\"url\":\"https:\\\/\\\/vitablanca.ma\\\/produit\\\/sensodyne-pro-email-bain-de-bouche-250ml\\\/\",\"name\":\"Sensodyne Pro-\u00c9mail Bain De Bouche 250ml - Maroc Prix\",\"isPartOf\":{\"@id\":\"https:\\\/\\\/vitablanca.ma\\\/#website\"},\"primaryImageOfPage\":{\"@id\":\"https:\\\/\\\/vitablanca.ma\\\/produit\\\/sensodyne-pro-email-bain-de-bouche-250ml\\\/#primaryimage\"},\"image\":{\"@id\":\"https:\\\/\\\/vitablanca.ma\\\/produit\\\/sensodyne-pro-email-bain-de-bouche-250ml\\\/#primaryimage\"},\"thumbnailUrl\":\"https:\\\/\\\/vitablanca.ma\\\/wp-content\\\/uploads\\\/2025\\\/06\\\/Sensodyne-Pro-Email-Bain-De-Bouche-250ml-nova-prapharmacie-maroc.jpg\",\"datePublished\":\"2025-06-11T21:42:47+00:00\",\"dateModified\":\"2026-02-06T11:49:01+00:00\",\"description\":\"Sensodyne Pro-\u00c9mail Bain de Bouche 250ml renforce l\u2019\u00e9mail, prot\u00e8ge contre l\u2019\u00e9rosion acide et respecte les dents sensibles. Sans alcool.\",\"breadcrumb\":{\"@id\":\"https:\\\/\\\/vitablanca.ma\\\/produit\\\/sensodyne-pro-email-bain-de-bouche-250ml\\\/#breadcrumb\"},\"inLanguage\":\"ar\",\"potentialAction\":[{\"@type\":\"ReadAction\",\"target\":[\"https:\\\/\\\/vitablanca.ma\\\/produit\\\/sensodyne-pro-email-bain-de-bouche-250ml\\\/\"]}]},{\"@type\":\"ImageObject\",\"inLanguage\":\"ar\",\"@id\":\"https:\\\/\\\/vitablanca.ma\\\/produit\\\/sensodyne-pro-email-bain-de-bouche-250ml\\\/#primaryimage\",\"url\":\"https:\\\/\\\/vitablanca.ma\\\/wp-content\\\/uploads\\\/2025\\\/06\\\/Sensodyne-Pro-Email-Bain-De-Bouche-250ml-nova-prapharmacie-maroc.jpg\",\"contentUrl\":\"https:\\\/\\\/vitablanca.ma\\\/wp-content\\\/uploads\\\/2025\\\/06\\\/Sensodyne-Pro-Email-Bain-De-Bouche-250ml-nova-prapharmacie-maroc.jpg\",\"width\":1000,\"height\":1000},{\"@type\":\"BreadcrumbList\",\"@id\":\"https:\\\/\\\/vitablanca.ma\\\/produit\\\/sensodyne-pro-email-bain-de-bouche-250ml\\\/#breadcrumb\",\"itemListElement\":[{\"@type\":\"ListItem\",\"position\":1,\"name\":\"Home\",\"item\":\"https:\\\/\\\/vitablanca.ma\\\/\"},{\"@type\":\"ListItem\",\"position\":2,\"name\":\"Tous Les Produits\",\"item\":\"https:\\\/\\\/vitablanca.ma\\\/tous-les-produits\\\/\"},{\"@type\":\"ListItem\",\"position\":3,\"name\":\"Sensodyne Pro-\u00c9mail Bain De Bouche 250ml\"}]},{\"@type\":\"WebSite\",\"@id\":\"https:\\\/\\\/vitablanca.ma\\\/#website\",\"url\":\"https:\\\/\\\/vitablanca.ma\\\/\",\"name\":\"VitaBlanca.ma | Compl\u00e9ments alimentaires, sant\u00e9 & beaut\u00e9 au Maroc\",\"description\":\"vendre vitamines et compl\u00e9ments premium des USA &amp; Canada, Nouvelle Z\u00e9lande,Maroc (NOW Foods, Solgar, Manuka). Livraison rapide partout au Maroc.\",\"publisher\":{\"@id\":\"https:\\\/\\\/vitablanca.ma\\\/#organization\"},\"alternateName\":\"VitaBlanca.ma\",\"potentialAction\":[{\"@type\":\"SearchAction\",\"target\":{\"@type\":\"EntryPoint\",\"urlTemplate\":\"https:\\\/\\\/vitablanca.ma\\\/?s={search_term_string}\"},\"query-input\":{\"@type\":\"PropertyValueSpecification\",\"valueRequired\":true,\"valueName\":\"search_term_string\"}}],\"inLanguage\":\"ar\"},{\"@type\":\"Organization\",\"@id\":\"https:\\\/\\\/vitablanca.ma\\\/#organization\",\"name\":\"VitaBlanca\",\"url\":\"https:\\\/\\\/vitablanca.ma\\\/\",\"logo\":{\"@type\":\"ImageObject\",\"inLanguage\":\"ar\",\"@id\":\"https:\\\/\\\/vitablanca.ma\\\/#\\\/schema\\\/logo\\\/image\\\/\",\"url\":\"https:\\\/\\\/vitablanca.ma\\\/wp-content\\\/uploads\\\/2025\\\/05\\\/cropped-vitablanca.png\",\"contentUrl\":\"https:\\\/\\\/vitablanca.ma\\\/wp-content\\\/uploads\\\/2025\\\/05\\\/cropped-vitablanca.png\",\"width\":360,\"height\":67,\"caption\":\"VitaBlanca\"},\"image\":{\"@id\":\"https:\\\/\\\/vitablanca.ma\\\/#\\\/schema\\\/logo\\\/image\\\/\"},\"sameAs\":[\"https:\\\/\\\/www.facebook.com\\\/profile.php?id=61576678196717\",\"https:\\\/\\\/www.tiktok.com\\\/@vitablanca.ma\",\"https:\\\/\\\/www.instagram.com\\\/vitablanca.ma\\\/\"]}]}<\/script>\n<!-- \/ Yoast SEO plugin. -->","yoast_head_json":{"title":"\u063a\u0633\u0648\u0644 \u0627\u0644\u0641\u0645 \u0633\u0646\u0633\u0648\u062f\u0627\u064a\u0646 \u0628\u0631\u0648-\u0625\u064a\u0646\u0627\u0645\u0650\u0644 \u0662\u0665\u0660 \u0645\u0644 - \u0633\u0639\u0631 \u0627\u0644\u0645\u063a\u0631\u0628","description":"Sensodyne Pro-\u00c9mail Bain de Bouche 250ml renforce l\u2019\u00e9mail, prot\u00e8ge contre l\u2019\u00e9rosion acide et respecte les dents sensibles. Sans alcool.","robots":{"index":"index","follow":"follow","max-snippet":"max-snippet:-1","max-image-preview":"max-image-preview:large","max-video-preview":"max-video-preview:-1"},"canonical":"https:\/\/vitablanca.ma\/ar\/product-2\/sensodyne-pro-email-bain-de-bouche-250ml\/","og_locale":"ar_AR","og_type":"article","og_title":"Sensodyne Pro-\u00c9mail Bain De Bouche 250ml - Maroc Prix","og_description":"Sensodyne Pro-\u00c9mail Bain de Bouche 250ml renforce l\u2019\u00e9mail, prot\u00e8ge contre l\u2019\u00e9rosion acide et respecte les dents sensibles. Sans alcool.","og_url":"https:\/\/vitablanca.ma\/ar\/product-2\/sensodyne-pro-email-bain-de-bouche-250ml\/","og_site_name":"Vitablanca.ma &ndash; Sant&eacute;, vitalit&eacute; et bien-&ecirc;tre pour tous les Marocains","article_publisher":"https:\/\/www.facebook.com\/profile.php?id=61576678196717","article_modified_time":"2026-02-06T11:49:01+00:00","og_image":[{"width":1000,"height":1000,"url":"https:\/\/vitablanca.ma\/wp-content\/uploads\/2025\/06\/Sensodyne-Pro-Email-Bain-De-Bouche-250ml-nova-prapharmacie-maroc.jpg","type":"image\/jpeg"}],"twitter_card":"summary_large_image","twitter_misc":{"\u0648\u0642\u062a \u0627\u0644\u0642\u0631\u0627\u0621\u0629 \u0627\u0644\u0645\u064f\u0642\u062f\u0651\u0631":"\u062f\u0642\u064a\u0642\u062a\u0627\u0646"},"schema":{"@context":"https:\/\/schema.org","@graph":[{"@type":["WebPage","ItemPage"],"@id":"https:\/\/vitablanca.ma\/produit\/sensodyne-pro-email-bain-de-bouche-250ml\/","url":"https:\/\/vitablanca.ma\/produit\/sensodyne-pro-email-bain-de-bouche-250ml\/","name":"\u063a\u0633\u0648\u0644 \u0627\u0644\u0641\u0645 \u0633\u0646\u0633\u0648\u062f\u0627\u064a\u0646 \u0628\u0631\u0648-\u0625\u064a\u0646\u0627\u0645\u0650\u0644 \u0662\u0665\u0660 \u0645\u0644 - \u0633\u0639\u0631 \u0627\u0644\u0645\u063a\u0631\u0628","isPartOf":{"@id":"https:\/\/vitablanca.ma\/#website"},"primaryImageOfPage":{"@id":"https:\/\/vitablanca.ma\/produit\/sensodyne-pro-email-bain-de-bouche-250ml\/#primaryimage"},"image":{"@id":"https:\/\/vitablanca.ma\/produit\/sensodyne-pro-email-bain-de-bouche-250ml\/#primaryimage"},"thumbnailUrl":"https:\/\/vitablanca.ma\/wp-content\/uploads\/2025\/06\/Sensodyne-Pro-Email-Bain-De-Bouche-250ml-nova-prapharmacie-maroc.jpg","datePublished":"2025-06-11T21:42:47+00:00","dateModified":"2026-02-06T11:49:01+00:00","description":"Sensodyne Pro-\u00c9mail Bain de Bouche 250ml renforce l\u2019\u00e9mail, prot\u00e8ge contre l\u2019\u00e9rosion acide et respecte les dents sensibles. Sans alcool.","breadcrumb":{"@id":"https:\/\/vitablanca.ma\/produit\/sensodyne-pro-email-bain-de-bouche-250ml\/#breadcrumb"},"inLanguage":"ar","potentialAction":[{"@type":"ReadAction","target":["https:\/\/vitablanca.ma\/produit\/sensodyne-pro-email-bain-de-bouche-250ml\/"]}]},{"@type":"ImageObject","inLanguage":"ar","@id":"https:\/\/vitablanca.ma\/produit\/sensodyne-pro-email-bain-de-bouche-250ml\/#primaryimage","url":"https:\/\/vitablanca.ma\/wp-content\/uploads\/2025\/06\/Sensodyne-Pro-Email-Bain-De-Bouche-250ml-nova-prapharmacie-maroc.jpg","contentUrl":"https:\/\/vitablanca.ma\/wp-content\/uploads\/2025\/06\/Sensodyne-Pro-Email-Bain-De-Bouche-250ml-nova-prapharmacie-maroc.jpg","width":1000,"height":1000},{"@type":"BreadcrumbList","@id":"https:\/\/vitablanca.ma\/produit\/sensodyne-pro-email-bain-de-bouche-250ml\/#breadcrumb","itemListElement":[{"@type":"ListItem","position":1,"name":"Home","item":"https:\/\/vitablanca.ma\/"},{"@type":"ListItem","position":2,"name":"Tous Les Produits","item":"https:\/\/vitablanca.ma\/tous-les-produits\/"},{"@type":"ListItem","position":3,"name":"Sensodyne Pro-\u00c9mail Bain De Bouche 250ml"}]},{"@type":"WebSite","@id":"https:\/\/vitablanca.ma\/#website","url":"https:\/\/vitablanca.ma\/","name":"VitaBlanca.ma | \u0627\u0644\u0645\u0643\u0645\u0644\u0627\u062a \u0627\u0644\u063a\u0630\u0627\u0626\u064a\u0629\u060c \u0627\u0644\u0635\u062d\u0629 \u0648\u0627\u0644\u062c\u0645\u0627\u0644 \u0641\u064a \u0627\u0644\u0645\u063a\u0631\u0628","description":"\u0646\u0628\u064a\u0639 \u0641\u064a\u062a\u0627\u0645\u064a\u0646\u0627\u062a \u0648\u0645\u0643\u0645\u0644\u0627\u062a \u063a\u0630\u0627\u0626\u064a\u0629 \u0641\u0627\u062e\u0631\u0629 \u0645\u0646 \u0627\u0644\u0648\u0644\u0627\u064a\u0627\u062a \u0627\u0644\u0645\u062a\u062d\u062f\u0629 \u0627\u0644\u0623\u0645\u0631\u064a\u0643\u064a\u0629 \u0648\u0643\u0646\u062f\u0627 \u0648\u0646\u064a\u0648\u0632\u064a\u0644\u0646\u062f\u0627 \u0648\u0627\u0644\u0645\u063a\u0631\u0628 (\u0646\u0627\u0648 \u0641\u0648\u062f\u0632\u060c \u0633\u0648\u0644\u062c\u0627\u0631\u060c \u0645\u0627\u0646\u0648\u0643\u0627). \u062a\u0648\u0635\u064a\u0644 \u0633\u0631\u064a\u0639 \u0625\u0644\u0649 \u062c\u0645\u064a\u0639 \u0623\u0646\u062d\u0627\u0621 \u0627\u0644\u0645\u063a\u0631\u0628.","publisher":{"@id":"https:\/\/vitablanca.ma\/#organization"},"alternateName":"VitaBlanca.ma","potentialAction":[{"@type":"SearchAction","target":{"@type":"EntryPoint","urlTemplate":"https:\/\/vitablanca.ma\/?s={search_term_string}"},"query-input":{"@type":"PropertyValueSpecification","valueRequired":true,"valueName":"search_term_string"}}],"inLanguage":"ar"},{"@type":"Organization","@id":"https:\/\/vitablanca.ma\/#organization","name":"\u0641\u064a\u062a\u0627\u0628\u0644\u0627\u0646\u0643\u0627","url":"https:\/\/vitablanca.ma\/","logo":{"@type":"ImageObject","inLanguage":"ar","@id":"https:\/\/vitablanca.ma\/#\/schema\/logo\/image\/","url":"https:\/\/vitablanca.ma\/wp-content\/uploads\/2025\/05\/cropped-vitablanca.png","contentUrl":"https:\/\/vitablanca.ma\/wp-content\/uploads\/2025\/05\/cropped-vitablanca.png","width":360,"height":67,"caption":"VitaBlanca"},"image":{"@id":"https:\/\/vitablanca.ma\/#\/schema\/logo\/image\/"},"sameAs":["https:\/\/www.facebook.com\/profile.php?id=61576678196717","https:\/\/www.tiktok.com\/@vitablanca.ma","https:\/\/www.instagram.com\/vitablanca.ma\/"]}]}},"jetpack_sharing_enabled":true,"_links":{"self":[{"href":"https:\/\/vitablanca.ma\/ar\/wp-json\/wp\/v2\/product\/22008","targetHints":{"allow":["GET"]}}],"collection":[{"href":"https:\/\/vitablanca.ma\/ar\/wp-json\/wp\/v2\/product"}],"about":[{"href":"https:\/\/vitablanca.ma\/ar\/wp-json\/wp\/v2\/types\/product"}],"wp:featuredmedia":[{"embeddable":true,"href":"https:\/\/vitablanca.ma\/ar\/wp-json\/wp\/v2\/media\/22006"}],"wp:attachment":[{"href":"https:\/\/vitablanca.ma\/ar\/wp-json\/wp\/v2\/media?parent=22008"}],"wp:term":[{"taxonomy":"product_brand","embeddable":true,"href":"https:\/\/vitablanca.ma\/ar\/wp-json\/wp\/v2\/product_brand?post=22008"},{"taxonomy":"product_cat","embeddable":true,"href":"https:\/\/vitablanca.ma\/ar\/wp-json\/wp\/v2\/product_cat?post=22008"},{"taxonomy":"product_tag","embeddable":true,"href":"https:\/\/vitablanca.ma\/ar\/wp-json\/wp\/v2\/product_tag?post=22008"}],"curies":[{"name":"wp","href":"https:\/\/api.w.org\/{rel}","templated":true}]}}