{"id":21997,"date":"2025-06-11T21:42:35","date_gmt":"2025-06-11T21:42:35","guid":{"rendered":"https:\/\/vitablanca.ma\/product\/sensilis-upgrade-serum-30ml\/"},"modified":"2026-02-06T12:20:02","modified_gmt":"2026-02-06T12:20:02","slug":"sensilis-upgrade-serum-30ml","status":"publish","type":"product","link":"https:\/\/vitablanca.ma\/ar\/product-2\/sensilis-upgrade-serum-30ml\/","title":{"rendered":"\u0633\u064a\u0631\u0648\u0645 \u0633\u064a\u0646\u0633\u064a\u0644\u064a\u0633 \u0627\u0644\u0645\u062d\u0633\u0646 30 \u0645\u0644"},"content":{"rendered":"<h2>Sensilis Upgrade Serum\u00a0<span data-mce-fragment=\"1\">concentr\u00e9 rajeunissant intensif lissera les rides et les lignes d\u2019expression.\u00a0<\/span><\/h2>\n<div class=\"woocommerce-product-details__short-description\">\n<p>D\u00e8s la premi\u00e8re application, ce concentr\u00e9 rajeunissant intensif lissera les rides et les lignes d\u2019expression. De plus, il raffermira votre peau en rehaussant vos traits et red\u00e9finissant l\u2019ovale de votre visage.<\/p>\n<\/div>\n<h3>\u064a\u0633\u062a\u062e\u062f\u0645<\/h3>\n<div class=\"fila-sensilis\">\n<div class=\"fila-textos-consejo celda-80\">\n<ol>\n<li>\u0636\u0639\u064a \u0628\u0636\u0639 \u0642\u0637\u0631\u0627\u062a \u0648\u0637\u0628\u0642\u064a\u0647\u0627 \u0645\u0646 \u0645\u0646\u062a\u0635\u0641 \u0627\u0644\u0648\u062c\u0647 \u062d\u062a\u0649 \u0627\u0644\u0630\u0642\u0646\u060c \u0645\u0646 \u0627\u0644\u062f\u0627\u062e\u0644 \u0625\u0644\u0649 \u0627\u0644\u062e\u0627\u0631\u062c\u060c \u0639\u0646 \u0637\u0631\u064a\u0642 \u0627\u0644\u062a\u0631\u0628\u064a\u062a.<\/li>\n<li>\u0636\u0639\u064a \u0627\u0644\u0645\u0646\u062a\u062c \u0639\u0644\u0649 \u0627\u0644\u062c\u0628\u0647\u0629 \u0648\u0648\u0632\u0639\u064a\u0647 \u0645\u0646 \u0627\u0644\u0623\u0633\u0641\u0644 \u0625\u0644\u0649 \u0627\u0644\u0623\u0639\u0644\u0649.<\/li>\n<li>\u0636\u0639\u064a \u0642\u0637\u0631\u0629 \u0625\u0636\u0627\u0641\u064a\u0629 \u0639\u0644\u0649 \u0643\u0627\u0645\u0644 \u0627\u0644\u0631\u0642\u0628\u0629.<\/li>\n<li>\u0642\u0645 \u0628\u062a\u062f\u0644\u064a\u0643 \u0627\u0644\u0631\u0642\u0628\u0629 \u0645\u0646 \u0627\u0644\u0623\u0633\u0641\u0644 \u0625\u0644\u0649 \u0627\u0644\u0623\u0639\u0644\u0649\u060c \u0644\u0645\u0648\u0627\u0632\u0646\u0629 \u0627\u0644\u062c\u0627\u0630\u0628\u064a\u0629.<\/li>\n<\/ol>\n<\/div>\n<\/div>","protected":false},"excerpt":{"rendered":"<p>Sensilis Upgrade Serum\u00a0concentr\u00e9 rajeunissant intensif lissera les rides et les lignes d\u2019expression.\u00a0 D\u00e8s la premi\u00e8re application, ce concentr\u00e9 rajeunissant intensif lissera les rides et les lignes d\u2019expression. De plus, il raffermira votre peau en rehaussant vos traits et red\u00e9finissant l\u2019ovale de votre visage. Utilisation Verser quelques gouttes et l\u2019appliquer depuis la moiti\u00e9 du visage jusqu\u2019au [&hellip;]<\/p>\n","protected":false},"featured_media":21995,"template":"","meta":{"om_disable_all_campaigns":false},"product_brand":[],"product_cat":[15],"product_tag":[8371,6189,8411,6419,7070,8410,8372,8408,8407,7447,6186,8409],"class_list":{"0":"post-21997","1":"product","2":"type-product","3":"status-publish","4":"has-post-thumbnail","6":"product_cat-beaute-sante-complements-alimentaires-soins-et-bien-etre-au-meilleur-prix","7":"product_tag-cosmetique-anti-age","8":"product_tag-eclat-du-teint","9":"product_tag-elasticite-visage","10":"product_tag-peau-raffermie","11":"product_tag-regeneration-cellulaire","12":"product_tag-ride-ridule-peau","13":"product_tag-sensilis-maroc","14":"product_tag-sensilis-serum-30ml","15":"product_tag-sensilis-upgrade-serum","16":"product_tag-serum-anti-age","17":"product_tag-serum-visage","18":"product_tag-soin-peau-anti-rides","20":"first","21":"instock","22":"sale","23":"taxable","24":"shipping-taxable","25":"purchasable","26":"product-type-simple"},"yoast_head":"<!-- This site is optimized with the Yoast SEO plugin v27.4 - https:\/\/yoast.com\/product\/yoast-seo-wordpress\/ -->\n<title>Sensilis Upgrade Serum 30ml - Maroc Prix<\/title>\n<meta name=\"description\" content=\"Sensilis Upgrade Serum 30ml : s\u00e9rum anti-\u00e2ge concentr\u00e9 qui lisse rides, raffermit et revitalise la peau pour un teint plus jeune et lumineux.\" \/>\n<meta name=\"robots\" content=\"index, follow, max-snippet:-1, max-image-preview:large, max-video-preview:-1\" \/>\n<link rel=\"canonical\" href=\"https:\/\/vitablanca.ma\/ar\/product-2\/sensilis-upgrade-serum-30ml\/\" \/>\n<meta property=\"og:locale\" content=\"ar_AR\" \/>\n<meta property=\"og:type\" content=\"article\" \/>\n<meta property=\"og:title\" content=\"Sensilis Upgrade Serum 30ml - Maroc Prix\" \/>\n<meta property=\"og:description\" content=\"Sensilis Upgrade Serum 30ml : s\u00e9rum anti-\u00e2ge concentr\u00e9 qui lisse rides, raffermit et revitalise la peau pour un teint plus jeune et lumineux.\" \/>\n<meta property=\"og:url\" content=\"https:\/\/vitablanca.ma\/ar\/product-2\/sensilis-upgrade-serum-30ml\/\" \/>\n<meta property=\"og:site_name\" content=\"Vitablanca.ma &ndash; Sant&eacute;, vitalit&eacute; et bien-&ecirc;tre pour tous les Marocains\" \/>\n<meta property=\"article:publisher\" content=\"https:\/\/www.facebook.com\/profile.php?id=61576678196717\" \/>\n<meta property=\"article:modified_time\" content=\"2026-02-06T12:20:02+00:00\" \/>\n<meta property=\"og:image\" content=\"https:\/\/vitablanca.ma\/wp-content\/uploads\/2025\/06\/Sensilis-Upgrade-Serum-30ml-Nova-prapharmacie-maroc.jpg\" \/>\n\t<meta property=\"og:image:width\" content=\"1000\" \/>\n\t<meta property=\"og:image:height\" content=\"1000\" \/>\n\t<meta property=\"og:image:type\" content=\"image\/jpeg\" \/>\n<meta name=\"twitter:card\" content=\"summary_large_image\" \/>\n<meta name=\"twitter:label1\" content=\"\u0648\u0642\u062a \u0627\u0644\u0642\u0631\u0627\u0621\u0629 \u0627\u0644\u0645\u064f\u0642\u062f\u0651\u0631\" \/>\n\t<meta name=\"twitter:data1\" content=\"\u062f\u0642\u064a\u0642\u0629 \u0648\u0627\u062d\u062f\u0629\" \/>\n<script type=\"application\/ld+json\" class=\"yoast-schema-graph\">{\"@context\":\"https:\\\/\\\/schema.org\",\"@graph\":[{\"@type\":[\"WebPage\",\"ItemPage\"],\"@id\":\"https:\\\/\\\/vitablanca.ma\\\/produit\\\/sensilis-upgrade-serum-30ml\\\/\",\"url\":\"https:\\\/\\\/vitablanca.ma\\\/produit\\\/sensilis-upgrade-serum-30ml\\\/\",\"name\":\"Sensilis Upgrade Serum 30ml - Maroc Prix\",\"isPartOf\":{\"@id\":\"https:\\\/\\\/vitablanca.ma\\\/#website\"},\"primaryImageOfPage\":{\"@id\":\"https:\\\/\\\/vitablanca.ma\\\/produit\\\/sensilis-upgrade-serum-30ml\\\/#primaryimage\"},\"image\":{\"@id\":\"https:\\\/\\\/vitablanca.ma\\\/produit\\\/sensilis-upgrade-serum-30ml\\\/#primaryimage\"},\"thumbnailUrl\":\"https:\\\/\\\/vitablanca.ma\\\/wp-content\\\/uploads\\\/2025\\\/06\\\/Sensilis-Upgrade-Serum-30ml-Nova-prapharmacie-maroc.jpg\",\"datePublished\":\"2025-06-11T21:42:35+00:00\",\"dateModified\":\"2026-02-06T12:20:02+00:00\",\"description\":\"Sensilis Upgrade Serum 30ml : s\u00e9rum anti-\u00e2ge concentr\u00e9 qui lisse rides, raffermit et revitalise la peau pour un teint plus jeune et lumineux.\",\"breadcrumb\":{\"@id\":\"https:\\\/\\\/vitablanca.ma\\\/produit\\\/sensilis-upgrade-serum-30ml\\\/#breadcrumb\"},\"inLanguage\":\"ar\",\"potentialAction\":[{\"@type\":\"ReadAction\",\"target\":[\"https:\\\/\\\/vitablanca.ma\\\/produit\\\/sensilis-upgrade-serum-30ml\\\/\"]}]},{\"@type\":\"ImageObject\",\"inLanguage\":\"ar\",\"@id\":\"https:\\\/\\\/vitablanca.ma\\\/produit\\\/sensilis-upgrade-serum-30ml\\\/#primaryimage\",\"url\":\"https:\\\/\\\/vitablanca.ma\\\/wp-content\\\/uploads\\\/2025\\\/06\\\/Sensilis-Upgrade-Serum-30ml-Nova-prapharmacie-maroc.jpg\",\"contentUrl\":\"https:\\\/\\\/vitablanca.ma\\\/wp-content\\\/uploads\\\/2025\\\/06\\\/Sensilis-Upgrade-Serum-30ml-Nova-prapharmacie-maroc.jpg\",\"width\":1000,\"height\":1000},{\"@type\":\"BreadcrumbList\",\"@id\":\"https:\\\/\\\/vitablanca.ma\\\/produit\\\/sensilis-upgrade-serum-30ml\\\/#breadcrumb\",\"itemListElement\":[{\"@type\":\"ListItem\",\"position\":1,\"name\":\"Home\",\"item\":\"https:\\\/\\\/vitablanca.ma\\\/\"},{\"@type\":\"ListItem\",\"position\":2,\"name\":\"Tous Les Produits\",\"item\":\"https:\\\/\\\/vitablanca.ma\\\/tous-les-produits\\\/\"},{\"@type\":\"ListItem\",\"position\":3,\"name\":\"Sensilis Upgrade Serum 30ml\"}]},{\"@type\":\"WebSite\",\"@id\":\"https:\\\/\\\/vitablanca.ma\\\/#website\",\"url\":\"https:\\\/\\\/vitablanca.ma\\\/\",\"name\":\"VitaBlanca.ma | Compl\u00e9ments alimentaires, sant\u00e9 & beaut\u00e9 au Maroc\",\"description\":\"vendre vitamines et compl\u00e9ments premium des USA &amp; Canada, Nouvelle Z\u00e9lande,Maroc (NOW Foods, Solgar, Manuka). Livraison rapide partout au Maroc.\",\"publisher\":{\"@id\":\"https:\\\/\\\/vitablanca.ma\\\/#organization\"},\"alternateName\":\"VitaBlanca.ma\",\"potentialAction\":[{\"@type\":\"SearchAction\",\"target\":{\"@type\":\"EntryPoint\",\"urlTemplate\":\"https:\\\/\\\/vitablanca.ma\\\/?s={search_term_string}\"},\"query-input\":{\"@type\":\"PropertyValueSpecification\",\"valueRequired\":true,\"valueName\":\"search_term_string\"}}],\"inLanguage\":\"ar\"},{\"@type\":\"Organization\",\"@id\":\"https:\\\/\\\/vitablanca.ma\\\/#organization\",\"name\":\"VitaBlanca\",\"url\":\"https:\\\/\\\/vitablanca.ma\\\/\",\"logo\":{\"@type\":\"ImageObject\",\"inLanguage\":\"ar\",\"@id\":\"https:\\\/\\\/vitablanca.ma\\\/#\\\/schema\\\/logo\\\/image\\\/\",\"url\":\"https:\\\/\\\/vitablanca.ma\\\/wp-content\\\/uploads\\\/2025\\\/05\\\/cropped-vitablanca.png\",\"contentUrl\":\"https:\\\/\\\/vitablanca.ma\\\/wp-content\\\/uploads\\\/2025\\\/05\\\/cropped-vitablanca.png\",\"width\":360,\"height\":67,\"caption\":\"VitaBlanca\"},\"image\":{\"@id\":\"https:\\\/\\\/vitablanca.ma\\\/#\\\/schema\\\/logo\\\/image\\\/\"},\"sameAs\":[\"https:\\\/\\\/www.facebook.com\\\/profile.php?id=61576678196717\",\"https:\\\/\\\/www.tiktok.com\\\/@vitablanca.ma\",\"https:\\\/\\\/www.instagram.com\\\/vitablanca.ma\\\/\"]}]}<\/script>\n<!-- \/ Yoast SEO plugin. -->","yoast_head_json":{"title":"Sensilis Upgrade Serum 30ml - Maroc Prix","description":"Sensilis Upgrade Serum 30ml : s\u00e9rum anti-\u00e2ge concentr\u00e9 qui lisse rides, raffermit et revitalise la peau pour un teint plus jeune et lumineux.","robots":{"index":"index","follow":"follow","max-snippet":"max-snippet:-1","max-image-preview":"max-image-preview:large","max-video-preview":"max-video-preview:-1"},"canonical":"https:\/\/vitablanca.ma\/ar\/product-2\/sensilis-upgrade-serum-30ml\/","og_locale":"ar_AR","og_type":"article","og_title":"Sensilis Upgrade Serum 30ml - Maroc Prix","og_description":"Sensilis Upgrade Serum 30ml : s\u00e9rum anti-\u00e2ge concentr\u00e9 qui lisse rides, raffermit et revitalise la peau pour un teint plus jeune et lumineux.","og_url":"https:\/\/vitablanca.ma\/ar\/product-2\/sensilis-upgrade-serum-30ml\/","og_site_name":"Vitablanca.ma &ndash; Sant&eacute;, vitalit&eacute; et bien-&ecirc;tre pour tous les Marocains","article_publisher":"https:\/\/www.facebook.com\/profile.php?id=61576678196717","article_modified_time":"2026-02-06T12:20:02+00:00","og_image":[{"width":1000,"height":1000,"url":"https:\/\/vitablanca.ma\/wp-content\/uploads\/2025\/06\/Sensilis-Upgrade-Serum-30ml-Nova-prapharmacie-maroc.jpg","type":"image\/jpeg"}],"twitter_card":"summary_large_image","twitter_misc":{"\u0648\u0642\u062a \u0627\u0644\u0642\u0631\u0627\u0621\u0629 \u0627\u0644\u0645\u064f\u0642\u062f\u0651\u0631":"\u062f\u0642\u064a\u0642\u0629 \u0648\u0627\u062d\u062f\u0629"},"schema":{"@context":"https:\/\/schema.org","@graph":[{"@type":["WebPage","ItemPage"],"@id":"https:\/\/vitablanca.ma\/produit\/sensilis-upgrade-serum-30ml\/","url":"https:\/\/vitablanca.ma\/produit\/sensilis-upgrade-serum-30ml\/","name":"Sensilis Upgrade Serum 30ml - Maroc Prix","isPartOf":{"@id":"https:\/\/vitablanca.ma\/#website"},"primaryImageOfPage":{"@id":"https:\/\/vitablanca.ma\/produit\/sensilis-upgrade-serum-30ml\/#primaryimage"},"image":{"@id":"https:\/\/vitablanca.ma\/produit\/sensilis-upgrade-serum-30ml\/#primaryimage"},"thumbnailUrl":"https:\/\/vitablanca.ma\/wp-content\/uploads\/2025\/06\/Sensilis-Upgrade-Serum-30ml-Nova-prapharmacie-maroc.jpg","datePublished":"2025-06-11T21:42:35+00:00","dateModified":"2026-02-06T12:20:02+00:00","description":"Sensilis Upgrade Serum 30ml : s\u00e9rum anti-\u00e2ge concentr\u00e9 qui lisse rides, raffermit et revitalise la peau pour un teint plus jeune et lumineux.","breadcrumb":{"@id":"https:\/\/vitablanca.ma\/produit\/sensilis-upgrade-serum-30ml\/#breadcrumb"},"inLanguage":"ar","potentialAction":[{"@type":"ReadAction","target":["https:\/\/vitablanca.ma\/produit\/sensilis-upgrade-serum-30ml\/"]}]},{"@type":"ImageObject","inLanguage":"ar","@id":"https:\/\/vitablanca.ma\/produit\/sensilis-upgrade-serum-30ml\/#primaryimage","url":"https:\/\/vitablanca.ma\/wp-content\/uploads\/2025\/06\/Sensilis-Upgrade-Serum-30ml-Nova-prapharmacie-maroc.jpg","contentUrl":"https:\/\/vitablanca.ma\/wp-content\/uploads\/2025\/06\/Sensilis-Upgrade-Serum-30ml-Nova-prapharmacie-maroc.jpg","width":1000,"height":1000},{"@type":"BreadcrumbList","@id":"https:\/\/vitablanca.ma\/produit\/sensilis-upgrade-serum-30ml\/#breadcrumb","itemListElement":[{"@type":"ListItem","position":1,"name":"Home","item":"https:\/\/vitablanca.ma\/"},{"@type":"ListItem","position":2,"name":"Tous Les Produits","item":"https:\/\/vitablanca.ma\/tous-les-produits\/"},{"@type":"ListItem","position":3,"name":"Sensilis Upgrade Serum 30ml"}]},{"@type":"WebSite","@id":"https:\/\/vitablanca.ma\/#website","url":"https:\/\/vitablanca.ma\/","name":"VitaBlanca.ma | \u0627\u0644\u0645\u0643\u0645\u0644\u0627\u062a \u0627\u0644\u063a\u0630\u0627\u0626\u064a\u0629\u060c \u0627\u0644\u0635\u062d\u0629 \u0648\u0627\u0644\u062c\u0645\u0627\u0644 \u0641\u064a \u0627\u0644\u0645\u063a\u0631\u0628","description":"\u0646\u0628\u064a\u0639 \u0641\u064a\u062a\u0627\u0645\u064a\u0646\u0627\u062a \u0648\u0645\u0643\u0645\u0644\u0627\u062a \u063a\u0630\u0627\u0626\u064a\u0629 \u0641\u0627\u062e\u0631\u0629 \u0645\u0646 \u0627\u0644\u0648\u0644\u0627\u064a\u0627\u062a \u0627\u0644\u0645\u062a\u062d\u062f\u0629 \u0627\u0644\u0623\u0645\u0631\u064a\u0643\u064a\u0629 \u0648\u0643\u0646\u062f\u0627 \u0648\u0646\u064a\u0648\u0632\u064a\u0644\u0646\u062f\u0627 \u0648\u0627\u0644\u0645\u063a\u0631\u0628 (\u0646\u0627\u0648 \u0641\u0648\u062f\u0632\u060c \u0633\u0648\u0644\u062c\u0627\u0631\u060c \u0645\u0627\u0646\u0648\u0643\u0627). \u062a\u0648\u0635\u064a\u0644 \u0633\u0631\u064a\u0639 \u0625\u0644\u0649 \u062c\u0645\u064a\u0639 \u0623\u0646\u062d\u0627\u0621 \u0627\u0644\u0645\u063a\u0631\u0628.","publisher":{"@id":"https:\/\/vitablanca.ma\/#organization"},"alternateName":"VitaBlanca.ma","potentialAction":[{"@type":"SearchAction","target":{"@type":"EntryPoint","urlTemplate":"https:\/\/vitablanca.ma\/?s={search_term_string}"},"query-input":{"@type":"PropertyValueSpecification","valueRequired":true,"valueName":"search_term_string"}}],"inLanguage":"ar"},{"@type":"Organization","@id":"https:\/\/vitablanca.ma\/#organization","name":"\u0641\u064a\u062a\u0627\u0628\u0644\u0627\u0646\u0643\u0627","url":"https:\/\/vitablanca.ma\/","logo":{"@type":"ImageObject","inLanguage":"ar","@id":"https:\/\/vitablanca.ma\/#\/schema\/logo\/image\/","url":"https:\/\/vitablanca.ma\/wp-content\/uploads\/2025\/05\/cropped-vitablanca.png","contentUrl":"https:\/\/vitablanca.ma\/wp-content\/uploads\/2025\/05\/cropped-vitablanca.png","width":360,"height":67,"caption":"VitaBlanca"},"image":{"@id":"https:\/\/vitablanca.ma\/#\/schema\/logo\/image\/"},"sameAs":["https:\/\/www.facebook.com\/profile.php?id=61576678196717","https:\/\/www.tiktok.com\/@vitablanca.ma","https:\/\/www.instagram.com\/vitablanca.ma\/"]}]}},"jetpack_sharing_enabled":true,"_links":{"self":[{"href":"https:\/\/vitablanca.ma\/ar\/wp-json\/wp\/v2\/product\/21997","targetHints":{"allow":["GET"]}}],"collection":[{"href":"https:\/\/vitablanca.ma\/ar\/wp-json\/wp\/v2\/product"}],"about":[{"href":"https:\/\/vitablanca.ma\/ar\/wp-json\/wp\/v2\/types\/product"}],"wp:featuredmedia":[{"embeddable":true,"href":"https:\/\/vitablanca.ma\/ar\/wp-json\/wp\/v2\/media\/21995"}],"wp:attachment":[{"href":"https:\/\/vitablanca.ma\/ar\/wp-json\/wp\/v2\/media?parent=21997"}],"wp:term":[{"taxonomy":"product_brand","embeddable":true,"href":"https:\/\/vitablanca.ma\/ar\/wp-json\/wp\/v2\/product_brand?post=21997"},{"taxonomy":"product_cat","embeddable":true,"href":"https:\/\/vitablanca.ma\/ar\/wp-json\/wp\/v2\/product_cat?post=21997"},{"taxonomy":"product_tag","embeddable":true,"href":"https:\/\/vitablanca.ma\/ar\/wp-json\/wp\/v2\/product_tag?post=21997"}],"curies":[{"name":"wp","href":"https:\/\/api.w.org\/{rel}","templated":true}]}}