{"id":21994,"date":"2025-06-11T21:42:31","date_gmt":"2025-06-11T21:42:31","guid":{"rendered":"https:\/\/vitablanca.ma\/product\/sensilis-sensitive-skin-lab-water-fluid-spf-50-texture-light-40-ml\/"},"modified":"2026-02-06T12:26:17","modified_gmt":"2026-02-06T12:26:17","slug":"sensilis-sensitive-skin-lab-water-fluid-spf-50-texture-light-40-ml","status":"publish","type":"product","link":"https:\/\/vitablanca.ma\/ar\/product-2\/sensilis-sensitive-skin-lab-water-fluid-spf-50-texture-light-40-ml\/","title":{"rendered":"\u0633\u0627\u0626\u0644 \u0645\u0627\u0626\u064a \u0645\u062e\u062a\u0628\u0631\u064a \u0644\u0644\u0628\u0634\u0631\u0629 \u0627\u0644\u062d\u0633\u0627\u0633\u0629 \u0645\u0646 \u0633\u064a\u0646\u0633\u064a\u0644\u064a\u0633 \u0628\u0639\u0627\u0645\u0644 \u062d\u0645\u0627\u064a\u0629 \u0645\u0646 \u0627\u0644\u0634\u0645\u0633 50+\u060c \u0642\u0648\u0627\u0645 \u062e\u0641\u064a\u0641\u060c 40 \u0645\u0644"},"content":{"rendered":"<h2>\u0633\u0627\u0626\u0644 \u0645\u0627\u0626\u064a \u0645\u062e\u062a\u0628\u0631\u064a \u0644\u0644\u0628\u0634\u0631\u0629 \u0627\u0644\u062d\u0633\u0627\u0633\u0629 \u0645\u0646 \u0633\u064a\u0646\u0633\u064a\u0644\u064a\u0633 \u0628\u0639\u0627\u0645\u0644 \u062d\u0645\u0627\u064a\u0629 \u0645\u0646 \u0627\u0644\u0634\u0645\u0633 50+\u060c \u0642\u0648\u0627\u0645 \u062e\u0641\u064a\u0641\u060c 40 \u0645\u0644<\/h2>\n<p>Sensilis Sensitive Skin Lab Water Fluid SPF 50+ ! Cette cr\u00e8me solaire haute protection \u00e0 base d\u2019eau allie efficacit\u00e9 et l\u00e9g\u00e8ret\u00e9, pour offrir une exp\u00e9rience sensorielle unique. Formul\u00e9e avec une texture ultra-l\u00e9g\u00e8re, elle fond instantan\u00e9ment sur la peau, procurant une sensation de fra\u00eecheur agr\u00e9able et un fini invisible, soyeux et mat. En plus de prot\u00e9ger des rayons UV, elle corrige les imperfections et unifie le teint pour un \u00e9clat naturel et sain.<\/p>\n<p>Cette cr\u00e8me est parfaite pour ceux qui recherchent une protection solaire haute performance, sans compromis sur le confort. Son fini mat est id\u00e9al pour les peaux mixtes \u00e0 grasses, tout en \u00e9vitant l\u2019effet luisant. Le Sensilis Water Fluid SPF 50+ est non com\u00e9dog\u00e8ne, ce qui le rend compatible avec les peaux sensibles et sujettes aux imperfections.<\/p>\n<p>Avec sa formule innovante \u00e0 base d\u2019eau, il laisse la peau respirer tout en garantissant une protection solaire optimale contre les agressions ext\u00e9rieures. Offrez \u00e0 votre peau une haute protection sans traces visibles, et profitez de chaque jour en toute s\u00e9r\u00e9nit\u00e9.<\/p>\n<p><strong>\u0637\u0631\u064a\u0642\u0629 \u0627\u0644\u0627\u0633\u062a\u062e\u062f\u0627\u0645:<\/strong><\/p>\n<p>Appliquez g\u00e9n\u00e9reusement sur le visage et le cou, 30 minutes avant l\u2019exposition au soleil.<br \/>\nRenouvelez l\u2019application toutes les deux heures, surtout apr\u00e8s avoir nag\u00e9 ou transpir\u00e9.<br \/>\nUtilisez quotidiennement pour prot\u00e9ger la peau des agressions environnementales.<\/p>","protected":false},"excerpt":{"rendered":"<p>SENSILIS SENSITIVE SKIN LAB WATER FLUID SPF 50+ TEXTURE LIGHT 40 ML Sensilis Sensitive Skin Lab Water Fluid SPF 50+ ! Cette cr\u00e8me solaire haute protection \u00e0 base d\u2019eau allie efficacit\u00e9 et l\u00e9g\u00e8ret\u00e9, pour offrir une exp\u00e9rience sensorielle unique. Formul\u00e9e avec une texture ultra-l\u00e9g\u00e8re, elle fond instantan\u00e9ment sur la peau, procurant une sensation de fra\u00eecheur [&hellip;]<\/p>\n","protected":false},"featured_media":21992,"template":"","meta":{"om_disable_all_campaigns":false},"product_brand":[],"product_cat":[15],"product_tag":[8425,8420,8424,8418,8423,8426,8421,8372,8417,8422,8419,8427],"class_list":{"0":"post-21994","1":"product","2":"type-product","3":"status-publish","4":"has-post-thumbnail","6":"product_cat-beaute-sante-complements-alimentaires-soins-et-bien-etre-au-meilleur-prix","7":"product_tag-ecran-solaire-haute-protection","8":"product_tag-fluide-leger-visage","9":"product_tag-fluide-matifiant-visage","10":"product_tag-fluide-solaire-sensilis","11":"product_tag-hydratation-et-protection-uv","12":"product_tag-peau-sensible-spf","13":"product_tag-protection-solaire-peaux-sensibles","14":"product_tag-sensilis-maroc","15":"product_tag-sensilis-sensitive-skin-lab","16":"product_tag-soin-visage-spf","17":"product_tag-spf50-visage","18":"product_tag-sun-care-sensilis","20":"first","21":"instock","22":"sale","23":"taxable","24":"shipping-taxable","25":"purchasable","26":"product-type-simple"},"yoast_head":"<!-- This site is optimized with the Yoast SEO plugin v27.5 - https:\/\/yoast.com\/product\/yoast-seo-wordpress\/ -->\n<title>SENSILIS SENSITIVE SKIN LAB WATER FLUID SPF - Maroc Prix<\/title>\n<meta name=\"description\" content=\"Sensilis Sensitive Skin Lab Water Fluid SPF50+ 40ml : fluide solaire l\u00e9ger pour peaux sensibles, prot\u00e8ge contre UV, hydrate et matifie le visage.\" \/>\n<meta name=\"robots\" content=\"index, follow, max-snippet:-1, max-image-preview:large, max-video-preview:-1\" \/>\n<link rel=\"canonical\" href=\"https:\/\/vitablanca.ma\/ar\/product-2\/sensilis-sensitive-skin-lab-water-fluid-spf-50-texture-light-40-ml\/\" \/>\n<meta property=\"og:locale\" content=\"ar_AR\" \/>\n<meta property=\"og:type\" content=\"article\" \/>\n<meta property=\"og:title\" content=\"SENSILIS SENSITIVE SKIN LAB WATER FLUID SPF - Maroc Prix\" \/>\n<meta property=\"og:description\" content=\"Sensilis Sensitive Skin Lab Water Fluid SPF50+ 40ml : fluide solaire l\u00e9ger pour peaux sensibles, prot\u00e8ge contre UV, hydrate et matifie le visage.\" \/>\n<meta property=\"og:url\" content=\"https:\/\/vitablanca.ma\/ar\/product-2\/sensilis-sensitive-skin-lab-water-fluid-spf-50-texture-light-40-ml\/\" \/>\n<meta property=\"og:site_name\" content=\"Vitablanca.ma &ndash; Sant&eacute;, vitalit&eacute; et bien-&ecirc;tre pour tous les Marocains\" \/>\n<meta property=\"article:publisher\" content=\"https:\/\/www.facebook.com\/profile.php?id=61576678196717\" \/>\n<meta property=\"article:modified_time\" content=\"2026-02-06T12:26:17+00:00\" \/>\n<meta property=\"og:image\" content=\"https:\/\/vitablanca.ma\/wp-content\/uploads\/2025\/06\/Sensilis-waterfluid-color-spf50-40ml-Nova-para-prix-Maroc.jpg\" \/>\n\t<meta property=\"og:image:width\" content=\"1080\" \/>\n\t<meta property=\"og:image:height\" content=\"1080\" \/>\n\t<meta property=\"og:image:type\" content=\"image\/jpeg\" \/>\n<meta name=\"twitter:card\" content=\"summary_large_image\" \/>\n<meta name=\"twitter:label1\" content=\"\u0648\u0642\u062a \u0627\u0644\u0642\u0631\u0627\u0621\u0629 \u0627\u0644\u0645\u064f\u0642\u062f\u0651\u0631\" \/>\n\t<meta name=\"twitter:data1\" content=\"\u062f\u0642\u064a\u0642\u062a\u0627\u0646\" \/>\n<script type=\"application\/ld+json\" class=\"yoast-schema-graph\">{\"@context\":\"https:\\\/\\\/schema.org\",\"@graph\":[{\"@type\":[\"WebPage\",\"ItemPage\"],\"@id\":\"https:\\\/\\\/vitablanca.ma\\\/produit\\\/sensilis-sensitive-skin-lab-water-fluid-spf-50-texture-light-40-ml\\\/\",\"url\":\"https:\\\/\\\/vitablanca.ma\\\/produit\\\/sensilis-sensitive-skin-lab-water-fluid-spf-50-texture-light-40-ml\\\/\",\"name\":\"SENSILIS SENSITIVE SKIN LAB WATER FLUID SPF - Maroc Prix\",\"isPartOf\":{\"@id\":\"https:\\\/\\\/vitablanca.ma\\\/#website\"},\"primaryImageOfPage\":{\"@id\":\"https:\\\/\\\/vitablanca.ma\\\/produit\\\/sensilis-sensitive-skin-lab-water-fluid-spf-50-texture-light-40-ml\\\/#primaryimage\"},\"image\":{\"@id\":\"https:\\\/\\\/vitablanca.ma\\\/produit\\\/sensilis-sensitive-skin-lab-water-fluid-spf-50-texture-light-40-ml\\\/#primaryimage\"},\"thumbnailUrl\":\"https:\\\/\\\/vitablanca.ma\\\/wp-content\\\/uploads\\\/2025\\\/06\\\/Sensilis-waterfluid-color-spf50-40ml-Nova-para-prix-Maroc.jpg\",\"datePublished\":\"2025-06-11T21:42:31+00:00\",\"dateModified\":\"2026-02-06T12:26:17+00:00\",\"description\":\"Sensilis Sensitive Skin Lab Water Fluid SPF50+ 40ml : fluide solaire l\u00e9ger pour peaux sensibles, prot\u00e8ge contre UV, hydrate et matifie le visage.\",\"breadcrumb\":{\"@id\":\"https:\\\/\\\/vitablanca.ma\\\/produit\\\/sensilis-sensitive-skin-lab-water-fluid-spf-50-texture-light-40-ml\\\/#breadcrumb\"},\"inLanguage\":\"ar\",\"potentialAction\":[{\"@type\":\"ReadAction\",\"target\":[\"https:\\\/\\\/vitablanca.ma\\\/produit\\\/sensilis-sensitive-skin-lab-water-fluid-spf-50-texture-light-40-ml\\\/\"]}]},{\"@type\":\"ImageObject\",\"inLanguage\":\"ar\",\"@id\":\"https:\\\/\\\/vitablanca.ma\\\/produit\\\/sensilis-sensitive-skin-lab-water-fluid-spf-50-texture-light-40-ml\\\/#primaryimage\",\"url\":\"https:\\\/\\\/vitablanca.ma\\\/wp-content\\\/uploads\\\/2025\\\/06\\\/Sensilis-waterfluid-color-spf50-40ml-Nova-para-prix-Maroc.jpg\",\"contentUrl\":\"https:\\\/\\\/vitablanca.ma\\\/wp-content\\\/uploads\\\/2025\\\/06\\\/Sensilis-waterfluid-color-spf50-40ml-Nova-para-prix-Maroc.jpg\",\"width\":1080,\"height\":1080},{\"@type\":\"BreadcrumbList\",\"@id\":\"https:\\\/\\\/vitablanca.ma\\\/produit\\\/sensilis-sensitive-skin-lab-water-fluid-spf-50-texture-light-40-ml\\\/#breadcrumb\",\"itemListElement\":[{\"@type\":\"ListItem\",\"position\":1,\"name\":\"Home\",\"item\":\"https:\\\/\\\/vitablanca.ma\\\/\"},{\"@type\":\"ListItem\",\"position\":2,\"name\":\"Tous Les Produits\",\"item\":\"https:\\\/\\\/vitablanca.ma\\\/tous-les-produits\\\/\"},{\"@type\":\"ListItem\",\"position\":3,\"name\":\"SENSILIS SENSITIVE SKIN LAB WATER FLUID SPF 50+ TEXTURE LIGHT 40 ML\"}]},{\"@type\":\"WebSite\",\"@id\":\"https:\\\/\\\/vitablanca.ma\\\/#website\",\"url\":\"https:\\\/\\\/vitablanca.ma\\\/\",\"name\":\"VitaBlanca.ma | Compl\u00e9ments alimentaires, sant\u00e9 & beaut\u00e9 au Maroc\",\"description\":\"vendre vitamines et compl\u00e9ments premium des USA &amp; Canada, Nouvelle Z\u00e9lande,Maroc (NOW Foods, Solgar, Manuka). Livraison rapide partout au Maroc.\",\"publisher\":{\"@id\":\"https:\\\/\\\/vitablanca.ma\\\/#organization\"},\"alternateName\":\"VitaBlanca.ma\",\"potentialAction\":[{\"@type\":\"SearchAction\",\"target\":{\"@type\":\"EntryPoint\",\"urlTemplate\":\"https:\\\/\\\/vitablanca.ma\\\/?s={search_term_string}\"},\"query-input\":{\"@type\":\"PropertyValueSpecification\",\"valueRequired\":true,\"valueName\":\"search_term_string\"}}],\"inLanguage\":\"ar\"},{\"@type\":\"Organization\",\"@id\":\"https:\\\/\\\/vitablanca.ma\\\/#organization\",\"name\":\"VitaBlanca\",\"url\":\"https:\\\/\\\/vitablanca.ma\\\/\",\"logo\":{\"@type\":\"ImageObject\",\"inLanguage\":\"ar\",\"@id\":\"https:\\\/\\\/vitablanca.ma\\\/#\\\/schema\\\/logo\\\/image\\\/\",\"url\":\"https:\\\/\\\/vitablanca.ma\\\/wp-content\\\/uploads\\\/2025\\\/05\\\/cropped-vitablanca.png\",\"contentUrl\":\"https:\\\/\\\/vitablanca.ma\\\/wp-content\\\/uploads\\\/2025\\\/05\\\/cropped-vitablanca.png\",\"width\":360,\"height\":67,\"caption\":\"VitaBlanca\"},\"image\":{\"@id\":\"https:\\\/\\\/vitablanca.ma\\\/#\\\/schema\\\/logo\\\/image\\\/\"},\"sameAs\":[\"https:\\\/\\\/www.facebook.com\\\/profile.php?id=61576678196717\",\"https:\\\/\\\/www.tiktok.com\\\/@vitablanca.ma\",\"https:\\\/\\\/www.instagram.com\\\/vitablanca.ma\\\/\"]}]}<\/script>\n<!-- \/ Yoast SEO plugin. -->","yoast_head_json":{"title":"SENSILIS SENSITIVE SKIN LAB WATER FLUID SPF - Maroc Prix","description":"Sensilis Sensitive Skin Lab Water Fluid SPF50+ 40ml : fluide solaire l\u00e9ger pour peaux sensibles, prot\u00e8ge contre UV, hydrate et matifie le visage.","robots":{"index":"index","follow":"follow","max-snippet":"max-snippet:-1","max-image-preview":"max-image-preview:large","max-video-preview":"max-video-preview:-1"},"canonical":"https:\/\/vitablanca.ma\/ar\/product-2\/sensilis-sensitive-skin-lab-water-fluid-spf-50-texture-light-40-ml\/","og_locale":"ar_AR","og_type":"article","og_title":"SENSILIS SENSITIVE SKIN LAB WATER FLUID SPF - Maroc Prix","og_description":"Sensilis Sensitive Skin Lab Water Fluid SPF50+ 40ml : fluide solaire l\u00e9ger pour peaux sensibles, prot\u00e8ge contre UV, hydrate et matifie le visage.","og_url":"https:\/\/vitablanca.ma\/ar\/product-2\/sensilis-sensitive-skin-lab-water-fluid-spf-50-texture-light-40-ml\/","og_site_name":"Vitablanca.ma &ndash; Sant&eacute;, vitalit&eacute; et bien-&ecirc;tre pour tous les Marocains","article_publisher":"https:\/\/www.facebook.com\/profile.php?id=61576678196717","article_modified_time":"2026-02-06T12:26:17+00:00","og_image":[{"width":1080,"height":1080,"url":"https:\/\/vitablanca.ma\/wp-content\/uploads\/2025\/06\/Sensilis-waterfluid-color-spf50-40ml-Nova-para-prix-Maroc.jpg","type":"image\/jpeg"}],"twitter_card":"summary_large_image","twitter_misc":{"\u0648\u0642\u062a \u0627\u0644\u0642\u0631\u0627\u0621\u0629 \u0627\u0644\u0645\u064f\u0642\u062f\u0651\u0631":"\u062f\u0642\u064a\u0642\u062a\u0627\u0646"},"schema":{"@context":"https:\/\/schema.org","@graph":[{"@type":["WebPage","ItemPage"],"@id":"https:\/\/vitablanca.ma\/produit\/sensilis-sensitive-skin-lab-water-fluid-spf-50-texture-light-40-ml\/","url":"https:\/\/vitablanca.ma\/produit\/sensilis-sensitive-skin-lab-water-fluid-spf-50-texture-light-40-ml\/","name":"SENSILIS SENSITIVE SKIN LAB WATER FLUID SPF - Maroc Prix","isPartOf":{"@id":"https:\/\/vitablanca.ma\/#website"},"primaryImageOfPage":{"@id":"https:\/\/vitablanca.ma\/produit\/sensilis-sensitive-skin-lab-water-fluid-spf-50-texture-light-40-ml\/#primaryimage"},"image":{"@id":"https:\/\/vitablanca.ma\/produit\/sensilis-sensitive-skin-lab-water-fluid-spf-50-texture-light-40-ml\/#primaryimage"},"thumbnailUrl":"https:\/\/vitablanca.ma\/wp-content\/uploads\/2025\/06\/Sensilis-waterfluid-color-spf50-40ml-Nova-para-prix-Maroc.jpg","datePublished":"2025-06-11T21:42:31+00:00","dateModified":"2026-02-06T12:26:17+00:00","description":"Sensilis Sensitive Skin Lab Water Fluid SPF50+ 40ml : fluide solaire l\u00e9ger pour peaux sensibles, prot\u00e8ge contre UV, hydrate et matifie le visage.","breadcrumb":{"@id":"https:\/\/vitablanca.ma\/produit\/sensilis-sensitive-skin-lab-water-fluid-spf-50-texture-light-40-ml\/#breadcrumb"},"inLanguage":"ar","potentialAction":[{"@type":"ReadAction","target":["https:\/\/vitablanca.ma\/produit\/sensilis-sensitive-skin-lab-water-fluid-spf-50-texture-light-40-ml\/"]}]},{"@type":"ImageObject","inLanguage":"ar","@id":"https:\/\/vitablanca.ma\/produit\/sensilis-sensitive-skin-lab-water-fluid-spf-50-texture-light-40-ml\/#primaryimage","url":"https:\/\/vitablanca.ma\/wp-content\/uploads\/2025\/06\/Sensilis-waterfluid-color-spf50-40ml-Nova-para-prix-Maroc.jpg","contentUrl":"https:\/\/vitablanca.ma\/wp-content\/uploads\/2025\/06\/Sensilis-waterfluid-color-spf50-40ml-Nova-para-prix-Maroc.jpg","width":1080,"height":1080},{"@type":"BreadcrumbList","@id":"https:\/\/vitablanca.ma\/produit\/sensilis-sensitive-skin-lab-water-fluid-spf-50-texture-light-40-ml\/#breadcrumb","itemListElement":[{"@type":"ListItem","position":1,"name":"Home","item":"https:\/\/vitablanca.ma\/"},{"@type":"ListItem","position":2,"name":"Tous Les Produits","item":"https:\/\/vitablanca.ma\/tous-les-produits\/"},{"@type":"ListItem","position":3,"name":"SENSILIS SENSITIVE SKIN LAB WATER FLUID SPF 50+ TEXTURE LIGHT 40 ML"}]},{"@type":"WebSite","@id":"https:\/\/vitablanca.ma\/#website","url":"https:\/\/vitablanca.ma\/","name":"VitaBlanca.ma | \u0627\u0644\u0645\u0643\u0645\u0644\u0627\u062a \u0627\u0644\u063a\u0630\u0627\u0626\u064a\u0629\u060c \u0627\u0644\u0635\u062d\u0629 \u0648\u0627\u0644\u062c\u0645\u0627\u0644 \u0641\u064a \u0627\u0644\u0645\u063a\u0631\u0628","description":"\u0646\u0628\u064a\u0639 \u0641\u064a\u062a\u0627\u0645\u064a\u0646\u0627\u062a \u0648\u0645\u0643\u0645\u0644\u0627\u062a \u063a\u0630\u0627\u0626\u064a\u0629 \u0641\u0627\u062e\u0631\u0629 \u0645\u0646 \u0627\u0644\u0648\u0644\u0627\u064a\u0627\u062a \u0627\u0644\u0645\u062a\u062d\u062f\u0629 \u0627\u0644\u0623\u0645\u0631\u064a\u0643\u064a\u0629 \u0648\u0643\u0646\u062f\u0627 \u0648\u0646\u064a\u0648\u0632\u064a\u0644\u0646\u062f\u0627 \u0648\u0627\u0644\u0645\u063a\u0631\u0628 (\u0646\u0627\u0648 \u0641\u0648\u062f\u0632\u060c \u0633\u0648\u0644\u062c\u0627\u0631\u060c \u0645\u0627\u0646\u0648\u0643\u0627). \u062a\u0648\u0635\u064a\u0644 \u0633\u0631\u064a\u0639 \u0625\u0644\u0649 \u062c\u0645\u064a\u0639 \u0623\u0646\u062d\u0627\u0621 \u0627\u0644\u0645\u063a\u0631\u0628.","publisher":{"@id":"https:\/\/vitablanca.ma\/#organization"},"alternateName":"VitaBlanca.ma","potentialAction":[{"@type":"SearchAction","target":{"@type":"EntryPoint","urlTemplate":"https:\/\/vitablanca.ma\/?s={search_term_string}"},"query-input":{"@type":"PropertyValueSpecification","valueRequired":true,"valueName":"search_term_string"}}],"inLanguage":"ar"},{"@type":"Organization","@id":"https:\/\/vitablanca.ma\/#organization","name":"\u0641\u064a\u062a\u0627\u0628\u0644\u0627\u0646\u0643\u0627","url":"https:\/\/vitablanca.ma\/","logo":{"@type":"ImageObject","inLanguage":"ar","@id":"https:\/\/vitablanca.ma\/#\/schema\/logo\/image\/","url":"https:\/\/vitablanca.ma\/wp-content\/uploads\/2025\/05\/cropped-vitablanca.png","contentUrl":"https:\/\/vitablanca.ma\/wp-content\/uploads\/2025\/05\/cropped-vitablanca.png","width":360,"height":67,"caption":"VitaBlanca"},"image":{"@id":"https:\/\/vitablanca.ma\/#\/schema\/logo\/image\/"},"sameAs":["https:\/\/www.facebook.com\/profile.php?id=61576678196717","https:\/\/www.tiktok.com\/@vitablanca.ma","https:\/\/www.instagram.com\/vitablanca.ma\/"]}]}},"jetpack_sharing_enabled":true,"_links":{"self":[{"href":"https:\/\/vitablanca.ma\/ar\/wp-json\/wp\/v2\/product\/21994","targetHints":{"allow":["GET"]}}],"collection":[{"href":"https:\/\/vitablanca.ma\/ar\/wp-json\/wp\/v2\/product"}],"about":[{"href":"https:\/\/vitablanca.ma\/ar\/wp-json\/wp\/v2\/types\/product"}],"wp:featuredmedia":[{"embeddable":true,"href":"https:\/\/vitablanca.ma\/ar\/wp-json\/wp\/v2\/media\/21992"}],"wp:attachment":[{"href":"https:\/\/vitablanca.ma\/ar\/wp-json\/wp\/v2\/media?parent=21994"}],"wp:term":[{"taxonomy":"product_brand","embeddable":true,"href":"https:\/\/vitablanca.ma\/ar\/wp-json\/wp\/v2\/product_brand?post=21994"},{"taxonomy":"product_cat","embeddable":true,"href":"https:\/\/vitablanca.ma\/ar\/wp-json\/wp\/v2\/product_cat?post=21994"},{"taxonomy":"product_tag","embeddable":true,"href":"https:\/\/vitablanca.ma\/ar\/wp-json\/wp\/v2\/product_tag?post=21994"}],"curies":[{"name":"wp","href":"https:\/\/api.w.org\/{rel}","templated":true}]}}