{"id":21982,"date":"2025-06-11T21:42:15","date_gmt":"2025-06-11T21:42:15","guid":{"rendered":"https:\/\/vitablanca.ma\/product\/sensilis-ritual-care-hydro-nourishing-toner-200ml\/"},"modified":"2026-02-06T12:34:31","modified_gmt":"2026-02-06T12:34:31","slug":"sensilis-ritual-care-hydro-nourishing-toner-200ml","status":"publish","type":"product","link":"https:\/\/vitablanca.ma\/ar\/product-2\/sensilis-ritual-care-hydro-nourishing-toner-200ml\/","title":{"rendered":"\u062a\u0648\u0646\u0631 \u0633\u064a\u0646\u0633\u064a\u0644\u064a\u0633 \u0631\u064a\u062a\u0648\u0627\u0644 \u0643\u064a\u0631 \u0647\u064a\u062f\u0631\u0648-\u0646\u0648\u0631\u064a\u0634\u064a\u0646\u063a 200 \u0645\u0644"},"content":{"rendered":"<h2>Sensilis Ritual Care Hydro-Nourishing Toner <span data-mce-fragment=\"1\">r\u00e9actives apr\u00e8s la mousse nettoyante et purifiante.<\/span><\/h2>\n<div class=\"woocommerce-product-details__short-description\">\n<p>Une peau douce et en bonne sant\u00e9. Comment ? En utilisant cette lotion tonique pour peaux s\u00e8ches, sensibles et r\u00e9actives apr\u00e8s la mousse nettoyante et purifiante.<\/p>\n<\/div>\n<h3>\u0637\u0644\u0628<\/h3>\n<div class=\"fila-sensilis\">\n<div class=\"fila-textos-consejo celda-80\">\n<ol>\n<li>Nettoyer le visage auparavant.<\/li>\n<li>Imbiber un coton et le glisser doucement sur l\u2019ensemble du visage.<\/li>\n<li>Votre peau est pr\u00eate pour continuer avec votre traitement habituel<\/li>\n<\/ol>\n<\/div>\n<\/div>","protected":false},"excerpt":{"rendered":"<p>Sensilis Ritual Care Hydro-Nourishing Toner r\u00e9actives apr\u00e8s la mousse nettoyante et purifiante. Une peau douce et en bonne sant\u00e9. Comment ? En utilisant cette lotion tonique pour peaux s\u00e8ches, sensibles et r\u00e9actives apr\u00e8s la mousse nettoyante et purifiante. Application Nettoyer le visage auparavant. Imbiber un coton et le glisser doucement sur l\u2019ensemble du visage. Votre [&hellip;]<\/p>\n","protected":false},"featured_media":21981,"template":"","meta":{"om_disable_all_campaigns":false},"product_brand":[5971],"product_cat":[18,15],"product_tag":[5974,5977,5973,5978,5976,5975,5960,5956,5972],"class_list":{"0":"post-21982","1":"product","2":"type-product","3":"status-publish","4":"has-post-thumbnail","6":"product_brand-rituals-maroc-prix","7":"product_cat-beaute-sante","8":"product_cat-beaute-sante-complements-alimentaires-soins-et-bien-etre-au-meilleur-prix","9":"product_tag-bien-etre-luxe-maroc","10":"product_tag-brume-rituals","11":"product_tag-parfum-rituals","12":"product_tag-produits-rituals-maroc","13":"product_tag-ritual-of-ayurveda-maroc","14":"product_tag-ritual-of-sakura-maroc","15":"product_tag-rituals-cosmetics-maroc","16":"product_tag-rituals-maroc","17":"product_tag-soins-corps-rituals","19":"first","20":"instock","21":"sale","22":"taxable","23":"shipping-taxable","24":"purchasable","25":"product-type-simple"},"yoast_head":"<!-- This site is optimized with the Yoast SEO plugin v27.4 - https:\/\/yoast.com\/product\/yoast-seo-wordpress\/ -->\n<title>Sensilis Ritual Care Hydro-Nourishing Toner 200ml - Maroc Prix<\/title>\n<meta name=\"description\" content=\"Sensilis Ritual Care Hydro-Nourishing Toner 200\u202fml : tonique visage hydratant et apaisant, purifie, rafra\u00eechit et pr\u00e9pare la peau aux soins suivants.\" \/>\n<meta name=\"robots\" content=\"index, follow, max-snippet:-1, max-image-preview:large, max-video-preview:-1\" \/>\n<link rel=\"canonical\" href=\"https:\/\/vitablanca.ma\/ar\/product-2\/sensilis-ritual-care-hydro-nourishing-toner-200ml\/\" \/>\n<meta property=\"og:locale\" content=\"ar_AR\" \/>\n<meta property=\"og:type\" content=\"article\" \/>\n<meta property=\"og:title\" content=\"Sensilis Ritual Care Hydro-Nourishing Toner 200ml - Maroc Prix\" \/>\n<meta property=\"og:description\" content=\"Sensilis Ritual Care Hydro-Nourishing Toner 200\u202fml : tonique visage hydratant et apaisant, purifie, rafra\u00eechit et pr\u00e9pare la peau aux soins suivants.\" \/>\n<meta property=\"og:url\" content=\"https:\/\/vitablanca.ma\/ar\/product-2\/sensilis-ritual-care-hydro-nourishing-toner-200ml\/\" \/>\n<meta property=\"og:site_name\" content=\"Vitablanca.ma &ndash; Sant&eacute;, vitalit&eacute; et bien-&ecirc;tre pour tous les Marocains\" \/>\n<meta property=\"article:publisher\" content=\"https:\/\/www.facebook.com\/profile.php?id=61576678196717\" \/>\n<meta property=\"article:modified_time\" content=\"2026-02-06T12:34:31+00:00\" \/>\n<meta property=\"og:image\" content=\"https:\/\/vitablanca.ma\/wp-content\/uploads\/2025\/06\/Sensilis-Ritual-Care-Hydro-Nourishing-Toner-200ml-nova-prapharmacie-maroc.jpg\" \/>\n\t<meta property=\"og:image:width\" content=\"1000\" \/>\n\t<meta property=\"og:image:height\" content=\"1000\" \/>\n\t<meta property=\"og:image:type\" content=\"image\/jpeg\" \/>\n<meta name=\"twitter:card\" content=\"summary_large_image\" \/>\n<meta name=\"twitter:label1\" content=\"\u0648\u0642\u062a \u0627\u0644\u0642\u0631\u0627\u0621\u0629 \u0627\u0644\u0645\u064f\u0642\u062f\u0651\u0631\" \/>\n\t<meta name=\"twitter:data1\" content=\"\u062f\u0642\u064a\u0642\u0629 \u0648\u0627\u062d\u062f\u0629\" \/>\n<script type=\"application\/ld+json\" class=\"yoast-schema-graph\">{\"@context\":\"https:\\\/\\\/schema.org\",\"@graph\":[{\"@type\":[\"WebPage\",\"ItemPage\"],\"@id\":\"https:\\\/\\\/vitablanca.ma\\\/produit\\\/sensilis-ritual-care-hydro-nourishing-toner-200ml\\\/\",\"url\":\"https:\\\/\\\/vitablanca.ma\\\/produit\\\/sensilis-ritual-care-hydro-nourishing-toner-200ml\\\/\",\"name\":\"Sensilis Ritual Care Hydro-Nourishing Toner 200ml - Maroc Prix\",\"isPartOf\":{\"@id\":\"https:\\\/\\\/vitablanca.ma\\\/#website\"},\"primaryImageOfPage\":{\"@id\":\"https:\\\/\\\/vitablanca.ma\\\/produit\\\/sensilis-ritual-care-hydro-nourishing-toner-200ml\\\/#primaryimage\"},\"image\":{\"@id\":\"https:\\\/\\\/vitablanca.ma\\\/produit\\\/sensilis-ritual-care-hydro-nourishing-toner-200ml\\\/#primaryimage\"},\"thumbnailUrl\":\"https:\\\/\\\/vitablanca.ma\\\/wp-content\\\/uploads\\\/2025\\\/06\\\/Sensilis-Ritual-Care-Hydro-Nourishing-Toner-200ml-nova-prapharmacie-maroc.jpg\",\"datePublished\":\"2025-06-11T21:42:15+00:00\",\"dateModified\":\"2026-02-06T12:34:31+00:00\",\"description\":\"Sensilis Ritual Care Hydro-Nourishing Toner 200\u202fml : tonique visage hydratant et apaisant, purifie, rafra\u00eechit et pr\u00e9pare la peau aux soins suivants.\",\"breadcrumb\":{\"@id\":\"https:\\\/\\\/vitablanca.ma\\\/produit\\\/sensilis-ritual-care-hydro-nourishing-toner-200ml\\\/#breadcrumb\"},\"inLanguage\":\"ar\",\"potentialAction\":[{\"@type\":\"ReadAction\",\"target\":[\"https:\\\/\\\/vitablanca.ma\\\/produit\\\/sensilis-ritual-care-hydro-nourishing-toner-200ml\\\/\"]}]},{\"@type\":\"ImageObject\",\"inLanguage\":\"ar\",\"@id\":\"https:\\\/\\\/vitablanca.ma\\\/produit\\\/sensilis-ritual-care-hydro-nourishing-toner-200ml\\\/#primaryimage\",\"url\":\"https:\\\/\\\/vitablanca.ma\\\/wp-content\\\/uploads\\\/2025\\\/06\\\/Sensilis-Ritual-Care-Hydro-Nourishing-Toner-200ml-nova-prapharmacie-maroc.jpg\",\"contentUrl\":\"https:\\\/\\\/vitablanca.ma\\\/wp-content\\\/uploads\\\/2025\\\/06\\\/Sensilis-Ritual-Care-Hydro-Nourishing-Toner-200ml-nova-prapharmacie-maroc.jpg\",\"width\":1000,\"height\":1000},{\"@type\":\"BreadcrumbList\",\"@id\":\"https:\\\/\\\/vitablanca.ma\\\/produit\\\/sensilis-ritual-care-hydro-nourishing-toner-200ml\\\/#breadcrumb\",\"itemListElement\":[{\"@type\":\"ListItem\",\"position\":1,\"name\":\"Home\",\"item\":\"https:\\\/\\\/vitablanca.ma\\\/\"},{\"@type\":\"ListItem\",\"position\":2,\"name\":\"Tous Les Produits\",\"item\":\"https:\\\/\\\/vitablanca.ma\\\/tous-les-produits\\\/\"},{\"@type\":\"ListItem\",\"position\":3,\"name\":\"Sensilis Ritual Care Hydro-Nourishing Toner 200ml\"}]},{\"@type\":\"WebSite\",\"@id\":\"https:\\\/\\\/vitablanca.ma\\\/#website\",\"url\":\"https:\\\/\\\/vitablanca.ma\\\/\",\"name\":\"VitaBlanca.ma | Compl\u00e9ments alimentaires, sant\u00e9 & beaut\u00e9 au Maroc\",\"description\":\"vendre vitamines et compl\u00e9ments premium des USA &amp; Canada, Nouvelle Z\u00e9lande,Maroc (NOW Foods, Solgar, Manuka). Livraison rapide partout au Maroc.\",\"publisher\":{\"@id\":\"https:\\\/\\\/vitablanca.ma\\\/#organization\"},\"alternateName\":\"VitaBlanca.ma\",\"potentialAction\":[{\"@type\":\"SearchAction\",\"target\":{\"@type\":\"EntryPoint\",\"urlTemplate\":\"https:\\\/\\\/vitablanca.ma\\\/?s={search_term_string}\"},\"query-input\":{\"@type\":\"PropertyValueSpecification\",\"valueRequired\":true,\"valueName\":\"search_term_string\"}}],\"inLanguage\":\"ar\"},{\"@type\":\"Organization\",\"@id\":\"https:\\\/\\\/vitablanca.ma\\\/#organization\",\"name\":\"VitaBlanca\",\"url\":\"https:\\\/\\\/vitablanca.ma\\\/\",\"logo\":{\"@type\":\"ImageObject\",\"inLanguage\":\"ar\",\"@id\":\"https:\\\/\\\/vitablanca.ma\\\/#\\\/schema\\\/logo\\\/image\\\/\",\"url\":\"https:\\\/\\\/vitablanca.ma\\\/wp-content\\\/uploads\\\/2025\\\/05\\\/cropped-vitablanca.png\",\"contentUrl\":\"https:\\\/\\\/vitablanca.ma\\\/wp-content\\\/uploads\\\/2025\\\/05\\\/cropped-vitablanca.png\",\"width\":360,\"height\":67,\"caption\":\"VitaBlanca\"},\"image\":{\"@id\":\"https:\\\/\\\/vitablanca.ma\\\/#\\\/schema\\\/logo\\\/image\\\/\"},\"sameAs\":[\"https:\\\/\\\/www.facebook.com\\\/profile.php?id=61576678196717\",\"https:\\\/\\\/www.tiktok.com\\\/@vitablanca.ma\",\"https:\\\/\\\/www.instagram.com\\\/vitablanca.ma\\\/\"]}]}<\/script>\n<!-- \/ Yoast SEO plugin. -->","yoast_head_json":{"title":"Sensilis Ritual Care Hydro-Nourishing Toner 200ml - Maroc Prix","description":"Sensilis Ritual Care Hydro-Nourishing Toner 200\u202fml : tonique visage hydratant et apaisant, purifie, rafra\u00eechit et pr\u00e9pare la peau aux soins suivants.","robots":{"index":"index","follow":"follow","max-snippet":"max-snippet:-1","max-image-preview":"max-image-preview:large","max-video-preview":"max-video-preview:-1"},"canonical":"https:\/\/vitablanca.ma\/ar\/product-2\/sensilis-ritual-care-hydro-nourishing-toner-200ml\/","og_locale":"ar_AR","og_type":"article","og_title":"Sensilis Ritual Care Hydro-Nourishing Toner 200ml - Maroc Prix","og_description":"Sensilis Ritual Care Hydro-Nourishing Toner 200\u202fml : tonique visage hydratant et apaisant, purifie, rafra\u00eechit et pr\u00e9pare la peau aux soins suivants.","og_url":"https:\/\/vitablanca.ma\/ar\/product-2\/sensilis-ritual-care-hydro-nourishing-toner-200ml\/","og_site_name":"Vitablanca.ma &ndash; Sant&eacute;, vitalit&eacute; et bien-&ecirc;tre pour tous les Marocains","article_publisher":"https:\/\/www.facebook.com\/profile.php?id=61576678196717","article_modified_time":"2026-02-06T12:34:31+00:00","og_image":[{"width":1000,"height":1000,"url":"https:\/\/vitablanca.ma\/wp-content\/uploads\/2025\/06\/Sensilis-Ritual-Care-Hydro-Nourishing-Toner-200ml-nova-prapharmacie-maroc.jpg","type":"image\/jpeg"}],"twitter_card":"summary_large_image","twitter_misc":{"\u0648\u0642\u062a \u0627\u0644\u0642\u0631\u0627\u0621\u0629 \u0627\u0644\u0645\u064f\u0642\u062f\u0651\u0631":"\u062f\u0642\u064a\u0642\u0629 \u0648\u0627\u062d\u062f\u0629"},"schema":{"@context":"https:\/\/schema.org","@graph":[{"@type":["WebPage","ItemPage"],"@id":"https:\/\/vitablanca.ma\/produit\/sensilis-ritual-care-hydro-nourishing-toner-200ml\/","url":"https:\/\/vitablanca.ma\/produit\/sensilis-ritual-care-hydro-nourishing-toner-200ml\/","name":"Sensilis Ritual Care Hydro-Nourishing Toner 200ml - Maroc Prix","isPartOf":{"@id":"https:\/\/vitablanca.ma\/#website"},"primaryImageOfPage":{"@id":"https:\/\/vitablanca.ma\/produit\/sensilis-ritual-care-hydro-nourishing-toner-200ml\/#primaryimage"},"image":{"@id":"https:\/\/vitablanca.ma\/produit\/sensilis-ritual-care-hydro-nourishing-toner-200ml\/#primaryimage"},"thumbnailUrl":"https:\/\/vitablanca.ma\/wp-content\/uploads\/2025\/06\/Sensilis-Ritual-Care-Hydro-Nourishing-Toner-200ml-nova-prapharmacie-maroc.jpg","datePublished":"2025-06-11T21:42:15+00:00","dateModified":"2026-02-06T12:34:31+00:00","description":"Sensilis Ritual Care Hydro-Nourishing Toner 200\u202fml : tonique visage hydratant et apaisant, purifie, rafra\u00eechit et pr\u00e9pare la peau aux soins suivants.","breadcrumb":{"@id":"https:\/\/vitablanca.ma\/produit\/sensilis-ritual-care-hydro-nourishing-toner-200ml\/#breadcrumb"},"inLanguage":"ar","potentialAction":[{"@type":"ReadAction","target":["https:\/\/vitablanca.ma\/produit\/sensilis-ritual-care-hydro-nourishing-toner-200ml\/"]}]},{"@type":"ImageObject","inLanguage":"ar","@id":"https:\/\/vitablanca.ma\/produit\/sensilis-ritual-care-hydro-nourishing-toner-200ml\/#primaryimage","url":"https:\/\/vitablanca.ma\/wp-content\/uploads\/2025\/06\/Sensilis-Ritual-Care-Hydro-Nourishing-Toner-200ml-nova-prapharmacie-maroc.jpg","contentUrl":"https:\/\/vitablanca.ma\/wp-content\/uploads\/2025\/06\/Sensilis-Ritual-Care-Hydro-Nourishing-Toner-200ml-nova-prapharmacie-maroc.jpg","width":1000,"height":1000},{"@type":"BreadcrumbList","@id":"https:\/\/vitablanca.ma\/produit\/sensilis-ritual-care-hydro-nourishing-toner-200ml\/#breadcrumb","itemListElement":[{"@type":"ListItem","position":1,"name":"Home","item":"https:\/\/vitablanca.ma\/"},{"@type":"ListItem","position":2,"name":"Tous Les Produits","item":"https:\/\/vitablanca.ma\/tous-les-produits\/"},{"@type":"ListItem","position":3,"name":"Sensilis Ritual Care Hydro-Nourishing Toner 200ml"}]},{"@type":"WebSite","@id":"https:\/\/vitablanca.ma\/#website","url":"https:\/\/vitablanca.ma\/","name":"VitaBlanca.ma | \u0627\u0644\u0645\u0643\u0645\u0644\u0627\u062a \u0627\u0644\u063a\u0630\u0627\u0626\u064a\u0629\u060c \u0627\u0644\u0635\u062d\u0629 \u0648\u0627\u0644\u062c\u0645\u0627\u0644 \u0641\u064a \u0627\u0644\u0645\u063a\u0631\u0628","description":"\u0646\u0628\u064a\u0639 \u0641\u064a\u062a\u0627\u0645\u064a\u0646\u0627\u062a \u0648\u0645\u0643\u0645\u0644\u0627\u062a \u063a\u0630\u0627\u0626\u064a\u0629 \u0641\u0627\u062e\u0631\u0629 \u0645\u0646 \u0627\u0644\u0648\u0644\u0627\u064a\u0627\u062a \u0627\u0644\u0645\u062a\u062d\u062f\u0629 \u0627\u0644\u0623\u0645\u0631\u064a\u0643\u064a\u0629 \u0648\u0643\u0646\u062f\u0627 \u0648\u0646\u064a\u0648\u0632\u064a\u0644\u0646\u062f\u0627 \u0648\u0627\u0644\u0645\u063a\u0631\u0628 (\u0646\u0627\u0648 \u0641\u0648\u062f\u0632\u060c \u0633\u0648\u0644\u062c\u0627\u0631\u060c \u0645\u0627\u0646\u0648\u0643\u0627). \u062a\u0648\u0635\u064a\u0644 \u0633\u0631\u064a\u0639 \u0625\u0644\u0649 \u062c\u0645\u064a\u0639 \u0623\u0646\u062d\u0627\u0621 \u0627\u0644\u0645\u063a\u0631\u0628.","publisher":{"@id":"https:\/\/vitablanca.ma\/#organization"},"alternateName":"VitaBlanca.ma","potentialAction":[{"@type":"SearchAction","target":{"@type":"EntryPoint","urlTemplate":"https:\/\/vitablanca.ma\/?s={search_term_string}"},"query-input":{"@type":"PropertyValueSpecification","valueRequired":true,"valueName":"search_term_string"}}],"inLanguage":"ar"},{"@type":"Organization","@id":"https:\/\/vitablanca.ma\/#organization","name":"\u0641\u064a\u062a\u0627\u0628\u0644\u0627\u0646\u0643\u0627","url":"https:\/\/vitablanca.ma\/","logo":{"@type":"ImageObject","inLanguage":"ar","@id":"https:\/\/vitablanca.ma\/#\/schema\/logo\/image\/","url":"https:\/\/vitablanca.ma\/wp-content\/uploads\/2025\/05\/cropped-vitablanca.png","contentUrl":"https:\/\/vitablanca.ma\/wp-content\/uploads\/2025\/05\/cropped-vitablanca.png","width":360,"height":67,"caption":"VitaBlanca"},"image":{"@id":"https:\/\/vitablanca.ma\/#\/schema\/logo\/image\/"},"sameAs":["https:\/\/www.facebook.com\/profile.php?id=61576678196717","https:\/\/www.tiktok.com\/@vitablanca.ma","https:\/\/www.instagram.com\/vitablanca.ma\/"]}]}},"jetpack_sharing_enabled":true,"_links":{"self":[{"href":"https:\/\/vitablanca.ma\/ar\/wp-json\/wp\/v2\/product\/21982","targetHints":{"allow":["GET"]}}],"collection":[{"href":"https:\/\/vitablanca.ma\/ar\/wp-json\/wp\/v2\/product"}],"about":[{"href":"https:\/\/vitablanca.ma\/ar\/wp-json\/wp\/v2\/types\/product"}],"wp:featuredmedia":[{"embeddable":true,"href":"https:\/\/vitablanca.ma\/ar\/wp-json\/wp\/v2\/media\/21981"}],"wp:attachment":[{"href":"https:\/\/vitablanca.ma\/ar\/wp-json\/wp\/v2\/media?parent=21982"}],"wp:term":[{"taxonomy":"product_brand","embeddable":true,"href":"https:\/\/vitablanca.ma\/ar\/wp-json\/wp\/v2\/product_brand?post=21982"},{"taxonomy":"product_cat","embeddable":true,"href":"https:\/\/vitablanca.ma\/ar\/wp-json\/wp\/v2\/product_cat?post=21982"},{"taxonomy":"product_tag","embeddable":true,"href":"https:\/\/vitablanca.ma\/ar\/wp-json\/wp\/v2\/product_tag?post=21982"}],"curies":[{"name":"wp","href":"https:\/\/api.w.org\/{rel}","templated":true}]}}