{"id":21978,"date":"2025-06-11T21:42:07","date_gmt":"2025-06-11T21:42:07","guid":{"rendered":"https:\/\/vitablanca.ma\/product\/sensilis-supreme-eye-contour-15ml\/"},"modified":"2026-02-06T12:42:18","modified_gmt":"2026-02-06T12:42:18","slug":"sensilis-supreme-eye-contour-15ml","status":"publish","type":"product","link":"https:\/\/vitablanca.ma\/ar\/product-2\/sensilis-supreme-eye-contour-15ml\/","title":{"rendered":"\u0633\u064a\u0646\u0633\u064a\u0644\u064a\u0633 \u0633\u0648\u0628\u0631\u064a\u0645 \u0644\u0645\u062d\u064a\u0637 \u0627\u0644\u0639\u064a\u0646 15 \u0645\u0644"},"content":{"rendered":"<h2>Sensilis Supreme Eye Contour\u00a0\u00a0att\u00e9nuera les lignes d\u2019expression et estompera les poches et les cernes.<\/h2>\n<h3>\u064a\u0633\u062a\u062e\u062f\u0645<\/h3>\n<div class=\"woocommerce-product-details__short-description\">\n<p>Boostez votre beaut\u00e9 naturelle avec ce traitement global \u00e0 l\u2019acide hyaluronique qui repulpera de mani\u00e8re imm\u00e9diate les l\u00e8vres et le contour des yeux. De plus, il r\u00e9duira les rides, att\u00e9nuera les lignes d\u2019expression et estompera les poches et les cernes.<\/p>\n<\/div>\n<h3>\u064a\u0633\u062a\u062e\u062f\u0645<\/h3>\n<div class=\"fila-sensilis\">\n<div class=\"fila-textos-consejo celda-80\">\n<p class=\"texto-consejo\">Appliquer avec le bout des doigts sur tout le contour des yeux, de l\u2019angle interne \u00e0 l\u2019angle externe.<\/p>\n<\/div>\n<\/div>\n<div class=\"fila-sensilis\">\n<div class=\"fila-textos-consejo celda-80\">\n<p class=\"texto-consejo\">Faire une pression d\u00e9congestionnante avec des mouvements circulaires autour de l&rsquo;\u0153il.<\/p>\n<\/div>\n<\/div>","protected":false},"excerpt":{"rendered":"<p>Sensilis Supreme Eye Contour\u00a0\u00a0att\u00e9nuera les lignes d\u2019expression et estompera les poches et les cernes. Utilisation Boostez votre beaut\u00e9 naturelle avec ce traitement global \u00e0 l\u2019acide hyaluronique qui repulpera de mani\u00e8re imm\u00e9diate les l\u00e8vres et le contour des yeux. De plus, il r\u00e9duira les rides, att\u00e9nuera les lignes d\u2019expression et estompera les poches et les cernes. [&hellip;]<\/p>\n","protected":false},"featured_media":21977,"template":"","meta":{"om_disable_all_campaigns":false},"product_brand":[],"product_cat":[15],"product_tag":[8453,5845,8450,8452,8367,8454,7422,8372,8449,8368,8451,8455],"class_list":{"0":"post-21978","1":"product","2":"type-product","3":"status-publish","4":"has-post-thumbnail","6":"product_cat-beaute-sante-complements-alimentaires-soins-et-bien-etre-au-meilleur-prix","7":"product_tag-anti-poches-et-cernes","8":"product_tag-anti-rides-yeux","9":"product_tag-contour-des-yeux-sensilis","10":"product_tag-creme-yeux-rides","11":"product_tag-hydratation-contour-yeux","12":"product_tag-peau-delicate-yeux","13":"product_tag-regard-repose","14":"product_tag-sensilis-maroc","15":"product_tag-sensilis-supreme-eye-contour","16":"product_tag-soin-lifting-yeux","17":"product_tag-soin-yeux-anti-age","18":"product_tag-yeux-lumineux","20":"first","21":"instock","22":"sale","23":"taxable","24":"shipping-taxable","25":"purchasable","26":"product-type-simple"},"yoast_head":"<!-- This site is optimized with the Yoast SEO plugin v27.4 - https:\/\/yoast.com\/product\/yoast-seo-wordpress\/ -->\n<title>Sensilis Supreme Eye Contour 15\u202fml - Maroc Prix<\/title>\n<meta name=\"description\" content=\"Sensilis Supreme Eye Contour 15\u202fml : r\u00e9duit rides, poches et cernes, hydrate et prot\u00e8ge la peau d\u00e9licate autour des yeux pour un regard repos\u00e9 et lumineux.\" \/>\n<meta name=\"robots\" content=\"index, follow, max-snippet:-1, max-image-preview:large, max-video-preview:-1\" \/>\n<link rel=\"canonical\" href=\"https:\/\/vitablanca.ma\/ar\/product-2\/sensilis-supreme-eye-contour-15ml\/\" \/>\n<meta property=\"og:locale\" content=\"ar_AR\" \/>\n<meta property=\"og:type\" content=\"article\" \/>\n<meta property=\"og:title\" content=\"Sensilis Supreme Eye Contour 15\u202fml - Maroc Prix\" \/>\n<meta property=\"og:description\" content=\"Sensilis Supreme Eye Contour 15\u202fml : r\u00e9duit rides, poches et cernes, hydrate et prot\u00e8ge la peau d\u00e9licate autour des yeux pour un regard repos\u00e9 et lumineux.\" \/>\n<meta property=\"og:url\" content=\"https:\/\/vitablanca.ma\/ar\/product-2\/sensilis-supreme-eye-contour-15ml\/\" \/>\n<meta property=\"og:site_name\" content=\"Vitablanca.ma &ndash; Sant&eacute;, vitalit&eacute; et bien-&ecirc;tre pour tous les Marocains\" \/>\n<meta property=\"article:publisher\" content=\"https:\/\/www.facebook.com\/profile.php?id=61576678196717\" \/>\n<meta property=\"article:modified_time\" content=\"2026-02-06T12:42:18+00:00\" \/>\n<meta property=\"og:image\" content=\"https:\/\/vitablanca.ma\/wp-content\/uploads\/2025\/06\/Sensilis-Supreme-Eye-Contour-15ml-Nova-prapharmacie-maroc.jpg\" \/>\n\t<meta property=\"og:image:width\" content=\"1000\" \/>\n\t<meta property=\"og:image:height\" content=\"1000\" \/>\n\t<meta property=\"og:image:type\" content=\"image\/jpeg\" \/>\n<meta name=\"twitter:card\" content=\"summary_large_image\" \/>\n<meta name=\"twitter:label1\" content=\"\u0648\u0642\u062a \u0627\u0644\u0642\u0631\u0627\u0621\u0629 \u0627\u0644\u0645\u064f\u0642\u062f\u0651\u0631\" \/>\n\t<meta name=\"twitter:data1\" content=\"\u062f\u0642\u064a\u0642\u0629 \u0648\u0627\u062d\u062f\u0629\" \/>\n<script type=\"application\/ld+json\" class=\"yoast-schema-graph\">{\"@context\":\"https:\\\/\\\/schema.org\",\"@graph\":[{\"@type\":[\"WebPage\",\"ItemPage\"],\"@id\":\"https:\\\/\\\/vitablanca.ma\\\/produit\\\/sensilis-supreme-eye-contour-15ml\\\/\",\"url\":\"https:\\\/\\\/vitablanca.ma\\\/produit\\\/sensilis-supreme-eye-contour-15ml\\\/\",\"name\":\"Sensilis Supreme Eye Contour 15\u202fml - Maroc Prix\",\"isPartOf\":{\"@id\":\"https:\\\/\\\/vitablanca.ma\\\/#website\"},\"primaryImageOfPage\":{\"@id\":\"https:\\\/\\\/vitablanca.ma\\\/produit\\\/sensilis-supreme-eye-contour-15ml\\\/#primaryimage\"},\"image\":{\"@id\":\"https:\\\/\\\/vitablanca.ma\\\/produit\\\/sensilis-supreme-eye-contour-15ml\\\/#primaryimage\"},\"thumbnailUrl\":\"https:\\\/\\\/vitablanca.ma\\\/wp-content\\\/uploads\\\/2025\\\/06\\\/Sensilis-Supreme-Eye-Contour-15ml-Nova-prapharmacie-maroc.jpg\",\"datePublished\":\"2025-06-11T21:42:07+00:00\",\"dateModified\":\"2026-02-06T12:42:18+00:00\",\"description\":\"Sensilis Supreme Eye Contour 15\u202fml : r\u00e9duit rides, poches et cernes, hydrate et prot\u00e8ge la peau d\u00e9licate autour des yeux pour un regard repos\u00e9 et lumineux.\",\"breadcrumb\":{\"@id\":\"https:\\\/\\\/vitablanca.ma\\\/produit\\\/sensilis-supreme-eye-contour-15ml\\\/#breadcrumb\"},\"inLanguage\":\"ar\",\"potentialAction\":[{\"@type\":\"ReadAction\",\"target\":[\"https:\\\/\\\/vitablanca.ma\\\/produit\\\/sensilis-supreme-eye-contour-15ml\\\/\"]}]},{\"@type\":\"ImageObject\",\"inLanguage\":\"ar\",\"@id\":\"https:\\\/\\\/vitablanca.ma\\\/produit\\\/sensilis-supreme-eye-contour-15ml\\\/#primaryimage\",\"url\":\"https:\\\/\\\/vitablanca.ma\\\/wp-content\\\/uploads\\\/2025\\\/06\\\/Sensilis-Supreme-Eye-Contour-15ml-Nova-prapharmacie-maroc.jpg\",\"contentUrl\":\"https:\\\/\\\/vitablanca.ma\\\/wp-content\\\/uploads\\\/2025\\\/06\\\/Sensilis-Supreme-Eye-Contour-15ml-Nova-prapharmacie-maroc.jpg\",\"width\":1000,\"height\":1000},{\"@type\":\"BreadcrumbList\",\"@id\":\"https:\\\/\\\/vitablanca.ma\\\/produit\\\/sensilis-supreme-eye-contour-15ml\\\/#breadcrumb\",\"itemListElement\":[{\"@type\":\"ListItem\",\"position\":1,\"name\":\"Home\",\"item\":\"https:\\\/\\\/vitablanca.ma\\\/\"},{\"@type\":\"ListItem\",\"position\":2,\"name\":\"Tous Les Produits\",\"item\":\"https:\\\/\\\/vitablanca.ma\\\/tous-les-produits\\\/\"},{\"@type\":\"ListItem\",\"position\":3,\"name\":\"Sensilis Supreme Eye Contour 15ml\"}]},{\"@type\":\"WebSite\",\"@id\":\"https:\\\/\\\/vitablanca.ma\\\/#website\",\"url\":\"https:\\\/\\\/vitablanca.ma\\\/\",\"name\":\"VitaBlanca.ma | Compl\u00e9ments alimentaires, sant\u00e9 & beaut\u00e9 au Maroc\",\"description\":\"vendre vitamines et compl\u00e9ments premium des USA &amp; Canada, Nouvelle Z\u00e9lande,Maroc (NOW Foods, Solgar, Manuka). Livraison rapide partout au Maroc.\",\"publisher\":{\"@id\":\"https:\\\/\\\/vitablanca.ma\\\/#organization\"},\"alternateName\":\"VitaBlanca.ma\",\"potentialAction\":[{\"@type\":\"SearchAction\",\"target\":{\"@type\":\"EntryPoint\",\"urlTemplate\":\"https:\\\/\\\/vitablanca.ma\\\/?s={search_term_string}\"},\"query-input\":{\"@type\":\"PropertyValueSpecification\",\"valueRequired\":true,\"valueName\":\"search_term_string\"}}],\"inLanguage\":\"ar\"},{\"@type\":\"Organization\",\"@id\":\"https:\\\/\\\/vitablanca.ma\\\/#organization\",\"name\":\"VitaBlanca\",\"url\":\"https:\\\/\\\/vitablanca.ma\\\/\",\"logo\":{\"@type\":\"ImageObject\",\"inLanguage\":\"ar\",\"@id\":\"https:\\\/\\\/vitablanca.ma\\\/#\\\/schema\\\/logo\\\/image\\\/\",\"url\":\"https:\\\/\\\/vitablanca.ma\\\/wp-content\\\/uploads\\\/2025\\\/05\\\/cropped-vitablanca.png\",\"contentUrl\":\"https:\\\/\\\/vitablanca.ma\\\/wp-content\\\/uploads\\\/2025\\\/05\\\/cropped-vitablanca.png\",\"width\":360,\"height\":67,\"caption\":\"VitaBlanca\"},\"image\":{\"@id\":\"https:\\\/\\\/vitablanca.ma\\\/#\\\/schema\\\/logo\\\/image\\\/\"},\"sameAs\":[\"https:\\\/\\\/www.facebook.com\\\/profile.php?id=61576678196717\",\"https:\\\/\\\/www.tiktok.com\\\/@vitablanca.ma\",\"https:\\\/\\\/www.instagram.com\\\/vitablanca.ma\\\/\"]}]}<\/script>\n<!-- \/ Yoast SEO plugin. -->","yoast_head_json":{"title":"Sensilis Supreme Eye Contour 15\u202fml - Maroc Prix","description":"Sensilis Supreme Eye Contour 15\u202fml : r\u00e9duit rides, poches et cernes, hydrate et prot\u00e8ge la peau d\u00e9licate autour des yeux pour un regard repos\u00e9 et lumineux.","robots":{"index":"index","follow":"follow","max-snippet":"max-snippet:-1","max-image-preview":"max-image-preview:large","max-video-preview":"max-video-preview:-1"},"canonical":"https:\/\/vitablanca.ma\/ar\/product-2\/sensilis-supreme-eye-contour-15ml\/","og_locale":"ar_AR","og_type":"article","og_title":"Sensilis Supreme Eye Contour 15\u202fml - Maroc Prix","og_description":"Sensilis Supreme Eye Contour 15\u202fml : r\u00e9duit rides, poches et cernes, hydrate et prot\u00e8ge la peau d\u00e9licate autour des yeux pour un regard repos\u00e9 et lumineux.","og_url":"https:\/\/vitablanca.ma\/ar\/product-2\/sensilis-supreme-eye-contour-15ml\/","og_site_name":"Vitablanca.ma &ndash; Sant&eacute;, vitalit&eacute; et bien-&ecirc;tre pour tous les Marocains","article_publisher":"https:\/\/www.facebook.com\/profile.php?id=61576678196717","article_modified_time":"2026-02-06T12:42:18+00:00","og_image":[{"width":1000,"height":1000,"url":"https:\/\/vitablanca.ma\/wp-content\/uploads\/2025\/06\/Sensilis-Supreme-Eye-Contour-15ml-Nova-prapharmacie-maroc.jpg","type":"image\/jpeg"}],"twitter_card":"summary_large_image","twitter_misc":{"\u0648\u0642\u062a \u0627\u0644\u0642\u0631\u0627\u0621\u0629 \u0627\u0644\u0645\u064f\u0642\u062f\u0651\u0631":"\u062f\u0642\u064a\u0642\u0629 \u0648\u0627\u062d\u062f\u0629"},"schema":{"@context":"https:\/\/schema.org","@graph":[{"@type":["WebPage","ItemPage"],"@id":"https:\/\/vitablanca.ma\/produit\/sensilis-supreme-eye-contour-15ml\/","url":"https:\/\/vitablanca.ma\/produit\/sensilis-supreme-eye-contour-15ml\/","name":"Sensilis Supreme Eye Contour 15\u202fml - Maroc Prix","isPartOf":{"@id":"https:\/\/vitablanca.ma\/#website"},"primaryImageOfPage":{"@id":"https:\/\/vitablanca.ma\/produit\/sensilis-supreme-eye-contour-15ml\/#primaryimage"},"image":{"@id":"https:\/\/vitablanca.ma\/produit\/sensilis-supreme-eye-contour-15ml\/#primaryimage"},"thumbnailUrl":"https:\/\/vitablanca.ma\/wp-content\/uploads\/2025\/06\/Sensilis-Supreme-Eye-Contour-15ml-Nova-prapharmacie-maroc.jpg","datePublished":"2025-06-11T21:42:07+00:00","dateModified":"2026-02-06T12:42:18+00:00","description":"Sensilis Supreme Eye Contour 15\u202fml : r\u00e9duit rides, poches et cernes, hydrate et prot\u00e8ge la peau d\u00e9licate autour des yeux pour un regard repos\u00e9 et lumineux.","breadcrumb":{"@id":"https:\/\/vitablanca.ma\/produit\/sensilis-supreme-eye-contour-15ml\/#breadcrumb"},"inLanguage":"ar","potentialAction":[{"@type":"ReadAction","target":["https:\/\/vitablanca.ma\/produit\/sensilis-supreme-eye-contour-15ml\/"]}]},{"@type":"ImageObject","inLanguage":"ar","@id":"https:\/\/vitablanca.ma\/produit\/sensilis-supreme-eye-contour-15ml\/#primaryimage","url":"https:\/\/vitablanca.ma\/wp-content\/uploads\/2025\/06\/Sensilis-Supreme-Eye-Contour-15ml-Nova-prapharmacie-maroc.jpg","contentUrl":"https:\/\/vitablanca.ma\/wp-content\/uploads\/2025\/06\/Sensilis-Supreme-Eye-Contour-15ml-Nova-prapharmacie-maroc.jpg","width":1000,"height":1000},{"@type":"BreadcrumbList","@id":"https:\/\/vitablanca.ma\/produit\/sensilis-supreme-eye-contour-15ml\/#breadcrumb","itemListElement":[{"@type":"ListItem","position":1,"name":"Home","item":"https:\/\/vitablanca.ma\/"},{"@type":"ListItem","position":2,"name":"Tous Les Produits","item":"https:\/\/vitablanca.ma\/tous-les-produits\/"},{"@type":"ListItem","position":3,"name":"Sensilis Supreme Eye Contour 15ml"}]},{"@type":"WebSite","@id":"https:\/\/vitablanca.ma\/#website","url":"https:\/\/vitablanca.ma\/","name":"VitaBlanca.ma | \u0627\u0644\u0645\u0643\u0645\u0644\u0627\u062a \u0627\u0644\u063a\u0630\u0627\u0626\u064a\u0629\u060c \u0627\u0644\u0635\u062d\u0629 \u0648\u0627\u0644\u062c\u0645\u0627\u0644 \u0641\u064a \u0627\u0644\u0645\u063a\u0631\u0628","description":"\u0646\u0628\u064a\u0639 \u0641\u064a\u062a\u0627\u0645\u064a\u0646\u0627\u062a \u0648\u0645\u0643\u0645\u0644\u0627\u062a \u063a\u0630\u0627\u0626\u064a\u0629 \u0641\u0627\u062e\u0631\u0629 \u0645\u0646 \u0627\u0644\u0648\u0644\u0627\u064a\u0627\u062a \u0627\u0644\u0645\u062a\u062d\u062f\u0629 \u0627\u0644\u0623\u0645\u0631\u064a\u0643\u064a\u0629 \u0648\u0643\u0646\u062f\u0627 \u0648\u0646\u064a\u0648\u0632\u064a\u0644\u0646\u062f\u0627 \u0648\u0627\u0644\u0645\u063a\u0631\u0628 (\u0646\u0627\u0648 \u0641\u0648\u062f\u0632\u060c \u0633\u0648\u0644\u062c\u0627\u0631\u060c \u0645\u0627\u0646\u0648\u0643\u0627). \u062a\u0648\u0635\u064a\u0644 \u0633\u0631\u064a\u0639 \u0625\u0644\u0649 \u062c\u0645\u064a\u0639 \u0623\u0646\u062d\u0627\u0621 \u0627\u0644\u0645\u063a\u0631\u0628.","publisher":{"@id":"https:\/\/vitablanca.ma\/#organization"},"alternateName":"VitaBlanca.ma","potentialAction":[{"@type":"SearchAction","target":{"@type":"EntryPoint","urlTemplate":"https:\/\/vitablanca.ma\/?s={search_term_string}"},"query-input":{"@type":"PropertyValueSpecification","valueRequired":true,"valueName":"search_term_string"}}],"inLanguage":"ar"},{"@type":"Organization","@id":"https:\/\/vitablanca.ma\/#organization","name":"\u0641\u064a\u062a\u0627\u0628\u0644\u0627\u0646\u0643\u0627","url":"https:\/\/vitablanca.ma\/","logo":{"@type":"ImageObject","inLanguage":"ar","@id":"https:\/\/vitablanca.ma\/#\/schema\/logo\/image\/","url":"https:\/\/vitablanca.ma\/wp-content\/uploads\/2025\/05\/cropped-vitablanca.png","contentUrl":"https:\/\/vitablanca.ma\/wp-content\/uploads\/2025\/05\/cropped-vitablanca.png","width":360,"height":67,"caption":"VitaBlanca"},"image":{"@id":"https:\/\/vitablanca.ma\/#\/schema\/logo\/image\/"},"sameAs":["https:\/\/www.facebook.com\/profile.php?id=61576678196717","https:\/\/www.tiktok.com\/@vitablanca.ma","https:\/\/www.instagram.com\/vitablanca.ma\/"]}]}},"jetpack_sharing_enabled":true,"_links":{"self":[{"href":"https:\/\/vitablanca.ma\/ar\/wp-json\/wp\/v2\/product\/21978","targetHints":{"allow":["GET"]}}],"collection":[{"href":"https:\/\/vitablanca.ma\/ar\/wp-json\/wp\/v2\/product"}],"about":[{"href":"https:\/\/vitablanca.ma\/ar\/wp-json\/wp\/v2\/types\/product"}],"wp:featuredmedia":[{"embeddable":true,"href":"https:\/\/vitablanca.ma\/ar\/wp-json\/wp\/v2\/media\/21977"}],"wp:attachment":[{"href":"https:\/\/vitablanca.ma\/ar\/wp-json\/wp\/v2\/media?parent=21978"}],"wp:term":[{"taxonomy":"product_brand","embeddable":true,"href":"https:\/\/vitablanca.ma\/ar\/wp-json\/wp\/v2\/product_brand?post=21978"},{"taxonomy":"product_cat","embeddable":true,"href":"https:\/\/vitablanca.ma\/ar\/wp-json\/wp\/v2\/product_cat?post=21978"},{"taxonomy":"product_tag","embeddable":true,"href":"https:\/\/vitablanca.ma\/ar\/wp-json\/wp\/v2\/product_tag?post=21978"}],"curies":[{"name":"wp","href":"https:\/\/api.w.org\/{rel}","templated":true}]}}