{"id":21972,"date":"2025-06-11T21:41:56","date_gmt":"2025-06-11T21:41:56","guid":{"rendered":"https:\/\/vitablanca.ma\/product\/sensilis-skin-delight-ampoules-vit-c-151-5ml\/"},"modified":"2026-02-06T12:54:17","modified_gmt":"2026-02-06T12:54:17","slug":"sensilis-skin-delight-ampoules-vit-c-151-5ml","status":"publish","type":"product","link":"https:\/\/vitablanca.ma\/ar\/product-2\/sensilis-skin-delight-ampoules-vit-c-151-5ml\/","title":{"rendered":"\u0623\u0645\u0628\u0648\u0644\u0627\u062a \u0641\u064a\u062a\u0627\u0645\u064a\u0646 \u0633\u064a \u0644\u0644\u0628\u0634\u0631\u0629 \u0627\u0644\u062d\u0633\u0627\u0633\u0629 15*1.5 \u0645\u0644"},"content":{"rendered":"<div class=\"woocommerce-product-details__short-description\" data-mce-fragment=\"1\">\n<h2 data-mce-fragment=\"1\">Sensilis Skin delight Ampoules <span data-mce-fragment=\"1\">antioxydante et revitalisante \u00e0 effet instantan\u00e9 gr\u00e2ce \u00e0 sa forte teneur en vitamine C\u00a0<\/span><\/h2>\n<p data-mce-fragment=\"1\">Ampoule illuminatrice, antioxydante et revitalisante \u00e0 effet instantan\u00e9 gr\u00e2ce \u00e0 sa forte teneur en vitamine C stabilis\u00e9e, vitamine B3 et complexe v\u00e9g\u00e9tal.<\/p>\n<\/div>\n<h3>\u064a\u0633\u062a\u062e\u062f\u0645<\/h3>\n<div class=\"fila-sensilis\">\n<div class=\"fila-textos-consejo celda-80\">\n<ol>\n<li>\u064a\u062a\u0645 \u062a\u0637\u0628\u064a\u0642\u0647 \u0645\u0646 \u0645\u0646\u062a\u0635\u0641 \u0627\u0644\u0648\u062c\u0647 \u062d\u062a\u0649 \u0627\u0644\u0630\u0642\u0646\u060c \u0645\u0646 \u0627\u0644\u062f\u0627\u062e\u0644 \u0625\u0644\u0649 \u0627\u0644\u062e\u0627\u0631\u062c\u060c \u0645\u0639 \u0627\u0644\u062a\u062f\u0644\u064a\u0643 \u0628\u062d\u0631\u0643\u0627\u062a \u0635\u063a\u064a\u0631\u0629.<\/li>\n<li>\u062b\u0645 \u0636\u0639\u064a \u0643\u0645\u064a\u0629 \u0642\u0644\u064a\u0644\u0629 \u0639\u0644\u0649 \u0627\u0644\u062c\u0628\u0647\u0629 \u0648\u0648\u0632\u0639\u064a\u0647\u0627 \u0645\u0646 \u0627\u0644\u0623\u0633\u0641\u0644 \u0625\u0644\u0649 \u0627\u0644\u0623\u0639\u0644\u0649.<\/li>\n<li>Effectuer des massages circulaires sur les joues pour intensifier la p\u00e9n\u00e9tration du produit.<\/li>\n<li>Effectuer des massages circulaires sur le front et faire des petites pressions avec le bout des doigts.<\/li>\n<\/ol>\n<\/div>\n<\/div>","protected":false},"excerpt":{"rendered":"<p>Sensilis Skin delight Ampoules antioxydante et revitalisante \u00e0 effet instantan\u00e9 gr\u00e2ce \u00e0 sa forte teneur en vitamine C\u00a0 Ampoule illuminatrice, antioxydante et revitalisante \u00e0 effet instantan\u00e9 gr\u00e2ce \u00e0 sa forte teneur en vitamine C stabilis\u00e9e, vitamine B3 et complexe v\u00e9g\u00e9tal. Utilisation Appliquer depuis la moiti\u00e9 du visage jusqu\u2019au menton, de l\u2019int\u00e9rieur vers l\u2019ext\u00e9rieur, par de [&hellip;]<\/p>\n","protected":false},"featured_media":21971,"template":"","meta":{"om_disable_all_campaigns":false},"product_brand":[],"product_cat":[15],"product_tag":[8469,8468,8463,8470,1007,8471,8466,8467,8372,8462,8464,8465,6109],"class_list":{"0":"post-21972","1":"product","2":"type-product","3":"status-publish","4":"has-post-thumbnail","6":"product_cat-beaute-sante-complements-alimentaires-soins-et-bien-etre-au-meilleur-prix","7":"product_tag-5-ml","8":"product_tag-ampoules-1","9":"product_tag-ampoules-vitamine-c","10":"product_tag-anti-fatigue-visage","11":"product_tag-antioxydant-peau","12":"product_tag-peau-protegee-vieillissement","13":"product_tag-peau-unifiee","14":"product_tag-routine-beaute-sensilis","15":"product_tag-sensilis-maroc","16":"product_tag-sensilis-skin-delight","17":"product_tag-serum-ampoule","18":"product_tag-soin-eclat-visage","19":"product_tag-teint-lumineux","21":"first","22":"instock","23":"sale","24":"taxable","25":"shipping-taxable","26":"purchasable","27":"product-type-simple"},"yoast_head":"<!-- This site is optimized with the Yoast SEO plugin v27.5 - https:\/\/yoast.com\/product\/yoast-seo-wordpress\/ -->\n<title>Sensilis Skin delight Ampoules Vit C 15*1.5ml - Maroc Prix<\/title>\n<meta name=\"description\" content=\"Sensilis Skin Delight Ampoules Vit C 15\u00d71,5\u202fml : concentr\u00e9 antioxydant pour illuminer, unifier le teint et prot\u00e9ger la peau contre les signes de fatigue .\" \/>\n<meta name=\"robots\" content=\"index, follow, max-snippet:-1, max-image-preview:large, max-video-preview:-1\" \/>\n<link rel=\"canonical\" href=\"https:\/\/vitablanca.ma\/ar\/product-2\/sensilis-skin-delight-ampoules-vit-c-151-5ml\/\" \/>\n<meta property=\"og:locale\" content=\"ar_AR\" \/>\n<meta property=\"og:type\" content=\"article\" \/>\n<meta property=\"og:title\" content=\"Sensilis Skin delight Ampoules Vit C 15*1.5ml - Maroc Prix\" \/>\n<meta property=\"og:description\" content=\"Sensilis Skin Delight Ampoules Vit C 15\u00d71,5\u202fml : concentr\u00e9 antioxydant pour illuminer, unifier le teint et prot\u00e9ger la peau contre les signes de fatigue .\" \/>\n<meta property=\"og:url\" content=\"https:\/\/vitablanca.ma\/ar\/product-2\/sensilis-skin-delight-ampoules-vit-c-151-5ml\/\" \/>\n<meta property=\"og:site_name\" content=\"Vitablanca.ma &ndash; Sant&eacute;, vitalit&eacute; et bien-&ecirc;tre pour tous les Marocains\" \/>\n<meta property=\"article:publisher\" content=\"https:\/\/www.facebook.com\/profile.php?id=61576678196717\" \/>\n<meta property=\"article:modified_time\" content=\"2026-02-06T12:54:17+00:00\" \/>\n<meta property=\"og:image\" content=\"https:\/\/vitablanca.ma\/wp-content\/uploads\/2025\/06\/Sensilis-Skin-delight-Ampoules-Vit-C-15x1.5ml-nova-prapharmacie-maroc.jpg\" \/>\n\t<meta property=\"og:image:width\" content=\"1000\" \/>\n\t<meta property=\"og:image:height\" content=\"1000\" \/>\n\t<meta property=\"og:image:type\" content=\"image\/jpeg\" \/>\n<meta name=\"twitter:card\" content=\"summary_large_image\" \/>\n<meta name=\"twitter:label1\" content=\"\u0648\u0642\u062a \u0627\u0644\u0642\u0631\u0627\u0621\u0629 \u0627\u0644\u0645\u064f\u0642\u062f\u0651\u0631\" \/>\n\t<meta name=\"twitter:data1\" content=\"\u062f\u0642\u064a\u0642\u0629 \u0648\u0627\u062d\u062f\u0629\" \/>\n<script type=\"application\/ld+json\" class=\"yoast-schema-graph\">{\"@context\":\"https:\\\/\\\/schema.org\",\"@graph\":[{\"@type\":[\"WebPage\",\"ItemPage\"],\"@id\":\"https:\\\/\\\/vitablanca.ma\\\/produit\\\/sensilis-skin-delight-ampoules-vit-c-151-5ml\\\/\",\"url\":\"https:\\\/\\\/vitablanca.ma\\\/produit\\\/sensilis-skin-delight-ampoules-vit-c-151-5ml\\\/\",\"name\":\"Sensilis Skin delight Ampoules Vit C 15*1.5ml - Maroc Prix\",\"isPartOf\":{\"@id\":\"https:\\\/\\\/vitablanca.ma\\\/#website\"},\"primaryImageOfPage\":{\"@id\":\"https:\\\/\\\/vitablanca.ma\\\/produit\\\/sensilis-skin-delight-ampoules-vit-c-151-5ml\\\/#primaryimage\"},\"image\":{\"@id\":\"https:\\\/\\\/vitablanca.ma\\\/produit\\\/sensilis-skin-delight-ampoules-vit-c-151-5ml\\\/#primaryimage\"},\"thumbnailUrl\":\"https:\\\/\\\/vitablanca.ma\\\/wp-content\\\/uploads\\\/2025\\\/06\\\/Sensilis-Skin-delight-Ampoules-Vit-C-15x1.5ml-nova-prapharmacie-maroc.jpg\",\"datePublished\":\"2025-06-11T21:41:56+00:00\",\"dateModified\":\"2026-02-06T12:54:17+00:00\",\"description\":\"Sensilis Skin Delight Ampoules Vit C 15\u00d71,5\u202fml : concentr\u00e9 antioxydant pour illuminer, unifier le teint et prot\u00e9ger la peau contre les signes de fatigue .\",\"breadcrumb\":{\"@id\":\"https:\\\/\\\/vitablanca.ma\\\/produit\\\/sensilis-skin-delight-ampoules-vit-c-151-5ml\\\/#breadcrumb\"},\"inLanguage\":\"ar\",\"potentialAction\":[{\"@type\":\"ReadAction\",\"target\":[\"https:\\\/\\\/vitablanca.ma\\\/produit\\\/sensilis-skin-delight-ampoules-vit-c-151-5ml\\\/\"]}]},{\"@type\":\"ImageObject\",\"inLanguage\":\"ar\",\"@id\":\"https:\\\/\\\/vitablanca.ma\\\/produit\\\/sensilis-skin-delight-ampoules-vit-c-151-5ml\\\/#primaryimage\",\"url\":\"https:\\\/\\\/vitablanca.ma\\\/wp-content\\\/uploads\\\/2025\\\/06\\\/Sensilis-Skin-delight-Ampoules-Vit-C-15x1.5ml-nova-prapharmacie-maroc.jpg\",\"contentUrl\":\"https:\\\/\\\/vitablanca.ma\\\/wp-content\\\/uploads\\\/2025\\\/06\\\/Sensilis-Skin-delight-Ampoules-Vit-C-15x1.5ml-nova-prapharmacie-maroc.jpg\",\"width\":1000,\"height\":1000},{\"@type\":\"BreadcrumbList\",\"@id\":\"https:\\\/\\\/vitablanca.ma\\\/produit\\\/sensilis-skin-delight-ampoules-vit-c-151-5ml\\\/#breadcrumb\",\"itemListElement\":[{\"@type\":\"ListItem\",\"position\":1,\"name\":\"Home\",\"item\":\"https:\\\/\\\/vitablanca.ma\\\/\"},{\"@type\":\"ListItem\",\"position\":2,\"name\":\"Tous Les Produits\",\"item\":\"https:\\\/\\\/vitablanca.ma\\\/tous-les-produits\\\/\"},{\"@type\":\"ListItem\",\"position\":3,\"name\":\"Sensilis Skin delight Ampoules Vit C 15*1.5ml\"}]},{\"@type\":\"WebSite\",\"@id\":\"https:\\\/\\\/vitablanca.ma\\\/#website\",\"url\":\"https:\\\/\\\/vitablanca.ma\\\/\",\"name\":\"VitaBlanca.ma | Compl\u00e9ments alimentaires, sant\u00e9 & beaut\u00e9 au Maroc\",\"description\":\"vendre vitamines et compl\u00e9ments premium des USA &amp; Canada, Nouvelle Z\u00e9lande,Maroc (NOW Foods, Solgar, Manuka). Livraison rapide partout au Maroc.\",\"publisher\":{\"@id\":\"https:\\\/\\\/vitablanca.ma\\\/#organization\"},\"alternateName\":\"VitaBlanca.ma\",\"potentialAction\":[{\"@type\":\"SearchAction\",\"target\":{\"@type\":\"EntryPoint\",\"urlTemplate\":\"https:\\\/\\\/vitablanca.ma\\\/?s={search_term_string}\"},\"query-input\":{\"@type\":\"PropertyValueSpecification\",\"valueRequired\":true,\"valueName\":\"search_term_string\"}}],\"inLanguage\":\"ar\"},{\"@type\":\"Organization\",\"@id\":\"https:\\\/\\\/vitablanca.ma\\\/#organization\",\"name\":\"VitaBlanca\",\"url\":\"https:\\\/\\\/vitablanca.ma\\\/\",\"logo\":{\"@type\":\"ImageObject\",\"inLanguage\":\"ar\",\"@id\":\"https:\\\/\\\/vitablanca.ma\\\/#\\\/schema\\\/logo\\\/image\\\/\",\"url\":\"https:\\\/\\\/vitablanca.ma\\\/wp-content\\\/uploads\\\/2025\\\/05\\\/cropped-vitablanca.png\",\"contentUrl\":\"https:\\\/\\\/vitablanca.ma\\\/wp-content\\\/uploads\\\/2025\\\/05\\\/cropped-vitablanca.png\",\"width\":360,\"height\":67,\"caption\":\"VitaBlanca\"},\"image\":{\"@id\":\"https:\\\/\\\/vitablanca.ma\\\/#\\\/schema\\\/logo\\\/image\\\/\"},\"sameAs\":[\"https:\\\/\\\/www.facebook.com\\\/profile.php?id=61576678196717\",\"https:\\\/\\\/www.tiktok.com\\\/@vitablanca.ma\",\"https:\\\/\\\/www.instagram.com\\\/vitablanca.ma\\\/\"]}]}<\/script>\n<!-- \/ Yoast SEO plugin. -->","yoast_head_json":{"title":"Sensilis Skin delight Ampoules Vit C 15*1.5ml - Maroc Prix","description":"Sensilis Skin Delight Ampoules Vit C 15\u00d71,5\u202fml : concentr\u00e9 antioxydant pour illuminer, unifier le teint et prot\u00e9ger la peau contre les signes de fatigue .","robots":{"index":"index","follow":"follow","max-snippet":"max-snippet:-1","max-image-preview":"max-image-preview:large","max-video-preview":"max-video-preview:-1"},"canonical":"https:\/\/vitablanca.ma\/ar\/product-2\/sensilis-skin-delight-ampoules-vit-c-151-5ml\/","og_locale":"ar_AR","og_type":"article","og_title":"Sensilis Skin delight Ampoules Vit C 15*1.5ml - Maroc Prix","og_description":"Sensilis Skin Delight Ampoules Vit C 15\u00d71,5\u202fml : concentr\u00e9 antioxydant pour illuminer, unifier le teint et prot\u00e9ger la peau contre les signes de fatigue .","og_url":"https:\/\/vitablanca.ma\/ar\/product-2\/sensilis-skin-delight-ampoules-vit-c-151-5ml\/","og_site_name":"Vitablanca.ma &ndash; Sant&eacute;, vitalit&eacute; et bien-&ecirc;tre pour tous les Marocains","article_publisher":"https:\/\/www.facebook.com\/profile.php?id=61576678196717","article_modified_time":"2026-02-06T12:54:17+00:00","og_image":[{"width":1000,"height":1000,"url":"https:\/\/vitablanca.ma\/wp-content\/uploads\/2025\/06\/Sensilis-Skin-delight-Ampoules-Vit-C-15x1.5ml-nova-prapharmacie-maroc.jpg","type":"image\/jpeg"}],"twitter_card":"summary_large_image","twitter_misc":{"\u0648\u0642\u062a \u0627\u0644\u0642\u0631\u0627\u0621\u0629 \u0627\u0644\u0645\u064f\u0642\u062f\u0651\u0631":"\u062f\u0642\u064a\u0642\u0629 \u0648\u0627\u062d\u062f\u0629"},"schema":{"@context":"https:\/\/schema.org","@graph":[{"@type":["WebPage","ItemPage"],"@id":"https:\/\/vitablanca.ma\/produit\/sensilis-skin-delight-ampoules-vit-c-151-5ml\/","url":"https:\/\/vitablanca.ma\/produit\/sensilis-skin-delight-ampoules-vit-c-151-5ml\/","name":"Sensilis Skin delight Ampoules Vit C 15*1.5ml - Maroc Prix","isPartOf":{"@id":"https:\/\/vitablanca.ma\/#website"},"primaryImageOfPage":{"@id":"https:\/\/vitablanca.ma\/produit\/sensilis-skin-delight-ampoules-vit-c-151-5ml\/#primaryimage"},"image":{"@id":"https:\/\/vitablanca.ma\/produit\/sensilis-skin-delight-ampoules-vit-c-151-5ml\/#primaryimage"},"thumbnailUrl":"https:\/\/vitablanca.ma\/wp-content\/uploads\/2025\/06\/Sensilis-Skin-delight-Ampoules-Vit-C-15x1.5ml-nova-prapharmacie-maroc.jpg","datePublished":"2025-06-11T21:41:56+00:00","dateModified":"2026-02-06T12:54:17+00:00","description":"Sensilis Skin Delight Ampoules Vit C 15\u00d71,5\u202fml : concentr\u00e9 antioxydant pour illuminer, unifier le teint et prot\u00e9ger la peau contre les signes de fatigue .","breadcrumb":{"@id":"https:\/\/vitablanca.ma\/produit\/sensilis-skin-delight-ampoules-vit-c-151-5ml\/#breadcrumb"},"inLanguage":"ar","potentialAction":[{"@type":"ReadAction","target":["https:\/\/vitablanca.ma\/produit\/sensilis-skin-delight-ampoules-vit-c-151-5ml\/"]}]},{"@type":"ImageObject","inLanguage":"ar","@id":"https:\/\/vitablanca.ma\/produit\/sensilis-skin-delight-ampoules-vit-c-151-5ml\/#primaryimage","url":"https:\/\/vitablanca.ma\/wp-content\/uploads\/2025\/06\/Sensilis-Skin-delight-Ampoules-Vit-C-15x1.5ml-nova-prapharmacie-maroc.jpg","contentUrl":"https:\/\/vitablanca.ma\/wp-content\/uploads\/2025\/06\/Sensilis-Skin-delight-Ampoules-Vit-C-15x1.5ml-nova-prapharmacie-maroc.jpg","width":1000,"height":1000},{"@type":"BreadcrumbList","@id":"https:\/\/vitablanca.ma\/produit\/sensilis-skin-delight-ampoules-vit-c-151-5ml\/#breadcrumb","itemListElement":[{"@type":"ListItem","position":1,"name":"Home","item":"https:\/\/vitablanca.ma\/"},{"@type":"ListItem","position":2,"name":"Tous Les Produits","item":"https:\/\/vitablanca.ma\/tous-les-produits\/"},{"@type":"ListItem","position":3,"name":"Sensilis Skin delight Ampoules Vit C 15*1.5ml"}]},{"@type":"WebSite","@id":"https:\/\/vitablanca.ma\/#website","url":"https:\/\/vitablanca.ma\/","name":"VitaBlanca.ma | \u0627\u0644\u0645\u0643\u0645\u0644\u0627\u062a \u0627\u0644\u063a\u0630\u0627\u0626\u064a\u0629\u060c \u0627\u0644\u0635\u062d\u0629 \u0648\u0627\u0644\u062c\u0645\u0627\u0644 \u0641\u064a \u0627\u0644\u0645\u063a\u0631\u0628","description":"\u0646\u0628\u064a\u0639 \u0641\u064a\u062a\u0627\u0645\u064a\u0646\u0627\u062a \u0648\u0645\u0643\u0645\u0644\u0627\u062a \u063a\u0630\u0627\u0626\u064a\u0629 \u0641\u0627\u062e\u0631\u0629 \u0645\u0646 \u0627\u0644\u0648\u0644\u0627\u064a\u0627\u062a \u0627\u0644\u0645\u062a\u062d\u062f\u0629 \u0627\u0644\u0623\u0645\u0631\u064a\u0643\u064a\u0629 \u0648\u0643\u0646\u062f\u0627 \u0648\u0646\u064a\u0648\u0632\u064a\u0644\u0646\u062f\u0627 \u0648\u0627\u0644\u0645\u063a\u0631\u0628 (\u0646\u0627\u0648 \u0641\u0648\u062f\u0632\u060c \u0633\u0648\u0644\u062c\u0627\u0631\u060c \u0645\u0627\u0646\u0648\u0643\u0627). \u062a\u0648\u0635\u064a\u0644 \u0633\u0631\u064a\u0639 \u0625\u0644\u0649 \u062c\u0645\u064a\u0639 \u0623\u0646\u062d\u0627\u0621 \u0627\u0644\u0645\u063a\u0631\u0628.","publisher":{"@id":"https:\/\/vitablanca.ma\/#organization"},"alternateName":"VitaBlanca.ma","potentialAction":[{"@type":"SearchAction","target":{"@type":"EntryPoint","urlTemplate":"https:\/\/vitablanca.ma\/?s={search_term_string}"},"query-input":{"@type":"PropertyValueSpecification","valueRequired":true,"valueName":"search_term_string"}}],"inLanguage":"ar"},{"@type":"Organization","@id":"https:\/\/vitablanca.ma\/#organization","name":"\u0641\u064a\u062a\u0627\u0628\u0644\u0627\u0646\u0643\u0627","url":"https:\/\/vitablanca.ma\/","logo":{"@type":"ImageObject","inLanguage":"ar","@id":"https:\/\/vitablanca.ma\/#\/schema\/logo\/image\/","url":"https:\/\/vitablanca.ma\/wp-content\/uploads\/2025\/05\/cropped-vitablanca.png","contentUrl":"https:\/\/vitablanca.ma\/wp-content\/uploads\/2025\/05\/cropped-vitablanca.png","width":360,"height":67,"caption":"VitaBlanca"},"image":{"@id":"https:\/\/vitablanca.ma\/#\/schema\/logo\/image\/"},"sameAs":["https:\/\/www.facebook.com\/profile.php?id=61576678196717","https:\/\/www.tiktok.com\/@vitablanca.ma","https:\/\/www.instagram.com\/vitablanca.ma\/"]}]}},"jetpack_sharing_enabled":true,"_links":{"self":[{"href":"https:\/\/vitablanca.ma\/ar\/wp-json\/wp\/v2\/product\/21972","targetHints":{"allow":["GET"]}}],"collection":[{"href":"https:\/\/vitablanca.ma\/ar\/wp-json\/wp\/v2\/product"}],"about":[{"href":"https:\/\/vitablanca.ma\/ar\/wp-json\/wp\/v2\/types\/product"}],"wp:featuredmedia":[{"embeddable":true,"href":"https:\/\/vitablanca.ma\/ar\/wp-json\/wp\/v2\/media\/21971"}],"wp:attachment":[{"href":"https:\/\/vitablanca.ma\/ar\/wp-json\/wp\/v2\/media?parent=21972"}],"wp:term":[{"taxonomy":"product_brand","embeddable":true,"href":"https:\/\/vitablanca.ma\/ar\/wp-json\/wp\/v2\/product_brand?post=21972"},{"taxonomy":"product_cat","embeddable":true,"href":"https:\/\/vitablanca.ma\/ar\/wp-json\/wp\/v2\/product_cat?post=21972"},{"taxonomy":"product_tag","embeddable":true,"href":"https:\/\/vitablanca.ma\/ar\/wp-json\/wp\/v2\/product_tag?post=21972"}],"curies":[{"name":"wp","href":"https:\/\/api.w.org\/{rel}","templated":true}]}}