{"id":21962,"date":"2025-06-11T21:36:21","date_gmt":"2025-06-11T21:36:21","guid":{"rendered":"https:\/\/vitablanca.ma\/product\/sanogyl-dentifrice-soin-essentiel-dents-blancheur-75ml\/"},"modified":"2026-02-06T13:04:45","modified_gmt":"2026-02-06T13:04:45","slug":"sanogyl-dentifrice-soin-essentiel-dents-blancheur-75ml","status":"publish","type":"product","link":"https:\/\/vitablanca.ma\/ar\/product-2\/sanogyl-dentifrice-soin-essentiel-dents-blancheur-75ml\/","title":{"rendered":"\u0645\u0639\u062c\u0648\u0646 \u0623\u0633\u0646\u0627\u0646 \u0633\u0627\u0646\u0648\u062c\u064a\u0644 \u0644\u0644\u0639\u0646\u0627\u064a\u0629 \u0627\u0644\u0623\u0633\u0627\u0633\u064a\u0629 \u0644\u062a\u0628\u064a\u064a\u0636 \u0627\u0644\u0623\u0633\u0646\u0627\u0646 75 \u0645\u0644"},"content":{"rendered":"<h2 data-mce-fragment=\"1\"><b data-mce-fragment=\"1\">Sanogyl Dentifrice Soin Essentiel Dents Blancheur <span data-mce-fragment=\"1\">pour une protection antibact\u00e9rienne longue dur\u00e9e\u00a0<\/span><\/b><\/h2>\n<p data-mce-fragment=\"1\"><b data-mce-fragment=\"1\">NOUVEAU SOIN ESSENTIEL BLANCHEUR\u00a0Aux Huiles Essentielles de Menthe et de Citron.<\/b><br data-mce-fragment=\"1\" \/>La puissance d\u2019une formule aux huiles essentielles pour une protection antibact\u00e9rienne longue dur\u00e9e et des dents \u00e9clatantes de sant\u00e9.<\/p>\n<p data-mce-fragment=\"1\"><b data-mce-fragment=\"1\">6 actions pour une bouche plus saine :<\/b><\/p>\n<ul data-mce-fragment=\"1\">\n<li data-mce-fragment=\"1\">Action antibact\u00e9rienne<\/li>\n<li data-mce-fragment=\"1\">Aide \u00e0 combattre la plaque dentaire<\/li>\n<li data-mce-fragment=\"1\">Rafraichit intens\u00e9ment l\u2019haleine<\/li>\n<li data-mce-fragment=\"1\">Garde les gencives saines<\/li>\n<li data-mce-fragment=\"1\">Prot\u00e8ge et aide \u00e0 renforcer l\u2019\u00e9mail des dents<\/li>\n<li data-mce-fragment=\"1\">Pr\u00e9vient le jaunissement des dents<\/li>\n<\/ul>\n<p data-mce-fragment=\"1\"><b data-mce-fragment=\"1\">Aux HUILES ESSENTIELLES de Menthe et de Citron<\/b><br data-mce-fragment=\"1\" \/>Force antibact\u00e9rienne longue dur\u00e9e<br data-mce-fragment=\"1\" \/>Les vertus th\u00e9rapeutiques antibact\u00e9riennes des huiles essentielles associ\u00e9es au Citrate de Zinc vous offrent la solution id\u00e9ale pour prot\u00e9ger efficacement votre bouche contre les 6 probl\u00e8mes bucco-dentaires les plus fr\u00e9quents.<\/p>\n<p data-mce-fragment=\"1\"><b data-mce-fragment=\"1\">Protectiv\u2019SYSTEM<\/b><br data-mce-fragment=\"1\" \/>Les recherches du laboratoire Sanogyl ont permis de d\u00e9velopper le Protectiv\u2019SYSTEM un syst\u00e8me de protection unique alliant des agents antibact\u00e9riens, un agent apaisant et du Fluor pour un soin complet des gencives et des dents.<\/p>","protected":false},"excerpt":{"rendered":"<p>Sanogyl Dentifrice Soin Essentiel Dents Blancheur pour une protection antibact\u00e9rienne longue dur\u00e9e\u00a0 NOUVEAU SOIN ESSENTIEL BLANCHEUR\u00a0Aux Huiles Essentielles de Menthe et de Citron.La puissance d\u2019une formule aux huiles essentielles pour une protection antibact\u00e9rienne longue dur\u00e9e et des dents \u00e9clatantes de sant\u00e9. 6 actions pour une bouche plus saine : Action antibact\u00e9rienne Aide \u00e0 combattre la [&hellip;]<\/p>\n","protected":false},"featured_media":21961,"template":"","meta":{"om_disable_all_campaigns":false},"product_brand":[],"product_cat":[15],"product_tag":[8023,8493,6504,6252,6254,7657,8495,8492,8485,8005,8494,8496],"class_list":{"0":"post-21962","1":"product","2":"type-product","3":"status-publish","4":"has-post-thumbnail","6":"product_cat-beaute-sante-complements-alimentaires-soins-et-bien-etre-au-meilleur-prix","7":"product_tag-dentifrice-75-ml","8":"product_tag-dentifrice-blancheur","9":"product_tag-dentifrice-quotidien","10":"product_tag-dents-eclatantes","11":"product_tag-hygiene-bucco-dentaire","12":"product_tag-protection-email","13":"product_tag-reduction-taches-dentaires","14":"product_tag-sanogyl-dentifrice","15":"product_tag-sanogyl-maroc","16":"product_tag-soin-dents-sensibles","17":"product_tag-soin-essentiel-dents","18":"product_tag-sourire-lumineux","20":"first","21":"instock","22":"sale","23":"taxable","24":"shipping-taxable","25":"purchasable","26":"product-type-simple"},"yoast_head":"<!-- This site is optimized with the Yoast SEO plugin v27.4 - https:\/\/yoast.com\/product\/yoast-seo-wordpress\/ -->\n<title>Sanogyl Dentifrice Soin Essentiel Blancheur 75\u202fml - Maroc Prix<\/title>\n<meta name=\"description\" content=\"Sanogyl Dentifrice Soin Essentiel Blancheur 75\u202fml : prot\u00e8ge l\u2019\u00e9mail, r\u00e9duit les taches superficielles et offre un sourire visiblement plus blanc .\" \/>\n<meta name=\"robots\" content=\"index, follow, max-snippet:-1, max-image-preview:large, max-video-preview:-1\" \/>\n<link rel=\"canonical\" href=\"https:\/\/vitablanca.ma\/ar\/product-2\/sanogyl-dentifrice-soin-essentiel-dents-blancheur-75ml\/\" \/>\n<meta property=\"og:locale\" content=\"ar_AR\" \/>\n<meta property=\"og:type\" content=\"article\" \/>\n<meta property=\"og:title\" content=\"Sanogyl Dentifrice Soin Essentiel Blancheur 75\u202fml - Maroc Prix\" \/>\n<meta property=\"og:description\" content=\"Sanogyl Dentifrice Soin Essentiel Blancheur 75\u202fml : prot\u00e8ge l\u2019\u00e9mail, r\u00e9duit les taches superficielles et offre un sourire visiblement plus blanc .\" \/>\n<meta property=\"og:url\" content=\"https:\/\/vitablanca.ma\/ar\/product-2\/sanogyl-dentifrice-soin-essentiel-dents-blancheur-75ml\/\" \/>\n<meta property=\"og:site_name\" content=\"Vitablanca.ma &ndash; Sant&eacute;, vitalit&eacute; et bien-&ecirc;tre pour tous les Marocains\" \/>\n<meta property=\"article:publisher\" content=\"https:\/\/www.facebook.com\/profile.php?id=61576678196717\" \/>\n<meta property=\"article:modified_time\" content=\"2026-02-06T13:04:45+00:00\" \/>\n<meta property=\"og:image\" content=\"https:\/\/vitablanca.ma\/wp-content\/uploads\/2025\/06\/Sanogyl-Dentifrice-Soin-Essentiel-Dents-Blancheur-75ml-nova-prapharmacie-maroc.jpg\" \/>\n\t<meta property=\"og:image:width\" content=\"1000\" \/>\n\t<meta property=\"og:image:height\" content=\"1000\" \/>\n\t<meta property=\"og:image:type\" content=\"image\/jpeg\" \/>\n<meta name=\"twitter:card\" content=\"summary_large_image\" \/>\n<meta name=\"twitter:label1\" content=\"\u0648\u0642\u062a \u0627\u0644\u0642\u0631\u0627\u0621\u0629 \u0627\u0644\u0645\u064f\u0642\u062f\u0651\u0631\" \/>\n\t<meta name=\"twitter:data1\" content=\"\u062f\u0642\u064a\u0642\u0629 \u0648\u0627\u062d\u062f\u0629\" \/>\n<script type=\"application\/ld+json\" class=\"yoast-schema-graph\">{\"@context\":\"https:\\\/\\\/schema.org\",\"@graph\":[{\"@type\":[\"WebPage\",\"ItemPage\"],\"@id\":\"https:\\\/\\\/vitablanca.ma\\\/produit\\\/sanogyl-dentifrice-soin-essentiel-dents-blancheur-75ml\\\/\",\"url\":\"https:\\\/\\\/vitablanca.ma\\\/produit\\\/sanogyl-dentifrice-soin-essentiel-dents-blancheur-75ml\\\/\",\"name\":\"Sanogyl Dentifrice Soin Essentiel Blancheur 75\u202fml - Maroc Prix\",\"isPartOf\":{\"@id\":\"https:\\\/\\\/vitablanca.ma\\\/#website\"},\"primaryImageOfPage\":{\"@id\":\"https:\\\/\\\/vitablanca.ma\\\/produit\\\/sanogyl-dentifrice-soin-essentiel-dents-blancheur-75ml\\\/#primaryimage\"},\"image\":{\"@id\":\"https:\\\/\\\/vitablanca.ma\\\/produit\\\/sanogyl-dentifrice-soin-essentiel-dents-blancheur-75ml\\\/#primaryimage\"},\"thumbnailUrl\":\"https:\\\/\\\/vitablanca.ma\\\/wp-content\\\/uploads\\\/2025\\\/06\\\/Sanogyl-Dentifrice-Soin-Essentiel-Dents-Blancheur-75ml-nova-prapharmacie-maroc.jpg\",\"datePublished\":\"2025-06-11T21:36:21+00:00\",\"dateModified\":\"2026-02-06T13:04:45+00:00\",\"description\":\"Sanogyl Dentifrice Soin Essentiel Blancheur 75\u202fml : prot\u00e8ge l\u2019\u00e9mail, r\u00e9duit les taches superficielles et offre un sourire visiblement plus blanc .\",\"breadcrumb\":{\"@id\":\"https:\\\/\\\/vitablanca.ma\\\/produit\\\/sanogyl-dentifrice-soin-essentiel-dents-blancheur-75ml\\\/#breadcrumb\"},\"inLanguage\":\"ar\",\"potentialAction\":[{\"@type\":\"ReadAction\",\"target\":[\"https:\\\/\\\/vitablanca.ma\\\/produit\\\/sanogyl-dentifrice-soin-essentiel-dents-blancheur-75ml\\\/\"]}]},{\"@type\":\"ImageObject\",\"inLanguage\":\"ar\",\"@id\":\"https:\\\/\\\/vitablanca.ma\\\/produit\\\/sanogyl-dentifrice-soin-essentiel-dents-blancheur-75ml\\\/#primaryimage\",\"url\":\"https:\\\/\\\/vitablanca.ma\\\/wp-content\\\/uploads\\\/2025\\\/06\\\/Sanogyl-Dentifrice-Soin-Essentiel-Dents-Blancheur-75ml-nova-prapharmacie-maroc.jpg\",\"contentUrl\":\"https:\\\/\\\/vitablanca.ma\\\/wp-content\\\/uploads\\\/2025\\\/06\\\/Sanogyl-Dentifrice-Soin-Essentiel-Dents-Blancheur-75ml-nova-prapharmacie-maroc.jpg\",\"width\":1000,\"height\":1000},{\"@type\":\"BreadcrumbList\",\"@id\":\"https:\\\/\\\/vitablanca.ma\\\/produit\\\/sanogyl-dentifrice-soin-essentiel-dents-blancheur-75ml\\\/#breadcrumb\",\"itemListElement\":[{\"@type\":\"ListItem\",\"position\":1,\"name\":\"Home\",\"item\":\"https:\\\/\\\/vitablanca.ma\\\/\"},{\"@type\":\"ListItem\",\"position\":2,\"name\":\"Tous Les Produits\",\"item\":\"https:\\\/\\\/vitablanca.ma\\\/tous-les-produits\\\/\"},{\"@type\":\"ListItem\",\"position\":3,\"name\":\"Sanogyl Dentifrice Soin Essentiel Dents Blancheur 75ml\"}]},{\"@type\":\"WebSite\",\"@id\":\"https:\\\/\\\/vitablanca.ma\\\/#website\",\"url\":\"https:\\\/\\\/vitablanca.ma\\\/\",\"name\":\"VitaBlanca.ma | Compl\u00e9ments alimentaires, sant\u00e9 & beaut\u00e9 au Maroc\",\"description\":\"vendre vitamines et compl\u00e9ments premium des USA &amp; Canada, Nouvelle Z\u00e9lande,Maroc (NOW Foods, Solgar, Manuka). Livraison rapide partout au Maroc.\",\"publisher\":{\"@id\":\"https:\\\/\\\/vitablanca.ma\\\/#organization\"},\"alternateName\":\"VitaBlanca.ma\",\"potentialAction\":[{\"@type\":\"SearchAction\",\"target\":{\"@type\":\"EntryPoint\",\"urlTemplate\":\"https:\\\/\\\/vitablanca.ma\\\/?s={search_term_string}\"},\"query-input\":{\"@type\":\"PropertyValueSpecification\",\"valueRequired\":true,\"valueName\":\"search_term_string\"}}],\"inLanguage\":\"ar\"},{\"@type\":\"Organization\",\"@id\":\"https:\\\/\\\/vitablanca.ma\\\/#organization\",\"name\":\"VitaBlanca\",\"url\":\"https:\\\/\\\/vitablanca.ma\\\/\",\"logo\":{\"@type\":\"ImageObject\",\"inLanguage\":\"ar\",\"@id\":\"https:\\\/\\\/vitablanca.ma\\\/#\\\/schema\\\/logo\\\/image\\\/\",\"url\":\"https:\\\/\\\/vitablanca.ma\\\/wp-content\\\/uploads\\\/2025\\\/05\\\/cropped-vitablanca.png\",\"contentUrl\":\"https:\\\/\\\/vitablanca.ma\\\/wp-content\\\/uploads\\\/2025\\\/05\\\/cropped-vitablanca.png\",\"width\":360,\"height\":67,\"caption\":\"VitaBlanca\"},\"image\":{\"@id\":\"https:\\\/\\\/vitablanca.ma\\\/#\\\/schema\\\/logo\\\/image\\\/\"},\"sameAs\":[\"https:\\\/\\\/www.facebook.com\\\/profile.php?id=61576678196717\",\"https:\\\/\\\/www.tiktok.com\\\/@vitablanca.ma\",\"https:\\\/\\\/www.instagram.com\\\/vitablanca.ma\\\/\"]}]}<\/script>\n<!-- \/ Yoast SEO plugin. -->","yoast_head_json":{"title":"Sanogyl Dentifrice Soin Essentiel Blancheur 75\u202fml - Maroc Prix","description":"Sanogyl Dentifrice Soin Essentiel Blancheur 75\u202fml : prot\u00e8ge l\u2019\u00e9mail, r\u00e9duit les taches superficielles et offre un sourire visiblement plus blanc .","robots":{"index":"index","follow":"follow","max-snippet":"max-snippet:-1","max-image-preview":"max-image-preview:large","max-video-preview":"max-video-preview:-1"},"canonical":"https:\/\/vitablanca.ma\/ar\/product-2\/sanogyl-dentifrice-soin-essentiel-dents-blancheur-75ml\/","og_locale":"ar_AR","og_type":"article","og_title":"Sanogyl Dentifrice Soin Essentiel Blancheur 75\u202fml - Maroc Prix","og_description":"Sanogyl Dentifrice Soin Essentiel Blancheur 75\u202fml : prot\u00e8ge l\u2019\u00e9mail, r\u00e9duit les taches superficielles et offre un sourire visiblement plus blanc .","og_url":"https:\/\/vitablanca.ma\/ar\/product-2\/sanogyl-dentifrice-soin-essentiel-dents-blancheur-75ml\/","og_site_name":"Vitablanca.ma &ndash; Sant&eacute;, vitalit&eacute; et bien-&ecirc;tre pour tous les Marocains","article_publisher":"https:\/\/www.facebook.com\/profile.php?id=61576678196717","article_modified_time":"2026-02-06T13:04:45+00:00","og_image":[{"width":1000,"height":1000,"url":"https:\/\/vitablanca.ma\/wp-content\/uploads\/2025\/06\/Sanogyl-Dentifrice-Soin-Essentiel-Dents-Blancheur-75ml-nova-prapharmacie-maroc.jpg","type":"image\/jpeg"}],"twitter_card":"summary_large_image","twitter_misc":{"\u0648\u0642\u062a \u0627\u0644\u0642\u0631\u0627\u0621\u0629 \u0627\u0644\u0645\u064f\u0642\u062f\u0651\u0631":"\u062f\u0642\u064a\u0642\u0629 \u0648\u0627\u062d\u062f\u0629"},"schema":{"@context":"https:\/\/schema.org","@graph":[{"@type":["WebPage","ItemPage"],"@id":"https:\/\/vitablanca.ma\/produit\/sanogyl-dentifrice-soin-essentiel-dents-blancheur-75ml\/","url":"https:\/\/vitablanca.ma\/produit\/sanogyl-dentifrice-soin-essentiel-dents-blancheur-75ml\/","name":"Sanogyl Dentifrice Soin Essentiel Blancheur 75\u202fml - Maroc Prix","isPartOf":{"@id":"https:\/\/vitablanca.ma\/#website"},"primaryImageOfPage":{"@id":"https:\/\/vitablanca.ma\/produit\/sanogyl-dentifrice-soin-essentiel-dents-blancheur-75ml\/#primaryimage"},"image":{"@id":"https:\/\/vitablanca.ma\/produit\/sanogyl-dentifrice-soin-essentiel-dents-blancheur-75ml\/#primaryimage"},"thumbnailUrl":"https:\/\/vitablanca.ma\/wp-content\/uploads\/2025\/06\/Sanogyl-Dentifrice-Soin-Essentiel-Dents-Blancheur-75ml-nova-prapharmacie-maroc.jpg","datePublished":"2025-06-11T21:36:21+00:00","dateModified":"2026-02-06T13:04:45+00:00","description":"Sanogyl Dentifrice Soin Essentiel Blancheur 75\u202fml : prot\u00e8ge l\u2019\u00e9mail, r\u00e9duit les taches superficielles et offre un sourire visiblement plus blanc .","breadcrumb":{"@id":"https:\/\/vitablanca.ma\/produit\/sanogyl-dentifrice-soin-essentiel-dents-blancheur-75ml\/#breadcrumb"},"inLanguage":"ar","potentialAction":[{"@type":"ReadAction","target":["https:\/\/vitablanca.ma\/produit\/sanogyl-dentifrice-soin-essentiel-dents-blancheur-75ml\/"]}]},{"@type":"ImageObject","inLanguage":"ar","@id":"https:\/\/vitablanca.ma\/produit\/sanogyl-dentifrice-soin-essentiel-dents-blancheur-75ml\/#primaryimage","url":"https:\/\/vitablanca.ma\/wp-content\/uploads\/2025\/06\/Sanogyl-Dentifrice-Soin-Essentiel-Dents-Blancheur-75ml-nova-prapharmacie-maroc.jpg","contentUrl":"https:\/\/vitablanca.ma\/wp-content\/uploads\/2025\/06\/Sanogyl-Dentifrice-Soin-Essentiel-Dents-Blancheur-75ml-nova-prapharmacie-maroc.jpg","width":1000,"height":1000},{"@type":"BreadcrumbList","@id":"https:\/\/vitablanca.ma\/produit\/sanogyl-dentifrice-soin-essentiel-dents-blancheur-75ml\/#breadcrumb","itemListElement":[{"@type":"ListItem","position":1,"name":"Home","item":"https:\/\/vitablanca.ma\/"},{"@type":"ListItem","position":2,"name":"Tous Les Produits","item":"https:\/\/vitablanca.ma\/tous-les-produits\/"},{"@type":"ListItem","position":3,"name":"Sanogyl Dentifrice Soin Essentiel Dents Blancheur 75ml"}]},{"@type":"WebSite","@id":"https:\/\/vitablanca.ma\/#website","url":"https:\/\/vitablanca.ma\/","name":"VitaBlanca.ma | \u0627\u0644\u0645\u0643\u0645\u0644\u0627\u062a \u0627\u0644\u063a\u0630\u0627\u0626\u064a\u0629\u060c \u0627\u0644\u0635\u062d\u0629 \u0648\u0627\u0644\u062c\u0645\u0627\u0644 \u0641\u064a \u0627\u0644\u0645\u063a\u0631\u0628","description":"\u0646\u0628\u064a\u0639 \u0641\u064a\u062a\u0627\u0645\u064a\u0646\u0627\u062a \u0648\u0645\u0643\u0645\u0644\u0627\u062a \u063a\u0630\u0627\u0626\u064a\u0629 \u0641\u0627\u062e\u0631\u0629 \u0645\u0646 \u0627\u0644\u0648\u0644\u0627\u064a\u0627\u062a \u0627\u0644\u0645\u062a\u062d\u062f\u0629 \u0627\u0644\u0623\u0645\u0631\u064a\u0643\u064a\u0629 \u0648\u0643\u0646\u062f\u0627 \u0648\u0646\u064a\u0648\u0632\u064a\u0644\u0646\u062f\u0627 \u0648\u0627\u0644\u0645\u063a\u0631\u0628 (\u0646\u0627\u0648 \u0641\u0648\u062f\u0632\u060c \u0633\u0648\u0644\u062c\u0627\u0631\u060c \u0645\u0627\u0646\u0648\u0643\u0627). \u062a\u0648\u0635\u064a\u0644 \u0633\u0631\u064a\u0639 \u0625\u0644\u0649 \u062c\u0645\u064a\u0639 \u0623\u0646\u062d\u0627\u0621 \u0627\u0644\u0645\u063a\u0631\u0628.","publisher":{"@id":"https:\/\/vitablanca.ma\/#organization"},"alternateName":"VitaBlanca.ma","potentialAction":[{"@type":"SearchAction","target":{"@type":"EntryPoint","urlTemplate":"https:\/\/vitablanca.ma\/?s={search_term_string}"},"query-input":{"@type":"PropertyValueSpecification","valueRequired":true,"valueName":"search_term_string"}}],"inLanguage":"ar"},{"@type":"Organization","@id":"https:\/\/vitablanca.ma\/#organization","name":"\u0641\u064a\u062a\u0627\u0628\u0644\u0627\u0646\u0643\u0627","url":"https:\/\/vitablanca.ma\/","logo":{"@type":"ImageObject","inLanguage":"ar","@id":"https:\/\/vitablanca.ma\/#\/schema\/logo\/image\/","url":"https:\/\/vitablanca.ma\/wp-content\/uploads\/2025\/05\/cropped-vitablanca.png","contentUrl":"https:\/\/vitablanca.ma\/wp-content\/uploads\/2025\/05\/cropped-vitablanca.png","width":360,"height":67,"caption":"VitaBlanca"},"image":{"@id":"https:\/\/vitablanca.ma\/#\/schema\/logo\/image\/"},"sameAs":["https:\/\/www.facebook.com\/profile.php?id=61576678196717","https:\/\/www.tiktok.com\/@vitablanca.ma","https:\/\/www.instagram.com\/vitablanca.ma\/"]}]}},"jetpack_sharing_enabled":true,"_links":{"self":[{"href":"https:\/\/vitablanca.ma\/ar\/wp-json\/wp\/v2\/product\/21962","targetHints":{"allow":["GET"]}}],"collection":[{"href":"https:\/\/vitablanca.ma\/ar\/wp-json\/wp\/v2\/product"}],"about":[{"href":"https:\/\/vitablanca.ma\/ar\/wp-json\/wp\/v2\/types\/product"}],"wp:featuredmedia":[{"embeddable":true,"href":"https:\/\/vitablanca.ma\/ar\/wp-json\/wp\/v2\/media\/21961"}],"wp:attachment":[{"href":"https:\/\/vitablanca.ma\/ar\/wp-json\/wp\/v2\/media?parent=21962"}],"wp:term":[{"taxonomy":"product_brand","embeddable":true,"href":"https:\/\/vitablanca.ma\/ar\/wp-json\/wp\/v2\/product_brand?post=21962"},{"taxonomy":"product_cat","embeddable":true,"href":"https:\/\/vitablanca.ma\/ar\/wp-json\/wp\/v2\/product_cat?post=21962"},{"taxonomy":"product_tag","embeddable":true,"href":"https:\/\/vitablanca.ma\/ar\/wp-json\/wp\/v2\/product_tag?post=21962"}],"curies":[{"name":"wp","href":"https:\/\/api.w.org\/{rel}","templated":true}]}}