{"id":21954,"date":"2025-06-11T21:36:09","date_gmt":"2025-06-11T21:36:09","guid":{"rendered":"https:\/\/vitablanca.ma\/product\/sanogyl-bosse-a-dent-soin-interdentaire\/"},"modified":"2025-06-11T21:36:10","modified_gmt":"2025-06-11T21:36:10","slug":"sanogyl-bosse-a-dent-soin-interdentaire","status":"publish","type":"product","link":"https:\/\/vitablanca.ma\/ar\/product-2\/sanogyl-bosse-a-dent-soin-interdentaire\/","title":{"rendered":"\u0633\u0627\u0646\u0648\u062c\u064a\u0644 \u0644\u0644\u0639\u0646\u0627\u064a\u0629 \u0628\u064a\u0646 \u0627\u0644\u0623\u0633\u0646\u0627\u0646"},"content":{"rendered":"<h2>\u0633\u0627\u0646\u0648\u062c\u064a\u0644 \u0644\u0644\u0639\u0646\u0627\u064a\u0629 \u0628\u064a\u0646 \u0627\u0644\u0623\u0633\u0646\u0627\u0646\u00a0<span data-mce-fragment=\"1\">permet un\u00a0<\/span><strong data-mce-fragment=\"1\">brossage de pr\u00e9cision dans les espaces les plus \u00e9troits<\/strong><br \/>\n<\/h2>\n<p>\u0633\u0627\u0646\u0648\u062c\u064a\u0644 \u0644\u0644\u0639\u0646\u0627\u064a\u0629 \u0628\u064a\u0646 \u0627\u0644\u0623\u0633\u0646\u0627\u0646\u00a0<span data-mce-fragment=\"1\">permet un\u00a0<\/span><strong data-mce-fragment=\"1\">brossage de pr\u00e9cision dans les espaces les plus \u00e9troits<\/strong><\/p>\n<p><span>La\u00a0brosse \u00e0 dents souple\u00a0Sanogyl Soin Interdentaire permet un\u00a0<\/span><strong>brossage de pr\u00e9cision dans les espaces les plus \u00e9troits<\/strong><span>, pour des gencives saines et des dents plus fortes. Ses poils doux et souples\u00a0<\/span><strong>respectent les gencives<\/strong><span>\u00a0et offrent un excellent\u00a0<\/span><strong>confort d\u2019utilisation<\/strong><span>\u00a0durant le brossage.<\/span><\/p>\n<p><span>Cette brosse \u00e0 dents souple a une t\u00eate dot\u00e9e de filaments interdentaires extra-fins assure une \u00e9limination efficace de la plaque dentaire et des impuret\u00e9s entre les dents et le long du sillon gingival.<br \/>Technologie inspir\u00e9e du fil dentaire.<\/span><\/p>","protected":false},"excerpt":{"rendered":"<p>Sanogyl Bosse \u00e0 Dent Soin Interdentaire\u00a0permet un\u00a0brossage de pr\u00e9cision dans les espaces les plus \u00e9troits Sanogyl Bosse \u00e0 Dent Soin Interdentaire\u00a0permet un\u00a0brossage de pr\u00e9cision dans les espaces les plus \u00e9troits La\u00a0brosse \u00e0 dents souple\u00a0Sanogyl Soin Interdentaire permet un\u00a0brossage de pr\u00e9cision dans les espaces les plus \u00e9troits, pour des gencives saines et des dents plus fortes. [&hellip;]<\/p>\n","protected":false},"featured_media":21952,"template":"","meta":{"om_disable_all_campaigns":false},"product_brand":[],"product_cat":[15],"product_tag":[],"class_list":{"0":"post-21954","1":"product","2":"type-product","3":"status-publish","4":"has-post-thumbnail","6":"product_cat-beaute-sante-complements-alimentaires-soins-et-bien-etre-au-meilleur-prix","8":"first","9":"instock","10":"sale","11":"taxable","12":"shipping-taxable","13":"purchasable","14":"product-type-variable"},"yoast_head":"<!-- This site is optimized with the Yoast SEO plugin v27.4 - https:\/\/yoast.com\/product\/yoast-seo-wordpress\/ -->\n<title>Sanogyl Bosse \u00e0 Dent Soin Interdentaire - Maroc Prix<\/title>\n<meta name=\"description\" content=\"Sanogyl Bosse \u00e0 Dent Soin Interdentaire\" \/>\n<meta name=\"robots\" content=\"index, follow, max-snippet:-1, max-image-preview:large, max-video-preview:-1\" \/>\n<link rel=\"canonical\" href=\"https:\/\/vitablanca.ma\/ar\/product-2\/sanogyl-bosse-a-dent-soin-interdentaire\/\" \/>\n<meta property=\"og:locale\" content=\"ar_AR\" \/>\n<meta property=\"og:type\" content=\"article\" \/>\n<meta property=\"og:title\" content=\"Sanogyl Bosse \u00e0 Dent Soin Interdentaire - Maroc Prix\" \/>\n<meta property=\"og:description\" content=\"Sanogyl Bosse \u00e0 Dent Soin Interdentaire\" \/>\n<meta property=\"og:url\" content=\"https:\/\/vitablanca.ma\/ar\/product-2\/sanogyl-bosse-a-dent-soin-interdentaire\/\" \/>\n<meta property=\"og:site_name\" content=\"Vitablanca.ma &ndash; Sant&eacute;, vitalit&eacute; et bien-&ecirc;tre pour tous les Marocains\" \/>\n<meta property=\"article:publisher\" content=\"https:\/\/www.facebook.com\/profile.php?id=61576678196717\" \/>\n<meta property=\"article:modified_time\" content=\"2025-06-11T21:36:10+00:00\" \/>\n<meta property=\"og:image\" content=\"https:\/\/vitablanca.ma\/wp-content\/uploads\/2025\/06\/Sanogyl-Bosse-a-Dent-Soin-Interdentaire-souple-nova-prapharmacie-maroc.jpg\" \/>\n\t<meta property=\"og:image:width\" content=\"1000\" \/>\n\t<meta property=\"og:image:height\" content=\"1000\" \/>\n\t<meta property=\"og:image:type\" content=\"image\/jpeg\" \/>\n<meta name=\"twitter:card\" content=\"summary_large_image\" \/>\n<meta name=\"twitter:label1\" content=\"\u0648\u0642\u062a \u0627\u0644\u0642\u0631\u0627\u0621\u0629 \u0627\u0644\u0645\u064f\u0642\u062f\u0651\u0631\" \/>\n\t<meta name=\"twitter:data1\" content=\"\u062f\u0642\u064a\u0642\u0629 \u0648\u0627\u062d\u062f\u0629\" \/>\n<script type=\"application\/ld+json\" class=\"yoast-schema-graph\">{\"@context\":\"https:\\\/\\\/schema.org\",\"@graph\":[{\"@type\":[\"WebPage\",\"ItemPage\"],\"@id\":\"https:\\\/\\\/vitablanca.ma\\\/produit\\\/sanogyl-bosse-a-dent-soin-interdentaire\\\/\",\"url\":\"https:\\\/\\\/vitablanca.ma\\\/produit\\\/sanogyl-bosse-a-dent-soin-interdentaire\\\/\",\"name\":\"Sanogyl Bosse \u00e0 Dent Soin Interdentaire - Maroc Prix\",\"isPartOf\":{\"@id\":\"https:\\\/\\\/vitablanca.ma\\\/#website\"},\"primaryImageOfPage\":{\"@id\":\"https:\\\/\\\/vitablanca.ma\\\/produit\\\/sanogyl-bosse-a-dent-soin-interdentaire\\\/#primaryimage\"},\"image\":{\"@id\":\"https:\\\/\\\/vitablanca.ma\\\/produit\\\/sanogyl-bosse-a-dent-soin-interdentaire\\\/#primaryimage\"},\"thumbnailUrl\":\"https:\\\/\\\/vitablanca.ma\\\/wp-content\\\/uploads\\\/2025\\\/06\\\/Sanogyl-Bosse-a-Dent-Soin-Interdentaire-souple-nova-prapharmacie-maroc.jpg\",\"datePublished\":\"2025-06-11T21:36:09+00:00\",\"dateModified\":\"2025-06-11T21:36:10+00:00\",\"description\":\"Sanogyl Bosse \u00e0 Dent Soin Interdentaire\",\"breadcrumb\":{\"@id\":\"https:\\\/\\\/vitablanca.ma\\\/produit\\\/sanogyl-bosse-a-dent-soin-interdentaire\\\/#breadcrumb\"},\"inLanguage\":\"ar\",\"potentialAction\":[{\"@type\":\"ReadAction\",\"target\":[\"https:\\\/\\\/vitablanca.ma\\\/produit\\\/sanogyl-bosse-a-dent-soin-interdentaire\\\/\"]}]},{\"@type\":\"ImageObject\",\"inLanguage\":\"ar\",\"@id\":\"https:\\\/\\\/vitablanca.ma\\\/produit\\\/sanogyl-bosse-a-dent-soin-interdentaire\\\/#primaryimage\",\"url\":\"https:\\\/\\\/vitablanca.ma\\\/wp-content\\\/uploads\\\/2025\\\/06\\\/Sanogyl-Bosse-a-Dent-Soin-Interdentaire-souple-nova-prapharmacie-maroc.jpg\",\"contentUrl\":\"https:\\\/\\\/vitablanca.ma\\\/wp-content\\\/uploads\\\/2025\\\/06\\\/Sanogyl-Bosse-a-Dent-Soin-Interdentaire-souple-nova-prapharmacie-maroc.jpg\",\"width\":1000,\"height\":1000},{\"@type\":\"BreadcrumbList\",\"@id\":\"https:\\\/\\\/vitablanca.ma\\\/produit\\\/sanogyl-bosse-a-dent-soin-interdentaire\\\/#breadcrumb\",\"itemListElement\":[{\"@type\":\"ListItem\",\"position\":1,\"name\":\"Home\",\"item\":\"https:\\\/\\\/vitablanca.ma\\\/\"},{\"@type\":\"ListItem\",\"position\":2,\"name\":\"Tous Les Produits\",\"item\":\"https:\\\/\\\/vitablanca.ma\\\/tous-les-produits\\\/\"},{\"@type\":\"ListItem\",\"position\":3,\"name\":\"Sanogyl Bosse \u00e0 Dent Soin Interdentaire\"}]},{\"@type\":\"WebSite\",\"@id\":\"https:\\\/\\\/vitablanca.ma\\\/#website\",\"url\":\"https:\\\/\\\/vitablanca.ma\\\/\",\"name\":\"VitaBlanca.ma | Compl\u00e9ments alimentaires, sant\u00e9 & beaut\u00e9 au Maroc\",\"description\":\"vendre vitamines et compl\u00e9ments premium des USA &amp; Canada, Nouvelle Z\u00e9lande,Maroc (NOW Foods, Solgar, Manuka). Livraison rapide partout au Maroc.\",\"publisher\":{\"@id\":\"https:\\\/\\\/vitablanca.ma\\\/#organization\"},\"alternateName\":\"VitaBlanca.ma\",\"potentialAction\":[{\"@type\":\"SearchAction\",\"target\":{\"@type\":\"EntryPoint\",\"urlTemplate\":\"https:\\\/\\\/vitablanca.ma\\\/?s={search_term_string}\"},\"query-input\":{\"@type\":\"PropertyValueSpecification\",\"valueRequired\":true,\"valueName\":\"search_term_string\"}}],\"inLanguage\":\"ar\"},{\"@type\":\"Organization\",\"@id\":\"https:\\\/\\\/vitablanca.ma\\\/#organization\",\"name\":\"VitaBlanca\",\"url\":\"https:\\\/\\\/vitablanca.ma\\\/\",\"logo\":{\"@type\":\"ImageObject\",\"inLanguage\":\"ar\",\"@id\":\"https:\\\/\\\/vitablanca.ma\\\/#\\\/schema\\\/logo\\\/image\\\/\",\"url\":\"https:\\\/\\\/vitablanca.ma\\\/wp-content\\\/uploads\\\/2025\\\/05\\\/cropped-vitablanca.png\",\"contentUrl\":\"https:\\\/\\\/vitablanca.ma\\\/wp-content\\\/uploads\\\/2025\\\/05\\\/cropped-vitablanca.png\",\"width\":360,\"height\":67,\"caption\":\"VitaBlanca\"},\"image\":{\"@id\":\"https:\\\/\\\/vitablanca.ma\\\/#\\\/schema\\\/logo\\\/image\\\/\"},\"sameAs\":[\"https:\\\/\\\/www.facebook.com\\\/profile.php?id=61576678196717\",\"https:\\\/\\\/www.tiktok.com\\\/@vitablanca.ma\",\"https:\\\/\\\/www.instagram.com\\\/vitablanca.ma\\\/\"]}]}<\/script>\n<!-- \/ Yoast SEO plugin. -->","yoast_head_json":{"title":"Sanogyl Bosse \u00e0 Dent Soin Interdentaire - Maroc Prix","description":"\u0633\u0627\u0646\u0648\u062c\u064a\u0644 \u0644\u0644\u0639\u0646\u0627\u064a\u0629 \u0628\u064a\u0646 \u0627\u0644\u0623\u0633\u0646\u0627\u0646","robots":{"index":"index","follow":"follow","max-snippet":"max-snippet:-1","max-image-preview":"max-image-preview:large","max-video-preview":"max-video-preview:-1"},"canonical":"https:\/\/vitablanca.ma\/ar\/product-2\/sanogyl-bosse-a-dent-soin-interdentaire\/","og_locale":"ar_AR","og_type":"article","og_title":"Sanogyl Bosse \u00e0 Dent Soin Interdentaire - Maroc Prix","og_description":"Sanogyl Bosse \u00e0 Dent Soin Interdentaire","og_url":"https:\/\/vitablanca.ma\/ar\/product-2\/sanogyl-bosse-a-dent-soin-interdentaire\/","og_site_name":"Vitablanca.ma &ndash; Sant&eacute;, vitalit&eacute; et bien-&ecirc;tre pour tous les Marocains","article_publisher":"https:\/\/www.facebook.com\/profile.php?id=61576678196717","article_modified_time":"2025-06-11T21:36:10+00:00","og_image":[{"width":1000,"height":1000,"url":"https:\/\/vitablanca.ma\/wp-content\/uploads\/2025\/06\/Sanogyl-Bosse-a-Dent-Soin-Interdentaire-souple-nova-prapharmacie-maroc.jpg","type":"image\/jpeg"}],"twitter_card":"summary_large_image","twitter_misc":{"\u0648\u0642\u062a \u0627\u0644\u0642\u0631\u0627\u0621\u0629 \u0627\u0644\u0645\u064f\u0642\u062f\u0651\u0631":"\u062f\u0642\u064a\u0642\u0629 \u0648\u0627\u062d\u062f\u0629"},"schema":{"@context":"https:\/\/schema.org","@graph":[{"@type":["WebPage","ItemPage"],"@id":"https:\/\/vitablanca.ma\/produit\/sanogyl-bosse-a-dent-soin-interdentaire\/","url":"https:\/\/vitablanca.ma\/produit\/sanogyl-bosse-a-dent-soin-interdentaire\/","name":"Sanogyl Bosse \u00e0 Dent Soin Interdentaire - Maroc Prix","isPartOf":{"@id":"https:\/\/vitablanca.ma\/#website"},"primaryImageOfPage":{"@id":"https:\/\/vitablanca.ma\/produit\/sanogyl-bosse-a-dent-soin-interdentaire\/#primaryimage"},"image":{"@id":"https:\/\/vitablanca.ma\/produit\/sanogyl-bosse-a-dent-soin-interdentaire\/#primaryimage"},"thumbnailUrl":"https:\/\/vitablanca.ma\/wp-content\/uploads\/2025\/06\/Sanogyl-Bosse-a-Dent-Soin-Interdentaire-souple-nova-prapharmacie-maroc.jpg","datePublished":"2025-06-11T21:36:09+00:00","dateModified":"2025-06-11T21:36:10+00:00","description":"\u0633\u0627\u0646\u0648\u062c\u064a\u0644 \u0644\u0644\u0639\u0646\u0627\u064a\u0629 \u0628\u064a\u0646 \u0627\u0644\u0623\u0633\u0646\u0627\u0646","breadcrumb":{"@id":"https:\/\/vitablanca.ma\/produit\/sanogyl-bosse-a-dent-soin-interdentaire\/#breadcrumb"},"inLanguage":"ar","potentialAction":[{"@type":"ReadAction","target":["https:\/\/vitablanca.ma\/produit\/sanogyl-bosse-a-dent-soin-interdentaire\/"]}]},{"@type":"ImageObject","inLanguage":"ar","@id":"https:\/\/vitablanca.ma\/produit\/sanogyl-bosse-a-dent-soin-interdentaire\/#primaryimage","url":"https:\/\/vitablanca.ma\/wp-content\/uploads\/2025\/06\/Sanogyl-Bosse-a-Dent-Soin-Interdentaire-souple-nova-prapharmacie-maroc.jpg","contentUrl":"https:\/\/vitablanca.ma\/wp-content\/uploads\/2025\/06\/Sanogyl-Bosse-a-Dent-Soin-Interdentaire-souple-nova-prapharmacie-maroc.jpg","width":1000,"height":1000},{"@type":"BreadcrumbList","@id":"https:\/\/vitablanca.ma\/produit\/sanogyl-bosse-a-dent-soin-interdentaire\/#breadcrumb","itemListElement":[{"@type":"ListItem","position":1,"name":"Home","item":"https:\/\/vitablanca.ma\/"},{"@type":"ListItem","position":2,"name":"Tous Les Produits","item":"https:\/\/vitablanca.ma\/tous-les-produits\/"},{"@type":"ListItem","position":3,"name":"Sanogyl Bosse \u00e0 Dent Soin Interdentaire"}]},{"@type":"WebSite","@id":"https:\/\/vitablanca.ma\/#website","url":"https:\/\/vitablanca.ma\/","name":"VitaBlanca.ma | \u0627\u0644\u0645\u0643\u0645\u0644\u0627\u062a \u0627\u0644\u063a\u0630\u0627\u0626\u064a\u0629\u060c \u0627\u0644\u0635\u062d\u0629 \u0648\u0627\u0644\u062c\u0645\u0627\u0644 \u0641\u064a \u0627\u0644\u0645\u063a\u0631\u0628","description":"\u0646\u0628\u064a\u0639 \u0641\u064a\u062a\u0627\u0645\u064a\u0646\u0627\u062a \u0648\u0645\u0643\u0645\u0644\u0627\u062a \u063a\u0630\u0627\u0626\u064a\u0629 \u0641\u0627\u062e\u0631\u0629 \u0645\u0646 \u0627\u0644\u0648\u0644\u0627\u064a\u0627\u062a \u0627\u0644\u0645\u062a\u062d\u062f\u0629 \u0627\u0644\u0623\u0645\u0631\u064a\u0643\u064a\u0629 \u0648\u0643\u0646\u062f\u0627 \u0648\u0646\u064a\u0648\u0632\u064a\u0644\u0646\u062f\u0627 \u0648\u0627\u0644\u0645\u063a\u0631\u0628 (\u0646\u0627\u0648 \u0641\u0648\u062f\u0632\u060c \u0633\u0648\u0644\u062c\u0627\u0631\u060c \u0645\u0627\u0646\u0648\u0643\u0627). \u062a\u0648\u0635\u064a\u0644 \u0633\u0631\u064a\u0639 \u0625\u0644\u0649 \u062c\u0645\u064a\u0639 \u0623\u0646\u062d\u0627\u0621 \u0627\u0644\u0645\u063a\u0631\u0628.","publisher":{"@id":"https:\/\/vitablanca.ma\/#organization"},"alternateName":"VitaBlanca.ma","potentialAction":[{"@type":"SearchAction","target":{"@type":"EntryPoint","urlTemplate":"https:\/\/vitablanca.ma\/?s={search_term_string}"},"query-input":{"@type":"PropertyValueSpecification","valueRequired":true,"valueName":"search_term_string"}}],"inLanguage":"ar"},{"@type":"Organization","@id":"https:\/\/vitablanca.ma\/#organization","name":"\u0641\u064a\u062a\u0627\u0628\u0644\u0627\u0646\u0643\u0627","url":"https:\/\/vitablanca.ma\/","logo":{"@type":"ImageObject","inLanguage":"ar","@id":"https:\/\/vitablanca.ma\/#\/schema\/logo\/image\/","url":"https:\/\/vitablanca.ma\/wp-content\/uploads\/2025\/05\/cropped-vitablanca.png","contentUrl":"https:\/\/vitablanca.ma\/wp-content\/uploads\/2025\/05\/cropped-vitablanca.png","width":360,"height":67,"caption":"VitaBlanca"},"image":{"@id":"https:\/\/vitablanca.ma\/#\/schema\/logo\/image\/"},"sameAs":["https:\/\/www.facebook.com\/profile.php?id=61576678196717","https:\/\/www.tiktok.com\/@vitablanca.ma","https:\/\/www.instagram.com\/vitablanca.ma\/"]}]}},"jetpack_sharing_enabled":true,"_links":{"self":[{"href":"https:\/\/vitablanca.ma\/ar\/wp-json\/wp\/v2\/product\/21954","targetHints":{"allow":["GET"]}}],"collection":[{"href":"https:\/\/vitablanca.ma\/ar\/wp-json\/wp\/v2\/product"}],"about":[{"href":"https:\/\/vitablanca.ma\/ar\/wp-json\/wp\/v2\/types\/product"}],"wp:featuredmedia":[{"embeddable":true,"href":"https:\/\/vitablanca.ma\/ar\/wp-json\/wp\/v2\/media\/21952"}],"wp:attachment":[{"href":"https:\/\/vitablanca.ma\/ar\/wp-json\/wp\/v2\/media?parent=21954"}],"wp:term":[{"taxonomy":"product_brand","embeddable":true,"href":"https:\/\/vitablanca.ma\/ar\/wp-json\/wp\/v2\/product_brand?post=21954"},{"taxonomy":"product_cat","embeddable":true,"href":"https:\/\/vitablanca.ma\/ar\/wp-json\/wp\/v2\/product_cat?post=21954"},{"taxonomy":"product_tag","embeddable":true,"href":"https:\/\/vitablanca.ma\/ar\/wp-json\/wp\/v2\/product_tag?post=21954"}],"curies":[{"name":"wp","href":"https:\/\/api.w.org\/{rel}","templated":true}]}}