{"id":21895,"date":"2025-06-11T21:32:24","date_gmt":"2025-06-11T21:32:24","guid":{"rendered":"https:\/\/vitablanca.ma\/product\/roge-cavailles-lait-bain-douche-lait-de-figue\/"},"modified":"2026-02-07T15:48:48","modified_gmt":"2026-02-07T15:48:48","slug":"roge-cavailles-lait-bain-douche-lait-de-figue","status":"publish","type":"product","link":"https:\/\/vitablanca.ma\/ar\/product-2\/roge-cavailles-lait-bain-douche-lait-de-figue\/","title":{"rendered":"\u062c\u0644 \u0627\u0644\u0627\u0633\u062a\u062d\u0645\u0627\u0645 \u0628\u062d\u0644\u064a\u0628 \u0627\u0644\u062a\u064a\u0646 \u0645\u0646 \u0631\u0648\u062c\u064a\u0647 \u0643\u0627\u0641\u064a\u0644\u064a\u0633"},"content":{"rendered":"<h2 data-mce-fragment=\"1\">\u062c\u0644 \u0627\u0644\u0627\u0633\u062a\u062d\u0645\u0627\u0645 \u0628\u062d\u0644\u064a\u0628 \u0627\u0644\u062a\u064a\u0646 \u0645\u0646 \u0631\u0648\u062c\u064a\u0647 \u0643\u0627\u0641\u064a\u0644\u064a\u0633\u00a0<span data-mce-fragment=\"1\">\u0645\u062b\u0627\u0644\u064a \u0644\u0644\u0628\u0634\u0631\u0629 \u0627\u0644\u062c\u0627\u0641\u0629 \u0644\u062c\u0645\u064a\u0639 \u0623\u0641\u0631\u0627\u062f \u0627\u0644\u0623\u0633\u0631\u0629<\/span><\/h2>\n<p><span data-mce-fragment=\"1\">1 \u0644\u062a\u0631 \/ 400 \u0645\u0644<\/span><\/p>\n<p data-mce-fragment=\"1\">\u062c\u0644 \u0627\u0644\u0627\u0633\u062a\u062d\u0645\u0627\u0645 \u0628\u062d\u0644\u064a\u0628 \u0627\u0644\u062a\u064a\u0646 \u063a\u0646\u064a \u0628\u0645\u0633\u062a\u062e\u0644\u0635\u0627\u062a \u0633\u0648\u0631\u062c\u0631\u0627\u0633 \u0627\u0644\u0646\u0634\u0637\u0629 \u0644\u062a\u0646\u0638\u064a\u0641 \u0627\u0644\u0628\u0634\u0631\u0629 \u0627\u0644\u062d\u0633\u0627\u0633\u0629 \u0648\u0627\u0644\u0631\u0642\u064a\u0642\u0629 \u0644\u062c\u0645\u064a\u0639 \u0623\u0641\u0631\u0627\u062f \u0627\u0644\u0623\u0633\u0631\u0629 \u0623\u062b\u0646\u0627\u0621 \u0627\u0644\u0627\u0633\u062a\u062d\u0645\u0627\u0645. \u0635\u063a\u0627\u0631\u064b\u0627 \u0643\u0627\u0646\u0648\u0627 \u0623\u0645 \u0643\u0628\u0627\u0631\u064b\u0627!<\/p>\n<p data-mce-fragment=\"1\">- \u0639\u0648\u0627\u0645\u0644 \u062f\u0647\u0646\u064a\u0629 \u0641\u0627\u0626\u0642\u0629 \u0627\u0644\u062a\u062c\u062f\u064a\u062f \u062a\u0633\u0627\u0639\u062f \u0639\u0644\u0649 \u0639\u0645\u0644\u064a\u0629 \u062a\u062c\u062f\u064a\u062f \u0627\u0644\u0628\u0634\u0631\u0629 \u0627\u0644\u0637\u0628\u064a\u0639\u064a\u0629<\/p>\n<p data-mce-fragment=\"1\">- \u062a\u0631\u0643\u064a\u0628\u0629 \u062d\u0644\u064a\u0628 \u0644\u0637\u064a\u0641\u0629 \u0644\u0644\u063a\u0627\u064a\u0629 \u0644\u0628\u0634\u0631\u0629 \u0631\u0637\u0628\u0629 \u062c\u064a\u062f\u064b\u0627<\/p>\n<p data-mce-fragment=\"1\">- \u0645\u0648\u0633 \u0643\u0631\u064a\u0645\u064a \u0644\u0644\u062d\u0635\u0648\u0644 \u0639\u0644\u0649 \u0644\u062d\u0638\u0629 \u0645\u0646 \u0627\u0644\u0645\u062a\u0639\u0629 \u0627\u0644\u0645\u062a\u062c\u062f\u062f\u0629<\/p>\n<p data-mce-fragment=\"1\">- \u0631\u0627\u0626\u062d\u0629 \u062e\u0641\u064a\u0641\u0629 \u0645\u0646 \u062d\u0644\u064a\u0628 \u0627\u0644\u062a\u064a\u0646 \u062a\u063a\u0631\u064a \u0648\u062a\u062c\u062f\u062f \u0627\u0644\u0623\u0633\u0631\u0629 \u0628\u0623\u0643\u0645\u0644\u0647\u0627<\/p>\n<div class=\"accordion collapse show\">\n<div class=\"accordion-header\">\n<h3 class=\"mb-0\">\u0637\u0631\u064a\u0642\u0629 \u0627\u0644\u0627\u0633\u062a\u062e\u062f\u0627\u0645<\/h3>\n<\/div>\n<div class=\"accordion-body\">\n<div class=\"wysiwyg\">\n<p>\u0623\u062b\u0646\u0627\u0621 \u0627\u0644\u0627\u0633\u062a\u062d\u0645\u0627\u0645\u060c \u0636\u0639\u064a \u062d\u0644\u064a\u0628 \u0627\u0644\u0627\u0633\u062a\u062d\u0645\u0627\u0645 \u0644\u0644\u0628\u0634\u0631\u0629 \u0627\u0644\u062c\u0627\u0641\u0629 \u0639\u0644\u0649 \u0628\u0634\u0631\u062a\u0643\u0650 \u0627\u0644\u0645\u0628\u0644\u0644\u0629. \u062f\u0644\u0651\u0643\u064a\u0647\u0627 \u062c\u064a\u062f\u064b\u0627\u060c \u062b\u0645 \u0627\u0634\u0637\u0641\u064a\u0647\u0627\u060c \u0648\u0633\u062a\u062d\u0635\u0644\u064a\u0646 \u0639\u0644\u0649 \u0628\u0634\u0631\u0629 \u0631\u0637\u0628\u0629 \u0648\u0645\u062d\u0645\u064a\u0629 \u0648\u0623\u0643\u062b\u0631 \u0646\u0636\u0627\u0631\u0629 \u0645\u0646 \u0623\u064a \u0648\u0642\u062a \u0645\u0636\u0649.<\/p>\n<\/div>\n<\/div>\n<\/div>\n<div class=\"accordion collapse show\">\n<div class=\"accordion-header\">\n<h3 class=\"mb-0\">\u0645\u0643\u0648\u0646\u0627\u062a \u0627\u0644\u0645\u0646\u062a\u062c<\/h3>\n<\/div>\n<div class=\"accordion-body\">\n<div>\n<p>\u0645\u0627\u0621\u060c \u0643\u0628\u0631\u064a\u062a\u0627\u062a \u062b\u0644\u0627\u062b\u064a \u062f\u064a\u0633\u064a\u062b \u0627\u0644\u0635\u0648\u062f\u064a\u0648\u0645\u060c \u0632\u064a\u062a \u0627\u0644\u0644\u0648\u0632 \u0627\u0644\u062d\u0644\u0648\u060c \u0643\u0644\u0648\u0631\u064a\u062f \u0627\u0644\u0635\u0648\u062f\u064a\u0648\u0645\u060c \u062c\u0644\u0633\u0631\u064a\u0646\u060c \u0644\u0648\u0631\u0648 \u0623\u0645\u0641\u0648\u0627\u0633\u064a\u062a\u0627\u062a \u0627\u0644\u0635\u0648\u062f\u064a\u0648\u0645\u060c \u0643\u0648\u0643\u0627\u0645\u064a\u062f \u0625\u0645 \u0625\u064a \u0625\u064a\u0647\u060c \u0632\u064a\u062a \u0641\u0627\u0643\u0647\u0629 \u0623\u0648\u0644\u064a\u0627 \u064a\u0648\u0631\u0648\u0628\u064a\u0627\u060c \u0644\u0627\u0643\u062a\u0648\u0632\u060c \u0623\u0633\u064a\u062a\u0627\u062a \u062a\u0648\u0643\u0648\u0641\u064a\u0631\u064a\u0644\u060c \u0625\u0633\u062a\u0631\u0627\u062a \u0632\u064a\u062a \u0627\u0644\u0632\u064a\u062a\u0648\u0646 \u0628\u064a \u0625\u064a \u062c\u064a-7\u060c \u0628\u0631\u0648\u062a\u064a\u0646 \u0645\u0635\u0644 \u0627\u0644\u0644\u0628\u0646\u060c \u062d\u0645\u0636 \u0627\u0644\u0633\u062a\u0631\u064a\u0643\u060c \u0639\u0637\u0631\u060c \u0647\u064a\u062f\u0631\u0648\u0643\u0633\u064a \u0623\u0644\u0643\u064a\u0644 \u0647\u064a\u062f\u0631\u0648\u0643\u0633\u064a \u0628\u0631\u0648\u0628\u064a\u0644 \u063a\u0648\u0627\u0631 \u0633\u064a 18-\u0633\u064a 22\u060c \u0628\u0646\u0632\u0648\u0627\u062a \u0627\u0644\u0635\u0648\u062f\u064a\u0648\u0645\u060c \u0625\u064a\u0645\u064a\u062f\u0627\u0632\u0648\u0644\u064a\u062f\u064a\u0646\u064a\u0644 \u064a\u0648\u0631\u064a\u0627\u060c \u062f\u064a \u0625\u0645 \u062f\u064a \u0625\u0645 \u0647\u064a\u062f\u0627\u0646\u062a\u0648\u064a\u0646\u060c \u062b\u0646\u0627\u0626\u064a \u0635\u0648\u062f\u064a\u0648\u0645 \u0625\u064a\u062f\u064a\u062a\u0627\u060c \u0647\u064a\u062f\u0631\u0648\u0643\u0633\u064a\u062f \u0627\u0644\u0635\u0648\u062f\u064a\u0648\u0645<\/p>\n<\/div>\n<\/div>\n<\/div>","protected":false},"excerpt":{"rendered":"<p>Rog\u00e9 Cavaill\u00e8s Lait Bain Douche Lait de Figue\u00a0Id\u00e9al pour les peaux s\u00e8ches de toute la famille 1L \/ 400ml Le Gel Bain Douche au Lait de Figue est enrichi en Surgras actif pour nettoyer les peaux d\u00e9licates et sensibles de toute la famille sous la douche ou dans le bain. Que l\u2019on soit petit ou [&hellip;]<\/p>\n","protected":false},"featured_media":21886,"template":"","meta":{"om_disable_all_campaigns":false},"product_brand":[],"product_cat":[15],"product_tag":[8577,8195,8574,8575,8576,8573,8562],"class_list":{"0":"post-21895","1":"product","2":"type-product","3":"status-publish","4":"has-post-thumbnail","6":"product_cat-beaute-sante-complements-alimentaires-soins-et-bien-etre-au-meilleur-prix","7":"product_tag-cavailles-douche","8":"product_tag-gel-douche-peaux-sensibles","9":"product_tag-lait-bain-douche","10":"product_tag-lait-de-figue","11":"product_tag-nettoyant-sans-savon","12":"product_tag-roge-cavailles","13":"product_tag-soin-douche-hydratant","15":"first","16":"instock","17":"sale","18":"taxable","19":"shipping-taxable","20":"purchasable","21":"product-type-variable"},"yoast_head":"<!-- This site is optimized with the Yoast SEO plugin v27.4 - https:\/\/yoast.com\/product\/yoast-seo-wordpress\/ -->\n<title>Rog\u00e9 Cavaill\u00e8s Lait Bain Douche Lait de Figue - Maroc Prix<\/title>\n<meta name=\"description\" content=\"Lait Bain Douche Rog\u00e9 Cavaill\u00e8s au lait de figue. Nettoie en douceur, hydrate et respecte les peaux sensibles. Sans savon, usage quotidien.\" \/>\n<meta name=\"robots\" content=\"index, follow, max-snippet:-1, max-image-preview:large, max-video-preview:-1\" \/>\n<link rel=\"canonical\" href=\"https:\/\/vitablanca.ma\/ar\/product-2\/roge-cavailles-lait-bain-douche-lait-de-figue\/\" \/>\n<meta property=\"og:locale\" content=\"ar_AR\" \/>\n<meta property=\"og:type\" content=\"article\" \/>\n<meta property=\"og:title\" content=\"Rog\u00e9 Cavaill\u00e8s Lait Bain Douche Lait de Figue - Maroc Prix\" \/>\n<meta property=\"og:description\" content=\"Lait Bain Douche Rog\u00e9 Cavaill\u00e8s au lait de figue. Nettoie en douceur, hydrate et respecte les peaux sensibles. Sans savon, usage quotidien.\" \/>\n<meta property=\"og:url\" content=\"https:\/\/vitablanca.ma\/ar\/product-2\/roge-cavailles-lait-bain-douche-lait-de-figue\/\" \/>\n<meta property=\"og:site_name\" content=\"Vitablanca.ma &ndash; Sant&eacute;, vitalit&eacute; et bien-&ecirc;tre pour tous les Marocains\" \/>\n<meta property=\"article:publisher\" content=\"https:\/\/www.facebook.com\/profile.php?id=61576678196717\" \/>\n<meta property=\"article:modified_time\" content=\"2026-02-07T15:48:48+00:00\" \/>\n<meta property=\"og:image\" content=\"https:\/\/vitablanca.ma\/wp-content\/uploads\/2025\/06\/Roge-Cavailles-Lait-Bain-Douche-Lait-de-Figue-1l-nova-parapharmacie-maroc.png\" \/>\n\t<meta property=\"og:image:width\" content=\"1000\" \/>\n\t<meta property=\"og:image:height\" content=\"1000\" \/>\n\t<meta property=\"og:image:type\" content=\"image\/png\" \/>\n<meta name=\"twitter:card\" content=\"summary_large_image\" \/>\n<meta name=\"twitter:label1\" content=\"\u0648\u0642\u062a \u0627\u0644\u0642\u0631\u0627\u0621\u0629 \u0627\u0644\u0645\u064f\u0642\u062f\u0651\u0631\" \/>\n\t<meta name=\"twitter:data1\" content=\"\u062f\u0642\u064a\u0642\u062a\u0627\u0646\" \/>\n<script type=\"application\/ld+json\" class=\"yoast-schema-graph\">{\"@context\":\"https:\\\/\\\/schema.org\",\"@graph\":[{\"@type\":[\"WebPage\",\"ItemPage\"],\"@id\":\"https:\\\/\\\/vitablanca.ma\\\/produit\\\/roge-cavailles-lait-bain-douche-lait-de-figue\\\/\",\"url\":\"https:\\\/\\\/vitablanca.ma\\\/produit\\\/roge-cavailles-lait-bain-douche-lait-de-figue\\\/\",\"name\":\"Rog\u00e9 Cavaill\u00e8s Lait Bain Douche Lait de Figue - Maroc Prix\",\"isPartOf\":{\"@id\":\"https:\\\/\\\/vitablanca.ma\\\/#website\"},\"primaryImageOfPage\":{\"@id\":\"https:\\\/\\\/vitablanca.ma\\\/produit\\\/roge-cavailles-lait-bain-douche-lait-de-figue\\\/#primaryimage\"},\"image\":{\"@id\":\"https:\\\/\\\/vitablanca.ma\\\/produit\\\/roge-cavailles-lait-bain-douche-lait-de-figue\\\/#primaryimage\"},\"thumbnailUrl\":\"https:\\\/\\\/vitablanca.ma\\\/wp-content\\\/uploads\\\/2025\\\/06\\\/Roge-Cavailles-Lait-Bain-Douche-Lait-de-Figue-1l-nova-parapharmacie-maroc.png\",\"datePublished\":\"2025-06-11T21:32:24+00:00\",\"dateModified\":\"2026-02-07T15:48:48+00:00\",\"description\":\"Lait Bain Douche Rog\u00e9 Cavaill\u00e8s au lait de figue. Nettoie en douceur, hydrate et respecte les peaux sensibles. Sans savon, usage quotidien.\",\"breadcrumb\":{\"@id\":\"https:\\\/\\\/vitablanca.ma\\\/produit\\\/roge-cavailles-lait-bain-douche-lait-de-figue\\\/#breadcrumb\"},\"inLanguage\":\"ar\",\"potentialAction\":[{\"@type\":\"ReadAction\",\"target\":[\"https:\\\/\\\/vitablanca.ma\\\/produit\\\/roge-cavailles-lait-bain-douche-lait-de-figue\\\/\"]}]},{\"@type\":\"ImageObject\",\"inLanguage\":\"ar\",\"@id\":\"https:\\\/\\\/vitablanca.ma\\\/produit\\\/roge-cavailles-lait-bain-douche-lait-de-figue\\\/#primaryimage\",\"url\":\"https:\\\/\\\/vitablanca.ma\\\/wp-content\\\/uploads\\\/2025\\\/06\\\/Roge-Cavailles-Lait-Bain-Douche-Lait-de-Figue-1l-nova-parapharmacie-maroc.png\",\"contentUrl\":\"https:\\\/\\\/vitablanca.ma\\\/wp-content\\\/uploads\\\/2025\\\/06\\\/Roge-Cavailles-Lait-Bain-Douche-Lait-de-Figue-1l-nova-parapharmacie-maroc.png\",\"width\":1000,\"height\":1000},{\"@type\":\"BreadcrumbList\",\"@id\":\"https:\\\/\\\/vitablanca.ma\\\/produit\\\/roge-cavailles-lait-bain-douche-lait-de-figue\\\/#breadcrumb\",\"itemListElement\":[{\"@type\":\"ListItem\",\"position\":1,\"name\":\"Home\",\"item\":\"https:\\\/\\\/vitablanca.ma\\\/\"},{\"@type\":\"ListItem\",\"position\":2,\"name\":\"Tous Les Produits\",\"item\":\"https:\\\/\\\/vitablanca.ma\\\/tous-les-produits\\\/\"},{\"@type\":\"ListItem\",\"position\":3,\"name\":\"Rog\u00e9 Cavaill\u00e8s Lait Bain Douche Lait de Figue\"}]},{\"@type\":\"WebSite\",\"@id\":\"https:\\\/\\\/vitablanca.ma\\\/#website\",\"url\":\"https:\\\/\\\/vitablanca.ma\\\/\",\"name\":\"VitaBlanca.ma | Compl\u00e9ments alimentaires, sant\u00e9 & beaut\u00e9 au Maroc\",\"description\":\"vendre vitamines et compl\u00e9ments premium des USA &amp; Canada, Nouvelle Z\u00e9lande,Maroc (NOW Foods, Solgar, Manuka). Livraison rapide partout au Maroc.\",\"publisher\":{\"@id\":\"https:\\\/\\\/vitablanca.ma\\\/#organization\"},\"alternateName\":\"VitaBlanca.ma\",\"potentialAction\":[{\"@type\":\"SearchAction\",\"target\":{\"@type\":\"EntryPoint\",\"urlTemplate\":\"https:\\\/\\\/vitablanca.ma\\\/?s={search_term_string}\"},\"query-input\":{\"@type\":\"PropertyValueSpecification\",\"valueRequired\":true,\"valueName\":\"search_term_string\"}}],\"inLanguage\":\"ar\"},{\"@type\":\"Organization\",\"@id\":\"https:\\\/\\\/vitablanca.ma\\\/#organization\",\"name\":\"VitaBlanca\",\"url\":\"https:\\\/\\\/vitablanca.ma\\\/\",\"logo\":{\"@type\":\"ImageObject\",\"inLanguage\":\"ar\",\"@id\":\"https:\\\/\\\/vitablanca.ma\\\/#\\\/schema\\\/logo\\\/image\\\/\",\"url\":\"https:\\\/\\\/vitablanca.ma\\\/wp-content\\\/uploads\\\/2025\\\/05\\\/cropped-vitablanca.png\",\"contentUrl\":\"https:\\\/\\\/vitablanca.ma\\\/wp-content\\\/uploads\\\/2025\\\/05\\\/cropped-vitablanca.png\",\"width\":360,\"height\":67,\"caption\":\"VitaBlanca\"},\"image\":{\"@id\":\"https:\\\/\\\/vitablanca.ma\\\/#\\\/schema\\\/logo\\\/image\\\/\"},\"sameAs\":[\"https:\\\/\\\/www.facebook.com\\\/profile.php?id=61576678196717\",\"https:\\\/\\\/www.tiktok.com\\\/@vitablanca.ma\",\"https:\\\/\\\/www.instagram.com\\\/vitablanca.ma\\\/\"]}]}<\/script>\n<!-- \/ Yoast SEO plugin. -->","yoast_head_json":{"title":"\u0644\u0648\u0634\u0646 \u0627\u0633\u062a\u062d\u0645\u0627\u0645 \u0628\u062d\u0644\u064a\u0628 \u0627\u0644\u062a\u064a\u0646 \u0645\u0646 \u0631\u0648\u062c\u064a \u0643\u0627\u0641\u0627\u064a\u064a\u0633 - \u0633\u0639\u0631 \u0627\u0644\u0645\u063a\u0631\u0628","description":"Lait Bain Douche Rog\u00e9 Cavaill\u00e8s au lait de figue. Nettoie en douceur, hydrate et respecte les peaux sensibles. Sans savon, usage quotidien.","robots":{"index":"index","follow":"follow","max-snippet":"max-snippet:-1","max-image-preview":"max-image-preview:large","max-video-preview":"max-video-preview:-1"},"canonical":"https:\/\/vitablanca.ma\/ar\/product-2\/roge-cavailles-lait-bain-douche-lait-de-figue\/","og_locale":"ar_AR","og_type":"article","og_title":"Rog\u00e9 Cavaill\u00e8s Lait Bain Douche Lait de Figue - Maroc Prix","og_description":"Lait Bain Douche Rog\u00e9 Cavaill\u00e8s au lait de figue. Nettoie en douceur, hydrate et respecte les peaux sensibles. Sans savon, usage quotidien.","og_url":"https:\/\/vitablanca.ma\/ar\/product-2\/roge-cavailles-lait-bain-douche-lait-de-figue\/","og_site_name":"Vitablanca.ma &ndash; Sant&eacute;, vitalit&eacute; et bien-&ecirc;tre pour tous les Marocains","article_publisher":"https:\/\/www.facebook.com\/profile.php?id=61576678196717","article_modified_time":"2026-02-07T15:48:48+00:00","og_image":[{"width":1000,"height":1000,"url":"https:\/\/vitablanca.ma\/wp-content\/uploads\/2025\/06\/Roge-Cavailles-Lait-Bain-Douche-Lait-de-Figue-1l-nova-parapharmacie-maroc.png","type":"image\/png"}],"twitter_card":"summary_large_image","twitter_misc":{"\u0648\u0642\u062a \u0627\u0644\u0642\u0631\u0627\u0621\u0629 \u0627\u0644\u0645\u064f\u0642\u062f\u0651\u0631":"\u062f\u0642\u064a\u0642\u062a\u0627\u0646"},"schema":{"@context":"https:\/\/schema.org","@graph":[{"@type":["WebPage","ItemPage"],"@id":"https:\/\/vitablanca.ma\/produit\/roge-cavailles-lait-bain-douche-lait-de-figue\/","url":"https:\/\/vitablanca.ma\/produit\/roge-cavailles-lait-bain-douche-lait-de-figue\/","name":"\u0644\u0648\u0634\u0646 \u0627\u0633\u062a\u062d\u0645\u0627\u0645 \u0628\u062d\u0644\u064a\u0628 \u0627\u0644\u062a\u064a\u0646 \u0645\u0646 \u0631\u0648\u062c\u064a \u0643\u0627\u0641\u0627\u064a\u064a\u0633 - \u0633\u0639\u0631 \u0627\u0644\u0645\u063a\u0631\u0628","isPartOf":{"@id":"https:\/\/vitablanca.ma\/#website"},"primaryImageOfPage":{"@id":"https:\/\/vitablanca.ma\/produit\/roge-cavailles-lait-bain-douche-lait-de-figue\/#primaryimage"},"image":{"@id":"https:\/\/vitablanca.ma\/produit\/roge-cavailles-lait-bain-douche-lait-de-figue\/#primaryimage"},"thumbnailUrl":"https:\/\/vitablanca.ma\/wp-content\/uploads\/2025\/06\/Roge-Cavailles-Lait-Bain-Douche-Lait-de-Figue-1l-nova-parapharmacie-maroc.png","datePublished":"2025-06-11T21:32:24+00:00","dateModified":"2026-02-07T15:48:48+00:00","description":"Lait Bain Douche Rog\u00e9 Cavaill\u00e8s au lait de figue. Nettoie en douceur, hydrate et respecte les peaux sensibles. Sans savon, usage quotidien.","breadcrumb":{"@id":"https:\/\/vitablanca.ma\/produit\/roge-cavailles-lait-bain-douche-lait-de-figue\/#breadcrumb"},"inLanguage":"ar","potentialAction":[{"@type":"ReadAction","target":["https:\/\/vitablanca.ma\/produit\/roge-cavailles-lait-bain-douche-lait-de-figue\/"]}]},{"@type":"ImageObject","inLanguage":"ar","@id":"https:\/\/vitablanca.ma\/produit\/roge-cavailles-lait-bain-douche-lait-de-figue\/#primaryimage","url":"https:\/\/vitablanca.ma\/wp-content\/uploads\/2025\/06\/Roge-Cavailles-Lait-Bain-Douche-Lait-de-Figue-1l-nova-parapharmacie-maroc.png","contentUrl":"https:\/\/vitablanca.ma\/wp-content\/uploads\/2025\/06\/Roge-Cavailles-Lait-Bain-Douche-Lait-de-Figue-1l-nova-parapharmacie-maroc.png","width":1000,"height":1000},{"@type":"BreadcrumbList","@id":"https:\/\/vitablanca.ma\/produit\/roge-cavailles-lait-bain-douche-lait-de-figue\/#breadcrumb","itemListElement":[{"@type":"ListItem","position":1,"name":"Home","item":"https:\/\/vitablanca.ma\/"},{"@type":"ListItem","position":2,"name":"Tous Les Produits","item":"https:\/\/vitablanca.ma\/tous-les-produits\/"},{"@type":"ListItem","position":3,"name":"Rog\u00e9 Cavaill\u00e8s Lait Bain Douche Lait de Figue"}]},{"@type":"WebSite","@id":"https:\/\/vitablanca.ma\/#website","url":"https:\/\/vitablanca.ma\/","name":"VitaBlanca.ma | \u0627\u0644\u0645\u0643\u0645\u0644\u0627\u062a \u0627\u0644\u063a\u0630\u0627\u0626\u064a\u0629\u060c \u0627\u0644\u0635\u062d\u0629 \u0648\u0627\u0644\u062c\u0645\u0627\u0644 \u0641\u064a \u0627\u0644\u0645\u063a\u0631\u0628","description":"\u0646\u0628\u064a\u0639 \u0641\u064a\u062a\u0627\u0645\u064a\u0646\u0627\u062a \u0648\u0645\u0643\u0645\u0644\u0627\u062a \u063a\u0630\u0627\u0626\u064a\u0629 \u0641\u0627\u062e\u0631\u0629 \u0645\u0646 \u0627\u0644\u0648\u0644\u0627\u064a\u0627\u062a \u0627\u0644\u0645\u062a\u062d\u062f\u0629 \u0627\u0644\u0623\u0645\u0631\u064a\u0643\u064a\u0629 \u0648\u0643\u0646\u062f\u0627 \u0648\u0646\u064a\u0648\u0632\u064a\u0644\u0646\u062f\u0627 \u0648\u0627\u0644\u0645\u063a\u0631\u0628 (\u0646\u0627\u0648 \u0641\u0648\u062f\u0632\u060c \u0633\u0648\u0644\u062c\u0627\u0631\u060c \u0645\u0627\u0646\u0648\u0643\u0627). \u062a\u0648\u0635\u064a\u0644 \u0633\u0631\u064a\u0639 \u0625\u0644\u0649 \u062c\u0645\u064a\u0639 \u0623\u0646\u062d\u0627\u0621 \u0627\u0644\u0645\u063a\u0631\u0628.","publisher":{"@id":"https:\/\/vitablanca.ma\/#organization"},"alternateName":"VitaBlanca.ma","potentialAction":[{"@type":"SearchAction","target":{"@type":"EntryPoint","urlTemplate":"https:\/\/vitablanca.ma\/?s={search_term_string}"},"query-input":{"@type":"PropertyValueSpecification","valueRequired":true,"valueName":"search_term_string"}}],"inLanguage":"ar"},{"@type":"Organization","@id":"https:\/\/vitablanca.ma\/#organization","name":"\u0641\u064a\u062a\u0627\u0628\u0644\u0627\u0646\u0643\u0627","url":"https:\/\/vitablanca.ma\/","logo":{"@type":"ImageObject","inLanguage":"ar","@id":"https:\/\/vitablanca.ma\/#\/schema\/logo\/image\/","url":"https:\/\/vitablanca.ma\/wp-content\/uploads\/2025\/05\/cropped-vitablanca.png","contentUrl":"https:\/\/vitablanca.ma\/wp-content\/uploads\/2025\/05\/cropped-vitablanca.png","width":360,"height":67,"caption":"VitaBlanca"},"image":{"@id":"https:\/\/vitablanca.ma\/#\/schema\/logo\/image\/"},"sameAs":["https:\/\/www.facebook.com\/profile.php?id=61576678196717","https:\/\/www.tiktok.com\/@vitablanca.ma","https:\/\/www.instagram.com\/vitablanca.ma\/"]}]}},"jetpack_sharing_enabled":true,"_links":{"self":[{"href":"https:\/\/vitablanca.ma\/ar\/wp-json\/wp\/v2\/product\/21895","targetHints":{"allow":["GET"]}}],"collection":[{"href":"https:\/\/vitablanca.ma\/ar\/wp-json\/wp\/v2\/product"}],"about":[{"href":"https:\/\/vitablanca.ma\/ar\/wp-json\/wp\/v2\/types\/product"}],"wp:featuredmedia":[{"embeddable":true,"href":"https:\/\/vitablanca.ma\/ar\/wp-json\/wp\/v2\/media\/21886"}],"wp:attachment":[{"href":"https:\/\/vitablanca.ma\/ar\/wp-json\/wp\/v2\/media?parent=21895"}],"wp:term":[{"taxonomy":"product_brand","embeddable":true,"href":"https:\/\/vitablanca.ma\/ar\/wp-json\/wp\/v2\/product_brand?post=21895"},{"taxonomy":"product_cat","embeddable":true,"href":"https:\/\/vitablanca.ma\/ar\/wp-json\/wp\/v2\/product_cat?post=21895"},{"taxonomy":"product_tag","embeddable":true,"href":"https:\/\/vitablanca.ma\/ar\/wp-json\/wp\/v2\/product_tag?post=21895"}],"curies":[{"name":"wp","href":"https:\/\/api.w.org\/{rel}","templated":true}]}}