{"id":21885,"date":"2025-06-11T21:32:15","date_gmt":"2025-06-11T21:32:15","guid":{"rendered":"https:\/\/vitablanca.ma\/product\/svr-filler-biotic-contour-des-yeux-et-levres-15ml\/"},"modified":"2026-01-21T17:42:24","modified_gmt":"2026-01-21T17:42:24","slug":"svr-filler-biotic-contour-des-yeux-et-levres-15ml","status":"publish","type":"product","link":"https:\/\/vitablanca.ma\/ar\/product-2\/svr-filler-biotic-contour-des-yeux-et-levres-15ml\/","title":{"rendered":"\u0641\u064a\u0644\u0631 \u0628\u064a\u0648\u062a\u064a\u0643 SVR \u0644\u0645\u062d\u064a\u0637 \u0627\u0644\u0639\u064a\u0646 \u0648\u0627\u0644\u0634\u0641\u0627\u0647 15 \u0645\u0644"},"content":{"rendered":"<h2>\u0641\u064a\u0644\u0631 \u0628\u064a\u0648\u062a\u064a\u0643 SVR \u0644\u0645\u062d\u064a\u0637 \u0627\u0644\u0639\u064a\u0646 \u0648\u0627\u0644\u0634\u0641\u0627\u0647 15 \u0645\u0644<\/h2>\n<p>Filler Biotic \u0647\u0648 \u0645\u0646\u062a\u062c \u0644\u0644\u0639\u0646\u0627\u064a\u0629 \u0628\u0627\u0644\u0648\u062c\u0647 \u062a\u0645 \u062a\u0637\u0648\u064a\u0631\u0647 \u0628\u0648\u0627\u0633\u0637\u0629 \u0645\u062e\u062a\u0628\u0631 SVR\u060c \u0648\u0628\u0634\u0643\u0644 \u0623\u0643\u062b\u0631 \u062a\u062d\u062f\u064a\u062f\u064b\u0627\u060c \u0641\u0647\u0648 \u0639\u0644\u0627\u062c \u0645\u0636\u0627\u062f \u0644\u0644\u0634\u064a\u062e\u0648\u062e\u0629 \u0645\u062e\u0635\u0635 \u0644\u0645\u0646\u0637\u0642\u0629 \u0627\u0644\u0639\u064a\u0646 \u0648\u0627\u0644\u0634\u0641\u0627\u0647.\u00a0<\/p>\n<p>\u064a\u0648\u0635\u0649 \u0628\u0647\u0630\u0627 \u0627\u0644\u0645\u0646\u062a\u062c \u0644\u062a\u0642\u0644\u064a\u0644 \u0627\u0644\u062a\u062c\u0627\u0639\u064a\u062f \u0648\u0627\u0644\u062e\u0637\u0648\u0637 \u0627\u0644\u062f\u0642\u064a\u0642\u0629 \u0648\u0645\u062d\u0627\u0631\u0628\u0629 \u0627\u0644\u062c\u0641\u0627\u0641\u060c \u0645\u0639 \u062a\u0648\u0641\u064a\u0631 \u062a\u0623\u062b\u064a\u0631 \u0645\u0644\u0621 \u0648\u0634\u062f.\u00a0<\/p>\n<p>\u0628\u0641\u0636\u0644 \u062a\u0631\u0643\u064a\u0628\u062a\u0647 \u0627\u0644\u063a\u0646\u064a\u0629 \u0628\u0627\u0644\u0645\u0643\u0648\u0646\u0627\u062a \u0627\u0644\u0642\u0648\u064a\u0629 \u0645\u062b\u0644 \u0627\u0644\u0628\u0628\u062a\u064a\u062f \u0627\u0644\u0645\u0634\u0627\u0628\u0647 \u0644\u0644\u0628\u0648\u062a\u0648\u0643\u0633\u060c \u0648\u0627\u0644\u0628\u0631\u0648\u0628\u064a\u0648\u062a\u064a\u0643 \u0627\u0644\u0645\u0628\u0633\u062a\u0631\u060c \u0648\u062d\u0645\u0636 \u0627\u0644\u0647\u064a\u0627\u0644\u0648\u0631\u0648\u0646\u064a\u0643\u060c \u0648\u0641\u064a\u062a\u0627\u0645\u064a\u0646 \u0633\u064a \u0627\u0644\u0645\u0633\u062a\u0642\u0631\u060c \u0641\u0625\u0646\u0647 \u064a\u0648\u0641\u0631 \u062d\u0644\u0627\u064b \u0643\u0627\u0645\u0644\u0627\u064b \u0644\u062a\u062c\u062f\u064a\u062f \u0648\u062a\u0646\u0639\u064a\u0645 \u0648\u062a\u062d\u0633\u064a\u0646 \u0647\u0630\u0647 \u0627\u0644\u0645\u0646\u0627\u0637\u0642 \u0627\u0644\u0647\u0634\u0629 \u0645\u0646 \u0627\u0644\u0648\u062c\u0647.\u00a0<\/p>\n<p>\u064a\u062a\u0645 \u0627\u0645\u062a\u0635\u0627\u0635 \u0645\u0644\u0645\u0633\u0647 \u0627\u0644\u062e\u0641\u064a\u0641 \u0648\u063a\u064a\u0631 \u0627\u0644\u062f\u0647\u0646\u064a \u0628\u0633\u0631\u0639\u0629 \u0641\u064a \u0627\u0644\u0628\u0634\u0631\u0629\u060c \u0645\u0645\u0627 \u064a\u062a\u0631\u0643 \u0634\u0639\u0648\u0631\u064b\u0627 \u0628\u0627\u0644\u0646\u0639\u0648\u0645\u0629 \u0648\u0627\u0644\u0627\u0646\u062a\u0639\u0627\u0634.\u00a0<\/p>\n<p>\u064a\u0645\u0643\u0646 \u0627\u0633\u062a\u062e\u062f\u0627\u0645\u0647 \u0635\u0628\u0627\u062d\u064b\u0627 \u0648\u0645\u0633\u0627\u0621\u064b \u0644\u0644\u062d\u0635\u0648\u0644 \u0639\u0644\u0649 \u0623\u0641\u0636\u0644 \u0627\u0644\u0646\u062a\u0627\u0626\u062c.\u00a0<\/p>\n<p>\u0648\u0641\u064a \u0627\u0644\u062e\u062a\u0627\u0645\u060c \u0641\u0625\u0646 SVR Biotic Eye and Lip Filler \u0647\u0648 \u0645\u0646\u062a\u062c \u0627\u0633\u062a\u062b\u0646\u0627\u0626\u064a \u0644\u0644\u0639\u0646\u0627\u064a\u0629 \u0628\u0627\u0644\u0628\u0634\u0631\u0629 \u0645\u0635\u0645\u0645 \u0644\u0627\u0633\u062a\u0647\u062f\u0627\u0641 \u0627\u0644\u0645\u0646\u0627\u0637\u0642 \u0627\u0644\u062d\u0633\u0627\u0633\u0629 \u062d\u0648\u0644 \u0627\u0644\u0639\u064a\u0646\u064a\u0646 \u0648\u0627\u0644\u0634\u0641\u0627\u0647.<\/p>\n<p><span><strong>\u0637\u0631\u064a\u0642\u0629 \u0627\u0644\u0627\u0633\u062a\u062e\u062f\u0627\u0645:\u00a0<\/strong><\/span><\/p>\n<p>\u0636\u0639\u064a\u0647 \u0635\u0628\u0627\u062d\u064b\u0627 \u0648\u0645\u0633\u0627\u0621\u064b \u0639\u0644\u0649 \u0645\u062d\u064a\u0637 \u0627\u0644\u0639\u064a\u0646\u064a\u0646 \u0648\u0627\u0644\u0634\u0641\u062a\u064a\u0646. \u0637\u0631\u064a\u0642\u0629 \u0627\u0644\u0627\u0633\u062a\u062e\u062f\u0627\u0645: \u062f\u0644\u0643\u064a\u0647 \u0628\u0644\u0637\u0641\u060c \u0648\u0648\u0632\u0639\u064a\u0647 \u0639\u0644\u0649 \u0643\u0627\u0645\u0644 \u0627\u0644\u0648\u062c\u0647.<\/p>\n<p><span><strong>\u0645\u0643\u0648\u0646\u0627\u062a:<\/strong><\/span><\/p>\n<p>\u0645\u0627\u0621\u060c \u0646\u0634\u0627 \u0647\u064a\u062f\u0631\u0648\u0643\u0633\u064a \u0628\u0631\u0648\u0628\u064a\u0644\u060c \u0628\u0631\u0648\u0628\u064a\u0644\u064a\u0646 \u062c\u0644\u064a\u0643\u0648\u0644\u060c \u0623\u0644\u0643\u0627\u0646 C15-19\u060c \u0633\u062a\u064a\u0631\u0627\u062a \u0627\u0644\u062c\u0644\u0633\u0631\u064a\u0646 Se\u060c \u062b\u0644\u0627\u062b\u064a \u062c\u0644\u064a\u0633\u0631\u064a\u062f \u0627\u0644\u0643\u0627\u0628\u0631\u064a\u0644\u064a\u0643\/\u0627\u0644\u0643\u0627\u0628\u0631\u064a\u0643\u060c \u0643\u062d\u0648\u0644 \u0625\u064a\u0632\u0648\u0633\u062a\u064a\u0627\u0631\u064a\u0644\u060c \u062b\u0644\u0627\u062b\u064a \u062c\u0644\u064a\u0633\u0631\u064a\u062f C10-18\u060c \u0623\u0633\u064a\u062a\u064a\u0644 \u0647\u064a\u0643\u0633\u0627\u0628\u064a\u0628\u062a\u064a\u062f-1\u060c \u0643\u0648\u0643\u0648\u0627\u062a \u0627\u0644\u0628\u064a\u0648\u062a\u064a\u0644\u064a\u0646 \u062c\u0644\u064a\u0643\u0648\u0644\u060c \u0625\u064a\u062b\u064a\u0644 \u0633\u0644\u064a\u0644\u0648\u0632\u060c \u0647\u064a\u062f\u0631\u0648\u0643\u0633\u064a \u0623\u0633\u064a\u062a\u0648\u0641\u064a\u0646\u0648\u0646\u060c \u062e\u0645\u064a\u0631\u0629 \u0627\u0644\u0644\u0627\u0643\u062a\u0648\u0628\u0627\u0633\u064a\u0644\u0648\u0633\u060c \u0645\u0627\u0644\u062a\u0648\u062f\u064a\u0643\u0633\u062a\u0631\u064a\u0646\u060c \u0628\u0646\u062a\u0627\u064a\u0631\u064a\u062b\u0631\u064a\u062a\u064a\u0644 \u062a\u064a\u062a\u0631\u0627-\u062f\u064a-\u062a\u064a-\u0628\u0648\u062a\u064a\u0644 \u0647\u064a\u062f\u0631\u0648\u0643\u0633\u064a \u0647\u064a\u062f\u0631\u0648\u0633\u064a\u0646\u0627\u0645\u0627\u062a\u060c \u0647\u064a\u0627\u0644\u0648\u0631\u0648\u0646\u0627\u062a \u0627\u0644\u0635\u0648\u062f\u064a\u0648\u0645 \u0627\u0644\u0623\u0633\u064a\u062a\u064a\u0644\u060c \u0633\u062a\u064a\u0631\u0648\u064a\u0644 \u062c\u0644\u0648\u062a\u0627\u0645\u0627\u062a \u0627\u0644\u0635\u0648\u062f\u064a\u0648\u0645\u060c \u0623\u0633\u0643\u0648\u0631\u0628\u064a\u0644 \u062a\u064a\u062a\u0631\u0627\u064a\u0632\u0648\u0628\u0627\u0644\u0645\u064a\u062a\u0627\u062a\u060c \u062c\u0644\u0633\u0631\u064a\u0646\u060c 1\u060c2-\u0647\u064a\u0643\u0633\u0627\u0646\u064a\u062f\u064a\u0648\u0644\u060c \u0643\u0627\u0628\u0631\u064a\u0644\u064a\u0644 \u062c\u0644\u064a\u0643\u0648\u0644\u060c \u062d\u0645\u0636 \u0627\u0644\u0633\u062a\u0631\u064a\u0643\u060c \u0628\u0648\u0644\u064a \u0623\u0643\u0631\u064a\u0644\u0627\u062a \u0627\u0644\u0635\u0648\u062f\u064a\u0648\u0645\u060c \u0639\u0637\u0631.<\/p>","protected":false},"excerpt":{"rendered":"<p>SVR FILLER BIOTIC Contour Des Yeux Et L\u00e8vres 15ml Filler Biotic est un produit de soin pour le visage \u00e9labor\u00e9 par le laboratoire SVR, et plus sp\u00e9cifiquement, c&rsquo;est un soin anti-\u00e2ge destin\u00e9 au contour des yeux et des l\u00e8vres.\u00a0 Ce produit est recommand\u00e9 pour att\u00e9nuer les rides, les ridules et lutter contre la d\u00e9shydratation, tout [&hellip;]<\/p>\n","protected":false},"featured_media":21884,"template":"","meta":{"om_disable_all_campaigns":false},"product_brand":[5981],"product_cat":[18,15],"product_tag":[5982,5983,5984,5988,5987,5986,5985],"class_list":{"0":"post-21885","1":"product","2":"type-product","3":"status-publish","4":"has-post-thumbnail","6":"product_brand-svr-original-maroc-au-meilleur-prix","7":"product_cat-beaute-sante","8":"product_cat-beaute-sante-complements-alimentaires-soins-et-bien-etre-au-meilleur-prix","9":"product_tag-laboratoire-svr","10":"product_tag-marque-dermatologique-francaise","11":"product_tag-produits-svr-originaux","12":"product_tag-sun-secure-svr","13":"product_tag-svr","14":"product_tag-svr-laboratoire-dermatologique","15":"product_tag-svr-maroc","17":"first","18":"instock","19":"sale","20":"taxable","21":"shipping-taxable","22":"purchasable","23":"product-type-simple"},"yoast_head":"<!-- This site is optimized with the Yoast SEO plugin v27.3 - https:\/\/yoast.com\/product\/yoast-seo-wordpress\/ -->\n<title>SVR FILLER BIOTIC Contour Des Yeux Et L\u00e8vres 15ml - Maroc Prix<\/title>\n<meta name=\"description\" content=\"SVR FILLER BIOTIC Contour Des Yeux Et L\u00e8vres 15ml\" \/>\n<meta name=\"robots\" content=\"index, follow, max-snippet:-1, max-image-preview:large, max-video-preview:-1\" \/>\n<link rel=\"canonical\" href=\"https:\/\/vitablanca.ma\/ar\/product-2\/svr-filler-biotic-contour-des-yeux-et-levres-15ml\/\" \/>\n<meta property=\"og:locale\" content=\"ar_AR\" \/>\n<meta property=\"og:type\" content=\"article\" \/>\n<meta property=\"og:title\" content=\"SVR FILLER BIOTIC Contour Des Yeux Et L\u00e8vres 15ml - Maroc Prix\" \/>\n<meta property=\"og:description\" content=\"SVR FILLER BIOTIC Contour Des Yeux Et L\u00e8vres 15ml\" \/>\n<meta property=\"og:url\" content=\"https:\/\/vitablanca.ma\/ar\/product-2\/svr-filler-biotic-contour-des-yeux-et-levres-15ml\/\" \/>\n<meta property=\"og:site_name\" content=\"Vitablanca.ma &ndash; Sant&eacute;, vitalit&eacute; et bien-&ecirc;tre pour tous les Marocains\" \/>\n<meta property=\"article:publisher\" content=\"https:\/\/www.facebook.com\/profile.php?id=61576678196717\" \/>\n<meta property=\"article:modified_time\" content=\"2026-01-21T17:42:24+00:00\" \/>\n<meta property=\"og:image\" content=\"https:\/\/vitablanca.ma\/wp-content\/uploads\/2025\/06\/svr-filler-biotic-contour-des-yeux-et-levres-15ml-Nova-para-prix-Maroc.jpg\" \/>\n\t<meta property=\"og:image:width\" content=\"800\" \/>\n\t<meta property=\"og:image:height\" content=\"800\" \/>\n\t<meta property=\"og:image:type\" content=\"image\/jpeg\" \/>\n<meta name=\"twitter:card\" content=\"summary_large_image\" \/>\n<meta name=\"twitter:label1\" content=\"\u0648\u0642\u062a \u0627\u0644\u0642\u0631\u0627\u0621\u0629 \u0627\u0644\u0645\u064f\u0642\u062f\u0651\u0631\" \/>\n\t<meta name=\"twitter:data1\" content=\"\u062f\u0642\u064a\u0642\u0629 \u0648\u0627\u062d\u062f\u0629\" \/>\n<script type=\"application\/ld+json\" class=\"yoast-schema-graph\">{\"@context\":\"https:\\\/\\\/schema.org\",\"@graph\":[{\"@type\":[\"WebPage\",\"ItemPage\"],\"@id\":\"https:\\\/\\\/vitablanca.ma\\\/produit\\\/svr-filler-biotic-contour-des-yeux-et-levres-15ml\\\/\",\"url\":\"https:\\\/\\\/vitablanca.ma\\\/produit\\\/svr-filler-biotic-contour-des-yeux-et-levres-15ml\\\/\",\"name\":\"SVR FILLER BIOTIC Contour Des Yeux Et L\u00e8vres 15ml - Maroc Prix\",\"isPartOf\":{\"@id\":\"https:\\\/\\\/vitablanca.ma\\\/#website\"},\"primaryImageOfPage\":{\"@id\":\"https:\\\/\\\/vitablanca.ma\\\/produit\\\/svr-filler-biotic-contour-des-yeux-et-levres-15ml\\\/#primaryimage\"},\"image\":{\"@id\":\"https:\\\/\\\/vitablanca.ma\\\/produit\\\/svr-filler-biotic-contour-des-yeux-et-levres-15ml\\\/#primaryimage\"},\"thumbnailUrl\":\"https:\\\/\\\/vitablanca.ma\\\/wp-content\\\/uploads\\\/2025\\\/06\\\/svr-filler-biotic-contour-des-yeux-et-levres-15ml-Nova-para-prix-Maroc.jpg\",\"datePublished\":\"2025-06-11T21:32:15+00:00\",\"dateModified\":\"2026-01-21T17:42:24+00:00\",\"description\":\"SVR FILLER BIOTIC Contour Des Yeux Et L\u00e8vres 15ml\",\"breadcrumb\":{\"@id\":\"https:\\\/\\\/vitablanca.ma\\\/produit\\\/svr-filler-biotic-contour-des-yeux-et-levres-15ml\\\/#breadcrumb\"},\"inLanguage\":\"ar\",\"potentialAction\":[{\"@type\":\"ReadAction\",\"target\":[\"https:\\\/\\\/vitablanca.ma\\\/produit\\\/svr-filler-biotic-contour-des-yeux-et-levres-15ml\\\/\"]}]},{\"@type\":\"ImageObject\",\"inLanguage\":\"ar\",\"@id\":\"https:\\\/\\\/vitablanca.ma\\\/produit\\\/svr-filler-biotic-contour-des-yeux-et-levres-15ml\\\/#primaryimage\",\"url\":\"https:\\\/\\\/vitablanca.ma\\\/wp-content\\\/uploads\\\/2025\\\/06\\\/svr-filler-biotic-contour-des-yeux-et-levres-15ml-Nova-para-prix-Maroc.jpg\",\"contentUrl\":\"https:\\\/\\\/vitablanca.ma\\\/wp-content\\\/uploads\\\/2025\\\/06\\\/svr-filler-biotic-contour-des-yeux-et-levres-15ml-Nova-para-prix-Maroc.jpg\",\"width\":800,\"height\":800},{\"@type\":\"BreadcrumbList\",\"@id\":\"https:\\\/\\\/vitablanca.ma\\\/produit\\\/svr-filler-biotic-contour-des-yeux-et-levres-15ml\\\/#breadcrumb\",\"itemListElement\":[{\"@type\":\"ListItem\",\"position\":1,\"name\":\"Home\",\"item\":\"https:\\\/\\\/vitablanca.ma\\\/\"},{\"@type\":\"ListItem\",\"position\":2,\"name\":\"Tous Les Produits\",\"item\":\"https:\\\/\\\/vitablanca.ma\\\/tous-les-produits\\\/\"},{\"@type\":\"ListItem\",\"position\":3,\"name\":\"SVR FILLER BIOTIC Contour Des Yeux Et L\u00e8vres 15ml\"}]},{\"@type\":\"WebSite\",\"@id\":\"https:\\\/\\\/vitablanca.ma\\\/#website\",\"url\":\"https:\\\/\\\/vitablanca.ma\\\/\",\"name\":\"VitaBlanca.ma | Compl\u00e9ments alimentaires, sant\u00e9 & beaut\u00e9 au Maroc\",\"description\":\"vendre vitamines et compl\u00e9ments premium des USA &amp; Canada, Nouvelle Z\u00e9lande,Maroc (NOW Foods, Solgar, Manuka). Livraison rapide partout au Maroc.\",\"publisher\":{\"@id\":\"https:\\\/\\\/vitablanca.ma\\\/#organization\"},\"alternateName\":\"VitaBlanca.ma\",\"potentialAction\":[{\"@type\":\"SearchAction\",\"target\":{\"@type\":\"EntryPoint\",\"urlTemplate\":\"https:\\\/\\\/vitablanca.ma\\\/?s={search_term_string}\"},\"query-input\":{\"@type\":\"PropertyValueSpecification\",\"valueRequired\":true,\"valueName\":\"search_term_string\"}}],\"inLanguage\":\"ar\"},{\"@type\":\"Organization\",\"@id\":\"https:\\\/\\\/vitablanca.ma\\\/#organization\",\"name\":\"VitaBlanca\",\"url\":\"https:\\\/\\\/vitablanca.ma\\\/\",\"logo\":{\"@type\":\"ImageObject\",\"inLanguage\":\"ar\",\"@id\":\"https:\\\/\\\/vitablanca.ma\\\/#\\\/schema\\\/logo\\\/image\\\/\",\"url\":\"https:\\\/\\\/vitablanca.ma\\\/wp-content\\\/uploads\\\/2025\\\/05\\\/cropped-vitablanca.png\",\"contentUrl\":\"https:\\\/\\\/vitablanca.ma\\\/wp-content\\\/uploads\\\/2025\\\/05\\\/cropped-vitablanca.png\",\"width\":360,\"height\":67,\"caption\":\"VitaBlanca\"},\"image\":{\"@id\":\"https:\\\/\\\/vitablanca.ma\\\/#\\\/schema\\\/logo\\\/image\\\/\"},\"sameAs\":[\"https:\\\/\\\/www.facebook.com\\\/profile.php?id=61576678196717\",\"https:\\\/\\\/www.tiktok.com\\\/@vitablanca.ma\",\"https:\\\/\\\/www.instagram.com\\\/vitablanca.ma\\\/\"]}]}<\/script>\n<!-- \/ Yoast SEO plugin. -->","yoast_head_json":{"title":"SVR FILLER BIOTIC Eye and Lip Contour 15ml - \u0633\u0639\u0631 \u0627\u0644\u0645\u063a\u0631\u0628","description":"\u0641\u064a\u0644\u0631 \u0628\u064a\u0648\u062a\u064a\u0643 SVR \u0644\u0645\u062d\u064a\u0637 \u0627\u0644\u0639\u064a\u0646 \u0648\u0627\u0644\u0634\u0641\u0627\u0647 15 \u0645\u0644","robots":{"index":"index","follow":"follow","max-snippet":"max-snippet:-1","max-image-preview":"max-image-preview:large","max-video-preview":"max-video-preview:-1"},"canonical":"https:\/\/vitablanca.ma\/ar\/product-2\/svr-filler-biotic-contour-des-yeux-et-levres-15ml\/","og_locale":"ar_AR","og_type":"article","og_title":"SVR FILLER BIOTIC Contour Des Yeux Et L\u00e8vres 15ml - Maroc Prix","og_description":"SVR FILLER BIOTIC Contour Des Yeux Et L\u00e8vres 15ml","og_url":"https:\/\/vitablanca.ma\/ar\/product-2\/svr-filler-biotic-contour-des-yeux-et-levres-15ml\/","og_site_name":"Vitablanca.ma &ndash; Sant&eacute;, vitalit&eacute; et bien-&ecirc;tre pour tous les Marocains","article_publisher":"https:\/\/www.facebook.com\/profile.php?id=61576678196717","article_modified_time":"2026-01-21T17:42:24+00:00","og_image":[{"width":800,"height":800,"url":"https:\/\/vitablanca.ma\/wp-content\/uploads\/2025\/06\/svr-filler-biotic-contour-des-yeux-et-levres-15ml-Nova-para-prix-Maroc.jpg","type":"image\/jpeg"}],"twitter_card":"summary_large_image","twitter_misc":{"\u0648\u0642\u062a \u0627\u0644\u0642\u0631\u0627\u0621\u0629 \u0627\u0644\u0645\u064f\u0642\u062f\u0651\u0631":"\u062f\u0642\u064a\u0642\u0629 \u0648\u0627\u062d\u062f\u0629"},"schema":{"@context":"https:\/\/schema.org","@graph":[{"@type":["WebPage","ItemPage"],"@id":"https:\/\/vitablanca.ma\/produit\/svr-filler-biotic-contour-des-yeux-et-levres-15ml\/","url":"https:\/\/vitablanca.ma\/produit\/svr-filler-biotic-contour-des-yeux-et-levres-15ml\/","name":"SVR FILLER BIOTIC Eye and Lip Contour 15ml - \u0633\u0639\u0631 \u0627\u0644\u0645\u063a\u0631\u0628","isPartOf":{"@id":"https:\/\/vitablanca.ma\/#website"},"primaryImageOfPage":{"@id":"https:\/\/vitablanca.ma\/produit\/svr-filler-biotic-contour-des-yeux-et-levres-15ml\/#primaryimage"},"image":{"@id":"https:\/\/vitablanca.ma\/produit\/svr-filler-biotic-contour-des-yeux-et-levres-15ml\/#primaryimage"},"thumbnailUrl":"https:\/\/vitablanca.ma\/wp-content\/uploads\/2025\/06\/svr-filler-biotic-contour-des-yeux-et-levres-15ml-Nova-para-prix-Maroc.jpg","datePublished":"2025-06-11T21:32:15+00:00","dateModified":"2026-01-21T17:42:24+00:00","description":"\u0641\u064a\u0644\u0631 \u0628\u064a\u0648\u062a\u064a\u0643 SVR \u0644\u0645\u062d\u064a\u0637 \u0627\u0644\u0639\u064a\u0646 \u0648\u0627\u0644\u0634\u0641\u0627\u0647 15 \u0645\u0644","breadcrumb":{"@id":"https:\/\/vitablanca.ma\/produit\/svr-filler-biotic-contour-des-yeux-et-levres-15ml\/#breadcrumb"},"inLanguage":"ar","potentialAction":[{"@type":"ReadAction","target":["https:\/\/vitablanca.ma\/produit\/svr-filler-biotic-contour-des-yeux-et-levres-15ml\/"]}]},{"@type":"ImageObject","inLanguage":"ar","@id":"https:\/\/vitablanca.ma\/produit\/svr-filler-biotic-contour-des-yeux-et-levres-15ml\/#primaryimage","url":"https:\/\/vitablanca.ma\/wp-content\/uploads\/2025\/06\/svr-filler-biotic-contour-des-yeux-et-levres-15ml-Nova-para-prix-Maroc.jpg","contentUrl":"https:\/\/vitablanca.ma\/wp-content\/uploads\/2025\/06\/svr-filler-biotic-contour-des-yeux-et-levres-15ml-Nova-para-prix-Maroc.jpg","width":800,"height":800},{"@type":"BreadcrumbList","@id":"https:\/\/vitablanca.ma\/produit\/svr-filler-biotic-contour-des-yeux-et-levres-15ml\/#breadcrumb","itemListElement":[{"@type":"ListItem","position":1,"name":"Home","item":"https:\/\/vitablanca.ma\/"},{"@type":"ListItem","position":2,"name":"Tous Les Produits","item":"https:\/\/vitablanca.ma\/tous-les-produits\/"},{"@type":"ListItem","position":3,"name":"SVR FILLER BIOTIC Contour Des Yeux Et L\u00e8vres 15ml"}]},{"@type":"WebSite","@id":"https:\/\/vitablanca.ma\/#website","url":"https:\/\/vitablanca.ma\/","name":"VitaBlanca.ma | \u0627\u0644\u0645\u0643\u0645\u0644\u0627\u062a \u0627\u0644\u063a\u0630\u0627\u0626\u064a\u0629\u060c \u0627\u0644\u0635\u062d\u0629 \u0648\u0627\u0644\u062c\u0645\u0627\u0644 \u0641\u064a \u0627\u0644\u0645\u063a\u0631\u0628","description":"\u0646\u0628\u064a\u0639 \u0641\u064a\u062a\u0627\u0645\u064a\u0646\u0627\u062a \u0648\u0645\u0643\u0645\u0644\u0627\u062a \u063a\u0630\u0627\u0626\u064a\u0629 \u0641\u0627\u062e\u0631\u0629 \u0645\u0646 \u0627\u0644\u0648\u0644\u0627\u064a\u0627\u062a \u0627\u0644\u0645\u062a\u062d\u062f\u0629 \u0627\u0644\u0623\u0645\u0631\u064a\u0643\u064a\u0629 \u0648\u0643\u0646\u062f\u0627 \u0648\u0646\u064a\u0648\u0632\u064a\u0644\u0646\u062f\u0627 \u0648\u0627\u0644\u0645\u063a\u0631\u0628 (\u0646\u0627\u0648 \u0641\u0648\u062f\u0632\u060c \u0633\u0648\u0644\u062c\u0627\u0631\u060c \u0645\u0627\u0646\u0648\u0643\u0627). \u062a\u0648\u0635\u064a\u0644 \u0633\u0631\u064a\u0639 \u0625\u0644\u0649 \u062c\u0645\u064a\u0639 \u0623\u0646\u062d\u0627\u0621 \u0627\u0644\u0645\u063a\u0631\u0628.","publisher":{"@id":"https:\/\/vitablanca.ma\/#organization"},"alternateName":"VitaBlanca.ma","potentialAction":[{"@type":"SearchAction","target":{"@type":"EntryPoint","urlTemplate":"https:\/\/vitablanca.ma\/?s={search_term_string}"},"query-input":{"@type":"PropertyValueSpecification","valueRequired":true,"valueName":"search_term_string"}}],"inLanguage":"ar"},{"@type":"Organization","@id":"https:\/\/vitablanca.ma\/#organization","name":"\u0641\u064a\u062a\u0627\u0628\u0644\u0627\u0646\u0643\u0627","url":"https:\/\/vitablanca.ma\/","logo":{"@type":"ImageObject","inLanguage":"ar","@id":"https:\/\/vitablanca.ma\/#\/schema\/logo\/image\/","url":"https:\/\/vitablanca.ma\/wp-content\/uploads\/2025\/05\/cropped-vitablanca.png","contentUrl":"https:\/\/vitablanca.ma\/wp-content\/uploads\/2025\/05\/cropped-vitablanca.png","width":360,"height":67,"caption":"VitaBlanca"},"image":{"@id":"https:\/\/vitablanca.ma\/#\/schema\/logo\/image\/"},"sameAs":["https:\/\/www.facebook.com\/profile.php?id=61576678196717","https:\/\/www.tiktok.com\/@vitablanca.ma","https:\/\/www.instagram.com\/vitablanca.ma\/"]}]}},"jetpack_sharing_enabled":true,"_links":{"self":[{"href":"https:\/\/vitablanca.ma\/ar\/wp-json\/wp\/v2\/product\/21885","targetHints":{"allow":["GET"]}}],"collection":[{"href":"https:\/\/vitablanca.ma\/ar\/wp-json\/wp\/v2\/product"}],"about":[{"href":"https:\/\/vitablanca.ma\/ar\/wp-json\/wp\/v2\/types\/product"}],"wp:featuredmedia":[{"embeddable":true,"href":"https:\/\/vitablanca.ma\/ar\/wp-json\/wp\/v2\/media\/21884"}],"wp:attachment":[{"href":"https:\/\/vitablanca.ma\/ar\/wp-json\/wp\/v2\/media?parent=21885"}],"wp:term":[{"taxonomy":"product_brand","embeddable":true,"href":"https:\/\/vitablanca.ma\/ar\/wp-json\/wp\/v2\/product_brand?post=21885"},{"taxonomy":"product_cat","embeddable":true,"href":"https:\/\/vitablanca.ma\/ar\/wp-json\/wp\/v2\/product_cat?post=21885"},{"taxonomy":"product_tag","embeddable":true,"href":"https:\/\/vitablanca.ma\/ar\/wp-json\/wp\/v2\/product_tag?post=21885"}],"curies":[{"name":"wp","href":"https:\/\/api.w.org\/{rel}","templated":true}]}}