{"id":21883,"date":"2025-06-11T21:32:13","date_gmt":"2025-06-11T21:32:13","guid":{"rendered":"https:\/\/vitablanca.ma\/product\/roge-cavailles-savon-huile-veloutant-argan-et-amande-115g\/"},"modified":"2025-06-11T21:32:13","modified_gmt":"2025-06-11T21:32:13","slug":"roge-cavailles-savon-huile-veloutant-argan-et-amande-115g","status":"publish","type":"product","link":"https:\/\/vitablanca.ma\/ar\/product-2\/roge-cavailles-savon-huile-veloutant-argan-et-amande-115g\/","title":{"rendered":"\u0635\u0627\u0628\u0648\u0646 \u0631\u0648\u062c\u064a\u0647 \u0643\u0627\u0641\u0627\u064a\u064a\u0633 \u0627\u0644\u0645\u062e\u0645\u0644\u064a \u0628\u0632\u064a\u062a \u0627\u0644\u0623\u0631\u063a\u0627\u0646 \u0648\u0627\u0644\u0644\u0648\u0632 115 \u062c\u0631\u0627\u0645"},"content":{"rendered":"<h2 data-mce-fragment=\"1\">Rog\u00e9 Cavaill\u00e8s Savon Huile Veloutant\u00a0Argan Et Amande\u00a0<span data-mce-fragment=\"1\">\u0645\u062b\u0627\u0644\u064a \u0644\u0644\u0628\u0634\u0631\u0629 \u0627\u0644\u062d\u0633\u0627\u0633\u0629 \u0644\u062c\u0645\u064a\u0639 \u0623\u0641\u0631\u0627\u062f \u0627\u0644\u0623\u0633\u0631\u0629<\/span><br \/>\n<\/h2>\n<p><span data-mce-fragment=\"1\">115g<\/span><\/p>\n<p data-mce-fragment=\"1\">Premier Savon Huile visage &amp; corps ce Savon \u00e0 l\u2019Huile d\u2019Argan et d\u2019Amande Douce nettoie en douceur les peaux sensibles et s\u00e8ches. Une caresse intens\u00e9ment velout\u00e9e et nourrissante !<\/p>\n<p data-mce-fragment=\"1\">-Couleur ambr\u00e9e et parfum aux notes orientales et sucr\u00e9es pour un r\u00e9el plaisir des sens<\/p>\n<p data-mce-fragment=\"1\">-Des agents surgras Pro-R\u00e9g\u00e9n\u00e9rant pour renforcer la barri\u00e8re naturelle de protection de la peau des agressions ext\u00e9rieures<\/p>\n<p data-mce-fragment=\"1\">-Les vertus nourrissantes de l\u2019huile d\u2019Argan et de l\u2019huile d\u2019Amande Douce pour pr\u00e9server l\u2019hydratation de la peau<\/p>\n<p data-mce-fragment=\"1\">-Ce qu\u2019on aime : un seul produit, plusieurs usages, pour traiter en douceur visages et corps de toute la famille !<\/p>\n<div class=\"accordion collapse show\">\n<div class=\"accordion-header\">\n<h3 class=\"mb-0\">\u0637\u0631\u064a\u0642\u0629 \u0627\u0644\u0627\u0633\u062a\u062e\u062f\u0627\u0645:<\/h3>\n<\/div>\n<div class=\"accordion-body\">\n<div class=\"wysiwyg\">\n<p>Appliquez le Savon \u00e0 l\u2019huile d\u2019Argan sur une peau pr\u00e9alablement mouill\u00e9e. Faites mousser, rincez, votre peau est hydrat\u00e9e, prot\u00e9g\u00e9e, plus vivante que jamais.<\/p>\n<\/div>\n<\/div>\n<\/div>\n<div class=\"accordion collapse show\">\n<div class=\"accordion-header\">\n<h3 class=\"mb-0\">\u0645\u0643\u0648\u0646\u0627\u062a \u0627\u0644\u0645\u0646\u062a\u062c:<\/h3>\n<\/div>\n<div class=\"accordion-body\">\n<div>\n<p>Sodium Palmate, Sodium Palm Kernelate, Aqua, Glycerin, Sorbitol, Palm Kernel Acid, Argania Spinosa Kernel Oil, Parfum, Potassium Palmate, Prunus Amygdalus Dulcis Oil, Potassium Palm Kernelate, Propylene Glycol, Sodium Chloride, Pentasodium Pentetate, Tetrasodium EDTA, Tetrasodium, Etidronate, CI 15510, CI 19140<\/p>\n<\/div>\n<\/div>\n<\/div>","protected":false},"excerpt":{"rendered":"<p>Rog\u00e9 Cavaill\u00e8s Savon Huile Veloutant\u00a0Argan Et Amande\u00a0Id\u00e9al pour les peaux sensibles de toute la famille 115g Premier Savon Huile visage &amp; corps ce Savon \u00e0 l\u2019Huile d\u2019Argan et d\u2019Amande Douce nettoie en douceur les peaux sensibles et s\u00e8ches. Une caresse intens\u00e9ment velout\u00e9e et nourrissante ! -Couleur ambr\u00e9e et parfum aux notes orientales et sucr\u00e9es pour [&hellip;]<\/p>\n","protected":false},"featured_media":21879,"template":"","meta":{"om_disable_all_campaigns":false},"product_brand":[],"product_cat":[15],"product_tag":[],"class_list":{"0":"post-21883","1":"product","2":"type-product","3":"status-publish","4":"has-post-thumbnail","6":"product_cat-beaute-sante-complements-alimentaires-soins-et-bien-etre-au-meilleur-prix","8":"first","9":"instock","10":"sale","11":"taxable","12":"shipping-taxable","13":"purchasable","14":"product-type-simple"},"yoast_head":"<!-- This site is optimized with the Yoast SEO plugin v27.3 - https:\/\/yoast.com\/product\/yoast-seo-wordpress\/ -->\n<title>Rog\u00e9 Cavaill\u00e8s Savon Huile Veloutant Argan Et Amande 115g - Maroc Prix<\/title>\n<meta name=\"description\" content=\"Rog\u00e9 Cavaill\u00e8s Savon Huile Veloutant Argan Et Amande 115g\" \/>\n<meta name=\"robots\" content=\"index, follow, max-snippet:-1, max-image-preview:large, max-video-preview:-1\" \/>\n<link rel=\"canonical\" href=\"https:\/\/vitablanca.ma\/ar\/product-2\/roge-cavailles-savon-huile-veloutant-argan-et-amande-115g\/\" \/>\n<meta property=\"og:locale\" content=\"ar_AR\" \/>\n<meta property=\"og:type\" content=\"article\" \/>\n<meta property=\"og:title\" content=\"Rog\u00e9 Cavaill\u00e8s Savon Huile Veloutant Argan Et Amande 115g - Maroc Prix\" \/>\n<meta property=\"og:description\" content=\"Rog\u00e9 Cavaill\u00e8s Savon Huile Veloutant Argan Et Amande 115g\" \/>\n<meta property=\"og:url\" content=\"https:\/\/vitablanca.ma\/ar\/product-2\/roge-cavailles-savon-huile-veloutant-argan-et-amande-115g\/\" \/>\n<meta property=\"og:site_name\" content=\"Vitablanca.ma &ndash; Sant&eacute;, vitalit&eacute; et bien-&ecirc;tre pour tous les Marocains\" \/>\n<meta property=\"article:publisher\" content=\"https:\/\/www.facebook.com\/profile.php?id=61576678196717\" \/>\n<meta property=\"og:image\" content=\"https:\/\/vitablanca.ma\/wp-content\/uploads\/2025\/06\/Roge-Cavailles-Savon-Huile-Veloutant-115g-Nova-para-prix-Maroc.png\" \/>\n\t<meta property=\"og:image:width\" content=\"1000\" \/>\n\t<meta property=\"og:image:height\" content=\"1000\" \/>\n\t<meta property=\"og:image:type\" content=\"image\/png\" \/>\n<meta name=\"twitter:card\" content=\"summary_large_image\" \/>\n<meta name=\"twitter:label1\" content=\"\u0648\u0642\u062a \u0627\u0644\u0642\u0631\u0627\u0621\u0629 \u0627\u0644\u0645\u064f\u0642\u062f\u0651\u0631\" \/>\n\t<meta name=\"twitter:data1\" content=\"\u062f\u0642\u064a\u0642\u0629 \u0648\u0627\u062d\u062f\u0629\" \/>\n<script type=\"application\/ld+json\" class=\"yoast-schema-graph\">{\"@context\":\"https:\\\/\\\/schema.org\",\"@graph\":[{\"@type\":[\"WebPage\",\"ItemPage\"],\"@id\":\"https:\\\/\\\/vitablanca.ma\\\/produit\\\/roge-cavailles-savon-huile-veloutant-argan-et-amande-115g\\\/\",\"url\":\"https:\\\/\\\/vitablanca.ma\\\/produit\\\/roge-cavailles-savon-huile-veloutant-argan-et-amande-115g\\\/\",\"name\":\"Rog\u00e9 Cavaill\u00e8s Savon Huile Veloutant Argan Et Amande 115g - Maroc Prix\",\"isPartOf\":{\"@id\":\"https:\\\/\\\/vitablanca.ma\\\/#website\"},\"primaryImageOfPage\":{\"@id\":\"https:\\\/\\\/vitablanca.ma\\\/produit\\\/roge-cavailles-savon-huile-veloutant-argan-et-amande-115g\\\/#primaryimage\"},\"image\":{\"@id\":\"https:\\\/\\\/vitablanca.ma\\\/produit\\\/roge-cavailles-savon-huile-veloutant-argan-et-amande-115g\\\/#primaryimage\"},\"thumbnailUrl\":\"https:\\\/\\\/vitablanca.ma\\\/wp-content\\\/uploads\\\/2025\\\/06\\\/Roge-Cavailles-Savon-Huile-Veloutant-115g-Nova-para-prix-Maroc.png\",\"datePublished\":\"2025-06-11T21:32:13+00:00\",\"description\":\"Rog\u00e9 Cavaill\u00e8s Savon Huile Veloutant Argan Et Amande 115g\",\"breadcrumb\":{\"@id\":\"https:\\\/\\\/vitablanca.ma\\\/produit\\\/roge-cavailles-savon-huile-veloutant-argan-et-amande-115g\\\/#breadcrumb\"},\"inLanguage\":\"ar\",\"potentialAction\":[{\"@type\":\"ReadAction\",\"target\":[\"https:\\\/\\\/vitablanca.ma\\\/produit\\\/roge-cavailles-savon-huile-veloutant-argan-et-amande-115g\\\/\"]}]},{\"@type\":\"ImageObject\",\"inLanguage\":\"ar\",\"@id\":\"https:\\\/\\\/vitablanca.ma\\\/produit\\\/roge-cavailles-savon-huile-veloutant-argan-et-amande-115g\\\/#primaryimage\",\"url\":\"https:\\\/\\\/vitablanca.ma\\\/wp-content\\\/uploads\\\/2025\\\/06\\\/Roge-Cavailles-Savon-Huile-Veloutant-115g-Nova-para-prix-Maroc.png\",\"contentUrl\":\"https:\\\/\\\/vitablanca.ma\\\/wp-content\\\/uploads\\\/2025\\\/06\\\/Roge-Cavailles-Savon-Huile-Veloutant-115g-Nova-para-prix-Maroc.png\",\"width\":1000,\"height\":1000},{\"@type\":\"BreadcrumbList\",\"@id\":\"https:\\\/\\\/vitablanca.ma\\\/produit\\\/roge-cavailles-savon-huile-veloutant-argan-et-amande-115g\\\/#breadcrumb\",\"itemListElement\":[{\"@type\":\"ListItem\",\"position\":1,\"name\":\"Home\",\"item\":\"https:\\\/\\\/vitablanca.ma\\\/\"},{\"@type\":\"ListItem\",\"position\":2,\"name\":\"Tous Les Produits\",\"item\":\"https:\\\/\\\/vitablanca.ma\\\/tous-les-produits\\\/\"},{\"@type\":\"ListItem\",\"position\":3,\"name\":\"Rog\u00e9 Cavaill\u00e8s Savon Huile Veloutant Argan Et Amande 115g\"}]},{\"@type\":\"WebSite\",\"@id\":\"https:\\\/\\\/vitablanca.ma\\\/#website\",\"url\":\"https:\\\/\\\/vitablanca.ma\\\/\",\"name\":\"VitaBlanca.ma | Compl\u00e9ments alimentaires, sant\u00e9 & beaut\u00e9 au Maroc\",\"description\":\"vendre vitamines et compl\u00e9ments premium des USA &amp; Canada, Nouvelle Z\u00e9lande,Maroc (NOW Foods, Solgar, Manuka). Livraison rapide partout au Maroc.\",\"publisher\":{\"@id\":\"https:\\\/\\\/vitablanca.ma\\\/#organization\"},\"alternateName\":\"VitaBlanca.ma\",\"potentialAction\":[{\"@type\":\"SearchAction\",\"target\":{\"@type\":\"EntryPoint\",\"urlTemplate\":\"https:\\\/\\\/vitablanca.ma\\\/?s={search_term_string}\"},\"query-input\":{\"@type\":\"PropertyValueSpecification\",\"valueRequired\":true,\"valueName\":\"search_term_string\"}}],\"inLanguage\":\"ar\"},{\"@type\":\"Organization\",\"@id\":\"https:\\\/\\\/vitablanca.ma\\\/#organization\",\"name\":\"VitaBlanca\",\"url\":\"https:\\\/\\\/vitablanca.ma\\\/\",\"logo\":{\"@type\":\"ImageObject\",\"inLanguage\":\"ar\",\"@id\":\"https:\\\/\\\/vitablanca.ma\\\/#\\\/schema\\\/logo\\\/image\\\/\",\"url\":\"https:\\\/\\\/vitablanca.ma\\\/wp-content\\\/uploads\\\/2025\\\/05\\\/cropped-vitablanca.png\",\"contentUrl\":\"https:\\\/\\\/vitablanca.ma\\\/wp-content\\\/uploads\\\/2025\\\/05\\\/cropped-vitablanca.png\",\"width\":360,\"height\":67,\"caption\":\"VitaBlanca\"},\"image\":{\"@id\":\"https:\\\/\\\/vitablanca.ma\\\/#\\\/schema\\\/logo\\\/image\\\/\"},\"sameAs\":[\"https:\\\/\\\/www.facebook.com\\\/profile.php?id=61576678196717\",\"https:\\\/\\\/www.tiktok.com\\\/@vitablanca.ma\",\"https:\\\/\\\/www.instagram.com\\\/vitablanca.ma\\\/\"]}]}<\/script>\n<!-- \/ Yoast SEO plugin. -->","yoast_head_json":{"title":"Rog\u00e9 Cavaill\u00e8s Savon Huile Veloutant Argan Et Amande 115g - Maroc Prix","description":"\u0635\u0627\u0628\u0648\u0646 \u0631\u0648\u062c\u064a\u0647 \u0643\u0627\u0641\u0627\u064a\u064a\u0633 \u0627\u0644\u0645\u062e\u0645\u0644\u064a \u0628\u0632\u064a\u062a \u0627\u0644\u0623\u0631\u063a\u0627\u0646 \u0648\u0627\u0644\u0644\u0648\u0632 115 \u062c\u0631\u0627\u0645","robots":{"index":"index","follow":"follow","max-snippet":"max-snippet:-1","max-image-preview":"max-image-preview:large","max-video-preview":"max-video-preview:-1"},"canonical":"https:\/\/vitablanca.ma\/ar\/product-2\/roge-cavailles-savon-huile-veloutant-argan-et-amande-115g\/","og_locale":"ar_AR","og_type":"article","og_title":"Rog\u00e9 Cavaill\u00e8s Savon Huile Veloutant Argan Et Amande 115g - Maroc Prix","og_description":"Rog\u00e9 Cavaill\u00e8s Savon Huile Veloutant Argan Et Amande 115g","og_url":"https:\/\/vitablanca.ma\/ar\/product-2\/roge-cavailles-savon-huile-veloutant-argan-et-amande-115g\/","og_site_name":"Vitablanca.ma &ndash; Sant&eacute;, vitalit&eacute; et bien-&ecirc;tre pour tous les Marocains","article_publisher":"https:\/\/www.facebook.com\/profile.php?id=61576678196717","og_image":[{"width":1000,"height":1000,"url":"https:\/\/vitablanca.ma\/wp-content\/uploads\/2025\/06\/Roge-Cavailles-Savon-Huile-Veloutant-115g-Nova-para-prix-Maroc.png","type":"image\/png"}],"twitter_card":"summary_large_image","twitter_misc":{"\u0648\u0642\u062a \u0627\u0644\u0642\u0631\u0627\u0621\u0629 \u0627\u0644\u0645\u064f\u0642\u062f\u0651\u0631":"\u062f\u0642\u064a\u0642\u0629 \u0648\u0627\u062d\u062f\u0629"},"schema":{"@context":"https:\/\/schema.org","@graph":[{"@type":["WebPage","ItemPage"],"@id":"https:\/\/vitablanca.ma\/produit\/roge-cavailles-savon-huile-veloutant-argan-et-amande-115g\/","url":"https:\/\/vitablanca.ma\/produit\/roge-cavailles-savon-huile-veloutant-argan-et-amande-115g\/","name":"Rog\u00e9 Cavaill\u00e8s Savon Huile Veloutant Argan Et Amande 115g - Maroc Prix","isPartOf":{"@id":"https:\/\/vitablanca.ma\/#website"},"primaryImageOfPage":{"@id":"https:\/\/vitablanca.ma\/produit\/roge-cavailles-savon-huile-veloutant-argan-et-amande-115g\/#primaryimage"},"image":{"@id":"https:\/\/vitablanca.ma\/produit\/roge-cavailles-savon-huile-veloutant-argan-et-amande-115g\/#primaryimage"},"thumbnailUrl":"https:\/\/vitablanca.ma\/wp-content\/uploads\/2025\/06\/Roge-Cavailles-Savon-Huile-Veloutant-115g-Nova-para-prix-Maroc.png","datePublished":"2025-06-11T21:32:13+00:00","description":"\u0635\u0627\u0628\u0648\u0646 \u0631\u0648\u062c\u064a\u0647 \u0643\u0627\u0641\u0627\u064a\u064a\u0633 \u0627\u0644\u0645\u062e\u0645\u0644\u064a \u0628\u0632\u064a\u062a \u0627\u0644\u0623\u0631\u063a\u0627\u0646 \u0648\u0627\u0644\u0644\u0648\u0632 115 \u062c\u0631\u0627\u0645","breadcrumb":{"@id":"https:\/\/vitablanca.ma\/produit\/roge-cavailles-savon-huile-veloutant-argan-et-amande-115g\/#breadcrumb"},"inLanguage":"ar","potentialAction":[{"@type":"ReadAction","target":["https:\/\/vitablanca.ma\/produit\/roge-cavailles-savon-huile-veloutant-argan-et-amande-115g\/"]}]},{"@type":"ImageObject","inLanguage":"ar","@id":"https:\/\/vitablanca.ma\/produit\/roge-cavailles-savon-huile-veloutant-argan-et-amande-115g\/#primaryimage","url":"https:\/\/vitablanca.ma\/wp-content\/uploads\/2025\/06\/Roge-Cavailles-Savon-Huile-Veloutant-115g-Nova-para-prix-Maroc.png","contentUrl":"https:\/\/vitablanca.ma\/wp-content\/uploads\/2025\/06\/Roge-Cavailles-Savon-Huile-Veloutant-115g-Nova-para-prix-Maroc.png","width":1000,"height":1000},{"@type":"BreadcrumbList","@id":"https:\/\/vitablanca.ma\/produit\/roge-cavailles-savon-huile-veloutant-argan-et-amande-115g\/#breadcrumb","itemListElement":[{"@type":"ListItem","position":1,"name":"Home","item":"https:\/\/vitablanca.ma\/"},{"@type":"ListItem","position":2,"name":"Tous Les Produits","item":"https:\/\/vitablanca.ma\/tous-les-produits\/"},{"@type":"ListItem","position":3,"name":"Rog\u00e9 Cavaill\u00e8s Savon Huile Veloutant Argan Et Amande 115g"}]},{"@type":"WebSite","@id":"https:\/\/vitablanca.ma\/#website","url":"https:\/\/vitablanca.ma\/","name":"VitaBlanca.ma | \u0627\u0644\u0645\u0643\u0645\u0644\u0627\u062a \u0627\u0644\u063a\u0630\u0627\u0626\u064a\u0629\u060c \u0627\u0644\u0635\u062d\u0629 \u0648\u0627\u0644\u062c\u0645\u0627\u0644 \u0641\u064a \u0627\u0644\u0645\u063a\u0631\u0628","description":"\u0646\u0628\u064a\u0639 \u0641\u064a\u062a\u0627\u0645\u064a\u0646\u0627\u062a \u0648\u0645\u0643\u0645\u0644\u0627\u062a \u063a\u0630\u0627\u0626\u064a\u0629 \u0641\u0627\u062e\u0631\u0629 \u0645\u0646 \u0627\u0644\u0648\u0644\u0627\u064a\u0627\u062a \u0627\u0644\u0645\u062a\u062d\u062f\u0629 \u0627\u0644\u0623\u0645\u0631\u064a\u0643\u064a\u0629 \u0648\u0643\u0646\u062f\u0627 \u0648\u0646\u064a\u0648\u0632\u064a\u0644\u0646\u062f\u0627 \u0648\u0627\u0644\u0645\u063a\u0631\u0628 (\u0646\u0627\u0648 \u0641\u0648\u062f\u0632\u060c \u0633\u0648\u0644\u062c\u0627\u0631\u060c \u0645\u0627\u0646\u0648\u0643\u0627). \u062a\u0648\u0635\u064a\u0644 \u0633\u0631\u064a\u0639 \u0625\u0644\u0649 \u062c\u0645\u064a\u0639 \u0623\u0646\u062d\u0627\u0621 \u0627\u0644\u0645\u063a\u0631\u0628.","publisher":{"@id":"https:\/\/vitablanca.ma\/#organization"},"alternateName":"VitaBlanca.ma","potentialAction":[{"@type":"SearchAction","target":{"@type":"EntryPoint","urlTemplate":"https:\/\/vitablanca.ma\/?s={search_term_string}"},"query-input":{"@type":"PropertyValueSpecification","valueRequired":true,"valueName":"search_term_string"}}],"inLanguage":"ar"},{"@type":"Organization","@id":"https:\/\/vitablanca.ma\/#organization","name":"\u0641\u064a\u062a\u0627\u0628\u0644\u0627\u0646\u0643\u0627","url":"https:\/\/vitablanca.ma\/","logo":{"@type":"ImageObject","inLanguage":"ar","@id":"https:\/\/vitablanca.ma\/#\/schema\/logo\/image\/","url":"https:\/\/vitablanca.ma\/wp-content\/uploads\/2025\/05\/cropped-vitablanca.png","contentUrl":"https:\/\/vitablanca.ma\/wp-content\/uploads\/2025\/05\/cropped-vitablanca.png","width":360,"height":67,"caption":"VitaBlanca"},"image":{"@id":"https:\/\/vitablanca.ma\/#\/schema\/logo\/image\/"},"sameAs":["https:\/\/www.facebook.com\/profile.php?id=61576678196717","https:\/\/www.tiktok.com\/@vitablanca.ma","https:\/\/www.instagram.com\/vitablanca.ma\/"]}]}},"jetpack_sharing_enabled":true,"_links":{"self":[{"href":"https:\/\/vitablanca.ma\/ar\/wp-json\/wp\/v2\/product\/21883","targetHints":{"allow":["GET"]}}],"collection":[{"href":"https:\/\/vitablanca.ma\/ar\/wp-json\/wp\/v2\/product"}],"about":[{"href":"https:\/\/vitablanca.ma\/ar\/wp-json\/wp\/v2\/types\/product"}],"wp:featuredmedia":[{"embeddable":true,"href":"https:\/\/vitablanca.ma\/ar\/wp-json\/wp\/v2\/media\/21879"}],"wp:attachment":[{"href":"https:\/\/vitablanca.ma\/ar\/wp-json\/wp\/v2\/media?parent=21883"}],"wp:term":[{"taxonomy":"product_brand","embeddable":true,"href":"https:\/\/vitablanca.ma\/ar\/wp-json\/wp\/v2\/product_brand?post=21883"},{"taxonomy":"product_cat","embeddable":true,"href":"https:\/\/vitablanca.ma\/ar\/wp-json\/wp\/v2\/product_cat?post=21883"},{"taxonomy":"product_tag","embeddable":true,"href":"https:\/\/vitablanca.ma\/ar\/wp-json\/wp\/v2\/product_tag?post=21883"}],"curies":[{"name":"wp","href":"https:\/\/api.w.org\/{rel}","templated":true}]}}