{"id":21882,"date":"2025-06-11T21:32:11","date_gmt":"2025-06-11T21:32:11","guid":{"rendered":"https:\/\/vitablanca.ma\/product\/svr-sebiaclear-spray-corps-150-ml\/"},"modified":"2026-01-21T17:42:24","modified_gmt":"2026-01-21T17:42:24","slug":"svr-sebiaclear-spray-corps-150-ml","status":"publish","type":"product","link":"https:\/\/vitablanca.ma\/ar\/product-2\/svr-sebiaclear-spray-corps-150-ml\/","title":{"rendered":"\u0628\u062e\u0627\u062e \u0627\u0644\u062c\u0633\u0645 SVR SEBIACLEAR 150 \u0645\u0644"},"content":{"rendered":"<h2>SVR SEBIACLEAR Spray Corps \u00a0150 Ml<\/h2>\n<p>Formul\u00e9 pour corriger toutes les imperfections du dos, des \u00e9paules et du d\u00e9collet\u00e9. Sebiaclear Spray Corps, c\u2019est -40% de boutons d\u00e8s 2 semaines !1 Il r\u00e9duit les imperfections et pr\u00e9vient leur r\u00e9apparition, lisse le grain de peau &amp; diminue les marques post acn\u00e9. Dites bye bye aux imperfections du corps ! 1 &#8211; Scorage Clinique sur 20 volontaires pendant 21 jours, dont 14 jours en application biquotidienne, % de variation.<\/p>\n<p>FORMUL\u00c9 POUR : Toutes les peaux \u00e0 tendance acn\u00e9ique. Dos, \u00e9paules, d\u00e9collet\u00e9. D\u00e8s 10 ans.<\/p>\n<p>TEST\u00c9 SOUS CONTR\u00d4LE DERMATOLOGIQUE : Non com\u00e9dog\u00e8ne.<\/p>\n<p>TEST\u00c9 PERTURBATEURS ENDOCRINIENS : Test\u00e9 sur les m\u00e9canismes endocriniens oestrog\u00e9niques, androg\u00e9niques et thyro\u00efdiens. Tests r\u00e9alis\u00e9s par un laboratoire ind\u00e9pendant, expert de la perturbation endocrinienne<\/p>\n<p><span><strong>\u0637\u0631\u064a\u0642\u0629 \u0627\u0644\u0627\u0633\u062a\u062e\u062f\u0627\u0645:<\/strong><\/span><\/p>\n<p>APPPLIQUEZ MATIN ET SOIR<\/p>\n<p>Sur une peau propre et s\u00e8che. Vaporiser \u00e0 5 \u00e0 10 cm de la zone cibl\u00e9e et laisser s\u00e9cher. Seul ou en routine avec Sebiaclear Gel Moussant.<\/p>\n<p><span><strong>\u0645\u0643\u0648\u0646\u0627\u062a :<\/strong><\/span><\/p>\n<p><em>8% GLUCONOLACTONE<\/em><\/p>\n<p>Purifie et lisse la peau, diminue l\u2019apparence des pores pour une peau plus nette.<\/p>\n<p><em>5% NIACINAMIDE<\/em><\/p>\n<p>Multi-correcteur de r\u00e9f\u00e9rence, diminue la production de s\u00e9bum, pr\u00e9vient l\u2019apparition des marques et apaise la peau.<\/p>\n<p><em>2% ACIDE LACTOBIONIQUE<\/em><\/p>\n<p>Affine et lisse le grain de peau, r\u00e9duit et limite l\u2019apparition de nouvelles imperfections.<\/p>\n<p><em>1% ZINC<\/em><\/p>\n<p>R\u00e9gule l\u2019exc\u00e8s de s\u00e9bum.<\/p>\n<p>Voir la liste des ingr\u00e9dients<\/p>\n<p>LAB23.03\/C.28c &#8211; INGREDIENTS : AQUA\/WATER\/EAU, ISOPENTYLDIOL, ALCOHOL DENAT., GLUCONOLACTONE, NIACINAMIDE, LACTOBIONIC ACID, SODIUM HYDROXIDE, ZINC GLUCONATE, PARFUM\/FRAGRANCE<\/p>\n<p>\u0642\u062f \u062a\u0643\u0648\u0646 \u0642\u0627\u0626\u0645\u0629 \u0627\u0644\u0645\u0643\u0648\u0646\u0627\u062a \u0639\u0631\u0636\u0629 \u0644\u0644\u062a\u063a\u064a\u064a\u0631\u060c \u0646\u0646\u0635\u062d\u0643 \u0628\u0627\u0644\u062a\u062d\u0642\u0642 \u0645\u0646 \u0627\u0644\u0642\u0627\u0626\u0645\u0629 \u0627\u0644\u0645\u0648\u062c\u0648\u062f\u0629 \u0639\u0644\u0649 \u0627\u0644\u0645\u0646\u062a\u062c \u0627\u0644\u0630\u064a \u0627\u0634\u062a\u0631\u064a\u062a\u0647.<\/p>","protected":false},"excerpt":{"rendered":"<p>SVR SEBIACLEAR Spray Corps \u00a0150 Ml Formul\u00e9 pour corriger toutes les imperfections du dos, des \u00e9paules et du d\u00e9collet\u00e9. Sebiaclear Spray Corps, c\u2019est -40% de boutons d\u00e8s 2 semaines !1 Il r\u00e9duit les imperfections et pr\u00e9vient leur r\u00e9apparition, lisse le grain de peau &amp; diminue les marques post acn\u00e9. Dites bye bye aux imperfections du [&hellip;]<\/p>\n","protected":false},"featured_media":21881,"template":"","meta":{"om_disable_all_campaigns":false},"product_brand":[5981],"product_cat":[18,15],"product_tag":[5982,5983,5984,5988,5987,5986,5985],"class_list":{"0":"post-21882","1":"product","2":"type-product","3":"status-publish","4":"has-post-thumbnail","6":"product_brand-svr-original-maroc-au-meilleur-prix","7":"product_cat-beaute-sante","8":"product_cat-beaute-sante-complements-alimentaires-soins-et-bien-etre-au-meilleur-prix","9":"product_tag-laboratoire-svr","10":"product_tag-marque-dermatologique-francaise","11":"product_tag-produits-svr-originaux","12":"product_tag-sun-secure-svr","13":"product_tag-svr","14":"product_tag-svr-laboratoire-dermatologique","15":"product_tag-svr-maroc","17":"first","18":"instock","19":"sale","20":"taxable","21":"shipping-taxable","22":"purchasable","23":"product-type-simple"},"yoast_head":"<!-- This site is optimized with the Yoast SEO plugin v27.3 - https:\/\/yoast.com\/product\/yoast-seo-wordpress\/ -->\n<title>SVR SEBIACLEAR Spray Corps 150 Ml - Maroc Prix<\/title>\n<meta name=\"description\" content=\"SVR SEBIACLEAR Spray Corps 150 Ml\" \/>\n<meta name=\"robots\" content=\"index, follow, max-snippet:-1, max-image-preview:large, max-video-preview:-1\" \/>\n<link rel=\"canonical\" href=\"https:\/\/vitablanca.ma\/ar\/product-2\/svr-sebiaclear-spray-corps-150-ml\/\" \/>\n<meta property=\"og:locale\" content=\"ar_AR\" \/>\n<meta property=\"og:type\" content=\"article\" \/>\n<meta property=\"og:title\" content=\"SVR SEBIACLEAR Spray Corps 150 Ml - Maroc Prix\" \/>\n<meta property=\"og:description\" content=\"SVR SEBIACLEAR Spray Corps 150 Ml\" \/>\n<meta property=\"og:url\" content=\"https:\/\/vitablanca.ma\/ar\/product-2\/svr-sebiaclear-spray-corps-150-ml\/\" \/>\n<meta property=\"og:site_name\" content=\"Vitablanca.ma &ndash; Sant&eacute;, vitalit&eacute; et bien-&ecirc;tre pour tous les Marocains\" \/>\n<meta property=\"article:publisher\" content=\"https:\/\/www.facebook.com\/profile.php?id=61576678196717\" \/>\n<meta property=\"article:modified_time\" content=\"2026-01-21T17:42:24+00:00\" \/>\n<meta property=\"og:image\" content=\"https:\/\/vitablanca.ma\/wp-content\/uploads\/2025\/06\/svr-sebiaclear-spray-corps-150-ml-Nova-para-prix-Maroc.jpg\" \/>\n\t<meta property=\"og:image:width\" content=\"800\" \/>\n\t<meta property=\"og:image:height\" content=\"800\" \/>\n\t<meta property=\"og:image:type\" content=\"image\/jpeg\" \/>\n<meta name=\"twitter:card\" content=\"summary_large_image\" \/>\n<meta name=\"twitter:label1\" content=\"\u0648\u0642\u062a \u0627\u0644\u0642\u0631\u0627\u0621\u0629 \u0627\u0644\u0645\u064f\u0642\u062f\u0651\u0631\" \/>\n\t<meta name=\"twitter:data1\" content=\"\u062f\u0642\u064a\u0642\u0629 \u0648\u0627\u062d\u062f\u0629\" \/>\n<script type=\"application\/ld+json\" class=\"yoast-schema-graph\">{\"@context\":\"https:\\\/\\\/schema.org\",\"@graph\":[{\"@type\":[\"WebPage\",\"ItemPage\"],\"@id\":\"https:\\\/\\\/vitablanca.ma\\\/produit\\\/svr-sebiaclear-spray-corps-150-ml\\\/\",\"url\":\"https:\\\/\\\/vitablanca.ma\\\/produit\\\/svr-sebiaclear-spray-corps-150-ml\\\/\",\"name\":\"SVR SEBIACLEAR Spray Corps 150 Ml - Maroc Prix\",\"isPartOf\":{\"@id\":\"https:\\\/\\\/vitablanca.ma\\\/#website\"},\"primaryImageOfPage\":{\"@id\":\"https:\\\/\\\/vitablanca.ma\\\/produit\\\/svr-sebiaclear-spray-corps-150-ml\\\/#primaryimage\"},\"image\":{\"@id\":\"https:\\\/\\\/vitablanca.ma\\\/produit\\\/svr-sebiaclear-spray-corps-150-ml\\\/#primaryimage\"},\"thumbnailUrl\":\"https:\\\/\\\/vitablanca.ma\\\/wp-content\\\/uploads\\\/2025\\\/06\\\/svr-sebiaclear-spray-corps-150-ml-Nova-para-prix-Maroc.jpg\",\"datePublished\":\"2025-06-11T21:32:11+00:00\",\"dateModified\":\"2026-01-21T17:42:24+00:00\",\"description\":\"SVR SEBIACLEAR Spray Corps 150 Ml\",\"breadcrumb\":{\"@id\":\"https:\\\/\\\/vitablanca.ma\\\/produit\\\/svr-sebiaclear-spray-corps-150-ml\\\/#breadcrumb\"},\"inLanguage\":\"ar\",\"potentialAction\":[{\"@type\":\"ReadAction\",\"target\":[\"https:\\\/\\\/vitablanca.ma\\\/produit\\\/svr-sebiaclear-spray-corps-150-ml\\\/\"]}]},{\"@type\":\"ImageObject\",\"inLanguage\":\"ar\",\"@id\":\"https:\\\/\\\/vitablanca.ma\\\/produit\\\/svr-sebiaclear-spray-corps-150-ml\\\/#primaryimage\",\"url\":\"https:\\\/\\\/vitablanca.ma\\\/wp-content\\\/uploads\\\/2025\\\/06\\\/svr-sebiaclear-spray-corps-150-ml-Nova-para-prix-Maroc.jpg\",\"contentUrl\":\"https:\\\/\\\/vitablanca.ma\\\/wp-content\\\/uploads\\\/2025\\\/06\\\/svr-sebiaclear-spray-corps-150-ml-Nova-para-prix-Maroc.jpg\",\"width\":800,\"height\":800},{\"@type\":\"BreadcrumbList\",\"@id\":\"https:\\\/\\\/vitablanca.ma\\\/produit\\\/svr-sebiaclear-spray-corps-150-ml\\\/#breadcrumb\",\"itemListElement\":[{\"@type\":\"ListItem\",\"position\":1,\"name\":\"Home\",\"item\":\"https:\\\/\\\/vitablanca.ma\\\/\"},{\"@type\":\"ListItem\",\"position\":2,\"name\":\"Tous Les Produits\",\"item\":\"https:\\\/\\\/vitablanca.ma\\\/tous-les-produits\\\/\"},{\"@type\":\"ListItem\",\"position\":3,\"name\":\"SVR SEBIACLEAR Spray Corps 150 Ml\"}]},{\"@type\":\"WebSite\",\"@id\":\"https:\\\/\\\/vitablanca.ma\\\/#website\",\"url\":\"https:\\\/\\\/vitablanca.ma\\\/\",\"name\":\"VitaBlanca.ma | Compl\u00e9ments alimentaires, sant\u00e9 & beaut\u00e9 au Maroc\",\"description\":\"vendre vitamines et compl\u00e9ments premium des USA &amp; Canada, Nouvelle Z\u00e9lande,Maroc (NOW Foods, Solgar, Manuka). Livraison rapide partout au Maroc.\",\"publisher\":{\"@id\":\"https:\\\/\\\/vitablanca.ma\\\/#organization\"},\"alternateName\":\"VitaBlanca.ma\",\"potentialAction\":[{\"@type\":\"SearchAction\",\"target\":{\"@type\":\"EntryPoint\",\"urlTemplate\":\"https:\\\/\\\/vitablanca.ma\\\/?s={search_term_string}\"},\"query-input\":{\"@type\":\"PropertyValueSpecification\",\"valueRequired\":true,\"valueName\":\"search_term_string\"}}],\"inLanguage\":\"ar\"},{\"@type\":\"Organization\",\"@id\":\"https:\\\/\\\/vitablanca.ma\\\/#organization\",\"name\":\"VitaBlanca\",\"url\":\"https:\\\/\\\/vitablanca.ma\\\/\",\"logo\":{\"@type\":\"ImageObject\",\"inLanguage\":\"ar\",\"@id\":\"https:\\\/\\\/vitablanca.ma\\\/#\\\/schema\\\/logo\\\/image\\\/\",\"url\":\"https:\\\/\\\/vitablanca.ma\\\/wp-content\\\/uploads\\\/2025\\\/05\\\/cropped-vitablanca.png\",\"contentUrl\":\"https:\\\/\\\/vitablanca.ma\\\/wp-content\\\/uploads\\\/2025\\\/05\\\/cropped-vitablanca.png\",\"width\":360,\"height\":67,\"caption\":\"VitaBlanca\"},\"image\":{\"@id\":\"https:\\\/\\\/vitablanca.ma\\\/#\\\/schema\\\/logo\\\/image\\\/\"},\"sameAs\":[\"https:\\\/\\\/www.facebook.com\\\/profile.php?id=61576678196717\",\"https:\\\/\\\/www.tiktok.com\\\/@vitablanca.ma\",\"https:\\\/\\\/www.instagram.com\\\/vitablanca.ma\\\/\"]}]}<\/script>\n<!-- \/ Yoast SEO plugin. -->","yoast_head_json":{"title":"SVR SEBIACLEAR Spray Corps 150 Ml - Maroc Prix","description":"SVR SEBIACLEAR Spray Corps 150 Ml","robots":{"index":"index","follow":"follow","max-snippet":"max-snippet:-1","max-image-preview":"max-image-preview:large","max-video-preview":"max-video-preview:-1"},"canonical":"https:\/\/vitablanca.ma\/ar\/product-2\/svr-sebiaclear-spray-corps-150-ml\/","og_locale":"ar_AR","og_type":"article","og_title":"SVR SEBIACLEAR Spray Corps 150 Ml - Maroc Prix","og_description":"SVR SEBIACLEAR Spray Corps 150 Ml","og_url":"https:\/\/vitablanca.ma\/ar\/product-2\/svr-sebiaclear-spray-corps-150-ml\/","og_site_name":"Vitablanca.ma &ndash; Sant&eacute;, vitalit&eacute; et bien-&ecirc;tre pour tous les Marocains","article_publisher":"https:\/\/www.facebook.com\/profile.php?id=61576678196717","article_modified_time":"2026-01-21T17:42:24+00:00","og_image":[{"width":800,"height":800,"url":"https:\/\/vitablanca.ma\/wp-content\/uploads\/2025\/06\/svr-sebiaclear-spray-corps-150-ml-Nova-para-prix-Maroc.jpg","type":"image\/jpeg"}],"twitter_card":"summary_large_image","twitter_misc":{"\u0648\u0642\u062a \u0627\u0644\u0642\u0631\u0627\u0621\u0629 \u0627\u0644\u0645\u064f\u0642\u062f\u0651\u0631":"\u062f\u0642\u064a\u0642\u0629 \u0648\u0627\u062d\u062f\u0629"},"schema":{"@context":"https:\/\/schema.org","@graph":[{"@type":["WebPage","ItemPage"],"@id":"https:\/\/vitablanca.ma\/produit\/svr-sebiaclear-spray-corps-150-ml\/","url":"https:\/\/vitablanca.ma\/produit\/svr-sebiaclear-spray-corps-150-ml\/","name":"SVR SEBIACLEAR Spray Corps 150 Ml - Maroc Prix","isPartOf":{"@id":"https:\/\/vitablanca.ma\/#website"},"primaryImageOfPage":{"@id":"https:\/\/vitablanca.ma\/produit\/svr-sebiaclear-spray-corps-150-ml\/#primaryimage"},"image":{"@id":"https:\/\/vitablanca.ma\/produit\/svr-sebiaclear-spray-corps-150-ml\/#primaryimage"},"thumbnailUrl":"https:\/\/vitablanca.ma\/wp-content\/uploads\/2025\/06\/svr-sebiaclear-spray-corps-150-ml-Nova-para-prix-Maroc.jpg","datePublished":"2025-06-11T21:32:11+00:00","dateModified":"2026-01-21T17:42:24+00:00","description":"SVR SEBIACLEAR Spray Corps 150 Ml","breadcrumb":{"@id":"https:\/\/vitablanca.ma\/produit\/svr-sebiaclear-spray-corps-150-ml\/#breadcrumb"},"inLanguage":"ar","potentialAction":[{"@type":"ReadAction","target":["https:\/\/vitablanca.ma\/produit\/svr-sebiaclear-spray-corps-150-ml\/"]}]},{"@type":"ImageObject","inLanguage":"ar","@id":"https:\/\/vitablanca.ma\/produit\/svr-sebiaclear-spray-corps-150-ml\/#primaryimage","url":"https:\/\/vitablanca.ma\/wp-content\/uploads\/2025\/06\/svr-sebiaclear-spray-corps-150-ml-Nova-para-prix-Maroc.jpg","contentUrl":"https:\/\/vitablanca.ma\/wp-content\/uploads\/2025\/06\/svr-sebiaclear-spray-corps-150-ml-Nova-para-prix-Maroc.jpg","width":800,"height":800},{"@type":"BreadcrumbList","@id":"https:\/\/vitablanca.ma\/produit\/svr-sebiaclear-spray-corps-150-ml\/#breadcrumb","itemListElement":[{"@type":"ListItem","position":1,"name":"Home","item":"https:\/\/vitablanca.ma\/"},{"@type":"ListItem","position":2,"name":"Tous Les Produits","item":"https:\/\/vitablanca.ma\/tous-les-produits\/"},{"@type":"ListItem","position":3,"name":"SVR SEBIACLEAR Spray Corps 150 Ml"}]},{"@type":"WebSite","@id":"https:\/\/vitablanca.ma\/#website","url":"https:\/\/vitablanca.ma\/","name":"VitaBlanca.ma | \u0627\u0644\u0645\u0643\u0645\u0644\u0627\u062a \u0627\u0644\u063a\u0630\u0627\u0626\u064a\u0629\u060c \u0627\u0644\u0635\u062d\u0629 \u0648\u0627\u0644\u062c\u0645\u0627\u0644 \u0641\u064a \u0627\u0644\u0645\u063a\u0631\u0628","description":"\u0646\u0628\u064a\u0639 \u0641\u064a\u062a\u0627\u0645\u064a\u0646\u0627\u062a \u0648\u0645\u0643\u0645\u0644\u0627\u062a \u063a\u0630\u0627\u0626\u064a\u0629 \u0641\u0627\u062e\u0631\u0629 \u0645\u0646 \u0627\u0644\u0648\u0644\u0627\u064a\u0627\u062a \u0627\u0644\u0645\u062a\u062d\u062f\u0629 \u0627\u0644\u0623\u0645\u0631\u064a\u0643\u064a\u0629 \u0648\u0643\u0646\u062f\u0627 \u0648\u0646\u064a\u0648\u0632\u064a\u0644\u0646\u062f\u0627 \u0648\u0627\u0644\u0645\u063a\u0631\u0628 (\u0646\u0627\u0648 \u0641\u0648\u062f\u0632\u060c \u0633\u0648\u0644\u062c\u0627\u0631\u060c \u0645\u0627\u0646\u0648\u0643\u0627). \u062a\u0648\u0635\u064a\u0644 \u0633\u0631\u064a\u0639 \u0625\u0644\u0649 \u062c\u0645\u064a\u0639 \u0623\u0646\u062d\u0627\u0621 \u0627\u0644\u0645\u063a\u0631\u0628.","publisher":{"@id":"https:\/\/vitablanca.ma\/#organization"},"alternateName":"VitaBlanca.ma","potentialAction":[{"@type":"SearchAction","target":{"@type":"EntryPoint","urlTemplate":"https:\/\/vitablanca.ma\/?s={search_term_string}"},"query-input":{"@type":"PropertyValueSpecification","valueRequired":true,"valueName":"search_term_string"}}],"inLanguage":"ar"},{"@type":"Organization","@id":"https:\/\/vitablanca.ma\/#organization","name":"\u0641\u064a\u062a\u0627\u0628\u0644\u0627\u0646\u0643\u0627","url":"https:\/\/vitablanca.ma\/","logo":{"@type":"ImageObject","inLanguage":"ar","@id":"https:\/\/vitablanca.ma\/#\/schema\/logo\/image\/","url":"https:\/\/vitablanca.ma\/wp-content\/uploads\/2025\/05\/cropped-vitablanca.png","contentUrl":"https:\/\/vitablanca.ma\/wp-content\/uploads\/2025\/05\/cropped-vitablanca.png","width":360,"height":67,"caption":"VitaBlanca"},"image":{"@id":"https:\/\/vitablanca.ma\/#\/schema\/logo\/image\/"},"sameAs":["https:\/\/www.facebook.com\/profile.php?id=61576678196717","https:\/\/www.tiktok.com\/@vitablanca.ma","https:\/\/www.instagram.com\/vitablanca.ma\/"]}]}},"jetpack_sharing_enabled":true,"_links":{"self":[{"href":"https:\/\/vitablanca.ma\/ar\/wp-json\/wp\/v2\/product\/21882","targetHints":{"allow":["GET"]}}],"collection":[{"href":"https:\/\/vitablanca.ma\/ar\/wp-json\/wp\/v2\/product"}],"about":[{"href":"https:\/\/vitablanca.ma\/ar\/wp-json\/wp\/v2\/types\/product"}],"wp:featuredmedia":[{"embeddable":true,"href":"https:\/\/vitablanca.ma\/ar\/wp-json\/wp\/v2\/media\/21881"}],"wp:attachment":[{"href":"https:\/\/vitablanca.ma\/ar\/wp-json\/wp\/v2\/media?parent=21882"}],"wp:term":[{"taxonomy":"product_brand","embeddable":true,"href":"https:\/\/vitablanca.ma\/ar\/wp-json\/wp\/v2\/product_brand?post=21882"},{"taxonomy":"product_cat","embeddable":true,"href":"https:\/\/vitablanca.ma\/ar\/wp-json\/wp\/v2\/product_cat?post=21882"},{"taxonomy":"product_tag","embeddable":true,"href":"https:\/\/vitablanca.ma\/ar\/wp-json\/wp\/v2\/product_tag?post=21882"}],"curies":[{"name":"wp","href":"https:\/\/api.w.org\/{rel}","templated":true}]}}