{"id":21856,"date":"2025-06-11T21:31:39","date_gmt":"2025-06-11T21:31:39","guid":{"rendered":"https:\/\/vitablanca.ma\/product\/svr-topialyse-huile-lavante-1l\/"},"modified":"2026-02-07T16:52:28","modified_gmt":"2026-02-07T16:52:28","slug":"svr-topialyse-huile-lavante-1l","status":"publish","type":"product","link":"https:\/\/vitablanca.ma\/ar\/product-2\/svr-topialyse-huile-lavante-1l\/","title":{"rendered":"\u0632\u064a\u062a \u0627\u0644\u062a\u0646\u0638\u064a\u0641 \u062a\u0648\u0628\u064a\u0627\u0644\u064a\u0633 SVR 1 \u0644\u062a\u0631"},"content":{"rendered":"<h2>SVR Topialyse Huile lavante<\/h2>\n<p>1 \u0644\u062a\u0631<\/p>\n<div class=\"product__subtitle\">Anti-irritation relipidante 24h anti-grattage<\/div>\n<div class=\"product__subtitle\"><\/div>\n<h3 class=\"product__subtitle\">\u0648\u0635\u0641:<\/h3>\n<div class=\"product__subtitle\">Le soin lavant qui remplace tous les autres pour toute la famille !<\/div>\n<div class=\"product__subtitle\">\n<div class=\"product__resume\"><\/div>\n<h3 class=\"product__resume\">\u0644\u0645\u0646\u061f \u0644\u0645\u0627\u0630\u0627\u061f<\/h3>\n<div class=\"product__resume\">Pour toute la famille d\u00e8s la naissance. Peaux sensibles s\u00e8ches \u00e0\u00a0tr\u00e8s s\u00e8ches \u00e0 tendance atopique.<\/div>\n<div class=\"product__tab expanded\" data-drawer-container=\"\">\n<div class=\"product__tab-content\" data-drawer-content=\"\">\n<p data-mce-fragment=\"1\">Le soin lavant qui remplace tous les autres\u00a0: gel douche, bain moussant, shampoing, hygi\u00e8ne intime, nettoyant visage et mains, d\u00e9maquillant sous la douche. Ne pique pas les yeux.<\/p>\n<p data-mce-fragment=\"1\"><strong>TOPIALYSE HUILE LAVANTE<\/strong>\u00a0est un v\u00e9ritable soin lavant\u00a0; le premier geste de votre routine apaisante, anti-irritation, anti-grattage. Cette huile sensorielle riche en actifs relipidants et hydratants nourrit intens\u00e9ment la peau, pr\u00e9serve le film hydrolipidique et prot\u00e8ge des agressions ext\u00e9rieures (froid, frottements) et des effets dess\u00e9chants de l\u2019eau calcaire. Sa texture huile soyeuse et enveloppante pr\u00e9serve l\u2019hydratation pendant 24h pour un confort imm\u00e9diat et longue dur\u00e9e. La peau est douce, le parfum d\u00e9licat, c\u2019est le produit chouchou de toute la famille\u00a0!<\/p>\n<p data-mce-fragment=\"1\"><strong data-mce-fragment=\"1\">UNE EFFICACITE PLEBISCITEE PAR LES VOLONTAIRES<\/strong><br data-mce-fragment=\"1\" \/><span data-mce-fragment=\"1\">\u2022\u00a0<\/span>100% Les sensations de d\u00e9mangeaison dues au dess\u00e8chement cutan\u00e9 sont soulag\u00e9es<sup data-mce-fragment=\"1\">(2)<br \/>\n<\/sup><span data-mce-fragment=\"1\">\u2022\u00a0<\/span>100% la peau est intens\u00e9ment nourrie et est apais\u00e9e durablement<sup data-mce-fragment=\"1\">(2)<\/sup><\/p>\n<p data-mce-fragment=\"1\">(2) Auto-evaluation &#8211; 22 sujets avec une peau tr\u00e8s s\u00e8che \u00e0 tendance atopique &#8211; 21 jours &#8211; 1 application par jour, % de satisfaction<\/p>\n<\/div>\n<\/div>\n<div class=\"product__tab expanded\" data-drawer-container=\"\">\n<h3 class=\"product__tab-header\">\u0643\u064a\u0641 \u064a\u0639\u0645\u0644\u061f<\/h3>\n<div class=\"product__tab-content\" data-drawer-content=\"\">\n<p>Qu\u2019elle soit fragile ou s\u00e8che, la peau est plus facilement irrit\u00e9e par les facteurs environnementaux, l\u2019eau calcaire ou encore les produits d\u2019hygi\u00e8ne non adapt\u00e9s (savon\u2026). A tendance atopique, sa barri\u00e8re est encore plus alt\u00e9r\u00e9e. Mieux vaut pr\u00e9venir que gu\u00e9rir, le premier geste de soin consiste \u00e0 utiliser une hygi\u00e8ne adapt\u00e9e.<\/p>\n<p><strong>TOPIALYSE HUILE LAVANTE<\/strong>, un concentr\u00e9 d\u2019actifs, de douceur et de tol\u00e9rance dans un soin lavant et hydratant qui remplace tous les autres.<\/p>\n<p><strong>35%<\/strong>\u00a0d\u2019actifs hydratants et relipidants\u00a0:<\/p>\n<p>\u2022\u00a0Om\u00e9gas 3, 6 et 9 dont huile de coton : relipident, restaurent et pr\u00e9servent la barri\u00e8re cutan\u00e9e.<br \/>\n\u2022\u00a0Hydratation\u00a0<strong>24 \u0633\u0627\u0639\u0629<\/strong>.<\/p>\n<p>Niacinamide : actif de r\u00e9f\u00e9rence dans l&rsquo;apaisement des peaux sensibles.<\/p>\n<p>Sucre pr\u00e9biotique : respecte l\u2019\u00e9quilibre du microbiome, limite le grattage en aidant \u00e0 r\u00e9\u00e9quilibrer la flore cutan\u00e9e.<\/p>\n<p>Base lavante tol\u00e9rance optimale avec tensio-actifs ultra-doux : nettoie d\u00e9licatement la peau sans l\u2019agresser ni la dess\u00e9cher. Elle est prot\u00e9g\u00e9e des agressions ext\u00e9rieures (frottements, froid, calcaire\u2026).<\/p>\n<p><em>Son plus<\/em>\u00a0<em>?<\/em>\u00a0Avec 89% d\u2019ingr\u00e9dients d\u2019origine naturelle, la formule est biod\u00e9gradable<sup>(1)<\/sup>\u00a0et test\u00e9e sans effets n\u00e9fastes sur les m\u00e9canismes endocriniens \u00e9valu\u00e9s<sup>(3)<\/sup>.\u00a0 Il ne reste plus qu\u2019\u00e0 se laisser envelopper par sa mousse onctueuse et son parfum d\u00e9licat sans allerg\u00e8nes<sup>(4)<\/sup>.<\/p>\n<p>Un autre geste pour la plan\u00e8te, son flacon est compos\u00e9 de 25% de plastique recycl\u00e9.<\/p>\n<p>Plus de tiraillements, de d\u00e9mangeaisons, de grattages. Prot\u00e9ger sa peau et l\u2019environnement en un seul geste\u00a0!<\/p>\n<p>Test\u00e9 sur peaux sensibles sous contr\u00f4le dermatologique, p\u00e9diatrique, ophtalmologique et gyn\u00e9cologique. Hypoallerg\u00e9nique. pH physiologique.<\/p>\n<p>(1) Norme OCDE 301F (2) Test sur produit fini par un laboratoire ind\u00e9pendant, expert de la perturbation endocrinienne (\u00e9valuation sur certains m\u00e9canismes majeurs des syst\u00e8mes oestrog\u00e9niques, androg\u00e9niques et thyro\u00efdiens). (4) IFRA49<\/p>\n<p>\u0642\u062f \u062a\u0643\u0648\u0646 \u0642\u0627\u0626\u0645\u0629 \u0627\u0644\u0645\u0643\u0648\u0646\u0627\u062a \u0639\u0631\u0636\u0629 \u0644\u0644\u062a\u063a\u064a\u064a\u0631\u060c \u0646\u0646\u0635\u062d\u0643 \u0628\u0627\u0644\u062a\u062d\u0642\u0642 \u0645\u0646 \u0627\u0644\u0642\u0627\u0626\u0645\u0629 \u0627\u0644\u0645\u0648\u062c\u0648\u062f\u0629 \u0639\u0644\u0649 \u0627\u0644\u0645\u0646\u062a\u062c \u0627\u0644\u0630\u064a \u0627\u0634\u062a\u0631\u064a\u062a\u0647.<\/p>\n<\/div>\n<\/div>\n<div class=\"product__tab expanded\" data-drawer-container=\"\">\n<h3 class=\"product__tab-header\">\u0643\u064a\u0641\u064a\u0629 \u0627\u0633\u062a\u062e\u062f\u0627\u0645\u0647\u061f<\/h3>\n<div class=\"product__tab-content\" data-drawer-content=\"\">\n<p>Usage quotidien.<\/p>\n<p>Nourrisson d\u00e8s la naissance (hors pr\u00e9matur\u00e9), enfant, adulte, femme enceinte, ne pique pas les yeux.<\/p>\n<p>Le soin lavant qui remplace tous les autres\u00a0: gel douche, bain moussant, shampoing, hygi\u00e8ne intime, nettoyant visage et mains, d\u00e9maquillant.<\/p>\n<p>Pour la douche : appliquer sur peau mouill\u00e9e, faire mousser, rincer puis s\u00e9cher d\u00e9licatement sans frotter.<\/p>\n<p>Pour le bain : verser l\u2019\u00e9quivalent de 3 pressions longues pendant le remplissage de la baignoire.<\/p>\n<p>Se rince facilement. Ne laisse pas de r\u00e9sidus glissants dans le bain ou la douche.<\/p>\n<p>200 &amp; 400ml\u00a0: Pensez au tri lorsque votre produit est fini : le flacon et sa capsule sont 100% recyclable et se mettent dans la poubelle de recyclage<\/p>\n<\/div>\n<\/div>\n<\/div>","protected":false},"excerpt":{"rendered":"<p>SVR Topialyse Huile lavante 1L Anti-irritation relipidante 24h anti-grattage Description: Le soin lavant qui remplace tous les autres pour toute la famille ! Pour qui ? Pour quoi ? Pour toute la famille d\u00e8s la naissance. Peaux sensibles s\u00e8ches \u00e0\u00a0tr\u00e8s s\u00e8ches \u00e0 tendance atopique. Le soin lavant qui remplace tous les autres\u00a0: gel douche, bain [&hellip;]<\/p>\n","protected":false},"featured_media":21854,"template":"","meta":{"om_disable_all_campaigns":false},"product_brand":[5981],"product_cat":[18,15],"product_tag":[5982,5983,5984,5988,5987,5986,5985],"class_list":{"0":"post-21856","1":"product","2":"type-product","3":"status-publish","4":"has-post-thumbnail","6":"product_brand-svr-original-maroc-au-meilleur-prix","7":"product_cat-beaute-sante","8":"product_cat-beaute-sante-complements-alimentaires-soins-et-bien-etre-au-meilleur-prix","9":"product_tag-laboratoire-svr","10":"product_tag-marque-dermatologique-francaise","11":"product_tag-produits-svr-originaux","12":"product_tag-sun-secure-svr","13":"product_tag-svr","14":"product_tag-svr-laboratoire-dermatologique","15":"product_tag-svr-maroc","17":"first","18":"instock","19":"sale","20":"taxable","21":"shipping-taxable","22":"purchasable","23":"product-type-simple"},"yoast_head":"<!-- This site is optimized with the Yoast SEO plugin v27.4 - https:\/\/yoast.com\/product\/yoast-seo-wordpress\/ -->\n<title>SVR Topialyse Huile lavante 1L - Maroc Prix<\/title>\n<meta name=\"description\" content=\"SVR Topialyse Huile Lavante est un nettoyant doux ultra-hydratant con\u00e7u pour les peaux s\u00e8ches, sensibles ou atopiques. Sa formule enrichie en agents\" \/>\n<meta name=\"robots\" content=\"index, follow, max-snippet:-1, max-image-preview:large, max-video-preview:-1\" \/>\n<link rel=\"canonical\" href=\"https:\/\/vitablanca.ma\/ar\/product-2\/svr-topialyse-huile-lavante-1l\/\" \/>\n<meta property=\"og:locale\" content=\"ar_AR\" \/>\n<meta property=\"og:type\" content=\"article\" \/>\n<meta property=\"og:title\" content=\"SVR Topialyse Huile lavante 1L - Maroc Prix\" \/>\n<meta property=\"og:description\" content=\"SVR Topialyse Huile Lavante est un nettoyant doux ultra-hydratant con\u00e7u pour les peaux s\u00e8ches, sensibles ou atopiques. Sa formule enrichie en agents\" \/>\n<meta property=\"og:url\" content=\"https:\/\/vitablanca.ma\/ar\/product-2\/svr-topialyse-huile-lavante-1l\/\" \/>\n<meta property=\"og:site_name\" content=\"Vitablanca.ma &ndash; Sant&eacute;, vitalit&eacute; et bien-&ecirc;tre pour tous les Marocains\" \/>\n<meta property=\"article:publisher\" content=\"https:\/\/www.facebook.com\/profile.php?id=61576678196717\" \/>\n<meta property=\"article:modified_time\" content=\"2026-02-07T16:52:28+00:00\" \/>\n<meta property=\"og:image\" content=\"https:\/\/vitablanca.ma\/wp-content\/uploads\/2025\/06\/SVR-Topialyse-Huile-lavante-1L-prix-maroc-parapharmacie-casablanca.jpg\" \/>\n\t<meta property=\"og:image:width\" content=\"1000\" \/>\n\t<meta property=\"og:image:height\" content=\"1000\" \/>\n\t<meta property=\"og:image:type\" content=\"image\/jpeg\" \/>\n<meta name=\"twitter:card\" content=\"summary_large_image\" \/>\n<meta name=\"twitter:label1\" content=\"\u0648\u0642\u062a \u0627\u0644\u0642\u0631\u0627\u0621\u0629 \u0627\u0644\u0645\u064f\u0642\u062f\u0651\u0631\" \/>\n\t<meta name=\"twitter:data1\" content=\"4 \u062f\u0642\u0627\u0626\u0642\" \/>\n<script type=\"application\/ld+json\" class=\"yoast-schema-graph\">{\"@context\":\"https:\\\/\\\/schema.org\",\"@graph\":[{\"@type\":[\"WebPage\",\"ItemPage\"],\"@id\":\"https:\\\/\\\/vitablanca.ma\\\/produit\\\/svr-topialyse-huile-lavante-1l\\\/\",\"url\":\"https:\\\/\\\/vitablanca.ma\\\/produit\\\/svr-topialyse-huile-lavante-1l\\\/\",\"name\":\"SVR Topialyse Huile lavante 1L - Maroc Prix\",\"isPartOf\":{\"@id\":\"https:\\\/\\\/vitablanca.ma\\\/#website\"},\"primaryImageOfPage\":{\"@id\":\"https:\\\/\\\/vitablanca.ma\\\/produit\\\/svr-topialyse-huile-lavante-1l\\\/#primaryimage\"},\"image\":{\"@id\":\"https:\\\/\\\/vitablanca.ma\\\/produit\\\/svr-topialyse-huile-lavante-1l\\\/#primaryimage\"},\"thumbnailUrl\":\"https:\\\/\\\/vitablanca.ma\\\/wp-content\\\/uploads\\\/2025\\\/06\\\/SVR-Topialyse-Huile-lavante-1L-prix-maroc-parapharmacie-casablanca.jpg\",\"datePublished\":\"2025-06-11T21:31:39+00:00\",\"dateModified\":\"2026-02-07T16:52:28+00:00\",\"description\":\"SVR Topialyse Huile Lavante est un nettoyant doux ultra-hydratant con\u00e7u pour les peaux s\u00e8ches, sensibles ou atopiques. Sa formule enrichie en agents\",\"breadcrumb\":{\"@id\":\"https:\\\/\\\/vitablanca.ma\\\/produit\\\/svr-topialyse-huile-lavante-1l\\\/#breadcrumb\"},\"inLanguage\":\"ar\",\"potentialAction\":[{\"@type\":\"ReadAction\",\"target\":[\"https:\\\/\\\/vitablanca.ma\\\/produit\\\/svr-topialyse-huile-lavante-1l\\\/\"]}]},{\"@type\":\"ImageObject\",\"inLanguage\":\"ar\",\"@id\":\"https:\\\/\\\/vitablanca.ma\\\/produit\\\/svr-topialyse-huile-lavante-1l\\\/#primaryimage\",\"url\":\"https:\\\/\\\/vitablanca.ma\\\/wp-content\\\/uploads\\\/2025\\\/06\\\/SVR-Topialyse-Huile-lavante-1L-prix-maroc-parapharmacie-casablanca.jpg\",\"contentUrl\":\"https:\\\/\\\/vitablanca.ma\\\/wp-content\\\/uploads\\\/2025\\\/06\\\/SVR-Topialyse-Huile-lavante-1L-prix-maroc-parapharmacie-casablanca.jpg\",\"width\":1000,\"height\":1000},{\"@type\":\"BreadcrumbList\",\"@id\":\"https:\\\/\\\/vitablanca.ma\\\/produit\\\/svr-topialyse-huile-lavante-1l\\\/#breadcrumb\",\"itemListElement\":[{\"@type\":\"ListItem\",\"position\":1,\"name\":\"Home\",\"item\":\"https:\\\/\\\/vitablanca.ma\\\/\"},{\"@type\":\"ListItem\",\"position\":2,\"name\":\"Tous Les Produits\",\"item\":\"https:\\\/\\\/vitablanca.ma\\\/tous-les-produits\\\/\"},{\"@type\":\"ListItem\",\"position\":3,\"name\":\"SVR Topialyse Huile lavante 1L\"}]},{\"@type\":\"WebSite\",\"@id\":\"https:\\\/\\\/vitablanca.ma\\\/#website\",\"url\":\"https:\\\/\\\/vitablanca.ma\\\/\",\"name\":\"VitaBlanca.ma | Compl\u00e9ments alimentaires, sant\u00e9 & beaut\u00e9 au Maroc\",\"description\":\"vendre vitamines et compl\u00e9ments premium des USA &amp; Canada, Nouvelle Z\u00e9lande,Maroc (NOW Foods, Solgar, Manuka). Livraison rapide partout au Maroc.\",\"publisher\":{\"@id\":\"https:\\\/\\\/vitablanca.ma\\\/#organization\"},\"alternateName\":\"VitaBlanca.ma\",\"potentialAction\":[{\"@type\":\"SearchAction\",\"target\":{\"@type\":\"EntryPoint\",\"urlTemplate\":\"https:\\\/\\\/vitablanca.ma\\\/?s={search_term_string}\"},\"query-input\":{\"@type\":\"PropertyValueSpecification\",\"valueRequired\":true,\"valueName\":\"search_term_string\"}}],\"inLanguage\":\"ar\"},{\"@type\":\"Organization\",\"@id\":\"https:\\\/\\\/vitablanca.ma\\\/#organization\",\"name\":\"VitaBlanca\",\"url\":\"https:\\\/\\\/vitablanca.ma\\\/\",\"logo\":{\"@type\":\"ImageObject\",\"inLanguage\":\"ar\",\"@id\":\"https:\\\/\\\/vitablanca.ma\\\/#\\\/schema\\\/logo\\\/image\\\/\",\"url\":\"https:\\\/\\\/vitablanca.ma\\\/wp-content\\\/uploads\\\/2025\\\/05\\\/cropped-vitablanca.png\",\"contentUrl\":\"https:\\\/\\\/vitablanca.ma\\\/wp-content\\\/uploads\\\/2025\\\/05\\\/cropped-vitablanca.png\",\"width\":360,\"height\":67,\"caption\":\"VitaBlanca\"},\"image\":{\"@id\":\"https:\\\/\\\/vitablanca.ma\\\/#\\\/schema\\\/logo\\\/image\\\/\"},\"sameAs\":[\"https:\\\/\\\/www.facebook.com\\\/profile.php?id=61576678196717\",\"https:\\\/\\\/www.tiktok.com\\\/@vitablanca.ma\",\"https:\\\/\\\/www.instagram.com\\\/vitablanca.ma\\\/\"]}]}<\/script>\n<!-- \/ Yoast SEO plugin. -->","yoast_head_json":{"title":"SVR Topialyse Huile lavante 1L - Maroc Prix","description":"SVR Topialyse Huile Lavante est un nettoyant doux ultra-hydratant con\u00e7u pour les peaux s\u00e8ches, sensibles ou atopiques. Sa formule enrichie en agents","robots":{"index":"index","follow":"follow","max-snippet":"max-snippet:-1","max-image-preview":"max-image-preview:large","max-video-preview":"max-video-preview:-1"},"canonical":"https:\/\/vitablanca.ma\/ar\/product-2\/svr-topialyse-huile-lavante-1l\/","og_locale":"ar_AR","og_type":"article","og_title":"SVR Topialyse Huile lavante 1L - Maroc Prix","og_description":"SVR Topialyse Huile Lavante est un nettoyant doux ultra-hydratant con\u00e7u pour les peaux s\u00e8ches, sensibles ou atopiques. Sa formule enrichie en agents","og_url":"https:\/\/vitablanca.ma\/ar\/product-2\/svr-topialyse-huile-lavante-1l\/","og_site_name":"Vitablanca.ma &ndash; Sant&eacute;, vitalit&eacute; et bien-&ecirc;tre pour tous les Marocains","article_publisher":"https:\/\/www.facebook.com\/profile.php?id=61576678196717","article_modified_time":"2026-02-07T16:52:28+00:00","og_image":[{"width":1000,"height":1000,"url":"https:\/\/vitablanca.ma\/wp-content\/uploads\/2025\/06\/SVR-Topialyse-Huile-lavante-1L-prix-maroc-parapharmacie-casablanca.jpg","type":"image\/jpeg"}],"twitter_card":"summary_large_image","twitter_misc":{"\u0648\u0642\u062a \u0627\u0644\u0642\u0631\u0627\u0621\u0629 \u0627\u0644\u0645\u064f\u0642\u062f\u0651\u0631":"4 \u062f\u0642\u0627\u0626\u0642"},"schema":{"@context":"https:\/\/schema.org","@graph":[{"@type":["WebPage","ItemPage"],"@id":"https:\/\/vitablanca.ma\/produit\/svr-topialyse-huile-lavante-1l\/","url":"https:\/\/vitablanca.ma\/produit\/svr-topialyse-huile-lavante-1l\/","name":"SVR Topialyse Huile lavante 1L - Maroc Prix","isPartOf":{"@id":"https:\/\/vitablanca.ma\/#website"},"primaryImageOfPage":{"@id":"https:\/\/vitablanca.ma\/produit\/svr-topialyse-huile-lavante-1l\/#primaryimage"},"image":{"@id":"https:\/\/vitablanca.ma\/produit\/svr-topialyse-huile-lavante-1l\/#primaryimage"},"thumbnailUrl":"https:\/\/vitablanca.ma\/wp-content\/uploads\/2025\/06\/SVR-Topialyse-Huile-lavante-1L-prix-maroc-parapharmacie-casablanca.jpg","datePublished":"2025-06-11T21:31:39+00:00","dateModified":"2026-02-07T16:52:28+00:00","description":"SVR Topialyse Huile Lavante est un nettoyant doux ultra-hydratant con\u00e7u pour les peaux s\u00e8ches, sensibles ou atopiques. Sa formule enrichie en agents","breadcrumb":{"@id":"https:\/\/vitablanca.ma\/produit\/svr-topialyse-huile-lavante-1l\/#breadcrumb"},"inLanguage":"ar","potentialAction":[{"@type":"ReadAction","target":["https:\/\/vitablanca.ma\/produit\/svr-topialyse-huile-lavante-1l\/"]}]},{"@type":"ImageObject","inLanguage":"ar","@id":"https:\/\/vitablanca.ma\/produit\/svr-topialyse-huile-lavante-1l\/#primaryimage","url":"https:\/\/vitablanca.ma\/wp-content\/uploads\/2025\/06\/SVR-Topialyse-Huile-lavante-1L-prix-maroc-parapharmacie-casablanca.jpg","contentUrl":"https:\/\/vitablanca.ma\/wp-content\/uploads\/2025\/06\/SVR-Topialyse-Huile-lavante-1L-prix-maroc-parapharmacie-casablanca.jpg","width":1000,"height":1000},{"@type":"BreadcrumbList","@id":"https:\/\/vitablanca.ma\/produit\/svr-topialyse-huile-lavante-1l\/#breadcrumb","itemListElement":[{"@type":"ListItem","position":1,"name":"Home","item":"https:\/\/vitablanca.ma\/"},{"@type":"ListItem","position":2,"name":"Tous Les Produits","item":"https:\/\/vitablanca.ma\/tous-les-produits\/"},{"@type":"ListItem","position":3,"name":"SVR Topialyse Huile lavante 1L"}]},{"@type":"WebSite","@id":"https:\/\/vitablanca.ma\/#website","url":"https:\/\/vitablanca.ma\/","name":"VitaBlanca.ma | \u0627\u0644\u0645\u0643\u0645\u0644\u0627\u062a \u0627\u0644\u063a\u0630\u0627\u0626\u064a\u0629\u060c \u0627\u0644\u0635\u062d\u0629 \u0648\u0627\u0644\u062c\u0645\u0627\u0644 \u0641\u064a \u0627\u0644\u0645\u063a\u0631\u0628","description":"\u0646\u0628\u064a\u0639 \u0641\u064a\u062a\u0627\u0645\u064a\u0646\u0627\u062a \u0648\u0645\u0643\u0645\u0644\u0627\u062a \u063a\u0630\u0627\u0626\u064a\u0629 \u0641\u0627\u062e\u0631\u0629 \u0645\u0646 \u0627\u0644\u0648\u0644\u0627\u064a\u0627\u062a \u0627\u0644\u0645\u062a\u062d\u062f\u0629 \u0627\u0644\u0623\u0645\u0631\u064a\u0643\u064a\u0629 \u0648\u0643\u0646\u062f\u0627 \u0648\u0646\u064a\u0648\u0632\u064a\u0644\u0646\u062f\u0627 \u0648\u0627\u0644\u0645\u063a\u0631\u0628 (\u0646\u0627\u0648 \u0641\u0648\u062f\u0632\u060c \u0633\u0648\u0644\u062c\u0627\u0631\u060c \u0645\u0627\u0646\u0648\u0643\u0627). \u062a\u0648\u0635\u064a\u0644 \u0633\u0631\u064a\u0639 \u0625\u0644\u0649 \u062c\u0645\u064a\u0639 \u0623\u0646\u062d\u0627\u0621 \u0627\u0644\u0645\u063a\u0631\u0628.","publisher":{"@id":"https:\/\/vitablanca.ma\/#organization"},"alternateName":"VitaBlanca.ma","potentialAction":[{"@type":"SearchAction","target":{"@type":"EntryPoint","urlTemplate":"https:\/\/vitablanca.ma\/?s={search_term_string}"},"query-input":{"@type":"PropertyValueSpecification","valueRequired":true,"valueName":"search_term_string"}}],"inLanguage":"ar"},{"@type":"Organization","@id":"https:\/\/vitablanca.ma\/#organization","name":"\u0641\u064a\u062a\u0627\u0628\u0644\u0627\u0646\u0643\u0627","url":"https:\/\/vitablanca.ma\/","logo":{"@type":"ImageObject","inLanguage":"ar","@id":"https:\/\/vitablanca.ma\/#\/schema\/logo\/image\/","url":"https:\/\/vitablanca.ma\/wp-content\/uploads\/2025\/05\/cropped-vitablanca.png","contentUrl":"https:\/\/vitablanca.ma\/wp-content\/uploads\/2025\/05\/cropped-vitablanca.png","width":360,"height":67,"caption":"VitaBlanca"},"image":{"@id":"https:\/\/vitablanca.ma\/#\/schema\/logo\/image\/"},"sameAs":["https:\/\/www.facebook.com\/profile.php?id=61576678196717","https:\/\/www.tiktok.com\/@vitablanca.ma","https:\/\/www.instagram.com\/vitablanca.ma\/"]}]}},"jetpack_sharing_enabled":true,"_links":{"self":[{"href":"https:\/\/vitablanca.ma\/ar\/wp-json\/wp\/v2\/product\/21856","targetHints":{"allow":["GET"]}}],"collection":[{"href":"https:\/\/vitablanca.ma\/ar\/wp-json\/wp\/v2\/product"}],"about":[{"href":"https:\/\/vitablanca.ma\/ar\/wp-json\/wp\/v2\/types\/product"}],"wp:featuredmedia":[{"embeddable":true,"href":"https:\/\/vitablanca.ma\/ar\/wp-json\/wp\/v2\/media\/21854"}],"wp:attachment":[{"href":"https:\/\/vitablanca.ma\/ar\/wp-json\/wp\/v2\/media?parent=21856"}],"wp:term":[{"taxonomy":"product_brand","embeddable":true,"href":"https:\/\/vitablanca.ma\/ar\/wp-json\/wp\/v2\/product_brand?post=21856"},{"taxonomy":"product_cat","embeddable":true,"href":"https:\/\/vitablanca.ma\/ar\/wp-json\/wp\/v2\/product_cat?post=21856"},{"taxonomy":"product_tag","embeddable":true,"href":"https:\/\/vitablanca.ma\/ar\/wp-json\/wp\/v2\/product_tag?post=21856"}],"curies":[{"name":"wp","href":"https:\/\/api.w.org\/{rel}","templated":true}]}}