{"id":21772,"date":"2025-06-11T21:30:19","date_gmt":"2025-06-11T21:30:19","guid":{"rendered":"https:\/\/vitablanca.ma\/product\/roge-cavailles-baume-a-levres-gourmand-soin-protecteur-5-5ml\/"},"modified":"2025-06-11T21:30:19","modified_gmt":"2025-06-11T21:30:19","slug":"roge-cavailles-baume-a-levres-gourmand-soin-protecteur-5-5ml","status":"publish","type":"product","link":"https:\/\/vitablanca.ma\/ar\/product-2\/roge-cavailles-baume-a-levres-gourmand-soin-protecteur-5-5ml\/","title":{"rendered":"ROGE CAVAILLES BAUME A LEVRES GOURMAND SOIN PROTECTEUR 5.5ML"},"content":{"rendered":"<h2>ROGE CAVAILLES BAUME A LEVRES GOURMAND SOIN PROTECTEUR 5.5ML<\/h2>\n<p>\u2022 Pour les L\u00c8VRES S\u00c8CHES : contenant du surgras v\u00e9g\u00e9tal pro-r\u00e9g\u00e9n\u00e9rant\u00ae et du beurre de karit\u00e9 bio, notre formule aide \u00e0 r\u00e9parer les l\u00e8vres et \u00e0 pr\u00e9server le processus naturel de r\u00e9g\u00e9n\u00e9ration de la peau.<\/p>\n<p>\u2022 Un moment de BIEN-\u00caTRE gr\u00e2ce \u00e0 sa texture fondante et son parfum d\u00e9licat.<\/p>\n<p>\u2022 Un geste pour la PLAN\u00c8TE avec son stick 100% en plastique recyclable.<\/p>\n<p>97% d\u2019ingr\u00e9dients d\u2019origine naturelle \u2013 Vegan* \u2013 Test\u00e9 dermatologiquement *formul\u00e9 sans ingr\u00e9dient d\u2019origine animale<\/p>\n<ul>\n<li><strong>97% Origine naturelle<\/strong><\/li>\n<li><strong>Surgras pro-r\u00e9g\u00e9n\u00e9rant<\/strong><\/li>\n<li><strong>100% de plastique recyclable<\/strong><\/li>\n<\/ul>\n<p>\u00a0<\/p>\n<p><span><strong>\u0637\u0631\u064a\u0642\u0629 \u0627\u0644\u0627\u0633\u062a\u062e\u062f\u0627\u0645<\/strong><\/span><\/p>\n<p>Appliquez le Baume L\u00e8vres Protecteur sur vos l\u00e8vres aussi souvent que n\u00e9\u00e9essaire.\u00a0<\/p>\n<p>Vos l\u00e8vres sont apais\u00e9es et retrouvent leur confort gr\u00e2ce \u00e0 sa texture fondante et son parfum d\u00e9licat.<\/p>\n<p>\u00a0<\/p>\n<p><span><strong>\u0645\u0643\u0648\u0646\u0627\u062a<\/strong><\/span><\/p>\n<p>RICINUS COMMUNIS SEED OIL, EUPHORBIA CERIFERA CERA, SIMMONDSIA CHINENSIS SEED OIL, CANOLA OIL,HYDROGENATED COCO-GLYCERIDES, BIS-DIGLYCERYL POLYACYLADIPATE-2, GLYCERYL OLEATE, BUTYROSPERMUM PARKII BUTTER, PRUNUS AMYGDALUS DULCIS OIL, TOCOPHEROL, HELIANTHUS ANNUUS SEED OIL,\u00a0<\/p>","protected":false},"excerpt":{"rendered":"<p>ROGE CAVAILLES BAUME A LEVRES GOURMAND SOIN PROTECTEUR 5.5ML \u2022 Pour les L\u00c8VRES S\u00c8CHES : contenant du surgras v\u00e9g\u00e9tal pro-r\u00e9g\u00e9n\u00e9rant\u00ae et du beurre de karit\u00e9 bio, notre formule aide \u00e0 r\u00e9parer les l\u00e8vres et \u00e0 pr\u00e9server le processus naturel de r\u00e9g\u00e9n\u00e9ration de la peau. \u2022 Un moment de BIEN-\u00caTRE gr\u00e2ce \u00e0 sa texture fondante et [&hellip;]<\/p>\n","protected":false},"featured_media":21770,"template":"","meta":{"om_disable_all_campaigns":false},"product_brand":[],"product_cat":[15],"product_tag":[],"class_list":{"0":"post-21772","1":"product","2":"type-product","3":"status-publish","4":"has-post-thumbnail","6":"product_cat-beaute-sante-complements-alimentaires-soins-et-bien-etre-au-meilleur-prix","8":"first","9":"instock","10":"taxable","11":"shipping-taxable","12":"purchasable","13":"product-type-simple"},"yoast_head":"<!-- This site is optimized with the Yoast SEO plugin v27.3 - https:\/\/yoast.com\/product\/yoast-seo-wordpress\/ -->\n<title>ROGE CAVAILLES BAUME A LEVRES GOURMAND SOIN PROTECTEUR 5.5ML - Maroc Prix<\/title>\n<meta name=\"description\" content=\"ROGE CAVAILLES BAUME A LEVRES GOURMAND SOIN PROTECTEUR 5.5ML\" \/>\n<meta name=\"robots\" content=\"index, follow, max-snippet:-1, max-image-preview:large, max-video-preview:-1\" \/>\n<link rel=\"canonical\" href=\"https:\/\/vitablanca.ma\/ar\/product-2\/roge-cavailles-baume-a-levres-gourmand-soin-protecteur-5-5ml\/\" \/>\n<meta property=\"og:locale\" content=\"ar_AR\" \/>\n<meta property=\"og:type\" content=\"article\" \/>\n<meta property=\"og:title\" content=\"ROGE CAVAILLES BAUME A LEVRES GOURMAND SOIN PROTECTEUR 5.5ML - Maroc Prix\" \/>\n<meta property=\"og:description\" content=\"ROGE CAVAILLES BAUME A LEVRES GOURMAND SOIN PROTECTEUR 5.5ML\" \/>\n<meta property=\"og:url\" content=\"https:\/\/vitablanca.ma\/ar\/product-2\/roge-cavailles-baume-a-levres-gourmand-soin-protecteur-5-5ml\/\" \/>\n<meta property=\"og:site_name\" content=\"Vitablanca.ma &ndash; Sant&eacute;, vitalit&eacute; et bien-&ecirc;tre pour tous les Marocains\" \/>\n<meta property=\"article:publisher\" content=\"https:\/\/www.facebook.com\/profile.php?id=61576678196717\" \/>\n<meta property=\"og:image\" content=\"https:\/\/vitablanca.ma\/wp-content\/uploads\/2025\/06\/roge-cavailles-baume-a-levres-gourmand-soin-protecteur-55ml-Nova-para-prix-Maroc.png\" \/>\n\t<meta property=\"og:image:width\" content=\"800\" \/>\n\t<meta property=\"og:image:height\" content=\"800\" \/>\n\t<meta property=\"og:image:type\" content=\"image\/png\" \/>\n<meta name=\"twitter:card\" content=\"summary_large_image\" \/>\n<meta name=\"twitter:label1\" content=\"\u0648\u0642\u062a \u0627\u0644\u0642\u0631\u0627\u0621\u0629 \u0627\u0644\u0645\u064f\u0642\u062f\u0651\u0631\" \/>\n\t<meta name=\"twitter:data1\" content=\"\u062f\u0642\u064a\u0642\u0629 \u0648\u0627\u062d\u062f\u0629\" \/>\n<script type=\"application\/ld+json\" class=\"yoast-schema-graph\">{\"@context\":\"https:\\\/\\\/schema.org\",\"@graph\":[{\"@type\":[\"WebPage\",\"ItemPage\"],\"@id\":\"https:\\\/\\\/vitablanca.ma\\\/produit\\\/roge-cavailles-baume-a-levres-gourmand-soin-protecteur-5-5ml\\\/\",\"url\":\"https:\\\/\\\/vitablanca.ma\\\/produit\\\/roge-cavailles-baume-a-levres-gourmand-soin-protecteur-5-5ml\\\/\",\"name\":\"ROGE CAVAILLES BAUME A LEVRES GOURMAND SOIN PROTECTEUR 5.5ML - Maroc Prix\",\"isPartOf\":{\"@id\":\"https:\\\/\\\/vitablanca.ma\\\/#website\"},\"primaryImageOfPage\":{\"@id\":\"https:\\\/\\\/vitablanca.ma\\\/produit\\\/roge-cavailles-baume-a-levres-gourmand-soin-protecteur-5-5ml\\\/#primaryimage\"},\"image\":{\"@id\":\"https:\\\/\\\/vitablanca.ma\\\/produit\\\/roge-cavailles-baume-a-levres-gourmand-soin-protecteur-5-5ml\\\/#primaryimage\"},\"thumbnailUrl\":\"https:\\\/\\\/vitablanca.ma\\\/wp-content\\\/uploads\\\/2025\\\/06\\\/roge-cavailles-baume-a-levres-gourmand-soin-protecteur-55ml-Nova-para-prix-Maroc.png\",\"datePublished\":\"2025-06-11T21:30:19+00:00\",\"description\":\"ROGE CAVAILLES BAUME A LEVRES GOURMAND SOIN PROTECTEUR 5.5ML\",\"breadcrumb\":{\"@id\":\"https:\\\/\\\/vitablanca.ma\\\/produit\\\/roge-cavailles-baume-a-levres-gourmand-soin-protecteur-5-5ml\\\/#breadcrumb\"},\"inLanguage\":\"ar\",\"potentialAction\":[{\"@type\":\"ReadAction\",\"target\":[\"https:\\\/\\\/vitablanca.ma\\\/produit\\\/roge-cavailles-baume-a-levres-gourmand-soin-protecteur-5-5ml\\\/\"]}]},{\"@type\":\"ImageObject\",\"inLanguage\":\"ar\",\"@id\":\"https:\\\/\\\/vitablanca.ma\\\/produit\\\/roge-cavailles-baume-a-levres-gourmand-soin-protecteur-5-5ml\\\/#primaryimage\",\"url\":\"https:\\\/\\\/vitablanca.ma\\\/wp-content\\\/uploads\\\/2025\\\/06\\\/roge-cavailles-baume-a-levres-gourmand-soin-protecteur-55ml-Nova-para-prix-Maroc.png\",\"contentUrl\":\"https:\\\/\\\/vitablanca.ma\\\/wp-content\\\/uploads\\\/2025\\\/06\\\/roge-cavailles-baume-a-levres-gourmand-soin-protecteur-55ml-Nova-para-prix-Maroc.png\",\"width\":800,\"height\":800},{\"@type\":\"BreadcrumbList\",\"@id\":\"https:\\\/\\\/vitablanca.ma\\\/produit\\\/roge-cavailles-baume-a-levres-gourmand-soin-protecteur-5-5ml\\\/#breadcrumb\",\"itemListElement\":[{\"@type\":\"ListItem\",\"position\":1,\"name\":\"Home\",\"item\":\"https:\\\/\\\/vitablanca.ma\\\/\"},{\"@type\":\"ListItem\",\"position\":2,\"name\":\"Tous Les Produits\",\"item\":\"https:\\\/\\\/vitablanca.ma\\\/tous-les-produits\\\/\"},{\"@type\":\"ListItem\",\"position\":3,\"name\":\"ROGE CAVAILLES BAUME A LEVRES GOURMAND SOIN PROTECTEUR 5.5ML\"}]},{\"@type\":\"WebSite\",\"@id\":\"https:\\\/\\\/vitablanca.ma\\\/#website\",\"url\":\"https:\\\/\\\/vitablanca.ma\\\/\",\"name\":\"VitaBlanca.ma | Compl\u00e9ments alimentaires, sant\u00e9 & beaut\u00e9 au Maroc\",\"description\":\"vendre vitamines et compl\u00e9ments premium des USA &amp; Canada, Nouvelle Z\u00e9lande,Maroc (NOW Foods, Solgar, Manuka). Livraison rapide partout au Maroc.\",\"publisher\":{\"@id\":\"https:\\\/\\\/vitablanca.ma\\\/#organization\"},\"alternateName\":\"VitaBlanca.ma\",\"potentialAction\":[{\"@type\":\"SearchAction\",\"target\":{\"@type\":\"EntryPoint\",\"urlTemplate\":\"https:\\\/\\\/vitablanca.ma\\\/?s={search_term_string}\"},\"query-input\":{\"@type\":\"PropertyValueSpecification\",\"valueRequired\":true,\"valueName\":\"search_term_string\"}}],\"inLanguage\":\"ar\"},{\"@type\":\"Organization\",\"@id\":\"https:\\\/\\\/vitablanca.ma\\\/#organization\",\"name\":\"VitaBlanca\",\"url\":\"https:\\\/\\\/vitablanca.ma\\\/\",\"logo\":{\"@type\":\"ImageObject\",\"inLanguage\":\"ar\",\"@id\":\"https:\\\/\\\/vitablanca.ma\\\/#\\\/schema\\\/logo\\\/image\\\/\",\"url\":\"https:\\\/\\\/vitablanca.ma\\\/wp-content\\\/uploads\\\/2025\\\/05\\\/cropped-vitablanca.png\",\"contentUrl\":\"https:\\\/\\\/vitablanca.ma\\\/wp-content\\\/uploads\\\/2025\\\/05\\\/cropped-vitablanca.png\",\"width\":360,\"height\":67,\"caption\":\"VitaBlanca\"},\"image\":{\"@id\":\"https:\\\/\\\/vitablanca.ma\\\/#\\\/schema\\\/logo\\\/image\\\/\"},\"sameAs\":[\"https:\\\/\\\/www.facebook.com\\\/profile.php?id=61576678196717\",\"https:\\\/\\\/www.tiktok.com\\\/@vitablanca.ma\",\"https:\\\/\\\/www.instagram.com\\\/vitablanca.ma\\\/\"]}]}<\/script>\n<!-- \/ Yoast SEO plugin. -->","yoast_head_json":{"title":"ROGE CAVAILLES BAUME A LEVRES GOURMAND SOIN PROTECTEUR 5.5ML - Maroc Prix","description":"ROGE CAVAILLES BAUME A LEVRES GOURMAND SOIN PROTECTEUR 5.5ML","robots":{"index":"index","follow":"follow","max-snippet":"max-snippet:-1","max-image-preview":"max-image-preview:large","max-video-preview":"max-video-preview:-1"},"canonical":"https:\/\/vitablanca.ma\/ar\/product-2\/roge-cavailles-baume-a-levres-gourmand-soin-protecteur-5-5ml\/","og_locale":"ar_AR","og_type":"article","og_title":"ROGE CAVAILLES BAUME A LEVRES GOURMAND SOIN PROTECTEUR 5.5ML - Maroc Prix","og_description":"ROGE CAVAILLES BAUME A LEVRES GOURMAND SOIN PROTECTEUR 5.5ML","og_url":"https:\/\/vitablanca.ma\/ar\/product-2\/roge-cavailles-baume-a-levres-gourmand-soin-protecteur-5-5ml\/","og_site_name":"Vitablanca.ma &ndash; Sant&eacute;, vitalit&eacute; et bien-&ecirc;tre pour tous les Marocains","article_publisher":"https:\/\/www.facebook.com\/profile.php?id=61576678196717","og_image":[{"width":800,"height":800,"url":"https:\/\/vitablanca.ma\/wp-content\/uploads\/2025\/06\/roge-cavailles-baume-a-levres-gourmand-soin-protecteur-55ml-Nova-para-prix-Maroc.png","type":"image\/png"}],"twitter_card":"summary_large_image","twitter_misc":{"\u0648\u0642\u062a \u0627\u0644\u0642\u0631\u0627\u0621\u0629 \u0627\u0644\u0645\u064f\u0642\u062f\u0651\u0631":"\u062f\u0642\u064a\u0642\u0629 \u0648\u0627\u062d\u062f\u0629"},"schema":{"@context":"https:\/\/schema.org","@graph":[{"@type":["WebPage","ItemPage"],"@id":"https:\/\/vitablanca.ma\/produit\/roge-cavailles-baume-a-levres-gourmand-soin-protecteur-5-5ml\/","url":"https:\/\/vitablanca.ma\/produit\/roge-cavailles-baume-a-levres-gourmand-soin-protecteur-5-5ml\/","name":"ROGE CAVAILLES BAUME A LEVRES GOURMAND SOIN PROTECTEUR 5.5ML - Maroc Prix","isPartOf":{"@id":"https:\/\/vitablanca.ma\/#website"},"primaryImageOfPage":{"@id":"https:\/\/vitablanca.ma\/produit\/roge-cavailles-baume-a-levres-gourmand-soin-protecteur-5-5ml\/#primaryimage"},"image":{"@id":"https:\/\/vitablanca.ma\/produit\/roge-cavailles-baume-a-levres-gourmand-soin-protecteur-5-5ml\/#primaryimage"},"thumbnailUrl":"https:\/\/vitablanca.ma\/wp-content\/uploads\/2025\/06\/roge-cavailles-baume-a-levres-gourmand-soin-protecteur-55ml-Nova-para-prix-Maroc.png","datePublished":"2025-06-11T21:30:19+00:00","description":"ROGE CAVAILLES BAUME A LEVRES GOURMAND SOIN PROTECTEUR 5.5ML","breadcrumb":{"@id":"https:\/\/vitablanca.ma\/produit\/roge-cavailles-baume-a-levres-gourmand-soin-protecteur-5-5ml\/#breadcrumb"},"inLanguage":"ar","potentialAction":[{"@type":"ReadAction","target":["https:\/\/vitablanca.ma\/produit\/roge-cavailles-baume-a-levres-gourmand-soin-protecteur-5-5ml\/"]}]},{"@type":"ImageObject","inLanguage":"ar","@id":"https:\/\/vitablanca.ma\/produit\/roge-cavailles-baume-a-levres-gourmand-soin-protecteur-5-5ml\/#primaryimage","url":"https:\/\/vitablanca.ma\/wp-content\/uploads\/2025\/06\/roge-cavailles-baume-a-levres-gourmand-soin-protecteur-55ml-Nova-para-prix-Maroc.png","contentUrl":"https:\/\/vitablanca.ma\/wp-content\/uploads\/2025\/06\/roge-cavailles-baume-a-levres-gourmand-soin-protecteur-55ml-Nova-para-prix-Maroc.png","width":800,"height":800},{"@type":"BreadcrumbList","@id":"https:\/\/vitablanca.ma\/produit\/roge-cavailles-baume-a-levres-gourmand-soin-protecteur-5-5ml\/#breadcrumb","itemListElement":[{"@type":"ListItem","position":1,"name":"Home","item":"https:\/\/vitablanca.ma\/"},{"@type":"ListItem","position":2,"name":"Tous Les Produits","item":"https:\/\/vitablanca.ma\/tous-les-produits\/"},{"@type":"ListItem","position":3,"name":"ROGE CAVAILLES BAUME A LEVRES GOURMAND SOIN PROTECTEUR 5.5ML"}]},{"@type":"WebSite","@id":"https:\/\/vitablanca.ma\/#website","url":"https:\/\/vitablanca.ma\/","name":"VitaBlanca.ma | \u0627\u0644\u0645\u0643\u0645\u0644\u0627\u062a \u0627\u0644\u063a\u0630\u0627\u0626\u064a\u0629\u060c \u0627\u0644\u0635\u062d\u0629 \u0648\u0627\u0644\u062c\u0645\u0627\u0644 \u0641\u064a \u0627\u0644\u0645\u063a\u0631\u0628","description":"\u0646\u0628\u064a\u0639 \u0641\u064a\u062a\u0627\u0645\u064a\u0646\u0627\u062a \u0648\u0645\u0643\u0645\u0644\u0627\u062a \u063a\u0630\u0627\u0626\u064a\u0629 \u0641\u0627\u062e\u0631\u0629 \u0645\u0646 \u0627\u0644\u0648\u0644\u0627\u064a\u0627\u062a \u0627\u0644\u0645\u062a\u062d\u062f\u0629 \u0627\u0644\u0623\u0645\u0631\u064a\u0643\u064a\u0629 \u0648\u0643\u0646\u062f\u0627 \u0648\u0646\u064a\u0648\u0632\u064a\u0644\u0646\u062f\u0627 \u0648\u0627\u0644\u0645\u063a\u0631\u0628 (\u0646\u0627\u0648 \u0641\u0648\u062f\u0632\u060c \u0633\u0648\u0644\u062c\u0627\u0631\u060c \u0645\u0627\u0646\u0648\u0643\u0627). \u062a\u0648\u0635\u064a\u0644 \u0633\u0631\u064a\u0639 \u0625\u0644\u0649 \u062c\u0645\u064a\u0639 \u0623\u0646\u062d\u0627\u0621 \u0627\u0644\u0645\u063a\u0631\u0628.","publisher":{"@id":"https:\/\/vitablanca.ma\/#organization"},"alternateName":"VitaBlanca.ma","potentialAction":[{"@type":"SearchAction","target":{"@type":"EntryPoint","urlTemplate":"https:\/\/vitablanca.ma\/?s={search_term_string}"},"query-input":{"@type":"PropertyValueSpecification","valueRequired":true,"valueName":"search_term_string"}}],"inLanguage":"ar"},{"@type":"Organization","@id":"https:\/\/vitablanca.ma\/#organization","name":"\u0641\u064a\u062a\u0627\u0628\u0644\u0627\u0646\u0643\u0627","url":"https:\/\/vitablanca.ma\/","logo":{"@type":"ImageObject","inLanguage":"ar","@id":"https:\/\/vitablanca.ma\/#\/schema\/logo\/image\/","url":"https:\/\/vitablanca.ma\/wp-content\/uploads\/2025\/05\/cropped-vitablanca.png","contentUrl":"https:\/\/vitablanca.ma\/wp-content\/uploads\/2025\/05\/cropped-vitablanca.png","width":360,"height":67,"caption":"VitaBlanca"},"image":{"@id":"https:\/\/vitablanca.ma\/#\/schema\/logo\/image\/"},"sameAs":["https:\/\/www.facebook.com\/profile.php?id=61576678196717","https:\/\/www.tiktok.com\/@vitablanca.ma","https:\/\/www.instagram.com\/vitablanca.ma\/"]}]}},"jetpack_sharing_enabled":true,"_links":{"self":[{"href":"https:\/\/vitablanca.ma\/ar\/wp-json\/wp\/v2\/product\/21772","targetHints":{"allow":["GET"]}}],"collection":[{"href":"https:\/\/vitablanca.ma\/ar\/wp-json\/wp\/v2\/product"}],"about":[{"href":"https:\/\/vitablanca.ma\/ar\/wp-json\/wp\/v2\/types\/product"}],"wp:featuredmedia":[{"embeddable":true,"href":"https:\/\/vitablanca.ma\/ar\/wp-json\/wp\/v2\/media\/21770"}],"wp:attachment":[{"href":"https:\/\/vitablanca.ma\/ar\/wp-json\/wp\/v2\/media?parent=21772"}],"wp:term":[{"taxonomy":"product_brand","embeddable":true,"href":"https:\/\/vitablanca.ma\/ar\/wp-json\/wp\/v2\/product_brand?post=21772"},{"taxonomy":"product_cat","embeddable":true,"href":"https:\/\/vitablanca.ma\/ar\/wp-json\/wp\/v2\/product_cat?post=21772"},{"taxonomy":"product_tag","embeddable":true,"href":"https:\/\/vitablanca.ma\/ar\/wp-json\/wp\/v2\/product_tag?post=21772"}],"curies":[{"name":"wp","href":"https:\/\/api.w.org\/{rel}","templated":true}]}}