{"id":21748,"date":"2025-06-11T21:29:53","date_gmt":"2025-06-11T21:29:53","guid":{"rendered":"https:\/\/vitablanca.ma\/product\/svr-sensifine-aqua-gel-40ml\/"},"modified":"2026-02-08T22:49:16","modified_gmt":"2026-02-08T22:49:16","slug":"svr-sensifine-aqua-gel-40ml","status":"publish","type":"product","link":"https:\/\/vitablanca.ma\/ar\/product-2\/svr-sensifine-aqua-gel-40ml\/","title":{"rendered":"SVR SENSIFINE Aqua-Gel 40ml"},"content":{"rendered":"<h2>SVR SENSIFINE Aqua-Gel\u00a0<span data-mce-fragment=\"1\">Soin d\u00e9salt\u00e9rant apaisant.<\/span><\/h2>\n<p><span data-mce-fragment=\"1\">Gel minimaliste formul\u00e9 avec uniquement 8 ingr\u00e9dients et 97% d\u2019ingr\u00e9dients d\u2019origine naturelle.<br \/>\n40\u0645\u0644.<\/span><\/p>\n<div class=\"product__main\">\n<div class=\"product__sidebar product__sidebar--is-sticky\">\n<div class=\"inner-wrapper-sticky\">\n<div class=\"product__variants\">\n<div class=\"product__prices\" data-price-wrapper=\"\"><\/div>\n<\/div>\n<div class=\"product__actions\"><\/div>\n<\/div>\n<\/div>\n<\/div>\n<div class=\"product__content\">\n<div class=\"product__tab expanded\" data-drawer-container=\"\">\n<h3 class=\"product__tab-header\">\u0644\u0645\u0646\u061f \u0644\u0645\u0627\u0630\u0627\u061f<\/h3>\n<div class=\"product__tab-content\" data-drawer-content=\"\">\n<p>Pour toutes les peaux sensibles, poly-allergiques normales \u00e0 mixtes. Visage.<\/p>\n<p>Associer tol\u00e9rance, efficacit\u00e9 et plaisir, challenge relev\u00e9 pour ce nouveau soin Sensifine. Ce gel minimaliste a \u00e9t\u00e9 formul\u00e9 avec uniquement 8 ingr\u00e9dients et 97% d\u2019ingr\u00e9dients d\u2019origine naturelle, tous s\u00e9lectionn\u00e9s et choisis minutieusement pour apaiser instantan\u00e9ment et hydrater intens\u00e9ment ces peaux fragiles. Sa texture gel ultra fraiche enrichie en aloe vera gorge la peau d\u2019eau, confort et hydratation 12h assur\u00e9e. Un soin qui r\u00e9conforte les peaux hypersensibles, mais qui prend aussi soin de la plan\u00e8te avec un packaging all\u00e9g\u00e9 en plastique.<\/p>\n<p><strong>Une texture mixte que la gente masculine va aussi adorer\u00a0!<\/strong><\/p>\n<ul>\n<li>R\u00e9duit de\u00a0<strong>70%<\/strong>\u00a0les inconforts cutan\u00e9es en 1 application\u00a0<sup>(1)<\/sup><\/li>\n<li>La peau est intens\u00e9ment hydrat\u00e9e :\u00a0<strong>90%<\/strong>\u00a0<sup>(2)<\/sup><\/li>\n<li>Le produit offre une sensation de fraicheur imm\u00e9diate :\u00a0<strong>95%<\/strong>\u00a0<sup>(2)<\/sup><\/li>\n<\/ul>\n<\/div>\n<\/div>\n<div class=\"product__tab expanded\" data-drawer-container=\"\">\n<h3 class=\"product__tab-header\">\u0643\u064a\u0641 \u064a\u0639\u0645\u0644\u061f<\/h3>\n<div class=\"product__tab-content\" data-drawer-content=\"\">\n<p>SENSIFINE Aqua-Gel c\u2019est une association de\u00a0<strong>Panth\u00e9nol<\/strong>\u00a0\u0648\u0645\u0646\u00a0<strong>30% de gel d\u2019Aloe Vera<\/strong>\u00a0pour une efficacit\u00e9 apaisante et hydratante renforc\u00e9e, sans mettre de c\u00f4t\u00e9 la tol\u00e9rance et la naturalit\u00e9. Et on n\u2019oublie pas le plaisir gr\u00e2ce \u00e0 une texture ultra-sensorielle.<\/p>\n<p>Une formule ultra-minimaliste avec seulement\u00a0<strong>8 ingr\u00e9dients essentiels.<\/strong><\/p>\n<p>Compos\u00e9e de\u00a0<strong>97% d\u2019ingr\u00e9dients d\u2019origine naturelle<\/strong>.<\/p>\n<p>En toute transparence\u00a0:<\/p>\n<ul>\n<li><strong>\u0645\u064a\u0627\u0647 \u0646\u0642\u064a\u0629<\/strong>\u00a0: D\u00e9salt\u00e8re la peau<\/li>\n<li><strong>\u0627\u0644\u062c\u0644\u0633\u0631\u064a\u0646\u00a0<\/strong>: Emollient v\u00e9g\u00e9tal, hydrate imm\u00e9diatement<\/li>\n<li><strong>1,2 Hexanediol\u00a0<\/strong>: Humectant, favorise le confort cutan\u00e9<\/li>\n<li><strong>Aloe Vera<\/strong>\u00a0: Son jus d\u2019origine naturelle apaise, hydrate<\/li>\n<li><strong>Panthenol\u00a0<\/strong>: Actif de r\u00e9f\u00e9rence, apaise et maintient la barri\u00e8re<\/li>\n<li><strong>Acrylate<\/strong>\u00a0: g\u00e9lifiant pour une texture fraiche<\/li>\n<li><strong>Caprylic Glycol<\/strong>\u00a0: Humectant apporte douceur, souplesse<\/li>\n<li><strong>Sodium Hydroxide<\/strong>\u00a0: Ajusteur de pH pour respecter la peau<\/li>\n<\/ul>\n<p>\u0641\u0639\u0627\u0644\u064a\u0629 \u0645\u062b\u0628\u062a\u0629 \u062a\u062d\u062a \u0625\u0634\u0631\u0627\u0641 \u0623\u0637\u0628\u0627\u0621 \u0627\u0644\u062c\u0644\u062f\u064a\u0629 \u0639\u0644\u0649 \u0627\u0644\u0628\u0634\u0631\u0629 \u0634\u062f\u064a\u062f\u0629 \u0627\u0644\u062d\u0633\u0627\u0633\u064a\u0629 \u0648\u0627\u0644\u0645\u062a\u0639\u062f\u062f\u0629 \u0627\u0644\u062d\u0633\u0627\u0633\u064a\u0629. \u062e\u0627\u0644\u064d \u0645\u0646 \u0627\u0644\u0639\u0637\u0648\u0631. \u062f\u0631\u062c\u0629 \u062d\u0645\u0648\u0636\u0629 \u0641\u0633\u064a\u0648\u0644\u0648\u062c\u064a\u0629. \u0645\u0636\u0627\u062f \u0644\u0644\u062d\u0633\u0627\u0633\u064a\u0629. \u0644\u0627 \u064a\u064f\u0633\u0628\u0628 \u0627\u0646\u0633\u062f\u0627\u062f \u0627\u0644\u0645\u0633\u0627\u0645.<\/p>\n<\/div>\n<\/div>\n<div class=\"product__tab expanded\" data-drawer-container=\"\">\n<h3 class=\"product__tab-header\">\u0643\u064a\u0641\u064a\u0629 \u0627\u0633\u062a\u062e\u062f\u0627\u0645\u0647\u061f<\/h3>\n<div class=\"product__tab-content\" data-drawer-content=\"\">\n<p>\u064a\u062a\u0645 \u062a\u0637\u0628\u064a\u0642\u0647 \u0635\u0628\u0627\u062d\u064b\u0627 \u0648\u0645\u0633\u0627\u0621\u064b \u0639\u0644\u0649 \u0643\u0627\u0645\u0644 \u0627\u0644\u0648\u062c\u0647 \u0648\u0627\u0644\u0631\u0642\u0628\u0629\u060c \u0639\u0644\u0649 \u0628\u0634\u0631\u0629 \u0646\u0638\u064a\u0641\u0629 \u0648\u062c\u0627\u0641\u0629.<\/p>\n<p>Excellente base de maquillage.<\/p>\n<\/div>\n<\/div>\n<\/div>","protected":false},"excerpt":{"rendered":"<p>SVR SENSIFINE Aqua-Gel\u00a0Soin d\u00e9salt\u00e9rant apaisant. Gel minimaliste formul\u00e9 avec uniquement 8 ingr\u00e9dients et 97% d\u2019ingr\u00e9dients d\u2019origine naturelle. 40ml. Pour qui ? Pour quoi ? Pour toutes les peaux sensibles, poly-allergiques normales \u00e0 mixtes. Visage. Associer tol\u00e9rance, efficacit\u00e9 et plaisir, challenge relev\u00e9 pour ce nouveau soin Sensifine. Ce gel minimaliste a \u00e9t\u00e9 formul\u00e9 avec uniquement 8 [&hellip;]<\/p>\n","protected":false},"featured_media":21746,"template":"","meta":{"om_disable_all_campaigns":false},"product_brand":[5981],"product_cat":[18,15],"product_tag":[6322,8786,8787,8789,7451,270,5982,5983,6957,8788,6176,5984,8785,6230,5988,5987,5986,5985],"class_list":{"0":"post-21748","1":"product","2":"type-product","3":"status-publish","4":"has-post-thumbnail","6":"product_brand-svr-original-maroc-au-meilleur-prix","7":"product_cat-beaute-sante","8":"product_cat-beaute-sante-complements-alimentaires-soins-et-bien-etre-au-meilleur-prix","9":"product_tag-acide-hyaluronique","10":"product_tag-aqua-gel","11":"product_tag-gel-apaisant","12":"product_tag-gel-leger","13":"product_tag-hydratant-visage","14":"product_tag-hypoallergenique","15":"product_tag-laboratoire-svr","16":"product_tag-marque-dermatologique-francaise","17":"product_tag-parapharmacie","18":"product_tag-peau-reactive","19":"product_tag-peau-sensible","20":"product_tag-produits-svr-originaux","21":"product_tag-sensifine","22":"product_tag-soin-quotidien","23":"product_tag-sun-secure-svr","24":"product_tag-svr","25":"product_tag-svr-laboratoire-dermatologique","26":"product_tag-svr-maroc","28":"first","29":"instock","30":"sale","31":"taxable","32":"shipping-taxable","33":"purchasable","34":"product-type-simple"},"yoast_head":"<!-- This site is optimized with the Yoast SEO plugin v27.4 - https:\/\/yoast.com\/product\/yoast-seo-wordpress\/ -->\n<title>SVR SENSIFINE Aqua-Gel 40ml - Maroc Prix<\/title>\n<meta name=\"description\" content=\"SVR Sensifine Aqua-Gel 40ml hydrate et apaise les peaux sensibles et r\u00e9actives avec une texture gel l\u00e9g\u00e8re pour un confort et une douceur quotidienne.\" \/>\n<meta name=\"robots\" content=\"index, follow, max-snippet:-1, max-image-preview:large, max-video-preview:-1\" \/>\n<link rel=\"canonical\" href=\"https:\/\/vitablanca.ma\/ar\/product-2\/svr-sensifine-aqua-gel-40ml\/\" \/>\n<meta property=\"og:locale\" content=\"ar_AR\" \/>\n<meta property=\"og:type\" content=\"article\" \/>\n<meta property=\"og:title\" content=\"SVR SENSIFINE Aqua-Gel 40ml - Maroc Prix\" \/>\n<meta property=\"og:description\" content=\"SVR Sensifine Aqua-Gel 40ml hydrate et apaise les peaux sensibles et r\u00e9actives avec une texture gel l\u00e9g\u00e8re pour un confort et une douceur quotidienne.\" \/>\n<meta property=\"og:url\" content=\"https:\/\/vitablanca.ma\/ar\/product-2\/svr-sensifine-aqua-gel-40ml\/\" \/>\n<meta property=\"og:site_name\" content=\"Vitablanca.ma &ndash; Sant&eacute;, vitalit&eacute; et bien-&ecirc;tre pour tous les Marocains\" \/>\n<meta property=\"article:publisher\" content=\"https:\/\/www.facebook.com\/profile.php?id=61576678196717\" \/>\n<meta property=\"article:modified_time\" content=\"2026-02-08T22:49:16+00:00\" \/>\n<meta property=\"og:image\" content=\"https:\/\/vitablanca.ma\/wp-content\/uploads\/2025\/06\/SVR-SENSIFINE-Aqua-Gel-40ml-nova-parapharmacie-casablanca.jpg\" \/>\n\t<meta property=\"og:image:width\" content=\"1000\" \/>\n\t<meta property=\"og:image:height\" content=\"1000\" \/>\n\t<meta property=\"og:image:type\" content=\"image\/jpeg\" \/>\n<meta name=\"twitter:card\" content=\"summary_large_image\" \/>\n<meta name=\"twitter:label1\" content=\"\u0648\u0642\u062a \u0627\u0644\u0642\u0631\u0627\u0621\u0629 \u0627\u0644\u0645\u064f\u0642\u062f\u0651\u0631\" \/>\n\t<meta name=\"twitter:data1\" content=\"\u062f\u0642\u064a\u0642\u062a\u0627\u0646\" \/>\n<script type=\"application\/ld+json\" class=\"yoast-schema-graph\">{\"@context\":\"https:\\\/\\\/schema.org\",\"@graph\":[{\"@type\":[\"WebPage\",\"ItemPage\"],\"@id\":\"https:\\\/\\\/vitablanca.ma\\\/produit\\\/svr-sensifine-aqua-gel-40ml\\\/\",\"url\":\"https:\\\/\\\/vitablanca.ma\\\/produit\\\/svr-sensifine-aqua-gel-40ml\\\/\",\"name\":\"SVR SENSIFINE Aqua-Gel 40ml - Maroc Prix\",\"isPartOf\":{\"@id\":\"https:\\\/\\\/vitablanca.ma\\\/#website\"},\"primaryImageOfPage\":{\"@id\":\"https:\\\/\\\/vitablanca.ma\\\/produit\\\/svr-sensifine-aqua-gel-40ml\\\/#primaryimage\"},\"image\":{\"@id\":\"https:\\\/\\\/vitablanca.ma\\\/produit\\\/svr-sensifine-aqua-gel-40ml\\\/#primaryimage\"},\"thumbnailUrl\":\"https:\\\/\\\/vitablanca.ma\\\/wp-content\\\/uploads\\\/2025\\\/06\\\/SVR-SENSIFINE-Aqua-Gel-40ml-nova-parapharmacie-casablanca.jpg\",\"datePublished\":\"2025-06-11T21:29:53+00:00\",\"dateModified\":\"2026-02-08T22:49:16+00:00\",\"description\":\"SVR Sensifine Aqua-Gel 40ml hydrate et apaise les peaux sensibles et r\u00e9actives avec une texture gel l\u00e9g\u00e8re pour un confort et une douceur quotidienne.\",\"breadcrumb\":{\"@id\":\"https:\\\/\\\/vitablanca.ma\\\/produit\\\/svr-sensifine-aqua-gel-40ml\\\/#breadcrumb\"},\"inLanguage\":\"ar\",\"potentialAction\":[{\"@type\":\"ReadAction\",\"target\":[\"https:\\\/\\\/vitablanca.ma\\\/produit\\\/svr-sensifine-aqua-gel-40ml\\\/\"]}]},{\"@type\":\"ImageObject\",\"inLanguage\":\"ar\",\"@id\":\"https:\\\/\\\/vitablanca.ma\\\/produit\\\/svr-sensifine-aqua-gel-40ml\\\/#primaryimage\",\"url\":\"https:\\\/\\\/vitablanca.ma\\\/wp-content\\\/uploads\\\/2025\\\/06\\\/SVR-SENSIFINE-Aqua-Gel-40ml-nova-parapharmacie-casablanca.jpg\",\"contentUrl\":\"https:\\\/\\\/vitablanca.ma\\\/wp-content\\\/uploads\\\/2025\\\/06\\\/SVR-SENSIFINE-Aqua-Gel-40ml-nova-parapharmacie-casablanca.jpg\",\"width\":1000,\"height\":1000},{\"@type\":\"BreadcrumbList\",\"@id\":\"https:\\\/\\\/vitablanca.ma\\\/produit\\\/svr-sensifine-aqua-gel-40ml\\\/#breadcrumb\",\"itemListElement\":[{\"@type\":\"ListItem\",\"position\":1,\"name\":\"Home\",\"item\":\"https:\\\/\\\/vitablanca.ma\\\/\"},{\"@type\":\"ListItem\",\"position\":2,\"name\":\"Tous Les Produits\",\"item\":\"https:\\\/\\\/vitablanca.ma\\\/tous-les-produits\\\/\"},{\"@type\":\"ListItem\",\"position\":3,\"name\":\"SVR SENSIFINE Aqua-Gel 40ml\"}]},{\"@type\":\"WebSite\",\"@id\":\"https:\\\/\\\/vitablanca.ma\\\/#website\",\"url\":\"https:\\\/\\\/vitablanca.ma\\\/\",\"name\":\"VitaBlanca.ma | Compl\u00e9ments alimentaires, sant\u00e9 & beaut\u00e9 au Maroc\",\"description\":\"vendre vitamines et compl\u00e9ments premium des USA &amp; Canada, Nouvelle Z\u00e9lande,Maroc (NOW Foods, Solgar, Manuka). Livraison rapide partout au Maroc.\",\"publisher\":{\"@id\":\"https:\\\/\\\/vitablanca.ma\\\/#organization\"},\"alternateName\":\"VitaBlanca.ma\",\"potentialAction\":[{\"@type\":\"SearchAction\",\"target\":{\"@type\":\"EntryPoint\",\"urlTemplate\":\"https:\\\/\\\/vitablanca.ma\\\/?s={search_term_string}\"},\"query-input\":{\"@type\":\"PropertyValueSpecification\",\"valueRequired\":true,\"valueName\":\"search_term_string\"}}],\"inLanguage\":\"ar\"},{\"@type\":\"Organization\",\"@id\":\"https:\\\/\\\/vitablanca.ma\\\/#organization\",\"name\":\"VitaBlanca\",\"url\":\"https:\\\/\\\/vitablanca.ma\\\/\",\"logo\":{\"@type\":\"ImageObject\",\"inLanguage\":\"ar\",\"@id\":\"https:\\\/\\\/vitablanca.ma\\\/#\\\/schema\\\/logo\\\/image\\\/\",\"url\":\"https:\\\/\\\/vitablanca.ma\\\/wp-content\\\/uploads\\\/2025\\\/05\\\/cropped-vitablanca.png\",\"contentUrl\":\"https:\\\/\\\/vitablanca.ma\\\/wp-content\\\/uploads\\\/2025\\\/05\\\/cropped-vitablanca.png\",\"width\":360,\"height\":67,\"caption\":\"VitaBlanca\"},\"image\":{\"@id\":\"https:\\\/\\\/vitablanca.ma\\\/#\\\/schema\\\/logo\\\/image\\\/\"},\"sameAs\":[\"https:\\\/\\\/www.facebook.com\\\/profile.php?id=61576678196717\",\"https:\\\/\\\/www.tiktok.com\\\/@vitablanca.ma\",\"https:\\\/\\\/www.instagram.com\\\/vitablanca.ma\\\/\"]}]}<\/script>\n<!-- \/ Yoast SEO plugin. -->","yoast_head_json":{"title":"SVR SENSIFINE Aqua-Gel 40ml - Maroc Prix","description":"SVR Sensifine Aqua-Gel 40ml hydrate et apaise les peaux sensibles et r\u00e9actives avec une texture gel l\u00e9g\u00e8re pour un confort et une douceur quotidienne.","robots":{"index":"index","follow":"follow","max-snippet":"max-snippet:-1","max-image-preview":"max-image-preview:large","max-video-preview":"max-video-preview:-1"},"canonical":"https:\/\/vitablanca.ma\/ar\/product-2\/svr-sensifine-aqua-gel-40ml\/","og_locale":"ar_AR","og_type":"article","og_title":"SVR SENSIFINE Aqua-Gel 40ml - Maroc Prix","og_description":"SVR Sensifine Aqua-Gel 40ml hydrate et apaise les peaux sensibles et r\u00e9actives avec une texture gel l\u00e9g\u00e8re pour un confort et une douceur quotidienne.","og_url":"https:\/\/vitablanca.ma\/ar\/product-2\/svr-sensifine-aqua-gel-40ml\/","og_site_name":"Vitablanca.ma &ndash; Sant&eacute;, vitalit&eacute; et bien-&ecirc;tre pour tous les Marocains","article_publisher":"https:\/\/www.facebook.com\/profile.php?id=61576678196717","article_modified_time":"2026-02-08T22:49:16+00:00","og_image":[{"width":1000,"height":1000,"url":"https:\/\/vitablanca.ma\/wp-content\/uploads\/2025\/06\/SVR-SENSIFINE-Aqua-Gel-40ml-nova-parapharmacie-casablanca.jpg","type":"image\/jpeg"}],"twitter_card":"summary_large_image","twitter_misc":{"\u0648\u0642\u062a \u0627\u0644\u0642\u0631\u0627\u0621\u0629 \u0627\u0644\u0645\u064f\u0642\u062f\u0651\u0631":"\u062f\u0642\u064a\u0642\u062a\u0627\u0646"},"schema":{"@context":"https:\/\/schema.org","@graph":[{"@type":["WebPage","ItemPage"],"@id":"https:\/\/vitablanca.ma\/produit\/svr-sensifine-aqua-gel-40ml\/","url":"https:\/\/vitablanca.ma\/produit\/svr-sensifine-aqua-gel-40ml\/","name":"SVR SENSIFINE Aqua-Gel 40ml - Maroc Prix","isPartOf":{"@id":"https:\/\/vitablanca.ma\/#website"},"primaryImageOfPage":{"@id":"https:\/\/vitablanca.ma\/produit\/svr-sensifine-aqua-gel-40ml\/#primaryimage"},"image":{"@id":"https:\/\/vitablanca.ma\/produit\/svr-sensifine-aqua-gel-40ml\/#primaryimage"},"thumbnailUrl":"https:\/\/vitablanca.ma\/wp-content\/uploads\/2025\/06\/SVR-SENSIFINE-Aqua-Gel-40ml-nova-parapharmacie-casablanca.jpg","datePublished":"2025-06-11T21:29:53+00:00","dateModified":"2026-02-08T22:49:16+00:00","description":"SVR Sensifine Aqua-Gel 40ml hydrate et apaise les peaux sensibles et r\u00e9actives avec une texture gel l\u00e9g\u00e8re pour un confort et une douceur quotidienne.","breadcrumb":{"@id":"https:\/\/vitablanca.ma\/produit\/svr-sensifine-aqua-gel-40ml\/#breadcrumb"},"inLanguage":"ar","potentialAction":[{"@type":"ReadAction","target":["https:\/\/vitablanca.ma\/produit\/svr-sensifine-aqua-gel-40ml\/"]}]},{"@type":"ImageObject","inLanguage":"ar","@id":"https:\/\/vitablanca.ma\/produit\/svr-sensifine-aqua-gel-40ml\/#primaryimage","url":"https:\/\/vitablanca.ma\/wp-content\/uploads\/2025\/06\/SVR-SENSIFINE-Aqua-Gel-40ml-nova-parapharmacie-casablanca.jpg","contentUrl":"https:\/\/vitablanca.ma\/wp-content\/uploads\/2025\/06\/SVR-SENSIFINE-Aqua-Gel-40ml-nova-parapharmacie-casablanca.jpg","width":1000,"height":1000},{"@type":"BreadcrumbList","@id":"https:\/\/vitablanca.ma\/produit\/svr-sensifine-aqua-gel-40ml\/#breadcrumb","itemListElement":[{"@type":"ListItem","position":1,"name":"Home","item":"https:\/\/vitablanca.ma\/"},{"@type":"ListItem","position":2,"name":"Tous Les Produits","item":"https:\/\/vitablanca.ma\/tous-les-produits\/"},{"@type":"ListItem","position":3,"name":"SVR SENSIFINE Aqua-Gel 40ml"}]},{"@type":"WebSite","@id":"https:\/\/vitablanca.ma\/#website","url":"https:\/\/vitablanca.ma\/","name":"VitaBlanca.ma | \u0627\u0644\u0645\u0643\u0645\u0644\u0627\u062a \u0627\u0644\u063a\u0630\u0627\u0626\u064a\u0629\u060c \u0627\u0644\u0635\u062d\u0629 \u0648\u0627\u0644\u062c\u0645\u0627\u0644 \u0641\u064a \u0627\u0644\u0645\u063a\u0631\u0628","description":"\u0646\u0628\u064a\u0639 \u0641\u064a\u062a\u0627\u0645\u064a\u0646\u0627\u062a \u0648\u0645\u0643\u0645\u0644\u0627\u062a \u063a\u0630\u0627\u0626\u064a\u0629 \u0641\u0627\u062e\u0631\u0629 \u0645\u0646 \u0627\u0644\u0648\u0644\u0627\u064a\u0627\u062a \u0627\u0644\u0645\u062a\u062d\u062f\u0629 \u0627\u0644\u0623\u0645\u0631\u064a\u0643\u064a\u0629 \u0648\u0643\u0646\u062f\u0627 \u0648\u0646\u064a\u0648\u0632\u064a\u0644\u0646\u062f\u0627 \u0648\u0627\u0644\u0645\u063a\u0631\u0628 (\u0646\u0627\u0648 \u0641\u0648\u062f\u0632\u060c \u0633\u0648\u0644\u062c\u0627\u0631\u060c \u0645\u0627\u0646\u0648\u0643\u0627). \u062a\u0648\u0635\u064a\u0644 \u0633\u0631\u064a\u0639 \u0625\u0644\u0649 \u062c\u0645\u064a\u0639 \u0623\u0646\u062d\u0627\u0621 \u0627\u0644\u0645\u063a\u0631\u0628.","publisher":{"@id":"https:\/\/vitablanca.ma\/#organization"},"alternateName":"VitaBlanca.ma","potentialAction":[{"@type":"SearchAction","target":{"@type":"EntryPoint","urlTemplate":"https:\/\/vitablanca.ma\/?s={search_term_string}"},"query-input":{"@type":"PropertyValueSpecification","valueRequired":true,"valueName":"search_term_string"}}],"inLanguage":"ar"},{"@type":"Organization","@id":"https:\/\/vitablanca.ma\/#organization","name":"\u0641\u064a\u062a\u0627\u0628\u0644\u0627\u0646\u0643\u0627","url":"https:\/\/vitablanca.ma\/","logo":{"@type":"ImageObject","inLanguage":"ar","@id":"https:\/\/vitablanca.ma\/#\/schema\/logo\/image\/","url":"https:\/\/vitablanca.ma\/wp-content\/uploads\/2025\/05\/cropped-vitablanca.png","contentUrl":"https:\/\/vitablanca.ma\/wp-content\/uploads\/2025\/05\/cropped-vitablanca.png","width":360,"height":67,"caption":"VitaBlanca"},"image":{"@id":"https:\/\/vitablanca.ma\/#\/schema\/logo\/image\/"},"sameAs":["https:\/\/www.facebook.com\/profile.php?id=61576678196717","https:\/\/www.tiktok.com\/@vitablanca.ma","https:\/\/www.instagram.com\/vitablanca.ma\/"]}]}},"jetpack_sharing_enabled":true,"_links":{"self":[{"href":"https:\/\/vitablanca.ma\/ar\/wp-json\/wp\/v2\/product\/21748","targetHints":{"allow":["GET"]}}],"collection":[{"href":"https:\/\/vitablanca.ma\/ar\/wp-json\/wp\/v2\/product"}],"about":[{"href":"https:\/\/vitablanca.ma\/ar\/wp-json\/wp\/v2\/types\/product"}],"wp:featuredmedia":[{"embeddable":true,"href":"https:\/\/vitablanca.ma\/ar\/wp-json\/wp\/v2\/media\/21746"}],"wp:attachment":[{"href":"https:\/\/vitablanca.ma\/ar\/wp-json\/wp\/v2\/media?parent=21748"}],"wp:term":[{"taxonomy":"product_brand","embeddable":true,"href":"https:\/\/vitablanca.ma\/ar\/wp-json\/wp\/v2\/product_brand?post=21748"},{"taxonomy":"product_cat","embeddable":true,"href":"https:\/\/vitablanca.ma\/ar\/wp-json\/wp\/v2\/product_cat?post=21748"},{"taxonomy":"product_tag","embeddable":true,"href":"https:\/\/vitablanca.ma\/ar\/wp-json\/wp\/v2\/product_tag?post=21748"}],"curies":[{"name":"wp","href":"https:\/\/api.w.org\/{rel}","templated":true}]}}