{"id":21719,"date":"2025-06-11T21:29:18","date_gmt":"2025-06-11T21:29:18","guid":{"rendered":"https:\/\/vitablanca.ma\/product\/svr-sun-secure-ecran-mineral-teinte-peaux-normales-a-mixtes-60g\/"},"modified":"2026-02-08T23:43:13","modified_gmt":"2026-02-08T23:43:13","slug":"svr-sun-secure-ecran-mineral-teinte-peaux-normales-a-mixtes-60g","status":"publish","type":"product","link":"https:\/\/vitablanca.ma\/ar\/product-2\/svr-sun-secure-ecran-mineral-teinte-peaux-normales-a-mixtes-60g\/","title":{"rendered":"\u0648\u0627\u0642\u064a \u0634\u0645\u0633 SVR SUN SECURE Tinted Mineral Screen \u0644\u0644\u0628\u0634\u0631\u0629 \u0627\u0644\u0639\u0627\u062f\u064a\u0629 \u0625\u0644\u0649 \u0627\u0644\u0645\u062e\u062a\u0644\u0637\u0629 60 \u062c\u0631\u0627\u0645"},"content":{"rendered":"<h2>\u0648\u0627\u0642\u064a \u0627\u0644\u0634\u0645\u0633 \u0627\u0644\u0645\u0639\u062f\u0646\u064a SVR SUN SECURE \u0645\u0644\u0648\u0646 \u0644\u0644\u0628\u0634\u0631\u0629 \u0627\u0644\u0639\u0627\u062f\u064a\u0629 \u0625\u0644\u0649 \u0627\u0644\u0645\u062e\u062a\u0644\u0637\u0629.<\/h2>\n<p>SUN SECURE Tinted Mineral Screen SPF50+ \u0647\u0648 \u0639\u0644\u0627\u062c \u064a\u062c\u0645\u0639 \u0628\u064a\u0646 \u0627\u0644\u062d\u0645\u0627\u064a\u0629 \u0627\u0644\u0645\u0639\u062f\u0646\u064a\u0629 \u0627\u0644\u0639\u0627\u0644\u064a\u0629 \u062c\u062f\u064b\u0627 SPF50+ 100% \u0648\u0627\u0644\u0645\u0643\u064a\u0627\u062c.<br \/>\n60 \u062c\u0631\u0627\u0645.<\/p>\n<div class=\"product__main\">\n<div class=\"product__sidebar product__sidebar--is-sticky\">\n<div class=\"inner-wrapper-sticky\">\n<div class=\"product__actions\"><\/div>\n<\/div>\n<\/div>\n<\/div>\n<div class=\"product__content\">\n<div class=\"product__tab expanded\" data-drawer-container=\"\">\n<h3 class=\"product__tab-header\">\u0644\u0645\u0646\u061f \u0644\u0645\u0627\u0630\u0627\u061f<\/h3>\n<div class=\"product__tab-content\" data-drawer-content=\"\">\n<p><strong>\u0627\u0644\u0623\u0634\u0639\u0629 \u0641\u0648\u0642 \u0627\u0644\u0628\u0646\u0641\u0633\u062c\u064a\u0629 \u0628 + \u0627\u0644\u0623\u0634\u0639\u0629 \u0641\u0648\u0642 \u0627\u0644\u0628\u0646\u0641\u0633\u062c\u064a\u0629 \u0623 + \u0627\u0644\u0645\u0631\u0626\u064a\u0629 + \u0627\u0644\u0623\u0634\u0639\u0629 \u062a\u062d\u062a \u0627\u0644\u062d\u0645\u0631\u0627\u0621<\/strong><\/p>\n<p>\u0648\u0627\u0642\u064a \u0627\u0644\u0634\u0645\u0633 \u0627\u0644\u0645\u0639\u062f\u0646\u064a \u0627\u0644\u0645\u0644\u0648\u0646 SUN SECURE SPF50+ \u0647\u0648 \u0639\u0644\u0627\u062c \u064a\u062c\u0645\u0639 \u0628\u064a\u0646 \u062d\u0645\u0627\u064a\u0629 \u0645\u0639\u062f\u0646\u064a\u0629 \u0639\u0627\u0644\u064a\u0629 \u062c\u062f\u064b\u0627 SPF50+ 100% \u0648\u0645\u0633\u062a\u062d\u0636\u0631\u0627\u062a \u0627\u0644\u062a\u062c\u0645\u064a\u0644. \u0645\u0646\u0627\u0633\u0628 \u0644\u0644\u0628\u0634\u0631\u0629 \u0627\u0644\u062d\u0633\u0627\u0633\u0629\u060c \u0648\u0643\u0630\u0644\u0643 \u0644\u0645\u0646 \u062a\u0631\u063a\u0628 \u0641\u064a \u0648\u0636\u0639 \u0627\u0644\u0645\u0643\u064a\u0627\u062c \u062a\u062d\u062a \u0623\u0634\u0639\u0629 \u0627\u0644\u0634\u0645\u0633 \u0637\u0648\u0627\u0644 \u0627\u0644\u0639\u0627\u0645. \u0628\u0641\u0636\u0644 \u062a\u063a\u0637\u064a\u062a\u0647 \u0627\u0644\u062c\u064a\u062f\u0629\u060c \u064a\u064f\u062e\u0641\u064a \u0639\u064a\u0648\u0628 \u0627\u0644\u0628\u0634\u0631\u0629\u060c \u0648\u064a\u064f\u0648\u062d\u062f \u0644\u0648\u0646 \u0627\u0644\u0628\u0634\u0631\u0629 \u0637\u0648\u0627\u0644 \u0627\u0644\u064a\u0648\u0645. \u0645\u062a\u0648\u0641\u0631 \u0628\u0646\u0648\u0639\u064a\u0646: \u0643\u0631\u064a\u0645 \u0645\u0644\u0645\u0633 \u062c\u0627\u0641 \u0644\u0644\u0628\u0634\u0631\u0629 \u0627\u0644\u0639\u0627\u062f\u064a\u0629 \u0625\u0644\u0649 \u0627\u0644\u0645\u062e\u062a\u0644\u0637\u0629\u060c \u0648\u0643\u0631\u064a\u0645 \u0645\u0631\u064a\u062d \u0644\u0644\u0628\u0634\u0631\u0629 \u0627\u0644\u062c\u0627\u0641\u0629 \u0625\u0644\u0649 \u0627\u0644\u062c\u0627\u0641\u0629 \u062c\u062f\u064b\u0627.<\/p>\n<p>\u0628\u0641\u0636\u0644 \u0644\u0648\u0646\u0647 \u0627\u0644\u0639\u0627\u0644\u0645\u064a\u060c \u064a\u0646\u0627\u0633\u0628 \u062c\u0645\u064a\u0639 \u0623\u0644\u0648\u0627\u0646 \u0627\u0644\u0628\u0634\u0631\u0629. \u0647\u0630\u0627 \u0627\u0644\u0639\u0644\u0627\u062c \u0645\u0642\u0627\u0648\u0645 \u0644\u0644\u0645\u0627\u0621 \u0648\u0627\u0644\u0639\u0631\u0642 \u0648\u0627\u0644\u0627\u062d\u062a\u0643\u0627\u0643 \u0644\u062d\u0645\u0627\u064a\u0629 \u0645\u062b\u0627\u0644\u064a\u0629.<\/p>\n<p><strong>\u0645\u0627 \u0647\u0648 \u0625\u064a\u062c\u0627\u0628\u064a\u0627\u062a\u0647\u061f<\/strong>\u00a0\u0648\u0627\u0642\u064a \u0627\u0644\u0634\u0645\u0633 \u0627\u0644\u0645\u0639\u062f\u0646\u064a \u0627\u0644\u0645\u0644\u0648\u0646 SUN SECURE SPF50+ \u0635\u062f\u064a\u0642 \u0644\u0644\u0628\u064a\u0626\u0629. \u0648\u0642\u062f \u0627\u062c\u062a\u0627\u0632 \u0627\u062e\u062a\u0628\u0627\u0631\u0627\u062a \u0627\u0644\u0633\u0645\u064a\u0629 \u0627\u0644\u0628\u064a\u0626\u064a\u0629 \u0639\u0644\u0649 \u0627\u0644\u0637\u062d\u0627\u0644\u0628 (ISO 10253) \u0648\u0627\u0644\u0644\u0627\u0641\u0642\u0627\u0631\u064a\u0627\u062a \u0627\u0644\u0645\u0627\u0626\u064a\u0629 (ISO 14669). \u064a\u0646\u062a\u0645\u064a \u0647\u0630\u0627\u0646 \u0627\u0644\u0646\u0648\u0639\u0627\u0646 \u0625\u0644\u0649 \u0641\u0635\u064a\u0644\u062a\u064a \u0627\u0644\u0639\u0648\u0627\u0644\u0642 \u0627\u0644\u062d\u064a\u0648\u0627\u0646\u064a\u0629 \u0648\u0627\u0644\u0646\u0628\u0627\u062a\u064a\u0629\u060c \u0648\u0647\u0645\u0627 \u0636\u0631\u0648\u0631\u064a\u0627\u0646 \u0644\u0646\u0645\u0648 \u0627\u0644\u0634\u0639\u0627\u0628 \u0627\u0644\u0645\u0631\u062c\u0627\u0646\u064a\u0629 \u0628\u0634\u0643\u0644 \u0635\u062d\u064a.<\/p>\n<p><strong>\u0641\u0639\u0627\u0644\u064a\u0629* \u0645\u062b\u0628\u062a\u0629 \u062a\u062d\u062a \u0625\u0634\u0631\u0627\u0641 \u0623\u0637\u0628\u0627\u0621 \u0627\u0644\u062c\u0644\u062f\u064a\u0629<\/strong><\/p>\n<ul>\n<li><strong>95%<\/strong>\u00a0\u062a\u063a\u0637\u064a\u0629 \u062c\u064a\u062f\u0629\u060c \u0645\u0642\u0627\u0648\u0645\u0629 \u0644\u0644\u0627\u062d\u062a\u0643\u0627\u0643\u060c \u0625\u062e\u0641\u0627\u0621 \u0627\u0644\u0639\u064a\u0648\u0628<\/li>\n<li><strong>90%<\/strong>\u00a0\u0644\u0627 \u064a\u062a\u0631\u0643 \u0627\u0644\u0628\u0634\u0631\u0629 \u0644\u0627\u0645\u0639\u0629<\/li>\n<li><strong>85%<\/strong>\u00a0\u0645\u062a\u0637\u0648\u0639\u0648\u0646 \u0645\u0642\u062a\u0646\u0639\u0648\u0646<\/li>\n<\/ul>\n<\/div>\n<\/div>\n<div class=\"product__tab expanded\" data-drawer-container=\"\">\n<h3 class=\"product__tab-header\">\u0643\u064a\u0641 \u064a\u0639\u0645\u0644\u061f<\/h3>\n<div class=\"product__tab-content\" data-drawer-content=\"\">\n<p>\u062a\u0631\u0643\u064a\u0628\u0629 \u062f\u0642\u064a\u0642\u0629 \u0645\u064f\u0635\u0645\u0645\u0629 \u062e\u0635\u064a\u0635\u0627\u064b \u0644\u0644\u0628\u0634\u0631\u0629 \u0634\u062f\u064a\u062f\u0629 \u0627\u0644\u062d\u0633\u0627\u0633\u064a\u0629 \u0644\u0623\u0634\u0639\u0629 \u0627\u0644\u0634\u0645\u0633. \u0641\u0639\u0627\u0644\u064a\u0629 \u0645\u062b\u0628\u062a\u0629 \u0645\u0646 \u0642\u0650\u0628\u064e\u0644 \u0623\u0637\u0628\u0627\u0621 \u0627\u0644\u062c\u0644\u062f\u064a\u0629 \u062f\u0648\u0646 \u0627\u0644\u0645\u0633\u0627\u0633 \u0628\u0645\u062a\u0639\u0629 \u0627\u0644\u0627\u0633\u062a\u062e\u062f\u0627\u0645. \u0645\u0636\u0627\u062f \u0644\u0644\u062d\u0633\u0627\u0633\u064a\u0629. \u062d\u0645\u0627\u064a\u0629 \u0645\u0639\u062f\u0646\u064a\u0629 100%. \u0644\u0627 \u064a\u064f\u0633\u0628\u0628 \u0627\u0646\u0633\u062f\u0627\u062f \u0627\u0644\u0645\u0633\u0627\u0645.<\/p>\n<p><strong>\u2022 \u062d\u0645\u0627\u064a\u0629 \u0639\u0627\u0644\u064a\u0629 \u062c\u062f\u064b\u0627 \u0645\u0646 \u0627\u0644\u0623\u0634\u0639\u0629 \u0641\u0648\u0642 \u0627\u0644\u0628\u0646\u0641\u0633\u062c\u064a\u0629 UVA \u0648UVB<\/strong>\u00a0\u0628\u0641\u0636\u0644 \u0645\u062c\u0645\u0648\u0639\u0629 \u0645\u0646 \u0627\u0644\u0645\u0631\u0634\u062d\u0627\u062a \u0627\u0644\u0645\u0639\u062f\u0646\u064a\u0629 \u0627\u0644\u0645\u0633\u062a\u0642\u0631\u0629 \u0644\u0644\u0636\u0648\u0621:<br \/>\n\u0623\u0643\u0633\u064a\u062f \u0627\u0644\u0632\u0646\u0643<br \/>\n\u062b\u0627\u0646\u064a \u0623\u0643\u0633\u064a\u062f \u0627\u0644\u062a\u064a\u062a\u0627\u0646\u064a\u0648\u0645<\/p>\n<\/div>\n<\/div>\n<div class=\"product__tab expanded\" data-drawer-container=\"\">\n<h3 class=\"product__tab-header\">\u0643\u064a\u0641\u064a\u0629 \u0627\u0633\u062a\u062e\u062f\u0627\u0645\u0647\u061f<\/h3>\n<div class=\"product__tab-content\" data-drawer-content=\"\">\n<p>\u064a\u064f\u0648\u0636\u0639 \u0635\u0628\u0627\u062d\u064b\u0627 \u0648\u0642\u0628\u0644 \u0643\u0644 \u062a\u0639\u0631\u0636 \u0644\u0644\u0634\u0645\u0633. \u064a\u064f\u0639\u0627\u062f \u0648\u0636\u0639\u0647 \u0628\u0627\u0646\u062a\u0638\u0627\u0645 \u0639\u0646\u062f \u0627\u0644\u062a\u0639\u0631\u0636 \u0627\u0644\u0637\u0648\u064a\u0644 \u0644\u0644\u0634\u0645\u0633.<\/p>\n<p>\u062a\u0630\u0643\u0631 \u0623\u0646 \u062a\u0642\u0648\u0645 \u0628\u0627\u0644\u0641\u0631\u0632 \u0639\u0646\u062f\u0645\u0627 \u064a\u0643\u0648\u0646 \u0645\u0646\u062a\u062c\u0643 \u062c\u0627\u0647\u0632\u064b\u0627:<br \/>\n\u2022 \u0627\u0644\u0623\u0646\u0628\u0648\u0628 100% \u0642\u0627\u0628\u0644 \u0644\u0625\u0639\u0627\u062f\u0629 \u0627\u0644\u062a\u062f\u0648\u064a\u0631 \u0648\u064a\u0645\u0643\u0646 \u0648\u0636\u0639\u0647 \u0641\u064a \u0633\u0644\u0629 \u0625\u0639\u0627\u062f\u0629 \u0627\u0644\u062a\u062f\u0648\u064a\u0631.<br \/>\n\u2022 \u064a\u0645\u0643\u0646 \u0641\u0643 \u0627\u0644\u0643\u0628\u0633\u0648\u0644\u0629\u060c \u0648\u0628\u0646\u0627\u0621\u064b \u0639\u0644\u0649 \u0627\u0644\u0628\u0644\u062f\u064a\u0629\u060c \u064a\u0645\u0643\u0646 \u0648\u0636\u0639\u0647\u0627 \u0641\u064a \u0633\u0644\u0629 \u0625\u0639\u0627\u062f\u0629 \u0627\u0644\u062a\u062f\u0648\u064a\u0631 \u0623\u0648 \u0644\u0627.<br \/>\n\u2022 \u0627\u0644\u062d\u0627\u0644\u0629 \u0641\u064a \u0633\u0644\u0629 \u0625\u0639\u0627\u062f\u0629 \u0627\u0644\u062a\u062f\u0648\u064a\u0631.<\/p>\n<\/div>\n<\/div>\n<\/div>","protected":false},"excerpt":{"rendered":"<p>SVR SUN SECURE \u00c9cran Min\u00e9ral Teint\u00e9 Peaux normales \u00e0 mixtes. SUN SECURE \u00c9cran Min\u00e9ral Teint\u00e9 SPF50+ est un soin qui allie tr\u00e8s haute protection SPF50+ 100% min\u00e9rale et maquillage. 60g. Pour qui ? Pour quoi ? UVB + UVA + VISIBLE + INFRAROUGES SUN SECURE \u00c9cran Min\u00e9ral Teint\u00e9 SPF50+ est un soin qui allie tr\u00e8s [&hellip;]<\/p>\n","protected":false},"featured_media":21718,"template":"","meta":{"om_disable_all_campaigns":false},"product_brand":[5981],"product_cat":[18,15],"product_tag":[5982,5983,5984,5988,5987,5986,5985],"class_list":{"0":"post-21719","1":"product","2":"type-product","3":"status-publish","4":"has-post-thumbnail","6":"product_brand-svr-original-maroc-au-meilleur-prix","7":"product_cat-beaute-sante","8":"product_cat-beaute-sante-complements-alimentaires-soins-et-bien-etre-au-meilleur-prix","9":"product_tag-laboratoire-svr","10":"product_tag-marque-dermatologique-francaise","11":"product_tag-produits-svr-originaux","12":"product_tag-sun-secure-svr","13":"product_tag-svr","14":"product_tag-svr-laboratoire-dermatologique","15":"product_tag-svr-maroc","17":"first","18":"instock","19":"sale","20":"taxable","21":"shipping-taxable","22":"purchasable","23":"product-type-simple"},"yoast_head":"<!-- This site is optimized with the Yoast SEO plugin v27.3 - https:\/\/yoast.com\/product\/yoast-seo-wordpress\/ -->\n<title>SVR SUN SECURE \u00c9cran Min\u00e9ral Teint\u00e9 Peaux s 60g - Maroc Prix<\/title>\n<meta name=\"description\" content=\"SVR Sun Secure \u00c9cran Min\u00e9ral Teint\u00e9 60g prot\u00e8ge les peaux normales \u00e0 mixtes contre les UVA\/UVB, unifie le teint et matifie la peau pour une protection .\" \/>\n<meta name=\"robots\" content=\"index, follow, max-snippet:-1, max-image-preview:large, max-video-preview:-1\" \/>\n<link rel=\"canonical\" href=\"https:\/\/vitablanca.ma\/ar\/product-2\/svr-sun-secure-ecran-mineral-teinte-peaux-normales-a-mixtes-60g\/\" \/>\n<meta property=\"og:locale\" content=\"ar_AR\" \/>\n<meta property=\"og:type\" content=\"article\" \/>\n<meta property=\"og:title\" content=\"SVR SUN SECURE \u00c9cran Min\u00e9ral Teint\u00e9 Peaux s 60g - Maroc Prix\" \/>\n<meta property=\"og:description\" content=\"SVR Sun Secure \u00c9cran Min\u00e9ral Teint\u00e9 60g prot\u00e8ge les peaux normales \u00e0 mixtes contre les UVA\/UVB, unifie le teint et matifie la peau pour une protection .\" \/>\n<meta property=\"og:url\" content=\"https:\/\/vitablanca.ma\/ar\/product-2\/svr-sun-secure-ecran-mineral-teinte-peaux-normales-a-mixtes-60g\/\" \/>\n<meta property=\"og:site_name\" content=\"Vitablanca.ma &ndash; Sant&eacute;, vitalit&eacute; et bien-&ecirc;tre pour tous les Marocains\" \/>\n<meta property=\"article:publisher\" content=\"https:\/\/www.facebook.com\/profile.php?id=61576678196717\" \/>\n<meta property=\"article:modified_time\" content=\"2026-02-08T23:43:13+00:00\" \/>\n<meta property=\"og:image\" content=\"https:\/\/vitablanca.ma\/wp-content\/uploads\/2025\/06\/SVR-SUN-SECURE-Ecran-Mineral-Teinte-Peaux-normales-a-mixtes-60g-nova-parapharmacie-casablanca.jpg\" \/>\n\t<meta property=\"og:image:width\" content=\"1000\" \/>\n\t<meta property=\"og:image:height\" content=\"1000\" \/>\n\t<meta property=\"og:image:type\" content=\"image\/jpeg\" \/>\n<meta name=\"twitter:card\" content=\"summary_large_image\" \/>\n<meta name=\"twitter:label1\" content=\"\u0648\u0642\u062a \u0627\u0644\u0642\u0631\u0627\u0621\u0629 \u0627\u0644\u0645\u064f\u0642\u062f\u0651\u0631\" \/>\n\t<meta name=\"twitter:data1\" content=\"\u062f\u0642\u064a\u0642\u062a\u0627\u0646\" \/>\n<script type=\"application\/ld+json\" class=\"yoast-schema-graph\">{\"@context\":\"https:\\\/\\\/schema.org\",\"@graph\":[{\"@type\":[\"WebPage\",\"ItemPage\"],\"@id\":\"https:\\\/\\\/vitablanca.ma\\\/produit\\\/svr-sun-secure-ecran-mineral-teinte-peaux-normales-a-mixtes-60g\\\/\",\"url\":\"https:\\\/\\\/vitablanca.ma\\\/produit\\\/svr-sun-secure-ecran-mineral-teinte-peaux-normales-a-mixtes-60g\\\/\",\"name\":\"SVR SUN SECURE \u00c9cran Min\u00e9ral Teint\u00e9 Peaux s 60g - Maroc Prix\",\"isPartOf\":{\"@id\":\"https:\\\/\\\/vitablanca.ma\\\/#website\"},\"primaryImageOfPage\":{\"@id\":\"https:\\\/\\\/vitablanca.ma\\\/produit\\\/svr-sun-secure-ecran-mineral-teinte-peaux-normales-a-mixtes-60g\\\/#primaryimage\"},\"image\":{\"@id\":\"https:\\\/\\\/vitablanca.ma\\\/produit\\\/svr-sun-secure-ecran-mineral-teinte-peaux-normales-a-mixtes-60g\\\/#primaryimage\"},\"thumbnailUrl\":\"https:\\\/\\\/vitablanca.ma\\\/wp-content\\\/uploads\\\/2025\\\/06\\\/SVR-SUN-SECURE-Ecran-Mineral-Teinte-Peaux-normales-a-mixtes-60g-nova-parapharmacie-casablanca.jpg\",\"datePublished\":\"2025-06-11T21:29:18+00:00\",\"dateModified\":\"2026-02-08T23:43:13+00:00\",\"description\":\"SVR Sun Secure \u00c9cran Min\u00e9ral Teint\u00e9 60g prot\u00e8ge les peaux normales \u00e0 mixtes contre les UVA\\\/UVB, unifie le teint et matifie la peau pour une protection .\",\"breadcrumb\":{\"@id\":\"https:\\\/\\\/vitablanca.ma\\\/produit\\\/svr-sun-secure-ecran-mineral-teinte-peaux-normales-a-mixtes-60g\\\/#breadcrumb\"},\"inLanguage\":\"ar\",\"potentialAction\":[{\"@type\":\"ReadAction\",\"target\":[\"https:\\\/\\\/vitablanca.ma\\\/produit\\\/svr-sun-secure-ecran-mineral-teinte-peaux-normales-a-mixtes-60g\\\/\"]}]},{\"@type\":\"ImageObject\",\"inLanguage\":\"ar\",\"@id\":\"https:\\\/\\\/vitablanca.ma\\\/produit\\\/svr-sun-secure-ecran-mineral-teinte-peaux-normales-a-mixtes-60g\\\/#primaryimage\",\"url\":\"https:\\\/\\\/vitablanca.ma\\\/wp-content\\\/uploads\\\/2025\\\/06\\\/SVR-SUN-SECURE-Ecran-Mineral-Teinte-Peaux-normales-a-mixtes-60g-nova-parapharmacie-casablanca.jpg\",\"contentUrl\":\"https:\\\/\\\/vitablanca.ma\\\/wp-content\\\/uploads\\\/2025\\\/06\\\/SVR-SUN-SECURE-Ecran-Mineral-Teinte-Peaux-normales-a-mixtes-60g-nova-parapharmacie-casablanca.jpg\",\"width\":1000,\"height\":1000},{\"@type\":\"BreadcrumbList\",\"@id\":\"https:\\\/\\\/vitablanca.ma\\\/produit\\\/svr-sun-secure-ecran-mineral-teinte-peaux-normales-a-mixtes-60g\\\/#breadcrumb\",\"itemListElement\":[{\"@type\":\"ListItem\",\"position\":1,\"name\":\"Home\",\"item\":\"https:\\\/\\\/vitablanca.ma\\\/\"},{\"@type\":\"ListItem\",\"position\":2,\"name\":\"Tous Les Produits\",\"item\":\"https:\\\/\\\/vitablanca.ma\\\/tous-les-produits\\\/\"},{\"@type\":\"ListItem\",\"position\":3,\"name\":\"SVR SUN SECURE \u00c9cran Min\u00e9ral Teint\u00e9 Peaux normales \u00e0 mixtes 60g\"}]},{\"@type\":\"WebSite\",\"@id\":\"https:\\\/\\\/vitablanca.ma\\\/#website\",\"url\":\"https:\\\/\\\/vitablanca.ma\\\/\",\"name\":\"VitaBlanca.ma | Compl\u00e9ments alimentaires, sant\u00e9 & beaut\u00e9 au Maroc\",\"description\":\"vendre vitamines et compl\u00e9ments premium des USA &amp; Canada, Nouvelle Z\u00e9lande,Maroc (NOW Foods, Solgar, Manuka). Livraison rapide partout au Maroc.\",\"publisher\":{\"@id\":\"https:\\\/\\\/vitablanca.ma\\\/#organization\"},\"alternateName\":\"VitaBlanca.ma\",\"potentialAction\":[{\"@type\":\"SearchAction\",\"target\":{\"@type\":\"EntryPoint\",\"urlTemplate\":\"https:\\\/\\\/vitablanca.ma\\\/?s={search_term_string}\"},\"query-input\":{\"@type\":\"PropertyValueSpecification\",\"valueRequired\":true,\"valueName\":\"search_term_string\"}}],\"inLanguage\":\"ar\"},{\"@type\":\"Organization\",\"@id\":\"https:\\\/\\\/vitablanca.ma\\\/#organization\",\"name\":\"VitaBlanca\",\"url\":\"https:\\\/\\\/vitablanca.ma\\\/\",\"logo\":{\"@type\":\"ImageObject\",\"inLanguage\":\"ar\",\"@id\":\"https:\\\/\\\/vitablanca.ma\\\/#\\\/schema\\\/logo\\\/image\\\/\",\"url\":\"https:\\\/\\\/vitablanca.ma\\\/wp-content\\\/uploads\\\/2025\\\/05\\\/cropped-vitablanca.png\",\"contentUrl\":\"https:\\\/\\\/vitablanca.ma\\\/wp-content\\\/uploads\\\/2025\\\/05\\\/cropped-vitablanca.png\",\"width\":360,\"height\":67,\"caption\":\"VitaBlanca\"},\"image\":{\"@id\":\"https:\\\/\\\/vitablanca.ma\\\/#\\\/schema\\\/logo\\\/image\\\/\"},\"sameAs\":[\"https:\\\/\\\/www.facebook.com\\\/profile.php?id=61576678196717\",\"https:\\\/\\\/www.tiktok.com\\\/@vitablanca.ma\",\"https:\\\/\\\/www.instagram.com\\\/vitablanca.ma\\\/\"]}]}<\/script>\n<!-- \/ Yoast SEO plugin. -->","yoast_head_json":{"title":"SVR SUN SECURE \u00c9cran Min\u00e9ral Teint\u00e9 Peaux s 60g - Maroc Prix","description":"SVR Sun Secure \u00c9cran Min\u00e9ral Teint\u00e9 60g prot\u00e8ge les peaux normales \u00e0 mixtes contre les UVA\/UVB, unifie le teint et matifie la peau pour une protection .","robots":{"index":"index","follow":"follow","max-snippet":"max-snippet:-1","max-image-preview":"max-image-preview:large","max-video-preview":"max-video-preview:-1"},"canonical":"https:\/\/vitablanca.ma\/ar\/product-2\/svr-sun-secure-ecran-mineral-teinte-peaux-normales-a-mixtes-60g\/","og_locale":"ar_AR","og_type":"article","og_title":"SVR SUN SECURE \u00c9cran Min\u00e9ral Teint\u00e9 Peaux s 60g - Maroc Prix","og_description":"SVR Sun Secure \u00c9cran Min\u00e9ral Teint\u00e9 60g prot\u00e8ge les peaux normales \u00e0 mixtes contre les UVA\/UVB, unifie le teint et matifie la peau pour une protection .","og_url":"https:\/\/vitablanca.ma\/ar\/product-2\/svr-sun-secure-ecran-mineral-teinte-peaux-normales-a-mixtes-60g\/","og_site_name":"Vitablanca.ma &ndash; Sant&eacute;, vitalit&eacute; et bien-&ecirc;tre pour tous les Marocains","article_publisher":"https:\/\/www.facebook.com\/profile.php?id=61576678196717","article_modified_time":"2026-02-08T23:43:13+00:00","og_image":[{"width":1000,"height":1000,"url":"https:\/\/vitablanca.ma\/wp-content\/uploads\/2025\/06\/SVR-SUN-SECURE-Ecran-Mineral-Teinte-Peaux-normales-a-mixtes-60g-nova-parapharmacie-casablanca.jpg","type":"image\/jpeg"}],"twitter_card":"summary_large_image","twitter_misc":{"\u0648\u0642\u062a \u0627\u0644\u0642\u0631\u0627\u0621\u0629 \u0627\u0644\u0645\u064f\u0642\u062f\u0651\u0631":"\u062f\u0642\u064a\u0642\u062a\u0627\u0646"},"schema":{"@context":"https:\/\/schema.org","@graph":[{"@type":["WebPage","ItemPage"],"@id":"https:\/\/vitablanca.ma\/produit\/svr-sun-secure-ecran-mineral-teinte-peaux-normales-a-mixtes-60g\/","url":"https:\/\/vitablanca.ma\/produit\/svr-sun-secure-ecran-mineral-teinte-peaux-normales-a-mixtes-60g\/","name":"SVR SUN SECURE \u00c9cran Min\u00e9ral Teint\u00e9 Peaux s 60g - Maroc Prix","isPartOf":{"@id":"https:\/\/vitablanca.ma\/#website"},"primaryImageOfPage":{"@id":"https:\/\/vitablanca.ma\/produit\/svr-sun-secure-ecran-mineral-teinte-peaux-normales-a-mixtes-60g\/#primaryimage"},"image":{"@id":"https:\/\/vitablanca.ma\/produit\/svr-sun-secure-ecran-mineral-teinte-peaux-normales-a-mixtes-60g\/#primaryimage"},"thumbnailUrl":"https:\/\/vitablanca.ma\/wp-content\/uploads\/2025\/06\/SVR-SUN-SECURE-Ecran-Mineral-Teinte-Peaux-normales-a-mixtes-60g-nova-parapharmacie-casablanca.jpg","datePublished":"2025-06-11T21:29:18+00:00","dateModified":"2026-02-08T23:43:13+00:00","description":"SVR Sun Secure \u00c9cran Min\u00e9ral Teint\u00e9 60g prot\u00e8ge les peaux normales \u00e0 mixtes contre les UVA\/UVB, unifie le teint et matifie la peau pour une protection .","breadcrumb":{"@id":"https:\/\/vitablanca.ma\/produit\/svr-sun-secure-ecran-mineral-teinte-peaux-normales-a-mixtes-60g\/#breadcrumb"},"inLanguage":"ar","potentialAction":[{"@type":"ReadAction","target":["https:\/\/vitablanca.ma\/produit\/svr-sun-secure-ecran-mineral-teinte-peaux-normales-a-mixtes-60g\/"]}]},{"@type":"ImageObject","inLanguage":"ar","@id":"https:\/\/vitablanca.ma\/produit\/svr-sun-secure-ecran-mineral-teinte-peaux-normales-a-mixtes-60g\/#primaryimage","url":"https:\/\/vitablanca.ma\/wp-content\/uploads\/2025\/06\/SVR-SUN-SECURE-Ecran-Mineral-Teinte-Peaux-normales-a-mixtes-60g-nova-parapharmacie-casablanca.jpg","contentUrl":"https:\/\/vitablanca.ma\/wp-content\/uploads\/2025\/06\/SVR-SUN-SECURE-Ecran-Mineral-Teinte-Peaux-normales-a-mixtes-60g-nova-parapharmacie-casablanca.jpg","width":1000,"height":1000},{"@type":"BreadcrumbList","@id":"https:\/\/vitablanca.ma\/produit\/svr-sun-secure-ecran-mineral-teinte-peaux-normales-a-mixtes-60g\/#breadcrumb","itemListElement":[{"@type":"ListItem","position":1,"name":"Home","item":"https:\/\/vitablanca.ma\/"},{"@type":"ListItem","position":2,"name":"Tous Les Produits","item":"https:\/\/vitablanca.ma\/tous-les-produits\/"},{"@type":"ListItem","position":3,"name":"SVR SUN SECURE \u00c9cran Min\u00e9ral Teint\u00e9 Peaux normales \u00e0 mixtes 60g"}]},{"@type":"WebSite","@id":"https:\/\/vitablanca.ma\/#website","url":"https:\/\/vitablanca.ma\/","name":"VitaBlanca.ma | \u0627\u0644\u0645\u0643\u0645\u0644\u0627\u062a \u0627\u0644\u063a\u0630\u0627\u0626\u064a\u0629\u060c \u0627\u0644\u0635\u062d\u0629 \u0648\u0627\u0644\u062c\u0645\u0627\u0644 \u0641\u064a \u0627\u0644\u0645\u063a\u0631\u0628","description":"\u0646\u0628\u064a\u0639 \u0641\u064a\u062a\u0627\u0645\u064a\u0646\u0627\u062a \u0648\u0645\u0643\u0645\u0644\u0627\u062a \u063a\u0630\u0627\u0626\u064a\u0629 \u0641\u0627\u062e\u0631\u0629 \u0645\u0646 \u0627\u0644\u0648\u0644\u0627\u064a\u0627\u062a \u0627\u0644\u0645\u062a\u062d\u062f\u0629 \u0627\u0644\u0623\u0645\u0631\u064a\u0643\u064a\u0629 \u0648\u0643\u0646\u062f\u0627 \u0648\u0646\u064a\u0648\u0632\u064a\u0644\u0646\u062f\u0627 \u0648\u0627\u0644\u0645\u063a\u0631\u0628 (\u0646\u0627\u0648 \u0641\u0648\u062f\u0632\u060c \u0633\u0648\u0644\u062c\u0627\u0631\u060c \u0645\u0627\u0646\u0648\u0643\u0627). \u062a\u0648\u0635\u064a\u0644 \u0633\u0631\u064a\u0639 \u0625\u0644\u0649 \u062c\u0645\u064a\u0639 \u0623\u0646\u062d\u0627\u0621 \u0627\u0644\u0645\u063a\u0631\u0628.","publisher":{"@id":"https:\/\/vitablanca.ma\/#organization"},"alternateName":"VitaBlanca.ma","potentialAction":[{"@type":"SearchAction","target":{"@type":"EntryPoint","urlTemplate":"https:\/\/vitablanca.ma\/?s={search_term_string}"},"query-input":{"@type":"PropertyValueSpecification","valueRequired":true,"valueName":"search_term_string"}}],"inLanguage":"ar"},{"@type":"Organization","@id":"https:\/\/vitablanca.ma\/#organization","name":"\u0641\u064a\u062a\u0627\u0628\u0644\u0627\u0646\u0643\u0627","url":"https:\/\/vitablanca.ma\/","logo":{"@type":"ImageObject","inLanguage":"ar","@id":"https:\/\/vitablanca.ma\/#\/schema\/logo\/image\/","url":"https:\/\/vitablanca.ma\/wp-content\/uploads\/2025\/05\/cropped-vitablanca.png","contentUrl":"https:\/\/vitablanca.ma\/wp-content\/uploads\/2025\/05\/cropped-vitablanca.png","width":360,"height":67,"caption":"VitaBlanca"},"image":{"@id":"https:\/\/vitablanca.ma\/#\/schema\/logo\/image\/"},"sameAs":["https:\/\/www.facebook.com\/profile.php?id=61576678196717","https:\/\/www.tiktok.com\/@vitablanca.ma","https:\/\/www.instagram.com\/vitablanca.ma\/"]}]}},"jetpack_sharing_enabled":true,"_links":{"self":[{"href":"https:\/\/vitablanca.ma\/ar\/wp-json\/wp\/v2\/product\/21719","targetHints":{"allow":["GET"]}}],"collection":[{"href":"https:\/\/vitablanca.ma\/ar\/wp-json\/wp\/v2\/product"}],"about":[{"href":"https:\/\/vitablanca.ma\/ar\/wp-json\/wp\/v2\/types\/product"}],"wp:featuredmedia":[{"embeddable":true,"href":"https:\/\/vitablanca.ma\/ar\/wp-json\/wp\/v2\/media\/21718"}],"wp:attachment":[{"href":"https:\/\/vitablanca.ma\/ar\/wp-json\/wp\/v2\/media?parent=21719"}],"wp:term":[{"taxonomy":"product_brand","embeddable":true,"href":"https:\/\/vitablanca.ma\/ar\/wp-json\/wp\/v2\/product_brand?post=21719"},{"taxonomy":"product_cat","embeddable":true,"href":"https:\/\/vitablanca.ma\/ar\/wp-json\/wp\/v2\/product_cat?post=21719"},{"taxonomy":"product_tag","embeddable":true,"href":"https:\/\/vitablanca.ma\/ar\/wp-json\/wp\/v2\/product_tag?post=21719"}],"curies":[{"name":"wp","href":"https:\/\/api.w.org\/{rel}","templated":true}]}}