{"id":21703,"date":"2025-06-11T21:28:59","date_gmt":"2025-06-11T21:28:59","guid":{"rendered":"https:\/\/vitablanca.ma\/product\/roge-cavailles-savon-surgras-extra-doux-lait-et-miel-250g\/"},"modified":"2026-02-09T00:20:22","modified_gmt":"2026-02-09T00:20:22","slug":"roge-cavailles-savon-surgras-extra-doux-lait-et-miel-250g","status":"publish","type":"product","link":"https:\/\/vitablanca.ma\/ar\/product-2\/roge-cavailles-savon-surgras-extra-doux-lait-et-miel-250g\/","title":{"rendered":"\u0631\u0648\u062c\u064a\u0647 \u0643\u0627\u0641\u064a\u0644\u0632 \u0635\u0627\u0628\u0648\u0646 \u0633\u0648\u0631\u062c\u0631\u0627\u0633 \u0627\u0644\u0644\u0637\u064a\u0641 \u0644\u0644\u063a\u0627\u064a\u0629 \u0628\u0627\u0644\u062d\u0644\u064a\u0628 \u0648\u0627\u0644\u0639\u0633\u0644 250 \u062c\u0631\u0627\u0645"},"content":{"rendered":"<h2 data-mce-fragment=\"1\">\u0635\u0627\u0628\u0648\u0646 \u0631\u0648\u062c\u064a\u0647 \u0643\u0627\u0641\u064a\u0644\u0633 \u0641\u0627\u0626\u0642 \u0627\u0644\u0644\u0637\u0641 \u0628\u0627\u0644\u062d\u0644\u064a\u0628 \u0648\u0627\u0644\u0639\u0633\u0644\u00a0<span data-mce-fragment=\"1\">\u0645\u062b\u0627\u0644\u064a \u0644\u0644\u0628\u0634\u0631\u0629 \u0627\u0644\u062d\u0633\u0627\u0633\u0629 \u0644\u062c\u0645\u064a\u0639 \u0623\u0641\u0631\u0627\u062f \u0627\u0644\u0623\u0633\u0631\u0629<\/span><\/h2>\n<p data-mce-fragment=\"1\">\u0635\u0627\u0628\u0648\u0646 \u0633\u0648\u0631\u062c\u0631\u0627\u0633\u060c \u0645\u0646\u062a\u062c\u064c \u0645\u0645\u064a\u0632 \u0645\u0646 \u0639\u0644\u0627\u0645\u0629 \u0631\u0648\u062c\u064a\u0647 \u0643\u0627\u0641\u0627\u064a\u064a\u0633\u060c \u064a\u064f\u062c\u0633\u0651\u062f \u0627\u0644\u0646\u0639\u0648\u0645\u0629 \u0648\u0627\u0644\u0645\u0631\u0648\u0646\u0629 \u064a\u0648\u0645\u064a\u064b\u0627. \u0645\u0639 \u0635\u0627\u0628\u0648\u0646 \u0633\u0648\u0631\u062c\u0631\u0627\u0633 \u0641\u0627\u0626\u0642 \u0627\u0644\u0646\u0639\u0648\u0645\u0629 \u0628\u0646\u0643\u0647\u0629 \u0627\u0644\u062d\u0644\u064a\u0628 \u0648\u0627\u0644\u0639\u0633\u0644\u060c \u0633\u062a\u0633\u062a\u0641\u064a\u062f \u0627\u0644\u0628\u0634\u0631\u0629 \u0627\u0644\u062d\u0633\u0627\u0633\u0629 \u0644\u062c\u0645\u064a\u0639 \u0623\u0641\u0631\u0627\u062f \u0627\u0644\u0639\u0627\u0626\u0644\u0629 \u0645\u0646 \u0641\u0648\u0627\u0626\u062f\u0647!<\/p>\n<p data-mce-fragment=\"1\">- \u0639\u0648\u0627\u0645\u0644 \u062a\u062c\u062f\u064a\u062f \u0627\u0644\u0628\u0634\u0631\u0629 \u0648\u0632\u064a\u062a \u0627\u0644\u0644\u0648\u0632 \u0627\u0644\u062d\u0644\u0648 \u0644\u062a\u0642\u0648\u064a\u0629 \u0627\u0644\u0637\u0628\u0642\u0629 \u0627\u0644\u062f\u0647\u0646\u064a\u0629 \u0644\u0644\u0628\u0634\u0631\u0629\u060c \u0648\u0647\u064a \u062d\u0627\u062c\u0632 \u0637\u0628\u064a\u0639\u064a \u0636\u062f \u0627\u0644\u0639\u0648\u0627\u0645\u0644 \u0627\u0644\u062e\u0627\u0631\u062c\u064a\u0629 \u0627\u0644\u0636\u0627\u0631\u0629<\/p>\n<p data-mce-fragment=\"1\">- \u0645\u0632\u064a\u062c \u0645\u0646 \u0627\u0644\u062e\u0635\u0627\u0626\u0635 \u0627\u0644\u0645\u063a\u0630\u064a\u0629 \u0648\u0627\u0644\u0645\u0646\u0639\u0645\u0629 \u0644\u0632\u064a\u062a \u0627\u0644\u0644\u0648\u0632 \u0627\u0644\u062d\u0644\u0648 \u0648\u0632\u064a\u062a \u0646\u0648\u0627\u0629 \u0627\u0644\u062e\u0648\u062e<\/p>\n<p data-mce-fragment=\"1\">-\u064a\u0648\u0641\u0631 \u0647\u0630\u0627 \u0627\u0644\u0635\u0627\u0628\u0648\u0646 \u0627\u0644\u0644\u0637\u064a\u0641 \u0644\u0644\u0628\u0634\u0631\u0629 \u0627\u0644\u0631\u0627\u062d\u0629 \u0648\u0627\u0644\u062a\u0631\u0637\u064a\u0628 \u0627\u0644\u0637\u0628\u064a\u0639\u064a \u0644\u0628\u0634\u0631\u062a\u0643<\/p>\n<div class=\"accordion collapse show\" data-mce-fragment=\"1\">\n<div class=\"accordion-header\" data-mce-fragment=\"1\">\n<h3 class=\"mb-0\" data-mce-fragment=\"1\">\u0637\u0631\u064a\u0642\u0629 \u0627\u0644\u0627\u0633\u062a\u062e\u062f\u0627\u0645<\/h3>\n<\/div>\n<div class=\"accordion-body\" data-mce-fragment=\"1\">\n<div class=\"wysiwyg\" data-mce-fragment=\"1\">\n<p data-mce-fragment=\"1\">\u0636\u0639\u064a \u0635\u0627\u0628\u0648\u0646 \u0633\u0648\u0631\u062c\u0631\u0627\u0633 \u0641\u0627\u0626\u0642 \u0627\u0644\u0646\u0639\u0648\u0645\u0629 \u0628\u0627\u0644\u062d\u0644\u064a\u0628 \u0648\u0627\u0644\u0639\u0633\u0644 \u0639\u0644\u0649 \u0628\u0634\u0631\u0629 \u0631\u0637\u0628\u0629. \u0627\u0634\u0637\u0641\u064a\u0647 \u0628\u0627\u0644\u0645\u0627\u0621 \u0627\u0644\u062f\u0627\u0641\u0626. \u0627\u0633\u062a\u0645\u062a\u0639\u064a \u0628\u0646\u0639\u0648\u0645\u0629 \u0641\u0627\u0626\u0642\u0629 \u064a\u0648\u0645\u064a\u064b\u0627 \u0639\u0644\u0649 \u0628\u0634\u0631\u0629 \u0627\u0644\u0648\u062c\u0647 \u0648\u0627\u0644\u062c\u0633\u0645 \u0644\u0644\u0623\u0637\u0641\u0627\u0644 \u0648\u0627\u0644\u0643\u0628\u0627\u0631.<\/p>\n<\/div>\n<\/div>\n<\/div>\n<div class=\"accordion collapse show\" data-mce-fragment=\"1\">\n<div class=\"accordion-header\" data-mce-fragment=\"1\">\n<h3 class=\"mb-0\" data-mce-fragment=\"1\">\u0645\u0643\u0648\u0646\u0627\u062a \u0627\u0644\u0645\u0646\u062a\u062c<\/h3>\n<\/div>\n<div class=\"accordion-body\" data-mce-fragment=\"1\">\n<div data-mce-fragment=\"1\">\n<p data-mce-fragment=\"1\">\u062a\u0627\u0644\u0648\u0627\u062a \u0627\u0644\u0635\u0648\u062f\u064a\u0648\u0645\u060c \u0643\u0648\u0643\u0648\u0627\u062a \u0627\u0644\u0635\u0648\u062f\u064a\u0648\u0645\u060c \u0645\u0627\u0621\u060c \u0644\u0627\u0646\u0648\u0644\u064a\u0646\u060c \u062c\u0644\u0633\u0631\u064a\u0646\u060c \u0639\u0637\u0631\u060c \u0632\u064a\u062a \u0627\u0644\u0644\u0648\u0632 \u0627\u0644\u062d\u0644\u0648\u060c \u0632\u064a\u062a \u0646\u0648\u0627\u0629 \u0627\u0644\u0628\u0631\u0642\u0648\u0642 \u0627\u0644\u0641\u0627\u0631\u0633\u064a\u060c \u062e\u0645\u0627\u0633\u064a \u0627\u0644\u0635\u0648\u062f\u064a\u0648\u0645\u060c EDTA \u0631\u0628\u0627\u0639\u064a \u0627\u0644\u0635\u0648\u062f\u064a\u0648\u0645\u060c \u0643\u0644\u0648\u0631\u064a\u062f \u0627\u0644\u0635\u0648\u062f\u064a\u0648\u0645\u060c \u063a\u064a\u0631 \u0642\u0627\u0628\u0644 \u0644\u0644\u062a\u0635\u0628\u0646<\/p>\n<\/div>\n<\/div>\n<\/div>","protected":false},"excerpt":{"rendered":"<p>Rog\u00e9 cavaill\u00e8s Savon Surgras Extra Doux Lait et Miel\u00a0Id\u00e9al pour les peaux sensibles de toute la famille Produit iconique de la marque Rog\u00e9 Cavaill\u00e8s, le Savon Surgras est synonyme de douceur et de souplesse au quotidien. Avec le Savon Surgras Extra-Doux Lait et Miel, ce sont les peaux sensibles de toute la famille qui b\u00e9n\u00e9ficient [&hellip;]<\/p>\n","protected":false},"featured_media":21700,"template":"","meta":{"om_disable_all_campaigns":false},"product_brand":[],"product_cat":[15],"product_tag":[8827,8829,8609,6957,4932,6176,8573,8826,8825,6230],"class_list":{"0":"post-21703","1":"product","2":"type-product","3":"status-publish","4":"has-post-thumbnail","6":"product_cat-beaute-sante-complements-alimentaires-soins-et-bien-etre-au-meilleur-prix","7":"product_tag-hygiene-peau-delicate","8":"product_tag-lait-et-miel","9":"product_tag-nettoyant-doux","10":"product_tag-parapharmacie","11":"product_tag-peau-seche","12":"product_tag-peau-sensible","13":"product_tag-roge-cavailles","14":"product_tag-savon-250g","15":"product_tag-savon-surgras-extra-doux","16":"product_tag-soin-quotidien","18":"first","19":"instock","20":"sale","21":"taxable","22":"shipping-taxable","23":"purchasable","24":"product-type-simple"},"yoast_head":"<!-- This site is optimized with the Yoast SEO plugin v27.5 - https:\/\/yoast.com\/product\/yoast-seo-wordpress\/ -->\n<title>Rog\u00e9 Cavaill\u00e8s Savon Surgras Extra Doux 250g - Maroc Prix<\/title>\n<meta name=\"description\" content=\"Rog\u00e9 Cavaill\u00e8s Savon Surgras Extra Doux Lait et Miel 250g nettoie, hydrate et nourrit les peaux sensibles tout en pr\u00e9servant leur film protecteur naturel.\" \/>\n<meta name=\"robots\" content=\"index, follow, max-snippet:-1, max-image-preview:large, max-video-preview:-1\" \/>\n<link rel=\"canonical\" href=\"https:\/\/vitablanca.ma\/ar\/product-2\/roge-cavailles-savon-surgras-extra-doux-lait-et-miel-250g\/\" \/>\n<meta property=\"og:locale\" content=\"ar_AR\" \/>\n<meta property=\"og:type\" content=\"article\" \/>\n<meta property=\"og:title\" content=\"Rog\u00e9 Cavaill\u00e8s Savon Surgras Extra Doux 250g - Maroc Prix\" \/>\n<meta property=\"og:description\" content=\"Rog\u00e9 Cavaill\u00e8s Savon Surgras Extra Doux Lait et Miel 250g nettoie, hydrate et nourrit les peaux sensibles tout en pr\u00e9servant leur film protecteur naturel.\" \/>\n<meta property=\"og:url\" content=\"https:\/\/vitablanca.ma\/ar\/product-2\/roge-cavailles-savon-surgras-extra-doux-lait-et-miel-250g\/\" \/>\n<meta property=\"og:site_name\" content=\"Vitablanca.ma &ndash; Sant&eacute;, vitalit&eacute; et bien-&ecirc;tre pour tous les Marocains\" \/>\n<meta property=\"article:publisher\" content=\"https:\/\/www.facebook.com\/profile.php?id=61576678196717\" \/>\n<meta property=\"article:modified_time\" content=\"2026-02-09T00:20:22+00:00\" \/>\n<meta property=\"og:image\" content=\"https:\/\/vitablanca.ma\/wp-content\/uploads\/2025\/06\/Roge-cavailles-Savon-Surgras-Extra-Doux-Lait-et-Miel-250g-nova-parapharmacie-maroc_f82655c0-4c30-429c-8f5e-5df8f7441f50.png\" \/>\n\t<meta property=\"og:image:width\" content=\"1000\" \/>\n\t<meta property=\"og:image:height\" content=\"1000\" \/>\n\t<meta property=\"og:image:type\" content=\"image\/png\" \/>\n<meta name=\"twitter:card\" content=\"summary_large_image\" \/>\n<meta name=\"twitter:label1\" content=\"\u0648\u0642\u062a \u0627\u0644\u0642\u0631\u0627\u0621\u0629 \u0627\u0644\u0645\u064f\u0642\u062f\u0651\u0631\" \/>\n\t<meta name=\"twitter:data1\" content=\"\u062f\u0642\u064a\u0642\u062a\u0627\u0646\" \/>\n<script type=\"application\/ld+json\" class=\"yoast-schema-graph\">{\"@context\":\"https:\\\/\\\/schema.org\",\"@graph\":[{\"@type\":[\"WebPage\",\"ItemPage\"],\"@id\":\"https:\\\/\\\/vitablanca.ma\\\/produit\\\/roge-cavailles-savon-surgras-extra-doux-lait-et-miel-250g\\\/\",\"url\":\"https:\\\/\\\/vitablanca.ma\\\/produit\\\/roge-cavailles-savon-surgras-extra-doux-lait-et-miel-250g\\\/\",\"name\":\"Rog\u00e9 Cavaill\u00e8s Savon Surgras Extra Doux 250g - Maroc Prix\",\"isPartOf\":{\"@id\":\"https:\\\/\\\/vitablanca.ma\\\/#website\"},\"primaryImageOfPage\":{\"@id\":\"https:\\\/\\\/vitablanca.ma\\\/produit\\\/roge-cavailles-savon-surgras-extra-doux-lait-et-miel-250g\\\/#primaryimage\"},\"image\":{\"@id\":\"https:\\\/\\\/vitablanca.ma\\\/produit\\\/roge-cavailles-savon-surgras-extra-doux-lait-et-miel-250g\\\/#primaryimage\"},\"thumbnailUrl\":\"https:\\\/\\\/vitablanca.ma\\\/wp-content\\\/uploads\\\/2025\\\/06\\\/Roge-cavailles-Savon-Surgras-Extra-Doux-Lait-et-Miel-250g-nova-parapharmacie-maroc_f82655c0-4c30-429c-8f5e-5df8f7441f50.png\",\"datePublished\":\"2025-06-11T21:28:59+00:00\",\"dateModified\":\"2026-02-09T00:20:22+00:00\",\"description\":\"Rog\u00e9 Cavaill\u00e8s Savon Surgras Extra Doux Lait et Miel 250g nettoie, hydrate et nourrit les peaux sensibles tout en pr\u00e9servant leur film protecteur naturel.\",\"breadcrumb\":{\"@id\":\"https:\\\/\\\/vitablanca.ma\\\/produit\\\/roge-cavailles-savon-surgras-extra-doux-lait-et-miel-250g\\\/#breadcrumb\"},\"inLanguage\":\"ar\",\"potentialAction\":[{\"@type\":\"ReadAction\",\"target\":[\"https:\\\/\\\/vitablanca.ma\\\/produit\\\/roge-cavailles-savon-surgras-extra-doux-lait-et-miel-250g\\\/\"]}]},{\"@type\":\"ImageObject\",\"inLanguage\":\"ar\",\"@id\":\"https:\\\/\\\/vitablanca.ma\\\/produit\\\/roge-cavailles-savon-surgras-extra-doux-lait-et-miel-250g\\\/#primaryimage\",\"url\":\"https:\\\/\\\/vitablanca.ma\\\/wp-content\\\/uploads\\\/2025\\\/06\\\/Roge-cavailles-Savon-Surgras-Extra-Doux-Lait-et-Miel-250g-nova-parapharmacie-maroc_f82655c0-4c30-429c-8f5e-5df8f7441f50.png\",\"contentUrl\":\"https:\\\/\\\/vitablanca.ma\\\/wp-content\\\/uploads\\\/2025\\\/06\\\/Roge-cavailles-Savon-Surgras-Extra-Doux-Lait-et-Miel-250g-nova-parapharmacie-maroc_f82655c0-4c30-429c-8f5e-5df8f7441f50.png\",\"width\":1000,\"height\":1000},{\"@type\":\"BreadcrumbList\",\"@id\":\"https:\\\/\\\/vitablanca.ma\\\/produit\\\/roge-cavailles-savon-surgras-extra-doux-lait-et-miel-250g\\\/#breadcrumb\",\"itemListElement\":[{\"@type\":\"ListItem\",\"position\":1,\"name\":\"Home\",\"item\":\"https:\\\/\\\/vitablanca.ma\\\/\"},{\"@type\":\"ListItem\",\"position\":2,\"name\":\"Tous Les Produits\",\"item\":\"https:\\\/\\\/vitablanca.ma\\\/tous-les-produits\\\/\"},{\"@type\":\"ListItem\",\"position\":3,\"name\":\"Rog\u00e9 Cavaill\u00e8s Savon Surgras Extra Doux Lait Et Miel 250g\"}]},{\"@type\":\"WebSite\",\"@id\":\"https:\\\/\\\/vitablanca.ma\\\/#website\",\"url\":\"https:\\\/\\\/vitablanca.ma\\\/\",\"name\":\"VitaBlanca.ma | Compl\u00e9ments alimentaires, sant\u00e9 & beaut\u00e9 au Maroc\",\"description\":\"vendre vitamines et compl\u00e9ments premium des USA &amp; Canada, Nouvelle Z\u00e9lande,Maroc (NOW Foods, Solgar, Manuka). Livraison rapide partout au Maroc.\",\"publisher\":{\"@id\":\"https:\\\/\\\/vitablanca.ma\\\/#organization\"},\"alternateName\":\"VitaBlanca.ma\",\"potentialAction\":[{\"@type\":\"SearchAction\",\"target\":{\"@type\":\"EntryPoint\",\"urlTemplate\":\"https:\\\/\\\/vitablanca.ma\\\/?s={search_term_string}\"},\"query-input\":{\"@type\":\"PropertyValueSpecification\",\"valueRequired\":true,\"valueName\":\"search_term_string\"}}],\"inLanguage\":\"ar\"},{\"@type\":\"Organization\",\"@id\":\"https:\\\/\\\/vitablanca.ma\\\/#organization\",\"name\":\"VitaBlanca\",\"url\":\"https:\\\/\\\/vitablanca.ma\\\/\",\"logo\":{\"@type\":\"ImageObject\",\"inLanguage\":\"ar\",\"@id\":\"https:\\\/\\\/vitablanca.ma\\\/#\\\/schema\\\/logo\\\/image\\\/\",\"url\":\"https:\\\/\\\/vitablanca.ma\\\/wp-content\\\/uploads\\\/2025\\\/05\\\/cropped-vitablanca.png\",\"contentUrl\":\"https:\\\/\\\/vitablanca.ma\\\/wp-content\\\/uploads\\\/2025\\\/05\\\/cropped-vitablanca.png\",\"width\":360,\"height\":67,\"caption\":\"VitaBlanca\"},\"image\":{\"@id\":\"https:\\\/\\\/vitablanca.ma\\\/#\\\/schema\\\/logo\\\/image\\\/\"},\"sameAs\":[\"https:\\\/\\\/www.facebook.com\\\/profile.php?id=61576678196717\",\"https:\\\/\\\/www.tiktok.com\\\/@vitablanca.ma\",\"https:\\\/\\\/www.instagram.com\\\/vitablanca.ma\\\/\"]}]}<\/script>\n<!-- \/ Yoast SEO plugin. -->","yoast_head_json":{"title":"Rog\u00e9 Cavaill\u00e8s Savon Surgras Extra Doux 250g - Maroc Prix","description":"Rog\u00e9 Cavaill\u00e8s Savon Surgras Extra Doux Lait et Miel 250g nettoie, hydrate et nourrit les peaux sensibles tout en pr\u00e9servant leur film protecteur naturel.","robots":{"index":"index","follow":"follow","max-snippet":"max-snippet:-1","max-image-preview":"max-image-preview:large","max-video-preview":"max-video-preview:-1"},"canonical":"https:\/\/vitablanca.ma\/ar\/product-2\/roge-cavailles-savon-surgras-extra-doux-lait-et-miel-250g\/","og_locale":"ar_AR","og_type":"article","og_title":"Rog\u00e9 Cavaill\u00e8s Savon Surgras Extra Doux 250g - Maroc Prix","og_description":"Rog\u00e9 Cavaill\u00e8s Savon Surgras Extra Doux Lait et Miel 250g nettoie, hydrate et nourrit les peaux sensibles tout en pr\u00e9servant leur film protecteur naturel.","og_url":"https:\/\/vitablanca.ma\/ar\/product-2\/roge-cavailles-savon-surgras-extra-doux-lait-et-miel-250g\/","og_site_name":"Vitablanca.ma &ndash; Sant&eacute;, vitalit&eacute; et bien-&ecirc;tre pour tous les Marocains","article_publisher":"https:\/\/www.facebook.com\/profile.php?id=61576678196717","article_modified_time":"2026-02-09T00:20:22+00:00","og_image":[{"width":1000,"height":1000,"url":"https:\/\/vitablanca.ma\/wp-content\/uploads\/2025\/06\/Roge-cavailles-Savon-Surgras-Extra-Doux-Lait-et-Miel-250g-nova-parapharmacie-maroc_f82655c0-4c30-429c-8f5e-5df8f7441f50.png","type":"image\/png"}],"twitter_card":"summary_large_image","twitter_misc":{"\u0648\u0642\u062a \u0627\u0644\u0642\u0631\u0627\u0621\u0629 \u0627\u0644\u0645\u064f\u0642\u062f\u0651\u0631":"\u062f\u0642\u064a\u0642\u062a\u0627\u0646"},"schema":{"@context":"https:\/\/schema.org","@graph":[{"@type":["WebPage","ItemPage"],"@id":"https:\/\/vitablanca.ma\/produit\/roge-cavailles-savon-surgras-extra-doux-lait-et-miel-250g\/","url":"https:\/\/vitablanca.ma\/produit\/roge-cavailles-savon-surgras-extra-doux-lait-et-miel-250g\/","name":"Rog\u00e9 Cavaill\u00e8s Savon Surgras Extra Doux 250g - Maroc Prix","isPartOf":{"@id":"https:\/\/vitablanca.ma\/#website"},"primaryImageOfPage":{"@id":"https:\/\/vitablanca.ma\/produit\/roge-cavailles-savon-surgras-extra-doux-lait-et-miel-250g\/#primaryimage"},"image":{"@id":"https:\/\/vitablanca.ma\/produit\/roge-cavailles-savon-surgras-extra-doux-lait-et-miel-250g\/#primaryimage"},"thumbnailUrl":"https:\/\/vitablanca.ma\/wp-content\/uploads\/2025\/06\/Roge-cavailles-Savon-Surgras-Extra-Doux-Lait-et-Miel-250g-nova-parapharmacie-maroc_f82655c0-4c30-429c-8f5e-5df8f7441f50.png","datePublished":"2025-06-11T21:28:59+00:00","dateModified":"2026-02-09T00:20:22+00:00","description":"Rog\u00e9 Cavaill\u00e8s Savon Surgras Extra Doux Lait et Miel 250g nettoie, hydrate et nourrit les peaux sensibles tout en pr\u00e9servant leur film protecteur naturel.","breadcrumb":{"@id":"https:\/\/vitablanca.ma\/produit\/roge-cavailles-savon-surgras-extra-doux-lait-et-miel-250g\/#breadcrumb"},"inLanguage":"ar","potentialAction":[{"@type":"ReadAction","target":["https:\/\/vitablanca.ma\/produit\/roge-cavailles-savon-surgras-extra-doux-lait-et-miel-250g\/"]}]},{"@type":"ImageObject","inLanguage":"ar","@id":"https:\/\/vitablanca.ma\/produit\/roge-cavailles-savon-surgras-extra-doux-lait-et-miel-250g\/#primaryimage","url":"https:\/\/vitablanca.ma\/wp-content\/uploads\/2025\/06\/Roge-cavailles-Savon-Surgras-Extra-Doux-Lait-et-Miel-250g-nova-parapharmacie-maroc_f82655c0-4c30-429c-8f5e-5df8f7441f50.png","contentUrl":"https:\/\/vitablanca.ma\/wp-content\/uploads\/2025\/06\/Roge-cavailles-Savon-Surgras-Extra-Doux-Lait-et-Miel-250g-nova-parapharmacie-maroc_f82655c0-4c30-429c-8f5e-5df8f7441f50.png","width":1000,"height":1000},{"@type":"BreadcrumbList","@id":"https:\/\/vitablanca.ma\/produit\/roge-cavailles-savon-surgras-extra-doux-lait-et-miel-250g\/#breadcrumb","itemListElement":[{"@type":"ListItem","position":1,"name":"Home","item":"https:\/\/vitablanca.ma\/"},{"@type":"ListItem","position":2,"name":"Tous Les Produits","item":"https:\/\/vitablanca.ma\/tous-les-produits\/"},{"@type":"ListItem","position":3,"name":"Rog\u00e9 Cavaill\u00e8s Savon Surgras Extra Doux Lait Et Miel 250g"}]},{"@type":"WebSite","@id":"https:\/\/vitablanca.ma\/#website","url":"https:\/\/vitablanca.ma\/","name":"VitaBlanca.ma | \u0627\u0644\u0645\u0643\u0645\u0644\u0627\u062a \u0627\u0644\u063a\u0630\u0627\u0626\u064a\u0629\u060c \u0627\u0644\u0635\u062d\u0629 \u0648\u0627\u0644\u062c\u0645\u0627\u0644 \u0641\u064a \u0627\u0644\u0645\u063a\u0631\u0628","description":"\u0646\u0628\u064a\u0639 \u0641\u064a\u062a\u0627\u0645\u064a\u0646\u0627\u062a \u0648\u0645\u0643\u0645\u0644\u0627\u062a \u063a\u0630\u0627\u0626\u064a\u0629 \u0641\u0627\u062e\u0631\u0629 \u0645\u0646 \u0627\u0644\u0648\u0644\u0627\u064a\u0627\u062a \u0627\u0644\u0645\u062a\u062d\u062f\u0629 \u0627\u0644\u0623\u0645\u0631\u064a\u0643\u064a\u0629 \u0648\u0643\u0646\u062f\u0627 \u0648\u0646\u064a\u0648\u0632\u064a\u0644\u0646\u062f\u0627 \u0648\u0627\u0644\u0645\u063a\u0631\u0628 (\u0646\u0627\u0648 \u0641\u0648\u062f\u0632\u060c \u0633\u0648\u0644\u062c\u0627\u0631\u060c \u0645\u0627\u0646\u0648\u0643\u0627). \u062a\u0648\u0635\u064a\u0644 \u0633\u0631\u064a\u0639 \u0625\u0644\u0649 \u062c\u0645\u064a\u0639 \u0623\u0646\u062d\u0627\u0621 \u0627\u0644\u0645\u063a\u0631\u0628.","publisher":{"@id":"https:\/\/vitablanca.ma\/#organization"},"alternateName":"VitaBlanca.ma","potentialAction":[{"@type":"SearchAction","target":{"@type":"EntryPoint","urlTemplate":"https:\/\/vitablanca.ma\/?s={search_term_string}"},"query-input":{"@type":"PropertyValueSpecification","valueRequired":true,"valueName":"search_term_string"}}],"inLanguage":"ar"},{"@type":"Organization","@id":"https:\/\/vitablanca.ma\/#organization","name":"\u0641\u064a\u062a\u0627\u0628\u0644\u0627\u0646\u0643\u0627","url":"https:\/\/vitablanca.ma\/","logo":{"@type":"ImageObject","inLanguage":"ar","@id":"https:\/\/vitablanca.ma\/#\/schema\/logo\/image\/","url":"https:\/\/vitablanca.ma\/wp-content\/uploads\/2025\/05\/cropped-vitablanca.png","contentUrl":"https:\/\/vitablanca.ma\/wp-content\/uploads\/2025\/05\/cropped-vitablanca.png","width":360,"height":67,"caption":"VitaBlanca"},"image":{"@id":"https:\/\/vitablanca.ma\/#\/schema\/logo\/image\/"},"sameAs":["https:\/\/www.facebook.com\/profile.php?id=61576678196717","https:\/\/www.tiktok.com\/@vitablanca.ma","https:\/\/www.instagram.com\/vitablanca.ma\/"]}]}},"jetpack_sharing_enabled":true,"_links":{"self":[{"href":"https:\/\/vitablanca.ma\/ar\/wp-json\/wp\/v2\/product\/21703","targetHints":{"allow":["GET"]}}],"collection":[{"href":"https:\/\/vitablanca.ma\/ar\/wp-json\/wp\/v2\/product"}],"about":[{"href":"https:\/\/vitablanca.ma\/ar\/wp-json\/wp\/v2\/types\/product"}],"wp:featuredmedia":[{"embeddable":true,"href":"https:\/\/vitablanca.ma\/ar\/wp-json\/wp\/v2\/media\/21700"}],"wp:attachment":[{"href":"https:\/\/vitablanca.ma\/ar\/wp-json\/wp\/v2\/media?parent=21703"}],"wp:term":[{"taxonomy":"product_brand","embeddable":true,"href":"https:\/\/vitablanca.ma\/ar\/wp-json\/wp\/v2\/product_brand?post=21703"},{"taxonomy":"product_cat","embeddable":true,"href":"https:\/\/vitablanca.ma\/ar\/wp-json\/wp\/v2\/product_cat?post=21703"},{"taxonomy":"product_tag","embeddable":true,"href":"https:\/\/vitablanca.ma\/ar\/wp-json\/wp\/v2\/product_tag?post=21703"}],"curies":[{"name":"wp","href":"https:\/\/api.w.org\/{rel}","templated":true}]}}