{"id":21683,"date":"2025-06-11T21:28:31","date_gmt":"2025-06-11T21:28:31","guid":{"rendered":"https:\/\/vitablanca.ma\/product\/roge-cavailles-huile-universelle-de-surgras-150ml\/"},"modified":"2026-02-09T00:56:17","modified_gmt":"2026-02-09T00:56:17","slug":"roge-cavailles-huile-universelle-de-surgras-150ml","status":"publish","type":"product","link":"https:\/\/vitablanca.ma\/ar\/product-2\/roge-cavailles-huile-universelle-de-surgras-150ml\/","title":{"rendered":"\u0632\u064a\u062a \u0631\u0648\u062c\u064a\u0647 \u0643\u0627\u0641\u064a\u0644\u0632 \u0627\u0644\u0639\u0627\u0644\u0645\u064a \u0641\u0627\u0626\u0642 \u0627\u0644\u062f\u0647\u0646 150 \u0645\u0644"},"content":{"rendered":"<h2>\u0632\u064a\u062a \u0631\u0648\u062c\u064a\u0647 \u0643\u0627\u0641\u0627\u064a\u0644 \u0627\u0644\u0639\u0627\u0644\u0645\u064a \u0641\u0627\u0626\u0642 \u0627\u0644\u062f\u0647\u0648\u0646<\/h2>\n<p>150 \u0645\u0644<\/p>\n<p>\u0632\u064a\u062a \u064a\u0648\u0646\u064a\u0641\u0631\u0633\u0627\u0644 \u0641\u0627\u0626\u0642 \u0627\u0644\u062f\u0633\u0645 \u0647\u0648 \u0627\u0644\u062d\u0644 \u0627\u0644\u0623\u0645\u062b\u0644 \u0644\u0644\u0639\u0646\u0627\u064a\u0629 \u0627\u0644\u064a\u0648\u0645\u064a\u0629 \u0628\u0627\u0644\u0628\u0634\u0631\u0629. \u064a\u062f\u0639\u0645 \u0639\u0645\u0644\u064a\u0629 \u0627\u0644\u062a\u062c\u062f\u064a\u062f \u0627\u0644\u0637\u0628\u064a\u0639\u064a \u0644\u0628\u0634\u0631\u0629 \u062c\u0645\u064a\u0639 \u0623\u0641\u0631\u0627\u062f \u0627\u0644\u0639\u0627\u0626\u0644\u0629. \u064a\u062a\u0645\u064a\u0632 \u0628\u0642\u0648\u0627\u0645 \u062d\u0631\u064a\u0631\u064a \u063a\u064a\u0631 \u062f\u0647\u0646\u064a\u060c \u0645\u064f\u0631\u0643\u0651\u0628 \u0645\u0646 98% \u0645\u0646 \u0645\u0643\u0648\u0646\u0627\u062a \u0637\u0628\u064a\u0639\u064a\u0629\u060c \u0648\u064a\u062d\u062a\u0648\u064a \u0639\u0644\u0649 \u0645\u064f\u0631\u0643\u0651\u0632 \u0641\u0627\u0626\u0642 \u0627\u0644\u062f\u0633\u0645 \u0641\u0631\u064a\u062f \u0645\u0646 \u0646\u0648\u0639\u0647:<br \/>\n- \u0632\u064a\u062a \u0627\u0644\u0644\u0648\u0632 \u0627\u0644\u062d\u0644\u0648 \u064a\u063a\u0630\u064a \u0627\u0644\u0628\u0634\u0631\u0629 \u0628\u0634\u0643\u0644 \u0645\u0643\u062b\u0641<br \/>\n- \u0632\u064a\u062a \u0641\u0648\u0644 \u0627\u0644\u0635\u0648\u064a\u0627\u060c \u0648\u0647\u0648 \u0645\u0631\u0637\u0628 \u0637\u0628\u064a\u0639\u064a \u0642\u0648\u064a\u060c \u064a\u0639\u0632\u0632 \u0627\u0644\u062a\u0631\u0637\u064a\u0628<br \/>\n- \u064a\u0633\u0627\u0639\u062f \u0632\u064a\u062a \u0628\u0630\u0648\u0631 \u0639\u0628\u0627\u062f \u0627\u0644\u0634\u0645\u0633 \u0639\u0644\u0649 \u0625\u0635\u0644\u0627\u062d \u0627\u0644\u0628\u0634\u0631\u0629 \u0627\u0644\u062a\u0627\u0644\u0641\u0629<br \/>\n- \u0632\u064a\u062a \u0627\u0644\u062c\u0632\u0631\u060c \u0648\u0647\u0648 \u0645\u0636\u0627\u062f \u0644\u0644\u0623\u0643\u0633\u062f\u0629\u060c \u064a\u062f\u0639\u0645 \u0627\u0644\u0628\u0634\u0631\u0629 \u0636\u062f \u0627\u0644\u0639\u0648\u0627\u0645\u0644 \u0627\u0644\u062e\u0627\u0631\u062c\u064a\u0629 \u0627\u0644\u0636\u0627\u0631\u0629.<\/p>\n<p>\u0644\u0627 \u064a\u0633\u062a\u063a\u0631\u0642 \u0627\u0644\u0623\u0645\u0631 \u0633\u0648\u0649 \u0628\u0636\u0639 \u062b\u0648\u0627\u0646\u064d \u0644\u062a\u0637\u0628\u064a\u0642\u0647 \u0639\u0644\u0649 \u062c\u0633\u0645\u0643 \u0623\u0648 \u0648\u062c\u0647\u0643 \u0648\u0627\u0633\u062a\u0639\u0627\u062f\u0629 \u062d\u064a\u0627\u062a\u0643 \u0644\u0628\u0634\u0631\u062a\u0643.<\/p>\n<p>*\u0645\u064f\u0635\u0645\u0645 \u0628\u0645\u0643\u0648\u0646\u0627\u062a \u0646\u0628\u0627\u062a\u064a\u0629 \u0641\u0642\u0637<\/p>\n<div class=\"accordion-header\">\n<h3 class=\"mb-0\">\u0647\u0644 \u0647\u0630\u0627 \u0627\u0644\u0645\u0646\u062a\u062c \u0645\u0646\u0627\u0633\u0628 \u0644\u0628\u0634\u0631\u062a\u0643:<\/h3>\n<\/div>\n<div class=\"accordion-body\">\n<div class=\"wysiwyg\">\n<p>\u0645\u062b\u0627\u0644\u064a \u0644\u0644\u0628\u0634\u0631\u0629 \u0627\u0644\u062c\u0627\u0641\u0629 \u0644\u062c\u0645\u064a\u0639 \u0623\u0641\u0631\u0627\u062f \u0627\u0644\u0623\u0633\u0631\u0629: \u0627\u0644\u0623\u0637\u0641\u0627\u0644 \u0648\u0627\u0644\u0628\u0627\u0644\u063a\u064a\u0646 \u0645\u0646 \u0639\u0645\u0631 \u0633\u0646\u0629 \u0648\u0627\u062d\u062f\u0629.<\/p>\n<div class=\"accordion-header\">\n<h3 class=\"mb-0\">\u0637\u0631\u064a\u0642\u0629 \u0627\u0644\u0627\u0633\u062a\u062e\u062f\u0627\u0645:<\/h3>\n<\/div>\n<div class=\"accordion-body\">\n<div class=\"wysiwyg\">\n<p>\u0636\u0639\u064a \u0646\u0642\u0637\u0629 \u0636\u063a\u0637 \u0648\u0627\u062d\u062f\u0629 \u0639\u0644\u0649 \u0643\u0644 \u0645\u0646\u0637\u0642\u0629 \u0639\u0644\u0649 \u0627\u0644\u0628\u0634\u0631\u0629 \u0627\u0644\u062c\u0627\u0641\u0629\u060c \u062b\u0645 \u062f\u0644\u0643\u064a\u0647\u0627 \u0644\u0628\u0636\u0639 \u062b\u0648\u0627\u0646\u064d \u062d\u062a\u0649 \u062a\u0645\u062a\u0635\u0647\u0627 \u0627\u0644\u0628\u0634\u0631\u0629. \u0644\u0644\u0648\u062c\u0647 \u0648\u0627\u0644\u062c\u0633\u0645. \u0646\u0635\u064a\u062d\u0629 \u062a\u062c\u0645\u064a\u0644\u064a\u0629: \u0623\u0636\u064a\u0641\u064a \u0628\u0636\u0639 \u0642\u0637\u0631\u0627\u062a \u0625\u0644\u0649 \u0645\u0646\u062a\u062c \u0627\u0644\u0639\u0646\u0627\u064a\u0629 \u0628\u0627\u0644\u0628\u0634\u0631\u0629 \u0627\u0644\u0645\u0639\u062a\u0627\u062f \u0644\u062f\u064a\u0643\u0650 \u0644\u062a\u0639\u0632\u064a\u0632 \u0641\u0639\u0627\u0644\u064a\u062a\u0647!<\/p>\n<div class=\"accordion-header\">\n<h3 class=\"mb-0\">\u0645\u0643\u0648\u0646\u0627\u062a \u0627\u0644\u0645\u0646\u062a\u062c:<\/h3>\n<\/div>\n<div class=\"accordion-body\">\n<div>\n<p>\u062b\u0644\u0627\u062b\u064a \u062c\u0644\u064a\u0633\u0631\u064a\u062f \u0627\u0644\u0643\u0627\u0628\u0631\u064a\u0644\u064a\u0643\/\u0627\u0644\u0643\u0627\u0628\u0631\u064a\u0643\u060c \u0632\u064a\u062a \u0627\u0644\u0644\u0648\u0632 \u0627\u0644\u062d\u0644\u0648\u060c \u0643\u0648\u0643\u0648\u062c\u0644\u064a\u0633\u0631\u064a\u062f\u060c \u0623\u0648\u0643\u062a\u064a\u0644 \u062f\u0648\u062f\u064a\u0643\u0627\u0646\u0648\u0644\u060c \u0643\u0648\u0643\u0648 \u0643\u0627\u0628\u0631\u064a\u0644\u0627\u062a\/\u0643\u0627\u0628\u0631\u0627\u062a\u060c \u0625\u064a\u062b\u064a\u0644 \u0633\u0644\u0648\u0644\u0648\u0632\u060c \u0639\u0637\u0631\u060c \u062a\u0648\u0643\u0648\u0641\u064a\u0631\u0648\u0644\u060c \u0632\u064a\u062a \u062c\u0644\u064a\u0633\u064a\u0646 \u0627\u0644\u0635\u0648\u064a\u0627\u060c \u0632\u064a\u062a \u0628\u0630\u0648\u0631 \u062f\u0648\u0627\u0631 \u0627\u0644\u0634\u0645\u0633\u060c \u0632\u064a\u062a \u0628\u0630\u0648\u0631 \u0627\u0644\u062c\u0632\u0631\u060c \u0645\u0633\u062a\u062e\u0644\u0635 \u062c\u0630\u0631 \u0627\u0644\u062c\u0632\u0631\u060c \u0628\u064a\u062a\u0627 \u0643\u0627\u0631\u0648\u062a\u064a\u0646\u060c \u0628\u0627\u0644\u0645\u064a\u062a\u0627\u062a \u0627\u0644\u0623\u0633\u0643\u0648\u0631\u0628\u064a\u0644<\/p>\n<p style=\"text-align: center;\">\u0627\u0643\u062a\u0634\u0641 RC Huile Universelle De Surgras\u060c \u0648\u0647\u0648 \u0645\u0646\u062a\u062c \u062a\u0645 \u0627\u062e\u062a\u064a\u0627\u0631\u0647 \u0628\u0639\u0646\u0627\u064a\u0629 \u0644\u062a\u0644\u0628\u064a\u0629 \u0627\u062d\u062a\u064a\u0627\u062c\u0627\u062a\u0643 \u0627\u0644\u0645\u062d\u062f\u062f\u0629\u060c \u0648\u0627\u0633\u062a\u0645\u062a\u0639 \u0628\u062a\u062c\u0631\u0628\u0629 \u062a\u0633\u0648\u0642 \u0627\u0633\u062a\u062b\u0646\u0627\u0626\u064a\u0629 \u0639\u0644\u0649 \u0645\u0648\u0642\u0639\u0646\u0627\u060c\u00a0<strong>Vita Blanca Parapharmacie Maroc<\/strong><\/p>\n<\/div>\n<\/div>\n<\/div>\n<\/div>\n<\/div>\n<\/div>","protected":false},"excerpt":{"rendered":"<p>Rog\u00e9 Cavaill\u00e8s Huile Universelle De Surgras 150ml L\u2019Huile universelle de surgras est l\u2019alli\u00e9e soin du quotidien. Elle aide au processus naturel de r\u00e9g\u00e9n\u00e9ration des peaux de toute la famille. Sa texture soyeuse au fini non gras est formul\u00e9e avec 98% d\u2019ingr\u00e9dients d\u2019origine naturelle et renferme un concentr\u00e9 de surgras unique : -l\u2019huile d\u2019amande douce nourrit [&hellip;]<\/p>\n","protected":false},"featured_media":21682,"template":"","meta":{"om_disable_all_campaigns":false},"product_brand":[],"product_cat":[15],"product_tag":[8845,8779,8844,8843,8846,6957,6302,6176,8573,6304,6230],"class_list":{"0":"post-21683","1":"product","2":"type-product","3":"status-publish","4":"has-post-thumbnail","6":"product_cat-beaute-sante-complements-alimentaires-soins-et-bien-etre-au-meilleur-prix","7":"product_tag-150ml","8":"product_tag-bain-et-douche","9":"product_tag-huile-nourrissante","10":"product_tag-huile-universelle-de-surgras","11":"product_tag-hydratant-peau-seche","12":"product_tag-parapharmacie","13":"product_tag-peau-douce","14":"product_tag-peau-sensible","15":"product_tag-roge-cavailles","16":"product_tag-soin-corps","17":"product_tag-soin-quotidien","19":"first","20":"instock","21":"sale","22":"taxable","23":"shipping-taxable","24":"purchasable","25":"product-type-simple"},"yoast_head":"<!-- This site is optimized with the Yoast SEO plugin v27.4 - https:\/\/yoast.com\/product\/yoast-seo-wordpress\/ -->\n<title>Rog\u00e9 Cavaill\u00e8s Huile Universelle De Surgras 150ml - Maroc Prix<\/title>\n<meta name=\"description\" content=\"Rog\u00e9 Cavaill\u00e8s Huile Universelle De Surgras 150ml nourrit et prot\u00e8ge les peaux sensibles et s\u00e8ches, laissant la peau douce, souple et confortable\" \/>\n<meta name=\"robots\" content=\"index, follow, max-snippet:-1, max-image-preview:large, max-video-preview:-1\" \/>\n<link rel=\"canonical\" href=\"https:\/\/vitablanca.ma\/ar\/product-2\/roge-cavailles-huile-universelle-de-surgras-150ml\/\" \/>\n<meta property=\"og:locale\" content=\"ar_AR\" \/>\n<meta property=\"og:type\" content=\"article\" \/>\n<meta property=\"og:title\" content=\"Rog\u00e9 Cavaill\u00e8s Huile Universelle De Surgras 150ml - Maroc Prix\" \/>\n<meta property=\"og:description\" content=\"Rog\u00e9 Cavaill\u00e8s Huile Universelle De Surgras 150ml nourrit et prot\u00e8ge les peaux sensibles et s\u00e8ches, laissant la peau douce, souple et confortable\" \/>\n<meta property=\"og:url\" content=\"https:\/\/vitablanca.ma\/ar\/product-2\/roge-cavailles-huile-universelle-de-surgras-150ml\/\" \/>\n<meta property=\"og:site_name\" content=\"Vitablanca.ma &ndash; Sant&eacute;, vitalit&eacute; et bien-&ecirc;tre pour tous les Marocains\" \/>\n<meta property=\"article:publisher\" content=\"https:\/\/www.facebook.com\/profile.php?id=61576678196717\" \/>\n<meta property=\"article:modified_time\" content=\"2026-02-09T00:56:17+00:00\" \/>\n<meta property=\"og:image\" content=\"https:\/\/vitablanca.ma\/wp-content\/uploads\/2025\/06\/Roge-Cavailles-Huile-Universelle-De-Surgras-150ml-prix-maroc-parapharmacie-casablanca.jpg\" \/>\n\t<meta property=\"og:image:width\" content=\"1000\" \/>\n\t<meta property=\"og:image:height\" content=\"1000\" \/>\n\t<meta property=\"og:image:type\" content=\"image\/jpeg\" \/>\n<meta name=\"twitter:card\" content=\"summary_large_image\" \/>\n<meta name=\"twitter:label1\" content=\"\u0648\u0642\u062a \u0627\u0644\u0642\u0631\u0627\u0621\u0629 \u0627\u0644\u0645\u064f\u0642\u062f\u0651\u0631\" \/>\n\t<meta name=\"twitter:data1\" content=\"\u062f\u0642\u064a\u0642\u062a\u0627\u0646\" \/>\n<script type=\"application\/ld+json\" class=\"yoast-schema-graph\">{\"@context\":\"https:\\\/\\\/schema.org\",\"@graph\":[{\"@type\":[\"WebPage\",\"ItemPage\"],\"@id\":\"https:\\\/\\\/vitablanca.ma\\\/produit\\\/roge-cavailles-huile-universelle-de-surgras-150ml\\\/\",\"url\":\"https:\\\/\\\/vitablanca.ma\\\/produit\\\/roge-cavailles-huile-universelle-de-surgras-150ml\\\/\",\"name\":\"Rog\u00e9 Cavaill\u00e8s Huile Universelle De Surgras 150ml - Maroc Prix\",\"isPartOf\":{\"@id\":\"https:\\\/\\\/vitablanca.ma\\\/#website\"},\"primaryImageOfPage\":{\"@id\":\"https:\\\/\\\/vitablanca.ma\\\/produit\\\/roge-cavailles-huile-universelle-de-surgras-150ml\\\/#primaryimage\"},\"image\":{\"@id\":\"https:\\\/\\\/vitablanca.ma\\\/produit\\\/roge-cavailles-huile-universelle-de-surgras-150ml\\\/#primaryimage\"},\"thumbnailUrl\":\"https:\\\/\\\/vitablanca.ma\\\/wp-content\\\/uploads\\\/2025\\\/06\\\/Roge-Cavailles-Huile-Universelle-De-Surgras-150ml-prix-maroc-parapharmacie-casablanca.jpg\",\"datePublished\":\"2025-06-11T21:28:31+00:00\",\"dateModified\":\"2026-02-09T00:56:17+00:00\",\"description\":\"Rog\u00e9 Cavaill\u00e8s Huile Universelle De Surgras 150ml nourrit et prot\u00e8ge les peaux sensibles et s\u00e8ches, laissant la peau douce, souple et confortable\",\"breadcrumb\":{\"@id\":\"https:\\\/\\\/vitablanca.ma\\\/produit\\\/roge-cavailles-huile-universelle-de-surgras-150ml\\\/#breadcrumb\"},\"inLanguage\":\"ar\",\"potentialAction\":[{\"@type\":\"ReadAction\",\"target\":[\"https:\\\/\\\/vitablanca.ma\\\/produit\\\/roge-cavailles-huile-universelle-de-surgras-150ml\\\/\"]}]},{\"@type\":\"ImageObject\",\"inLanguage\":\"ar\",\"@id\":\"https:\\\/\\\/vitablanca.ma\\\/produit\\\/roge-cavailles-huile-universelle-de-surgras-150ml\\\/#primaryimage\",\"url\":\"https:\\\/\\\/vitablanca.ma\\\/wp-content\\\/uploads\\\/2025\\\/06\\\/Roge-Cavailles-Huile-Universelle-De-Surgras-150ml-prix-maroc-parapharmacie-casablanca.jpg\",\"contentUrl\":\"https:\\\/\\\/vitablanca.ma\\\/wp-content\\\/uploads\\\/2025\\\/06\\\/Roge-Cavailles-Huile-Universelle-De-Surgras-150ml-prix-maroc-parapharmacie-casablanca.jpg\",\"width\":1000,\"height\":1000},{\"@type\":\"BreadcrumbList\",\"@id\":\"https:\\\/\\\/vitablanca.ma\\\/produit\\\/roge-cavailles-huile-universelle-de-surgras-150ml\\\/#breadcrumb\",\"itemListElement\":[{\"@type\":\"ListItem\",\"position\":1,\"name\":\"Home\",\"item\":\"https:\\\/\\\/vitablanca.ma\\\/\"},{\"@type\":\"ListItem\",\"position\":2,\"name\":\"Tous Les Produits\",\"item\":\"https:\\\/\\\/vitablanca.ma\\\/tous-les-produits\\\/\"},{\"@type\":\"ListItem\",\"position\":3,\"name\":\"Rog\u00e9 Cavaill\u00e8s Huile Universelle De Surgras 150ml\"}]},{\"@type\":\"WebSite\",\"@id\":\"https:\\\/\\\/vitablanca.ma\\\/#website\",\"url\":\"https:\\\/\\\/vitablanca.ma\\\/\",\"name\":\"VitaBlanca.ma | Compl\u00e9ments alimentaires, sant\u00e9 & beaut\u00e9 au Maroc\",\"description\":\"vendre vitamines et compl\u00e9ments premium des USA &amp; Canada, Nouvelle Z\u00e9lande,Maroc (NOW Foods, Solgar, Manuka). Livraison rapide partout au Maroc.\",\"publisher\":{\"@id\":\"https:\\\/\\\/vitablanca.ma\\\/#organization\"},\"alternateName\":\"VitaBlanca.ma\",\"potentialAction\":[{\"@type\":\"SearchAction\",\"target\":{\"@type\":\"EntryPoint\",\"urlTemplate\":\"https:\\\/\\\/vitablanca.ma\\\/?s={search_term_string}\"},\"query-input\":{\"@type\":\"PropertyValueSpecification\",\"valueRequired\":true,\"valueName\":\"search_term_string\"}}],\"inLanguage\":\"ar\"},{\"@type\":\"Organization\",\"@id\":\"https:\\\/\\\/vitablanca.ma\\\/#organization\",\"name\":\"VitaBlanca\",\"url\":\"https:\\\/\\\/vitablanca.ma\\\/\",\"logo\":{\"@type\":\"ImageObject\",\"inLanguage\":\"ar\",\"@id\":\"https:\\\/\\\/vitablanca.ma\\\/#\\\/schema\\\/logo\\\/image\\\/\",\"url\":\"https:\\\/\\\/vitablanca.ma\\\/wp-content\\\/uploads\\\/2025\\\/05\\\/cropped-vitablanca.png\",\"contentUrl\":\"https:\\\/\\\/vitablanca.ma\\\/wp-content\\\/uploads\\\/2025\\\/05\\\/cropped-vitablanca.png\",\"width\":360,\"height\":67,\"caption\":\"VitaBlanca\"},\"image\":{\"@id\":\"https:\\\/\\\/vitablanca.ma\\\/#\\\/schema\\\/logo\\\/image\\\/\"},\"sameAs\":[\"https:\\\/\\\/www.facebook.com\\\/profile.php?id=61576678196717\",\"https:\\\/\\\/www.tiktok.com\\\/@vitablanca.ma\",\"https:\\\/\\\/www.instagram.com\\\/vitablanca.ma\\\/\"]}]}<\/script>\n<!-- \/ Yoast SEO plugin. -->","yoast_head_json":{"title":"\u0632\u064a\u062a \u0631\u0648\u062c\u064a\u0647 \u0643\u0627\u0641\u0627\u064a\u0644\u064a\u0633 \u064a\u0648\u0646\u064a\u0641\u0631\u0633\u0627\u0644 \u0633\u0648\u0631\u062c\u0631\u0627\u0633 150 \u0645\u0644 - \u0633\u0639\u0631 \u0627\u0644\u0645\u063a\u0631\u0628","description":"Rog\u00e9 Cavaill\u00e8s Huile Universelle De Surgras 150ml nourrit et prot\u00e8ge les peaux sensibles et s\u00e8ches, laissant la peau douce, souple et confortable","robots":{"index":"index","follow":"follow","max-snippet":"max-snippet:-1","max-image-preview":"max-image-preview:large","max-video-preview":"max-video-preview:-1"},"canonical":"https:\/\/vitablanca.ma\/ar\/product-2\/roge-cavailles-huile-universelle-de-surgras-150ml\/","og_locale":"ar_AR","og_type":"article","og_title":"Rog\u00e9 Cavaill\u00e8s Huile Universelle De Surgras 150ml - Maroc Prix","og_description":"Rog\u00e9 Cavaill\u00e8s Huile Universelle De Surgras 150ml nourrit et prot\u00e8ge les peaux sensibles et s\u00e8ches, laissant la peau douce, souple et confortable","og_url":"https:\/\/vitablanca.ma\/ar\/product-2\/roge-cavailles-huile-universelle-de-surgras-150ml\/","og_site_name":"Vitablanca.ma &ndash; Sant&eacute;, vitalit&eacute; et bien-&ecirc;tre pour tous les Marocains","article_publisher":"https:\/\/www.facebook.com\/profile.php?id=61576678196717","article_modified_time":"2026-02-09T00:56:17+00:00","og_image":[{"width":1000,"height":1000,"url":"https:\/\/vitablanca.ma\/wp-content\/uploads\/2025\/06\/Roge-Cavailles-Huile-Universelle-De-Surgras-150ml-prix-maroc-parapharmacie-casablanca.jpg","type":"image\/jpeg"}],"twitter_card":"summary_large_image","twitter_misc":{"\u0648\u0642\u062a \u0627\u0644\u0642\u0631\u0627\u0621\u0629 \u0627\u0644\u0645\u064f\u0642\u062f\u0651\u0631":"\u062f\u0642\u064a\u0642\u062a\u0627\u0646"},"schema":{"@context":"https:\/\/schema.org","@graph":[{"@type":["WebPage","ItemPage"],"@id":"https:\/\/vitablanca.ma\/produit\/roge-cavailles-huile-universelle-de-surgras-150ml\/","url":"https:\/\/vitablanca.ma\/produit\/roge-cavailles-huile-universelle-de-surgras-150ml\/","name":"\u0632\u064a\u062a \u0631\u0648\u062c\u064a\u0647 \u0643\u0627\u0641\u0627\u064a\u0644\u064a\u0633 \u064a\u0648\u0646\u064a\u0641\u0631\u0633\u0627\u0644 \u0633\u0648\u0631\u062c\u0631\u0627\u0633 150 \u0645\u0644 - \u0633\u0639\u0631 \u0627\u0644\u0645\u063a\u0631\u0628","isPartOf":{"@id":"https:\/\/vitablanca.ma\/#website"},"primaryImageOfPage":{"@id":"https:\/\/vitablanca.ma\/produit\/roge-cavailles-huile-universelle-de-surgras-150ml\/#primaryimage"},"image":{"@id":"https:\/\/vitablanca.ma\/produit\/roge-cavailles-huile-universelle-de-surgras-150ml\/#primaryimage"},"thumbnailUrl":"https:\/\/vitablanca.ma\/wp-content\/uploads\/2025\/06\/Roge-Cavailles-Huile-Universelle-De-Surgras-150ml-prix-maroc-parapharmacie-casablanca.jpg","datePublished":"2025-06-11T21:28:31+00:00","dateModified":"2026-02-09T00:56:17+00:00","description":"Rog\u00e9 Cavaill\u00e8s Huile Universelle De Surgras 150ml nourrit et prot\u00e8ge les peaux sensibles et s\u00e8ches, laissant la peau douce, souple et confortable","breadcrumb":{"@id":"https:\/\/vitablanca.ma\/produit\/roge-cavailles-huile-universelle-de-surgras-150ml\/#breadcrumb"},"inLanguage":"ar","potentialAction":[{"@type":"ReadAction","target":["https:\/\/vitablanca.ma\/produit\/roge-cavailles-huile-universelle-de-surgras-150ml\/"]}]},{"@type":"ImageObject","inLanguage":"ar","@id":"https:\/\/vitablanca.ma\/produit\/roge-cavailles-huile-universelle-de-surgras-150ml\/#primaryimage","url":"https:\/\/vitablanca.ma\/wp-content\/uploads\/2025\/06\/Roge-Cavailles-Huile-Universelle-De-Surgras-150ml-prix-maroc-parapharmacie-casablanca.jpg","contentUrl":"https:\/\/vitablanca.ma\/wp-content\/uploads\/2025\/06\/Roge-Cavailles-Huile-Universelle-De-Surgras-150ml-prix-maroc-parapharmacie-casablanca.jpg","width":1000,"height":1000},{"@type":"BreadcrumbList","@id":"https:\/\/vitablanca.ma\/produit\/roge-cavailles-huile-universelle-de-surgras-150ml\/#breadcrumb","itemListElement":[{"@type":"ListItem","position":1,"name":"Home","item":"https:\/\/vitablanca.ma\/"},{"@type":"ListItem","position":2,"name":"Tous Les Produits","item":"https:\/\/vitablanca.ma\/tous-les-produits\/"},{"@type":"ListItem","position":3,"name":"Rog\u00e9 Cavaill\u00e8s Huile Universelle De Surgras 150ml"}]},{"@type":"WebSite","@id":"https:\/\/vitablanca.ma\/#website","url":"https:\/\/vitablanca.ma\/","name":"VitaBlanca.ma | \u0627\u0644\u0645\u0643\u0645\u0644\u0627\u062a \u0627\u0644\u063a\u0630\u0627\u0626\u064a\u0629\u060c \u0627\u0644\u0635\u062d\u0629 \u0648\u0627\u0644\u062c\u0645\u0627\u0644 \u0641\u064a \u0627\u0644\u0645\u063a\u0631\u0628","description":"\u0646\u0628\u064a\u0639 \u0641\u064a\u062a\u0627\u0645\u064a\u0646\u0627\u062a \u0648\u0645\u0643\u0645\u0644\u0627\u062a \u063a\u0630\u0627\u0626\u064a\u0629 \u0641\u0627\u062e\u0631\u0629 \u0645\u0646 \u0627\u0644\u0648\u0644\u0627\u064a\u0627\u062a \u0627\u0644\u0645\u062a\u062d\u062f\u0629 \u0627\u0644\u0623\u0645\u0631\u064a\u0643\u064a\u0629 \u0648\u0643\u0646\u062f\u0627 \u0648\u0646\u064a\u0648\u0632\u064a\u0644\u0646\u062f\u0627 \u0648\u0627\u0644\u0645\u063a\u0631\u0628 (\u0646\u0627\u0648 \u0641\u0648\u062f\u0632\u060c \u0633\u0648\u0644\u062c\u0627\u0631\u060c \u0645\u0627\u0646\u0648\u0643\u0627). \u062a\u0648\u0635\u064a\u0644 \u0633\u0631\u064a\u0639 \u0625\u0644\u0649 \u062c\u0645\u064a\u0639 \u0623\u0646\u062d\u0627\u0621 \u0627\u0644\u0645\u063a\u0631\u0628.","publisher":{"@id":"https:\/\/vitablanca.ma\/#organization"},"alternateName":"VitaBlanca.ma","potentialAction":[{"@type":"SearchAction","target":{"@type":"EntryPoint","urlTemplate":"https:\/\/vitablanca.ma\/?s={search_term_string}"},"query-input":{"@type":"PropertyValueSpecification","valueRequired":true,"valueName":"search_term_string"}}],"inLanguage":"ar"},{"@type":"Organization","@id":"https:\/\/vitablanca.ma\/#organization","name":"\u0641\u064a\u062a\u0627\u0628\u0644\u0627\u0646\u0643\u0627","url":"https:\/\/vitablanca.ma\/","logo":{"@type":"ImageObject","inLanguage":"ar","@id":"https:\/\/vitablanca.ma\/#\/schema\/logo\/image\/","url":"https:\/\/vitablanca.ma\/wp-content\/uploads\/2025\/05\/cropped-vitablanca.png","contentUrl":"https:\/\/vitablanca.ma\/wp-content\/uploads\/2025\/05\/cropped-vitablanca.png","width":360,"height":67,"caption":"VitaBlanca"},"image":{"@id":"https:\/\/vitablanca.ma\/#\/schema\/logo\/image\/"},"sameAs":["https:\/\/www.facebook.com\/profile.php?id=61576678196717","https:\/\/www.tiktok.com\/@vitablanca.ma","https:\/\/www.instagram.com\/vitablanca.ma\/"]}]}},"jetpack_sharing_enabled":true,"_links":{"self":[{"href":"https:\/\/vitablanca.ma\/ar\/wp-json\/wp\/v2\/product\/21683","targetHints":{"allow":["GET"]}}],"collection":[{"href":"https:\/\/vitablanca.ma\/ar\/wp-json\/wp\/v2\/product"}],"about":[{"href":"https:\/\/vitablanca.ma\/ar\/wp-json\/wp\/v2\/types\/product"}],"wp:featuredmedia":[{"embeddable":true,"href":"https:\/\/vitablanca.ma\/ar\/wp-json\/wp\/v2\/media\/21682"}],"wp:attachment":[{"href":"https:\/\/vitablanca.ma\/ar\/wp-json\/wp\/v2\/media?parent=21683"}],"wp:term":[{"taxonomy":"product_brand","embeddable":true,"href":"https:\/\/vitablanca.ma\/ar\/wp-json\/wp\/v2\/product_brand?post=21683"},{"taxonomy":"product_cat","embeddable":true,"href":"https:\/\/vitablanca.ma\/ar\/wp-json\/wp\/v2\/product_cat?post=21683"},{"taxonomy":"product_tag","embeddable":true,"href":"https:\/\/vitablanca.ma\/ar\/wp-json\/wp\/v2\/product_tag?post=21683"}],"curies":[{"name":"wp","href":"https:\/\/api.w.org\/{rel}","templated":true}]}}